{"id":13428,"date":"2025-04-03T14:52:23","date_gmt":"2025-04-03T14:52:23","guid":{"rendered":"https:\/\/giatsu.com\/?post_type=product&#038;p=13428"},"modified":"2025-09-19T12:15:40","modified_gmt":"2025-09-19T12:15:40","slug":"aquecedor-atmosferico-sua","status":"publish","type":"product","link":"https:\/\/giatsu.com\/pt\/agua-quente\/aquecedores-a-gas\/aquecedor-atmosferico-sua\/","title":{"rendered":"SEU AQUECEDOR ATMOSF\u00c9RICO"},"content":{"rendered":"<div class=\"wpb-content-wrapper\"><div class=\"container mb-1 moduloprincipalespictos\">\n<h2 class=\"text-center tituloprincipales\">Caracter\u00edsticas principales<\/h2>\n<div class=\"row row-cols-1 row-cols-md-2 row-cols-xl-3\">\n<div class=\"col-xs-6 col-md-3 order-last\">\n<div class=\"card\">\n                            <img decoding=\"async\" class=\"card-img-top w-100 d-block fit-cover pictoprincipalgrande\" src=\"https:\/\/giatsu.com\/wp-content\/uploads\/2023\/08\/slim-55326d.webp\" \/><\/p>\n<div class=\"card-body p-4\">\n<h3 class=\"font-weight-bold card-title\">Desenho fino<\/h3>\n<p class=\"card-text\">A altura do produto \u00e9 reduzida para se adaptar em instala\u00e7\u00f5es de espa\u00e7o reduzido.<\/p>\n<\/p><\/div><\/div><\/div>\n<div class=\"col-xs-6 col-md-3 order-last\">\n<div class=\"card\">\n                            <img decoding=\"async\" class=\"card-img-top w-100 d-block fit-cover pictoprincipalgrande\" src=\"https:\/\/giatsu.com\/wp-content\/uploads\/2023\/08\/led-9ce7c9.webp\" \/><\/p>\n<div class=\"card-body p-4\">\n<h3 class=\"font-weight-bold card-title\">Tela LED<\/h3>\n<p class=\"card-text\">Um grande visor LED informa sobre o funcionamento do sistema de ar condicionado.<\/p>\n<\/p><\/div><\/div><\/div>\n<div class=\"col-xs-6 col-md-3 order-last\">\n<div class=\"card\">\n                            <img decoding=\"async\" class=\"card-img-top w-100 d-block fit-cover pictoprincipalgrande\" src=\"https:\/\/giatsu.com\/wp-content\/uploads\/2023\/08\/clase-6-nox-ea2613.webp\" \/><\/p>\n<div class=\"card-body p-4\">\n<h3 class=\"font-weight-bold card-title\">Classe 6 NOx<\/h3>\n<p class=\"card-text\">As emiss\u00f5es de NOx deste aquecedor est\u00e3o abaixo de 56mg\/kWh.<\/p>\n<\/p><\/div><\/div><\/div>\n<div class=\"col-xs-6 col-md-3 order-last\">\n<div class=\"card\">\n                            <img decoding=\"async\" class=\"card-img-top w-100 d-block fit-cover pictoprincipalgrande\" src=\"https:\/\/giatsu.com\/wp-content\/uploads\/2023\/08\/sin-llama-piloto-c253ba.webp\" \/><\/p>\n<div class=\"card-body p-4\">\n<h3 class=\"font-weight-bold card-title\">Sem chama piloto<\/h3>\n<p class=\"card-text\">A chama s\u00f3 acende quando h\u00e1 demanda de \u00e1gua quente, obtendo um uso mais seguro e maior economia.<\/p>\n<\/p><\/div><\/div><\/div><\/div><\/div>\n<hr>\n<p>        [vc_row mobile_bg_img_hidden=&#8221;no&#8221; tablet_bg_img_hidden=&#8221;no&#8221; woodmart_parallax=&#8221;0&#8243; woodmart_gradient_switch=&#8221;no&#8221; row_reverse_mobile=&#8221;0&#8243; row_reverse_tablet=&#8221;0&#8243; woodmart_disable_overflow=&#8221;0&#8243; el_class=&#8221;filaImgCaracteristica&#8221;][vc_column mobile_bg_img_hidden=&#8221;no&#8221; tablet_bg_img_hidden=&#8221;no&#8221; woodmart_parallax=&#8221;0&#8243; woodmart_sticky_column=&#8221;false&#8221; parallax_scroll=&#8221;no&#8221; mobile_reset_margin=&#8221;no&#8221; tablet_reset_margin=&#8221;no&#8221;]<\/p>\n<div class=\"container mb-1\">\n<h3 class=\"text-center\">Informaci\u00f3n t\u00e9cnica<\/h3>\n<div class=\"row row-cols-1 row-cols-md-2 row-cols-xl-3 justify-content-md-center\">\n<div class=\"col-xs-1 col-md-1\">\n<div class=\"card\">\n                            <img decoding=\"async\" class=\"card-img-top w-100 d-block fit-cover pictoprincipalgrande\" src=\"https:\/\/giatsu.com\/wp-content\/uploads\/2023\/08\/intercambiador_de_cobre_libre_de_oxigeno-622e44.webp\" \/><\/p>\n<div class=\"card-body p-4\">\n<h4 class=\"card-text textospictospeques\">Trocador de cobre sem oxig\u00eanio<\/h4>\n<\/p><\/div><\/div><\/div>\n<div class=\"col-xs-1 col-md-1\">\n<div class=\"card\">\n                            <img decoding=\"async\" class=\"card-img-top w-100 d-block fit-cover pictoprincipalgrande\" src=\"https:\/\/giatsu.com\/wp-content\/uploads\/2023\/08\/gran_produccion_de_acs-1434de.webp\" \/><\/p>\n<div class=\"card-body p-4\">\n<h4 class=\"card-text textospictospeques\"><\/h4>\n<\/p><\/div><\/div><\/div>\n<div class=\"col-xs-1 col-md-1\">\n<div class=\"card\">\n                            <img decoding=\"async\" class=\"card-img-top w-100 d-block fit-cover pictoprincipalgrande\" src=\"https:\/\/giatsu.com\/wp-content\/uploads\/2023\/08\/sensor_de_gas_y_temperatura-e09d39.webp\" \/><\/p>\n<div class=\"card-body p-4\">\n<h4 class=\"card-text textospictospeques\">Sensor de g\u00e1s e temperatura<\/h4>\n<\/p><\/div><\/div><\/div><\/div><\/div>\n<div class=\"row justify-content-md-center\">\n<div class=\"vc_btn3-container vc_btn3-inline\" id=\"botonDescargarFicha\">\n                        <a target=\"_blank\" class=\"btn btn-light border rounded-4 botondescarga\" href=\"https:\/\/giatsu.com\/documentacion\/\/giatsu-fichas-tecnicas-calentadores-a-gas-sua-portugues.pdf\" title=\"\">Baixar planilha<\/a>\n                 <\/div><\/div>\n<div class=\"row\">\n<hr>\n<div class=\"col text-center\"><a target=\"_blank\" href=\"https:\/\/giatsu.com\/documentacion\/\/giatsu-manual-de-usuario-e-instalacion-calentadores-a-gas-sua-multiidioma.pdf\" class=\"btn btn-light border rounded-4 botonDescargaManual botondescarga\">Manual de usu\u00e1rio<\/a><\/div>\n<div class=\"col text-center\"><a target=\"_blank\" href=\"https:\/\/giatsu.com\/documentacion\/\/giatsu-manual-de-usuario-e-instalacion-calentadores-a-gas-sua-multiidioma.pdf\" class=\"btn btn-light border rounded-4 botonDescargaManual botondescarga\">Manual de instala\u00e7\u00e3o<\/a><\/div>\n<hr>\n<\/div>\n<div class=\"container mb-1 videoweb\">\n            <style>\n       .errordiv { padding:10px; margin:10px; border: 1px solid #555555;color: #000000;background-color: #f8f8f8; width:500px; }#iframe1 {visibility:visible;opacity:1;vertical-align:top;}.ai-info-bottom-iframe { position: fixed; z-index: 10000; bottom:0; left: 0; margin: 0px; text-align: center; width: 100%; background-color: #ff9999; padding-left: 5px;padding-bottom: 5px; border-top: 1px solid #aaa } a.ai-bold {font-weight: bold;}#ai-layer-div-iframe1 p {height:100%;margin:0;padding:0}<\/style><script type=\"text\/javascript\">var ai_iframe_width_iframe1 = 0;var ai_iframe_height_iframe1 = 0;function aiReceiveMessageiframe1(event) {  aiProcessMessage(event,\"iframe1\", \"true\",\"\",\"false\",\"false\");}if (window.addEventListener) {  window.addEventListener(\"message\", aiReceiveMessageiframe1);} else if (el.attachEvent)  {  el.attachEvent(\"message\", aiReceiveMessageiframe1);}var aiOnloadScrollTop=\"true\";var aiShowDebug=false;\n\t\tif (typeof aiReadyCallbacks === 'undefined') {\n\t\t\tvar aiReadyCallbacks = [];\n\t\t} else if (!(aiReadyCallbacks instanceof Array)) {\n\t\t\tvar aiReadyCallbacks = [];\n\t\t}    function aiShowIframeId(id_iframe) { jQuery(\"#\"+id_iframe).css(\"visibility\", \"visible\");    }    function aiResizeIframeHeight(height) { aiResizeIframeHeight(height,iframe1); }    function aiResizeIframeHeightId(height,width,id) {aiResizeIframeHeightById(id,height);}<\/script><iframe id=\"iframe1\"  name=\"iframe1\"  src=\"https:\/\/www.youtube.com\/embed\/rEYb5XCLKoU?rel=0&#038;controls=0&#038;showinfo=0&#038;modestbranding=1&#038;theme=light\"  width=\"100%\"  height=\"600\"  frameborder=\"0\"  border=\"0\"  allowtransparency=\"true\"  loading=\"lazy\"  style=\";border-width: 0px;;border: none;;width:100%;;height:600px;\" ><\/iframe><script type=\"text\/javascript\">var ifrm_iframe1 = document.getElementById(\"iframe1\");var hiddenTabsDoneiframe1 = false;\nfunction resizeCallbackiframe1() {}<\/script><script type=\"text\/javascript\"><\/script><p style=\"display:block !important; visibility:visible !important;margin: -18px 14px 0 0;padding-left: 3px;padding-top:3px;background: white; overflow: hidden; position: relative; line-height:15px;width: fit-content;\"><small style=\"display:block !important;visibility:visible !important\">powered by Advanced iFrame<\/small><\/p>\n           <\/div>\n<\/div>","protected":false},"excerpt":{"rendered":"<p class=\"MsoNormal\" style=\"margin-bottom: 15.0pt;text-align: justify;line-height: normal;background: white;vertical-align: baseline\"><span style=\"font-family: Roboto\">O Esquentador Atmosf&eacute;rico SUA &eacute; a escolha ideal para quem procura um abastecimento de &aacute;gua quente eficiente e fi&aacute;vel. <\/span><\/p>\n<p class=\"MsoNormal\" style=\"margin-bottom: 15.0pt;text-align: justify;line-height: normal;background: white;vertical-align: baseline\"><span style=\"font-family: Roboto\">Incorpora tecnologia Low NOx, o que se traduz num menor impacto ambiental.<\/span><\/p>\n<p class=\"MsoNormal\" style=\"margin-bottom: 15.0pt;text-align: justify;line-height: normal;background: white;vertical-align: baseline\"><span style=\"font-family: Roboto\">O seu design elegante e o permutador de calor em cobre isento de oxig&eacute;nio garantem um desempenho &oacute;timo e uma longa vida &uacute;til.<\/span><\/p>\n<p class=\"MsoNormal\" style=\"margin-bottom: 15.0pt;text-align: justify;line-height: normal;background: white;vertical-align: baseline\"><span style=\"font-family: Roboto\">Carater&iacute;sticas excepcionais:<\/span><\/p>\n<ul>\n<li class=\"MsoNormal\" style=\"text-align: justify;line-height: normal;background: white;vertical-align: baseline\"><span style=\"font-family: Roboto\"><strong>Efici&ecirc;ncia energ&eacute;tica excecional, com classifica&ccedil;&atilde;o A<\/strong>, que garante um menor consumo e uma poupan&ccedil;a em cada utiliza&ccedil;&atilde;o.<\/span><\/li>\n<li class=\"MsoNormal\" style=\"text-align: justify;line-height: normal;background: white;vertical-align: baseline\"><span style=\"font-family: Roboto\"><strong>Baixas emiss&otilde;es de NOx (Low NOx 6)<\/strong>, cumprindo as normas ecol&oacute;gicas mais exigentes.<\/span><\/li>\n<li class=\"MsoNormal\" style=\"text-align: justify;line-height: normal;background: white;vertical-align: baseline\"><span style=\"font-family: Roboto\">Alto rendimento em &aacute;gua quente sanit&aacute;ria (AQS), com um caudal <strong>de at&eacute; 11 litros por minuto<\/strong>.<\/span><\/li>\n<li class=\"MsoNormal\" style=\"text-align: justify;line-height: normal;background: white;vertical-align: baseline\"><span style=\"font-family: Roboto\">Sistema de <strong>igni&ccedil;&atilde;o eletr&oacute;nica sem chama piloto<\/strong>, que evita o consumo cont&iacute;nuo de g&aacute;s quando n&atilde;o est&aacute; a ser utilizado.<\/span><\/li>\n<li class=\"MsoNormal\" style=\"text-align: justify;line-height: normal;background: white;vertical-align: baseline\"><span style=\"font-family: Roboto\"><strong>Sensor de g&aacute;s<\/strong>: Inclui dois sensores de seguran&ccedil;a que desligam automaticamente o esquentador em caso de acumula&ccedil;&atilde;o de fumo ou de sobreaquecimento da &aacute;gua.<\/span><\/li>\n<li class=\"MsoNormal\" style=\"text-align: justify;line-height: normal;background: white;vertical-align: baseline\"><span style=\"font-family: Roboto\"><strong>Ecr&atilde; LED de f&aacute;cil leitura<\/strong>, que permite a visualiza&ccedil;&atilde;o exacta da temperatura.<\/span><\/li>\n<li class=\"MsoNormal\" style=\"text-align: justify;line-height: normal;background: white;vertical-align: baseline\"><strong><span style=\"font-family: Roboto\">Capacidades dispon&iacute;veis: 11L GPL e 11L GN.<\/span><\/strong><\/li>\n<\/ul>\n<p class=\"MsoNormal\" style=\"margin-bottom: 15.0pt;text-align: justify;line-height: normal;background: white;vertical-align: baseline\"><span style=\"font-family: Roboto\">A alimenta&ccedil;&atilde;o &eacute; de 3V DC (2 pilhas tipo D 1,5V R20P).<\/span><\/p>\n<p class=\"MsoNormal\" style=\"margin-bottom: 15.0pt;text-align: justify;line-height: normal;background: white;vertical-align: baseline\"><span style=\"font-family: Roboto\">Tipos de g&aacute;s: g&aacute;s natural GN. GPL g&aacute;s butano \/ propano<\/span><\/p>\n<div class='divPictosEnergia'>[vc_single_image image=&#8217;9138&#8242; alignment=&#8217;center&#8217; woodmart_inline=&#8217;no&#8217; parallax_scroll=&#8217;no&#8217; el_class=&#8217;imgEnergia&#8217; img_size=&#8217;72&#215;36&#8242;][vc_single_image image=&#8217;13412&#8242; alignment=&#8217;center&#8217; woodmart_inline=&#8217;no&#8217; parallax_scroll=&#8217;no&#8217; el_class=&#8217;imgEnergia&#8217; img_size=&#8217;72&#215;36&#8242;]<\/div>\n<div class='pictosvoz'><\/div>\n","protected":false},"featured_media":13402,"template":"","meta":{"_monsterinsights_skip_tracking":false,"_monsterinsights_sitenote_active":false,"_monsterinsights_sitenote_note":"","_monsterinsights_sitenote_category":0},"product_brand":[],"product_cat":[717,743],"product_tag":[],"class_list":{"0":"post-13428","1":"product","2":"type-product","3":"status-publish","4":"has-post-thumbnail","6":"product_cat-agua-quente","7":"product_cat-aquecedores-a-gas","9":"first","10":"instock","11":"shipping-taxable","12":"product-type-simple"},"yoast_head":"<!-- This site is optimized with the Yoast SEO plugin v27.4 - https:\/\/yoast.com\/product\/yoast-seo-wordpress\/ -->\n<title>Aquecedor a g\u00e1s SUA<\/title>\n<meta name=\"description\" content=\"Um aquecedor com elevada efici\u00eancia energ\u00e9tica, baixas emiss\u00f5es de NOx, igni\u00e7\u00e3o sem chama piloto e design compacto. Ideal para uma casa moderna, segura e amiga do ambiente.\" \/>\n<meta name=\"robots\" content=\"index, follow, max-snippet:-1, max-image-preview:large, max-video-preview:-1\" \/>\n<link rel=\"canonical\" href=\"https:\/\/giatsu.com\/pt\/agua-quente\/aquecedores-a-gas\/aquecedor-atmosferico-sua\/\" \/>\n<meta property=\"og:locale\" content=\"pt_PT\" \/>\n<meta property=\"og:type\" content=\"article\" \/>\n<meta property=\"og:title\" content=\"Aquecedor a g\u00e1s SUA\" \/>\n<meta property=\"og:description\" content=\"Um aquecedor com elevada efici\u00eancia energ\u00e9tica, baixas emiss\u00f5es de NOx, igni\u00e7\u00e3o sem chama piloto e design compacto. Ideal para uma casa moderna, segura e amiga do ambiente.\" \/>\n<meta property=\"og:url\" content=\"https:\/\/giatsu.com\/pt\/agua-quente\/aquecedores-a-gas\/aquecedor-atmosferico-sua\/\" \/>\n<meta property=\"og:site_name\" content=\"GIATSU\" \/>\n<meta property=\"article:modified_time\" content=\"2025-09-19T12:15:40+00:00\" \/>\n<meta property=\"og:image\" content=\"https:\/\/giatsu.com\/wp-content\/uploads\/2025\/04\/sua-93c07b.webp\" \/>\n\t<meta property=\"og:image:width\" content=\"500\" \/>\n\t<meta property=\"og:image:height\" content=\"500\" \/>\n\t<meta property=\"og:image:type\" content=\"image\/webp\" \/>\n<meta name=\"twitter:card\" content=\"summary_large_image\" \/>\n<meta name=\"twitter:label1\" content=\"Est. reading time\" \/>\n\t<meta name=\"twitter:data1\" content=\"1 minute\" \/>\n<script type=\"application\/ld+json\" class=\"yoast-schema-graph\">{\"@context\":\"https:\\\/\\\/schema.org\",\"@graph\":[{\"@type\":\"WebPage\",\"@id\":\"https:\\\/\\\/giatsu.com\\\/pt\\\/agua-quente\\\/aquecedores-a-gas\\\/aquecedor-atmosferico-sua\\\/\",\"url\":\"https:\\\/\\\/giatsu.com\\\/pt\\\/agua-quente\\\/aquecedores-a-gas\\\/aquecedor-atmosferico-sua\\\/\",\"name\":\"Aquecedor a g\u00e1s SUA\",\"isPartOf\":{\"@id\":\"https:\\\/\\\/giatsu.com\\\/es\\\/#website\"},\"primaryImageOfPage\":{\"@id\":\"https:\\\/\\\/giatsu.com\\\/pt\\\/agua-quente\\\/aquecedores-a-gas\\\/aquecedor-atmosferico-sua\\\/#primaryimage\"},\"image\":{\"@id\":\"https:\\\/\\\/giatsu.com\\\/pt\\\/agua-quente\\\/aquecedores-a-gas\\\/aquecedor-atmosferico-sua\\\/#primaryimage\"},\"thumbnailUrl\":\"https:\\\/\\\/giatsu.com\\\/wp-content\\\/uploads\\\/2025\\\/04\\\/sua-93c07b.webp\",\"datePublished\":\"2025-04-03T14:52:23+00:00\",\"dateModified\":\"2025-09-19T12:15:40+00:00\",\"description\":\"Um aquecedor com elevada efici\u00eancia energ\u00e9tica, baixas emiss\u00f5es de NOx, igni\u00e7\u00e3o sem chama piloto e design compacto. Ideal para uma casa moderna, segura e amiga do ambiente.\",\"breadcrumb\":{\"@id\":\"https:\\\/\\\/giatsu.com\\\/pt\\\/agua-quente\\\/aquecedores-a-gas\\\/aquecedor-atmosferico-sua\\\/#breadcrumb\"},\"inLanguage\":\"pt\",\"potentialAction\":[{\"@type\":\"ReadAction\",\"target\":[\"https:\\\/\\\/giatsu.com\\\/pt\\\/agua-quente\\\/aquecedores-a-gas\\\/aquecedor-atmosferico-sua\\\/\"]}]},{\"@type\":\"ImageObject\",\"inLanguage\":\"pt\",\"@id\":\"https:\\\/\\\/giatsu.com\\\/pt\\\/agua-quente\\\/aquecedores-a-gas\\\/aquecedor-atmosferico-sua\\\/#primaryimage\",\"url\":\"https:\\\/\\\/giatsu.com\\\/wp-content\\\/uploads\\\/2025\\\/04\\\/sua-93c07b.webp\",\"contentUrl\":\"https:\\\/\\\/giatsu.com\\\/wp-content\\\/uploads\\\/2025\\\/04\\\/sua-93c07b.webp\",\"width\":500,\"height\":500},{\"@type\":\"BreadcrumbList\",\"@id\":\"https:\\\/\\\/giatsu.com\\\/pt\\\/agua-quente\\\/aquecedores-a-gas\\\/aquecedor-atmosferico-sua\\\/#breadcrumb\",\"itemListElement\":[{\"@type\":\"ListItem\",\"position\":1,\"name\":\"Home\",\"item\":\"https:\\\/\\\/giatsu.com\\\/es\\\/\"},{\"@type\":\"ListItem\",\"position\":2,\"name\":\"PRODUCTOS\",\"item\":\"https:\\\/\\\/giatsu.com\\\/es\\\/productos\\\/\"},{\"@type\":\"ListItem\",\"position\":3,\"name\":\"SEU AQUECEDOR ATMOSF\u00c9RICO\"}]},{\"@type\":\"WebSite\",\"@id\":\"https:\\\/\\\/giatsu.com\\\/es\\\/#website\",\"url\":\"https:\\\/\\\/giatsu.com\\\/es\\\/\",\"name\":\"GIATSU\",\"description\":\"Quality Comfort Everywhere\",\"potentialAction\":[{\"@type\":\"SearchAction\",\"target\":{\"@type\":\"EntryPoint\",\"urlTemplate\":\"https:\\\/\\\/giatsu.com\\\/es\\\/?s={search_term_string}\"},\"query-input\":{\"@type\":\"PropertyValueSpecification\",\"valueRequired\":true,\"valueName\":\"search_term_string\"}}],\"inLanguage\":\"pt\"}]}<\/script>\n<!-- \/ Yoast SEO plugin. -->","yoast_head_json":{"title":"Aquecedor a g\u00e1s SUA","description":"Um aquecedor com elevada efici\u00eancia energ\u00e9tica, baixas emiss\u00f5es de NOx, igni\u00e7\u00e3o sem chama piloto e design compacto. Ideal para uma casa moderna, segura e amiga do ambiente.","robots":{"index":"index","follow":"follow","max-snippet":"max-snippet:-1","max-image-preview":"max-image-preview:large","max-video-preview":"max-video-preview:-1"},"canonical":"https:\/\/giatsu.com\/pt\/agua-quente\/aquecedores-a-gas\/aquecedor-atmosferico-sua\/","og_locale":"pt_PT","og_type":"article","og_title":"Aquecedor a g\u00e1s SUA","og_description":"Um aquecedor com elevada efici\u00eancia energ\u00e9tica, baixas emiss\u00f5es de NOx, igni\u00e7\u00e3o sem chama piloto e design compacto. Ideal para uma casa moderna, segura e amiga do ambiente.","og_url":"https:\/\/giatsu.com\/pt\/agua-quente\/aquecedores-a-gas\/aquecedor-atmosferico-sua\/","og_site_name":"GIATSU","article_modified_time":"2025-09-19T12:15:40+00:00","og_image":[{"width":500,"height":500,"url":"https:\/\/giatsu.com\/wp-content\/uploads\/2025\/04\/sua-93c07b.webp","type":"image\/webp"}],"twitter_card":"summary_large_image","twitter_misc":{"Est. reading time":"1 minute"},"schema":{"@context":"https:\/\/schema.org","@graph":[{"@type":"WebPage","@id":"https:\/\/giatsu.com\/pt\/agua-quente\/aquecedores-a-gas\/aquecedor-atmosferico-sua\/","url":"https:\/\/giatsu.com\/pt\/agua-quente\/aquecedores-a-gas\/aquecedor-atmosferico-sua\/","name":"Aquecedor a g\u00e1s SUA","isPartOf":{"@id":"https:\/\/giatsu.com\/es\/#website"},"primaryImageOfPage":{"@id":"https:\/\/giatsu.com\/pt\/agua-quente\/aquecedores-a-gas\/aquecedor-atmosferico-sua\/#primaryimage"},"image":{"@id":"https:\/\/giatsu.com\/pt\/agua-quente\/aquecedores-a-gas\/aquecedor-atmosferico-sua\/#primaryimage"},"thumbnailUrl":"https:\/\/giatsu.com\/wp-content\/uploads\/2025\/04\/sua-93c07b.webp","datePublished":"2025-04-03T14:52:23+00:00","dateModified":"2025-09-19T12:15:40+00:00","description":"Um aquecedor com elevada efici\u00eancia energ\u00e9tica, baixas emiss\u00f5es de NOx, igni\u00e7\u00e3o sem chama piloto e design compacto. Ideal para uma casa moderna, segura e amiga do ambiente.","breadcrumb":{"@id":"https:\/\/giatsu.com\/pt\/agua-quente\/aquecedores-a-gas\/aquecedor-atmosferico-sua\/#breadcrumb"},"inLanguage":"pt","potentialAction":[{"@type":"ReadAction","target":["https:\/\/giatsu.com\/pt\/agua-quente\/aquecedores-a-gas\/aquecedor-atmosferico-sua\/"]}]},{"@type":"ImageObject","inLanguage":"pt","@id":"https:\/\/giatsu.com\/pt\/agua-quente\/aquecedores-a-gas\/aquecedor-atmosferico-sua\/#primaryimage","url":"https:\/\/giatsu.com\/wp-content\/uploads\/2025\/04\/sua-93c07b.webp","contentUrl":"https:\/\/giatsu.com\/wp-content\/uploads\/2025\/04\/sua-93c07b.webp","width":500,"height":500},{"@type":"BreadcrumbList","@id":"https:\/\/giatsu.com\/pt\/agua-quente\/aquecedores-a-gas\/aquecedor-atmosferico-sua\/#breadcrumb","itemListElement":[{"@type":"ListItem","position":1,"name":"Home","item":"https:\/\/giatsu.com\/es\/"},{"@type":"ListItem","position":2,"name":"PRODUCTOS","item":"https:\/\/giatsu.com\/es\/productos\/"},{"@type":"ListItem","position":3,"name":"SEU AQUECEDOR ATMOSF\u00c9RICO"}]},{"@type":"WebSite","@id":"https:\/\/giatsu.com\/es\/#website","url":"https:\/\/giatsu.com\/es\/","name":"GIATSU","description":"Quality Comfort Everywhere","potentialAction":[{"@type":"SearchAction","target":{"@type":"EntryPoint","urlTemplate":"https:\/\/giatsu.com\/es\/?s={search_term_string}"},"query-input":{"@type":"PropertyValueSpecification","valueRequired":true,"valueName":"search_term_string"}}],"inLanguage":"pt"}]}},"_links":{"self":[{"href":"https:\/\/giatsu.com\/pt\/wp-json\/wp\/v2\/product\/13428","targetHints":{"allow":["GET"]}}],"collection":[{"href":"https:\/\/giatsu.com\/pt\/wp-json\/wp\/v2\/product"}],"about":[{"href":"https:\/\/giatsu.com\/pt\/wp-json\/wp\/v2\/types\/product"}],"wp:featuredmedia":[{"embeddable":true,"href":"https:\/\/giatsu.com\/pt\/wp-json\/wp\/v2\/media\/13402"}],"wp:attachment":[{"href":"https:\/\/giatsu.com\/pt\/wp-json\/wp\/v2\/media?parent=13428"}],"wp:term":[{"taxonomy":"product_brand","embeddable":true,"href":"https:\/\/giatsu.com\/pt\/wp-json\/wp\/v2\/product_brand?post=13428"},{"taxonomy":"product_cat","embeddable":true,"href":"https:\/\/giatsu.com\/pt\/wp-json\/wp\/v2\/product_cat?post=13428"},{"taxonomy":"product_tag","embeddable":true,"href":"https:\/\/giatsu.com\/pt\/wp-json\/wp\/v2\/product_tag?post=13428"}],"curies":[{"name":"wp","href":"https:\/\/api.w.org\/{rel}","templated":true}]}}