{"id":13296,"date":"2024-02-23T11:50:48","date_gmt":"2024-02-23T11:50:48","guid":{"rendered":"https:\/\/giatsu.com\/?post_type=product&#038;p=13296"},"modified":"2025-04-02T15:02:03","modified_gmt":"2025-04-02T15:02:03","slug":"conduta-admira-plus","status":"publish","type":"product","link":"https:\/\/giatsu.com\/pt\/comercial-2\/ducts\/conduta-admira-plus\/","title":{"rendered":"CONDUTA ADMIRA PLUS"},"content":{"rendered":"<div class=\"wpb-content-wrapper\"><div class=\"container mb-1 moduloprincipalespictos\">\n<h2 class=\"text-center tituloprincipales\">Caracter\u00edsticas principales<\/h2>\n<div class=\"row row-cols-1 row-cols-md-2 row-cols-xl-3\">\n<div class=\"col-xs-6 col-md-3 order-last\">\n<div class=\"card\">\n                            <img decoding=\"async\" class=\"card-img-top w-100 d-block fit-cover pictoprincipalgrande\" src=\"https:\/\/giatsu.com\/wp-content\/uploads\/2023\/08\/wifi-incluido-cb8169.webp\" \/><\/p>\n<div class=\"card-body p-4\">\n<h3 class=\"font-weight-bold card-title\">WiFi inclu\u00eddo<\/h3>\n<p class=\"card-text\">Atrav\u00e9s do aplicativo GIApp voc\u00ea pode controlar o equipamento a partir de um smartphone, tablet ou por voz com Alexa e Google Home.<\/p>\n<\/p><\/div><\/div><\/div>\n<div class=\"col-xs-6 col-md-3 order-last\">\n<div class=\"card\">\n                            <img decoding=\"async\" class=\"card-img-top w-100 d-block fit-cover pictoprincipalgrande\" src=\"https:\/\/giatsu.com\/wp-content\/uploads\/2023\/08\/altura-reducida-bca5bc.webp\" \/><\/p>\n<div class=\"card-body p-4\">\n<h3 class=\"font-weight-bold card-title\">Altura reduzida<\/h3>\n<p class=\"card-text\">A altura da unidade interna \u00c3\u00a9 especialmente baixa.<\/p>\n<\/p><\/div><\/div><\/div>\n<div class=\"col-xs-6 col-md-3 order-last\">\n<div class=\"card\">\n                            <img decoding=\"async\" class=\"card-img-top w-100 d-block fit-cover pictoprincipalgrande\" src=\"https:\/\/giatsu.com\/wp-content\/uploads\/2024\/05\/contacto-on-off-y-alarma-b0cd69.webp\" \/><\/p>\n<div class=\"card-body p-4\">\n<h3 class=\"font-weight-bold card-title\">Contato ON\/OFF e alarme<\/h3>\n<p class=\"card-text\">A unidade possui um contato ON\/OFF que oferece a possibilidade de partida\/parada remota.<\/p>\n<\/p><\/div><\/div><\/div>\n<div class=\"col-xs-6 col-md-3 order-last\">\n<div class=\"card\">\n                            <img decoding=\"async\" class=\"card-img-top w-100 d-block fit-cover pictoprincipalgrande\" src=\"https:\/\/giatsu.com\/wp-content\/uploads\/2025\/04\/flexibilidad-instalacion-a8b958.webp\" \/><\/p>\n<div class=\"card-body p-4\">\n<h3 class=\"font-weight-bold card-title\">Flexibilidade de instala\u00e7\u00e3o<\/h3>\n<p class=\"card-text\">Possui m\u00faltiplas possibilidades de instala\u00e7\u00e3o, seja na parede ou no teto.<\/p>\n<\/p><\/div><\/div><\/div><\/div><\/div>\n<hr>\n<p>        [vc_row mobile_bg_img_hidden=&#8221;no&#8221; tablet_bg_img_hidden=&#8221;no&#8221; woodmart_parallax=&#8221;0&#8243; woodmart_gradient_switch=&#8221;no&#8221; row_reverse_mobile=&#8221;0&#8243; row_reverse_tablet=&#8221;0&#8243; woodmart_disable_overflow=&#8221;0&#8243; el_class=&#8221;filaImgCaracteristica&#8221;][vc_column mobile_bg_img_hidden=&#8221;no&#8221; tablet_bg_img_hidden=&#8221;no&#8221; woodmart_parallax=&#8221;0&#8243; woodmart_sticky_column=&#8221;false&#8221; parallax_scroll=&#8221;no&#8221; mobile_reset_margin=&#8221;no&#8221; tablet_reset_margin=&#8221;no&#8221;]<\/p>\n<div class=\"container mb-1\">\n<h3 class=\"text-center\">Informaci\u00f3n t\u00e9cnica<\/h3>\n<div class=\"row row-cols-1 row-cols-md-2 row-cols-xl-3 justify-content-md-center\">\n<div class=\"col-xs-1 col-md-1\">\n<div class=\"card\">\n                            <img decoding=\"async\" class=\"card-img-top w-100 d-block fit-cover pictoprincipalgrande\" src=\"https:\/\/giatsu.com\/wp-content\/uploads\/2023\/08\/gran_longitud_de_instalacion-48be95.webp\" \/><\/p>\n<div class=\"card-body p-4\">\n<h4 class=\"card-text textospictospeques\">Grande comprimento de instala\u00e7\u00e3o<\/h4>\n<\/p><\/div><\/div><\/div>\n<div class=\"col-xs-1 col-md-1\">\n<div class=\"card\">\n                            <img decoding=\"async\" class=\"card-img-top w-100 d-block fit-cover pictoprincipalgrande\" src=\"https:\/\/giatsu.com\/wp-content\/uploads\/2023\/08\/doble_posicion_de_retorno-94956e.webp\" \/><\/p>\n<div class=\"card-body p-4\">\n<h4 class=\"card-text textospictospeques\">Posi\u00e7\u00e3o de retorno duplo<\/h4>\n<\/p><\/div><\/div><\/div>\n<div class=\"col-xs-1 col-md-1\">\n<div class=\"card\">\n                            <img decoding=\"async\" class=\"card-img-top w-100 d-block fit-cover pictoprincipalgrande\" src=\"https:\/\/giatsu.com\/wp-content\/uploads\/2023\/08\/control_cableado-c1d085.webp\" \/><\/p>\n<div class=\"card-body p-4\">\n<h4 class=\"card-text textospictospeques\">Monitoramento com fio<\/h4>\n<\/p><\/div><\/div><\/div>\n<div class=\"col-xs-1 col-md-1\">\n<div class=\"card\">\n                            <img decoding=\"async\" class=\"card-img-top w-100 d-block fit-cover pictoprincipalgrande\" src=\"https:\/\/giatsu.com\/wp-content\/uploads\/2023\/08\/bomba_de_condensados-426dd1.webp\" \/><\/p>\n<div class=\"card-body p-4\">\n<h4 class=\"card-text textospictospeques\">Bomba de condensado<\/h4>\n<\/p><\/div><\/div><\/div><\/div><\/div>\n<div class=\"row justify-content-md-center\">\n<div class=\"vc_btn3-container vc_btn3-inline\" id=\"botonDescargarFicha\">\n                        <a target=\"_blank\" class=\"btn btn-light border rounded-4 botondescarga\" href=\"https:\/\/giatsu.com\/documentacion\/\/giatsu-fichas-tecnicas-conductos-lcac-admira-plus-portugues.pdf\" title=\"\">Baixar planilha<\/a>\n                 <\/div><\/div>\n<div class=\"row\">\n<hr>\n<div class=\"col text-center\"><a target=\"_blank\" href=\"https:\/\/giatsu.com\/documentacion\/\/giatsu-manual-de-usuario-e-instalacion-conductos-lcac-admira-plus-multiidioma.pdf\" class=\"btn btn-light border rounded-4 botonDescargaManual botondescarga\">Manual de usu\u00e1rio<\/a><\/div>\n<div class=\"col text-center\"><a target=\"_blank\" href=\"https:\/\/giatsu.com\/documentacion\/\/giatsu-manual-de-usuario-e-instalacion-conductos-lcac-admira-plus-multiidioma.pdf\" class=\"btn btn-light border rounded-4 botonDescargaManual botondescarga\">Manual de instala\u00e7\u00e3o<\/a><\/div>\n<hr>\n<\/div>\n<\/div>","protected":false},"excerpt":{"rendered":"<p>O sistema <strong>de condutas Admira Plus<\/strong> oferece versatilidade e m&aacute;xima efici&ecirc;ncia.<\/p>\n<p><strong>Entre as suas carater&iacute;sticas podemos destacar:<\/strong><\/p>\n<ul>\n<li>Wifi inclu&iacute;do em toda a gama.<\/li>\n<li>Modo de instala&ccedil;&atilde;o horizontal\/vertical, em todos os modelos exceto 2,6kW e 3,5KW.<\/li>\n<li>Revestimento Golden Fin da serpentina.<\/li>\n<li>Turbo: o ar condicionado maximiza a pot&ecirc;ncia de arrefecimento e aquecimento.<\/li>\n<li>Modo silencioso: a unidade interior reduz a velocidade da ventoinha e desliga a luz do ecr&atilde;.<\/li>\n<li>Compat&iacute;vel com AirZone e Koolnova.<\/li>\n<li>Bomba de condensados inclu&iacute;da.<\/li>\n<\/ul>\n<p>Pot&ecirc;ncias dispon&iacute;veis: 2,6kW, 3,5kW, 5,2kW, 7,1kW<\/p>\n<div class='divPictosEnergia'>[vc_single_image image=&#8217;10410&#8242; alignment=&#8217;center&#8217; woodmart_inline=&#8217;no&#8217; parallax_scroll=&#8217;no&#8217; el_class=&#8217;imgEnergia&#8217; img_size=&#8217;72&#215;36&#8242;][vc_single_image image=&#8217;10510&#8242; alignment=&#8217;center&#8217; woodmart_inline=&#8217;no&#8217; parallax_scroll=&#8217;no&#8217; el_class=&#8217;imgEnergia&#8217; img_size=&#8217;72&#215;36&#8242;][vc_single_image image=&#8217;10405&#8242; alignment=&#8217;center&#8217; woodmart_inline=&#8217;no&#8217; parallax_scroll=&#8217;no&#8217; el_class=&#8217;imgEnergia&#8217; img_size=&#8217;72&#215;36&#8242;]<\/div>\n<div class='pictosvoz'>[vc_single_image image=&#8217;13599&#8242; alignment=&#8217;center&#8217; woodmart_inline=&#8217;no&#8217; parallax_scroll=&#8217;no&#8217; el_class=&#8217;imgEnergia&#8217; img_size=&#8217;65&#215;65&#8242;][vc_single_image image=&#8217;13604&#8242; alignment=&#8217;center&#8217; woodmart_inline=&#8217;no&#8217; parallax_scroll=&#8217;no&#8217; el_class=&#8217;imgEnergia&#8217; img_size=&#8217;65&#215;65&#8242;]<\/div>\n","protected":false},"featured_media":13303,"template":"","meta":{"_monsterinsights_skip_tracking":false,"_monsterinsights_sitenote_active":false,"_monsterinsights_sitenote_note":"","_monsterinsights_sitenote_category":0},"product_brand":[],"product_cat":[762],"product_tag":[],"class_list":{"0":"post-13296","1":"product","2":"type-product","3":"status-publish","4":"has-post-thumbnail","6":"product_cat-ducts","8":"first","9":"instock","10":"shipping-taxable","11":"product-type-simple"},"yoast_head":"<!-- This site is optimized with the Yoast SEO plugin v27.4 - https:\/\/yoast.com\/product\/yoast-seo-wordpress\/ -->\n<title>A nova conduta Admira Plus oferece-lhe versatilidade e m\u00e1xima efici\u00eancia.<\/title>\n<meta name=\"description\" content=\"Modo de instala\u00e7\u00e3o horizontal\/vertical, em todos os modelos exceto 2,6kW e 3,5KW.\" \/>\n<meta name=\"robots\" content=\"index, follow, max-snippet:-1, max-image-preview:large, max-video-preview:-1\" \/>\n<link rel=\"canonical\" href=\"https:\/\/giatsu.com\/pt\/comercial-2\/ducts\/conduta-admira-plus\/\" \/>\n<meta property=\"og:locale\" content=\"pt_PT\" \/>\n<meta property=\"og:type\" content=\"article\" \/>\n<meta property=\"og:title\" content=\"A nova conduta Admira Plus oferece-lhe versatilidade e m\u00e1xima efici\u00eancia.\" \/>\n<meta property=\"og:description\" content=\"Modo de instala\u00e7\u00e3o horizontal\/vertical, em todos os modelos exceto 2,6kW e 3,5KW.\" \/>\n<meta property=\"og:url\" content=\"https:\/\/giatsu.com\/pt\/comercial-2\/ducts\/conduta-admira-plus\/\" \/>\n<meta property=\"og:site_name\" content=\"GIATSU\" \/>\n<meta property=\"article:modified_time\" content=\"2025-04-02T15:02:03+00:00\" \/>\n<meta property=\"og:image\" content=\"https:\/\/giatsu.com\/wp-content\/uploads\/2024\/04\/conducto-admira-plus-51c627.webp\" \/>\n\t<meta property=\"og:image:width\" content=\"500\" \/>\n\t<meta property=\"og:image:height\" content=\"500\" \/>\n\t<meta property=\"og:image:type\" content=\"image\/webp\" \/>\n<meta name=\"twitter:card\" content=\"summary_large_image\" \/>\n<meta name=\"twitter:label1\" content=\"Est. reading time\" \/>\n\t<meta name=\"twitter:data1\" content=\"1 minute\" \/>\n<script type=\"application\/ld+json\" class=\"yoast-schema-graph\">{\"@context\":\"https:\\\/\\\/schema.org\",\"@graph\":[{\"@type\":\"WebPage\",\"@id\":\"https:\\\/\\\/giatsu.com\\\/pt\\\/comercial-2\\\/ducts\\\/conduta-admira-plus\\\/\",\"url\":\"https:\\\/\\\/giatsu.com\\\/pt\\\/comercial-2\\\/ducts\\\/conduta-admira-plus\\\/\",\"name\":\"A nova conduta Admira Plus oferece-lhe versatilidade e m\u00e1xima efici\u00eancia.\",\"isPartOf\":{\"@id\":\"https:\\\/\\\/giatsu.com\\\/es\\\/#website\"},\"primaryImageOfPage\":{\"@id\":\"https:\\\/\\\/giatsu.com\\\/pt\\\/comercial-2\\\/ducts\\\/conduta-admira-plus\\\/#primaryimage\"},\"image\":{\"@id\":\"https:\\\/\\\/giatsu.com\\\/pt\\\/comercial-2\\\/ducts\\\/conduta-admira-plus\\\/#primaryimage\"},\"thumbnailUrl\":\"https:\\\/\\\/giatsu.com\\\/wp-content\\\/uploads\\\/2024\\\/04\\\/conducto-admira-plus-51c627.webp\",\"datePublished\":\"2024-02-23T11:50:48+00:00\",\"dateModified\":\"2025-04-02T15:02:03+00:00\",\"description\":\"Modo de instala\u00e7\u00e3o horizontal\\\/vertical, em todos os modelos exceto 2,6kW e 3,5KW.\",\"breadcrumb\":{\"@id\":\"https:\\\/\\\/giatsu.com\\\/pt\\\/comercial-2\\\/ducts\\\/conduta-admira-plus\\\/#breadcrumb\"},\"inLanguage\":\"pt\",\"potentialAction\":[{\"@type\":\"ReadAction\",\"target\":[\"https:\\\/\\\/giatsu.com\\\/pt\\\/comercial-2\\\/ducts\\\/conduta-admira-plus\\\/\"]}]},{\"@type\":\"ImageObject\",\"inLanguage\":\"pt\",\"@id\":\"https:\\\/\\\/giatsu.com\\\/pt\\\/comercial-2\\\/ducts\\\/conduta-admira-plus\\\/#primaryimage\",\"url\":\"https:\\\/\\\/giatsu.com\\\/wp-content\\\/uploads\\\/2024\\\/04\\\/conducto-admira-plus-51c627.webp\",\"contentUrl\":\"https:\\\/\\\/giatsu.com\\\/wp-content\\\/uploads\\\/2024\\\/04\\\/conducto-admira-plus-51c627.webp\",\"width\":500,\"height\":500},{\"@type\":\"BreadcrumbList\",\"@id\":\"https:\\\/\\\/giatsu.com\\\/pt\\\/comercial-2\\\/ducts\\\/conduta-admira-plus\\\/#breadcrumb\",\"itemListElement\":[{\"@type\":\"ListItem\",\"position\":1,\"name\":\"Home\",\"item\":\"https:\\\/\\\/giatsu.com\\\/es\\\/\"},{\"@type\":\"ListItem\",\"position\":2,\"name\":\"PRODUCTOS\",\"item\":\"https:\\\/\\\/giatsu.com\\\/es\\\/productos\\\/\"},{\"@type\":\"ListItem\",\"position\":3,\"name\":\"CONDUTA ADMIRA PLUS\"}]},{\"@type\":\"WebSite\",\"@id\":\"https:\\\/\\\/giatsu.com\\\/es\\\/#website\",\"url\":\"https:\\\/\\\/giatsu.com\\\/es\\\/\",\"name\":\"GIATSU\",\"description\":\"Quality Comfort Everywhere\",\"potentialAction\":[{\"@type\":\"SearchAction\",\"target\":{\"@type\":\"EntryPoint\",\"urlTemplate\":\"https:\\\/\\\/giatsu.com\\\/es\\\/?s={search_term_string}\"},\"query-input\":{\"@type\":\"PropertyValueSpecification\",\"valueRequired\":true,\"valueName\":\"search_term_string\"}}],\"inLanguage\":\"pt\"}]}<\/script>\n<!-- \/ Yoast SEO plugin. -->","yoast_head_json":{"title":"A nova conduta Admira Plus oferece-lhe versatilidade e m\u00e1xima efici\u00eancia.","description":"Modo de instala\u00e7\u00e3o horizontal\/vertical, em todos os modelos exceto 2,6kW e 3,5KW.","robots":{"index":"index","follow":"follow","max-snippet":"max-snippet:-1","max-image-preview":"max-image-preview:large","max-video-preview":"max-video-preview:-1"},"canonical":"https:\/\/giatsu.com\/pt\/comercial-2\/ducts\/conduta-admira-plus\/","og_locale":"pt_PT","og_type":"article","og_title":"A nova conduta Admira Plus oferece-lhe versatilidade e m\u00e1xima efici\u00eancia.","og_description":"Modo de instala\u00e7\u00e3o horizontal\/vertical, em todos os modelos exceto 2,6kW e 3,5KW.","og_url":"https:\/\/giatsu.com\/pt\/comercial-2\/ducts\/conduta-admira-plus\/","og_site_name":"GIATSU","article_modified_time":"2025-04-02T15:02:03+00:00","og_image":[{"width":500,"height":500,"url":"https:\/\/giatsu.com\/wp-content\/uploads\/2024\/04\/conducto-admira-plus-51c627.webp","type":"image\/webp"}],"twitter_card":"summary_large_image","twitter_misc":{"Est. reading time":"1 minute"},"schema":{"@context":"https:\/\/schema.org","@graph":[{"@type":"WebPage","@id":"https:\/\/giatsu.com\/pt\/comercial-2\/ducts\/conduta-admira-plus\/","url":"https:\/\/giatsu.com\/pt\/comercial-2\/ducts\/conduta-admira-plus\/","name":"A nova conduta Admira Plus oferece-lhe versatilidade e m\u00e1xima efici\u00eancia.","isPartOf":{"@id":"https:\/\/giatsu.com\/es\/#website"},"primaryImageOfPage":{"@id":"https:\/\/giatsu.com\/pt\/comercial-2\/ducts\/conduta-admira-plus\/#primaryimage"},"image":{"@id":"https:\/\/giatsu.com\/pt\/comercial-2\/ducts\/conduta-admira-plus\/#primaryimage"},"thumbnailUrl":"https:\/\/giatsu.com\/wp-content\/uploads\/2024\/04\/conducto-admira-plus-51c627.webp","datePublished":"2024-02-23T11:50:48+00:00","dateModified":"2025-04-02T15:02:03+00:00","description":"Modo de instala\u00e7\u00e3o horizontal\/vertical, em todos os modelos exceto 2,6kW e 3,5KW.","breadcrumb":{"@id":"https:\/\/giatsu.com\/pt\/comercial-2\/ducts\/conduta-admira-plus\/#breadcrumb"},"inLanguage":"pt","potentialAction":[{"@type":"ReadAction","target":["https:\/\/giatsu.com\/pt\/comercial-2\/ducts\/conduta-admira-plus\/"]}]},{"@type":"ImageObject","inLanguage":"pt","@id":"https:\/\/giatsu.com\/pt\/comercial-2\/ducts\/conduta-admira-plus\/#primaryimage","url":"https:\/\/giatsu.com\/wp-content\/uploads\/2024\/04\/conducto-admira-plus-51c627.webp","contentUrl":"https:\/\/giatsu.com\/wp-content\/uploads\/2024\/04\/conducto-admira-plus-51c627.webp","width":500,"height":500},{"@type":"BreadcrumbList","@id":"https:\/\/giatsu.com\/pt\/comercial-2\/ducts\/conduta-admira-plus\/#breadcrumb","itemListElement":[{"@type":"ListItem","position":1,"name":"Home","item":"https:\/\/giatsu.com\/es\/"},{"@type":"ListItem","position":2,"name":"PRODUCTOS","item":"https:\/\/giatsu.com\/es\/productos\/"},{"@type":"ListItem","position":3,"name":"CONDUTA ADMIRA PLUS"}]},{"@type":"WebSite","@id":"https:\/\/giatsu.com\/es\/#website","url":"https:\/\/giatsu.com\/es\/","name":"GIATSU","description":"Quality Comfort Everywhere","potentialAction":[{"@type":"SearchAction","target":{"@type":"EntryPoint","urlTemplate":"https:\/\/giatsu.com\/es\/?s={search_term_string}"},"query-input":{"@type":"PropertyValueSpecification","valueRequired":true,"valueName":"search_term_string"}}],"inLanguage":"pt"}]}},"_links":{"self":[{"href":"https:\/\/giatsu.com\/pt\/wp-json\/wp\/v2\/product\/13296","targetHints":{"allow":["GET"]}}],"collection":[{"href":"https:\/\/giatsu.com\/pt\/wp-json\/wp\/v2\/product"}],"about":[{"href":"https:\/\/giatsu.com\/pt\/wp-json\/wp\/v2\/types\/product"}],"wp:featuredmedia":[{"embeddable":true,"href":"https:\/\/giatsu.com\/pt\/wp-json\/wp\/v2\/media\/13303"}],"wp:attachment":[{"href":"https:\/\/giatsu.com\/pt\/wp-json\/wp\/v2\/media?parent=13296"}],"wp:term":[{"taxonomy":"product_brand","embeddable":true,"href":"https:\/\/giatsu.com\/pt\/wp-json\/wp\/v2\/product_brand?post=13296"},{"taxonomy":"product_cat","embeddable":true,"href":"https:\/\/giatsu.com\/pt\/wp-json\/wp\/v2\/product_cat?post=13296"},{"taxonomy":"product_tag","embeddable":true,"href":"https:\/\/giatsu.com\/pt\/wp-json\/wp\/v2\/product_tag?post=13296"}],"curies":[{"name":"wp","href":"https:\/\/api.w.org\/{rel}","templated":true}]}}