{"id":13286,"date":"2023-11-06T08:31:50","date_gmt":"2023-11-06T08:31:50","guid":{"rendered":"https:\/\/giatsu.com\/?post_type=product&#038;p=13286"},"modified":"2025-04-10T11:44:10","modified_gmt":"2025-04-10T11:44:10","slug":"aroma-2e-multisplit","status":"publish","type":"product","link":"https:\/\/giatsu.com\/pt\/splits-2\/multisplit-splits-2\/aroma-2e-multisplit\/","title":{"rendered":"AROMA 2E MULTISPLIT"},"content":{"rendered":"<div class=\"wpb-content-wrapper\"><div class=\"container mb-1 moduloprincipalespictos\">\n<h2 class=\"text-center tituloprincipales\">Caracter\u00edsticas principales<\/h2>\n<div class=\"row row-cols-1 row-cols-md-2 row-cols-xl-3\">\n<div class=\"col-xs-6 col-md-3 order-last\">\n<div class=\"card\">\n                            <img decoding=\"async\" class=\"card-img-top w-100 d-block fit-cover pictoprincipalgrande\" src=\"https:\/\/giatsu.com\/wp-content\/uploads\/2023\/06\/versatilidad-2d1bce.webp\" \/><\/p>\n<div class=\"card-body p-4\">\n<h3 class=\"font-weight-bold card-title\">Versatilidade<\/h3>\n<p class=\"card-text\">Suporta grandes dist\u00e2ncias de instala\u00e7\u00e3o: 50 m de dist\u00e2ncia e 25 m de desn\u00edvel (para o modelo de 7,1 kW).<\/p>\n<\/p><\/div><\/div><\/div>\n<div class=\"col-xs-6 col-md-3 order-last\">\n<div class=\"card\">\n                            <img decoding=\"async\" class=\"card-img-top w-100 d-block fit-cover pictoprincipalgrande\" src=\"https:\/\/giatsu.com\/wp-content\/uploads\/2024\/05\/eficiente-985b20.webp\" \/><\/p>\n<div class=\"card-body p-4\">\n<h3 class=\"font-weight-bold card-title\">Eficiente<\/h3>\n<p class=\"card-text\">Classifica\u00e7\u00e3o energ\u00e9tica A+++ para arrefecimento e A++ <\/p>\n<\/p><\/div><\/div><\/div>\n<div class=\"col-xs-6 col-md-3 order-last\">\n<div class=\"card\">\n                            <img decoding=\"async\" class=\"card-img-top w-100 d-block fit-cover pictoprincipalgrande\" src=\"https:\/\/giatsu.com\/wp-content\/uploads\/2024\/02\/aire_limpio-71cc8b.webp\" \/><\/p>\n<div class=\"card-body p-4\">\n<h3 class=\"font-weight-bold card-title\">Ar limpo<\/h3>\n<p class=\"card-text\">Inclui os filtros Catalisador a Frio, \u00cdon de Prata e Carv\u00e3o Activado para eliminar maus odores e part\u00edculas.<\/p>\n<\/p><\/div><\/div><\/div>\n<div class=\"col-xs-6 col-md-3 order-last\">\n<div class=\"card\">\n                            <img decoding=\"async\" class=\"card-img-top w-100 d-block fit-cover pictoprincipalgrande\" src=\"https:\/\/giatsu.com\/wp-content\/uploads\/2023\/08\/conecta_plus_grande-25cb98.webp\" \/><\/p>\n<div class=\"card-body p-4\">\n<h3 class=\"font-weight-bold card-title\">Conecta+ opcional<\/h3>\n<p class=\"card-text\">Placa especial para a comuta\u00e7\u00e3o autom\u00e1tica do ar condicionado em cart\u00f5es de hotel, apartamentos tur\u00edsticos ou sensores de janela.<\/p>\n<\/p><\/div><\/div><\/div>\n<div class=\"col-xs-6 col-md-3 order-last\">\n<div class=\"card\">\n                            <img decoding=\"async\" class=\"card-img-top w-100 d-block fit-cover pictoprincipalgrande\" src=\"https:\/\/giatsu.com\/wp-content\/uploads\/2023\/08\/wifi-incluido-cb8169.webp\" \/><\/p>\n<div class=\"card-body p-4\">\n<h3 class=\"font-weight-bold card-title\">WiFi inclu\u00eddo<\/h3>\n<p class=\"card-text\">Atrav\u00e9s do aplicativo GIApp voc\u00ea pode controlar o equipamento a partir de um smartphone, tablet ou por voz com Alexa e Google Home.<\/p>\n<\/p><\/div><\/div><\/div>\n<div class=\"col-xs-6 col-md-3 order-last\">\n<div class=\"card\">\n                            <img decoding=\"async\" class=\"card-img-top w-100 d-block fit-cover pictoprincipalgrande\" src=\"https:\/\/giatsu.com\/wp-content\/uploads\/2023\/11\/i-feel-nuevo-6e7fd7.webp\" \/><\/p>\n<div class=\"card-body p-4\">\n<h3 class=\"font-weight-bold card-title\">Fun\u00e7\u00e3o I Feel<\/h3>\n<p class=\"card-text\">O controle sem fio possui um sensor de temperatura que ajusta o funcionamento do equipamento.<\/p>\n<\/p><\/div><\/div><\/div><\/div><\/div>\n<hr>\n<p>        [vc_row mobile_bg_img_hidden=&#8221;no&#8221; tablet_bg_img_hidden=&#8221;no&#8221; woodmart_parallax=&#8221;0&#8243; woodmart_gradient_switch=&#8221;no&#8221; row_reverse_mobile=&#8221;0&#8243; row_reverse_tablet=&#8221;0&#8243; woodmart_disable_overflow=&#8221;0&#8243; el_class=&#8221;filaImgCaracteristica&#8221;][vc_column mobile_bg_img_hidden=&#8221;no&#8221; tablet_bg_img_hidden=&#8221;no&#8221; woodmart_parallax=&#8221;0&#8243; woodmart_sticky_column=&#8221;false&#8221; parallax_scroll=&#8221;no&#8221; mobile_reset_margin=&#8221;no&#8221; tablet_reset_margin=&#8221;no&#8221;]<\/p>\n<div class=\"container mb-1\">\n<h3 class=\"text-center\">Informaci\u00f3n t\u00e9cnica<\/h3>\n<div class=\"row row-cols-1 row-cols-md-2 row-cols-xl-3 justify-content-md-center\">\n<div class=\"col-xs-1 col-md-1\">\n<div class=\"card\">\n                            <img decoding=\"async\" class=\"card-img-top w-100 d-block fit-cover pictoprincipalgrande\" src=\"https:\/\/giatsu.com\/wp-content\/uploads\/2023\/08\/temporizador_24_h-f6c646.webp\" \/><\/p>\n<div class=\"card-body p-4\">\n<h4 class=\"card-text textospictospeques\">Temporizador 24h<\/h4>\n<\/p><\/div><\/div><\/div>\n<div class=\"col-xs-1 col-md-1\">\n<div class=\"card\">\n                            <img decoding=\"async\" class=\"card-img-top w-100 d-block fit-cover pictoprincipalgrande\" src=\"https:\/\/giatsu.com\/wp-content\/uploads\/2024\/04\/proteccion_golden_fin-76b666.webp\" \/><\/p>\n<div class=\"card-body p-4\">\n<h4 class=\"card-text textospictospeques\">Prote\u00e7\u00e3o Golden Fin <\/h4>\n<\/p><\/div><\/div><\/div>\n<div class=\"col-xs-1 col-md-1\">\n<div class=\"card\">\n                            <img decoding=\"async\" class=\"card-img-top w-100 d-block fit-cover pictoprincipalgrande\" src=\"https:\/\/giatsu.com\/wp-content\/uploads\/2024\/05\/modo_noche-416e89.webp\" \/><\/p>\n<div class=\"card-body p-4\">\n<h4 class=\"card-text textospictospeques\">Modo noturno<\/h4>\n<\/p><\/div><\/div><\/div>\n<div class=\"col-xs-1 col-md-1\">\n<div class=\"card\">\n                            <img decoding=\"async\" class=\"card-img-top w-100 d-block fit-cover pictoprincipalgrande\" src=\"https:\/\/giatsu.com\/wp-content\/uploads\/2023\/08\/funcion_anti_frio-822de4.webp\" \/><\/p>\n<div class=\"card-body p-4\">\n<h4 class=\"card-text textospictospeques\">Fun\u00e7\u00e3o anti frio<\/h4>\n<\/p><\/div><\/div><\/div>\n<div class=\"col-xs-1 col-md-1\">\n<div class=\"card\">\n                            <img decoding=\"async\" class=\"card-img-top w-100 d-block fit-cover pictoprincipalgrande\" src=\"https:\/\/giatsu.com\/wp-content\/uploads\/2023\/08\/detector_de_fuga-ec-33dc19.webp\" \/><\/p>\n<div class=\"card-body p-4\">\n<h4 class=\"card-text textospictospeques\">Detector de vazamento (EC)<\/h4>\n<\/p><\/div><\/div><\/div>\n<div class=\"col-xs-1 col-md-1\">\n<div class=\"card\">\n                            <img decoding=\"async\" class=\"card-img-top w-100 d-block fit-cover pictoprincipalgrande\" src=\"https:\/\/giatsu.com\/wp-content\/uploads\/2024\/05\/deshumificador-9836ea.webp\" \/><\/p>\n<div class=\"card-body p-4\">\n<h4 class=\"card-text textospictospeques\">Desumidificador<\/h4>\n<\/p><\/div><\/div><\/div>\n<div class=\"col-xs-1 col-md-1\">\n<div class=\"card\">\n                            <img decoding=\"async\" class=\"card-img-top w-100 d-block fit-cover pictoprincipalgrande\" src=\"https:\/\/giatsu.com\/wp-content\/uploads\/2023\/11\/compresor_y_ventiladores_dc_inverter-98e07d.webp\" \/><\/p>\n<div class=\"card-body p-4\">\n<h4 class=\"card-text textospictospeques\">Compressor e ventiladores DC inverter<\/h4>\n<\/p><\/div><\/div><\/div>\n<div class=\"col-xs-1 col-md-1\">\n<div class=\"card\">\n                            <img decoding=\"async\" class=\"card-img-top w-100 d-block fit-cover pictoprincipalgrande\" src=\"https:\/\/giatsu.com\/wp-content\/uploads\/2023\/08\/auto_diagnostico-36394f.webp\" \/><\/p>\n<div class=\"card-body p-4\">\n<h4 class=\"card-text textospictospeques\">Diagn\u00f3stico autom\u00e1tico<\/h4>\n<\/p><\/div><\/div><\/div><\/div><\/div>\n<\/div>","protected":false},"excerpt":{"rendered":"<p>Descubra o conforto com o AROMA 2E Multisplit, a escolha ideal como sistema Multisplit gra&ccedil;as ao seu funcionamento silencioso e &agrave;s seguintes carater&iacute;sticas:<\/p>\n<ul>\n<li><strong>Wifi<\/strong> inclu&iacute;do em toda a gama.<\/li>\n<li>Evita a reprodu&ccedil;&atilde;o e a propaga&ccedil;&atilde;o de bact&eacute;rias.<\/li>\n<li>Com o revestimento <strong>Golden Fin<\/strong> prolongamos a vida &uacute;til do equipamento, uma vez que &eacute; mais resistente &agrave; corros&atilde;o e &agrave; oxida&ccedil;&atilde;o do que os revestimentos habituais das serpentinas de condensa&ccedil;&atilde;o.<\/li>\n<li><strong>Modo Turbo:<\/strong> o ar condicionado maximiza a pot&ecirc;ncia de arrefecimento e aquecimento.<\/li>\n<li><strong>Fun&ccedil;&atilde;o I-Clean:<\/strong> a tecnologia I Clean remove o p&oacute;, o bolor e a gordura.<\/li>\n<li><strong>Modo silencioso:<\/strong> a unidade interior reduz a velocidade da ventoinha e desliga a luz do ecr&atilde;.<\/li>\n<li><strong>Fun&ccedil;&atilde;o I Feel,<\/strong> com um sensor de temperatura integrado no controlo remoto.<\/li>\n<li><strong>Modo ECO.<\/strong><\/li>\n<li><strong>Filtro triplo.<\/strong><\/li>\n<li><strong>Compat&iacute;vel com IX41B e IX41B2.<\/strong><\/li>\n<\/ul>\n<p>Pot&ecirc;ncias dispon&iacute;veis: 2,0 kW, 2,6 kW, 3,5 kW, 5,2 kW, 7,1 kW<\/p>\n<div class='pictosvoz'>[vc_single_image image=&#8217;13599&#8242; alignment=&#8217;center&#8217; woodmart_inline=&#8217;no&#8217; parallax_scroll=&#8217;no&#8217; el_class=&#8217;imgEnergia&#8217; img_size=&#8217;65&#215;65&#8242;][vc_single_image image=&#8217;13604&#8242; alignment=&#8217;center&#8217; woodmart_inline=&#8217;no&#8217; parallax_scroll=&#8217;no&#8217; el_class=&#8217;imgEnergia&#8217; img_size=&#8217;65&#215;65&#8242;]<\/div>\n","protected":false},"featured_media":13287,"template":"","meta":{"_monsterinsights_skip_tracking":false,"_monsterinsights_sitenote_active":false,"_monsterinsights_sitenote_note":"","_monsterinsights_sitenote_category":0},"product_brand":[],"product_cat":[782],"product_tag":[],"class_list":{"0":"post-13286","1":"product","2":"type-product","3":"status-publish","4":"has-post-thumbnail","6":"product_cat-multisplit-splits-2","8":"first","9":"instock","10":"shipping-taxable","11":"product-type-simple"},"yoast_head":"<!-- This site is optimized with the Yoast SEO plugin v27.4 - https:\/\/yoast.com\/product\/yoast-seo-wordpress\/ -->\n<title>Ar condicionado multi-split Giatsu Aroma 2E<\/title>\n<meta name=\"description\" content=\"Um sistema de ar condicionado eficiente e silencioso, ideal para espa\u00e7os com v\u00e1rias divis\u00f5es. Inclui Wi-Fi integrado para controlo remoto e \u00e9 compat\u00edvel com assistentes de voz como o Alexa e o Google Home.\" \/>\n<meta name=\"robots\" content=\"index, follow, max-snippet:-1, max-image-preview:large, max-video-preview:-1\" \/>\n<link rel=\"canonical\" href=\"https:\/\/giatsu.com\/pt\/splits-2\/multisplit-splits-2\/aroma-2e-multisplit\/\" \/>\n<meta property=\"og:locale\" content=\"pt_PT\" \/>\n<meta property=\"og:type\" content=\"article\" \/>\n<meta property=\"og:title\" content=\"Ar condicionado multi-split Giatsu Aroma 2E\" \/>\n<meta property=\"og:description\" content=\"Um sistema de ar condicionado eficiente e silencioso, ideal para espa\u00e7os com v\u00e1rias divis\u00f5es. Inclui Wi-Fi integrado para controlo remoto e \u00e9 compat\u00edvel com assistentes de voz como o Alexa e o Google Home.\" \/>\n<meta property=\"og:url\" content=\"https:\/\/giatsu.com\/pt\/splits-2\/multisplit-splits-2\/aroma-2e-multisplit\/\" \/>\n<meta property=\"og:site_name\" content=\"GIATSU\" \/>\n<meta property=\"article:modified_time\" content=\"2025-04-10T11:44:10+00:00\" \/>\n<meta property=\"og:image\" content=\"https:\/\/giatsu.com\/wp-content\/uploads\/2024\/05\/multisplit-aroma-2e-726a30.webp\" \/>\n\t<meta property=\"og:image:width\" content=\"500\" \/>\n\t<meta property=\"og:image:height\" content=\"500\" \/>\n\t<meta property=\"og:image:type\" content=\"image\/webp\" \/>\n<meta name=\"twitter:card\" content=\"summary_large_image\" \/>\n<meta name=\"twitter:label1\" content=\"Est. reading time\" \/>\n\t<meta name=\"twitter:data1\" content=\"1 minute\" \/>\n<script type=\"application\/ld+json\" class=\"yoast-schema-graph\">{\"@context\":\"https:\\\/\\\/schema.org\",\"@graph\":[{\"@type\":\"WebPage\",\"@id\":\"https:\\\/\\\/giatsu.com\\\/pt\\\/splits-2\\\/multisplit-splits-2\\\/aroma-2e-multisplit\\\/\",\"url\":\"https:\\\/\\\/giatsu.com\\\/pt\\\/splits-2\\\/multisplit-splits-2\\\/aroma-2e-multisplit\\\/\",\"name\":\"Ar condicionado multi-split Giatsu Aroma 2E\",\"isPartOf\":{\"@id\":\"https:\\\/\\\/giatsu.com\\\/es\\\/#website\"},\"primaryImageOfPage\":{\"@id\":\"https:\\\/\\\/giatsu.com\\\/pt\\\/splits-2\\\/multisplit-splits-2\\\/aroma-2e-multisplit\\\/#primaryimage\"},\"image\":{\"@id\":\"https:\\\/\\\/giatsu.com\\\/pt\\\/splits-2\\\/multisplit-splits-2\\\/aroma-2e-multisplit\\\/#primaryimage\"},\"thumbnailUrl\":\"https:\\\/\\\/giatsu.com\\\/wp-content\\\/uploads\\\/2024\\\/05\\\/multisplit-aroma-2e-726a30.webp\",\"datePublished\":\"2023-11-06T08:31:50+00:00\",\"dateModified\":\"2025-04-10T11:44:10+00:00\",\"description\":\"Um sistema de ar condicionado eficiente e silencioso, ideal para espa\u00e7os com v\u00e1rias divis\u00f5es. Inclui Wi-Fi integrado para controlo remoto e \u00e9 compat\u00edvel com assistentes de voz como o Alexa e o Google Home.\",\"breadcrumb\":{\"@id\":\"https:\\\/\\\/giatsu.com\\\/pt\\\/splits-2\\\/multisplit-splits-2\\\/aroma-2e-multisplit\\\/#breadcrumb\"},\"inLanguage\":\"pt\",\"potentialAction\":[{\"@type\":\"ReadAction\",\"target\":[\"https:\\\/\\\/giatsu.com\\\/pt\\\/splits-2\\\/multisplit-splits-2\\\/aroma-2e-multisplit\\\/\"]}]},{\"@type\":\"ImageObject\",\"inLanguage\":\"pt\",\"@id\":\"https:\\\/\\\/giatsu.com\\\/pt\\\/splits-2\\\/multisplit-splits-2\\\/aroma-2e-multisplit\\\/#primaryimage\",\"url\":\"https:\\\/\\\/giatsu.com\\\/wp-content\\\/uploads\\\/2024\\\/05\\\/multisplit-aroma-2e-726a30.webp\",\"contentUrl\":\"https:\\\/\\\/giatsu.com\\\/wp-content\\\/uploads\\\/2024\\\/05\\\/multisplit-aroma-2e-726a30.webp\",\"width\":500,\"height\":500},{\"@type\":\"BreadcrumbList\",\"@id\":\"https:\\\/\\\/giatsu.com\\\/pt\\\/splits-2\\\/multisplit-splits-2\\\/aroma-2e-multisplit\\\/#breadcrumb\",\"itemListElement\":[{\"@type\":\"ListItem\",\"position\":1,\"name\":\"Home\",\"item\":\"https:\\\/\\\/giatsu.com\\\/es\\\/\"},{\"@type\":\"ListItem\",\"position\":2,\"name\":\"PRODUCTOS\",\"item\":\"https:\\\/\\\/giatsu.com\\\/es\\\/productos\\\/\"},{\"@type\":\"ListItem\",\"position\":3,\"name\":\"AROMA 2E MULTISPLIT\"}]},{\"@type\":\"WebSite\",\"@id\":\"https:\\\/\\\/giatsu.com\\\/es\\\/#website\",\"url\":\"https:\\\/\\\/giatsu.com\\\/es\\\/\",\"name\":\"GIATSU\",\"description\":\"Quality Comfort Everywhere\",\"potentialAction\":[{\"@type\":\"SearchAction\",\"target\":{\"@type\":\"EntryPoint\",\"urlTemplate\":\"https:\\\/\\\/giatsu.com\\\/es\\\/?s={search_term_string}\"},\"query-input\":{\"@type\":\"PropertyValueSpecification\",\"valueRequired\":true,\"valueName\":\"search_term_string\"}}],\"inLanguage\":\"pt\"}]}<\/script>\n<!-- \/ Yoast SEO plugin. -->","yoast_head_json":{"title":"Ar condicionado multi-split Giatsu Aroma 2E","description":"Um sistema de ar condicionado eficiente e silencioso, ideal para espa\u00e7os com v\u00e1rias divis\u00f5es. Inclui Wi-Fi integrado para controlo remoto e \u00e9 compat\u00edvel com assistentes de voz como o Alexa e o Google Home.","robots":{"index":"index","follow":"follow","max-snippet":"max-snippet:-1","max-image-preview":"max-image-preview:large","max-video-preview":"max-video-preview:-1"},"canonical":"https:\/\/giatsu.com\/pt\/splits-2\/multisplit-splits-2\/aroma-2e-multisplit\/","og_locale":"pt_PT","og_type":"article","og_title":"Ar condicionado multi-split Giatsu Aroma 2E","og_description":"Um sistema de ar condicionado eficiente e silencioso, ideal para espa\u00e7os com v\u00e1rias divis\u00f5es. Inclui Wi-Fi integrado para controlo remoto e \u00e9 compat\u00edvel com assistentes de voz como o Alexa e o Google Home.","og_url":"https:\/\/giatsu.com\/pt\/splits-2\/multisplit-splits-2\/aroma-2e-multisplit\/","og_site_name":"GIATSU","article_modified_time":"2025-04-10T11:44:10+00:00","og_image":[{"width":500,"height":500,"url":"https:\/\/giatsu.com\/wp-content\/uploads\/2024\/05\/multisplit-aroma-2e-726a30.webp","type":"image\/webp"}],"twitter_card":"summary_large_image","twitter_misc":{"Est. reading time":"1 minute"},"schema":{"@context":"https:\/\/schema.org","@graph":[{"@type":"WebPage","@id":"https:\/\/giatsu.com\/pt\/splits-2\/multisplit-splits-2\/aroma-2e-multisplit\/","url":"https:\/\/giatsu.com\/pt\/splits-2\/multisplit-splits-2\/aroma-2e-multisplit\/","name":"Ar condicionado multi-split Giatsu Aroma 2E","isPartOf":{"@id":"https:\/\/giatsu.com\/es\/#website"},"primaryImageOfPage":{"@id":"https:\/\/giatsu.com\/pt\/splits-2\/multisplit-splits-2\/aroma-2e-multisplit\/#primaryimage"},"image":{"@id":"https:\/\/giatsu.com\/pt\/splits-2\/multisplit-splits-2\/aroma-2e-multisplit\/#primaryimage"},"thumbnailUrl":"https:\/\/giatsu.com\/wp-content\/uploads\/2024\/05\/multisplit-aroma-2e-726a30.webp","datePublished":"2023-11-06T08:31:50+00:00","dateModified":"2025-04-10T11:44:10+00:00","description":"Um sistema de ar condicionado eficiente e silencioso, ideal para espa\u00e7os com v\u00e1rias divis\u00f5es. Inclui Wi-Fi integrado para controlo remoto e \u00e9 compat\u00edvel com assistentes de voz como o Alexa e o Google Home.","breadcrumb":{"@id":"https:\/\/giatsu.com\/pt\/splits-2\/multisplit-splits-2\/aroma-2e-multisplit\/#breadcrumb"},"inLanguage":"pt","potentialAction":[{"@type":"ReadAction","target":["https:\/\/giatsu.com\/pt\/splits-2\/multisplit-splits-2\/aroma-2e-multisplit\/"]}]},{"@type":"ImageObject","inLanguage":"pt","@id":"https:\/\/giatsu.com\/pt\/splits-2\/multisplit-splits-2\/aroma-2e-multisplit\/#primaryimage","url":"https:\/\/giatsu.com\/wp-content\/uploads\/2024\/05\/multisplit-aroma-2e-726a30.webp","contentUrl":"https:\/\/giatsu.com\/wp-content\/uploads\/2024\/05\/multisplit-aroma-2e-726a30.webp","width":500,"height":500},{"@type":"BreadcrumbList","@id":"https:\/\/giatsu.com\/pt\/splits-2\/multisplit-splits-2\/aroma-2e-multisplit\/#breadcrumb","itemListElement":[{"@type":"ListItem","position":1,"name":"Home","item":"https:\/\/giatsu.com\/es\/"},{"@type":"ListItem","position":2,"name":"PRODUCTOS","item":"https:\/\/giatsu.com\/es\/productos\/"},{"@type":"ListItem","position":3,"name":"AROMA 2E MULTISPLIT"}]},{"@type":"WebSite","@id":"https:\/\/giatsu.com\/es\/#website","url":"https:\/\/giatsu.com\/es\/","name":"GIATSU","description":"Quality Comfort Everywhere","potentialAction":[{"@type":"SearchAction","target":{"@type":"EntryPoint","urlTemplate":"https:\/\/giatsu.com\/es\/?s={search_term_string}"},"query-input":{"@type":"PropertyValueSpecification","valueRequired":true,"valueName":"search_term_string"}}],"inLanguage":"pt"}]}},"_links":{"self":[{"href":"https:\/\/giatsu.com\/pt\/wp-json\/wp\/v2\/product\/13286","targetHints":{"allow":["GET"]}}],"collection":[{"href":"https:\/\/giatsu.com\/pt\/wp-json\/wp\/v2\/product"}],"about":[{"href":"https:\/\/giatsu.com\/pt\/wp-json\/wp\/v2\/types\/product"}],"wp:featuredmedia":[{"embeddable":true,"href":"https:\/\/giatsu.com\/pt\/wp-json\/wp\/v2\/media\/13287"}],"wp:attachment":[{"href":"https:\/\/giatsu.com\/pt\/wp-json\/wp\/v2\/media?parent=13286"}],"wp:term":[{"taxonomy":"product_brand","embeddable":true,"href":"https:\/\/giatsu.com\/pt\/wp-json\/wp\/v2\/product_brand?post=13286"},{"taxonomy":"product_cat","embeddable":true,"href":"https:\/\/giatsu.com\/pt\/wp-json\/wp\/v2\/product_cat?post=13286"},{"taxonomy":"product_tag","embeddable":true,"href":"https:\/\/giatsu.com\/pt\/wp-json\/wp\/v2\/product_tag?post=13286"}],"curies":[{"name":"wp","href":"https:\/\/api.w.org\/{rel}","templated":true}]}}