{"id":13245,"date":"2023-11-06T08:31:43","date_gmt":"2023-11-06T08:31:43","guid":{"rendered":"https:\/\/giatsu.com\/?post_type=product&#038;p=13245"},"modified":"2025-05-29T10:53:59","modified_gmt":"2025-05-29T10:53:59","slug":"aroma-2e","status":"publish","type":"product","link":"https:\/\/giatsu.com\/pt\/splits-2\/divisoes-1x1\/aroma-2e\/","title":{"rendered":"AROMA 2E"},"content":{"rendered":"<div class=\"wpb-content-wrapper\"><div class=\"container mb-1 moduloprincipalespictos\">\n<h2 class=\"text-center tituloprincipales\">Caracter\u00edsticas principales<\/h2>\n<div class=\"row row-cols-1 row-cols-md-2 row-cols-xl-3\">\n<div class=\"col-xs-6 col-md-3 order-last\">\n<div class=\"card\">\n                            <img decoding=\"async\" class=\"card-img-top w-100 d-block fit-cover pictoprincipalgrande\" src=\"https:\/\/giatsu.com\/wp-content\/uploads\/2024\/02\/aire_limpio-71cc8b.webp\" \/><\/p>\n<div class=\"card-body p-4\">\n<h3 class=\"font-weight-bold card-title\">Ar limpo<\/h3>\n<p class=\"card-text\">Inclui os filtros Catalisador a Frio, \u00cdon de Prata e Carv\u00e3o Activado para eliminar maus odores e part\u00edculas.<\/p>\n<\/p><\/div><\/div><\/div>\n<div class=\"col-xs-6 col-md-3 order-last\">\n<div class=\"card\">\n                            <img decoding=\"async\" class=\"card-img-top w-100 d-block fit-cover pictoprincipalgrande\" src=\"https:\/\/giatsu.com\/wp-content\/uploads\/2023\/08\/conecta_plus_grande-25cb98.webp\" \/><\/p>\n<div class=\"card-body p-4\">\n<h3 class=\"font-weight-bold card-title\">Conecta+ opcional<\/h3>\n<p class=\"card-text\">Placa especial para a comuta\u00e7\u00e3o autom\u00e1tica do ar condicionado em cart\u00f5es de hotel, apartamentos tur\u00edsticos ou sensores de janela.<\/p>\n<\/p><\/div><\/div><\/div>\n<div class=\"col-xs-6 col-md-3 order-last\">\n<div class=\"card\">\n                            <img decoding=\"async\" class=\"card-img-top w-100 d-block fit-cover pictoprincipalgrande\" src=\"https:\/\/giatsu.com\/wp-content\/uploads\/2023\/08\/wifi-incluido-cb8169.webp\" \/><\/p>\n<div class=\"card-body p-4\">\n<h3 class=\"font-weight-bold card-title\">wifi inclu\u00eddo<\/h3>\n<p class=\"card-text\">Atrav\u00e9s do aplicativo GIApp voc\u00ea pode controlar o equipamento a partir de um smartphone, tablet ou por voz com Alexa e Google Home.<\/p>\n<\/p><\/div><\/div><\/div>\n<div class=\"col-xs-6 col-md-3 order-last\">\n<div class=\"card\">\n                            <img decoding=\"async\" class=\"card-img-top w-100 d-block fit-cover pictoprincipalgrande\" src=\"https:\/\/giatsu.com\/wp-content\/uploads\/2023\/08\/golden-fin-e40702.webp\" \/><\/p>\n<div class=\"card-body p-4\">\n<h3 class=\"font-weight-bold card-title\">Golden Fin<\/h3>\n<p class=\"card-text\">Este revestimento \u00e9 aplicado \u00e0s baterias da unidade interna e externa, proporcionando prote\u00e7\u00e3o contra a corros\u00e3o de ambientes salinos.<\/p>\n<\/p><\/div><\/div><\/div><\/div><\/div>\n<hr>\n<p>        [vc_row mobile_bg_img_hidden=&#8221;no&#8221; tablet_bg_img_hidden=&#8221;no&#8221; woodmart_parallax=&#8221;0&#8243; woodmart_gradient_switch=&#8221;no&#8221; row_reverse_mobile=&#8221;0&#8243; row_reverse_tablet=&#8221;0&#8243; woodmart_disable_overflow=&#8221;0&#8243; el_class=&#8221;filaImgCaracteristica&#8221;][vc_column mobile_bg_img_hidden=&#8221;no&#8221; tablet_bg_img_hidden=&#8221;no&#8221; woodmart_parallax=&#8221;0&#8243; woodmart_sticky_column=&#8221;false&#8221; parallax_scroll=&#8221;no&#8221; mobile_reset_margin=&#8221;no&#8221; tablet_reset_margin=&#8221;no&#8221;]<\/p>\n<div class=\"container mb-1\">\n<h3 class=\"text-center\">Informaci\u00f3n t\u00e9cnica<\/h3>\n<div class=\"row row-cols-1 row-cols-md-2 row-cols-xl-3 justify-content-md-center\">\n<div class=\"col-xs-1 col-md-1\">\n<div class=\"card\">\n                            <img decoding=\"async\" class=\"card-img-top w-100 d-block fit-cover pictoprincipalgrande\" src=\"https:\/\/giatsu.com\/wp-content\/uploads\/2023\/08\/deshumificador-0818c1.webp\" \/><\/p>\n<div class=\"card-body p-4\">\n<h4 class=\"card-text textospictospeques\">Desumidificador<\/h4>\n<\/p><\/div><\/div><\/div>\n<div class=\"col-xs-1 col-md-1\">\n<div class=\"card\">\n                            <img decoding=\"async\" class=\"card-img-top w-100 d-block fit-cover pictoprincipalgrande\" src=\"https:\/\/giatsu.com\/wp-content\/uploads\/2024\/02\/r-32-b46f41.webp\" \/><\/p>\n<div class=\"card-body p-4\">\n<h4 class=\"card-text textospictospeques\">R 32<\/h4>\n<\/p><\/div><\/div><\/div>\n<div class=\"col-xs-1 col-md-1\">\n<div class=\"card\">\n                            <img decoding=\"async\" class=\"card-img-top w-100 d-block fit-cover pictoprincipalgrande\" src=\"https:\/\/giatsu.com\/wp-content\/uploads\/2023\/08\/temporizador_24_h-f6c646.webp\" \/><\/p>\n<div class=\"card-body p-4\">\n<h4 class=\"card-text textospictospeques\">Temporizador 24h<\/h4>\n<\/p><\/div><\/div><\/div>\n<div class=\"col-xs-1 col-md-1\">\n<div class=\"card\">\n                            <img decoding=\"async\" class=\"card-img-top w-100 d-block fit-cover pictoprincipalgrande\" src=\"https:\/\/giatsu.com\/wp-content\/uploads\/2023\/08\/funcion_i_feel-2b561d.webp\" \/><\/p>\n<div class=\"card-body p-4\">\n<h4 class=\"card-text textospictospeques\">fun\u00e7\u00e3o  I feel<\/h4>\n<\/p><\/div><\/div><\/div>\n<div class=\"col-xs-1 col-md-1\">\n<div class=\"card\">\n                            <img decoding=\"async\" class=\"card-img-top w-100 d-block fit-cover pictoprincipalgrande\" src=\"https:\/\/giatsu.com\/wp-content\/uploads\/2023\/08\/funcion_anti_frio-822de4.webp\" \/><\/p>\n<div class=\"card-body p-4\">\n<h4 class=\"card-text textospictospeques\">Fun\u00e7\u00e3o anti frio<\/h4>\n<\/p><\/div><\/div><\/div>\n<div class=\"col-xs-1 col-md-1\">\n<div class=\"card\">\n                            <img decoding=\"async\" class=\"card-img-top w-100 d-block fit-cover pictoprincipalgrande\" src=\"https:\/\/giatsu.com\/wp-content\/uploads\/2023\/08\/detector_de_fuga-ec-33dc19.webp\" \/><\/p>\n<div class=\"card-body p-4\">\n<h4 class=\"card-text textospictospeques\">Detector de vazamento (EC)<\/h4>\n<\/p><\/div><\/div><\/div>\n<div class=\"col-xs-1 col-md-1\">\n<div class=\"card\">\n                            <img decoding=\"async\" class=\"card-img-top w-100 d-block fit-cover pictoprincipalgrande\" src=\"https:\/\/giatsu.com\/wp-content\/uploads\/2023\/08\/desague_por_ambos_lados-030c35.webp\" \/><\/p>\n<div class=\"card-body p-4\">\n<h4 class=\"card-text textospictospeques\">Drenar em ambos os lados<\/h4>\n<\/p><\/div><\/div><\/div>\n<div class=\"col-xs-1 col-md-1\">\n<div class=\"card\">\n                            <img decoding=\"async\" class=\"card-img-top w-100 d-block fit-cover pictoprincipalgrande\" src=\"https:\/\/giatsu.com\/wp-content\/uploads\/2023\/08\/auto_diagnostico-36394f.webp\" \/><\/p>\n<div class=\"card-body p-4\">\n<h4 class=\"card-text textospictospeques\">Diagn\u00f3stico autom\u00e1tico<\/h4>\n<\/p><\/div><\/div><\/div><\/div><\/div>\n<div class=\"row justify-content-md-center\">\n<div class=\"vc_btn3-container vc_btn3-inline\" id=\"botonDescargarFicha\">\n                        <a target=\"_blank\" class=\"btn btn-light border rounded-4 botondescarga\" href=\"https:\/\/giatsu.com\/documentacion\/\/giatsu-fichas-tecnicas-split-pared-1x1-aroma-2e-portugues.pdf\" title=\"\">Baixar planilha<\/a>\n                 <\/div><\/div>\n<div class=\"row\">\n<hr>\n<div class=\"col text-center\"><a target=\"_blank\" href=\"https:\/\/giatsu.com\/documentacion\/\/giatsu-manual-de-usuario-split-pared-1x1-aroma-2e-multiidioma.pdf\" class=\"btn btn-light border rounded-4 botonDescargaManual botondescarga\">Manual de usu\u00e1rio<\/a><\/div>\n<div class=\"col text-center\"><a target=\"_blank\" href=\"https:\/\/giatsu.com\/documentacion\/\/giatsu-manual-de-instalacion-split-pared-1x1-aroma-2e-.pdf\" class=\"btn btn-light border rounded-4 botonDescargaManual botondescarga\">Manual de instala\u00e7\u00e3o<\/a><\/div>\n<hr>\n<\/div>\n<\/div>","protected":false},"excerpt":{"rendered":"<p>Com o Split AROMA 2E poder&aacute; viver o melhor conforto, com o seu filtro triplo eliminar&aacute; os maus cheiros e as pequenas part&iacute;culas. Gra&ccedil;as ao seu Wifi inclu&iacute;do, poder&aacute; controlar todas as fun&ccedil;&otilde;es, como ligar\/desligar, temporizador e muito mais, a qualquer momento e de qualquer lugar. Compat&iacute;vel com Google Home e Alexa.<\/p>\n<p>O Split 1&#215;1 <strong>AROMA 2E<\/strong> inclui mudan&ccedil;as muito interessantes em compara&ccedil;&atilde;o com a vers&atilde;o anterior:<\/p>\n<ul>\n<li>SEER de at&eacute; 7 e SCOP de 4,1 * (dependendo dos modelos).<\/li>\n<li>Mudan&ccedil;a no tipo de corrente do ventilador, agora DC, o que reduz a pot&ecirc;ncia de entrada, aumenta a efici&ecirc;ncia em 50% e reduz o ru&iacute;do em 24%.<\/li>\n<li>Novo motor do compressor reduz o ru&iacute;do e a vibra&ccedil;&atilde;o.<\/li>\n<li>Dispon&iacute;vel com wifi inclu&iacute;do e controlo por aplica&ccedil;&atilde;o.<\/li>\n<li>Tamb&eacute;m dispon&iacute;vel para Multisplit.<\/li>\n<\/ul>\n<p><strong>10 anos de garantia para o compressor.<\/strong><\/p>\n<p>Pot&ecirc;ncias dispon&iacute;veis: 2,6KW, 3,5KW, 5,2KW, 7,1KW<\/p>\n<div class='divPictosEnergia'>[vc_single_image image=&#8217;10410&#8242; alignment=&#8217;center&#8217; woodmart_inline=&#8217;no&#8217; parallax_scroll=&#8217;no&#8217; el_class=&#8217;imgEnergia&#8217; img_size=&#8217;72&#215;36&#8242;][vc_single_image image=&#8217;10510&#8242; alignment=&#8217;center&#8217; woodmart_inline=&#8217;no&#8217; parallax_scroll=&#8217;no&#8217; el_class=&#8217;imgEnergia&#8217; img_size=&#8217;72&#215;36&#8242;][vc_single_image image=&#8217;10405&#8242; alignment=&#8217;center&#8217; woodmart_inline=&#8217;no&#8217; parallax_scroll=&#8217;no&#8217; el_class=&#8217;imgEnergia&#8217; img_size=&#8217;72&#215;36&#8242;]<\/div>\n<div class='pictosvoz'>[vc_single_image image=&#8217;13599&#8242; alignment=&#8217;center&#8217; woodmart_inline=&#8217;no&#8217; parallax_scroll=&#8217;no&#8217; el_class=&#8217;imgEnergia&#8217; img_size=&#8217;65&#215;65&#8242;][vc_single_image image=&#8217;13604&#8242; alignment=&#8217;center&#8217; woodmart_inline=&#8217;no&#8217; parallax_scroll=&#8217;no&#8217; el_class=&#8217;imgEnergia&#8217; img_size=&#8217;65&#215;65&#8242;]<\/div>\n","protected":false},"featured_media":12447,"template":"","meta":{"_monsterinsights_skip_tracking":false,"_monsterinsights_sitenote_active":false,"_monsterinsights_sitenote_note":"","_monsterinsights_sitenote_category":0},"product_brand":[],"product_cat":[790],"product_tag":[],"class_list":{"0":"post-13245","1":"product","2":"type-product","3":"status-publish","4":"has-post-thumbnail","6":"product_cat-divisoes-1x1","8":"first","9":"instock","10":"shipping-taxable","11":"product-type-simple"},"yoast_head":"<!-- This site is optimized with the Yoast SEO plugin v26.6 - https:\/\/yoast.com\/wordpress\/plugins\/seo\/ -->\n<title>Ar condicionado Aroma 2E<\/title>\n<meta name=\"description\" content=\"Com o seu filtro triplo, eliminar\u00e1 os maus cheiros e as pequenas part\u00edculas e, gra\u00e7as \u00e0 sua liga\u00e7\u00e3o Wi-Fi inclu\u00edda, poder\u00e1 controlar todas as fun\u00e7\u00f5es onde quer que esteja.\" \/>\n<meta name=\"robots\" content=\"index, follow, max-snippet:-1, max-image-preview:large, max-video-preview:-1\" \/>\n<link rel=\"canonical\" href=\"https:\/\/giatsu.com\/pt\/splits-2\/divisoes-1x1\/aroma-2e\/\" \/>\n<meta property=\"og:locale\" content=\"pt_PT\" \/>\n<meta property=\"og:type\" content=\"article\" \/>\n<meta property=\"og:title\" content=\"Ar condicionado Aroma 2E\" \/>\n<meta property=\"og:description\" content=\"Com o seu filtro triplo, eliminar\u00e1 os maus cheiros e as pequenas part\u00edculas e, gra\u00e7as \u00e0 sua liga\u00e7\u00e3o Wi-Fi inclu\u00edda, poder\u00e1 controlar todas as fun\u00e7\u00f5es onde quer que esteja.\" \/>\n<meta property=\"og:url\" content=\"https:\/\/giatsu.com\/pt\/splits-2\/divisoes-1x1\/aroma-2e\/\" \/>\n<meta property=\"og:site_name\" content=\"GIATSU\" \/>\n<meta property=\"article:modified_time\" content=\"2025-05-29T10:53:59+00:00\" \/>\n<meta property=\"og:image\" content=\"https:\/\/giatsu.com\/wp-content\/uploads\/2023\/08\/aroma-2d4-0e1ab0.webp\" \/>\n\t<meta property=\"og:image:width\" content=\"800\" \/>\n\t<meta property=\"og:image:height\" content=\"800\" \/>\n\t<meta property=\"og:image:type\" content=\"image\/webp\" \/>\n<meta name=\"twitter:card\" content=\"summary_large_image\" \/>\n<meta name=\"twitter:label1\" content=\"Est. reading time\" \/>\n\t<meta name=\"twitter:data1\" content=\"1 minute\" \/>\n<script type=\"application\/ld+json\" class=\"yoast-schema-graph\">{\"@context\":\"https:\/\/schema.org\",\"@graph\":[{\"@type\":\"WebPage\",\"@id\":\"https:\/\/giatsu.com\/pt\/splits-2\/divisoes-1x1\/aroma-2e\/\",\"url\":\"https:\/\/giatsu.com\/pt\/splits-2\/divisoes-1x1\/aroma-2e\/\",\"name\":\"Ar condicionado Aroma 2E\",\"isPartOf\":{\"@id\":\"https:\/\/giatsu.com\/es\/#website\"},\"primaryImageOfPage\":{\"@id\":\"https:\/\/giatsu.com\/pt\/splits-2\/divisoes-1x1\/aroma-2e\/#primaryimage\"},\"image\":{\"@id\":\"https:\/\/giatsu.com\/pt\/splits-2\/divisoes-1x1\/aroma-2e\/#primaryimage\"},\"thumbnailUrl\":\"https:\/\/giatsu.com\/wp-content\/uploads\/2023\/08\/aroma-2d4-0e1ab0.webp\",\"datePublished\":\"2023-11-06T08:31:43+00:00\",\"dateModified\":\"2025-05-29T10:53:59+00:00\",\"description\":\"Com o seu filtro triplo, eliminar\u00e1 os maus cheiros e as pequenas part\u00edculas e, gra\u00e7as \u00e0 sua liga\u00e7\u00e3o Wi-Fi inclu\u00edda, poder\u00e1 controlar todas as fun\u00e7\u00f5es onde quer que esteja.\",\"breadcrumb\":{\"@id\":\"https:\/\/giatsu.com\/pt\/splits-2\/divisoes-1x1\/aroma-2e\/#breadcrumb\"},\"inLanguage\":\"pt\",\"potentialAction\":[{\"@type\":\"ReadAction\",\"target\":[\"https:\/\/giatsu.com\/pt\/splits-2\/divisoes-1x1\/aroma-2e\/\"]}]},{\"@type\":\"ImageObject\",\"inLanguage\":\"pt\",\"@id\":\"https:\/\/giatsu.com\/pt\/splits-2\/divisoes-1x1\/aroma-2e\/#primaryimage\",\"url\":\"https:\/\/giatsu.com\/wp-content\/uploads\/2023\/08\/aroma-2d4-0e1ab0.webp\",\"contentUrl\":\"https:\/\/giatsu.com\/wp-content\/uploads\/2023\/08\/aroma-2d4-0e1ab0.webp\",\"width\":800,\"height\":800},{\"@type\":\"BreadcrumbList\",\"@id\":\"https:\/\/giatsu.com\/pt\/splits-2\/divisoes-1x1\/aroma-2e\/#breadcrumb\",\"itemListElement\":[{\"@type\":\"ListItem\",\"position\":1,\"name\":\"Home\",\"item\":\"https:\/\/giatsu.com\/es\/\"},{\"@type\":\"ListItem\",\"position\":2,\"name\":\"PRODUCTOS\",\"item\":\"https:\/\/giatsu.com\/es\/productos\/\"},{\"@type\":\"ListItem\",\"position\":3,\"name\":\"AROMA 2E\"}]},{\"@type\":\"WebSite\",\"@id\":\"https:\/\/giatsu.com\/es\/#website\",\"url\":\"https:\/\/giatsu.com\/es\/\",\"name\":\"GIATSU\",\"description\":\"Quality Comfort Everywhere\",\"potentialAction\":[{\"@type\":\"SearchAction\",\"target\":{\"@type\":\"EntryPoint\",\"urlTemplate\":\"https:\/\/giatsu.com\/es\/?s={search_term_string}\"},\"query-input\":{\"@type\":\"PropertyValueSpecification\",\"valueRequired\":true,\"valueName\":\"search_term_string\"}}],\"inLanguage\":\"pt\"}]}<\/script>\n<!-- \/ Yoast SEO plugin. -->","yoast_head_json":{"title":"Ar condicionado Aroma 2E","description":"Com o seu filtro triplo, eliminar\u00e1 os maus cheiros e as pequenas part\u00edculas e, gra\u00e7as \u00e0 sua liga\u00e7\u00e3o Wi-Fi inclu\u00edda, poder\u00e1 controlar todas as fun\u00e7\u00f5es onde quer que esteja.","robots":{"index":"index","follow":"follow","max-snippet":"max-snippet:-1","max-image-preview":"max-image-preview:large","max-video-preview":"max-video-preview:-1"},"canonical":"https:\/\/giatsu.com\/pt\/splits-2\/divisoes-1x1\/aroma-2e\/","og_locale":"pt_PT","og_type":"article","og_title":"Ar condicionado Aroma 2E","og_description":"Com o seu filtro triplo, eliminar\u00e1 os maus cheiros e as pequenas part\u00edculas e, gra\u00e7as \u00e0 sua liga\u00e7\u00e3o Wi-Fi inclu\u00edda, poder\u00e1 controlar todas as fun\u00e7\u00f5es onde quer que esteja.","og_url":"https:\/\/giatsu.com\/pt\/splits-2\/divisoes-1x1\/aroma-2e\/","og_site_name":"GIATSU","article_modified_time":"2025-05-29T10:53:59+00:00","og_image":[{"width":800,"height":800,"url":"https:\/\/giatsu.com\/wp-content\/uploads\/2023\/08\/aroma-2d4-0e1ab0.webp","type":"image\/webp"}],"twitter_card":"summary_large_image","twitter_misc":{"Est. reading time":"1 minute"},"schema":{"@context":"https:\/\/schema.org","@graph":[{"@type":"WebPage","@id":"https:\/\/giatsu.com\/pt\/splits-2\/divisoes-1x1\/aroma-2e\/","url":"https:\/\/giatsu.com\/pt\/splits-2\/divisoes-1x1\/aroma-2e\/","name":"Ar condicionado Aroma 2E","isPartOf":{"@id":"https:\/\/giatsu.com\/es\/#website"},"primaryImageOfPage":{"@id":"https:\/\/giatsu.com\/pt\/splits-2\/divisoes-1x1\/aroma-2e\/#primaryimage"},"image":{"@id":"https:\/\/giatsu.com\/pt\/splits-2\/divisoes-1x1\/aroma-2e\/#primaryimage"},"thumbnailUrl":"https:\/\/giatsu.com\/wp-content\/uploads\/2023\/08\/aroma-2d4-0e1ab0.webp","datePublished":"2023-11-06T08:31:43+00:00","dateModified":"2025-05-29T10:53:59+00:00","description":"Com o seu filtro triplo, eliminar\u00e1 os maus cheiros e as pequenas part\u00edculas e, gra\u00e7as \u00e0 sua liga\u00e7\u00e3o Wi-Fi inclu\u00edda, poder\u00e1 controlar todas as fun\u00e7\u00f5es onde quer que esteja.","breadcrumb":{"@id":"https:\/\/giatsu.com\/pt\/splits-2\/divisoes-1x1\/aroma-2e\/#breadcrumb"},"inLanguage":"pt","potentialAction":[{"@type":"ReadAction","target":["https:\/\/giatsu.com\/pt\/splits-2\/divisoes-1x1\/aroma-2e\/"]}]},{"@type":"ImageObject","inLanguage":"pt","@id":"https:\/\/giatsu.com\/pt\/splits-2\/divisoes-1x1\/aroma-2e\/#primaryimage","url":"https:\/\/giatsu.com\/wp-content\/uploads\/2023\/08\/aroma-2d4-0e1ab0.webp","contentUrl":"https:\/\/giatsu.com\/wp-content\/uploads\/2023\/08\/aroma-2d4-0e1ab0.webp","width":800,"height":800},{"@type":"BreadcrumbList","@id":"https:\/\/giatsu.com\/pt\/splits-2\/divisoes-1x1\/aroma-2e\/#breadcrumb","itemListElement":[{"@type":"ListItem","position":1,"name":"Home","item":"https:\/\/giatsu.com\/es\/"},{"@type":"ListItem","position":2,"name":"PRODUCTOS","item":"https:\/\/giatsu.com\/es\/productos\/"},{"@type":"ListItem","position":3,"name":"AROMA 2E"}]},{"@type":"WebSite","@id":"https:\/\/giatsu.com\/es\/#website","url":"https:\/\/giatsu.com\/es\/","name":"GIATSU","description":"Quality Comfort Everywhere","potentialAction":[{"@type":"SearchAction","target":{"@type":"EntryPoint","urlTemplate":"https:\/\/giatsu.com\/es\/?s={search_term_string}"},"query-input":{"@type":"PropertyValueSpecification","valueRequired":true,"valueName":"search_term_string"}}],"inLanguage":"pt"}]}},"_links":{"self":[{"href":"https:\/\/giatsu.com\/pt\/wp-json\/wp\/v2\/product\/13245","targetHints":{"allow":["GET"]}}],"collection":[{"href":"https:\/\/giatsu.com\/pt\/wp-json\/wp\/v2\/product"}],"about":[{"href":"https:\/\/giatsu.com\/pt\/wp-json\/wp\/v2\/types\/product"}],"wp:featuredmedia":[{"embeddable":true,"href":"https:\/\/giatsu.com\/pt\/wp-json\/wp\/v2\/media\/12447"}],"wp:attachment":[{"href":"https:\/\/giatsu.com\/pt\/wp-json\/wp\/v2\/media?parent=13245"}],"wp:term":[{"taxonomy":"product_brand","embeddable":true,"href":"https:\/\/giatsu.com\/pt\/wp-json\/wp\/v2\/product_brand?post=13245"},{"taxonomy":"product_cat","embeddable":true,"href":"https:\/\/giatsu.com\/pt\/wp-json\/wp\/v2\/product_cat?post=13245"},{"taxonomy":"product_tag","embeddable":true,"href":"https:\/\/giatsu.com\/pt\/wp-json\/wp\/v2\/product_tag?post=13245"}],"curies":[{"name":"wp","href":"https:\/\/api.w.org\/{rel}","templated":true}]}}