{"id":13234,"date":"2025-03-14T07:24:53","date_gmt":"2025-03-14T07:24:53","guid":{"rendered":"https:\/\/giatsu.com\/?post_type=product&#038;p=13234"},"modified":"2025-07-16T12:29:02","modified_gmt":"2025-07-16T12:29:02","slug":"ducts-inspira","status":"publish","type":"product","link":"https:\/\/giatsu.com\/pt\/comercial-2\/ducts\/ducts-inspira\/","title":{"rendered":"DUCTS INSPIRA"},"content":{"rendered":"<div class=\"wpb-content-wrapper\"><div class=\"container mb-1 moduloprincipalespictos\">\n<h2 class=\"text-center tituloprincipales\">Caracter\u00edsticas principales<\/h2>\n<div class=\"row row-cols-1 row-cols-md-2 row-cols-xl-3\">\n<div class=\"col-xs-6 col-md-3 order-last\">\n<div class=\"card\">\n                            <img decoding=\"async\" class=\"card-img-top w-100 d-block fit-cover pictoprincipalgrande\" src=\"https:\/\/giatsu.com\/wp-content\/uploads\/2023\/08\/wifi-incluido-cb8169.webp\" \/><\/p>\n<div class=\"card-body p-4\">\n<h3 class=\"font-weight-bold card-title\">wifi inclu\u00eddo<\/h3>\n<p class=\"card-text\">Atrav\u00e9s do aplicativo GIApp voc\u00ea pode controlar o equipamento a partir de um smartphone, tablet ou por voz com Alexa e Google Home.<\/p>\n<\/p><\/div><\/div><\/div>\n<div class=\"col-xs-6 col-md-3 order-last\">\n<div class=\"card\">\n                            <img decoding=\"async\" class=\"card-img-top w-100 d-block fit-cover pictoprincipalgrande\" src=\"https:\/\/giatsu.com\/wp-content\/uploads\/2023\/08\/altura-reducida-bca5bc.webp\" \/><\/p>\n<div class=\"card-body p-4\">\n<h3 class=\"font-weight-bold card-title\">Altura reduzida<\/h3>\n<p class=\"card-text\">A altura da unidade interna \u00c3\u00a9 especialmente baixa.<\/p>\n<\/p><\/div><\/div><\/div>\n<div class=\"col-xs-6 col-md-3 order-last\">\n<div class=\"card\">\n                            <img decoding=\"async\" class=\"card-img-top w-100 d-block fit-cover pictoprincipalgrande\" src=\"https:\/\/giatsu.com\/wp-content\/uploads\/2023\/08\/bomba-de-condensados-8f2ae0.webp\" \/><\/p>\n<div class=\"card-body p-4\">\n<h3 class=\"font-weight-bold card-title\">Bomba de condensado<\/h3>\n<p class=\"card-text\">A unidade possui uma bomba de condensado embutida como padr\u00e3o.<\/p>\n<\/p><\/div><\/div><\/div>\n<div class=\"col-xs-6 col-md-3 order-last\">\n<div class=\"card\">\n                            <img decoding=\"async\" class=\"card-img-top w-100 d-block fit-cover pictoprincipalgrande\" src=\"https:\/\/giatsu.com\/wp-content\/uploads\/2025\/04\/flexibilidad-instalacion-a8b958.webp\" \/><\/p>\n<div class=\"card-body p-4\">\n<h3 class=\"font-weight-bold card-title\">Flexibilidade de instala\u00e7\u00e3o<\/h3>\n<p class=\"card-text\">Possui m\u00faltiplas possibilidades de instala\u00e7\u00e3o, seja na parede ou no teto.<\/p>\n<\/p><\/div><\/div><\/div><\/div><\/div>\n<hr>\n<p>        [vc_row mobile_bg_img_hidden=&#8221;no&#8221; tablet_bg_img_hidden=&#8221;no&#8221; woodmart_parallax=&#8221;0&#8243; woodmart_gradient_switch=&#8221;no&#8221; row_reverse_mobile=&#8221;0&#8243; row_reverse_tablet=&#8221;0&#8243; woodmart_disable_overflow=&#8221;0&#8243; el_class=&#8221;filaImgCaracteristica&#8221;][vc_column mobile_bg_img_hidden=&#8221;no&#8221; tablet_bg_img_hidden=&#8221;no&#8221; woodmart_parallax=&#8221;0&#8243; woodmart_sticky_column=&#8221;false&#8221; parallax_scroll=&#8221;no&#8221; mobile_reset_margin=&#8221;no&#8221; tablet_reset_margin=&#8221;no&#8221;]<\/p>\n<div class=\"container mb-1\">\n<h3 class=\"text-center\">Informaci\u00f3n t\u00e9cnica<\/h3>\n<div class=\"row row-cols-1 row-cols-md-2 row-cols-xl-3 justify-content-md-center\">\n<div class=\"col-xs-1 col-md-1\">\n<div class=\"card\">\n                            <img decoding=\"async\" class=\"card-img-top w-100 d-block fit-cover pictoprincipalgrande\" src=\"https:\/\/giatsu.com\/wp-content\/uploads\/2023\/08\/contacto-on-off-y-alarma-e8b7e6.webp\" \/><\/p>\n<div class=\"card-body p-4\">\n<h4 class=\"card-text textospictospeques\">Contato ON\/OFF e alarme<\/h4>\n<\/p><\/div><\/div><\/div>\n<div class=\"col-xs-1 col-md-1\">\n<div class=\"card\">\n                            <img decoding=\"async\" class=\"card-img-top w-100 d-block fit-cover pictoprincipalgrande\" src=\"https:\/\/giatsu.com\/wp-content\/uploads\/2023\/08\/gran_longitud_de_instalacion-48be95.webp\" \/><\/p>\n<div class=\"card-body p-4\">\n<h4 class=\"card-text textospictospeques\">Grande comprimento de instala\u00e7\u00e3o<\/h4>\n<\/p><\/div><\/div><\/div>\n<div class=\"col-xs-1 col-md-1\">\n<div class=\"card\">\n                            <img decoding=\"async\" class=\"card-img-top w-100 d-block fit-cover pictoprincipalgrande\" src=\"https:\/\/giatsu.com\/wp-content\/uploads\/2024\/02\/r-32-b46f41.webp\" \/><\/p>\n<div class=\"card-body p-4\">\n<h4 class=\"card-text textospictospeques\">R 32<\/h4>\n<\/p><\/div><\/div><\/div>\n<div class=\"col-xs-1 col-md-1\">\n<div class=\"card\">\n                            <img decoding=\"async\" class=\"card-img-top w-100 d-block fit-cover pictoprincipalgrande\" src=\"https:\/\/giatsu.com\/wp-content\/uploads\/2023\/08\/control_cableado-c1d085.webp\" \/><\/p>\n<div class=\"card-body p-4\">\n<h4 class=\"card-text textospictospeques\">Monitoramento com fio<\/h4>\n<\/p><\/div><\/div><\/div>\n<div class=\"col-xs-1 col-md-1\">\n<div class=\"card\">\n                            <img decoding=\"async\" class=\"card-img-top w-100 d-block fit-cover pictoprincipalgrande\" src=\"https:\/\/giatsu.com\/wp-content\/uploads\/2023\/08\/auto_restart-50f34a.webp\" \/><\/p>\n<div class=\"card-body p-4\">\n<h4 class=\"card-text textospictospeques\">Rein\u00edcio autom\u00e1tico<\/h4>\n<\/p><\/div><\/div><\/div>\n<div class=\"col-xs-1 col-md-1\">\n<div class=\"card\">\n                            <img decoding=\"async\" class=\"card-img-top w-100 d-block fit-cover pictoprincipalgrande\" src=\"https:\/\/giatsu.com\/wp-content\/uploads\/2025\/03\/auto_limpieza-7e4e91.webp\" \/><\/p>\n<div class=\"card-body p-4\">\n<h4 class=\"card-text textospictospeques\">Autolimpeza<\/h4>\n<\/p><\/div><\/div><\/div><\/div><\/div>\n<div class=\"row justify-content-md-center\">\n<div class=\"vc_btn3-container vc_btn3-inline\" id=\"botonDescargarFicha\">\n                        <a target=\"_blank\" class=\"btn btn-light border rounded-4 botondescarga\" href=\"https:\/\/giatsu.com\/documentacion\/\/giatsu-fichas-tecnicas-conductos-lcac-inspira-portugues.pdf\" title=\"\">Baixar planilha<\/a>\n                 <\/div><\/div>\n<\/div>","protected":false},"excerpt":{"rendered":"<p>Apresentando as novas <strong>condutas Giatsu INSPIRA, <\/strong>esta gama foi concebida para se adaptar de forma flex&iacute;vel a todos os ambientes, combinando inova&ccedil;&atilde;o tecnol&oacute;gica, desempenho e facilidade de instala&ccedil;&atilde;o.<\/p>\n<p>As unidades Inspira est&atilde;o prontas para operar em condi&ccedil;&otilde;es clim&aacute;ticas extremas, <strong>funcionando de forma est&aacute;vel no arrefecimento mesmo a uma temperatura ambiente de 53&deg;C<\/strong>. O revestimento Golden Fin no permutador proporciona uma prote&ccedil;&atilde;o superior contra a corros&atilde;o e a oxida&ccedil;&atilde;o, prolongando a vida &uacute;til do sistema.<\/p>\n<p><strong>Principais vantagens:<\/strong><\/p>\n<p>&#8211;<span> <\/span><strong>Design compacto (200mm de altura):<\/strong> Estrutura compacta do tipo slim, ideal para telhados com espa&ccedil;o limitado e projectos com requisitos exigentes.<\/p>\n<p>&#8211;<strong>Wi-fi integrado:<\/strong> Controlo e monitoriza&ccedil;&atilde;o a partir do GIApp em qualquer dispositivo m&oacute;vel.<\/p>\n<p>&#8211;<span> <\/span><strong>Instala&ccedil;&atilde;o flex&iacute;vel: <\/strong>Instala&ccedil;&atilde;o vertical ou horizontal (consoante o modelo), com op&ccedil;&otilde;es de retorno traseiro ou inferior e at&eacute; 75 metros de comprimento total de instala&ccedil;&atilde;o. Suporta at&eacute; 30 metros de diferen&ccedil;a de altura entre unidades.<\/p>\n<p>&#8211;<span> <\/span><strong>Bomba de condensados de elevado desempenho:<\/strong> Incorpora uma bomba com at&eacute; 1.200 mm de eleva&ccedil;&atilde;o e drenagem dupla, o que facilita a instala&ccedil;&atilde;o em diferentes configura&ccedil;&otilde;es.<\/p>\n<p>&#8211;<span> <\/span><strong>Arrefecimento e aquecimento r&aacute;pidos:<\/strong> Ajuste autom&aacute;tico &agrave;s condi&ccedil;&otilde;es ambientais, atingindo a temperatura desejada at&eacute; 20% mais rapidamente do que os sistemas convencionais.<\/p>\n<p>&nbsp;<\/p>\n<p><strong>Outras carater&iacute;sticas de destaque:<\/strong><\/p>\n<p>&#8211; <strong>Golden Fin:<\/strong> revestimento anti-corrosivo que prolonga a vida &uacute;til do equipamento.<\/p>\n<p>&#8211; <strong>Fun&ccedil;&atilde;o Auto-Restart:<\/strong> recupera&ccedil;&atilde;o autom&aacute;tica ap&oacute;s falha de energia.<\/p>\n<p>&#8211; <strong>Contactos On\/Off e alarme:<\/strong> para integra&ccedil;&atilde;o com sistemas de controlo externos.<\/p>\n<p>&#8211;<strong> A fun&ccedil;&atilde;o de auto-limpeza<\/strong> melhora a efici&ecirc;ncia e prolonga o desempenho.<\/p>\n<p>&#8211;<strong> Modo de f&eacute;rias<\/strong>, que mant&eacute;m uma temperatura m&iacute;nima de 8 graus Celsius durante aus&ecirc;ncias prolongadas.<\/p>\n<p>&#8211;<strong> Arranque a baixa tens&atilde;o (175V)<\/strong>, gra&ccedil;as &agrave; tecnologia de compensa&ccedil;&atilde;o autom&aacute;tica.<\/p>\n<p>Pot&ecirc;ncias dispon&iacute;veis: 3,5KW, 5,2KW, 7,1KW, 8,2KW, 10,5KW, 14KW, 16KW.<\/p>\n<p>&nbsp;<\/p>\n<p><strong>Inspira a mudan&ccedil;a no ar condicionado, vers&aacute;til, eficiente e inteligente.<\/strong><\/p>\n<p>&nbsp;<\/p>\n<div class='divPictosEnergia'>[vc_single_image image=&#8217;10410&#8242; alignment=&#8217;center&#8217; woodmart_inline=&#8217;no&#8217; parallax_scroll=&#8217;no&#8217; el_class=&#8217;imgEnergia&#8217; img_size=&#8217;72&#215;36&#8242;][vc_single_image image=&#8217;10510&#8242; alignment=&#8217;center&#8217; woodmart_inline=&#8217;no&#8217; parallax_scroll=&#8217;no&#8217; el_class=&#8217;imgEnergia&#8217; img_size=&#8217;72&#215;36&#8242;][vc_single_image image=&#8217;10405&#8242; alignment=&#8217;center&#8217; woodmart_inline=&#8217;no&#8217; parallax_scroll=&#8217;no&#8217; el_class=&#8217;imgEnergia&#8217; img_size=&#8217;72&#215;36&#8242;]<\/div>\n<div class='pictosvoz'>[vc_single_image image=&#8217;13599&#8242; alignment=&#8217;center&#8217; woodmart_inline=&#8217;no&#8217; parallax_scroll=&#8217;no&#8217; el_class=&#8217;imgEnergia&#8217; img_size=&#8217;65&#215;65&#8242;][vc_single_image image=&#8217;13604&#8242; alignment=&#8217;center&#8217; woodmart_inline=&#8217;no&#8217; parallax_scroll=&#8217;no&#8217; el_class=&#8217;imgEnergia&#8217; img_size=&#8217;65&#215;65&#8242;]<\/div>\n","protected":false},"featured_media":13233,"template":"","meta":{"_monsterinsights_skip_tracking":false,"_monsterinsights_sitenote_active":false,"_monsterinsights_sitenote_note":"","_monsterinsights_sitenote_category":0},"product_brand":[],"product_cat":[762],"product_tag":[],"class_list":{"0":"post-13234","1":"product","2":"type-product","3":"status-publish","4":"has-post-thumbnail","6":"product_cat-ducts","8":"first","9":"instock","10":"featured","11":"shipping-taxable","12":"product-type-simple"},"yoast_head":"<!-- This site is optimized with the Yoast SEO plugin v27.4 - https:\/\/yoast.com\/product\/yoast-seo-wordpress\/ -->\n<title>Ar condicionado Giatsu INSPIRA Duct | Slim com WiFi e alta efici\u00eancia<\/title>\n<meta name=\"description\" content=\"A conduta Giatsu INSPIRA oferece um design ultra-compacto de 200 mm, bomba de condensa\u00e7\u00e3o de 1200 mm e WiFi integrado. Adaptabilidade, efici\u00eancia e conforto para qualquer espa\u00e7o.\" \/>\n<meta name=\"robots\" content=\"index, follow, max-snippet:-1, max-image-preview:large, max-video-preview:-1\" \/>\n<link rel=\"canonical\" href=\"https:\/\/giatsu.com\/pt\/comercial-2\/ducts\/ducts-inspira\/\" \/>\n<meta property=\"og:locale\" content=\"pt_PT\" \/>\n<meta property=\"og:type\" content=\"article\" \/>\n<meta property=\"og:title\" content=\"Ar condicionado Giatsu INSPIRA Duct | Slim com WiFi e alta efici\u00eancia\" \/>\n<meta property=\"og:description\" content=\"A conduta Giatsu INSPIRA oferece um design ultra-compacto de 200 mm, bomba de condensa\u00e7\u00e3o de 1200 mm e WiFi integrado. Adaptabilidade, efici\u00eancia e conforto para qualquer espa\u00e7o.\" \/>\n<meta property=\"og:url\" content=\"https:\/\/giatsu.com\/pt\/comercial-2\/ducts\/ducts-inspira\/\" \/>\n<meta property=\"og:site_name\" content=\"GIATSU\" \/>\n<meta property=\"article:modified_time\" content=\"2025-07-16T12:29:02+00:00\" \/>\n<meta property=\"og:image\" content=\"https:\/\/giatsu.com\/wp-content\/uploads\/2025\/03\/conducto-inspira3-65bd79.webp\" \/>\n\t<meta property=\"og:image:width\" content=\"500\" \/>\n\t<meta property=\"og:image:height\" content=\"500\" \/>\n\t<meta property=\"og:image:type\" content=\"image\/webp\" \/>\n<meta name=\"twitter:card\" content=\"summary_large_image\" \/>\n<meta name=\"twitter:label1\" content=\"Est. reading time\" \/>\n\t<meta name=\"twitter:data1\" content=\"1 minute\" \/>\n<script type=\"application\/ld+json\" class=\"yoast-schema-graph\">{\"@context\":\"https:\\\/\\\/schema.org\",\"@graph\":[{\"@type\":\"WebPage\",\"@id\":\"https:\\\/\\\/giatsu.com\\\/pt\\\/comercial-2\\\/ducts\\\/ducts-inspira\\\/\",\"url\":\"https:\\\/\\\/giatsu.com\\\/pt\\\/comercial-2\\\/ducts\\\/ducts-inspira\\\/\",\"name\":\"Ar condicionado Giatsu INSPIRA Duct | Slim com WiFi e alta efici\u00eancia\",\"isPartOf\":{\"@id\":\"https:\\\/\\\/giatsu.com\\\/es\\\/#website\"},\"primaryImageOfPage\":{\"@id\":\"https:\\\/\\\/giatsu.com\\\/pt\\\/comercial-2\\\/ducts\\\/ducts-inspira\\\/#primaryimage\"},\"image\":{\"@id\":\"https:\\\/\\\/giatsu.com\\\/pt\\\/comercial-2\\\/ducts\\\/ducts-inspira\\\/#primaryimage\"},\"thumbnailUrl\":\"https:\\\/\\\/giatsu.com\\\/wp-content\\\/uploads\\\/2025\\\/03\\\/conducto-inspira3-65bd79.webp\",\"datePublished\":\"2025-03-14T07:24:53+00:00\",\"dateModified\":\"2025-07-16T12:29:02+00:00\",\"description\":\"A conduta Giatsu INSPIRA oferece um design ultra-compacto de 200 mm, bomba de condensa\u00e7\u00e3o de 1200 mm e WiFi integrado. Adaptabilidade, efici\u00eancia e conforto para qualquer espa\u00e7o.\",\"breadcrumb\":{\"@id\":\"https:\\\/\\\/giatsu.com\\\/pt\\\/comercial-2\\\/ducts\\\/ducts-inspira\\\/#breadcrumb\"},\"inLanguage\":\"pt\",\"potentialAction\":[{\"@type\":\"ReadAction\",\"target\":[\"https:\\\/\\\/giatsu.com\\\/pt\\\/comercial-2\\\/ducts\\\/ducts-inspira\\\/\"]}]},{\"@type\":\"ImageObject\",\"inLanguage\":\"pt\",\"@id\":\"https:\\\/\\\/giatsu.com\\\/pt\\\/comercial-2\\\/ducts\\\/ducts-inspira\\\/#primaryimage\",\"url\":\"https:\\\/\\\/giatsu.com\\\/wp-content\\\/uploads\\\/2025\\\/03\\\/conducto-inspira3-65bd79.webp\",\"contentUrl\":\"https:\\\/\\\/giatsu.com\\\/wp-content\\\/uploads\\\/2025\\\/03\\\/conducto-inspira3-65bd79.webp\",\"width\":500,\"height\":500},{\"@type\":\"BreadcrumbList\",\"@id\":\"https:\\\/\\\/giatsu.com\\\/pt\\\/comercial-2\\\/ducts\\\/ducts-inspira\\\/#breadcrumb\",\"itemListElement\":[{\"@type\":\"ListItem\",\"position\":1,\"name\":\"Home\",\"item\":\"https:\\\/\\\/giatsu.com\\\/es\\\/\"},{\"@type\":\"ListItem\",\"position\":2,\"name\":\"PRODUCTOS\",\"item\":\"https:\\\/\\\/giatsu.com\\\/es\\\/productos\\\/\"},{\"@type\":\"ListItem\",\"position\":3,\"name\":\"DUCTS INSPIRA\"}]},{\"@type\":\"WebSite\",\"@id\":\"https:\\\/\\\/giatsu.com\\\/es\\\/#website\",\"url\":\"https:\\\/\\\/giatsu.com\\\/es\\\/\",\"name\":\"GIATSU\",\"description\":\"Quality Comfort Everywhere\",\"potentialAction\":[{\"@type\":\"SearchAction\",\"target\":{\"@type\":\"EntryPoint\",\"urlTemplate\":\"https:\\\/\\\/giatsu.com\\\/es\\\/?s={search_term_string}\"},\"query-input\":{\"@type\":\"PropertyValueSpecification\",\"valueRequired\":true,\"valueName\":\"search_term_string\"}}],\"inLanguage\":\"pt\"}]}<\/script>\n<!-- \/ Yoast SEO plugin. -->","yoast_head_json":{"title":"Ar condicionado Giatsu INSPIRA Duct | Slim com WiFi e alta efici\u00eancia","description":"A conduta Giatsu INSPIRA oferece um design ultra-compacto de 200 mm, bomba de condensa\u00e7\u00e3o de 1200 mm e WiFi integrado. Adaptabilidade, efici\u00eancia e conforto para qualquer espa\u00e7o.","robots":{"index":"index","follow":"follow","max-snippet":"max-snippet:-1","max-image-preview":"max-image-preview:large","max-video-preview":"max-video-preview:-1"},"canonical":"https:\/\/giatsu.com\/pt\/comercial-2\/ducts\/ducts-inspira\/","og_locale":"pt_PT","og_type":"article","og_title":"Ar condicionado Giatsu INSPIRA Duct | Slim com WiFi e alta efici\u00eancia","og_description":"A conduta Giatsu INSPIRA oferece um design ultra-compacto de 200 mm, bomba de condensa\u00e7\u00e3o de 1200 mm e WiFi integrado. Adaptabilidade, efici\u00eancia e conforto para qualquer espa\u00e7o.","og_url":"https:\/\/giatsu.com\/pt\/comercial-2\/ducts\/ducts-inspira\/","og_site_name":"GIATSU","article_modified_time":"2025-07-16T12:29:02+00:00","og_image":[{"width":500,"height":500,"url":"https:\/\/giatsu.com\/wp-content\/uploads\/2025\/03\/conducto-inspira3-65bd79.webp","type":"image\/webp"}],"twitter_card":"summary_large_image","twitter_misc":{"Est. reading time":"1 minute"},"schema":{"@context":"https:\/\/schema.org","@graph":[{"@type":"WebPage","@id":"https:\/\/giatsu.com\/pt\/comercial-2\/ducts\/ducts-inspira\/","url":"https:\/\/giatsu.com\/pt\/comercial-2\/ducts\/ducts-inspira\/","name":"Ar condicionado Giatsu INSPIRA Duct | Slim com WiFi e alta efici\u00eancia","isPartOf":{"@id":"https:\/\/giatsu.com\/es\/#website"},"primaryImageOfPage":{"@id":"https:\/\/giatsu.com\/pt\/comercial-2\/ducts\/ducts-inspira\/#primaryimage"},"image":{"@id":"https:\/\/giatsu.com\/pt\/comercial-2\/ducts\/ducts-inspira\/#primaryimage"},"thumbnailUrl":"https:\/\/giatsu.com\/wp-content\/uploads\/2025\/03\/conducto-inspira3-65bd79.webp","datePublished":"2025-03-14T07:24:53+00:00","dateModified":"2025-07-16T12:29:02+00:00","description":"A conduta Giatsu INSPIRA oferece um design ultra-compacto de 200 mm, bomba de condensa\u00e7\u00e3o de 1200 mm e WiFi integrado. Adaptabilidade, efici\u00eancia e conforto para qualquer espa\u00e7o.","breadcrumb":{"@id":"https:\/\/giatsu.com\/pt\/comercial-2\/ducts\/ducts-inspira\/#breadcrumb"},"inLanguage":"pt","potentialAction":[{"@type":"ReadAction","target":["https:\/\/giatsu.com\/pt\/comercial-2\/ducts\/ducts-inspira\/"]}]},{"@type":"ImageObject","inLanguage":"pt","@id":"https:\/\/giatsu.com\/pt\/comercial-2\/ducts\/ducts-inspira\/#primaryimage","url":"https:\/\/giatsu.com\/wp-content\/uploads\/2025\/03\/conducto-inspira3-65bd79.webp","contentUrl":"https:\/\/giatsu.com\/wp-content\/uploads\/2025\/03\/conducto-inspira3-65bd79.webp","width":500,"height":500},{"@type":"BreadcrumbList","@id":"https:\/\/giatsu.com\/pt\/comercial-2\/ducts\/ducts-inspira\/#breadcrumb","itemListElement":[{"@type":"ListItem","position":1,"name":"Home","item":"https:\/\/giatsu.com\/es\/"},{"@type":"ListItem","position":2,"name":"PRODUCTOS","item":"https:\/\/giatsu.com\/es\/productos\/"},{"@type":"ListItem","position":3,"name":"DUCTS INSPIRA"}]},{"@type":"WebSite","@id":"https:\/\/giatsu.com\/es\/#website","url":"https:\/\/giatsu.com\/es\/","name":"GIATSU","description":"Quality Comfort Everywhere","potentialAction":[{"@type":"SearchAction","target":{"@type":"EntryPoint","urlTemplate":"https:\/\/giatsu.com\/es\/?s={search_term_string}"},"query-input":{"@type":"PropertyValueSpecification","valueRequired":true,"valueName":"search_term_string"}}],"inLanguage":"pt"}]}},"_links":{"self":[{"href":"https:\/\/giatsu.com\/pt\/wp-json\/wp\/v2\/product\/13234","targetHints":{"allow":["GET"]}}],"collection":[{"href":"https:\/\/giatsu.com\/pt\/wp-json\/wp\/v2\/product"}],"about":[{"href":"https:\/\/giatsu.com\/pt\/wp-json\/wp\/v2\/types\/product"}],"wp:featuredmedia":[{"embeddable":true,"href":"https:\/\/giatsu.com\/pt\/wp-json\/wp\/v2\/media\/13233"}],"wp:attachment":[{"href":"https:\/\/giatsu.com\/pt\/wp-json\/wp\/v2\/media?parent=13234"}],"wp:term":[{"taxonomy":"product_brand","embeddable":true,"href":"https:\/\/giatsu.com\/pt\/wp-json\/wp\/v2\/product_brand?post=13234"},{"taxonomy":"product_cat","embeddable":true,"href":"https:\/\/giatsu.com\/pt\/wp-json\/wp\/v2\/product_cat?post=13234"},{"taxonomy":"product_tag","embeddable":true,"href":"https:\/\/giatsu.com\/pt\/wp-json\/wp\/v2\/product_tag?post=13234"}],"curies":[{"name":"wp","href":"https:\/\/api.w.org\/{rel}","templated":true}]}}