{"id":13123,"date":"2025-03-14T07:24:45","date_gmt":"2025-03-14T07:24:45","guid":{"rendered":"https:\/\/giatsu.com\/?post_type=product&#038;p=13123"},"modified":"2025-07-16T13:34:26","modified_gmt":"2025-07-16T13:34:26","slug":"cassete-de-inspiracao","status":"publish","type":"product","link":"https:\/\/giatsu.com\/pt\/comercial-2\/cassetes\/cassete-de-inspiracao\/","title":{"rendered":"CASSETE DE INSPIRA\u00c7\u00c3O"},"content":{"rendered":"<div class=\"wpb-content-wrapper\"><div class=\"container mb-1 moduloprincipalespictos\">\n<h2 class=\"text-center tituloprincipales\">Caracter\u00edsticas principales<\/h2>\n<div class=\"row row-cols-1 row-cols-md-2 row-cols-xl-3\">\n<div class=\"col-xs-6 col-md-3 order-last\">\n<div class=\"card\">\n                            <img decoding=\"async\" class=\"card-img-top w-100 d-block fit-cover pictoprincipalgrande\" src=\"https:\/\/giatsu.com\/wp-content\/uploads\/2023\/08\/wifi-incluido-cb8169.webp\" \/><\/p>\n<div class=\"card-body p-4\">\n<h3 class=\"font-weight-bold card-title\">wifi inclu\u00eddo<\/h3>\n<p class=\"card-text\">Atrav\u00e9s do aplicativo GIApp voc\u00ea pode controlar o equipamento a partir de um smartphone, tablet ou por voz com Alexa e Google Home.<\/p>\n<\/p><\/div><\/div><\/div>\n<div class=\"col-xs-6 col-md-3 order-last\">\n<div class=\"card\">\n                            <img decoding=\"async\" class=\"card-img-top w-100 d-block fit-cover pictoprincipalgrande\" src=\"https:\/\/giatsu.com\/wp-content\/uploads\/2025\/03\/aire-360-dbe5d7.webp\" \/><\/p>\n<div class=\"card-body p-4\">\n<h3 class=\"font-weight-bold card-title\">Ar 360\u00ba<\/h3>\n<p class=\"card-text\">O painel \u00e9 capaz de difundir um fluxo de ar de 360 ??graus, oferecendo o m\u00e1ximo conforto.<\/p>\n<\/p><\/div><\/div><\/div>\n<div class=\"col-xs-6 col-md-3 order-last\">\n<div class=\"card\">\n                            <img decoding=\"async\" class=\"card-img-top w-100 d-block fit-cover pictoprincipalgrande\" src=\"https:\/\/giatsu.com\/wp-content\/uploads\/2025\/04\/autolimpieza-0e9bb9.webp\" \/><\/p>\n<div class=\"card-body p-4\">\n<h3 class=\"font-weight-bold card-title\">Autolimpante<\/h3>\n<p class=\"card-text\">O ventilador da unidade interna possui um modo de rota\u00e7\u00e3o reversa que permite remover a \u00e1gua condensada e a poeira.<\/p>\n<\/p><\/div><\/div><\/div>\n<div class=\"col-xs-6 col-md-3 order-last\">\n<div class=\"card\">\n                            <img decoding=\"async\" class=\"card-img-top w-100 d-block fit-cover pictoprincipalgrande\" src=\"https:\/\/giatsu.com\/wp-content\/uploads\/2023\/08\/bomba-de-condensados-8f2ae0.webp\" \/><\/p>\n<div class=\"card-body p-4\">\n<h3 class=\"font-weight-bold card-title\">Bomba de condensado<\/h3>\n<p class=\"card-text\">A unidade possui uma bomba de condensado embutida como padr\u00e3o.<\/p>\n<\/p><\/div><\/div><\/div><\/div><\/div>\n<hr>\n<p>        [vc_row mobile_bg_img_hidden=&#8221;no&#8221; tablet_bg_img_hidden=&#8221;no&#8221; woodmart_parallax=&#8221;0&#8243; woodmart_gradient_switch=&#8221;no&#8221; row_reverse_mobile=&#8221;0&#8243; row_reverse_tablet=&#8221;0&#8243; woodmart_disable_overflow=&#8221;0&#8243; el_class=&#8221;filaImgCaracteristica&#8221;][vc_column mobile_bg_img_hidden=&#8221;no&#8221; tablet_bg_img_hidden=&#8221;no&#8221; woodmart_parallax=&#8221;0&#8243; woodmart_sticky_column=&#8221;false&#8221; parallax_scroll=&#8221;no&#8221; mobile_reset_margin=&#8221;no&#8221; tablet_reset_margin=&#8221;no&#8221;]<\/p>\n<div class=\"container mb-1\">\n<h3 class=\"text-center\">Informaci\u00f3n t\u00e9cnica<\/h3>\n<div class=\"row row-cols-1 row-cols-md-2 row-cols-xl-3 justify-content-md-center\">\n<div class=\"col-xs-1 col-md-1\">\n<div class=\"card\">\n                            <img decoding=\"async\" class=\"card-img-top w-100 d-block fit-cover pictoprincipalgrande\" src=\"https:\/\/giatsu.com\/wp-content\/uploads\/2023\/08\/gran-longitud-de-instalacion-8397b3.webp\" \/><\/p>\n<div class=\"card-body p-4\">\n<h4 class=\"card-text textospictospeques\">Longo comprimento de instala\u00e7\u00e3o<\/h4>\n<\/p><\/div><\/div><\/div>\n<div class=\"col-xs-1 col-md-1\">\n<div class=\"card\">\n                            <img decoding=\"async\" class=\"card-img-top w-100 d-block fit-cover pictoprincipalgrande\" src=\"https:\/\/giatsu.com\/wp-content\/uploads\/2025\/04\/control-remoto-opcional-f75fd2.webp\" \/><\/p>\n<div class=\"card-body p-4\">\n<h4 class=\"card-text textospictospeques\">Controle remoto opcional<\/h4>\n<\/p><\/div><\/div><\/div>\n<div class=\"col-xs-1 col-md-1\">\n<div class=\"card\">\n                            <img decoding=\"async\" class=\"card-img-top w-100 d-block fit-cover pictoprincipalgrande\" src=\"https:\/\/giatsu.com\/wp-content\/uploads\/2023\/08\/control_integrado-87949f.webp\" \/><\/p>\n<div class=\"card-body p-4\">\n<h4 class=\"card-text textospictospeques\">Controle integrado<\/h4>\n<\/p><\/div><\/div><\/div>\n<div class=\"col-xs-1 col-md-1\">\n<div class=\"card\">\n                            <img decoding=\"async\" class=\"card-img-top w-100 d-block fit-cover pictoprincipalgrande\" src=\"https:\/\/giatsu.com\/wp-content\/uploads\/2024\/02\/r-32-b46f41.webp\" \/><\/p>\n<div class=\"card-body p-4\">\n<h4 class=\"card-text textospictospeques\">R 32<\/h4>\n<\/p><\/div><\/div><\/div>\n<div class=\"col-xs-1 col-md-1\">\n<div class=\"card\">\n                            <img decoding=\"async\" class=\"card-img-top w-100 d-block fit-cover pictoprincipalgrande\" src=\"https:\/\/giatsu.com\/wp-content\/uploads\/2023\/08\/auto_restart-50f34a.webp\" \/><\/p>\n<div class=\"card-body p-4\">\n<h4 class=\"card-text textospictospeques\">Rein\u00edcio autom\u00e1tico<\/h4>\n<\/p><\/div><\/div><\/div><\/div><\/div>\n<div class=\"row justify-content-md-center\">\n<div class=\"vc_btn3-container vc_btn3-inline\" id=\"botonDescargarFicha\">\n                        <a target=\"_blank\" class=\"btn btn-light border rounded-4 botondescarga\" href=\"https:\/\/giatsu.com\/documentacion\/\/giatsu-fichas-tecnicas-cassettes-lcac-inspira-portugues.pdf\" title=\"\">Baixar planilha<\/a>\n                 <\/div><\/div>\n<\/div>","protected":false},"excerpt":{"rendered":"<p>Apresentamos a nova <strong>Cassete INSPIRA da Giatsu: efici&ecirc;ncia, conforto<\/strong> <strong>e<\/strong> <strong>conetividade num design compacto.<\/strong><\/p>\n<p>Esta gama foi concebida para se adaptar de forma flex&iacute;vel a todos os ambientes, combinando inova&ccedil;&atilde;o tecnol&oacute;gica, desempenho e facilidade de instala&ccedil;&atilde;o.<\/p>\n<p>As unidades Inspira est&atilde;o preparadas para funcionar em condi&ccedil;&otilde;es climat&eacute;ricas extremas, <strong>funcionando de forma est&aacute;vel no arrefecimento mesmo a uma temperatura ambiente de 53&deg;C<\/strong>. O revestimento Golden Fin no permutador proporciona uma prote&ccedil;&atilde;o superior contra a corros&atilde;o e a oxida&ccedil;&atilde;o, prolongando a vida &uacute;til do sistema.<\/p>\n<p><strong>Principais vantagens:<\/strong><\/p>\n<p>&#8211; <strong>Distribui&ccedil;&atilde;o de ar a 360&deg;: <\/strong>Cobertura uniforme em todas as direc&ccedil;&otilde;es, sem correntes de ar perturbadoras, ideal para um conforto t&eacute;rmico equilibrado em qualquer divis&atilde;o.<\/p>\n<p>&#8211; <strong>Wi-Fi integrado de s&eacute;rie: <\/strong>Controlo e monitoriza&ccedil;&atilde;o em tempo real a partir da aplica&ccedil;&atilde;o GIApp, dispon&iacute;vel para todos os dispositivos m&oacute;veis.<\/p>\n<p>&#8211; <strong>Bomba de condensados inclu&iacute;da:<\/strong> Capaz de elevar a &aacute;gua at&eacute; 1.200 mm, facilitando a instala&ccedil;&atilde;o e melhorando a efici&ecirc;ncia da drenagem.<\/p>\n<p>&#8211; <strong>Design compacto e flex&iacute;vel:<\/strong> Instala&ccedil;&atilde;o at&eacute; 75 metros de comprimento total e at&eacute; 30 metros de diferen&ccedil;a de altura entre unidades, ideal para projectos exigentes.<\/p>\n<p>&#8211; <strong>Fun&ccedil;&atilde;o Auto-Restart:<\/strong> Em caso de falha de energia, a unidade reinicia automaticamente com os par&acirc;metros previamente configurados.<\/p>\n<p>&#8211; <strong>Desumidifica&ccedil;&atilde;o: <\/strong>Mant&eacute;m os espa&ccedil;os secos e agrad&aacute;veis mesmo em dias de chuva.<\/p>\n<p>&nbsp;<\/p>\n<p><strong>Outras carater&iacute;sticas de destaque<\/strong><\/p>\n<p>&#8211; Painel branco de alta qualidade com fornecimento de ar a 360&ordm; e f&aacute;cil instala&ccedil;&atilde;o.<\/p>\n<p>&#8211; Inclui controlo remoto e op&ccedil;&atilde;o de controlo com fios.<\/p>\n<p>&#8211; Contactos de ligar\/desligar e alarme para maior controlo e seguran&ccedil;a.<\/p>\n<p>&nbsp;<\/p>\n<p>Gra&ccedil;as ao seu design compacto e funcionalidades integradas, <strong>a gama Inspira permite uma instala&ccedil;&atilde;o flex&iacute;vel. <\/strong><\/p>\n<p>Pot&ecirc;ncias dispon&iacute;veis: 3,5kW, 5,2kW, 7,1kW, 10,5kW, 14kW, 16kW<\/p>\n<p>Inspira, a mudan&ccedil;a no ar condicionado, vers&aacute;til, eficiente e inteligente.<\/p>\n<p>&nbsp;<\/p>\n<div class='divPictosEnergia'>[vc_single_image image=&#8217;10410&#8242; alignment=&#8217;center&#8217; woodmart_inline=&#8217;no&#8217; parallax_scroll=&#8217;no&#8217; el_class=&#8217;imgEnergia&#8217; img_size=&#8217;72&#215;36&#8242;][vc_single_image image=&#8217;10510&#8242; alignment=&#8217;center&#8217; woodmart_inline=&#8217;no&#8217; parallax_scroll=&#8217;no&#8217; el_class=&#8217;imgEnergia&#8217; img_size=&#8217;72&#215;36&#8242;][vc_single_image image=&#8217;10405&#8242; alignment=&#8217;center&#8217; woodmart_inline=&#8217;no&#8217; parallax_scroll=&#8217;no&#8217; el_class=&#8217;imgEnergia&#8217; img_size=&#8217;72&#215;36&#8242;]<\/div>\n<div class='pictosvoz'>[vc_single_image image=&#8217;13599&#8242; alignment=&#8217;center&#8217; woodmart_inline=&#8217;no&#8217; parallax_scroll=&#8217;no&#8217; el_class=&#8217;imgEnergia&#8217; img_size=&#8217;65&#215;65&#8242;][vc_single_image image=&#8217;13604&#8242; alignment=&#8217;center&#8217; woodmart_inline=&#8217;no&#8217; parallax_scroll=&#8217;no&#8217; el_class=&#8217;imgEnergia&#8217; img_size=&#8217;65&#215;65&#8242;][vc_single_image image=&#8217;13614&#8242; alignment=&#8217;center&#8217; woodmart_inline=&#8217;no&#8217; parallax_scroll=&#8217;no&#8217; el_class=&#8217;imgEnergia&#8217; img_size=&#8217;65&#215;65&#8242;]<\/div>\n","protected":false},"featured_media":13146,"template":"","meta":{"_monsterinsights_skip_tracking":false,"_monsterinsights_sitenote_active":false,"_monsterinsights_sitenote_note":"","_monsterinsights_sitenote_category":0},"product_brand":[],"product_cat":[746],"product_tag":[],"class_list":{"0":"post-13123","1":"product","2":"type-product","3":"status-publish","4":"has-post-thumbnail","6":"product_cat-cassetes","8":"first","9":"instock","10":"featured","11":"shipping-taxable","12":"product-type-simple"},"yoast_head":"<!-- This site is optimized with the Yoast SEO plugin v27.4 - https:\/\/yoast.com\/product\/yoast-seo-wordpress\/ -->\n<title>Cassete INSPIRA Giatsu: Ar condicionado 360\u00b0 com wifi e desumidifica\u00e7\u00e3o<\/title>\n<meta name=\"description\" content=\"Descubra a cassete Giatsu INSPIRA com caudal de ar de 360\u00b0, Wi-Fi integrado e bomba de condensa\u00e7\u00e3o. Ideal para escrit\u00f3rios, hot\u00e9is e lojas. Conforto t\u00e9rmico sem correntes de ar inc\u00f3modas. Efici\u00eancia e tecnologia em ar condicionado!\" \/>\n<meta name=\"robots\" content=\"index, follow, max-snippet:-1, max-image-preview:large, max-video-preview:-1\" \/>\n<link rel=\"canonical\" href=\"https:\/\/giatsu.com\/pt\/comercial-2\/cassetes\/cassete-de-inspiracao\/\" \/>\n<meta property=\"og:locale\" content=\"pt_PT\" \/>\n<meta property=\"og:type\" content=\"article\" \/>\n<meta property=\"og:title\" content=\"Cassete INSPIRA Giatsu: Ar condicionado 360\u00b0 com wifi e desumidifica\u00e7\u00e3o\" \/>\n<meta property=\"og:description\" content=\"Descubra a cassete Giatsu INSPIRA com caudal de ar de 360\u00b0, Wi-Fi integrado e bomba de condensa\u00e7\u00e3o. Ideal para escrit\u00f3rios, hot\u00e9is e lojas. Conforto t\u00e9rmico sem correntes de ar inc\u00f3modas. Efici\u00eancia e tecnologia em ar condicionado!\" \/>\n<meta property=\"og:url\" content=\"https:\/\/giatsu.com\/pt\/comercial-2\/cassetes\/cassete-de-inspiracao\/\" \/>\n<meta property=\"og:site_name\" content=\"GIATSU\" \/>\n<meta property=\"article:modified_time\" content=\"2025-07-16T13:34:26+00:00\" \/>\n<meta property=\"og:image\" content=\"https:\/\/giatsu.com\/wp-content\/uploads\/2025\/03\/cassette-inspira2-c4c3ae.webp\" \/>\n\t<meta property=\"og:image:width\" content=\"500\" \/>\n\t<meta property=\"og:image:height\" content=\"500\" \/>\n\t<meta property=\"og:image:type\" content=\"image\/webp\" \/>\n<meta name=\"twitter:card\" content=\"summary_large_image\" \/>\n<meta name=\"twitter:label1\" content=\"Est. reading time\" \/>\n\t<meta name=\"twitter:data1\" content=\"1 minute\" \/>\n<script type=\"application\/ld+json\" class=\"yoast-schema-graph\">{\"@context\":\"https:\\\/\\\/schema.org\",\"@graph\":[{\"@type\":\"WebPage\",\"@id\":\"https:\\\/\\\/giatsu.com\\\/pt\\\/comercial-2\\\/cassetes\\\/cassete-de-inspiracao\\\/\",\"url\":\"https:\\\/\\\/giatsu.com\\\/pt\\\/comercial-2\\\/cassetes\\\/cassete-de-inspiracao\\\/\",\"name\":\"Cassete INSPIRA Giatsu: Ar condicionado 360\u00b0 com wifi e desumidifica\u00e7\u00e3o\",\"isPartOf\":{\"@id\":\"https:\\\/\\\/giatsu.com\\\/es\\\/#website\"},\"primaryImageOfPage\":{\"@id\":\"https:\\\/\\\/giatsu.com\\\/pt\\\/comercial-2\\\/cassetes\\\/cassete-de-inspiracao\\\/#primaryimage\"},\"image\":{\"@id\":\"https:\\\/\\\/giatsu.com\\\/pt\\\/comercial-2\\\/cassetes\\\/cassete-de-inspiracao\\\/#primaryimage\"},\"thumbnailUrl\":\"https:\\\/\\\/giatsu.com\\\/wp-content\\\/uploads\\\/2025\\\/03\\\/cassette-inspira2-c4c3ae.webp\",\"datePublished\":\"2025-03-14T07:24:45+00:00\",\"dateModified\":\"2025-07-16T13:34:26+00:00\",\"description\":\"Descubra a cassete Giatsu INSPIRA com caudal de ar de 360\u00b0, Wi-Fi integrado e bomba de condensa\u00e7\u00e3o. Ideal para escrit\u00f3rios, hot\u00e9is e lojas. Conforto t\u00e9rmico sem correntes de ar inc\u00f3modas. Efici\u00eancia e tecnologia em ar condicionado!\",\"breadcrumb\":{\"@id\":\"https:\\\/\\\/giatsu.com\\\/pt\\\/comercial-2\\\/cassetes\\\/cassete-de-inspiracao\\\/#breadcrumb\"},\"inLanguage\":\"pt\",\"potentialAction\":[{\"@type\":\"ReadAction\",\"target\":[\"https:\\\/\\\/giatsu.com\\\/pt\\\/comercial-2\\\/cassetes\\\/cassete-de-inspiracao\\\/\"]}]},{\"@type\":\"ImageObject\",\"inLanguage\":\"pt\",\"@id\":\"https:\\\/\\\/giatsu.com\\\/pt\\\/comercial-2\\\/cassetes\\\/cassete-de-inspiracao\\\/#primaryimage\",\"url\":\"https:\\\/\\\/giatsu.com\\\/wp-content\\\/uploads\\\/2025\\\/03\\\/cassette-inspira2-c4c3ae.webp\",\"contentUrl\":\"https:\\\/\\\/giatsu.com\\\/wp-content\\\/uploads\\\/2025\\\/03\\\/cassette-inspira2-c4c3ae.webp\",\"width\":500,\"height\":500},{\"@type\":\"BreadcrumbList\",\"@id\":\"https:\\\/\\\/giatsu.com\\\/pt\\\/comercial-2\\\/cassetes\\\/cassete-de-inspiracao\\\/#breadcrumb\",\"itemListElement\":[{\"@type\":\"ListItem\",\"position\":1,\"name\":\"Home\",\"item\":\"https:\\\/\\\/giatsu.com\\\/es\\\/\"},{\"@type\":\"ListItem\",\"position\":2,\"name\":\"PRODUCTOS\",\"item\":\"https:\\\/\\\/giatsu.com\\\/es\\\/productos\\\/\"},{\"@type\":\"ListItem\",\"position\":3,\"name\":\"CASSETE DE INSPIRA\u00c7\u00c3O\"}]},{\"@type\":\"WebSite\",\"@id\":\"https:\\\/\\\/giatsu.com\\\/es\\\/#website\",\"url\":\"https:\\\/\\\/giatsu.com\\\/es\\\/\",\"name\":\"GIATSU\",\"description\":\"Quality Comfort Everywhere\",\"potentialAction\":[{\"@type\":\"SearchAction\",\"target\":{\"@type\":\"EntryPoint\",\"urlTemplate\":\"https:\\\/\\\/giatsu.com\\\/es\\\/?s={search_term_string}\"},\"query-input\":{\"@type\":\"PropertyValueSpecification\",\"valueRequired\":true,\"valueName\":\"search_term_string\"}}],\"inLanguage\":\"pt\"}]}<\/script>\n<!-- \/ Yoast SEO plugin. -->","yoast_head_json":{"title":"Cassete INSPIRA Giatsu: Ar condicionado 360\u00b0 com wifi e desumidifica\u00e7\u00e3o","description":"Descubra a cassete Giatsu INSPIRA com caudal de ar de 360\u00b0, Wi-Fi integrado e bomba de condensa\u00e7\u00e3o. Ideal para escrit\u00f3rios, hot\u00e9is e lojas. Conforto t\u00e9rmico sem correntes de ar inc\u00f3modas. Efici\u00eancia e tecnologia em ar condicionado!","robots":{"index":"index","follow":"follow","max-snippet":"max-snippet:-1","max-image-preview":"max-image-preview:large","max-video-preview":"max-video-preview:-1"},"canonical":"https:\/\/giatsu.com\/pt\/comercial-2\/cassetes\/cassete-de-inspiracao\/","og_locale":"pt_PT","og_type":"article","og_title":"Cassete INSPIRA Giatsu: Ar condicionado 360\u00b0 com wifi e desumidifica\u00e7\u00e3o","og_description":"Descubra a cassete Giatsu INSPIRA com caudal de ar de 360\u00b0, Wi-Fi integrado e bomba de condensa\u00e7\u00e3o. Ideal para escrit\u00f3rios, hot\u00e9is e lojas. Conforto t\u00e9rmico sem correntes de ar inc\u00f3modas. Efici\u00eancia e tecnologia em ar condicionado!","og_url":"https:\/\/giatsu.com\/pt\/comercial-2\/cassetes\/cassete-de-inspiracao\/","og_site_name":"GIATSU","article_modified_time":"2025-07-16T13:34:26+00:00","og_image":[{"width":500,"height":500,"url":"https:\/\/giatsu.com\/wp-content\/uploads\/2025\/03\/cassette-inspira2-c4c3ae.webp","type":"image\/webp"}],"twitter_card":"summary_large_image","twitter_misc":{"Est. reading time":"1 minute"},"schema":{"@context":"https:\/\/schema.org","@graph":[{"@type":"WebPage","@id":"https:\/\/giatsu.com\/pt\/comercial-2\/cassetes\/cassete-de-inspiracao\/","url":"https:\/\/giatsu.com\/pt\/comercial-2\/cassetes\/cassete-de-inspiracao\/","name":"Cassete INSPIRA Giatsu: Ar condicionado 360\u00b0 com wifi e desumidifica\u00e7\u00e3o","isPartOf":{"@id":"https:\/\/giatsu.com\/es\/#website"},"primaryImageOfPage":{"@id":"https:\/\/giatsu.com\/pt\/comercial-2\/cassetes\/cassete-de-inspiracao\/#primaryimage"},"image":{"@id":"https:\/\/giatsu.com\/pt\/comercial-2\/cassetes\/cassete-de-inspiracao\/#primaryimage"},"thumbnailUrl":"https:\/\/giatsu.com\/wp-content\/uploads\/2025\/03\/cassette-inspira2-c4c3ae.webp","datePublished":"2025-03-14T07:24:45+00:00","dateModified":"2025-07-16T13:34:26+00:00","description":"Descubra a cassete Giatsu INSPIRA com caudal de ar de 360\u00b0, Wi-Fi integrado e bomba de condensa\u00e7\u00e3o. Ideal para escrit\u00f3rios, hot\u00e9is e lojas. Conforto t\u00e9rmico sem correntes de ar inc\u00f3modas. Efici\u00eancia e tecnologia em ar condicionado!","breadcrumb":{"@id":"https:\/\/giatsu.com\/pt\/comercial-2\/cassetes\/cassete-de-inspiracao\/#breadcrumb"},"inLanguage":"pt","potentialAction":[{"@type":"ReadAction","target":["https:\/\/giatsu.com\/pt\/comercial-2\/cassetes\/cassete-de-inspiracao\/"]}]},{"@type":"ImageObject","inLanguage":"pt","@id":"https:\/\/giatsu.com\/pt\/comercial-2\/cassetes\/cassete-de-inspiracao\/#primaryimage","url":"https:\/\/giatsu.com\/wp-content\/uploads\/2025\/03\/cassette-inspira2-c4c3ae.webp","contentUrl":"https:\/\/giatsu.com\/wp-content\/uploads\/2025\/03\/cassette-inspira2-c4c3ae.webp","width":500,"height":500},{"@type":"BreadcrumbList","@id":"https:\/\/giatsu.com\/pt\/comercial-2\/cassetes\/cassete-de-inspiracao\/#breadcrumb","itemListElement":[{"@type":"ListItem","position":1,"name":"Home","item":"https:\/\/giatsu.com\/es\/"},{"@type":"ListItem","position":2,"name":"PRODUCTOS","item":"https:\/\/giatsu.com\/es\/productos\/"},{"@type":"ListItem","position":3,"name":"CASSETE DE INSPIRA\u00c7\u00c3O"}]},{"@type":"WebSite","@id":"https:\/\/giatsu.com\/es\/#website","url":"https:\/\/giatsu.com\/es\/","name":"GIATSU","description":"Quality Comfort Everywhere","potentialAction":[{"@type":"SearchAction","target":{"@type":"EntryPoint","urlTemplate":"https:\/\/giatsu.com\/es\/?s={search_term_string}"},"query-input":{"@type":"PropertyValueSpecification","valueRequired":true,"valueName":"search_term_string"}}],"inLanguage":"pt"}]}},"_links":{"self":[{"href":"https:\/\/giatsu.com\/pt\/wp-json\/wp\/v2\/product\/13123","targetHints":{"allow":["GET"]}}],"collection":[{"href":"https:\/\/giatsu.com\/pt\/wp-json\/wp\/v2\/product"}],"about":[{"href":"https:\/\/giatsu.com\/pt\/wp-json\/wp\/v2\/types\/product"}],"wp:featuredmedia":[{"embeddable":true,"href":"https:\/\/giatsu.com\/pt\/wp-json\/wp\/v2\/media\/13146"}],"wp:attachment":[{"href":"https:\/\/giatsu.com\/pt\/wp-json\/wp\/v2\/media?parent=13123"}],"wp:term":[{"taxonomy":"product_brand","embeddable":true,"href":"https:\/\/giatsu.com\/pt\/wp-json\/wp\/v2\/product_brand?post=13123"},{"taxonomy":"product_cat","embeddable":true,"href":"https:\/\/giatsu.com\/pt\/wp-json\/wp\/v2\/product_cat?post=13123"},{"taxonomy":"product_tag","embeddable":true,"href":"https:\/\/giatsu.com\/pt\/wp-json\/wp\/v2\/product_tag?post=13123"}],"curies":[{"name":"wp","href":"https:\/\/api.w.org\/{rel}","templated":true}]}}