{"id":13095,"date":"2025-03-06T07:57:57","date_gmt":"2025-03-06T07:57:57","guid":{"rendered":"https:\/\/giatsu.com\/?post_type=product&#038;p=13095"},"modified":"2025-06-16T06:03:06","modified_gmt":"2025-06-16T06:03:06","slug":"aroma-plus","status":"publish","type":"product","link":"https:\/\/giatsu.com\/pt\/splits-2\/divisoes-1x1\/aroma-plus\/","title":{"rendered":"AROMA PLUS"},"content":{"rendered":"<div class=\"wpb-content-wrapper\"><div class=\"container mb-1 moduloprincipalespictos\">\n<h2 class=\"text-center tituloprincipales\">Caracter\u00edsticas principales<\/h2>\n<div class=\"row row-cols-1 row-cols-md-2 row-cols-xl-3\">\n<div class=\"col-xs-6 col-md-3 order-last\">\n<div class=\"card\">\n                            <img decoding=\"async\" class=\"card-img-top w-100 d-block fit-cover pictoprincipalgrande\" src=\"https:\/\/giatsu.com\/wp-content\/uploads\/2023\/06\/versatilidad-2d1bce.webp\" \/><\/p>\n<div class=\"card-body p-4\">\n<h3 class=\"font-weight-bold card-title\">Versatilidade<\/h3>\n<p class=\"card-text\">Suporta grandes dist\u00e2ncias de instala\u00e7\u00e3o: 50 m de dist\u00e2ncia e 25 m de desn\u00edvel (para o modelo de 7,1 kW).<\/p>\n<\/p><\/div><\/div><\/div>\n<div class=\"col-xs-6 col-md-3 order-last\">\n<div class=\"card\">\n                            <img decoding=\"async\" class=\"card-img-top w-100 d-block fit-cover pictoprincipalgrande\" src=\"https:\/\/giatsu.com\/wp-content\/uploads\/2024\/05\/eficiente-985b20.webp\" \/><\/p>\n<div class=\"card-body p-4\">\n<h3 class=\"font-weight-bold card-title\">Eficiente<\/h3>\n<p class=\"card-text\">Classifica\u00e7\u00e3o energ\u00e9tica A+++ para arrefecimento e A++ <\/p>\n<\/p><\/div><\/div><\/div>\n<div class=\"col-xs-6 col-md-3 order-last\">\n<div class=\"card\">\n                            <img decoding=\"async\" class=\"card-img-top w-100 d-block fit-cover pictoprincipalgrande\" src=\"https:\/\/giatsu.com\/wp-content\/uploads\/2023\/08\/wifi-incluido-cb8169.webp\" \/><\/p>\n<div class=\"card-body p-4\">\n<h3 class=\"font-weight-bold card-title\">wifi inclu\u00eddo<\/h3>\n<p class=\"card-text\">Atrav\u00e9s do aplicativo GIApp voc\u00ea pode controlar o equipamento a partir de um smartphone, tablet ou por voz com Alexa e Google Home.<\/p>\n<\/p><\/div><\/div><\/div>\n<div class=\"col-xs-6 col-md-3 order-last\">\n<div class=\"card\">\n                            <img decoding=\"async\" class=\"card-img-top w-100 d-block fit-cover pictoprincipalgrande\" src=\"https:\/\/giatsu.com\/wp-content\/uploads\/2025\/03\/acabado-mate-f6607d.webp\" \/><\/p>\n<div class=\"card-body p-4\">\n<h3 class=\"font-weight-bold card-title\"><\/h3>\n<p class=\"card-text\">\n<\/p><\/div><\/div><\/div><\/div><\/div>\n<hr>\n<p>        [vc_row mobile_bg_img_hidden=&#8221;no&#8221; tablet_bg_img_hidden=&#8221;no&#8221; woodmart_parallax=&#8221;0&#8243; woodmart_gradient_switch=&#8221;no&#8221; row_reverse_mobile=&#8221;0&#8243; row_reverse_tablet=&#8221;0&#8243; woodmart_disable_overflow=&#8221;0&#8243; el_class=&#8221;filaImgCaracteristica&#8221;][vc_column mobile_bg_img_hidden=&#8221;no&#8221; tablet_bg_img_hidden=&#8221;no&#8221; woodmart_parallax=&#8221;0&#8243; woodmart_sticky_column=&#8221;false&#8221; parallax_scroll=&#8221;no&#8221; mobile_reset_margin=&#8221;no&#8221; tablet_reset_margin=&#8221;no&#8221;]<\/p>\n<div class=\"container mb-1\">\n<h3 class=\"text-center\">Informaci\u00f3n t\u00e9cnica<\/h3>\n<div class=\"row row-cols-1 row-cols-md-2 row-cols-xl-3 justify-content-md-center\">\n<div class=\"col-xs-1 col-md-1\">\n<div class=\"card\">\n                            <img decoding=\"async\" class=\"card-img-top w-100 d-block fit-cover pictoprincipalgrande\" src=\"https:\/\/giatsu.com\/wp-content\/uploads\/2023\/08\/modo-noche-b8d8e1.webp\" \/><\/p>\n<div class=\"card-body p-4\">\n<h4 class=\"card-text textospictospeques\">Modo noturno<\/h4>\n<\/p><\/div><\/div><\/div>\n<div class=\"col-xs-1 col-md-1\">\n<div class=\"card\">\n                            <img decoding=\"async\" class=\"card-img-top w-100 d-block fit-cover pictoprincipalgrande\" src=\"https:\/\/giatsu.com\/wp-content\/uploads\/2023\/08\/deshumificador-0818c1.webp\" \/><\/p>\n<div class=\"card-body p-4\">\n<h4 class=\"card-text textospictospeques\">Desumidificador<\/h4>\n<\/p><\/div><\/div><\/div>\n<div class=\"col-xs-1 col-md-1\">\n<div class=\"card\">\n                            <img decoding=\"async\" class=\"card-img-top w-100 d-block fit-cover pictoprincipalgrande\" src=\"https:\/\/giatsu.com\/wp-content\/uploads\/2023\/08\/temporizador_24_h-f6c646.webp\" \/><\/p>\n<div class=\"card-body p-4\">\n<h4 class=\"card-text textospictospeques\">Temporizador 24h<\/h4>\n<\/p><\/div><\/div><\/div>\n<div class=\"col-xs-1 col-md-1\">\n<div class=\"card\">\n                            <img decoding=\"async\" class=\"card-img-top w-100 d-block fit-cover pictoprincipalgrande\" src=\"https:\/\/giatsu.com\/wp-content\/uploads\/2024\/04\/proteccion_golden_fin-76b666.webp\" \/><\/p>\n<div class=\"card-body p-4\">\n<h4 class=\"card-text textospictospeques\">Prote\u00e7\u00e3o Golden Fin <\/h4>\n<\/p><\/div><\/div><\/div>\n<div class=\"col-xs-1 col-md-1\">\n<div class=\"card\">\n                            <img decoding=\"async\" class=\"card-img-top w-100 d-block fit-cover pictoprincipalgrande\" src=\"https:\/\/giatsu.com\/wp-content\/uploads\/2023\/08\/detector_de_fuga-ec-33dc19.webp\" \/><\/p>\n<div class=\"card-body p-4\">\n<h4 class=\"card-text textospictospeques\">Detector de vazamento (EC)<\/h4>\n<\/p><\/div><\/div><\/div>\n<div class=\"col-xs-1 col-md-1\">\n<div class=\"card\">\n                            <img decoding=\"async\" class=\"card-img-top w-100 d-block fit-cover pictoprincipalgrande\" src=\"https:\/\/giatsu.com\/wp-content\/uploads\/2023\/08\/desague_por_ambos_lados-030c35.webp\" \/><\/p>\n<div class=\"card-body p-4\">\n<h4 class=\"card-text textospictospeques\">Drenar em ambos os lados<\/h4>\n<\/p><\/div><\/div><\/div><\/div><\/div>\n<div class=\"row justify-content-md-center\">\n<div class=\"vc_btn3-container vc_btn3-inline\" id=\"botonDescargarFicha\">\n                        <a target=\"_blank\" class=\"btn btn-light border rounded-4 botondescarga\" href=\"https:\/\/giatsu.com\/documentacion\/\/giatsu-fichas-tecnicas-split-pared-1x1-aroma-plus-portugues.pdf\" title=\"\">Baixar planilha<\/a>\n                 <\/div><\/div>\n<div class=\"row\">\n<hr>\n<div class=\"col text-center\"><a target=\"_blank\" href=\"https:\/\/giatsu.com\/documentacion\/\/giatsu-manual-de-usuario-e-instalacion-split-pared-1x1-aroma-plus-multiidioma.pdf\" class=\"btn btn-light border rounded-4 botonDescargaManual botondescarga\">Manual de usu\u00e1rio<\/a><\/div>\n<hr>\n<\/div>\n<\/div>","protected":false},"excerpt":{"rendered":"<p>O Aroma Plus Split 1&#215;1 posiciona-se como uma das solu&ccedil;&otilde;es mais inovadoras e avan&ccedil;adas do mercado.<\/p>\n<p>Concebido para oferecer o m&aacute;ximo rendimento com o m&iacute;nimo consumo, este equipamento destaca-se pela sua tecnologia de ponta, facilidade de instala&ccedil;&atilde;o e design elegante com um acabamento mate que se adapta a qualquer ambiente.<\/p>\n<p data-pm-slice=\"1 1 [\"><strong>Ultra-silencioso com apenas 19 dB<\/strong>, ideal para um descanso e conforto absolutos.<\/p>\n<p><strong>Principais carater&iacute;sticas:<\/strong><\/p>\n<ul>\n<li>Efici&ecirc;ncia energ&eacute;tica A+++ na refrigera&ccedil;&atilde;o para um consumo reduzido e m&aacute;ximo conforto.<\/li>\n<li>Sistema ECO+, que optimiza o desempenho atrav&eacute;s da regula&ccedil;&atilde;o dos componentes mec&acirc;nicos e electr&oacute;nicos.<\/li>\n<li>Sensor de temperatura no controlo remoto para uma regula&ccedil;&atilde;o precisa e personalizada.<\/li>\n<li>Modo I-Clean, que congela e aquece a serpentina, eliminando o p&oacute;, o bolor e a gordura acumulada.<\/li>\n<li>Sistema de filtragem avan&ccedil;ado com filtros Cold Catalyst, Silver Ion e Active Carbon para um ar mais limpo e saud&aacute;vel.<\/li>\n<li>Revestimento Golden Fin, que protege as baterias contra a corros&atilde;o e prolonga a sua vida &uacute;til.<\/li>\n<li>Tem wi-fi integrado e compatibilidade com Google Home e Alexa para controlo remoto atrav&eacute;s de app ou comandos de voz.<\/li>\n<li>Design elegante com acabamento mate, moderno e discreto para qualquer espa&ccedil;o.<\/li>\n<\/ul>\n<p><strong>Garantia de 10 anos para o compressor.<\/strong><\/p>\n<p>Pot&ecirc;ncias dispon&iacute;veis: 2,6KW, 3,5KW, 5,2KW, 7,1KW<\/p>\n<div class='divPictosEnergia'>[vc_single_image image=&#8217;10410&#8242; alignment=&#8217;center&#8217; woodmart_inline=&#8217;no&#8217; parallax_scroll=&#8217;no&#8217; el_class=&#8217;imgEnergia&#8217; img_size=&#8217;72&#215;36&#8242;][vc_single_image image=&#8217;13014&#8242; alignment=&#8217;center&#8217; woodmart_inline=&#8217;no&#8217; parallax_scroll=&#8217;no&#8217; el_class=&#8217;imgEnergia&#8217; img_size=&#8217;72&#215;36&#8242;][vc_single_image image=&#8217;13009&#8242; alignment=&#8217;center&#8217; woodmart_inline=&#8217;no&#8217; parallax_scroll=&#8217;no&#8217; el_class=&#8217;imgEnergia&#8217; img_size=&#8217;72&#215;36&#8242;]<\/div>\n<div class='pictosvoz'>[vc_single_image image=&#8217;13599&#8242; alignment=&#8217;center&#8217; woodmart_inline=&#8217;no&#8217; parallax_scroll=&#8217;no&#8217; el_class=&#8217;imgEnergia&#8217; img_size=&#8217;65&#215;65&#8242;][vc_single_image image=&#8217;13604&#8242; alignment=&#8217;center&#8217; woodmart_inline=&#8217;no&#8217; parallax_scroll=&#8217;no&#8217; el_class=&#8217;imgEnergia&#8217; img_size=&#8217;65&#215;65&#8242;]<\/div>\n","protected":false},"featured_media":13033,"template":"","meta":{"_monsterinsights_skip_tracking":false,"_monsterinsights_sitenote_active":false,"_monsterinsights_sitenote_note":"","_monsterinsights_sitenote_category":0},"product_brand":[],"product_cat":[790],"product_tag":[],"class_list":{"0":"post-13095","1":"product","2":"type-product","3":"status-publish","4":"has-post-thumbnail","6":"product_cat-divisoes-1x1","8":"first","9":"instock","10":"featured","11":"shipping-taxable","12":"product-type-simple"},"yoast_head":"<!-- This site is optimized with the Yoast SEO plugin v26.6 - https:\/\/yoast.com\/wordpress\/plugins\/seo\/ -->\n<title>Aroma Plus, o sistema split mais eficiente em termos energ\u00e9ticos<\/title>\n<meta name=\"description\" content=\"Aroma Plus Split 1x1: ar condicionado A+++ economizador de energia com tecnologia de fluxo de ar 3D, filtros avan\u00e7ados e WiFi integrado. Desfrute de um ambiente saud\u00e1vel e confort\u00e1vel com controlo remoto a partir do seu smartphone. Instala\u00e7\u00e3o f\u00e1cil, manuten\u00e7\u00e3o optimizada e garantia de 10 anos para o compressor: desempenho m\u00e1ximo com consumo m\u00ednimo!\" \/>\n<meta name=\"robots\" content=\"index, follow, max-snippet:-1, max-image-preview:large, max-video-preview:-1\" \/>\n<link rel=\"canonical\" href=\"https:\/\/giatsu.com\/pt\/splits-2\/divisoes-1x1\/aroma-plus\/\" \/>\n<meta property=\"og:locale\" content=\"pt_PT\" \/>\n<meta property=\"og:type\" content=\"article\" \/>\n<meta property=\"og:title\" content=\"Aroma Plus, o sistema split mais eficiente em termos energ\u00e9ticos\" \/>\n<meta property=\"og:description\" content=\"Aroma Plus Split 1x1: ar condicionado A+++ economizador de energia com tecnologia de fluxo de ar 3D, filtros avan\u00e7ados e WiFi integrado. Desfrute de um ambiente saud\u00e1vel e confort\u00e1vel com controlo remoto a partir do seu smartphone. Instala\u00e7\u00e3o f\u00e1cil, manuten\u00e7\u00e3o optimizada e garantia de 10 anos para o compressor: desempenho m\u00e1ximo com consumo m\u00ednimo!\" \/>\n<meta property=\"og:url\" content=\"https:\/\/giatsu.com\/pt\/splits-2\/divisoes-1x1\/aroma-plus\/\" \/>\n<meta property=\"og:site_name\" content=\"GIATSU\" \/>\n<meta property=\"article:modified_time\" content=\"2025-06-16T06:03:06+00:00\" \/>\n<meta property=\"og:image\" content=\"https:\/\/giatsu.com\/wp-content\/uploads\/2025\/03\/aroma-plus-1x1-963510.webp\" \/>\n\t<meta property=\"og:image:width\" content=\"500\" \/>\n\t<meta property=\"og:image:height\" content=\"500\" \/>\n\t<meta property=\"og:image:type\" content=\"image\/webp\" \/>\n<meta name=\"twitter:card\" content=\"summary_large_image\" \/>\n<meta name=\"twitter:label1\" content=\"Est. reading time\" \/>\n\t<meta name=\"twitter:data1\" content=\"1 minute\" \/>\n<script type=\"application\/ld+json\" class=\"yoast-schema-graph\">{\"@context\":\"https:\/\/schema.org\",\"@graph\":[{\"@type\":\"WebPage\",\"@id\":\"https:\/\/giatsu.com\/pt\/splits-2\/divisoes-1x1\/aroma-plus\/\",\"url\":\"https:\/\/giatsu.com\/pt\/splits-2\/divisoes-1x1\/aroma-plus\/\",\"name\":\"Aroma Plus, o sistema split mais eficiente em termos energ\u00e9ticos\",\"isPartOf\":{\"@id\":\"https:\/\/giatsu.com\/es\/#website\"},\"primaryImageOfPage\":{\"@id\":\"https:\/\/giatsu.com\/pt\/splits-2\/divisoes-1x1\/aroma-plus\/#primaryimage\"},\"image\":{\"@id\":\"https:\/\/giatsu.com\/pt\/splits-2\/divisoes-1x1\/aroma-plus\/#primaryimage\"},\"thumbnailUrl\":\"https:\/\/giatsu.com\/wp-content\/uploads\/2025\/03\/aroma-plus-1x1-963510.webp\",\"datePublished\":\"2025-03-06T07:57:57+00:00\",\"dateModified\":\"2025-06-16T06:03:06+00:00\",\"description\":\"Aroma Plus Split 1x1: ar condicionado A+++ economizador de energia com tecnologia de fluxo de ar 3D, filtros avan\u00e7ados e WiFi integrado. Desfrute de um ambiente saud\u00e1vel e confort\u00e1vel com controlo remoto a partir do seu smartphone. Instala\u00e7\u00e3o f\u00e1cil, manuten\u00e7\u00e3o optimizada e garantia de 10 anos para o compressor: desempenho m\u00e1ximo com consumo m\u00ednimo!\",\"breadcrumb\":{\"@id\":\"https:\/\/giatsu.com\/pt\/splits-2\/divisoes-1x1\/aroma-plus\/#breadcrumb\"},\"inLanguage\":\"pt\",\"potentialAction\":[{\"@type\":\"ReadAction\",\"target\":[\"https:\/\/giatsu.com\/pt\/splits-2\/divisoes-1x1\/aroma-plus\/\"]}]},{\"@type\":\"ImageObject\",\"inLanguage\":\"pt\",\"@id\":\"https:\/\/giatsu.com\/pt\/splits-2\/divisoes-1x1\/aroma-plus\/#primaryimage\",\"url\":\"https:\/\/giatsu.com\/wp-content\/uploads\/2025\/03\/aroma-plus-1x1-963510.webp\",\"contentUrl\":\"https:\/\/giatsu.com\/wp-content\/uploads\/2025\/03\/aroma-plus-1x1-963510.webp\",\"width\":500,\"height\":500},{\"@type\":\"BreadcrumbList\",\"@id\":\"https:\/\/giatsu.com\/pt\/splits-2\/divisoes-1x1\/aroma-plus\/#breadcrumb\",\"itemListElement\":[{\"@type\":\"ListItem\",\"position\":1,\"name\":\"Home\",\"item\":\"https:\/\/giatsu.com\/es\/\"},{\"@type\":\"ListItem\",\"position\":2,\"name\":\"PRODUCTOS\",\"item\":\"https:\/\/giatsu.com\/es\/productos\/\"},{\"@type\":\"ListItem\",\"position\":3,\"name\":\"AROMA PLUS\"}]},{\"@type\":\"WebSite\",\"@id\":\"https:\/\/giatsu.com\/es\/#website\",\"url\":\"https:\/\/giatsu.com\/es\/\",\"name\":\"GIATSU\",\"description\":\"Quality Comfort Everywhere\",\"potentialAction\":[{\"@type\":\"SearchAction\",\"target\":{\"@type\":\"EntryPoint\",\"urlTemplate\":\"https:\/\/giatsu.com\/es\/?s={search_term_string}\"},\"query-input\":{\"@type\":\"PropertyValueSpecification\",\"valueRequired\":true,\"valueName\":\"search_term_string\"}}],\"inLanguage\":\"pt\"}]}<\/script>\n<!-- \/ Yoast SEO plugin. -->","yoast_head_json":{"title":"Aroma Plus, o sistema split mais eficiente em termos energ\u00e9ticos","description":"Aroma Plus Split 1x1: ar condicionado A+++ economizador de energia com tecnologia de fluxo de ar 3D, filtros avan\u00e7ados e WiFi integrado. Desfrute de um ambiente saud\u00e1vel e confort\u00e1vel com controlo remoto a partir do seu smartphone. Instala\u00e7\u00e3o f\u00e1cil, manuten\u00e7\u00e3o optimizada e garantia de 10 anos para o compressor: desempenho m\u00e1ximo com consumo m\u00ednimo!","robots":{"index":"index","follow":"follow","max-snippet":"max-snippet:-1","max-image-preview":"max-image-preview:large","max-video-preview":"max-video-preview:-1"},"canonical":"https:\/\/giatsu.com\/pt\/splits-2\/divisoes-1x1\/aroma-plus\/","og_locale":"pt_PT","og_type":"article","og_title":"Aroma Plus, o sistema split mais eficiente em termos energ\u00e9ticos","og_description":"Aroma Plus Split 1x1: ar condicionado A+++ economizador de energia com tecnologia de fluxo de ar 3D, filtros avan\u00e7ados e WiFi integrado. Desfrute de um ambiente saud\u00e1vel e confort\u00e1vel com controlo remoto a partir do seu smartphone. Instala\u00e7\u00e3o f\u00e1cil, manuten\u00e7\u00e3o optimizada e garantia de 10 anos para o compressor: desempenho m\u00e1ximo com consumo m\u00ednimo!","og_url":"https:\/\/giatsu.com\/pt\/splits-2\/divisoes-1x1\/aroma-plus\/","og_site_name":"GIATSU","article_modified_time":"2025-06-16T06:03:06+00:00","og_image":[{"width":500,"height":500,"url":"https:\/\/giatsu.com\/wp-content\/uploads\/2025\/03\/aroma-plus-1x1-963510.webp","type":"image\/webp"}],"twitter_card":"summary_large_image","twitter_misc":{"Est. reading time":"1 minute"},"schema":{"@context":"https:\/\/schema.org","@graph":[{"@type":"WebPage","@id":"https:\/\/giatsu.com\/pt\/splits-2\/divisoes-1x1\/aroma-plus\/","url":"https:\/\/giatsu.com\/pt\/splits-2\/divisoes-1x1\/aroma-plus\/","name":"Aroma Plus, o sistema split mais eficiente em termos energ\u00e9ticos","isPartOf":{"@id":"https:\/\/giatsu.com\/es\/#website"},"primaryImageOfPage":{"@id":"https:\/\/giatsu.com\/pt\/splits-2\/divisoes-1x1\/aroma-plus\/#primaryimage"},"image":{"@id":"https:\/\/giatsu.com\/pt\/splits-2\/divisoes-1x1\/aroma-plus\/#primaryimage"},"thumbnailUrl":"https:\/\/giatsu.com\/wp-content\/uploads\/2025\/03\/aroma-plus-1x1-963510.webp","datePublished":"2025-03-06T07:57:57+00:00","dateModified":"2025-06-16T06:03:06+00:00","description":"Aroma Plus Split 1x1: ar condicionado A+++ economizador de energia com tecnologia de fluxo de ar 3D, filtros avan\u00e7ados e WiFi integrado. Desfrute de um ambiente saud\u00e1vel e confort\u00e1vel com controlo remoto a partir do seu smartphone. Instala\u00e7\u00e3o f\u00e1cil, manuten\u00e7\u00e3o optimizada e garantia de 10 anos para o compressor: desempenho m\u00e1ximo com consumo m\u00ednimo!","breadcrumb":{"@id":"https:\/\/giatsu.com\/pt\/splits-2\/divisoes-1x1\/aroma-plus\/#breadcrumb"},"inLanguage":"pt","potentialAction":[{"@type":"ReadAction","target":["https:\/\/giatsu.com\/pt\/splits-2\/divisoes-1x1\/aroma-plus\/"]}]},{"@type":"ImageObject","inLanguage":"pt","@id":"https:\/\/giatsu.com\/pt\/splits-2\/divisoes-1x1\/aroma-plus\/#primaryimage","url":"https:\/\/giatsu.com\/wp-content\/uploads\/2025\/03\/aroma-plus-1x1-963510.webp","contentUrl":"https:\/\/giatsu.com\/wp-content\/uploads\/2025\/03\/aroma-plus-1x1-963510.webp","width":500,"height":500},{"@type":"BreadcrumbList","@id":"https:\/\/giatsu.com\/pt\/splits-2\/divisoes-1x1\/aroma-plus\/#breadcrumb","itemListElement":[{"@type":"ListItem","position":1,"name":"Home","item":"https:\/\/giatsu.com\/es\/"},{"@type":"ListItem","position":2,"name":"PRODUCTOS","item":"https:\/\/giatsu.com\/es\/productos\/"},{"@type":"ListItem","position":3,"name":"AROMA PLUS"}]},{"@type":"WebSite","@id":"https:\/\/giatsu.com\/es\/#website","url":"https:\/\/giatsu.com\/es\/","name":"GIATSU","description":"Quality Comfort Everywhere","potentialAction":[{"@type":"SearchAction","target":{"@type":"EntryPoint","urlTemplate":"https:\/\/giatsu.com\/es\/?s={search_term_string}"},"query-input":{"@type":"PropertyValueSpecification","valueRequired":true,"valueName":"search_term_string"}}],"inLanguage":"pt"}]}},"_links":{"self":[{"href":"https:\/\/giatsu.com\/pt\/wp-json\/wp\/v2\/product\/13095","targetHints":{"allow":["GET"]}}],"collection":[{"href":"https:\/\/giatsu.com\/pt\/wp-json\/wp\/v2\/product"}],"about":[{"href":"https:\/\/giatsu.com\/pt\/wp-json\/wp\/v2\/types\/product"}],"wp:featuredmedia":[{"embeddable":true,"href":"https:\/\/giatsu.com\/pt\/wp-json\/wp\/v2\/media\/13033"}],"wp:attachment":[{"href":"https:\/\/giatsu.com\/pt\/wp-json\/wp\/v2\/media?parent=13095"}],"wp:term":[{"taxonomy":"product_brand","embeddable":true,"href":"https:\/\/giatsu.com\/pt\/wp-json\/wp\/v2\/product_brand?post=13095"},{"taxonomy":"product_cat","embeddable":true,"href":"https:\/\/giatsu.com\/pt\/wp-json\/wp\/v2\/product_cat?post=13095"},{"taxonomy":"product_tag","embeddable":true,"href":"https:\/\/giatsu.com\/pt\/wp-json\/wp\/v2\/product_tag?post=13095"}],"curies":[{"name":"wp","href":"https:\/\/api.w.org\/{rel}","templated":true}]}}