{"id":12653,"date":"2024-02-23T11:50:51","date_gmt":"2024-02-23T11:50:51","guid":{"rendered":"https:\/\/giatsu.com\/?post_type=product&#038;p=12653"},"modified":"2025-04-14T14:10:29","modified_gmt":"2025-04-14T14:10:29","slug":"sistema-multi-split-com-recuperacao-de-calor-sr24","status":"publish","type":"product","link":"https:\/\/giatsu.com\/pt\/splits-2\/multisplit-splits-2\/sistema-multi-split-com-recuperacao-de-calor-sr24\/","title":{"rendered":"SISTEMA MULTI-SPLIT COM RECUPERA\u00c7\u00c3O DE CALOR SR24"},"content":{"rendered":"<div class=\"wpb-content-wrapper\"><div class=\"container mb-1 moduloprincipalespictos\">\n<h2 class=\"text-center tituloprincipales\">Caracter\u00edsticas principales<\/h2>\n<div class=\"row row-cols-1 row-cols-md-2 row-cols-xl-3\">\n<div class=\"col-xs-6 col-md-3 order-last\">\n<div class=\"card\">\n                            <img decoding=\"async\" class=\"card-img-top w-100 d-block fit-cover pictoprincipalgrande\" src=\"https:\/\/giatsu.com\/wp-content\/uploads\/2023\/08\/wifi-incluido-cb8169.webp\" \/><\/p>\n<div class=\"card-body p-4\">\n<h3 class=\"font-weight-bold card-title\">WiFi inclu\u00eddo<\/h3>\n<p class=\"card-text\">Atrav\u00e9s do aplicativo GIApp voc\u00ea pode controlar o equipamento a partir de um smartphone, tablet ou por voz com Alexa e Google Home.<\/p>\n<\/p><\/div><\/div><\/div>\n<div class=\"col-xs-6 col-md-3 order-last\">\n<div class=\"card\">\n                            <img decoding=\"async\" class=\"card-img-top w-100 d-block fit-cover pictoprincipalgrande\" src=\"https:\/\/giatsu.com\/wp-content\/uploads\/2024\/09\/difusor-multi-entrada-de-agua-c06e6c.webp\" \/><\/p>\n<div class=\"card-body p-4\">\n<h3 class=\"font-weight-bold card-title\"><\/h3>\n<p class=\"card-text\">\n<\/p><\/div><\/div><\/div><\/div><\/div>\n<hr>\n<p>        [vc_row mobile_bg_img_hidden=&#8221;no&#8221; tablet_bg_img_hidden=&#8221;no&#8221; woodmart_parallax=&#8221;0&#8243; woodmart_gradient_switch=&#8221;no&#8221; row_reverse_mobile=&#8221;0&#8243; row_reverse_tablet=&#8221;0&#8243; woodmart_disable_overflow=&#8221;0&#8243; el_class=&#8221;filaImgCaracteristica&#8221;][vc_column mobile_bg_img_hidden=&#8221;no&#8221; tablet_bg_img_hidden=&#8221;no&#8221; woodmart_parallax=&#8221;0&#8243; woodmart_sticky_column=&#8221;false&#8221; parallax_scroll=&#8221;no&#8221; mobile_reset_margin=&#8221;no&#8221; tablet_reset_margin=&#8221;no&#8221;]<\/p>\n<div class=\"container mb-1\">\n<h3 class=\"text-center\">Informaci\u00f3n t\u00e9cnica<\/h3>\n<div class=\"row row-cols-1 row-cols-md-2 row-cols-xl-3 justify-content-md-center\">\n<div class=\"col-xs-1 col-md-1\">\n<div class=\"card\">\n                            <img decoding=\"async\" class=\"card-img-top w-100 d-block fit-cover pictoprincipalgrande\" src=\"https:\/\/giatsu.com\/wp-content\/uploads\/2024\/09\/modo-smart-a5aae7.webp\" \/><\/p>\n<div class=\"card-body p-4\">\n<h4 class=\"card-text textospictospeques\">Modo inteligente<\/h4>\n<\/p><\/div><\/div><\/div>\n<div class=\"col-xs-1 col-md-1\">\n<div class=\"card\">\n                            <img decoding=\"async\" class=\"card-img-top w-100 d-block fit-cover pictoprincipalgrande\" src=\"https:\/\/giatsu.com\/wp-content\/uploads\/2025\/03\/antibacterias-y-antivirus-55fc72.webp\" \/><\/p>\n<div class=\"card-body p-4\">\n<h4 class=\"card-text textospictospeques\">Antibacteriano e antiv\u00edrus<\/h4>\n<\/p><\/div><\/div><\/div>\n<div class=\"col-xs-1 col-md-1\">\n<div class=\"card\">\n                            <img decoding=\"async\" class=\"card-img-top w-100 d-block fit-cover pictoprincipalgrande\" src=\"https:\/\/giatsu.com\/wp-content\/uploads\/2023\/08\/smart_grid-c6ddd4.webp\" \/><\/p>\n<div class=\"card-body p-4\">\n<h4 class=\"card-text textospictospeques\">Smart grid<\/h4>\n<\/p><\/div><\/div><\/div>\n<div class=\"col-xs-1 col-md-1\">\n<div class=\"card\">\n                            <img decoding=\"async\" class=\"card-img-top w-100 d-block fit-cover pictoprincipalgrande\" src=\"https:\/\/giatsu.com\/wp-content\/uploads\/2023\/08\/pasarela_modbus-146fc1.webp\" \/><\/p>\n<div class=\"card-body p-4\">\n<h4 class=\"card-text textospictospeques\">Pista modbus<\/h4>\n<\/p><\/div><\/div><\/div>\n<div class=\"col-xs-1 col-md-1\">\n<div class=\"card\">\n                            <img decoding=\"async\" class=\"card-img-top w-100 d-block fit-cover pictoprincipalgrande\" src=\"https:\/\/giatsu.com\/wp-content\/uploads\/2023\/11\/compresor_y_ventiladores_dc_inverter-98e07d.webp\" \/><\/p>\n<div class=\"card-body p-4\">\n<h4 class=\"card-text textospictospeques\">Compressor e ventiladores DC inverter<\/h4>\n<\/p><\/div><\/div><\/div><\/div><\/div>\n<div class=\"row justify-content-md-center\">\n<div class=\"vc_btn3-container vc_btn3-inline\" id=\"botonDescargarFicha\">\n                        <a target=\"_blank\" class=\"btn btn-light border rounded-4 botondescarga\" href=\"https:\/\/giatsu.com\/documentacion\/\/giatsu-fichas-tecnicas-multisplits-sr24-portugues.pdf\" title=\"\">Baixar planilha<\/a>\n                 <\/div><\/div>\n<div class=\"row\">\n<hr>\n<div class=\"col text-center\"><a target=\"_blank\" href=\"https:\/\/giatsu.com\/documentacion\/\/giatsu-manual-de-usuario-e-instalacion-u.-int.-acumulador-lcac-sr24-multiidioma.pdf\" class=\"btn btn-light border rounded-4 botonDescargaManual botondescarga\">Manual de usu\u00e1rio<\/a><\/div>\n<hr>\n<\/div>\n<div class=\"container mb-1 videoweb\">\n            <style>\n       .errordiv { padding:10px; margin:10px; border: 1px solid #555555;color: #000000;background-color: #f8f8f8; width:500px; }#iframe1 {visibility:visible;opacity:1;vertical-align:top;}.ai-info-bottom-iframe { position: fixed; z-index: 10000; bottom:0; left: 0; margin: 0px; text-align: center; width: 100%; background-color: #ff9999; padding-left: 5px;padding-bottom: 5px; border-top: 1px solid #aaa } a.ai-bold {font-weight: bold;}#ai-layer-div-iframe1 p {height:100%;margin:0;padding:0}<\/style><script type=\"text\/javascript\">var ai_iframe_width_iframe1 = 0;var ai_iframe_height_iframe1 = 0;function aiReceiveMessageiframe1(event) {  aiProcessMessage(event,\"iframe1\", \"true\");}if (window.addEventListener) {  window.addEventListener(\"message\", aiReceiveMessageiframe1);} else if (el.attachEvent)  {  el.attachEvent(\"message\", aiReceiveMessageiframe1);}var aiOnloadScrollTop=\"true\";var aiShowDebug=false;\n\t\tif (typeof aiReadyCallbacks === 'undefined') {\n\t\t\tvar aiReadyCallbacks = [];\n\t\t} else if (!(aiReadyCallbacks instanceof Array)) {\n\t\t\tvar aiReadyCallbacks = [];\n\t\t}    function aiShowIframeId(id_iframe) { jQuery(\"#\"+id_iframe).css(\"visibility\", \"visible\");    }    function aiResizeIframeHeight(height) { aiResizeIframeHeight(height,iframe1); }    function aiResizeIframeHeightId(height,width,id) {aiResizeIframeHeightById(id,height);}<\/script><iframe id=\"iframe1\"  name=\"iframe1\"  src=\"https:\/\/www.youtube.com\/embed\/?rel=0&#038;controls=0&#038;showinfo=0&#038;modestbranding=1&#038;theme=light\"  width=\"100%\"  height=\"600\"  frameborder=\"0\"  border=\"0\"  allowtransparency=\"true\"  loading=\"lazy\"  style=\";border-width: 0px;;border: none;;width:100%;height:600px;\" ><\/iframe><script type=\"text\/javascript\">var ifrm_iframe1 = document.getElementById(\"iframe1\");var hiddenTabsDoneiframe1 = false;\nfunction resizeCallbackiframe1() {}<\/script><script type=\"text\/javascript\"><\/script><p style=\"display:block !important; visibility:visible !important;margin: -18px 14px 0 0;padding-left: 3px;padding-top:3px;background: white; overflow: hidden; position: relative; line-height:15px;width: fit-content;\"><small style=\"display:block !important;visibility:visible !important\">powered by Advanced iFrame<\/small><\/p>\n           <\/div>\n<\/div>","protected":false},"excerpt":{"rendered":"<p><strong>O sistema multi-split SR24 com recupera&ccedil;&atilde;o de calor &eacute; uma solu&ccedil;&atilde;o eficiente e pr&aacute;tica para utilizar o calor residual do seu ar condicionado para produzir AQS.<\/strong><\/p>\n<p>O SR24 &eacute; provavelmente o sistema mais eficiente do mercado para a produ&ccedil;&atilde;o de AQS.<\/p>\n<p>Este equipamento, para al&eacute;m de ter um <strong>acumulador de 190 litros para AQS<\/strong>, d&aacute;-nos a possibilidade de <strong>ligar at&eacute; 3 unidades interiores para <\/strong>climatizar ou aquecer a casa. Estas unidades podem ser do tipo split, conduta, cassete ou consola, adaptando-se assim &agrave;s carater&iacute;sticas de cada casa e definindo uma unidade dom&eacute;stica quase perfeita em termos de possibilidades, funcionalidades e efici&ecirc;ncia.<\/p>\n<p><strong>Entre as suas carater&iacute;sticas, podemos destacar:<\/strong><\/p>\n<ul>\n<li>M&aacute;xima efici&ecirc;ncia energ&eacute;tica em AQS.<\/li>\n<li>Acumulador com programa&ccedil;&atilde;o semanal e fun&ccedil;&atilde;o inteligente.<\/li>\n<li>Dep&oacute;sito de AQS com wifi inclu&iacute;do.<\/li>\n<li>4 modos de produ&ccedil;&atilde;o de AQS.<\/li>\n<\/ul>\n<p>&nbsp;<\/p>\n<p><strong>Modos de funcionamento:<\/strong><\/p>\n<p>1. arrefecimento<\/p>\n<p>2. Aquecimento<\/p>\n<p>3. &Aacute;gua quente sanit&aacute;ria<\/p>\n<p>4. Arrefecimento + AQS<\/p>\n<p>5. Aquecimento + AQS<\/p>\n<p><img loading=\"lazy\" decoding=\"async\" src=\"https:\/\/giatsu.com\/wp-content\/uploads\/2024\/09\/blobid0.png.png\" alt=\"\" width=\"438\" height=\"365\" \/><\/p>\n<p>Capacidade do sistema: 220 &#8211; 240V<\/p>\n<p>8kW + 190L AQS<\/p>\n<div class='divPictosEnergia'>[vc_single_image image=&#8217;10410&#8242; alignment=&#8217;center&#8217; woodmart_inline=&#8217;no&#8217; parallax_scroll=&#8217;no&#8217; el_class=&#8217;imgEnergia&#8217; img_size=&#8217;72&#215;36&#8242;][vc_single_image image=&#8217;10510&#8242; alignment=&#8217;center&#8217; woodmart_inline=&#8217;no&#8217; parallax_scroll=&#8217;no&#8217; el_class=&#8217;imgEnergia&#8217; img_size=&#8217;72&#215;36&#8242;][vc_single_image image=&#8217;12661&#8242; alignment=&#8217;center&#8217; woodmart_inline=&#8217;no&#8217; parallax_scroll=&#8217;no&#8217; el_class=&#8217;imgEnergia&#8217; img_size=&#8217;72&#215;36&#8242;][vc_single_image image=&#8217;10405&#8242; alignment=&#8217;center&#8217; woodmart_inline=&#8217;no&#8217; parallax_scroll=&#8217;no&#8217; el_class=&#8217;imgEnergia&#8217; img_size=&#8217;72&#215;36&#8242;]<\/div>\n<div class='pictosvoz'>[vc_single_image image=&#8217;13599&#8242; alignment=&#8217;center&#8217; woodmart_inline=&#8217;no&#8217; parallax_scroll=&#8217;no&#8217; el_class=&#8217;imgEnergia&#8217; img_size=&#8217;65&#215;65&#8242;][vc_single_image image=&#8217;13604&#8242; alignment=&#8217;center&#8217; woodmart_inline=&#8217;no&#8217; parallax_scroll=&#8217;no&#8217; el_class=&#8217;imgEnergia&#8217; img_size=&#8217;65&#215;65&#8242;]<\/div>\n","protected":false},"featured_media":12670,"template":"","meta":{"_monsterinsights_skip_tracking":false,"_monsterinsights_sitenote_active":false,"_monsterinsights_sitenote_note":"","_monsterinsights_sitenote_category":0},"product_brand":[],"product_cat":[782],"product_tag":[],"class_list":{"0":"post-12653","1":"product","2":"type-product","3":"status-publish","4":"has-post-thumbnail","6":"product_cat-multisplit-splits-2","8":"first","9":"instock","10":"featured","11":"shipping-taxable","12":"product-type-simple"},"yoast_head":"<!-- This site is optimized with the Yoast SEO plugin v26.6 - https:\/\/yoast.com\/wordpress\/plugins\/seo\/ -->\n<title>Sistema de recupera\u00e7\u00e3o de calor Giatsu SR24<\/title>\n<meta name=\"description\" content=\"SR24, uma solu\u00e7\u00e3o eficiente e pr\u00e1tica para utilizar o calor residual do seu ar condicionado para produzir AQS.\" \/>\n<meta name=\"robots\" content=\"index, follow, max-snippet:-1, max-image-preview:large, max-video-preview:-1\" \/>\n<link rel=\"canonical\" href=\"https:\/\/giatsu.com\/pt\/splits-2\/multisplit-splits-2\/sistema-multi-split-com-recuperacao-de-calor-sr24\/\" \/>\n<meta property=\"og:locale\" content=\"pt_PT\" \/>\n<meta property=\"og:type\" content=\"article\" \/>\n<meta property=\"og:title\" content=\"Sistema de recupera\u00e7\u00e3o de calor Giatsu SR24\" \/>\n<meta property=\"og:description\" content=\"SR24, uma solu\u00e7\u00e3o eficiente e pr\u00e1tica para utilizar o calor residual do seu ar condicionado para produzir AQS.\" \/>\n<meta property=\"og:url\" content=\"https:\/\/giatsu.com\/pt\/splits-2\/multisplit-splits-2\/sistema-multi-split-com-recuperacao-de-calor-sr24\/\" \/>\n<meta property=\"og:site_name\" content=\"GIATSU\" \/>\n<meta property=\"article:modified_time\" content=\"2025-04-14T14:10:29+00:00\" \/>\n<meta property=\"og:image\" content=\"https:\/\/giatsu.com\/wp-content\/uploads\/2024\/09\/sr24_idu-b704f3.webp\" \/>\n\t<meta property=\"og:image:width\" content=\"500\" \/>\n\t<meta property=\"og:image:height\" content=\"500\" \/>\n\t<meta property=\"og:image:type\" content=\"image\/webp\" \/>\n<meta name=\"twitter:card\" content=\"summary_large_image\" \/>\n<meta name=\"twitter:label1\" content=\"Est. reading time\" \/>\n\t<meta name=\"twitter:data1\" content=\"1 minute\" \/>\n<script type=\"application\/ld+json\" class=\"yoast-schema-graph\">{\"@context\":\"https:\/\/schema.org\",\"@graph\":[{\"@type\":\"WebPage\",\"@id\":\"https:\/\/giatsu.com\/pt\/splits-2\/multisplit-splits-2\/sistema-multi-split-com-recuperacao-de-calor-sr24\/\",\"url\":\"https:\/\/giatsu.com\/pt\/splits-2\/multisplit-splits-2\/sistema-multi-split-com-recuperacao-de-calor-sr24\/\",\"name\":\"Sistema de recupera\u00e7\u00e3o de calor Giatsu SR24\",\"isPartOf\":{\"@id\":\"https:\/\/giatsu.com\/es\/#website\"},\"primaryImageOfPage\":{\"@id\":\"https:\/\/giatsu.com\/pt\/splits-2\/multisplit-splits-2\/sistema-multi-split-com-recuperacao-de-calor-sr24\/#primaryimage\"},\"image\":{\"@id\":\"https:\/\/giatsu.com\/pt\/splits-2\/multisplit-splits-2\/sistema-multi-split-com-recuperacao-de-calor-sr24\/#primaryimage\"},\"thumbnailUrl\":\"https:\/\/giatsu.com\/wp-content\/uploads\/2024\/09\/sr24_idu-b704f3.webp\",\"datePublished\":\"2024-02-23T11:50:51+00:00\",\"dateModified\":\"2025-04-14T14:10:29+00:00\",\"description\":\"SR24, uma solu\u00e7\u00e3o eficiente e pr\u00e1tica para utilizar o calor residual do seu ar condicionado para produzir AQS.\",\"breadcrumb\":{\"@id\":\"https:\/\/giatsu.com\/pt\/splits-2\/multisplit-splits-2\/sistema-multi-split-com-recuperacao-de-calor-sr24\/#breadcrumb\"},\"inLanguage\":\"pt\",\"potentialAction\":[{\"@type\":\"ReadAction\",\"target\":[\"https:\/\/giatsu.com\/pt\/splits-2\/multisplit-splits-2\/sistema-multi-split-com-recuperacao-de-calor-sr24\/\"]}]},{\"@type\":\"ImageObject\",\"inLanguage\":\"pt\",\"@id\":\"https:\/\/giatsu.com\/pt\/splits-2\/multisplit-splits-2\/sistema-multi-split-com-recuperacao-de-calor-sr24\/#primaryimage\",\"url\":\"https:\/\/giatsu.com\/wp-content\/uploads\/2024\/09\/sr24_idu-b704f3.webp\",\"contentUrl\":\"https:\/\/giatsu.com\/wp-content\/uploads\/2024\/09\/sr24_idu-b704f3.webp\",\"width\":500,\"height\":500},{\"@type\":\"BreadcrumbList\",\"@id\":\"https:\/\/giatsu.com\/pt\/splits-2\/multisplit-splits-2\/sistema-multi-split-com-recuperacao-de-calor-sr24\/#breadcrumb\",\"itemListElement\":[{\"@type\":\"ListItem\",\"position\":1,\"name\":\"Home\",\"item\":\"https:\/\/giatsu.com\/es\/\"},{\"@type\":\"ListItem\",\"position\":2,\"name\":\"PRODUCTOS\",\"item\":\"https:\/\/giatsu.com\/es\/productos\/\"},{\"@type\":\"ListItem\",\"position\":3,\"name\":\"SISTEMA MULTI-SPLIT COM RECUPERA\u00c7\u00c3O DE CALOR SR24\"}]},{\"@type\":\"WebSite\",\"@id\":\"https:\/\/giatsu.com\/es\/#website\",\"url\":\"https:\/\/giatsu.com\/es\/\",\"name\":\"GIATSU\",\"description\":\"Quality Comfort Everywhere\",\"potentialAction\":[{\"@type\":\"SearchAction\",\"target\":{\"@type\":\"EntryPoint\",\"urlTemplate\":\"https:\/\/giatsu.com\/es\/?s={search_term_string}\"},\"query-input\":{\"@type\":\"PropertyValueSpecification\",\"valueRequired\":true,\"valueName\":\"search_term_string\"}}],\"inLanguage\":\"pt\"}]}<\/script>\n<!-- \/ Yoast SEO plugin. -->","yoast_head_json":{"title":"Sistema de recupera\u00e7\u00e3o de calor Giatsu SR24","description":"SR24, uma solu\u00e7\u00e3o eficiente e pr\u00e1tica para utilizar o calor residual do seu ar condicionado para produzir AQS.","robots":{"index":"index","follow":"follow","max-snippet":"max-snippet:-1","max-image-preview":"max-image-preview:large","max-video-preview":"max-video-preview:-1"},"canonical":"https:\/\/giatsu.com\/pt\/splits-2\/multisplit-splits-2\/sistema-multi-split-com-recuperacao-de-calor-sr24\/","og_locale":"pt_PT","og_type":"article","og_title":"Sistema de recupera\u00e7\u00e3o de calor Giatsu SR24","og_description":"SR24, uma solu\u00e7\u00e3o eficiente e pr\u00e1tica para utilizar o calor residual do seu ar condicionado para produzir AQS.","og_url":"https:\/\/giatsu.com\/pt\/splits-2\/multisplit-splits-2\/sistema-multi-split-com-recuperacao-de-calor-sr24\/","og_site_name":"GIATSU","article_modified_time":"2025-04-14T14:10:29+00:00","og_image":[{"width":500,"height":500,"url":"https:\/\/giatsu.com\/wp-content\/uploads\/2024\/09\/sr24_idu-b704f3.webp","type":"image\/webp"}],"twitter_card":"summary_large_image","twitter_misc":{"Est. reading time":"1 minute"},"schema":{"@context":"https:\/\/schema.org","@graph":[{"@type":"WebPage","@id":"https:\/\/giatsu.com\/pt\/splits-2\/multisplit-splits-2\/sistema-multi-split-com-recuperacao-de-calor-sr24\/","url":"https:\/\/giatsu.com\/pt\/splits-2\/multisplit-splits-2\/sistema-multi-split-com-recuperacao-de-calor-sr24\/","name":"Sistema de recupera\u00e7\u00e3o de calor Giatsu SR24","isPartOf":{"@id":"https:\/\/giatsu.com\/es\/#website"},"primaryImageOfPage":{"@id":"https:\/\/giatsu.com\/pt\/splits-2\/multisplit-splits-2\/sistema-multi-split-com-recuperacao-de-calor-sr24\/#primaryimage"},"image":{"@id":"https:\/\/giatsu.com\/pt\/splits-2\/multisplit-splits-2\/sistema-multi-split-com-recuperacao-de-calor-sr24\/#primaryimage"},"thumbnailUrl":"https:\/\/giatsu.com\/wp-content\/uploads\/2024\/09\/sr24_idu-b704f3.webp","datePublished":"2024-02-23T11:50:51+00:00","dateModified":"2025-04-14T14:10:29+00:00","description":"SR24, uma solu\u00e7\u00e3o eficiente e pr\u00e1tica para utilizar o calor residual do seu ar condicionado para produzir AQS.","breadcrumb":{"@id":"https:\/\/giatsu.com\/pt\/splits-2\/multisplit-splits-2\/sistema-multi-split-com-recuperacao-de-calor-sr24\/#breadcrumb"},"inLanguage":"pt","potentialAction":[{"@type":"ReadAction","target":["https:\/\/giatsu.com\/pt\/splits-2\/multisplit-splits-2\/sistema-multi-split-com-recuperacao-de-calor-sr24\/"]}]},{"@type":"ImageObject","inLanguage":"pt","@id":"https:\/\/giatsu.com\/pt\/splits-2\/multisplit-splits-2\/sistema-multi-split-com-recuperacao-de-calor-sr24\/#primaryimage","url":"https:\/\/giatsu.com\/wp-content\/uploads\/2024\/09\/sr24_idu-b704f3.webp","contentUrl":"https:\/\/giatsu.com\/wp-content\/uploads\/2024\/09\/sr24_idu-b704f3.webp","width":500,"height":500},{"@type":"BreadcrumbList","@id":"https:\/\/giatsu.com\/pt\/splits-2\/multisplit-splits-2\/sistema-multi-split-com-recuperacao-de-calor-sr24\/#breadcrumb","itemListElement":[{"@type":"ListItem","position":1,"name":"Home","item":"https:\/\/giatsu.com\/es\/"},{"@type":"ListItem","position":2,"name":"PRODUCTOS","item":"https:\/\/giatsu.com\/es\/productos\/"},{"@type":"ListItem","position":3,"name":"SISTEMA MULTI-SPLIT COM RECUPERA\u00c7\u00c3O DE CALOR SR24"}]},{"@type":"WebSite","@id":"https:\/\/giatsu.com\/es\/#website","url":"https:\/\/giatsu.com\/es\/","name":"GIATSU","description":"Quality Comfort Everywhere","potentialAction":[{"@type":"SearchAction","target":{"@type":"EntryPoint","urlTemplate":"https:\/\/giatsu.com\/es\/?s={search_term_string}"},"query-input":{"@type":"PropertyValueSpecification","valueRequired":true,"valueName":"search_term_string"}}],"inLanguage":"pt"}]}},"_links":{"self":[{"href":"https:\/\/giatsu.com\/pt\/wp-json\/wp\/v2\/product\/12653","targetHints":{"allow":["GET"]}}],"collection":[{"href":"https:\/\/giatsu.com\/pt\/wp-json\/wp\/v2\/product"}],"about":[{"href":"https:\/\/giatsu.com\/pt\/wp-json\/wp\/v2\/types\/product"}],"wp:featuredmedia":[{"embeddable":true,"href":"https:\/\/giatsu.com\/pt\/wp-json\/wp\/v2\/media\/12670"}],"wp:attachment":[{"href":"https:\/\/giatsu.com\/pt\/wp-json\/wp\/v2\/media?parent=12653"}],"wp:term":[{"taxonomy":"product_brand","embeddable":true,"href":"https:\/\/giatsu.com\/pt\/wp-json\/wp\/v2\/product_brand?post=12653"},{"taxonomy":"product_cat","embeddable":true,"href":"https:\/\/giatsu.com\/pt\/wp-json\/wp\/v2\/product_cat?post=12653"},{"taxonomy":"product_tag","embeddable":true,"href":"https:\/\/giatsu.com\/pt\/wp-json\/wp\/v2\/product_tag?post=12653"}],"curies":[{"name":"wp","href":"https:\/\/api.w.org\/{rel}","templated":true}]}}