{"id":12594,"date":"2024-02-23T11:50:14","date_gmt":"2024-02-23T11:50:14","guid":{"rendered":"https:\/\/giatsu.com\/?post_type=product&#038;p=12594"},"modified":"2025-05-05T10:41:28","modified_gmt":"2025-05-05T10:41:28","slug":"deposito-de-armazenamento-aerotermico-vaw-2","status":"publish","type":"product","link":"https:\/\/giatsu.com\/pt\/aerothermia\/acumuladores-aerotermicos-aerothermia\/deposito-de-armazenamento-aerotermico-vaw-2\/","title":{"rendered":"RESERVAT\u00d3RIO AEROT\u00c9RMICO VAW 2 E VAW+S 2"},"content":{"rendered":"<div class=\"wpb-content-wrapper\"><div class=\"container mb-1 moduloprincipalespictos\">\n<h2 class=\"text-center tituloprincipales\">Caracter\u00edsticas principales<\/h2>\n<div class=\"row row-cols-1 row-cols-md-2 row-cols-xl-3\">\n<div class=\"col-xs-6 col-md-3 order-last\">\n<div class=\"card\">\n                            <img decoding=\"async\" class=\"card-img-top w-100 d-block fit-cover pictoprincipalgrande\" src=\"https:\/\/giatsu.com\/wp-content\/uploads\/2023\/08\/wifi-incluido-cb8169.webp\" \/><\/p>\n<div class=\"card-body p-4\">\n<h3 class=\"font-weight-bold card-title\">WiFi inclu\u00eddo<\/h3>\n<p class=\"card-text\">Atrav\u00e9s do aplicativo GIApp voc\u00ea pode controlar o equipamento a partir de um smartphone, tablet ou por voz com Alexa e Google Home.<\/p>\n<\/p><\/div><\/div><\/div>\n<div class=\"col-xs-6 col-md-3 order-last\">\n<div class=\"card\">\n                            <img decoding=\"async\" class=\"card-img-top w-100 d-block fit-cover pictoprincipalgrande\" src=\"https:\/\/giatsu.com\/wp-content\/uploads\/2023\/08\/antilegionela-51edba.webp\" \/><\/p>\n<div class=\"card-body p-4\">\n<h3 class=\"font-weight-bold card-title\">Antilegionela<\/h3>\n<p class=\"card-text\">Prote\u00e7\u00e3o contra bact\u00e9rias desenvolvidas em equipamentos de \u00e1gua e torres de resfriamento.<\/p>\n<\/p><\/div><\/div><\/div>\n<div class=\"col-xs-6 col-md-3 order-last\">\n<div class=\"card\">\n                            <img decoding=\"async\" class=\"card-img-top w-100 d-block fit-cover pictoprincipalgrande\" src=\"https:\/\/giatsu.com\/wp-content\/uploads\/2023\/08\/compatible-con-energia-solar-8962e7.webp\" \/><\/p>\n<div class=\"card-body p-4\">\n<h3 class=\"font-weight-bold card-title\">Compat\u00edvel com energia solar<\/h3>\n<p class=\"card-text\">O equipamento est\u00e1 preparado para trabalhar em conjunto com equipamentos solares t\u00e9rmicos, aumentando a efici\u00eancia da instala\u00e7\u00e3o.<\/p>\n<\/p><\/div><\/div><\/div>\n<div class=\"col-xs-6 col-md-3 order-last\">\n<div class=\"card\">\n                            <img decoding=\"async\" class=\"card-img-top w-100 d-block fit-cover pictoprincipalgrande\" src=\"https:\/\/giatsu.com\/wp-content\/uploads\/2023\/08\/maxima-temperatura-de-salida-de-agua-cf2d09.webp\" \/><\/p>\n<div class=\"card-body p-4\">\n<h3 class=\"font-weight-bold card-title\">Temperatura m\u00e1xima de sa\u00edda de \u00e1gua<\/h3>\n<p class=\"card-text\">\u00c9 a temperatura quente m\u00e1xima na qual a \u00e1gua pode sair tendo um grau de sa\u00edda especificado por padr\u00e3o.<\/p>\n<\/p><\/div><\/div><\/div>\n<div class=\"col-xs-6 col-md-3 order-last\">\n<div class=\"card\">\n                            <img decoding=\"async\" class=\"card-img-top w-100 d-block fit-cover pictoprincipalgrande\" src=\"https:\/\/giatsu.com\/wp-content\/uploads\/2024\/06\/substituye-calentador-y-termo-dd4000.webp\" \/><\/p>\n<div class=\"card-body p-4\">\n<h3 class=\"font-weight-bold card-title\">Substitua o aquecedor e a garrafa t\u00e9rmica<\/h3>\n<p class=\"card-text\">Estes equipamentos s\u00e3o uma alternativa mais eficiente e rent\u00e1vel aos tradicionais aquecedores ou garrafas t\u00e9rmicas.<\/p>\n<\/p><\/div><\/div><\/div>\n<div class=\"col-xs-6 col-md-3 order-last\">\n<div class=\"card\">\n                            <img decoding=\"async\" class=\"card-img-top w-100 d-block fit-cover pictoprincipalgrande\" src=\"https:\/\/giatsu.com\/wp-content\/uploads\/2024\/06\/tanque-interior-de-acero-inoxidable-cd2c2b.webp\" \/><\/p>\n<div class=\"card-body p-4\">\n<h3 class=\"font-weight-bold card-title\">Tanque interno de a\u00c3\u00a7o inoxid\u00c3\u00a1vel<\/h3>\n<p class=\"card-text\">Tanque de a\u00c3\u00a7o inoxid\u00c3\u00a1vel.<\/p>\n<\/p><\/div><\/div><\/div><\/div><\/div>\n<hr>\n<p>        [vc_row mobile_bg_img_hidden=&#8221;no&#8221; tablet_bg_img_hidden=&#8221;no&#8221; woodmart_parallax=&#8221;0&#8243; woodmart_gradient_switch=&#8221;no&#8221; row_reverse_mobile=&#8221;0&#8243; row_reverse_tablet=&#8221;0&#8243; woodmart_disable_overflow=&#8221;0&#8243; el_class=&#8221;filaImgCaracteristica&#8221;][vc_column mobile_bg_img_hidden=&#8221;no&#8221; tablet_bg_img_hidden=&#8221;no&#8221; woodmart_parallax=&#8221;0&#8243; woodmart_sticky_column=&#8221;false&#8221; parallax_scroll=&#8221;no&#8221; mobile_reset_margin=&#8221;no&#8221; tablet_reset_margin=&#8221;no&#8221;]<\/p>\n<div class=\"container mb-1\">\n<h3 class=\"text-center\">Informaci\u00f3n t\u00e9cnica<\/h3>\n<div class=\"row row-cols-1 row-cols-md-2 row-cols-xl-3 justify-content-md-center\">\n<div class=\"col-xs-1 col-md-1\">\n<div class=\"card\">\n                            <img decoding=\"async\" class=\"card-img-top w-100 d-block fit-cover pictoprincipalgrande\" src=\"https:\/\/giatsu.com\/wp-content\/uploads\/2023\/08\/funcion_desescarche-4b7880.webp\" \/><\/p>\n<div class=\"card-body p-4\">\n<h4 class=\"card-text textospictospeques\">Fun\u00e7\u00e3o degelo<\/h4>\n<\/p><\/div><\/div><\/div>\n<div class=\"col-xs-1 col-md-1\">\n<div class=\"card\">\n                            <img decoding=\"async\" class=\"card-img-top w-100 d-block fit-cover pictoprincipalgrande\" src=\"https:\/\/giatsu.com\/wp-content\/uploads\/2024\/06\/facil_instalacion_mantenimiento-49c01b.webp\" \/><\/p>\n<div class=\"card-body p-4\">\n<h4 class=\"card-text textospictospeques\">F\u00e1cil instala\u00e7\u00e3o manuten\u00e7\u00e3o<\/h4>\n<\/p><\/div><\/div><\/div><\/div><\/div>\n<div class=\"row justify-content-md-center\">\n<div class=\"vc_btn3-container vc_btn3-inline\" id=\"botonDescargarFicha\">\n                        <a target=\"_blank\" class=\"btn btn-light border rounded-4 botondescarga\" href=\"https:\/\/giatsu.com\/documentacion\/\/giatsu-fichas-tecnicas-acumuladores-aerotermicos-vaw-2-portugues.pdf\" title=\"\">Baixar planilha<\/a>\n                 <\/div><\/div>\n<div class=\"row\">\n<hr>\n<div class=\"col text-center\"><a target=\"_blank\" href=\"https:\/\/giatsu.com\/documentacion\/\/giatsu-manual-de-usuario-e-instalacion-acumuladores-aerotermicos-vaw-2-multiidioma.pdf\" class=\"btn btn-light border rounded-4 botonDescargaManual botondescarga\">Manual de usu\u00e1rio<\/a><\/div>\n<div class=\"col text-center\"><a target=\"_blank\" href=\"https:\/\/giatsu.com\/documentacion\/\/giatsu-manual-de-usuario-e-instalacion-acumuladores-aerotermicos-vaw-2-multiidioma.pdf\" class=\"btn btn-light border rounded-4 botonDescargaManual botondescarga\">Manual de instala\u00e7\u00e3o<\/a><\/div>\n<hr>\n<\/div>\n<\/div>","protected":false},"excerpt":{"rendered":"<p>Descubra o <strong>esquentador aerot&eacute;rmico de acumula&ccedil;&atilde;o VAW 2 em a&ccedil;o inoxid&aacute;vel<\/strong>: durabilidade e efici&ecirc;ncia sem compromissos<\/p>\n<p>O VAW 2 foi feito para durar. Dispon&iacute;vel nas vers&otilde;es de parede de 100 e 120 litros e de ch&atilde;o de 200 litros (com e sem serpentina para compatibilidade com a energia solar t&eacute;rmica).<\/p>\n<p>Fabricado com materiais da mais alta qualidade, este equipamento &eacute; extremamente resistente e dur&aacute;vel. Equipado de s&eacute;rie com um &acirc;nodo eletr&oacute;nico, o VAW 2 mant&eacute;m-se em perfeitas condi&ccedil;&otilde;es durante mais tempo, garantindo um desempenho constante e sem deteriora&ccedil;&atilde;o.<\/p>\n<p>Todos os elementos do nosso acumulador s&atilde;o concebidos para uma efici&ecirc;ncia energ&eacute;tica m&aacute;xima, fornecendo dados de desempenho excepcionais.<\/p>\n<p>Poupe energia e reduza os seus custos sem sacrificar o conforto ou a funcionalidade.<\/p>\n<p><strong>Carater&iacute;sticas principais:<\/strong><\/p>\n<ul>\n<li>Classe energ&eacute;tica A++ (consoante o modelo e as condi&ccedil;&otilde;es de teste).<\/li>\n<li>COP superior a 3,8<\/li>\n<li>G&aacute;s refrigerante ecol&oacute;gico R290<\/li>\n<li>Wifi inclu&iacute;do.<\/li>\n<li>Compressor rotativo Inverter.<\/li>\n<li>Dep&oacute;sito em a&ccedil;o inoxid&aacute;vel.<\/li>\n<li>&Acirc;nodo eletr&oacute;nico de baixa manuten&ccedil;&atilde;o inclu&iacute;do.<\/li>\n<\/ul>\n<p>Capacidades dispon&iacute;veis VAW 2: 100L, 120L, 200L<\/p>\n<p>Capacidades dispon&iacute;veis VAW+S 2: 200L, 300L<\/p>\n<p><strong>10 anos de garantia para o compressor.<\/strong><\/p>\n<p>&nbsp;<\/p>\n<p>&nbsp;<\/p>\n<div class='divPictosEnergia'>[vc_single_image image=&#8217;12364&#8242; alignment=&#8217;center&#8217; woodmart_inline=&#8217;no&#8217; parallax_scroll=&#8217;no&#8217; el_class=&#8217;imgEnergia&#8217; img_size=&#8217;72&#215;36&#8242;]<\/div>\n<div class='pictosvoz'>[vc_single_image image=&#8217;13599&#8242; alignment=&#8217;center&#8217; woodmart_inline=&#8217;no&#8217; parallax_scroll=&#8217;no&#8217; el_class=&#8217;imgEnergia&#8217; img_size=&#8217;65&#215;65&#8242;][vc_single_image image=&#8217;13604&#8242; alignment=&#8217;center&#8217; woodmart_inline=&#8217;no&#8217; parallax_scroll=&#8217;no&#8217; el_class=&#8217;imgEnergia&#8217; img_size=&#8217;65&#215;65&#8242;]<\/div>\n","protected":false},"featured_media":12596,"template":"","meta":{"_monsterinsights_skip_tracking":false,"_monsterinsights_sitenote_active":false,"_monsterinsights_sitenote_note":"","_monsterinsights_sitenote_category":0},"product_brand":[],"product_cat":[731],"product_tag":[],"class_list":{"0":"post-12594","1":"product","2":"type-product","3":"status-publish","4":"has-post-thumbnail","6":"product_cat-acumuladores-aerotermicos-aerothermia","8":"first","9":"instock","10":"shipping-taxable","11":"product-type-simple"},"yoast_head":"<!-- This site is optimized with the Yoast SEO plugin v27.4 - https:\/\/yoast.com\/product\/yoast-seo-wordpress\/ -->\n<title>Dep\u00f3sito aerot\u00e9rmico em a\u00e7o inoxid\u00e1vel VAW 2<\/title>\n<meta name=\"description\" content=\"Fabricado com materiais da mais alta qualidade, este equipamento \u00e9 extremamente robusto e duradouro. Equipado com um \u00e2nodo eletr\u00f3nico de s\u00e9rie, o VAW 2 mant\u00e9m-se em perfeitas condi\u00e7\u00f5es durante mais tempo, garantindo um desempenho constante e sem danos.\" \/>\n<meta name=\"robots\" content=\"index, follow, max-snippet:-1, max-image-preview:large, max-video-preview:-1\" \/>\n<link rel=\"canonical\" href=\"https:\/\/giatsu.com\/pt\/aerothermia\/acumuladores-aerotermicos-aerothermia\/deposito-de-armazenamento-aerotermico-vaw-2\/\" \/>\n<meta property=\"og:locale\" content=\"pt_PT\" \/>\n<meta property=\"og:type\" content=\"article\" \/>\n<meta property=\"og:title\" content=\"Dep\u00f3sito aerot\u00e9rmico em a\u00e7o inoxid\u00e1vel VAW 2\" \/>\n<meta property=\"og:description\" content=\"Fabricado com materiais da mais alta qualidade, este equipamento \u00e9 extremamente robusto e duradouro. Equipado com um \u00e2nodo eletr\u00f3nico de s\u00e9rie, o VAW 2 mant\u00e9m-se em perfeitas condi\u00e7\u00f5es durante mais tempo, garantindo um desempenho constante e sem danos.\" \/>\n<meta property=\"og:url\" content=\"https:\/\/giatsu.com\/pt\/aerothermia\/acumuladores-aerotermicos-aerothermia\/deposito-de-armazenamento-aerotermico-vaw-2\/\" \/>\n<meta property=\"og:site_name\" content=\"GIATSU\" \/>\n<meta property=\"article:modified_time\" content=\"2025-05-05T10:41:28+00:00\" \/>\n<meta property=\"og:image\" content=\"https:\/\/giatsu.com\/wp-content\/uploads\/2024\/06\/vaw-2_200_300l-b64f98.webp\" \/>\n\t<meta property=\"og:image:width\" content=\"500\" \/>\n\t<meta property=\"og:image:height\" content=\"500\" \/>\n\t<meta property=\"og:image:type\" content=\"image\/webp\" \/>\n<meta name=\"twitter:card\" content=\"summary_large_image\" \/>\n<meta name=\"twitter:label1\" content=\"Est. reading time\" \/>\n\t<meta name=\"twitter:data1\" content=\"1 minute\" \/>\n<script type=\"application\/ld+json\" class=\"yoast-schema-graph\">{\"@context\":\"https:\\\/\\\/schema.org\",\"@graph\":[{\"@type\":\"WebPage\",\"@id\":\"https:\\\/\\\/giatsu.com\\\/pt\\\/aerothermia\\\/acumuladores-aerotermicos-aerothermia\\\/deposito-de-armazenamento-aerotermico-vaw-2\\\/\",\"url\":\"https:\\\/\\\/giatsu.com\\\/pt\\\/aerothermia\\\/acumuladores-aerotermicos-aerothermia\\\/deposito-de-armazenamento-aerotermico-vaw-2\\\/\",\"name\":\"Dep\u00f3sito aerot\u00e9rmico em a\u00e7o inoxid\u00e1vel VAW 2\",\"isPartOf\":{\"@id\":\"https:\\\/\\\/giatsu.com\\\/es\\\/#website\"},\"primaryImageOfPage\":{\"@id\":\"https:\\\/\\\/giatsu.com\\\/pt\\\/aerothermia\\\/acumuladores-aerotermicos-aerothermia\\\/deposito-de-armazenamento-aerotermico-vaw-2\\\/#primaryimage\"},\"image\":{\"@id\":\"https:\\\/\\\/giatsu.com\\\/pt\\\/aerothermia\\\/acumuladores-aerotermicos-aerothermia\\\/deposito-de-armazenamento-aerotermico-vaw-2\\\/#primaryimage\"},\"thumbnailUrl\":\"https:\\\/\\\/giatsu.com\\\/wp-content\\\/uploads\\\/2024\\\/06\\\/vaw-2_200_300l-b64f98.webp\",\"datePublished\":\"2024-02-23T11:50:14+00:00\",\"dateModified\":\"2025-05-05T10:41:28+00:00\",\"description\":\"Fabricado com materiais da mais alta qualidade, este equipamento \u00e9 extremamente robusto e duradouro. Equipado com um \u00e2nodo eletr\u00f3nico de s\u00e9rie, o VAW 2 mant\u00e9m-se em perfeitas condi\u00e7\u00f5es durante mais tempo, garantindo um desempenho constante e sem danos.\",\"breadcrumb\":{\"@id\":\"https:\\\/\\\/giatsu.com\\\/pt\\\/aerothermia\\\/acumuladores-aerotermicos-aerothermia\\\/deposito-de-armazenamento-aerotermico-vaw-2\\\/#breadcrumb\"},\"inLanguage\":\"pt\",\"potentialAction\":[{\"@type\":\"ReadAction\",\"target\":[\"https:\\\/\\\/giatsu.com\\\/pt\\\/aerothermia\\\/acumuladores-aerotermicos-aerothermia\\\/deposito-de-armazenamento-aerotermico-vaw-2\\\/\"]}]},{\"@type\":\"ImageObject\",\"inLanguage\":\"pt\",\"@id\":\"https:\\\/\\\/giatsu.com\\\/pt\\\/aerothermia\\\/acumuladores-aerotermicos-aerothermia\\\/deposito-de-armazenamento-aerotermico-vaw-2\\\/#primaryimage\",\"url\":\"https:\\\/\\\/giatsu.com\\\/wp-content\\\/uploads\\\/2024\\\/06\\\/vaw-2_200_300l-b64f98.webp\",\"contentUrl\":\"https:\\\/\\\/giatsu.com\\\/wp-content\\\/uploads\\\/2024\\\/06\\\/vaw-2_200_300l-b64f98.webp\",\"width\":500,\"height\":500},{\"@type\":\"BreadcrumbList\",\"@id\":\"https:\\\/\\\/giatsu.com\\\/pt\\\/aerothermia\\\/acumuladores-aerotermicos-aerothermia\\\/deposito-de-armazenamento-aerotermico-vaw-2\\\/#breadcrumb\",\"itemListElement\":[{\"@type\":\"ListItem\",\"position\":1,\"name\":\"Home\",\"item\":\"https:\\\/\\\/giatsu.com\\\/es\\\/\"},{\"@type\":\"ListItem\",\"position\":2,\"name\":\"PRODUCTOS\",\"item\":\"https:\\\/\\\/giatsu.com\\\/es\\\/productos\\\/\"},{\"@type\":\"ListItem\",\"position\":3,\"name\":\"RESERVAT\u00d3RIO AEROT\u00c9RMICO VAW 2 E VAW+S 2\"}]},{\"@type\":\"WebSite\",\"@id\":\"https:\\\/\\\/giatsu.com\\\/es\\\/#website\",\"url\":\"https:\\\/\\\/giatsu.com\\\/es\\\/\",\"name\":\"GIATSU\",\"description\":\"Quality Comfort Everywhere\",\"potentialAction\":[{\"@type\":\"SearchAction\",\"target\":{\"@type\":\"EntryPoint\",\"urlTemplate\":\"https:\\\/\\\/giatsu.com\\\/es\\\/?s={search_term_string}\"},\"query-input\":{\"@type\":\"PropertyValueSpecification\",\"valueRequired\":true,\"valueName\":\"search_term_string\"}}],\"inLanguage\":\"pt\"}]}<\/script>\n<!-- \/ Yoast SEO plugin. -->","yoast_head_json":{"title":"Dep\u00f3sito aerot\u00e9rmico em a\u00e7o inoxid\u00e1vel VAW 2","description":"Fabricado com materiais da mais alta qualidade, este equipamento \u00e9 extremamente robusto e duradouro. Equipado com um \u00e2nodo eletr\u00f3nico de s\u00e9rie, o VAW 2 mant\u00e9m-se em perfeitas condi\u00e7\u00f5es durante mais tempo, garantindo um desempenho constante e sem danos.","robots":{"index":"index","follow":"follow","max-snippet":"max-snippet:-1","max-image-preview":"max-image-preview:large","max-video-preview":"max-video-preview:-1"},"canonical":"https:\/\/giatsu.com\/pt\/aerothermia\/acumuladores-aerotermicos-aerothermia\/deposito-de-armazenamento-aerotermico-vaw-2\/","og_locale":"pt_PT","og_type":"article","og_title":"Dep\u00f3sito aerot\u00e9rmico em a\u00e7o inoxid\u00e1vel VAW 2","og_description":"Fabricado com materiais da mais alta qualidade, este equipamento \u00e9 extremamente robusto e duradouro. Equipado com um \u00e2nodo eletr\u00f3nico de s\u00e9rie, o VAW 2 mant\u00e9m-se em perfeitas condi\u00e7\u00f5es durante mais tempo, garantindo um desempenho constante e sem danos.","og_url":"https:\/\/giatsu.com\/pt\/aerothermia\/acumuladores-aerotermicos-aerothermia\/deposito-de-armazenamento-aerotermico-vaw-2\/","og_site_name":"GIATSU","article_modified_time":"2025-05-05T10:41:28+00:00","og_image":[{"width":500,"height":500,"url":"https:\/\/giatsu.com\/wp-content\/uploads\/2024\/06\/vaw-2_200_300l-b64f98.webp","type":"image\/webp"}],"twitter_card":"summary_large_image","twitter_misc":{"Est. reading time":"1 minute"},"schema":{"@context":"https:\/\/schema.org","@graph":[{"@type":"WebPage","@id":"https:\/\/giatsu.com\/pt\/aerothermia\/acumuladores-aerotermicos-aerothermia\/deposito-de-armazenamento-aerotermico-vaw-2\/","url":"https:\/\/giatsu.com\/pt\/aerothermia\/acumuladores-aerotermicos-aerothermia\/deposito-de-armazenamento-aerotermico-vaw-2\/","name":"Dep\u00f3sito aerot\u00e9rmico em a\u00e7o inoxid\u00e1vel VAW 2","isPartOf":{"@id":"https:\/\/giatsu.com\/es\/#website"},"primaryImageOfPage":{"@id":"https:\/\/giatsu.com\/pt\/aerothermia\/acumuladores-aerotermicos-aerothermia\/deposito-de-armazenamento-aerotermico-vaw-2\/#primaryimage"},"image":{"@id":"https:\/\/giatsu.com\/pt\/aerothermia\/acumuladores-aerotermicos-aerothermia\/deposito-de-armazenamento-aerotermico-vaw-2\/#primaryimage"},"thumbnailUrl":"https:\/\/giatsu.com\/wp-content\/uploads\/2024\/06\/vaw-2_200_300l-b64f98.webp","datePublished":"2024-02-23T11:50:14+00:00","dateModified":"2025-05-05T10:41:28+00:00","description":"Fabricado com materiais da mais alta qualidade, este equipamento \u00e9 extremamente robusto e duradouro. Equipado com um \u00e2nodo eletr\u00f3nico de s\u00e9rie, o VAW 2 mant\u00e9m-se em perfeitas condi\u00e7\u00f5es durante mais tempo, garantindo um desempenho constante e sem danos.","breadcrumb":{"@id":"https:\/\/giatsu.com\/pt\/aerothermia\/acumuladores-aerotermicos-aerothermia\/deposito-de-armazenamento-aerotermico-vaw-2\/#breadcrumb"},"inLanguage":"pt","potentialAction":[{"@type":"ReadAction","target":["https:\/\/giatsu.com\/pt\/aerothermia\/acumuladores-aerotermicos-aerothermia\/deposito-de-armazenamento-aerotermico-vaw-2\/"]}]},{"@type":"ImageObject","inLanguage":"pt","@id":"https:\/\/giatsu.com\/pt\/aerothermia\/acumuladores-aerotermicos-aerothermia\/deposito-de-armazenamento-aerotermico-vaw-2\/#primaryimage","url":"https:\/\/giatsu.com\/wp-content\/uploads\/2024\/06\/vaw-2_200_300l-b64f98.webp","contentUrl":"https:\/\/giatsu.com\/wp-content\/uploads\/2024\/06\/vaw-2_200_300l-b64f98.webp","width":500,"height":500},{"@type":"BreadcrumbList","@id":"https:\/\/giatsu.com\/pt\/aerothermia\/acumuladores-aerotermicos-aerothermia\/deposito-de-armazenamento-aerotermico-vaw-2\/#breadcrumb","itemListElement":[{"@type":"ListItem","position":1,"name":"Home","item":"https:\/\/giatsu.com\/es\/"},{"@type":"ListItem","position":2,"name":"PRODUCTOS","item":"https:\/\/giatsu.com\/es\/productos\/"},{"@type":"ListItem","position":3,"name":"RESERVAT\u00d3RIO AEROT\u00c9RMICO VAW 2 E VAW+S 2"}]},{"@type":"WebSite","@id":"https:\/\/giatsu.com\/es\/#website","url":"https:\/\/giatsu.com\/es\/","name":"GIATSU","description":"Quality Comfort Everywhere","potentialAction":[{"@type":"SearchAction","target":{"@type":"EntryPoint","urlTemplate":"https:\/\/giatsu.com\/es\/?s={search_term_string}"},"query-input":{"@type":"PropertyValueSpecification","valueRequired":true,"valueName":"search_term_string"}}],"inLanguage":"pt"}]}},"_links":{"self":[{"href":"https:\/\/giatsu.com\/pt\/wp-json\/wp\/v2\/product\/12594","targetHints":{"allow":["GET"]}}],"collection":[{"href":"https:\/\/giatsu.com\/pt\/wp-json\/wp\/v2\/product"}],"about":[{"href":"https:\/\/giatsu.com\/pt\/wp-json\/wp\/v2\/types\/product"}],"wp:featuredmedia":[{"embeddable":true,"href":"https:\/\/giatsu.com\/pt\/wp-json\/wp\/v2\/media\/12596"}],"wp:attachment":[{"href":"https:\/\/giatsu.com\/pt\/wp-json\/wp\/v2\/media?parent=12594"}],"wp:term":[{"taxonomy":"product_brand","embeddable":true,"href":"https:\/\/giatsu.com\/pt\/wp-json\/wp\/v2\/product_brand?post=12594"},{"taxonomy":"product_cat","embeddable":true,"href":"https:\/\/giatsu.com\/pt\/wp-json\/wp\/v2\/product_cat?post=12594"},{"taxonomy":"product_tag","embeddable":true,"href":"https:\/\/giatsu.com\/pt\/wp-json\/wp\/v2\/product_tag?post=12594"}],"curies":[{"name":"wp","href":"https:\/\/api.w.org\/{rel}","templated":true}]}}