{"id":12585,"date":"2023-06-06T07:03:55","date_gmt":"2023-06-06T07:03:55","guid":{"rendered":"https:\/\/giatsu.com\/?post_type=product&#038;p=12585"},"modified":"2025-04-16T08:17:08","modified_gmt":"2025-04-16T08:17:08","slug":"big-duct-ix49","status":"publish","type":"product","link":"https:\/\/giatsu.com\/pt\/industrial-3\/grande-duto\/big-duct-ix49\/","title":{"rendered":"BIG DUCT IX49"},"content":{"rendered":"<div class=\"wpb-content-wrapper\"><div class=\"container mb-1 moduloprincipalespictos\">\n<h2 class=\"text-center tituloprincipales\">Caracter\u00edsticas principales<\/h2>\n<div class=\"row row-cols-1 row-cols-md-2 row-cols-xl-3\">\n<div class=\"col-xs-6 col-md-3 order-last\">\n<div class=\"card\">\n                            <img decoding=\"async\" class=\"card-img-top w-100 d-block fit-cover pictoprincipalgrande\" src=\"https:\/\/giatsu.com\/wp-content\/uploads\/2023\/08\/control-cableado-c520c6.webp\" \/><\/p>\n<div class=\"card-body p-4\">\n<h3 class=\"font-weight-bold card-title\">Controlo por cabo<\/h3>\n<p class=\"card-text\">Incluye control cableado con programaci\u00f3n semanal.<\/p>\n<\/p><\/div><\/div><\/div>\n<div class=\"col-xs-6 col-md-3 order-last\">\n<div class=\"card\">\n                            <img decoding=\"async\" class=\"card-img-top w-100 d-block fit-cover pictoprincipalgrande\" src=\"https:\/\/giatsu.com\/wp-content\/uploads\/2023\/06\/tecnologia_inverter-495dd8.webp\" \/><\/p>\n<div class=\"card-body p-4\">\n<h3 class=\"font-weight-bold card-title\">Tecnologia inverter<\/h3>\n<p class=\"card-text\">Ao operar o compressor continuamente, uma economia de energia de at\u00e9 50% \u00e9 alcan\u00e7ada em compara\u00e7\u00e3o com o equipamento convencional.<\/p>\n<\/p><\/div><\/div><\/div><\/div><\/div>\n<hr>\n<p>        [vc_row mobile_bg_img_hidden=&#8221;no&#8221; tablet_bg_img_hidden=&#8221;no&#8221; woodmart_parallax=&#8221;0&#8243; woodmart_gradient_switch=&#8221;no&#8221; row_reverse_mobile=&#8221;0&#8243; row_reverse_tablet=&#8221;0&#8243; woodmart_disable_overflow=&#8221;0&#8243; el_class=&#8221;filaImgCaracteristica&#8221;][vc_column mobile_bg_img_hidden=&#8221;no&#8221; tablet_bg_img_hidden=&#8221;no&#8221; woodmart_parallax=&#8221;0&#8243; woodmart_sticky_column=&#8221;false&#8221; parallax_scroll=&#8221;no&#8221; mobile_reset_margin=&#8221;no&#8221; tablet_reset_margin=&#8221;no&#8221;]<\/p>\n<div class=\"container mb-1\">\n<h3 class=\"text-center\">Informaci\u00f3n t\u00e9cnica<\/h3>\n<div class=\"row row-cols-1 row-cols-md-2 row-cols-xl-3 justify-content-md-center\">\n<div class=\"col-xs-1 col-md-1\">\n<div class=\"card\">\n                            <img decoding=\"async\" class=\"card-img-top w-100 d-block fit-cover pictoprincipalgrande\" src=\"https:\/\/giatsu.com\/wp-content\/uploads\/2023\/08\/gas_refrigerante-21d266.webp\" \/><\/p>\n<div class=\"card-body p-4\">\n<h4 class=\"card-text textospictospeques\">G\u00c3\u00a1s refrigerante<\/h4>\n<\/p><\/div><\/div><\/div>\n<div class=\"col-xs-1 col-md-1\">\n<div class=\"card\">\n                            <img decoding=\"async\" class=\"card-img-top w-100 d-block fit-cover pictoprincipalgrande\" src=\"https:\/\/giatsu.com\/wp-content\/uploads\/2023\/08\/ahorro_de_consumo_y_espacio-442a30.webp\" \/><\/p>\n<div class=\"card-body p-4\">\n<h4 class=\"card-text textospictospeques\">Economia de consumo e espa\u00c3\u00a7o<\/h4>\n<\/p><\/div><\/div><\/div><\/div><\/div>\n<\/div>","protected":false},"excerpt":{"rendered":"<p class=\"MsoNormal\">Conduta de alta press&atilde;o.<\/p>\n<p class=\"MsoNormal\">Concebida para desafiar as restri&ccedil;&otilde;es de espa&ccedil;o sem comprometer o desempenho, esta conduta redefine o ar condicionado ao fundir tecnologia de ponta com pot&ecirc;ncia e design inteligente.<\/p>\n<p class=\"MsoNormal\">O cora&ccedil;&atilde;o deste sistema reside no seu <strong>compressor DC Twin Rotary Inverter, que<\/strong> n&atilde;o s&oacute; assegura um desempenho excecional, como tamb&eacute;m uma efici&ecirc;ncia energ&eacute;tica inigual&aacute;vel, resultando em poupan&ccedil;as significativas ao longo do tempo.<\/p>\n<p class=\"MsoNormal\">A carater&iacute;stica mais not&aacute;vel desta conduta &eacute; a sua <strong>capacidade de fornecer uma elevada pot&ecirc;ncia num espa&ccedil;o m&iacute;nimo<\/strong>. Perfeita para ambientes onde o espa&ccedil;o &eacute; escasso, esta carater&iacute;stica redefine as possibilidades de controlo da climatiza&ccedil;&atilde;o em espa&ccedil;os pequenos sem sacrificar o conforto.<\/p>\n<p class=\"MsoNormal\">Com uma impressionante capacidade de ar at&eacute; 800 m&sup3;\/h, assegura uma distribui&ccedil;&atilde;o de ar uniforme e eficiente em todo o ambiente.<\/p>\n<p class=\"MsoNormal\">Apesar da sua pot&ecirc;ncia, a unidade interior desta conduta &eacute; excecionalmente leve, tornando-a f&aacute;cil de instalar e flex&iacute;vel na sua escolha de localiza&ccedil;&atilde;o. Esta carater&iacute;stica &eacute; especialmente valiosa para projectos em que a versatilidade &eacute; essencial.<\/p>\n<p>Pot&ecirc;ncias dispon&iacute;veis: 20KW, 22,4KW, 26KW, 28KW, 40KW, 45KW, 56KW<\/p>\n<div class='pictosvoz'><\/div>\n","protected":false},"featured_media":12590,"template":"","meta":{"_monsterinsights_skip_tracking":false,"_monsterinsights_sitenote_active":false,"_monsterinsights_sitenote_note":"","_monsterinsights_sitenote_category":0},"product_brand":[],"product_cat":[735],"product_tag":[],"class_list":{"0":"post-12585","1":"product","2":"type-product","3":"status-publish","4":"has-post-thumbnail","6":"product_cat-grande-duto","8":"first","9":"instock","10":"shipping-taxable","11":"product-type-simple"},"yoast_head":"<!-- This site is optimized with the Yoast SEO plugin v27.4 - https:\/\/yoast.com\/product\/yoast-seo-wordpress\/ -->\n<title>CONDUTA GRANDE IX49 CONDUTA DE ALTA PRESS\u00c3O<\/title>\n<meta name=\"description\" content=\"Concebida para desafiar as restri\u00e7\u00f5es de espa\u00e7o sem comprometer o desempenho, esta conduta redefine o ar condicionado ao fundir tecnologia de ponta com pot\u00eancia e design inteligente.\" \/>\n<meta name=\"robots\" content=\"index, follow, max-snippet:-1, max-image-preview:large, max-video-preview:-1\" \/>\n<link rel=\"canonical\" href=\"https:\/\/giatsu.com\/pt\/industrial-3\/grande-duto\/big-duct-ix49\/\" \/>\n<meta property=\"og:locale\" content=\"pt_PT\" \/>\n<meta property=\"og:type\" content=\"article\" \/>\n<meta property=\"og:title\" content=\"CONDUTA GRANDE IX49 CONDUTA DE ALTA PRESS\u00c3O\" \/>\n<meta property=\"og:description\" content=\"Concebida para desafiar as restri\u00e7\u00f5es de espa\u00e7o sem comprometer o desempenho, esta conduta redefine o ar condicionado ao fundir tecnologia de ponta com pot\u00eancia e design inteligente.\" \/>\n<meta property=\"og:url\" content=\"https:\/\/giatsu.com\/pt\/industrial-3\/grande-duto\/big-duct-ix49\/\" \/>\n<meta property=\"og:site_name\" content=\"GIATSU\" \/>\n<meta property=\"article:modified_time\" content=\"2025-04-16T08:17:08+00:00\" \/>\n<meta property=\"og:image\" content=\"https:\/\/giatsu.com\/wp-content\/uploads\/2023\/08\/bigduct2-05fd57.webp\" \/>\n\t<meta property=\"og:image:width\" content=\"800\" \/>\n\t<meta property=\"og:image:height\" content=\"800\" \/>\n\t<meta property=\"og:image:type\" content=\"image\/webp\" \/>\n<meta name=\"twitter:card\" content=\"summary_large_image\" \/>\n<meta name=\"twitter:label1\" content=\"Est. reading time\" \/>\n\t<meta name=\"twitter:data1\" content=\"1 minute\" \/>\n<script type=\"application\/ld+json\" class=\"yoast-schema-graph\">{\"@context\":\"https:\\\/\\\/schema.org\",\"@graph\":[{\"@type\":\"WebPage\",\"@id\":\"https:\\\/\\\/giatsu.com\\\/pt\\\/industrial-3\\\/grande-duto\\\/big-duct-ix49\\\/\",\"url\":\"https:\\\/\\\/giatsu.com\\\/pt\\\/industrial-3\\\/grande-duto\\\/big-duct-ix49\\\/\",\"name\":\"CONDUTA GRANDE IX49 CONDUTA DE ALTA PRESS\u00c3O\",\"isPartOf\":{\"@id\":\"https:\\\/\\\/giatsu.com\\\/es\\\/#website\"},\"primaryImageOfPage\":{\"@id\":\"https:\\\/\\\/giatsu.com\\\/pt\\\/industrial-3\\\/grande-duto\\\/big-duct-ix49\\\/#primaryimage\"},\"image\":{\"@id\":\"https:\\\/\\\/giatsu.com\\\/pt\\\/industrial-3\\\/grande-duto\\\/big-duct-ix49\\\/#primaryimage\"},\"thumbnailUrl\":\"https:\\\/\\\/giatsu.com\\\/wp-content\\\/uploads\\\/2023\\\/08\\\/bigduct2-05fd57.webp\",\"datePublished\":\"2023-06-06T07:03:55+00:00\",\"dateModified\":\"2025-04-16T08:17:08+00:00\",\"description\":\"Concebida para desafiar as restri\u00e7\u00f5es de espa\u00e7o sem comprometer o desempenho, esta conduta redefine o ar condicionado ao fundir tecnologia de ponta com pot\u00eancia e design inteligente.\",\"breadcrumb\":{\"@id\":\"https:\\\/\\\/giatsu.com\\\/pt\\\/industrial-3\\\/grande-duto\\\/big-duct-ix49\\\/#breadcrumb\"},\"inLanguage\":\"pt\",\"potentialAction\":[{\"@type\":\"ReadAction\",\"target\":[\"https:\\\/\\\/giatsu.com\\\/pt\\\/industrial-3\\\/grande-duto\\\/big-duct-ix49\\\/\"]}]},{\"@type\":\"ImageObject\",\"inLanguage\":\"pt\",\"@id\":\"https:\\\/\\\/giatsu.com\\\/pt\\\/industrial-3\\\/grande-duto\\\/big-duct-ix49\\\/#primaryimage\",\"url\":\"https:\\\/\\\/giatsu.com\\\/wp-content\\\/uploads\\\/2023\\\/08\\\/bigduct2-05fd57.webp\",\"contentUrl\":\"https:\\\/\\\/giatsu.com\\\/wp-content\\\/uploads\\\/2023\\\/08\\\/bigduct2-05fd57.webp\",\"width\":800,\"height\":800},{\"@type\":\"BreadcrumbList\",\"@id\":\"https:\\\/\\\/giatsu.com\\\/pt\\\/industrial-3\\\/grande-duto\\\/big-duct-ix49\\\/#breadcrumb\",\"itemListElement\":[{\"@type\":\"ListItem\",\"position\":1,\"name\":\"Home\",\"item\":\"https:\\\/\\\/giatsu.com\\\/es\\\/\"},{\"@type\":\"ListItem\",\"position\":2,\"name\":\"PRODUCTOS\",\"item\":\"https:\\\/\\\/giatsu.com\\\/es\\\/productos\\\/\"},{\"@type\":\"ListItem\",\"position\":3,\"name\":\"BIG DUCT IX49\"}]},{\"@type\":\"WebSite\",\"@id\":\"https:\\\/\\\/giatsu.com\\\/es\\\/#website\",\"url\":\"https:\\\/\\\/giatsu.com\\\/es\\\/\",\"name\":\"GIATSU\",\"description\":\"Quality Comfort Everywhere\",\"potentialAction\":[{\"@type\":\"SearchAction\",\"target\":{\"@type\":\"EntryPoint\",\"urlTemplate\":\"https:\\\/\\\/giatsu.com\\\/es\\\/?s={search_term_string}\"},\"query-input\":{\"@type\":\"PropertyValueSpecification\",\"valueRequired\":true,\"valueName\":\"search_term_string\"}}],\"inLanguage\":\"pt\"}]}<\/script>\n<!-- \/ Yoast SEO plugin. -->","yoast_head_json":{"title":"CONDUTA GRANDE IX49 CONDUTA DE ALTA PRESS\u00c3O","description":"Concebida para desafiar as restri\u00e7\u00f5es de espa\u00e7o sem comprometer o desempenho, esta conduta redefine o ar condicionado ao fundir tecnologia de ponta com pot\u00eancia e design inteligente.","robots":{"index":"index","follow":"follow","max-snippet":"max-snippet:-1","max-image-preview":"max-image-preview:large","max-video-preview":"max-video-preview:-1"},"canonical":"https:\/\/giatsu.com\/pt\/industrial-3\/grande-duto\/big-duct-ix49\/","og_locale":"pt_PT","og_type":"article","og_title":"CONDUTA GRANDE IX49 CONDUTA DE ALTA PRESS\u00c3O","og_description":"Concebida para desafiar as restri\u00e7\u00f5es de espa\u00e7o sem comprometer o desempenho, esta conduta redefine o ar condicionado ao fundir tecnologia de ponta com pot\u00eancia e design inteligente.","og_url":"https:\/\/giatsu.com\/pt\/industrial-3\/grande-duto\/big-duct-ix49\/","og_site_name":"GIATSU","article_modified_time":"2025-04-16T08:17:08+00:00","og_image":[{"width":800,"height":800,"url":"https:\/\/giatsu.com\/wp-content\/uploads\/2023\/08\/bigduct2-05fd57.webp","type":"image\/webp"}],"twitter_card":"summary_large_image","twitter_misc":{"Est. reading time":"1 minute"},"schema":{"@context":"https:\/\/schema.org","@graph":[{"@type":"WebPage","@id":"https:\/\/giatsu.com\/pt\/industrial-3\/grande-duto\/big-duct-ix49\/","url":"https:\/\/giatsu.com\/pt\/industrial-3\/grande-duto\/big-duct-ix49\/","name":"CONDUTA GRANDE IX49 CONDUTA DE ALTA PRESS\u00c3O","isPartOf":{"@id":"https:\/\/giatsu.com\/es\/#website"},"primaryImageOfPage":{"@id":"https:\/\/giatsu.com\/pt\/industrial-3\/grande-duto\/big-duct-ix49\/#primaryimage"},"image":{"@id":"https:\/\/giatsu.com\/pt\/industrial-3\/grande-duto\/big-duct-ix49\/#primaryimage"},"thumbnailUrl":"https:\/\/giatsu.com\/wp-content\/uploads\/2023\/08\/bigduct2-05fd57.webp","datePublished":"2023-06-06T07:03:55+00:00","dateModified":"2025-04-16T08:17:08+00:00","description":"Concebida para desafiar as restri\u00e7\u00f5es de espa\u00e7o sem comprometer o desempenho, esta conduta redefine o ar condicionado ao fundir tecnologia de ponta com pot\u00eancia e design inteligente.","breadcrumb":{"@id":"https:\/\/giatsu.com\/pt\/industrial-3\/grande-duto\/big-duct-ix49\/#breadcrumb"},"inLanguage":"pt","potentialAction":[{"@type":"ReadAction","target":["https:\/\/giatsu.com\/pt\/industrial-3\/grande-duto\/big-duct-ix49\/"]}]},{"@type":"ImageObject","inLanguage":"pt","@id":"https:\/\/giatsu.com\/pt\/industrial-3\/grande-duto\/big-duct-ix49\/#primaryimage","url":"https:\/\/giatsu.com\/wp-content\/uploads\/2023\/08\/bigduct2-05fd57.webp","contentUrl":"https:\/\/giatsu.com\/wp-content\/uploads\/2023\/08\/bigduct2-05fd57.webp","width":800,"height":800},{"@type":"BreadcrumbList","@id":"https:\/\/giatsu.com\/pt\/industrial-3\/grande-duto\/big-duct-ix49\/#breadcrumb","itemListElement":[{"@type":"ListItem","position":1,"name":"Home","item":"https:\/\/giatsu.com\/es\/"},{"@type":"ListItem","position":2,"name":"PRODUCTOS","item":"https:\/\/giatsu.com\/es\/productos\/"},{"@type":"ListItem","position":3,"name":"BIG DUCT IX49"}]},{"@type":"WebSite","@id":"https:\/\/giatsu.com\/es\/#website","url":"https:\/\/giatsu.com\/es\/","name":"GIATSU","description":"Quality Comfort Everywhere","potentialAction":[{"@type":"SearchAction","target":{"@type":"EntryPoint","urlTemplate":"https:\/\/giatsu.com\/es\/?s={search_term_string}"},"query-input":{"@type":"PropertyValueSpecification","valueRequired":true,"valueName":"search_term_string"}}],"inLanguage":"pt"}]}},"_links":{"self":[{"href":"https:\/\/giatsu.com\/pt\/wp-json\/wp\/v2\/product\/12585","targetHints":{"allow":["GET"]}}],"collection":[{"href":"https:\/\/giatsu.com\/pt\/wp-json\/wp\/v2\/product"}],"about":[{"href":"https:\/\/giatsu.com\/pt\/wp-json\/wp\/v2\/types\/product"}],"wp:featuredmedia":[{"embeddable":true,"href":"https:\/\/giatsu.com\/pt\/wp-json\/wp\/v2\/media\/12590"}],"wp:attachment":[{"href":"https:\/\/giatsu.com\/pt\/wp-json\/wp\/v2\/media?parent=12585"}],"wp:term":[{"taxonomy":"product_brand","embeddable":true,"href":"https:\/\/giatsu.com\/pt\/wp-json\/wp\/v2\/product_brand?post=12585"},{"taxonomy":"product_cat","embeddable":true,"href":"https:\/\/giatsu.com\/pt\/wp-json\/wp\/v2\/product_cat?post=12585"},{"taxonomy":"product_tag","embeddable":true,"href":"https:\/\/giatsu.com\/pt\/wp-json\/wp\/v2\/product_tag?post=12585"}],"curies":[{"name":"wp","href":"https:\/\/api.w.org\/{rel}","templated":true}]}}