{"id":12566,"date":"2023-06-06T07:03:45","date_gmt":"2023-06-06T07:03:45","guid":{"rendered":"https:\/\/giatsu.com\/?post_type=product&#038;p=12566"},"modified":"2025-04-16T15:17:53","modified_gmt":"2025-04-16T15:17:53","slug":"mini-vrf-monofasico-km","status":"publish","type":"product","link":"https:\/\/giatsu.com\/pt\/industrial-3\/exterior-vrf-industrial-3\/mini-vrf-monofasico-km\/","title":{"rendered":"MINI VRF MONOF\u00c1SICO KM"},"content":{"rendered":"<div class=\"wpb-content-wrapper\"><div class=\"container mb-1 moduloprincipalespictos\">\n<h2 class=\"text-center tituloprincipales\">Caracter\u00edsticas principales<\/h2>\n<div class=\"row row-cols-1 row-cols-md-2 row-cols-xl-3\">\n<div class=\"col-xs-6 col-md-3 order-last\">\n<div class=\"card\">\n                            <img decoding=\"async\" class=\"card-img-top w-100 d-block fit-cover pictoprincipalgrande\" src=\"https:\/\/giatsu.com\/wp-content\/uploads\/2023\/06\/tecnologia_inverter-495dd8.webp\" \/><\/p>\n<div class=\"card-body p-4\">\n<h3 class=\"font-weight-bold card-title\">Tecnologia inverter<\/h3>\n<p class=\"card-text\">Ao operar o compressor continuamente, uma economia de energia de at\u00e9 50% \u00e9 alcan\u00e7ada em compara\u00e7\u00e3o com o equipamento convencional.<\/p>\n<\/p><\/div><\/div><\/div><\/div><\/div>\n<hr>\n<p>        [vc_row mobile_bg_img_hidden=&#8221;no&#8221; tablet_bg_img_hidden=&#8221;no&#8221; woodmart_parallax=&#8221;0&#8243; woodmart_gradient_switch=&#8221;no&#8221; row_reverse_mobile=&#8221;0&#8243; row_reverse_tablet=&#8221;0&#8243; woodmart_disable_overflow=&#8221;0&#8243; el_class=&#8221;filaImgCaracteristica&#8221;][vc_column mobile_bg_img_hidden=&#8221;no&#8221; tablet_bg_img_hidden=&#8221;no&#8221; woodmart_parallax=&#8221;0&#8243; woodmart_sticky_column=&#8221;false&#8221; parallax_scroll=&#8221;no&#8221; mobile_reset_margin=&#8221;no&#8221; tablet_reset_margin=&#8221;no&#8221;]<\/p>\n<div class=\"container mb-1\">\n<h3 class=\"text-center\">Informaci\u00f3n t\u00e9cnica<\/h3>\n<div class=\"row row-cols-1 row-cols-md-2 row-cols-xl-3 justify-content-md-center\">\n<div class=\"col-xs-1 col-md-1\">\n<div class=\"card\">\n                            <img decoding=\"async\" class=\"card-img-top w-100 d-block fit-cover pictoprincipalgrande\" src=\"https:\/\/giatsu.com\/wp-content\/uploads\/2023\/08\/gas_refrigerante-21d266.webp\" \/><\/p>\n<div class=\"card-body p-4\">\n<h4 class=\"card-text textospictospeques\">G\u00c3\u00a1s refrigerante<\/h4>\n<\/p><\/div><\/div><\/div><\/div><\/div>\n<div class=\"row justify-content-md-center\">\n<div class=\"vc_btn3-container vc_btn3-inline\" id=\"botonDescargarFicha\">\n                        <a target=\"_blank\" class=\"btn btn-light border rounded-4 botondescarga\" href=\"https:\/\/giatsu.com\/documentacion\/\/giatsu-fichas-tecnicas-vrf-km-.pdf\" title=\"\">Baixar planilha<\/a>\n                 <\/div><\/div>\n<div class=\"row\">\n<hr>\n<div class=\"col text-center\"><a target=\"_blank\" href=\"https:\/\/giatsu.com\/documentacion\/\/-manual-de-usuario-e-instalacion---multiidioma.pdf\" class=\"btn btn-light border rounded-4 botonDescargaManual botondescarga\">Manual de usu\u00e1rio<\/a><\/div>\n<hr>\n<\/div>\n<\/div>","protected":false},"excerpt":{"rendered":"<p class=\"MsoNormal\">Concebida para responder aos desafios de espa&ccedil;os limitados sem comprometer o desempenho, esta unidade redefine as expectativas do ar condicionado.<\/p>\n<p class=\"MsoNormal\">Com uma <strong>descarga de ar frontal<\/strong>, o seu design discreto e compacto prova que a inova&ccedil;&atilde;o se pode fundir com a est&eacute;tica.<\/p>\n<p class=\"MsoNormal\">A carater&iacute;stica mais not&aacute;vel &eacute; o seu <strong>tamanho reduzido<\/strong>, uma inova&ccedil;&atilde;o por si s&oacute;. Esta unidade consegue combinar uma pot&ecirc;ncia impressionante com dimens&otilde;es m&iacute;nimas, permitindo uma flexibilidade de instala&ccedil;&atilde;o que desafia os limites tradicionais do ar condicionado.<\/p>\n<p class=\"MsoNormal\">No entanto, o que realmente distingue esta unidade &eacute; o seu <strong>baixo n&iacute;vel de ru&iacute;do<\/strong>. O ru&iacute;do de fundo torna-se um eco distante quando comparado com o conforto que proporciona. Esta unidade prova que a pot&ecirc;ncia e a tranquilidade podem coexistir.<\/p>\n<p>Pot&ecirc;ncias dispon&iacute;veis: 8KW, 10KW, 12KW, 14KW, 16KW, 18KW, 20KW, 22,4KW, 26KW, 33,5KW<\/p>\n<div class='pictosvoz'><\/div>\n","protected":false},"featured_media":12568,"template":"","meta":{"_monsterinsights_skip_tracking":false,"_monsterinsights_sitenote_active":false,"_monsterinsights_sitenote_note":"","_monsterinsights_sitenote_category":0},"product_brand":[],"product_cat":[774],"product_tag":[],"class_list":{"0":"post-12566","1":"product","2":"type-product","3":"status-publish","4":"has-post-thumbnail","6":"product_cat-exterior-vrf-industrial-3","8":"first","9":"instock","10":"shipping-taxable","11":"product-type-simple"},"yoast_head":"<!-- This site is optimized with the Yoast SEO plugin v26.6 - https:\/\/yoast.com\/wordpress\/plugins\/seo\/ -->\n<title>Mini VRF Monof\u00e1sico KM<\/title>\n<meta name=\"description\" content=\"Unidade de controlo clim\u00e1tico exterior VRF, concebida para responder aos desafios de um espa\u00e7o limitado sem comprometer o desempenho.\" \/>\n<meta name=\"robots\" content=\"index, follow, max-snippet:-1, max-image-preview:large, max-video-preview:-1\" \/>\n<link rel=\"canonical\" href=\"https:\/\/giatsu.com\/pt\/industrial-3\/exterior-vrf-industrial-3\/mini-vrf-monofasico-km\/\" \/>\n<meta property=\"og:locale\" content=\"pt_PT\" \/>\n<meta property=\"og:type\" content=\"article\" \/>\n<meta property=\"og:title\" content=\"Mini VRF Monof\u00e1sico KM\" \/>\n<meta property=\"og:description\" content=\"Unidade de controlo clim\u00e1tico exterior VRF, concebida para responder aos desafios de um espa\u00e7o limitado sem comprometer o desempenho.\" \/>\n<meta property=\"og:url\" content=\"https:\/\/giatsu.com\/pt\/industrial-3\/exterior-vrf-industrial-3\/mini-vrf-monofasico-km\/\" \/>\n<meta property=\"og:site_name\" content=\"GIATSU\" \/>\n<meta property=\"article:modified_time\" content=\"2025-04-16T15:17:53+00:00\" \/>\n<meta property=\"og:image\" content=\"https:\/\/giatsu.com\/wp-content\/uploads\/2023\/08\/minivrf3-779fec.webp\" \/>\n\t<meta property=\"og:image:width\" content=\"800\" \/>\n\t<meta property=\"og:image:height\" content=\"800\" \/>\n\t<meta property=\"og:image:type\" content=\"image\/webp\" \/>\n<meta name=\"twitter:card\" content=\"summary_large_image\" \/>\n<script type=\"application\/ld+json\" class=\"yoast-schema-graph\">{\"@context\":\"https:\/\/schema.org\",\"@graph\":[{\"@type\":\"WebPage\",\"@id\":\"https:\/\/giatsu.com\/pt\/industrial-3\/exterior-vrf-industrial-3\/mini-vrf-monofasico-km\/\",\"url\":\"https:\/\/giatsu.com\/pt\/industrial-3\/exterior-vrf-industrial-3\/mini-vrf-monofasico-km\/\",\"name\":\"Mini VRF Monof\u00e1sico KM\",\"isPartOf\":{\"@id\":\"https:\/\/giatsu.com\/es\/#website\"},\"primaryImageOfPage\":{\"@id\":\"https:\/\/giatsu.com\/pt\/industrial-3\/exterior-vrf-industrial-3\/mini-vrf-monofasico-km\/#primaryimage\"},\"image\":{\"@id\":\"https:\/\/giatsu.com\/pt\/industrial-3\/exterior-vrf-industrial-3\/mini-vrf-monofasico-km\/#primaryimage\"},\"thumbnailUrl\":\"https:\/\/giatsu.com\/wp-content\/uploads\/2023\/08\/minivrf3-779fec.webp\",\"datePublished\":\"2023-06-06T07:03:45+00:00\",\"dateModified\":\"2025-04-16T15:17:53+00:00\",\"description\":\"Unidade de controlo clim\u00e1tico exterior VRF, concebida para responder aos desafios de um espa\u00e7o limitado sem comprometer o desempenho.\",\"breadcrumb\":{\"@id\":\"https:\/\/giatsu.com\/pt\/industrial-3\/exterior-vrf-industrial-3\/mini-vrf-monofasico-km\/#breadcrumb\"},\"inLanguage\":\"pt\",\"potentialAction\":[{\"@type\":\"ReadAction\",\"target\":[\"https:\/\/giatsu.com\/pt\/industrial-3\/exterior-vrf-industrial-3\/mini-vrf-monofasico-km\/\"]}]},{\"@type\":\"ImageObject\",\"inLanguage\":\"pt\",\"@id\":\"https:\/\/giatsu.com\/pt\/industrial-3\/exterior-vrf-industrial-3\/mini-vrf-monofasico-km\/#primaryimage\",\"url\":\"https:\/\/giatsu.com\/wp-content\/uploads\/2023\/08\/minivrf3-779fec.webp\",\"contentUrl\":\"https:\/\/giatsu.com\/wp-content\/uploads\/2023\/08\/minivrf3-779fec.webp\",\"width\":800,\"height\":800},{\"@type\":\"BreadcrumbList\",\"@id\":\"https:\/\/giatsu.com\/pt\/industrial-3\/exterior-vrf-industrial-3\/mini-vrf-monofasico-km\/#breadcrumb\",\"itemListElement\":[{\"@type\":\"ListItem\",\"position\":1,\"name\":\"Home\",\"item\":\"https:\/\/giatsu.com\/es\/\"},{\"@type\":\"ListItem\",\"position\":2,\"name\":\"PRODUCTOS\",\"item\":\"https:\/\/giatsu.com\/es\/productos\/\"},{\"@type\":\"ListItem\",\"position\":3,\"name\":\"MINI VRF MONOF\u00c1SICO KM\"}]},{\"@type\":\"WebSite\",\"@id\":\"https:\/\/giatsu.com\/es\/#website\",\"url\":\"https:\/\/giatsu.com\/es\/\",\"name\":\"GIATSU\",\"description\":\"Quality Comfort Everywhere\",\"potentialAction\":[{\"@type\":\"SearchAction\",\"target\":{\"@type\":\"EntryPoint\",\"urlTemplate\":\"https:\/\/giatsu.com\/es\/?s={search_term_string}\"},\"query-input\":{\"@type\":\"PropertyValueSpecification\",\"valueRequired\":true,\"valueName\":\"search_term_string\"}}],\"inLanguage\":\"pt\"}]}<\/script>\n<!-- \/ Yoast SEO plugin. -->","yoast_head_json":{"title":"Mini VRF Monof\u00e1sico KM","description":"Unidade de controlo clim\u00e1tico exterior VRF, concebida para responder aos desafios de um espa\u00e7o limitado sem comprometer o desempenho.","robots":{"index":"index","follow":"follow","max-snippet":"max-snippet:-1","max-image-preview":"max-image-preview:large","max-video-preview":"max-video-preview:-1"},"canonical":"https:\/\/giatsu.com\/pt\/industrial-3\/exterior-vrf-industrial-3\/mini-vrf-monofasico-km\/","og_locale":"pt_PT","og_type":"article","og_title":"Mini VRF Monof\u00e1sico KM","og_description":"Unidade de controlo clim\u00e1tico exterior VRF, concebida para responder aos desafios de um espa\u00e7o limitado sem comprometer o desempenho.","og_url":"https:\/\/giatsu.com\/pt\/industrial-3\/exterior-vrf-industrial-3\/mini-vrf-monofasico-km\/","og_site_name":"GIATSU","article_modified_time":"2025-04-16T15:17:53+00:00","og_image":[{"width":800,"height":800,"url":"https:\/\/giatsu.com\/wp-content\/uploads\/2023\/08\/minivrf3-779fec.webp","type":"image\/webp"}],"twitter_card":"summary_large_image","schema":{"@context":"https:\/\/schema.org","@graph":[{"@type":"WebPage","@id":"https:\/\/giatsu.com\/pt\/industrial-3\/exterior-vrf-industrial-3\/mini-vrf-monofasico-km\/","url":"https:\/\/giatsu.com\/pt\/industrial-3\/exterior-vrf-industrial-3\/mini-vrf-monofasico-km\/","name":"Mini VRF Monof\u00e1sico KM","isPartOf":{"@id":"https:\/\/giatsu.com\/es\/#website"},"primaryImageOfPage":{"@id":"https:\/\/giatsu.com\/pt\/industrial-3\/exterior-vrf-industrial-3\/mini-vrf-monofasico-km\/#primaryimage"},"image":{"@id":"https:\/\/giatsu.com\/pt\/industrial-3\/exterior-vrf-industrial-3\/mini-vrf-monofasico-km\/#primaryimage"},"thumbnailUrl":"https:\/\/giatsu.com\/wp-content\/uploads\/2023\/08\/minivrf3-779fec.webp","datePublished":"2023-06-06T07:03:45+00:00","dateModified":"2025-04-16T15:17:53+00:00","description":"Unidade de controlo clim\u00e1tico exterior VRF, concebida para responder aos desafios de um espa\u00e7o limitado sem comprometer o desempenho.","breadcrumb":{"@id":"https:\/\/giatsu.com\/pt\/industrial-3\/exterior-vrf-industrial-3\/mini-vrf-monofasico-km\/#breadcrumb"},"inLanguage":"pt","potentialAction":[{"@type":"ReadAction","target":["https:\/\/giatsu.com\/pt\/industrial-3\/exterior-vrf-industrial-3\/mini-vrf-monofasico-km\/"]}]},{"@type":"ImageObject","inLanguage":"pt","@id":"https:\/\/giatsu.com\/pt\/industrial-3\/exterior-vrf-industrial-3\/mini-vrf-monofasico-km\/#primaryimage","url":"https:\/\/giatsu.com\/wp-content\/uploads\/2023\/08\/minivrf3-779fec.webp","contentUrl":"https:\/\/giatsu.com\/wp-content\/uploads\/2023\/08\/minivrf3-779fec.webp","width":800,"height":800},{"@type":"BreadcrumbList","@id":"https:\/\/giatsu.com\/pt\/industrial-3\/exterior-vrf-industrial-3\/mini-vrf-monofasico-km\/#breadcrumb","itemListElement":[{"@type":"ListItem","position":1,"name":"Home","item":"https:\/\/giatsu.com\/es\/"},{"@type":"ListItem","position":2,"name":"PRODUCTOS","item":"https:\/\/giatsu.com\/es\/productos\/"},{"@type":"ListItem","position":3,"name":"MINI VRF MONOF\u00c1SICO KM"}]},{"@type":"WebSite","@id":"https:\/\/giatsu.com\/es\/#website","url":"https:\/\/giatsu.com\/es\/","name":"GIATSU","description":"Quality Comfort Everywhere","potentialAction":[{"@type":"SearchAction","target":{"@type":"EntryPoint","urlTemplate":"https:\/\/giatsu.com\/es\/?s={search_term_string}"},"query-input":{"@type":"PropertyValueSpecification","valueRequired":true,"valueName":"search_term_string"}}],"inLanguage":"pt"}]}},"_links":{"self":[{"href":"https:\/\/giatsu.com\/pt\/wp-json\/wp\/v2\/product\/12566","targetHints":{"allow":["GET"]}}],"collection":[{"href":"https:\/\/giatsu.com\/pt\/wp-json\/wp\/v2\/product"}],"about":[{"href":"https:\/\/giatsu.com\/pt\/wp-json\/wp\/v2\/types\/product"}],"wp:featuredmedia":[{"embeddable":true,"href":"https:\/\/giatsu.com\/pt\/wp-json\/wp\/v2\/media\/12568"}],"wp:attachment":[{"href":"https:\/\/giatsu.com\/pt\/wp-json\/wp\/v2\/media?parent=12566"}],"wp:term":[{"taxonomy":"product_brand","embeddable":true,"href":"https:\/\/giatsu.com\/pt\/wp-json\/wp\/v2\/product_brand?post=12566"},{"taxonomy":"product_cat","embeddable":true,"href":"https:\/\/giatsu.com\/pt\/wp-json\/wp\/v2\/product_cat?post=12566"},{"taxonomy":"product_tag","embeddable":true,"href":"https:\/\/giatsu.com\/pt\/wp-json\/wp\/v2\/product_tag?post=12566"}],"curies":[{"name":"wp","href":"https:\/\/api.w.org\/{rel}","templated":true}]}}