{"id":12551,"date":"2023-06-06T07:03:41","date_gmt":"2023-06-06T07:03:41","guid":{"rendered":"https:\/\/giatsu.com\/?post_type=product&#038;p=12551"},"modified":"2025-04-16T08:12:33","modified_gmt":"2025-04-16T08:12:33","slug":"conjunto-de-mangueira-de-alta-pressao","status":"publish","type":"product","link":"https:\/\/giatsu.com\/pt\/industrial-3\/grande-duto\/conjunto-de-mangueira-de-alta-pressao\/","title":{"rendered":"CONJUNTO DE MANGUEIRA DE ALTA PRESS\u00c3O"},"content":{"rendered":"<div class=\"wpb-content-wrapper\"><div class=\"container mb-1 moduloprincipalespictos\">\n<h2 class=\"text-center tituloprincipales\">Caracter\u00edsticas principales<\/h2>\n<div class=\"row row-cols-1 row-cols-md-2 row-cols-xl-3\">\n<div class=\"col-xs-6 col-md-3 order-last\">\n<div class=\"card\">\n                            <img decoding=\"async\" class=\"card-img-top w-100 d-block fit-cover pictoprincipalgrande\" src=\"https:\/\/giatsu.com\/wp-content\/uploads\/2023\/06\/tecnologia_inverter-495dd8.webp\" \/><\/p>\n<div class=\"card-body p-4\">\n<h3 class=\"font-weight-bold card-title\">Tecnologia inverter<\/h3>\n<p class=\"card-text\">Ao operar o compressor continuamente, uma economia de energia de at\u00e9 50% \u00e9 alcan\u00e7ada em compara\u00e7\u00e3o com o equipamento convencional.<\/p>\n<\/p><\/div><\/div><\/div>\n<div class=\"col-xs-6 col-md-3 order-last\">\n<div class=\"card\">\n                            <img decoding=\"async\" class=\"card-img-top w-100 d-block fit-cover pictoprincipalgrande\" src=\"https:\/\/giatsu.com\/wp-content\/uploads\/2025\/04\/ahorro-de-espacio-y-consumo-10cb1b.webp\" \/><\/p>\n<div class=\"card-body p-4\">\n<h3 class=\"font-weight-bold card-title\">Economia de espa\u00c3\u00a7o e consumo<\/h3>\n<p class=\"card-text\">Uso eficiente e respons\u00c3\u00a1vel dos recursos dispon\u00c3\u00adveis.<\/p>\n<\/p><\/div><\/div><\/div><\/div><\/div>\n<hr>\n<p>        [vc_row mobile_bg_img_hidden=&#8221;no&#8221; tablet_bg_img_hidden=&#8221;no&#8221; woodmart_parallax=&#8221;0&#8243; woodmart_gradient_switch=&#8221;no&#8221; row_reverse_mobile=&#8221;0&#8243; row_reverse_tablet=&#8221;0&#8243; woodmart_disable_overflow=&#8221;0&#8243; el_class=&#8221;filaImgCaracteristica&#8221;][vc_column mobile_bg_img_hidden=&#8221;no&#8221; tablet_bg_img_hidden=&#8221;no&#8221; woodmart_parallax=&#8221;0&#8243; woodmart_sticky_column=&#8221;false&#8221; parallax_scroll=&#8221;no&#8221; mobile_reset_margin=&#8221;no&#8221; tablet_reset_margin=&#8221;no&#8221;]<\/p>\n<div class=\"container mb-1\">\n<h3 class=\"text-center\">Informaci\u00f3n t\u00e9cnica<\/h3>\n<div class=\"row row-cols-1 row-cols-md-2 row-cols-xl-3 justify-content-md-center\">\n<div class=\"col-xs-1 col-md-1\">\n<div class=\"card\">\n                            <img decoding=\"async\" class=\"card-img-top w-100 d-block fit-cover pictoprincipalgrande\" src=\"https:\/\/giatsu.com\/wp-content\/uploads\/2023\/08\/gas_refrigerante-21d266.webp\" \/><\/p>\n<div class=\"card-body p-4\">\n<h4 class=\"card-text textospictospeques\">G\u00c3\u00a1s refrigerante<\/h4>\n<\/p><\/div><\/div><\/div>\n<div class=\"col-xs-1 col-md-1\">\n<div class=\"card\">\n                            <img decoding=\"async\" class=\"card-img-top w-100 d-block fit-cover pictoprincipalgrande\" src=\"https:\/\/giatsu.com\/wp-content\/uploads\/2023\/08\/filtro_incluido-14bc68.webp\" \/><\/p>\n<div class=\"card-body p-4\">\n<h4 class=\"card-text textospictospeques\">Filtro inclu\u00c3\u00addo<\/h4>\n<\/p><\/div><\/div><\/div><\/div><\/div>\n<\/div>","protected":false},"excerpt":{"rendered":"<p class=\"MsoNormal\">Concebido para superar os desafios de efici&ecirc;ncia e desempenho em ambientes exigentes, este conjunto redefine a pr&oacute;pria no&ccedil;&atilde;o de ventila&ccedil;&atilde;o eficaz, fundindo tecnologia avan&ccedil;ada com discri&ccedil;&atilde;o visual.<\/p>\n<p class=\"MsoNormal\">Uma das caracter&iacute;sticas distintivas deste conjunto &eacute; a sua capacidade de funcionar de forma eficiente e silenciosa, tornando-o na <strong>unidade interior silenciosa <\/strong>de que o seu espa&ccedil;o necessita.<\/p>\n<p class=\"MsoNormal\">Com a incr&iacute;vel capacidade de estender <strong>at&eacute; 100 metros de comprimento de tubagem,<\/strong> &eacute; ideal para espa&ccedil;os que abrangem grandes dist&acirc;ncias, garantindo uma distribui&ccedil;&atilde;o uniforme do ar.<\/p>\n<p class=\"MsoNormal\"><strong>Funciona com press&otilde;es elevadas, atingindo at&eacute; 150 Pa.<\/strong> Esta carater&iacute;stica demonstra a sua pot&ecirc;ncia e efici&ecirc;ncia em condi&ccedil;&otilde;es adversas, garantindo que o caudal de ar &eacute; constante e eficaz mesmo em situa&ccedil;&otilde;es dif&iacute;ceis.<\/p>\n<p class=\"MsoNormal\">Embora potente e capaz de lidar com condi&ccedil;&otilde;es exigentes, integra-se sem esfor&ccedil;o na estrutura do espa&ccedil;o sem comprometer a est&eacute;tica. Isto significa que desfruta de um desempenho excecional sem sacrificar a beleza do seu ambiente.<\/p>\n<p>Pot&ecirc;ncias dispon&iacute;veis: 14KW, 16KW, 22KW<\/p>\n<div class='pictosvoz'><\/div>\n","protected":false},"featured_media":12553,"template":"","meta":{"_monsterinsights_skip_tracking":false,"_monsterinsights_sitenote_active":false,"_monsterinsights_sitenote_note":"","_monsterinsights_sitenote_category":0},"product_brand":[],"product_cat":[735],"product_tag":[],"class_list":{"0":"post-12551","1":"product","2":"type-product","3":"status-publish","4":"has-post-thumbnail","6":"product_cat-grande-duto","8":"first","9":"instock","10":"shipping-taxable","11":"product-type-simple"},"yoast_head":"<!-- This site is optimized with the Yoast SEO plugin v27.4 - https:\/\/yoast.com\/product\/yoast-seo-wordpress\/ -->\n<title>CONJUNTO DE CONDUTAS DE ALTA POT\u00caNCIA IX49<\/title>\n<meta name=\"description\" content=\"Funciona sob press\u00f5es elevadas, atingindo at\u00e9 150 Pa. Esta carater\u00edstica demonstra a sua pot\u00eancia e efici\u00eancia em condi\u00e7\u00f5es adversas, garantindo que o fluxo de ar \u00e9 constante e eficaz mesmo em situa\u00e7\u00f5es dif\u00edceis.\" \/>\n<meta name=\"robots\" content=\"index, follow, max-snippet:-1, max-image-preview:large, max-video-preview:-1\" \/>\n<link rel=\"canonical\" href=\"https:\/\/giatsu.com\/pt\/industrial-3\/grande-duto\/conjunto-de-mangueira-de-alta-pressao\/\" \/>\n<meta property=\"og:locale\" content=\"pt_PT\" \/>\n<meta property=\"og:type\" content=\"article\" \/>\n<meta property=\"og:title\" content=\"CONJUNTO DE CONDUTAS DE ALTA POT\u00caNCIA IX49\" \/>\n<meta property=\"og:description\" content=\"Funciona sob press\u00f5es elevadas, atingindo at\u00e9 150 Pa. Esta carater\u00edstica demonstra a sua pot\u00eancia e efici\u00eancia em condi\u00e7\u00f5es adversas, garantindo que o fluxo de ar \u00e9 constante e eficaz mesmo em situa\u00e7\u00f5es dif\u00edceis.\" \/>\n<meta property=\"og:url\" content=\"https:\/\/giatsu.com\/pt\/industrial-3\/grande-duto\/conjunto-de-mangueira-de-alta-pressao\/\" \/>\n<meta property=\"og:site_name\" content=\"GIATSU\" \/>\n<meta property=\"article:modified_time\" content=\"2025-04-16T08:12:33+00:00\" \/>\n<meta property=\"og:image\" content=\"https:\/\/giatsu.com\/wp-content\/uploads\/2023\/10\/alta-potencia-f05dc8.webp\" \/>\n\t<meta property=\"og:image:width\" content=\"800\" \/>\n\t<meta property=\"og:image:height\" content=\"800\" \/>\n\t<meta property=\"og:image:type\" content=\"image\/webp\" \/>\n<meta name=\"twitter:card\" content=\"summary_large_image\" \/>\n<meta name=\"twitter:label1\" content=\"Est. reading time\" \/>\n\t<meta name=\"twitter:data1\" content=\"1 minute\" \/>\n<script type=\"application\/ld+json\" class=\"yoast-schema-graph\">{\"@context\":\"https:\\\/\\\/schema.org\",\"@graph\":[{\"@type\":\"WebPage\",\"@id\":\"https:\\\/\\\/giatsu.com\\\/pt\\\/industrial-3\\\/grande-duto\\\/conjunto-de-mangueira-de-alta-pressao\\\/\",\"url\":\"https:\\\/\\\/giatsu.com\\\/pt\\\/industrial-3\\\/grande-duto\\\/conjunto-de-mangueira-de-alta-pressao\\\/\",\"name\":\"CONJUNTO DE CONDUTAS DE ALTA POT\u00caNCIA IX49\",\"isPartOf\":{\"@id\":\"https:\\\/\\\/giatsu.com\\\/es\\\/#website\"},\"primaryImageOfPage\":{\"@id\":\"https:\\\/\\\/giatsu.com\\\/pt\\\/industrial-3\\\/grande-duto\\\/conjunto-de-mangueira-de-alta-pressao\\\/#primaryimage\"},\"image\":{\"@id\":\"https:\\\/\\\/giatsu.com\\\/pt\\\/industrial-3\\\/grande-duto\\\/conjunto-de-mangueira-de-alta-pressao\\\/#primaryimage\"},\"thumbnailUrl\":\"https:\\\/\\\/giatsu.com\\\/wp-content\\\/uploads\\\/2023\\\/10\\\/alta-potencia-f05dc8.webp\",\"datePublished\":\"2023-06-06T07:03:41+00:00\",\"dateModified\":\"2025-04-16T08:12:33+00:00\",\"description\":\"Funciona sob press\u00f5es elevadas, atingindo at\u00e9 150 Pa. Esta carater\u00edstica demonstra a sua pot\u00eancia e efici\u00eancia em condi\u00e7\u00f5es adversas, garantindo que o fluxo de ar \u00e9 constante e eficaz mesmo em situa\u00e7\u00f5es dif\u00edceis.\",\"breadcrumb\":{\"@id\":\"https:\\\/\\\/giatsu.com\\\/pt\\\/industrial-3\\\/grande-duto\\\/conjunto-de-mangueira-de-alta-pressao\\\/#breadcrumb\"},\"inLanguage\":\"pt\",\"potentialAction\":[{\"@type\":\"ReadAction\",\"target\":[\"https:\\\/\\\/giatsu.com\\\/pt\\\/industrial-3\\\/grande-duto\\\/conjunto-de-mangueira-de-alta-pressao\\\/\"]}]},{\"@type\":\"ImageObject\",\"inLanguage\":\"pt\",\"@id\":\"https:\\\/\\\/giatsu.com\\\/pt\\\/industrial-3\\\/grande-duto\\\/conjunto-de-mangueira-de-alta-pressao\\\/#primaryimage\",\"url\":\"https:\\\/\\\/giatsu.com\\\/wp-content\\\/uploads\\\/2023\\\/10\\\/alta-potencia-f05dc8.webp\",\"contentUrl\":\"https:\\\/\\\/giatsu.com\\\/wp-content\\\/uploads\\\/2023\\\/10\\\/alta-potencia-f05dc8.webp\",\"width\":800,\"height\":800},{\"@type\":\"BreadcrumbList\",\"@id\":\"https:\\\/\\\/giatsu.com\\\/pt\\\/industrial-3\\\/grande-duto\\\/conjunto-de-mangueira-de-alta-pressao\\\/#breadcrumb\",\"itemListElement\":[{\"@type\":\"ListItem\",\"position\":1,\"name\":\"Home\",\"item\":\"https:\\\/\\\/giatsu.com\\\/es\\\/\"},{\"@type\":\"ListItem\",\"position\":2,\"name\":\"PRODUCTOS\",\"item\":\"https:\\\/\\\/giatsu.com\\\/es\\\/productos\\\/\"},{\"@type\":\"ListItem\",\"position\":3,\"name\":\"CONJUNTO DE MANGUEIRA DE ALTA PRESS\u00c3O\"}]},{\"@type\":\"WebSite\",\"@id\":\"https:\\\/\\\/giatsu.com\\\/es\\\/#website\",\"url\":\"https:\\\/\\\/giatsu.com\\\/es\\\/\",\"name\":\"GIATSU\",\"description\":\"Quality Comfort Everywhere\",\"potentialAction\":[{\"@type\":\"SearchAction\",\"target\":{\"@type\":\"EntryPoint\",\"urlTemplate\":\"https:\\\/\\\/giatsu.com\\\/es\\\/?s={search_term_string}\"},\"query-input\":{\"@type\":\"PropertyValueSpecification\",\"valueRequired\":true,\"valueName\":\"search_term_string\"}}],\"inLanguage\":\"pt\"}]}<\/script>\n<!-- \/ Yoast SEO plugin. -->","yoast_head_json":{"title":"CONJUNTO DE CONDUTAS DE ALTA POT\u00caNCIA IX49","description":"Funciona sob press\u00f5es elevadas, atingindo at\u00e9 150 Pa. Esta carater\u00edstica demonstra a sua pot\u00eancia e efici\u00eancia em condi\u00e7\u00f5es adversas, garantindo que o fluxo de ar \u00e9 constante e eficaz mesmo em situa\u00e7\u00f5es dif\u00edceis.","robots":{"index":"index","follow":"follow","max-snippet":"max-snippet:-1","max-image-preview":"max-image-preview:large","max-video-preview":"max-video-preview:-1"},"canonical":"https:\/\/giatsu.com\/pt\/industrial-3\/grande-duto\/conjunto-de-mangueira-de-alta-pressao\/","og_locale":"pt_PT","og_type":"article","og_title":"CONJUNTO DE CONDUTAS DE ALTA POT\u00caNCIA IX49","og_description":"Funciona sob press\u00f5es elevadas, atingindo at\u00e9 150 Pa. Esta carater\u00edstica demonstra a sua pot\u00eancia e efici\u00eancia em condi\u00e7\u00f5es adversas, garantindo que o fluxo de ar \u00e9 constante e eficaz mesmo em situa\u00e7\u00f5es dif\u00edceis.","og_url":"https:\/\/giatsu.com\/pt\/industrial-3\/grande-duto\/conjunto-de-mangueira-de-alta-pressao\/","og_site_name":"GIATSU","article_modified_time":"2025-04-16T08:12:33+00:00","og_image":[{"width":800,"height":800,"url":"https:\/\/giatsu.com\/wp-content\/uploads\/2023\/10\/alta-potencia-f05dc8.webp","type":"image\/webp"}],"twitter_card":"summary_large_image","twitter_misc":{"Est. reading time":"1 minute"},"schema":{"@context":"https:\/\/schema.org","@graph":[{"@type":"WebPage","@id":"https:\/\/giatsu.com\/pt\/industrial-3\/grande-duto\/conjunto-de-mangueira-de-alta-pressao\/","url":"https:\/\/giatsu.com\/pt\/industrial-3\/grande-duto\/conjunto-de-mangueira-de-alta-pressao\/","name":"CONJUNTO DE CONDUTAS DE ALTA POT\u00caNCIA IX49","isPartOf":{"@id":"https:\/\/giatsu.com\/es\/#website"},"primaryImageOfPage":{"@id":"https:\/\/giatsu.com\/pt\/industrial-3\/grande-duto\/conjunto-de-mangueira-de-alta-pressao\/#primaryimage"},"image":{"@id":"https:\/\/giatsu.com\/pt\/industrial-3\/grande-duto\/conjunto-de-mangueira-de-alta-pressao\/#primaryimage"},"thumbnailUrl":"https:\/\/giatsu.com\/wp-content\/uploads\/2023\/10\/alta-potencia-f05dc8.webp","datePublished":"2023-06-06T07:03:41+00:00","dateModified":"2025-04-16T08:12:33+00:00","description":"Funciona sob press\u00f5es elevadas, atingindo at\u00e9 150 Pa. Esta carater\u00edstica demonstra a sua pot\u00eancia e efici\u00eancia em condi\u00e7\u00f5es adversas, garantindo que o fluxo de ar \u00e9 constante e eficaz mesmo em situa\u00e7\u00f5es dif\u00edceis.","breadcrumb":{"@id":"https:\/\/giatsu.com\/pt\/industrial-3\/grande-duto\/conjunto-de-mangueira-de-alta-pressao\/#breadcrumb"},"inLanguage":"pt","potentialAction":[{"@type":"ReadAction","target":["https:\/\/giatsu.com\/pt\/industrial-3\/grande-duto\/conjunto-de-mangueira-de-alta-pressao\/"]}]},{"@type":"ImageObject","inLanguage":"pt","@id":"https:\/\/giatsu.com\/pt\/industrial-3\/grande-duto\/conjunto-de-mangueira-de-alta-pressao\/#primaryimage","url":"https:\/\/giatsu.com\/wp-content\/uploads\/2023\/10\/alta-potencia-f05dc8.webp","contentUrl":"https:\/\/giatsu.com\/wp-content\/uploads\/2023\/10\/alta-potencia-f05dc8.webp","width":800,"height":800},{"@type":"BreadcrumbList","@id":"https:\/\/giatsu.com\/pt\/industrial-3\/grande-duto\/conjunto-de-mangueira-de-alta-pressao\/#breadcrumb","itemListElement":[{"@type":"ListItem","position":1,"name":"Home","item":"https:\/\/giatsu.com\/es\/"},{"@type":"ListItem","position":2,"name":"PRODUCTOS","item":"https:\/\/giatsu.com\/es\/productos\/"},{"@type":"ListItem","position":3,"name":"CONJUNTO DE MANGUEIRA DE ALTA PRESS\u00c3O"}]},{"@type":"WebSite","@id":"https:\/\/giatsu.com\/es\/#website","url":"https:\/\/giatsu.com\/es\/","name":"GIATSU","description":"Quality Comfort Everywhere","potentialAction":[{"@type":"SearchAction","target":{"@type":"EntryPoint","urlTemplate":"https:\/\/giatsu.com\/es\/?s={search_term_string}"},"query-input":{"@type":"PropertyValueSpecification","valueRequired":true,"valueName":"search_term_string"}}],"inLanguage":"pt"}]}},"_links":{"self":[{"href":"https:\/\/giatsu.com\/pt\/wp-json\/wp\/v2\/product\/12551","targetHints":{"allow":["GET"]}}],"collection":[{"href":"https:\/\/giatsu.com\/pt\/wp-json\/wp\/v2\/product"}],"about":[{"href":"https:\/\/giatsu.com\/pt\/wp-json\/wp\/v2\/types\/product"}],"wp:featuredmedia":[{"embeddable":true,"href":"https:\/\/giatsu.com\/pt\/wp-json\/wp\/v2\/media\/12553"}],"wp:attachment":[{"href":"https:\/\/giatsu.com\/pt\/wp-json\/wp\/v2\/media?parent=12551"}],"wp:term":[{"taxonomy":"product_brand","embeddable":true,"href":"https:\/\/giatsu.com\/pt\/wp-json\/wp\/v2\/product_brand?post=12551"},{"taxonomy":"product_cat","embeddable":true,"href":"https:\/\/giatsu.com\/pt\/wp-json\/wp\/v2\/product_cat?post=12551"},{"taxonomy":"product_tag","embeddable":true,"href":"https:\/\/giatsu.com\/pt\/wp-json\/wp\/v2\/product_tag?post=12551"}],"curies":[{"name":"wp","href":"https:\/\/api.w.org\/{rel}","templated":true}]}}