{"id":12542,"date":"2023-06-06T07:03:36","date_gmt":"2023-06-06T07:03:36","guid":{"rendered":"https:\/\/giatsu.com\/?post_type=product&#038;p=12542"},"modified":"2025-04-16T14:52:52","modified_gmt":"2025-04-16T14:52:52","slug":"conjunto-de-coluna-centrifuga-invisivel","status":"publish","type":"product","link":"https:\/\/giatsu.com\/pt\/industrial-3\/vrf-interiores\/colunas-vrf-interiores\/conjunto-de-coluna-centrifuga-invisivel\/","title":{"rendered":"CONJUNTO DE COLUNA CENTR\u00cdFUGA INVIS\u00cdVEL"},"content":{"rendered":"<div class=\"wpb-content-wrapper\"><div class=\"container mb-1 moduloprincipalespictos\">\n<h2 class=\"text-center tituloprincipales\">Caracter\u00edsticas principales<\/h2>\n<div class=\"row row-cols-1 row-cols-md-2 row-cols-xl-3\">\n<div class=\"col-xs-6 col-md-3 order-last\">\n<div class=\"card\">\n                            <img decoding=\"async\" class=\"card-img-top w-100 d-block fit-cover pictoprincipalgrande\" src=\"https:\/\/giatsu.com\/wp-content\/uploads\/2023\/08\/diseno_compacto-a5c2f3.webp\" \/><\/p>\n<div class=\"card-body p-4\">\n<h3 class=\"font-weight-bold card-title\">Projeto compacto<\/h3>\n<p class=\"card-text\">Economiza espa\u00e7o gra\u00e7as ao seu design e tamanho compactos, ideal para uso em banheiros, escrit\u00f3rios e quartos<\/p>\n<\/p><\/div><\/div><\/div>\n<div class=\"col-xs-6 col-md-3 order-last\">\n<div class=\"card\">\n                            <img decoding=\"async\" class=\"card-img-top w-100 d-block fit-cover pictoprincipalgrande\" src=\"https:\/\/giatsu.com\/wp-content\/uploads\/2023\/08\/led-9ce7c9.webp\" \/><\/p>\n<div class=\"card-body p-4\">\n<h3 class=\"font-weight-bold card-title\">Tela LED<\/h3>\n<p class=\"card-text\">Um grande visor LED informa sobre o funcionamento do sistema de ar condicionado.<\/p>\n<\/p><\/div><\/div><\/div>\n<div class=\"col-xs-6 col-md-3 order-last\">\n<div class=\"card\">\n                            <img decoding=\"async\" class=\"card-img-top w-100 d-block fit-cover pictoprincipalgrande\" src=\"https:\/\/giatsu.com\/wp-content\/uploads\/2023\/08\/mando_distancia-a17a7c.webp\" \/><\/p>\n<div class=\"card-body p-4\">\n<h3 class=\"font-weight-bold card-title\">Controle remoto<\/h3>\n<p class=\"card-text\">Inclui controlo por cabo com programa\u00e7\u00e3o semanal.<\/p>\n<\/p><\/div><\/div><\/div>\n<div class=\"col-xs-6 col-md-3 order-last\">\n<div class=\"card\">\n                            <img decoding=\"async\" class=\"card-img-top w-100 d-block fit-cover pictoprincipalgrande\" src=\"https:\/\/giatsu.com\/wp-content\/uploads\/2023\/06\/tecnologia_inverter-495dd8.webp\" \/><\/p>\n<div class=\"card-body p-4\">\n<h3 class=\"font-weight-bold card-title\">Tecnologia inverter<\/h3>\n<p class=\"card-text\">Ao operar o compressor continuamente, uma economia de energia de at\u00e9 50% \u00e9 alcan\u00e7ada em compara\u00e7\u00e3o com o equipamento convencional.<\/p>\n<\/p><\/div><\/div><\/div><\/div><\/div>\n<hr>\n<p>        [vc_row mobile_bg_img_hidden=&#8221;no&#8221; tablet_bg_img_hidden=&#8221;no&#8221; woodmart_parallax=&#8221;0&#8243; woodmart_gradient_switch=&#8221;no&#8221; row_reverse_mobile=&#8221;0&#8243; row_reverse_tablet=&#8221;0&#8243; woodmart_disable_overflow=&#8221;0&#8243; el_class=&#8221;filaImgCaracteristica&#8221;][vc_column mobile_bg_img_hidden=&#8221;no&#8221; tablet_bg_img_hidden=&#8221;no&#8221; woodmart_parallax=&#8221;0&#8243; woodmart_sticky_column=&#8221;false&#8221; parallax_scroll=&#8221;no&#8221; mobile_reset_margin=&#8221;no&#8221; tablet_reset_margin=&#8221;no&#8221;]<\/p>\n<div class=\"container mb-1\">\n<h3 class=\"text-center\">Informaci\u00f3n t\u00e9cnica<\/h3>\n<div class=\"row row-cols-1 row-cols-md-2 row-cols-xl-3 justify-content-md-center\">\n<div class=\"col-xs-1 col-md-1\">\n<div class=\"card\">\n                            <img decoding=\"async\" class=\"card-img-top w-100 d-block fit-cover pictoprincipalgrande\" src=\"https:\/\/giatsu.com\/wp-content\/uploads\/2023\/08\/auto_swing-21613f.webp\" \/><\/p>\n<div class=\"card-body p-4\">\n<h4 class=\"card-text textospictospeques\">Auto swing<\/h4>\n<\/p><\/div><\/div><\/div>\n<div class=\"col-xs-1 col-md-1\">\n<div class=\"card\">\n                            <img decoding=\"async\" class=\"card-img-top w-100 d-block fit-cover pictoprincipalgrande\" src=\"https:\/\/giatsu.com\/wp-content\/uploads\/2023\/08\/gas_refrigerante-21d266.webp\" \/><\/p>\n<div class=\"card-body p-4\">\n<h4 class=\"card-text textospictospeques\">G\u00c3\u00a1s refrigerante<\/h4>\n<\/p><\/div><\/div><\/div>\n<div class=\"col-xs-1 col-md-1\">\n<div class=\"card\">\n                            <img decoding=\"async\" class=\"card-img-top w-100 d-block fit-cover pictoprincipalgrande\" src=\"https:\/\/giatsu.com\/wp-content\/uploads\/2023\/08\/display_tactil_multifuncional-ee077c.webp\" \/><\/p>\n<div class=\"card-body p-4\">\n<h4 class=\"card-text textospictospeques\">Tela de toque multifuncional<\/h4>\n<\/p><\/div><\/div><\/div><\/div><\/div>\n<div class=\"row justify-content-md-center\">\n<div class=\"vc_btn3-container vc_btn3-inline\" id=\"botonDescargarFicha\">\n                        <a target=\"_blank\" class=\"btn btn-light border rounded-4 botondescarga\" href=\"https:\/\/giatsu.com\/documentacion\/\/giatsu-fichas-tecnicas-vrf-km-portugues.pdf\" title=\"\">Baixar planilha<\/a>\n                 <\/div><\/div>\n<div class=\"row\">\n<hr>\n<div class=\"col text-center\"><a target=\"_blank\" href=\"https:\/\/giatsu.com\/documentacion\/\/giatsu-manual-de-usuario-e-instalacion-vrf-km-ingles.pdf\" class=\"btn btn-light border rounded-4 botonDescargaManual botondescarga\">Manual de usu\u00e1rio<\/a><\/div>\n<hr>\n<\/div>\n<\/div>","protected":false},"excerpt":{"rendered":"<p class=\"MsoNormal\">A sua conce&ccedil;&atilde;o &eacute; particularmente adequada para instala&ccedil;&otilde;es em <strong>estaleiros de constru&ccedil;&atilde;o sem teto falso<\/strong>, tornando-se a solu&ccedil;&atilde;o perfeita para ambientes onde as restri&ccedil;&otilde;es arquitect&oacute;nicas poderiam ter colocado desafios anteriormente intranspon&iacute;veis.<\/p>\n<p class=\"MsoNormal\">Integrada &agrave; vista de todos, a coluna centr&iacute;fuga invis&iacute;vel torna-se um elemento subtil mas essencial da estrutura do espa&ccedil;o, garantindo que nem a funcionalidade nem a est&eacute;tica sejam comprometidas.<\/p>\n<p class=\"MsoNormal\">O seu <strong>design compacto e eficiente<\/strong> permite uma instala&ccedil;&atilde;o sem problemas, mesmo nos locais mais dif&iacute;ceis. Assim, locais anteriormente considerados inadequados para a ventila&ccedil;&atilde;o podem agora tirar partido da efici&ecirc;ncia e do conforto deste conjunto revolucion&aacute;rio.<\/p>\n<p class=\"MsoNormal\">Equipado com tecnologia centr&iacute;fuga de &uacute;ltima gera&ccedil;&atilde;o, este sistema &eacute; capaz de proporcionar um &oacute;timo caudal de ar e um ambiente confort&aacute;vel em qualquer espa&ccedil;o onde seja aplicado.<\/p>\n<p>Pot&ecirc;ncias dispon&iacute;veis: 16KW<\/p>\n<div class='pictosvoz'><\/div>\n","protected":false},"featured_media":12547,"template":"","meta":{"_monsterinsights_skip_tracking":false,"_monsterinsights_sitenote_active":false,"_monsterinsights_sitenote_note":"","_monsterinsights_sitenote_category":0},"product_brand":[],"product_cat":[821,801],"product_tag":[],"class_list":{"0":"post-12542","1":"product","2":"type-product","3":"status-publish","4":"has-post-thumbnail","6":"product_cat-colunas-vrf-interiores","7":"product_cat-vrf-interiores","9":"first","10":"instock","11":"shipping-taxable","12":"product-type-simple"},"yoast_head":"<!-- This site is optimized with the Yoast SEO plugin v27.4 - https:\/\/yoast.com\/product\/yoast-seo-wordpress\/ -->\n<title>Conjunto de coluna centr\u00edfuga invis\u00edvel<\/title>\n<meta name=\"description\" content=\"Sistema de ar condicionado concebido para ser integrado de forma discreta em espa\u00e7os sem tectos falsos. O seu design compacto e eficiente facilita a instala\u00e7\u00e3o em \u00e1reas com limita\u00e7\u00f5es arquitect\u00f3nicas, proporcionando um fluxo de ar ideal e um ambiente confort\u00e1vel.\" \/>\n<meta name=\"robots\" content=\"index, follow, max-snippet:-1, max-image-preview:large, max-video-preview:-1\" \/>\n<link rel=\"canonical\" href=\"https:\/\/giatsu.com\/pt\/industrial-3\/vrf-interiores\/colunas-vrf-interiores\/conjunto-de-coluna-centrifuga-invisivel\/\" \/>\n<meta property=\"og:locale\" content=\"pt_PT\" \/>\n<meta property=\"og:type\" content=\"article\" \/>\n<meta property=\"og:title\" content=\"Conjunto de coluna centr\u00edfuga invis\u00edvel\" \/>\n<meta property=\"og:description\" content=\"Sistema de ar condicionado concebido para ser integrado de forma discreta em espa\u00e7os sem tectos falsos. O seu design compacto e eficiente facilita a instala\u00e7\u00e3o em \u00e1reas com limita\u00e7\u00f5es arquitect\u00f3nicas, proporcionando um fluxo de ar ideal e um ambiente confort\u00e1vel.\" \/>\n<meta property=\"og:url\" content=\"https:\/\/giatsu.com\/pt\/industrial-3\/vrf-interiores\/colunas-vrf-interiores\/conjunto-de-coluna-centrifuga-invisivel\/\" \/>\n<meta property=\"og:site_name\" content=\"GIATSU\" \/>\n<meta property=\"article:modified_time\" content=\"2025-04-16T14:52:52+00:00\" \/>\n<meta property=\"og:image\" content=\"https:\/\/giatsu.com\/wp-content\/uploads\/2023\/08\/columna-invisible2-4b66be.webp\" \/>\n\t<meta property=\"og:image:width\" content=\"800\" \/>\n\t<meta property=\"og:image:height\" content=\"800\" \/>\n\t<meta property=\"og:image:type\" content=\"image\/webp\" \/>\n<meta name=\"twitter:card\" content=\"summary_large_image\" \/>\n<meta name=\"twitter:label1\" content=\"Est. reading time\" \/>\n\t<meta name=\"twitter:data1\" content=\"1 minute\" \/>\n<script type=\"application\/ld+json\" class=\"yoast-schema-graph\">{\"@context\":\"https:\\\/\\\/schema.org\",\"@graph\":[{\"@type\":\"WebPage\",\"@id\":\"https:\\\/\\\/giatsu.com\\\/pt\\\/industrial-3\\\/vrf-interiores\\\/colunas-vrf-interiores\\\/conjunto-de-coluna-centrifuga-invisivel\\\/\",\"url\":\"https:\\\/\\\/giatsu.com\\\/pt\\\/industrial-3\\\/vrf-interiores\\\/colunas-vrf-interiores\\\/conjunto-de-coluna-centrifuga-invisivel\\\/\",\"name\":\"Conjunto de coluna centr\u00edfuga invis\u00edvel\",\"isPartOf\":{\"@id\":\"https:\\\/\\\/giatsu.com\\\/es\\\/#website\"},\"primaryImageOfPage\":{\"@id\":\"https:\\\/\\\/giatsu.com\\\/pt\\\/industrial-3\\\/vrf-interiores\\\/colunas-vrf-interiores\\\/conjunto-de-coluna-centrifuga-invisivel\\\/#primaryimage\"},\"image\":{\"@id\":\"https:\\\/\\\/giatsu.com\\\/pt\\\/industrial-3\\\/vrf-interiores\\\/colunas-vrf-interiores\\\/conjunto-de-coluna-centrifuga-invisivel\\\/#primaryimage\"},\"thumbnailUrl\":\"https:\\\/\\\/giatsu.com\\\/wp-content\\\/uploads\\\/2023\\\/08\\\/columna-invisible2-4b66be.webp\",\"datePublished\":\"2023-06-06T07:03:36+00:00\",\"dateModified\":\"2025-04-16T14:52:52+00:00\",\"description\":\"Sistema de ar condicionado concebido para ser integrado de forma discreta em espa\u00e7os sem tectos falsos. O seu design compacto e eficiente facilita a instala\u00e7\u00e3o em \u00e1reas com limita\u00e7\u00f5es arquitect\u00f3nicas, proporcionando um fluxo de ar ideal e um ambiente confort\u00e1vel.\",\"breadcrumb\":{\"@id\":\"https:\\\/\\\/giatsu.com\\\/pt\\\/industrial-3\\\/vrf-interiores\\\/colunas-vrf-interiores\\\/conjunto-de-coluna-centrifuga-invisivel\\\/#breadcrumb\"},\"inLanguage\":\"pt\",\"potentialAction\":[{\"@type\":\"ReadAction\",\"target\":[\"https:\\\/\\\/giatsu.com\\\/pt\\\/industrial-3\\\/vrf-interiores\\\/colunas-vrf-interiores\\\/conjunto-de-coluna-centrifuga-invisivel\\\/\"]}]},{\"@type\":\"ImageObject\",\"inLanguage\":\"pt\",\"@id\":\"https:\\\/\\\/giatsu.com\\\/pt\\\/industrial-3\\\/vrf-interiores\\\/colunas-vrf-interiores\\\/conjunto-de-coluna-centrifuga-invisivel\\\/#primaryimage\",\"url\":\"https:\\\/\\\/giatsu.com\\\/wp-content\\\/uploads\\\/2023\\\/08\\\/columna-invisible2-4b66be.webp\",\"contentUrl\":\"https:\\\/\\\/giatsu.com\\\/wp-content\\\/uploads\\\/2023\\\/08\\\/columna-invisible2-4b66be.webp\",\"width\":800,\"height\":800},{\"@type\":\"BreadcrumbList\",\"@id\":\"https:\\\/\\\/giatsu.com\\\/pt\\\/industrial-3\\\/vrf-interiores\\\/colunas-vrf-interiores\\\/conjunto-de-coluna-centrifuga-invisivel\\\/#breadcrumb\",\"itemListElement\":[{\"@type\":\"ListItem\",\"position\":1,\"name\":\"Home\",\"item\":\"https:\\\/\\\/giatsu.com\\\/es\\\/\"},{\"@type\":\"ListItem\",\"position\":2,\"name\":\"PRODUCTOS\",\"item\":\"https:\\\/\\\/giatsu.com\\\/es\\\/productos\\\/\"},{\"@type\":\"ListItem\",\"position\":3,\"name\":\"CONJUNTO DE COLUNA CENTR\u00cdFUGA INVIS\u00cdVEL\"}]},{\"@type\":\"WebSite\",\"@id\":\"https:\\\/\\\/giatsu.com\\\/es\\\/#website\",\"url\":\"https:\\\/\\\/giatsu.com\\\/es\\\/\",\"name\":\"GIATSU\",\"description\":\"Quality Comfort Everywhere\",\"potentialAction\":[{\"@type\":\"SearchAction\",\"target\":{\"@type\":\"EntryPoint\",\"urlTemplate\":\"https:\\\/\\\/giatsu.com\\\/es\\\/?s={search_term_string}\"},\"query-input\":{\"@type\":\"PropertyValueSpecification\",\"valueRequired\":true,\"valueName\":\"search_term_string\"}}],\"inLanguage\":\"pt\"}]}<\/script>\n<!-- \/ Yoast SEO plugin. -->","yoast_head_json":{"title":"Conjunto de coluna centr\u00edfuga invis\u00edvel","description":"Sistema de ar condicionado concebido para ser integrado de forma discreta em espa\u00e7os sem tectos falsos. O seu design compacto e eficiente facilita a instala\u00e7\u00e3o em \u00e1reas com limita\u00e7\u00f5es arquitect\u00f3nicas, proporcionando um fluxo de ar ideal e um ambiente confort\u00e1vel.","robots":{"index":"index","follow":"follow","max-snippet":"max-snippet:-1","max-image-preview":"max-image-preview:large","max-video-preview":"max-video-preview:-1"},"canonical":"https:\/\/giatsu.com\/pt\/industrial-3\/vrf-interiores\/colunas-vrf-interiores\/conjunto-de-coluna-centrifuga-invisivel\/","og_locale":"pt_PT","og_type":"article","og_title":"Conjunto de coluna centr\u00edfuga invis\u00edvel","og_description":"Sistema de ar condicionado concebido para ser integrado de forma discreta em espa\u00e7os sem tectos falsos. O seu design compacto e eficiente facilita a instala\u00e7\u00e3o em \u00e1reas com limita\u00e7\u00f5es arquitect\u00f3nicas, proporcionando um fluxo de ar ideal e um ambiente confort\u00e1vel.","og_url":"https:\/\/giatsu.com\/pt\/industrial-3\/vrf-interiores\/colunas-vrf-interiores\/conjunto-de-coluna-centrifuga-invisivel\/","og_site_name":"GIATSU","article_modified_time":"2025-04-16T14:52:52+00:00","og_image":[{"width":800,"height":800,"url":"https:\/\/giatsu.com\/wp-content\/uploads\/2023\/08\/columna-invisible2-4b66be.webp","type":"image\/webp"}],"twitter_card":"summary_large_image","twitter_misc":{"Est. reading time":"1 minute"},"schema":{"@context":"https:\/\/schema.org","@graph":[{"@type":"WebPage","@id":"https:\/\/giatsu.com\/pt\/industrial-3\/vrf-interiores\/colunas-vrf-interiores\/conjunto-de-coluna-centrifuga-invisivel\/","url":"https:\/\/giatsu.com\/pt\/industrial-3\/vrf-interiores\/colunas-vrf-interiores\/conjunto-de-coluna-centrifuga-invisivel\/","name":"Conjunto de coluna centr\u00edfuga invis\u00edvel","isPartOf":{"@id":"https:\/\/giatsu.com\/es\/#website"},"primaryImageOfPage":{"@id":"https:\/\/giatsu.com\/pt\/industrial-3\/vrf-interiores\/colunas-vrf-interiores\/conjunto-de-coluna-centrifuga-invisivel\/#primaryimage"},"image":{"@id":"https:\/\/giatsu.com\/pt\/industrial-3\/vrf-interiores\/colunas-vrf-interiores\/conjunto-de-coluna-centrifuga-invisivel\/#primaryimage"},"thumbnailUrl":"https:\/\/giatsu.com\/wp-content\/uploads\/2023\/08\/columna-invisible2-4b66be.webp","datePublished":"2023-06-06T07:03:36+00:00","dateModified":"2025-04-16T14:52:52+00:00","description":"Sistema de ar condicionado concebido para ser integrado de forma discreta em espa\u00e7os sem tectos falsos. O seu design compacto e eficiente facilita a instala\u00e7\u00e3o em \u00e1reas com limita\u00e7\u00f5es arquitect\u00f3nicas, proporcionando um fluxo de ar ideal e um ambiente confort\u00e1vel.","breadcrumb":{"@id":"https:\/\/giatsu.com\/pt\/industrial-3\/vrf-interiores\/colunas-vrf-interiores\/conjunto-de-coluna-centrifuga-invisivel\/#breadcrumb"},"inLanguage":"pt","potentialAction":[{"@type":"ReadAction","target":["https:\/\/giatsu.com\/pt\/industrial-3\/vrf-interiores\/colunas-vrf-interiores\/conjunto-de-coluna-centrifuga-invisivel\/"]}]},{"@type":"ImageObject","inLanguage":"pt","@id":"https:\/\/giatsu.com\/pt\/industrial-3\/vrf-interiores\/colunas-vrf-interiores\/conjunto-de-coluna-centrifuga-invisivel\/#primaryimage","url":"https:\/\/giatsu.com\/wp-content\/uploads\/2023\/08\/columna-invisible2-4b66be.webp","contentUrl":"https:\/\/giatsu.com\/wp-content\/uploads\/2023\/08\/columna-invisible2-4b66be.webp","width":800,"height":800},{"@type":"BreadcrumbList","@id":"https:\/\/giatsu.com\/pt\/industrial-3\/vrf-interiores\/colunas-vrf-interiores\/conjunto-de-coluna-centrifuga-invisivel\/#breadcrumb","itemListElement":[{"@type":"ListItem","position":1,"name":"Home","item":"https:\/\/giatsu.com\/es\/"},{"@type":"ListItem","position":2,"name":"PRODUCTOS","item":"https:\/\/giatsu.com\/es\/productos\/"},{"@type":"ListItem","position":3,"name":"CONJUNTO DE COLUNA CENTR\u00cdFUGA INVIS\u00cdVEL"}]},{"@type":"WebSite","@id":"https:\/\/giatsu.com\/es\/#website","url":"https:\/\/giatsu.com\/es\/","name":"GIATSU","description":"Quality Comfort Everywhere","potentialAction":[{"@type":"SearchAction","target":{"@type":"EntryPoint","urlTemplate":"https:\/\/giatsu.com\/es\/?s={search_term_string}"},"query-input":{"@type":"PropertyValueSpecification","valueRequired":true,"valueName":"search_term_string"}}],"inLanguage":"pt"}]}},"_links":{"self":[{"href":"https:\/\/giatsu.com\/pt\/wp-json\/wp\/v2\/product\/12542","targetHints":{"allow":["GET"]}}],"collection":[{"href":"https:\/\/giatsu.com\/pt\/wp-json\/wp\/v2\/product"}],"about":[{"href":"https:\/\/giatsu.com\/pt\/wp-json\/wp\/v2\/types\/product"}],"wp:featuredmedia":[{"embeddable":true,"href":"https:\/\/giatsu.com\/pt\/wp-json\/wp\/v2\/media\/12547"}],"wp:attachment":[{"href":"https:\/\/giatsu.com\/pt\/wp-json\/wp\/v2\/media?parent=12542"}],"wp:term":[{"taxonomy":"product_brand","embeddable":true,"href":"https:\/\/giatsu.com\/pt\/wp-json\/wp\/v2\/product_brand?post=12542"},{"taxonomy":"product_cat","embeddable":true,"href":"https:\/\/giatsu.com\/pt\/wp-json\/wp\/v2\/product_cat?post=12542"},{"taxonomy":"product_tag","embeddable":true,"href":"https:\/\/giatsu.com\/pt\/wp-json\/wp\/v2\/product_tag?post=12542"}],"curies":[{"name":"wp","href":"https:\/\/api.w.org\/{rel}","templated":true}]}}