{"id":12527,"date":"2023-06-06T07:03:31","date_gmt":"2023-06-06T07:03:31","guid":{"rendered":"https:\/\/giatsu.com\/?post_type=product&#038;p=12527"},"modified":"2024-07-08T09:36:35","modified_gmt":"2024-07-08T09:36:35","slug":"conjunto-de-condutas-invisiveis-de-media-pressao","status":"publish","type":"product","link":"https:\/\/giatsu.com\/pt\/industrial-3\/grande-duto\/conjunto-de-condutas-invisiveis-de-media-pressao\/","title":{"rendered":"CONJUNTO DE CONDUTAS INVIS\u00cdVEIS DE M\u00c9DIA PRESS\u00c3O"},"content":{"rendered":"<div class=\"wpb-content-wrapper\"><div class=\"container mb-1 moduloprincipalespictos\">\n<h2 class=\"text-center tituloprincipales\">Caracter\u00edsticas principales<\/h2>\n<div class=\"row row-cols-1 row-cols-md-2 row-cols-xl-3\">\n<div class=\"col-xs-6 col-md-3 order-last\">\n<div class=\"card\">\n                            <img decoding=\"async\" class=\"card-img-top w-100 d-block fit-cover pictoprincipalgrande\" src=\"https:\/\/giatsu.com\/wp-content\/uploads\/2023\/08\/bomba-condensados-45c40c.webp\" \/><\/p>\n<div class=\"card-body p-4\">\n<h3 class=\"font-weight-bold card-title\">Bomba de Condensados<\/h3>\n<p class=\"card-text\">Inclui bomba de condensado com eleva\u00e7\u00e3o de 750 mm.<\/p>\n<\/p><\/div><\/div><\/div>\n<div class=\"col-xs-6 col-md-3 order-last\">\n<div class=\"card\">\n                            <img decoding=\"async\" class=\"card-img-top w-100 d-block fit-cover pictoprincipalgrande\" src=\"https:\/\/giatsu.com\/wp-content\/uploads\/2023\/08\/diseno_compacto-a5c2f3.webp\" \/><\/p>\n<div class=\"card-body p-4\">\n<h3 class=\"font-weight-bold card-title\">Projeto compacto<\/h3>\n<p class=\"card-text\">Economiza espa\u00e7o gra\u00e7as ao seu design e tamanho compactos, ideal para uso em banheiros, escrit\u00f3rios e quartos<\/p>\n<\/p><\/div><\/div><\/div>\n<div class=\"col-xs-6 col-md-3 order-last\">\n<div class=\"card\">\n                            <img decoding=\"async\" class=\"card-img-top w-100 d-block fit-cover pictoprincipalgrande\" src=\"https:\/\/giatsu.com\/wp-content\/uploads\/2023\/06\/tecnologia_inverter-495dd8.webp\" \/><\/p>\n<div class=\"card-body p-4\">\n<h3 class=\"font-weight-bold card-title\">Tecnologia inverter<\/h3>\n<p class=\"card-text\">Ao operar o compressor continuamente, uma economia de energia de at\u00e9 50% \u00e9 alcan\u00e7ada em compara\u00e7\u00e3o com o equipamento convencional.<\/p>\n<\/p><\/div><\/div><\/div><\/div><\/div>\n<hr>\n<p>        [vc_row mobile_bg_img_hidden=&#8221;no&#8221; tablet_bg_img_hidden=&#8221;no&#8221; woodmart_parallax=&#8221;0&#8243; woodmart_gradient_switch=&#8221;no&#8221; row_reverse_mobile=&#8221;0&#8243; row_reverse_tablet=&#8221;0&#8243; woodmart_disable_overflow=&#8221;0&#8243; el_class=&#8221;filaImgCaracteristica&#8221;][vc_column mobile_bg_img_hidden=&#8221;no&#8221; tablet_bg_img_hidden=&#8221;no&#8221; woodmart_parallax=&#8221;0&#8243; woodmart_sticky_column=&#8221;false&#8221; parallax_scroll=&#8221;no&#8221; mobile_reset_margin=&#8221;no&#8221; tablet_reset_margin=&#8221;no&#8221;]<\/p>\n<div class=\"container mb-1\">\n<h3 class=\"text-center\">Informaci\u00f3n t\u00e9cnica<\/h3>\n<div class=\"row row-cols-1 row-cols-md-2 row-cols-xl-3 justify-content-md-center\">\n<div class=\"col-xs-1 col-md-1\">\n<div class=\"card\">\n                            <img decoding=\"async\" class=\"card-img-top w-100 d-block fit-cover pictoprincipalgrande\" src=\"https:\/\/giatsu.com\/wp-content\/uploads\/2023\/08\/altura_reducida-acd45c.webp\" \/><\/p>\n<div class=\"card-body p-4\">\n<h4 class=\"card-text textospictospeques\">Altura reduzida<\/h4>\n<\/p><\/div><\/div><\/div>\n<div class=\"col-xs-1 col-md-1\">\n<div class=\"card\">\n                            <img decoding=\"async\" class=\"card-img-top w-100 d-block fit-cover pictoprincipalgrande\" src=\"https:\/\/giatsu.com\/wp-content\/uploads\/2023\/08\/gas_refrigerante-21d266.webp\" \/><\/p>\n<div class=\"card-body p-4\">\n<h4 class=\"card-text textospictospeques\">G\u00e1s refrigerante<\/h4>\n<\/p><\/div><\/div><\/div>\n<div class=\"col-xs-1 col-md-1\">\n<div class=\"card\">\n                            <img decoding=\"async\" class=\"card-img-top w-100 d-block fit-cover pictoprincipalgrande\" src=\"https:\/\/giatsu.com\/wp-content\/uploads\/2023\/08\/funcion_anti_frio-822de4.webp\" \/><\/p>\n<div class=\"card-body p-4\">\n<h4 class=\"card-text textospictospeques\">Fun\u00e7\u00e3o anti frio<\/h4>\n<\/p><\/div><\/div><\/div>\n<div class=\"col-xs-1 col-md-1\">\n<div class=\"card\">\n                            <img decoding=\"async\" class=\"card-img-top w-100 d-block fit-cover pictoprincipalgrande\" src=\"https:\/\/giatsu.com\/wp-content\/uploads\/2023\/08\/filtros_para_eliminar_el_olor_limpiar_y_purificar_el_aire-ae9d96.webp\" \/><\/p>\n<div class=\"card-body p-4\">\n<h4 class=\"card-text textospictospeques\">filtros para remover o odor, limpar e purificar o ar<\/h4>\n<\/p><\/div><\/div><\/div>\n<div class=\"col-xs-1 col-md-1\">\n<div class=\"card\">\n                            <img decoding=\"async\" class=\"card-img-top w-100 d-block fit-cover pictoprincipalgrande\" src=\"https:\/\/giatsu.com\/wp-content\/uploads\/2023\/08\/auto_restart-50f34a.webp\" \/><\/p>\n<div class=\"card-body p-4\">\n<h4 class=\"card-text textospictospeques\">Rein\u00edcio autom\u00e1tico<\/h4>\n<\/p><\/div><\/div><\/div><\/div><\/div>\n<\/div>","protected":false},"excerpt":{"rendered":"<div>\n<p>O <strong>conjunto de condutas centr&iacute;fugas de m&eacute;dia press&atilde;o invis&iacute;vel<\/strong> combina tecnologia de ponta com um design compacto e funcional.<\/p>\n<p>Este sistema de ar condicionado destaca-se por v&aacute;rias caracter&iacute;sticas impressionantes que o tornam na escolha ideal para manter o seu espa&ccedil;o &agrave; temperatura perfeita com efici&ecirc;ncia e conforto.<\/p>\n<p><strong>Equipado com compressores e ventiladores DC Inverter<\/strong>, &eacute; extremamente eficiente em termos energ&eacute;ticos, o que se traduz numa poupan&ccedil;a significativa nos seus custos de eletricidade.<\/p>\n<p>O seu <strong>design compacto<\/strong> permite uma instala&ccedil;&atilde;o vers&aacute;til, uma vez que pode ser facilmente integrado em espa&ccedil;os pequenos.<\/p>\n<p>A qualidade do ar &eacute; uma prioridade neste conjunto de condutas, gra&ccedil;as &agrave; <strong>inclus&atilde;o de filtros que ret&ecirc;m as part&iacute;culas nocivas<\/strong>, como o p&oacute; e os alerg&eacute;nios, garantindo um ambiente limpo e saud&aacute;vel.<\/p>\n<p>A <strong>fun&ccedil;&atilde;o anti-geada<\/strong> &eacute; um salva-vidas em climas frios, uma vez que evita a acumula&ccedil;&atilde;o de gelo no sistema, mantendo um funcionamento &oacute;timo mesmo em temperaturas extremamente baixas.<\/p>\n<p>Outra carater&iacute;stica importante &eacute; a sua <strong>baixa altura<\/strong>, o que facilita a instala&ccedil;&atilde;o em tectos baixos e espa&ccedil;os com restri&ccedil;&otilde;es de altura. Para al&eacute;m disso, o sistema inclui uma fun&ccedil;&atilde;o de rein&iacute;cio autom&aacute;tico, que permite que a unidade se ligue automaticamente em caso de falha de energia, garantindo que o seu conforto n&atilde;o &eacute; comprometido.<\/p>\n<\/div>\n<p>Pot&ecirc;ncias dispon&iacute;veis: 40KW, 14KW, 16KW<\/p>\n<div class='pictosvoz'><\/div>\n","protected":false},"featured_media":12529,"template":"","meta":{"_monsterinsights_skip_tracking":false,"_monsterinsights_sitenote_active":false,"_monsterinsights_sitenote_note":"","_monsterinsights_sitenote_category":0},"product_brand":[],"product_cat":[735],"product_tag":[],"class_list":{"0":"post-12527","1":"product","2":"type-product","3":"status-publish","4":"has-post-thumbnail","6":"product_cat-grande-duto","8":"first","9":"instock","10":"shipping-taxable","11":"product-type-simple"},"yoast_head":"<!-- This site is optimized with the Yoast SEO plugin v26.6 - https:\/\/yoast.com\/wordpress\/plugins\/seo\/ -->\n<title>CONJUNTO DE CONDUTAS INVIS\u00cdVEIS DE M\u00c9DIA PRESS\u00c3O<\/title>\n<meta name=\"description\" content=\"Concebido para aumentar as suas expectativas em termos de desempenho e conforto. Acionado por uma centr\u00edfuga invis\u00edvel, este sistema redefine a efici\u00eancia ao remover quaisquer obstru\u00e7\u00f5es visuais no seu espa\u00e7o, enquanto trabalha incansavelmente para proporcionar um fluxo de ar excecional.\" \/>\n<meta name=\"robots\" content=\"index, follow, max-snippet:-1, max-image-preview:large, max-video-preview:-1\" \/>\n<link rel=\"canonical\" href=\"https:\/\/giatsu.com\/pt\/industrial-3\/grande-duto\/conjunto-de-condutas-invisiveis-de-media-pressao\/\" \/>\n<meta property=\"og:locale\" content=\"pt_PT\" \/>\n<meta property=\"og:type\" content=\"article\" \/>\n<meta property=\"og:title\" content=\"CONJUNTO DE CONDUTAS INVIS\u00cdVEIS DE M\u00c9DIA PRESS\u00c3O\" \/>\n<meta property=\"og:description\" content=\"Concebido para aumentar as suas expectativas em termos de desempenho e conforto. Acionado por uma centr\u00edfuga invis\u00edvel, este sistema redefine a efici\u00eancia ao remover quaisquer obstru\u00e7\u00f5es visuais no seu espa\u00e7o, enquanto trabalha incansavelmente para proporcionar um fluxo de ar excecional.\" \/>\n<meta property=\"og:url\" content=\"https:\/\/giatsu.com\/pt\/industrial-3\/grande-duto\/conjunto-de-condutas-invisiveis-de-media-pressao\/\" \/>\n<meta property=\"og:site_name\" content=\"GIATSU\" \/>\n<meta property=\"article:modified_time\" content=\"2024-07-08T09:36:35+00:00\" \/>\n<meta property=\"og:image\" content=\"https:\/\/giatsu.com\/wp-content\/uploads\/2023\/10\/conducto-media-4f51d9.webp\" \/>\n\t<meta property=\"og:image:width\" content=\"800\" \/>\n\t<meta property=\"og:image:height\" content=\"800\" \/>\n\t<meta property=\"og:image:type\" content=\"image\/webp\" \/>\n<meta name=\"twitter:card\" content=\"summary_large_image\" \/>\n<script type=\"application\/ld+json\" class=\"yoast-schema-graph\">{\"@context\":\"https:\/\/schema.org\",\"@graph\":[{\"@type\":\"WebPage\",\"@id\":\"https:\/\/giatsu.com\/pt\/industrial-3\/grande-duto\/conjunto-de-condutas-invisiveis-de-media-pressao\/\",\"url\":\"https:\/\/giatsu.com\/pt\/industrial-3\/grande-duto\/conjunto-de-condutas-invisiveis-de-media-pressao\/\",\"name\":\"CONJUNTO DE CONDUTAS INVIS\u00cdVEIS DE M\u00c9DIA PRESS\u00c3O\",\"isPartOf\":{\"@id\":\"https:\/\/giatsu.com\/es\/#website\"},\"primaryImageOfPage\":{\"@id\":\"https:\/\/giatsu.com\/pt\/industrial-3\/grande-duto\/conjunto-de-condutas-invisiveis-de-media-pressao\/#primaryimage\"},\"image\":{\"@id\":\"https:\/\/giatsu.com\/pt\/industrial-3\/grande-duto\/conjunto-de-condutas-invisiveis-de-media-pressao\/#primaryimage\"},\"thumbnailUrl\":\"https:\/\/giatsu.com\/wp-content\/uploads\/2023\/10\/conducto-media-4f51d9.webp\",\"datePublished\":\"2023-06-06T07:03:31+00:00\",\"dateModified\":\"2024-07-08T09:36:35+00:00\",\"description\":\"Concebido para aumentar as suas expectativas em termos de desempenho e conforto. Acionado por uma centr\u00edfuga invis\u00edvel, este sistema redefine a efici\u00eancia ao remover quaisquer obstru\u00e7\u00f5es visuais no seu espa\u00e7o, enquanto trabalha incansavelmente para proporcionar um fluxo de ar excecional.\",\"breadcrumb\":{\"@id\":\"https:\/\/giatsu.com\/pt\/industrial-3\/grande-duto\/conjunto-de-condutas-invisiveis-de-media-pressao\/#breadcrumb\"},\"inLanguage\":\"pt\",\"potentialAction\":[{\"@type\":\"ReadAction\",\"target\":[\"https:\/\/giatsu.com\/pt\/industrial-3\/grande-duto\/conjunto-de-condutas-invisiveis-de-media-pressao\/\"]}]},{\"@type\":\"ImageObject\",\"inLanguage\":\"pt\",\"@id\":\"https:\/\/giatsu.com\/pt\/industrial-3\/grande-duto\/conjunto-de-condutas-invisiveis-de-media-pressao\/#primaryimage\",\"url\":\"https:\/\/giatsu.com\/wp-content\/uploads\/2023\/10\/conducto-media-4f51d9.webp\",\"contentUrl\":\"https:\/\/giatsu.com\/wp-content\/uploads\/2023\/10\/conducto-media-4f51d9.webp\",\"width\":800,\"height\":800},{\"@type\":\"BreadcrumbList\",\"@id\":\"https:\/\/giatsu.com\/pt\/industrial-3\/grande-duto\/conjunto-de-condutas-invisiveis-de-media-pressao\/#breadcrumb\",\"itemListElement\":[{\"@type\":\"ListItem\",\"position\":1,\"name\":\"Home\",\"item\":\"https:\/\/giatsu.com\/es\/\"},{\"@type\":\"ListItem\",\"position\":2,\"name\":\"PRODUCTOS\",\"item\":\"https:\/\/giatsu.com\/es\/productos\/\"},{\"@type\":\"ListItem\",\"position\":3,\"name\":\"CONJUNTO DE CONDUTAS INVIS\u00cdVEIS DE M\u00c9DIA PRESS\u00c3O\"}]},{\"@type\":\"WebSite\",\"@id\":\"https:\/\/giatsu.com\/es\/#website\",\"url\":\"https:\/\/giatsu.com\/es\/\",\"name\":\"GIATSU\",\"description\":\"Quality Comfort Everywhere\",\"potentialAction\":[{\"@type\":\"SearchAction\",\"target\":{\"@type\":\"EntryPoint\",\"urlTemplate\":\"https:\/\/giatsu.com\/es\/?s={search_term_string}\"},\"query-input\":{\"@type\":\"PropertyValueSpecification\",\"valueRequired\":true,\"valueName\":\"search_term_string\"}}],\"inLanguage\":\"pt\"}]}<\/script>\n<!-- \/ Yoast SEO plugin. -->","yoast_head_json":{"title":"CONJUNTO DE CONDUTAS INVIS\u00cdVEIS DE M\u00c9DIA PRESS\u00c3O","description":"Concebido para aumentar as suas expectativas em termos de desempenho e conforto. Acionado por uma centr\u00edfuga invis\u00edvel, este sistema redefine a efici\u00eancia ao remover quaisquer obstru\u00e7\u00f5es visuais no seu espa\u00e7o, enquanto trabalha incansavelmente para proporcionar um fluxo de ar excecional.","robots":{"index":"index","follow":"follow","max-snippet":"max-snippet:-1","max-image-preview":"max-image-preview:large","max-video-preview":"max-video-preview:-1"},"canonical":"https:\/\/giatsu.com\/pt\/industrial-3\/grande-duto\/conjunto-de-condutas-invisiveis-de-media-pressao\/","og_locale":"pt_PT","og_type":"article","og_title":"CONJUNTO DE CONDUTAS INVIS\u00cdVEIS DE M\u00c9DIA PRESS\u00c3O","og_description":"Concebido para aumentar as suas expectativas em termos de desempenho e conforto. Acionado por uma centr\u00edfuga invis\u00edvel, este sistema redefine a efici\u00eancia ao remover quaisquer obstru\u00e7\u00f5es visuais no seu espa\u00e7o, enquanto trabalha incansavelmente para proporcionar um fluxo de ar excecional.","og_url":"https:\/\/giatsu.com\/pt\/industrial-3\/grande-duto\/conjunto-de-condutas-invisiveis-de-media-pressao\/","og_site_name":"GIATSU","article_modified_time":"2024-07-08T09:36:35+00:00","og_image":[{"width":800,"height":800,"url":"https:\/\/giatsu.com\/wp-content\/uploads\/2023\/10\/conducto-media-4f51d9.webp","type":"image\/webp"}],"twitter_card":"summary_large_image","schema":{"@context":"https:\/\/schema.org","@graph":[{"@type":"WebPage","@id":"https:\/\/giatsu.com\/pt\/industrial-3\/grande-duto\/conjunto-de-condutas-invisiveis-de-media-pressao\/","url":"https:\/\/giatsu.com\/pt\/industrial-3\/grande-duto\/conjunto-de-condutas-invisiveis-de-media-pressao\/","name":"CONJUNTO DE CONDUTAS INVIS\u00cdVEIS DE M\u00c9DIA PRESS\u00c3O","isPartOf":{"@id":"https:\/\/giatsu.com\/es\/#website"},"primaryImageOfPage":{"@id":"https:\/\/giatsu.com\/pt\/industrial-3\/grande-duto\/conjunto-de-condutas-invisiveis-de-media-pressao\/#primaryimage"},"image":{"@id":"https:\/\/giatsu.com\/pt\/industrial-3\/grande-duto\/conjunto-de-condutas-invisiveis-de-media-pressao\/#primaryimage"},"thumbnailUrl":"https:\/\/giatsu.com\/wp-content\/uploads\/2023\/10\/conducto-media-4f51d9.webp","datePublished":"2023-06-06T07:03:31+00:00","dateModified":"2024-07-08T09:36:35+00:00","description":"Concebido para aumentar as suas expectativas em termos de desempenho e conforto. Acionado por uma centr\u00edfuga invis\u00edvel, este sistema redefine a efici\u00eancia ao remover quaisquer obstru\u00e7\u00f5es visuais no seu espa\u00e7o, enquanto trabalha incansavelmente para proporcionar um fluxo de ar excecional.","breadcrumb":{"@id":"https:\/\/giatsu.com\/pt\/industrial-3\/grande-duto\/conjunto-de-condutas-invisiveis-de-media-pressao\/#breadcrumb"},"inLanguage":"pt","potentialAction":[{"@type":"ReadAction","target":["https:\/\/giatsu.com\/pt\/industrial-3\/grande-duto\/conjunto-de-condutas-invisiveis-de-media-pressao\/"]}]},{"@type":"ImageObject","inLanguage":"pt","@id":"https:\/\/giatsu.com\/pt\/industrial-3\/grande-duto\/conjunto-de-condutas-invisiveis-de-media-pressao\/#primaryimage","url":"https:\/\/giatsu.com\/wp-content\/uploads\/2023\/10\/conducto-media-4f51d9.webp","contentUrl":"https:\/\/giatsu.com\/wp-content\/uploads\/2023\/10\/conducto-media-4f51d9.webp","width":800,"height":800},{"@type":"BreadcrumbList","@id":"https:\/\/giatsu.com\/pt\/industrial-3\/grande-duto\/conjunto-de-condutas-invisiveis-de-media-pressao\/#breadcrumb","itemListElement":[{"@type":"ListItem","position":1,"name":"Home","item":"https:\/\/giatsu.com\/es\/"},{"@type":"ListItem","position":2,"name":"PRODUCTOS","item":"https:\/\/giatsu.com\/es\/productos\/"},{"@type":"ListItem","position":3,"name":"CONJUNTO DE CONDUTAS INVIS\u00cdVEIS DE M\u00c9DIA PRESS\u00c3O"}]},{"@type":"WebSite","@id":"https:\/\/giatsu.com\/es\/#website","url":"https:\/\/giatsu.com\/es\/","name":"GIATSU","description":"Quality Comfort Everywhere","potentialAction":[{"@type":"SearchAction","target":{"@type":"EntryPoint","urlTemplate":"https:\/\/giatsu.com\/es\/?s={search_term_string}"},"query-input":{"@type":"PropertyValueSpecification","valueRequired":true,"valueName":"search_term_string"}}],"inLanguage":"pt"}]}},"_links":{"self":[{"href":"https:\/\/giatsu.com\/pt\/wp-json\/wp\/v2\/product\/12527","targetHints":{"allow":["GET"]}}],"collection":[{"href":"https:\/\/giatsu.com\/pt\/wp-json\/wp\/v2\/product"}],"about":[{"href":"https:\/\/giatsu.com\/pt\/wp-json\/wp\/v2\/types\/product"}],"wp:featuredmedia":[{"embeddable":true,"href":"https:\/\/giatsu.com\/pt\/wp-json\/wp\/v2\/media\/12529"}],"wp:attachment":[{"href":"https:\/\/giatsu.com\/pt\/wp-json\/wp\/v2\/media?parent=12527"}],"wp:term":[{"taxonomy":"product_brand","embeddable":true,"href":"https:\/\/giatsu.com\/pt\/wp-json\/wp\/v2\/product_brand?post=12527"},{"taxonomy":"product_cat","embeddable":true,"href":"https:\/\/giatsu.com\/pt\/wp-json\/wp\/v2\/product_cat?post=12527"},{"taxonomy":"product_tag","embeddable":true,"href":"https:\/\/giatsu.com\/pt\/wp-json\/wp\/v2\/product_tag?post=12527"}],"curies":[{"name":"wp","href":"https:\/\/api.w.org\/{rel}","templated":true}]}}