{"id":12523,"date":"2023-06-06T07:03:29","date_gmt":"2023-06-06T07:03:29","guid":{"rendered":"https:\/\/giatsu.com\/?post_type=product&#038;p=12523"},"modified":"2025-04-16T11:00:37","modified_gmt":"2025-04-16T11:00:37","slug":"mini-refrigerador-trifasico-com-inversor","status":"publish","type":"product","link":"https:\/\/giatsu.com\/pt\/industrial-3\/chillers-industrial-3\/mini-refrigerador-trifasico-com-inversor\/","title":{"rendered":"MINI-REFRIGERADOR TRIF\u00c1SICO COM INVERSOR"},"content":{"rendered":"<div class=\"wpb-content-wrapper\"><div class=\"container mb-1 moduloprincipalespictos\">\n<h2 class=\"text-center tituloprincipales\">Caracter\u00edsticas principales<\/h2>\n<div class=\"row row-cols-1 row-cols-md-2 row-cols-xl-3\">\n<div class=\"col-xs-6 col-md-3 order-last\">\n<div class=\"card\">\n                            <img decoding=\"async\" class=\"card-img-top w-100 d-block fit-cover pictoprincipalgrande\" src=\"https:\/\/giatsu.com\/wp-content\/uploads\/2023\/06\/tecnologia_inverter-495dd8.webp\" \/><\/p>\n<div class=\"card-body p-4\">\n<h3 class=\"font-weight-bold card-title\">Tecnologia inverter<\/h3>\n<p class=\"card-text\">Ao operar o compressor continuamente, uma economia de energia de at\u00e9 50% \u00e9 alcan\u00e7ada em compara\u00e7\u00e3o com o equipamento convencional.<\/p>\n<\/p><\/div><\/div><\/div>\n<div class=\"col-xs-6 col-md-3 order-last\">\n<div class=\"card\">\n                            <img decoding=\"async\" class=\"card-img-top w-100 d-block fit-cover pictoprincipalgrande\" src=\"https:\/\/giatsu.com\/wp-content\/uploads\/2023\/08\/r32-58a8d5.webp\" \/><\/p>\n<div class=\"card-body p-4\">\n<h3 class=\"font-weight-bold card-title\">Refrigerante R32<\/h3>\n<p class=\"card-text\">O g\u00e1s R32 tem um \u00edndice muito baixo de Potencial de Aquecimento Atmosf\u00e9rico (AWP), alta efici\u00eancia e pot\u00eancia de arrefecimento.<\/p>\n<\/p><\/div><\/div><\/div><\/div><\/div>\n<hr>\n<p>        [vc_row mobile_bg_img_hidden=&#8221;no&#8221; tablet_bg_img_hidden=&#8221;no&#8221; woodmart_parallax=&#8221;0&#8243; woodmart_gradient_switch=&#8221;no&#8221; row_reverse_mobile=&#8221;0&#8243; row_reverse_tablet=&#8221;0&#8243; woodmart_disable_overflow=&#8221;0&#8243; el_class=&#8221;filaImgCaracteristica&#8221;][vc_column mobile_bg_img_hidden=&#8221;no&#8221; tablet_bg_img_hidden=&#8221;no&#8221; woodmart_parallax=&#8221;0&#8243; woodmart_sticky_column=&#8221;false&#8221; parallax_scroll=&#8221;no&#8221; mobile_reset_margin=&#8221;no&#8221; tablet_reset_margin=&#8221;no&#8221;]<\/p>\n<div class=\"container mb-1\">\n<h3 class=\"text-center\">Informaci\u00f3n t\u00e9cnica<\/h3>\n<div class=\"row row-cols-1 row-cols-md-2 row-cols-xl-3 justify-content-md-center\">\n<div class=\"col-xs-1 col-md-1\">\n<div class=\"card\">\n                            <img decoding=\"async\" class=\"card-img-top w-100 d-block fit-cover pictoprincipalgrande\" src=\"https:\/\/giatsu.com\/wp-content\/uploads\/2023\/08\/smart_grid-c6ddd4.webp\" \/><\/p>\n<div class=\"card-body p-4\">\n<h4 class=\"card-text textospictospeques\">Smart grid<\/h4>\n<\/p><\/div><\/div><\/div>\n<div class=\"col-xs-1 col-md-1\">\n<div class=\"card\">\n                            <img decoding=\"async\" class=\"card-img-top w-100 d-block fit-cover pictoprincipalgrande\" src=\"https:\/\/giatsu.com\/wp-content\/uploads\/2025\/04\/kit_hidraulico_incluido-fe8710.webp\" \/><\/p>\n<div class=\"card-body p-4\">\n<h4 class=\"card-text textospictospeques\">Kit hidr\u00c3\u00a1ulico inclu\u00c3\u00addo<\/h4>\n<\/p><\/div><\/div><\/div>\n<div class=\"col-xs-1 col-md-1\">\n<div class=\"card\">\n                            <img decoding=\"async\" class=\"card-img-top w-100 d-block fit-cover pictoprincipalgrande\" src=\"https:\/\/giatsu.com\/wp-content\/uploads\/2023\/08\/control_cableado-c1d085.webp\" \/><\/p>\n<div class=\"card-body p-4\">\n<h4 class=\"card-text textospictospeques\">Monitoramento com fio<\/h4>\n<\/p><\/div><\/div><\/div><\/div><\/div>\n<div class=\"row\">\n<hr>\n<div class=\"col text-center\"><a target=\"_blank\" href=\"https:\/\/giatsu.com\/documentacion\/\/giatsu-manual-de-usuario-e-instalacion-chillers-minichiller-inverter-r32-multiidioma.pdf\" class=\"btn btn-light border rounded-4 botonDescargaManual botondescarga\">Manual de usu\u00e1rio<\/a><\/div>\n<hr>\n<\/div>\n<\/div>","protected":false},"excerpt":{"rendered":"<p>Descubra o nosso <strong>mini chiller Giatsu<\/strong> com unidade hidr&aacute;ulica, tecnologia de inversor DC, permutador de calor INOX e dimens&otilde;es reduzidas.<\/p>\n<p>&Eacute; a escolha perfeita para quem procura uma solu&ccedil;&atilde;o de refrigera&ccedil;&atilde;o eficiente e vers&aacute;til em espa&ccedil;os limitados.<\/p>\n<p>O nosso Mini Chiller utiliza um <strong>compressor DC inverter<\/strong> que ajusta automaticamente a velocidade de acordo com as necessidades de refrigera&ccedil;&atilde;o, resultando num consumo de energia optimizado e em poupan&ccedil;as significativas nas suas contas de eletricidade.<\/p>\n<p>O permutador<strong> de calor INOX <\/strong>&eacute; outra carater&iacute;stica not&aacute;vel. Este permutador de calor em a&ccedil;o inoxid&aacute;vel assegura uma transfer&ecirc;ncia de calor eficiente e duradoura, resultando num desempenho &oacute;timo e numa vida &uacute;til mais longa do equipamento.<\/p>\n<p>Apesar do seu tamanho compacto, oferece um desempenho potente e fi&aacute;vel. O seu <strong>design inteligente e eficiente<\/strong> permite uma instala&ccedil;&atilde;o f&aacute;cil em espa&ccedil;os apertados, sem comprometer a capacidade de arrefecimento.<\/p>\n<p>&Eacute; uma solu&ccedil;&atilde;o vers&aacute;til que se adapta a uma vasta gama de aplica&ccedil;&otilde;es, desde pequenos escrit&oacute;rios e espa&ccedil;os comerciais a resid&ecirc;ncias.<\/p>\n<p>Pot&ecirc;ncias dispon&iacute;veis: 11,6KW, 13,4KW, 14KW<\/p>\n<div class='pictosvoz'><\/div>\n","protected":false},"featured_media":12517,"template":"","meta":{"_monsterinsights_skip_tracking":false,"_monsterinsights_sitenote_active":false,"_monsterinsights_sitenote_note":"","_monsterinsights_sitenote_category":0},"product_brand":[],"product_cat":[754],"product_tag":[],"class_list":{"0":"post-12523","1":"product","2":"type-product","3":"status-publish","4":"has-post-thumbnail","6":"product_cat-chillers-industrial-3","8":"first","9":"instock","10":"shipping-taxable","11":"product-type-simple"},"yoast_head":"<!-- This site is optimized with the Yoast SEO plugin v27.3 - https:\/\/yoast.com\/product\/yoast-seo-wordpress\/ -->\n<title>MINI-REFRIGERADOR TRIF\u00c1SICO COM INVERSOR<\/title>\n<meta name=\"description\" content=\"O nosso Mini Chiller utiliza um compressor inverter DC que ajusta automaticamente a velocidade de acordo com a procura de arrefecimento, resultando num consumo de energia optimizado e em poupan\u00e7as significativas nas suas contas de eletricidade.\" \/>\n<meta name=\"robots\" content=\"index, follow, max-snippet:-1, max-image-preview:large, max-video-preview:-1\" \/>\n<link rel=\"canonical\" href=\"https:\/\/giatsu.com\/pt\/industrial-3\/chillers-industrial-3\/mini-refrigerador-trifasico-com-inversor\/\" \/>\n<meta property=\"og:locale\" content=\"pt_PT\" \/>\n<meta property=\"og:type\" content=\"article\" \/>\n<meta property=\"og:title\" content=\"MINI-REFRIGERADOR TRIF\u00c1SICO COM INVERSOR\" \/>\n<meta property=\"og:description\" content=\"O nosso Mini Chiller utiliza um compressor inverter DC que ajusta automaticamente a velocidade de acordo com a procura de arrefecimento, resultando num consumo de energia optimizado e em poupan\u00e7as significativas nas suas contas de eletricidade.\" \/>\n<meta property=\"og:url\" content=\"https:\/\/giatsu.com\/pt\/industrial-3\/chillers-industrial-3\/mini-refrigerador-trifasico-com-inversor\/\" \/>\n<meta property=\"og:site_name\" content=\"GIATSU\" \/>\n<meta property=\"article:modified_time\" content=\"2025-04-16T11:00:37+00:00\" \/>\n<meta property=\"og:image\" content=\"https:\/\/giatsu.com\/wp-content\/uploads\/2023\/08\/minichiller-8bf0c9.webp\" \/>\n\t<meta property=\"og:image:width\" content=\"800\" \/>\n\t<meta property=\"og:image:height\" content=\"800\" \/>\n\t<meta property=\"og:image:type\" content=\"image\/webp\" \/>\n<meta name=\"twitter:card\" content=\"summary_large_image\" \/>\n<meta name=\"twitter:label1\" content=\"Est. reading time\" \/>\n\t<meta name=\"twitter:data1\" content=\"1 minute\" \/>\n<script type=\"application\/ld+json\" class=\"yoast-schema-graph\">{\"@context\":\"https:\\\/\\\/schema.org\",\"@graph\":[{\"@type\":\"WebPage\",\"@id\":\"https:\\\/\\\/giatsu.com\\\/pt\\\/industrial-3\\\/chillers-industrial-3\\\/mini-refrigerador-trifasico-com-inversor\\\/\",\"url\":\"https:\\\/\\\/giatsu.com\\\/pt\\\/industrial-3\\\/chillers-industrial-3\\\/mini-refrigerador-trifasico-com-inversor\\\/\",\"name\":\"MINI-REFRIGERADOR TRIF\u00c1SICO COM INVERSOR\",\"isPartOf\":{\"@id\":\"https:\\\/\\\/giatsu.com\\\/es\\\/#website\"},\"primaryImageOfPage\":{\"@id\":\"https:\\\/\\\/giatsu.com\\\/pt\\\/industrial-3\\\/chillers-industrial-3\\\/mini-refrigerador-trifasico-com-inversor\\\/#primaryimage\"},\"image\":{\"@id\":\"https:\\\/\\\/giatsu.com\\\/pt\\\/industrial-3\\\/chillers-industrial-3\\\/mini-refrigerador-trifasico-com-inversor\\\/#primaryimage\"},\"thumbnailUrl\":\"https:\\\/\\\/giatsu.com\\\/wp-content\\\/uploads\\\/2023\\\/08\\\/minichiller-8bf0c9.webp\",\"datePublished\":\"2023-06-06T07:03:29+00:00\",\"dateModified\":\"2025-04-16T11:00:37+00:00\",\"description\":\"O nosso Mini Chiller utiliza um compressor inverter DC que ajusta automaticamente a velocidade de acordo com a procura de arrefecimento, resultando num consumo de energia optimizado e em poupan\u00e7as significativas nas suas contas de eletricidade.\",\"breadcrumb\":{\"@id\":\"https:\\\/\\\/giatsu.com\\\/pt\\\/industrial-3\\\/chillers-industrial-3\\\/mini-refrigerador-trifasico-com-inversor\\\/#breadcrumb\"},\"inLanguage\":\"pt\",\"potentialAction\":[{\"@type\":\"ReadAction\",\"target\":[\"https:\\\/\\\/giatsu.com\\\/pt\\\/industrial-3\\\/chillers-industrial-3\\\/mini-refrigerador-trifasico-com-inversor\\\/\"]}]},{\"@type\":\"ImageObject\",\"inLanguage\":\"pt\",\"@id\":\"https:\\\/\\\/giatsu.com\\\/pt\\\/industrial-3\\\/chillers-industrial-3\\\/mini-refrigerador-trifasico-com-inversor\\\/#primaryimage\",\"url\":\"https:\\\/\\\/giatsu.com\\\/wp-content\\\/uploads\\\/2023\\\/08\\\/minichiller-8bf0c9.webp\",\"contentUrl\":\"https:\\\/\\\/giatsu.com\\\/wp-content\\\/uploads\\\/2023\\\/08\\\/minichiller-8bf0c9.webp\",\"width\":800,\"height\":800},{\"@type\":\"BreadcrumbList\",\"@id\":\"https:\\\/\\\/giatsu.com\\\/pt\\\/industrial-3\\\/chillers-industrial-3\\\/mini-refrigerador-trifasico-com-inversor\\\/#breadcrumb\",\"itemListElement\":[{\"@type\":\"ListItem\",\"position\":1,\"name\":\"Home\",\"item\":\"https:\\\/\\\/giatsu.com\\\/es\\\/\"},{\"@type\":\"ListItem\",\"position\":2,\"name\":\"PRODUCTOS\",\"item\":\"https:\\\/\\\/giatsu.com\\\/es\\\/productos\\\/\"},{\"@type\":\"ListItem\",\"position\":3,\"name\":\"MINI-REFRIGERADOR TRIF\u00c1SICO COM INVERSOR\"}]},{\"@type\":\"WebSite\",\"@id\":\"https:\\\/\\\/giatsu.com\\\/es\\\/#website\",\"url\":\"https:\\\/\\\/giatsu.com\\\/es\\\/\",\"name\":\"GIATSU\",\"description\":\"Quality Comfort Everywhere\",\"potentialAction\":[{\"@type\":\"SearchAction\",\"target\":{\"@type\":\"EntryPoint\",\"urlTemplate\":\"https:\\\/\\\/giatsu.com\\\/es\\\/?s={search_term_string}\"},\"query-input\":{\"@type\":\"PropertyValueSpecification\",\"valueRequired\":true,\"valueName\":\"search_term_string\"}}],\"inLanguage\":\"pt\"}]}<\/script>\n<!-- \/ Yoast SEO plugin. -->","yoast_head_json":{"title":"MINI-REFRIGERADOR TRIF\u00c1SICO COM INVERSOR","description":"O nosso Mini Chiller utiliza um compressor inverter DC que ajusta automaticamente a velocidade de acordo com a procura de arrefecimento, resultando num consumo de energia optimizado e em poupan\u00e7as significativas nas suas contas de eletricidade.","robots":{"index":"index","follow":"follow","max-snippet":"max-snippet:-1","max-image-preview":"max-image-preview:large","max-video-preview":"max-video-preview:-1"},"canonical":"https:\/\/giatsu.com\/pt\/industrial-3\/chillers-industrial-3\/mini-refrigerador-trifasico-com-inversor\/","og_locale":"pt_PT","og_type":"article","og_title":"MINI-REFRIGERADOR TRIF\u00c1SICO COM INVERSOR","og_description":"O nosso Mini Chiller utiliza um compressor inverter DC que ajusta automaticamente a velocidade de acordo com a procura de arrefecimento, resultando num consumo de energia optimizado e em poupan\u00e7as significativas nas suas contas de eletricidade.","og_url":"https:\/\/giatsu.com\/pt\/industrial-3\/chillers-industrial-3\/mini-refrigerador-trifasico-com-inversor\/","og_site_name":"GIATSU","article_modified_time":"2025-04-16T11:00:37+00:00","og_image":[{"width":800,"height":800,"url":"https:\/\/giatsu.com\/wp-content\/uploads\/2023\/08\/minichiller-8bf0c9.webp","type":"image\/webp"}],"twitter_card":"summary_large_image","twitter_misc":{"Est. reading time":"1 minute"},"schema":{"@context":"https:\/\/schema.org","@graph":[{"@type":"WebPage","@id":"https:\/\/giatsu.com\/pt\/industrial-3\/chillers-industrial-3\/mini-refrigerador-trifasico-com-inversor\/","url":"https:\/\/giatsu.com\/pt\/industrial-3\/chillers-industrial-3\/mini-refrigerador-trifasico-com-inversor\/","name":"MINI-REFRIGERADOR TRIF\u00c1SICO COM INVERSOR","isPartOf":{"@id":"https:\/\/giatsu.com\/es\/#website"},"primaryImageOfPage":{"@id":"https:\/\/giatsu.com\/pt\/industrial-3\/chillers-industrial-3\/mini-refrigerador-trifasico-com-inversor\/#primaryimage"},"image":{"@id":"https:\/\/giatsu.com\/pt\/industrial-3\/chillers-industrial-3\/mini-refrigerador-trifasico-com-inversor\/#primaryimage"},"thumbnailUrl":"https:\/\/giatsu.com\/wp-content\/uploads\/2023\/08\/minichiller-8bf0c9.webp","datePublished":"2023-06-06T07:03:29+00:00","dateModified":"2025-04-16T11:00:37+00:00","description":"O nosso Mini Chiller utiliza um compressor inverter DC que ajusta automaticamente a velocidade de acordo com a procura de arrefecimento, resultando num consumo de energia optimizado e em poupan\u00e7as significativas nas suas contas de eletricidade.","breadcrumb":{"@id":"https:\/\/giatsu.com\/pt\/industrial-3\/chillers-industrial-3\/mini-refrigerador-trifasico-com-inversor\/#breadcrumb"},"inLanguage":"pt","potentialAction":[{"@type":"ReadAction","target":["https:\/\/giatsu.com\/pt\/industrial-3\/chillers-industrial-3\/mini-refrigerador-trifasico-com-inversor\/"]}]},{"@type":"ImageObject","inLanguage":"pt","@id":"https:\/\/giatsu.com\/pt\/industrial-3\/chillers-industrial-3\/mini-refrigerador-trifasico-com-inversor\/#primaryimage","url":"https:\/\/giatsu.com\/wp-content\/uploads\/2023\/08\/minichiller-8bf0c9.webp","contentUrl":"https:\/\/giatsu.com\/wp-content\/uploads\/2023\/08\/minichiller-8bf0c9.webp","width":800,"height":800},{"@type":"BreadcrumbList","@id":"https:\/\/giatsu.com\/pt\/industrial-3\/chillers-industrial-3\/mini-refrigerador-trifasico-com-inversor\/#breadcrumb","itemListElement":[{"@type":"ListItem","position":1,"name":"Home","item":"https:\/\/giatsu.com\/es\/"},{"@type":"ListItem","position":2,"name":"PRODUCTOS","item":"https:\/\/giatsu.com\/es\/productos\/"},{"@type":"ListItem","position":3,"name":"MINI-REFRIGERADOR TRIF\u00c1SICO COM INVERSOR"}]},{"@type":"WebSite","@id":"https:\/\/giatsu.com\/es\/#website","url":"https:\/\/giatsu.com\/es\/","name":"GIATSU","description":"Quality Comfort Everywhere","potentialAction":[{"@type":"SearchAction","target":{"@type":"EntryPoint","urlTemplate":"https:\/\/giatsu.com\/es\/?s={search_term_string}"},"query-input":{"@type":"PropertyValueSpecification","valueRequired":true,"valueName":"search_term_string"}}],"inLanguage":"pt"}]}},"_links":{"self":[{"href":"https:\/\/giatsu.com\/pt\/wp-json\/wp\/v2\/product\/12523","targetHints":{"allow":["GET"]}}],"collection":[{"href":"https:\/\/giatsu.com\/pt\/wp-json\/wp\/v2\/product"}],"about":[{"href":"https:\/\/giatsu.com\/pt\/wp-json\/wp\/v2\/types\/product"}],"wp:featuredmedia":[{"embeddable":true,"href":"https:\/\/giatsu.com\/pt\/wp-json\/wp\/v2\/media\/12517"}],"wp:attachment":[{"href":"https:\/\/giatsu.com\/pt\/wp-json\/wp\/v2\/media?parent=12523"}],"wp:term":[{"taxonomy":"product_brand","embeddable":true,"href":"https:\/\/giatsu.com\/pt\/wp-json\/wp\/v2\/product_brand?post=12523"},{"taxonomy":"product_cat","embeddable":true,"href":"https:\/\/giatsu.com\/pt\/wp-json\/wp\/v2\/product_cat?post=12523"},{"taxonomy":"product_tag","embeddable":true,"href":"https:\/\/giatsu.com\/pt\/wp-json\/wp\/v2\/product_tag?post=12523"}],"curies":[{"name":"wp","href":"https:\/\/api.w.org\/{rel}","templated":true}]}}