{"id":12509,"date":"2023-06-06T07:03:24","date_gmt":"2023-06-06T07:03:24","guid":{"rendered":"https:\/\/giatsu.com\/?post_type=product&#038;p=12509"},"modified":"2025-04-16T11:06:41","modified_gmt":"2025-04-16T11:06:41","slug":"chillers-modulares-com-inversor-chillers","status":"publish","type":"product","link":"https:\/\/giatsu.com\/pt\/industrial-3\/chillers-industrial-3\/chillers-modulares-com-inversor-chillers\/","title":{"rendered":"CHILLERS MODULARES COM INVERSOR CHILLERS"},"content":{"rendered":"<div class=\"wpb-content-wrapper\"><div class=\"container mb-1 moduloprincipalespictos\">\n<h2 class=\"text-center tituloprincipales\">Caracter\u00edsticas principales<\/h2>\n<div class=\"row row-cols-1 row-cols-md-2 row-cols-xl-3\">\n<div class=\"col-xs-6 col-md-3 order-last\">\n<div class=\"card\">\n                            <img decoding=\"async\" class=\"card-img-top w-100 d-block fit-cover pictoprincipalgrande\" src=\"https:\/\/giatsu.com\/wp-content\/uploads\/2023\/08\/r32-58a8d5.webp\" \/><\/p>\n<div class=\"card-body p-4\">\n<h3 class=\"font-weight-bold card-title\">Refrigerante R32<\/h3>\n<p class=\"card-text\">O g\u00e1s R32 tem um \u00edndice muito baixo de Potencial de Aquecimento Atmosf\u00e9rico (AWP), alta efici\u00eancia e pot\u00eancia de arrefecimento.<\/p>\n<\/p><\/div><\/div><\/div>\n<div class=\"col-xs-6 col-md-3 order-last\">\n<div class=\"card\">\n                            <img decoding=\"async\" class=\"card-img-top w-100 d-block fit-cover pictoprincipalgrande\" src=\"https:\/\/giatsu.com\/wp-content\/uploads\/2023\/06\/tecnologia_inverter-495dd8.webp\" \/><\/p>\n<div class=\"card-body p-4\">\n<h3 class=\"font-weight-bold card-title\">Tecnologia inverter<\/h3>\n<p class=\"card-text\">Ao operar o compressor continuamente, uma economia de energia de at\u00e9 50% \u00e9 alcan\u00e7ada em compara\u00e7\u00e3o com o equipamento convencional.<\/p>\n<\/p><\/div><\/div><\/div><\/div><\/div>\n<hr>\n<p>        [vc_row mobile_bg_img_hidden=&#8221;no&#8221; tablet_bg_img_hidden=&#8221;no&#8221; woodmart_parallax=&#8221;0&#8243; woodmart_gradient_switch=&#8221;no&#8221; row_reverse_mobile=&#8221;0&#8243; row_reverse_tablet=&#8221;0&#8243; woodmart_disable_overflow=&#8221;0&#8243; el_class=&#8221;filaImgCaracteristica&#8221;][vc_column mobile_bg_img_hidden=&#8221;no&#8221; tablet_bg_img_hidden=&#8221;no&#8221; woodmart_parallax=&#8221;0&#8243; woodmart_sticky_column=&#8221;false&#8221; parallax_scroll=&#8221;no&#8221; mobile_reset_margin=&#8221;no&#8221; tablet_reset_margin=&#8221;no&#8221;]<\/p>\n<div class=\"row justify-content-md-center\">\n<div class=\"vc_btn3-container vc_btn3-inline\" id=\"botonDescargarFicha\">\n                        <a target=\"_blank\" class=\"btn btn-light border rounded-4 botondescarga\" href=\"https:\/\/giatsu.com\/documentacion\/\/giatsu-fichas-tecnicas-chillers-enfriadoras-modulares-inverter-aqua-thermal-r32-.pdf\" title=\"\">Baixar planilha<\/a>\n                 <\/div><\/div>\n<div class=\"row\">\n<hr>\n<div class=\"col text-center\"><a target=\"_blank\" href=\"https:\/\/giatsu.com\/documentacion\/\/giatsu-manual-de-usuario-e-instalacion-chillers-enfriadoras-modulares-inverter-aqua-thermal-r32-multiidioma.pdf\" class=\"btn btn-light border rounded-4 botonDescargaManual botondescarga\">Manual de usu\u00e1rio<\/a><\/div>\n<hr>\n<\/div>\n<\/div>","protected":false},"excerpt":{"rendered":"<p>Descubra o nosso <strong>Chiller Giatsu Chiller<\/strong>, equipado com <strong>inversor DC completo<\/strong>, possibilidade de gest&atilde;o em cascata, bomba de calor e permutador de ar de m&aacute;xima efici&ecirc;ncia.<\/p>\n<p>&Eacute; a escolha perfeita para quem procura um <strong>sistema de refrigera&ccedil;&atilde;o vers&aacute;til e de elevado desempenho<\/strong>. Com a sua tecnologia de inversor DC completo, garante um funcionamento eficiente e econ&oacute;mico, adaptando a velocidade do compressor de acordo com a necessidade de arrefecimento, resultando em poupan&ccedil;as significativas no consumo de energia.<\/p>\n<p>Com a fun&ccedil;&atilde;o cascata, &eacute; poss&iacute;vel ligar e gerir v&aacute;rias unidades, maximizando o desempenho e adaptando-se &agrave;s necessidades espec&iacute;ficas do seu projeto.<\/p>\n<p>Esta versatilidade permite-lhe utiliz&aacute;-lo tanto para<strong>arrefecer<\/strong> como para aquecer o seu espa&ccedil;o, proporcionando-lhe um controlo total da temperatura durante todo o ano. Desfrute de um conforto e efici&ecirc;ncia excepcionais numa &uacute;nica unidade.<\/p>\n<p>O permutador <strong>de ar de m&aacute;xima efici&ecirc;ncia<\/strong> &eacute; outra carater&iacute;stica not&aacute;vel. Este permutador assegura uma transfer&ecirc;ncia de calor &oacute;ptima, maximizando o desempenho e a efici&ecirc;ncia energ&eacute;tica.<\/p>\n<p>&Eacute; uma solu&ccedil;&atilde;o completa e fi&aacute;vel para o seu sistema de arrefecimento. Concebido de acordo com os mais elevados padr&otilde;es de qualidade, pode contar com o seu desempenho consistente e durabilidade a longo prazo.<\/p>\n<p>Pot&ecirc;ncias dispon&iacute;veis: 82KW, 164KW<\/p>\n<div class='pictosvoz'><\/div>\n","protected":false},"featured_media":12511,"template":"","meta":{"_monsterinsights_skip_tracking":false,"_monsterinsights_sitenote_active":false,"_monsterinsights_sitenote_note":"","_monsterinsights_sitenote_category":0},"product_brand":[],"product_cat":[754],"product_tag":[],"class_list":{"0":"post-12509","1":"product","2":"type-product","3":"status-publish","4":"has-post-thumbnail","6":"product_cat-chillers-industrial-3","8":"first","9":"instock","10":"shipping-taxable","11":"product-type-simple"},"yoast_head":"<!-- This site is optimized with the Yoast SEO plugin v26.6 - https:\/\/yoast.com\/wordpress\/plugins\/seo\/ -->\n<title>Refrigerador Giatsu<\/title>\n<meta name=\"description\" content=\"Chiller inversor modular Giatsu com tecnologia de inversor DC completa, gest\u00e3o em cascata, bomba de calor e elevada efici\u00eancia energ\u00e9tica.\" \/>\n<meta name=\"robots\" content=\"index, follow, max-snippet:-1, max-image-preview:large, max-video-preview:-1\" \/>\n<link rel=\"canonical\" href=\"https:\/\/giatsu.com\/pt\/industrial-3\/chillers-industrial-3\/chillers-modulares-com-inversor-chillers\/\" \/>\n<meta property=\"og:locale\" content=\"pt_PT\" \/>\n<meta property=\"og:type\" content=\"article\" \/>\n<meta property=\"og:title\" content=\"Refrigerador Giatsu\" \/>\n<meta property=\"og:description\" content=\"Chiller inversor modular Giatsu com tecnologia de inversor DC completa, gest\u00e3o em cascata, bomba de calor e elevada efici\u00eancia energ\u00e9tica.\" \/>\n<meta property=\"og:url\" content=\"https:\/\/giatsu.com\/pt\/industrial-3\/chillers-industrial-3\/chillers-modulares-com-inversor-chillers\/\" \/>\n<meta property=\"og:site_name\" content=\"GIATSU\" \/>\n<meta property=\"article:modified_time\" content=\"2025-04-16T11:06:41+00:00\" \/>\n<meta property=\"og:image\" content=\"https:\/\/giatsu.com\/wp-content\/uploads\/2023\/08\/chiller2-e3fe3c.webp\" \/>\n\t<meta property=\"og:image:width\" content=\"800\" \/>\n\t<meta property=\"og:image:height\" content=\"800\" \/>\n\t<meta property=\"og:image:type\" content=\"image\/webp\" \/>\n<meta name=\"twitter:card\" content=\"summary_large_image\" \/>\n<meta name=\"twitter:label1\" content=\"Est. reading time\" \/>\n\t<meta name=\"twitter:data1\" content=\"1 minute\" \/>\n<script type=\"application\/ld+json\" class=\"yoast-schema-graph\">{\"@context\":\"https:\/\/schema.org\",\"@graph\":[{\"@type\":\"WebPage\",\"@id\":\"https:\/\/giatsu.com\/pt\/industrial-3\/chillers-industrial-3\/chillers-modulares-com-inversor-chillers\/\",\"url\":\"https:\/\/giatsu.com\/pt\/industrial-3\/chillers-industrial-3\/chillers-modulares-com-inversor-chillers\/\",\"name\":\"Refrigerador Giatsu\",\"isPartOf\":{\"@id\":\"https:\/\/giatsu.com\/es\/#website\"},\"primaryImageOfPage\":{\"@id\":\"https:\/\/giatsu.com\/pt\/industrial-3\/chillers-industrial-3\/chillers-modulares-com-inversor-chillers\/#primaryimage\"},\"image\":{\"@id\":\"https:\/\/giatsu.com\/pt\/industrial-3\/chillers-industrial-3\/chillers-modulares-com-inversor-chillers\/#primaryimage\"},\"thumbnailUrl\":\"https:\/\/giatsu.com\/wp-content\/uploads\/2023\/08\/chiller2-e3fe3c.webp\",\"datePublished\":\"2023-06-06T07:03:24+00:00\",\"dateModified\":\"2025-04-16T11:06:41+00:00\",\"description\":\"Chiller inversor modular Giatsu com tecnologia de inversor DC completa, gest\u00e3o em cascata, bomba de calor e elevada efici\u00eancia energ\u00e9tica.\",\"breadcrumb\":{\"@id\":\"https:\/\/giatsu.com\/pt\/industrial-3\/chillers-industrial-3\/chillers-modulares-com-inversor-chillers\/#breadcrumb\"},\"inLanguage\":\"pt\",\"potentialAction\":[{\"@type\":\"ReadAction\",\"target\":[\"https:\/\/giatsu.com\/pt\/industrial-3\/chillers-industrial-3\/chillers-modulares-com-inversor-chillers\/\"]}]},{\"@type\":\"ImageObject\",\"inLanguage\":\"pt\",\"@id\":\"https:\/\/giatsu.com\/pt\/industrial-3\/chillers-industrial-3\/chillers-modulares-com-inversor-chillers\/#primaryimage\",\"url\":\"https:\/\/giatsu.com\/wp-content\/uploads\/2023\/08\/chiller2-e3fe3c.webp\",\"contentUrl\":\"https:\/\/giatsu.com\/wp-content\/uploads\/2023\/08\/chiller2-e3fe3c.webp\",\"width\":800,\"height\":800},{\"@type\":\"BreadcrumbList\",\"@id\":\"https:\/\/giatsu.com\/pt\/industrial-3\/chillers-industrial-3\/chillers-modulares-com-inversor-chillers\/#breadcrumb\",\"itemListElement\":[{\"@type\":\"ListItem\",\"position\":1,\"name\":\"Home\",\"item\":\"https:\/\/giatsu.com\/es\/\"},{\"@type\":\"ListItem\",\"position\":2,\"name\":\"PRODUCTOS\",\"item\":\"https:\/\/giatsu.com\/es\/productos\/\"},{\"@type\":\"ListItem\",\"position\":3,\"name\":\"CHILLERS MODULARES COM INVERSOR CHILLERS\"}]},{\"@type\":\"WebSite\",\"@id\":\"https:\/\/giatsu.com\/es\/#website\",\"url\":\"https:\/\/giatsu.com\/es\/\",\"name\":\"GIATSU\",\"description\":\"Quality Comfort Everywhere\",\"potentialAction\":[{\"@type\":\"SearchAction\",\"target\":{\"@type\":\"EntryPoint\",\"urlTemplate\":\"https:\/\/giatsu.com\/es\/?s={search_term_string}\"},\"query-input\":{\"@type\":\"PropertyValueSpecification\",\"valueRequired\":true,\"valueName\":\"search_term_string\"}}],\"inLanguage\":\"pt\"}]}<\/script>\n<!-- \/ Yoast SEO plugin. -->","yoast_head_json":{"title":"Refrigerador Giatsu","description":"Chiller inversor modular Giatsu com tecnologia de inversor DC completa, gest\u00e3o em cascata, bomba de calor e elevada efici\u00eancia energ\u00e9tica.","robots":{"index":"index","follow":"follow","max-snippet":"max-snippet:-1","max-image-preview":"max-image-preview:large","max-video-preview":"max-video-preview:-1"},"canonical":"https:\/\/giatsu.com\/pt\/industrial-3\/chillers-industrial-3\/chillers-modulares-com-inversor-chillers\/","og_locale":"pt_PT","og_type":"article","og_title":"Refrigerador Giatsu","og_description":"Chiller inversor modular Giatsu com tecnologia de inversor DC completa, gest\u00e3o em cascata, bomba de calor e elevada efici\u00eancia energ\u00e9tica.","og_url":"https:\/\/giatsu.com\/pt\/industrial-3\/chillers-industrial-3\/chillers-modulares-com-inversor-chillers\/","og_site_name":"GIATSU","article_modified_time":"2025-04-16T11:06:41+00:00","og_image":[{"width":800,"height":800,"url":"https:\/\/giatsu.com\/wp-content\/uploads\/2023\/08\/chiller2-e3fe3c.webp","type":"image\/webp"}],"twitter_card":"summary_large_image","twitter_misc":{"Est. reading time":"1 minute"},"schema":{"@context":"https:\/\/schema.org","@graph":[{"@type":"WebPage","@id":"https:\/\/giatsu.com\/pt\/industrial-3\/chillers-industrial-3\/chillers-modulares-com-inversor-chillers\/","url":"https:\/\/giatsu.com\/pt\/industrial-3\/chillers-industrial-3\/chillers-modulares-com-inversor-chillers\/","name":"Refrigerador Giatsu","isPartOf":{"@id":"https:\/\/giatsu.com\/es\/#website"},"primaryImageOfPage":{"@id":"https:\/\/giatsu.com\/pt\/industrial-3\/chillers-industrial-3\/chillers-modulares-com-inversor-chillers\/#primaryimage"},"image":{"@id":"https:\/\/giatsu.com\/pt\/industrial-3\/chillers-industrial-3\/chillers-modulares-com-inversor-chillers\/#primaryimage"},"thumbnailUrl":"https:\/\/giatsu.com\/wp-content\/uploads\/2023\/08\/chiller2-e3fe3c.webp","datePublished":"2023-06-06T07:03:24+00:00","dateModified":"2025-04-16T11:06:41+00:00","description":"Chiller inversor modular Giatsu com tecnologia de inversor DC completa, gest\u00e3o em cascata, bomba de calor e elevada efici\u00eancia energ\u00e9tica.","breadcrumb":{"@id":"https:\/\/giatsu.com\/pt\/industrial-3\/chillers-industrial-3\/chillers-modulares-com-inversor-chillers\/#breadcrumb"},"inLanguage":"pt","potentialAction":[{"@type":"ReadAction","target":["https:\/\/giatsu.com\/pt\/industrial-3\/chillers-industrial-3\/chillers-modulares-com-inversor-chillers\/"]}]},{"@type":"ImageObject","inLanguage":"pt","@id":"https:\/\/giatsu.com\/pt\/industrial-3\/chillers-industrial-3\/chillers-modulares-com-inversor-chillers\/#primaryimage","url":"https:\/\/giatsu.com\/wp-content\/uploads\/2023\/08\/chiller2-e3fe3c.webp","contentUrl":"https:\/\/giatsu.com\/wp-content\/uploads\/2023\/08\/chiller2-e3fe3c.webp","width":800,"height":800},{"@type":"BreadcrumbList","@id":"https:\/\/giatsu.com\/pt\/industrial-3\/chillers-industrial-3\/chillers-modulares-com-inversor-chillers\/#breadcrumb","itemListElement":[{"@type":"ListItem","position":1,"name":"Home","item":"https:\/\/giatsu.com\/es\/"},{"@type":"ListItem","position":2,"name":"PRODUCTOS","item":"https:\/\/giatsu.com\/es\/productos\/"},{"@type":"ListItem","position":3,"name":"CHILLERS MODULARES COM INVERSOR CHILLERS"}]},{"@type":"WebSite","@id":"https:\/\/giatsu.com\/es\/#website","url":"https:\/\/giatsu.com\/es\/","name":"GIATSU","description":"Quality Comfort Everywhere","potentialAction":[{"@type":"SearchAction","target":{"@type":"EntryPoint","urlTemplate":"https:\/\/giatsu.com\/es\/?s={search_term_string}"},"query-input":{"@type":"PropertyValueSpecification","valueRequired":true,"valueName":"search_term_string"}}],"inLanguage":"pt"}]}},"_links":{"self":[{"href":"https:\/\/giatsu.com\/pt\/wp-json\/wp\/v2\/product\/12509","targetHints":{"allow":["GET"]}}],"collection":[{"href":"https:\/\/giatsu.com\/pt\/wp-json\/wp\/v2\/product"}],"about":[{"href":"https:\/\/giatsu.com\/pt\/wp-json\/wp\/v2\/types\/product"}],"wp:featuredmedia":[{"embeddable":true,"href":"https:\/\/giatsu.com\/pt\/wp-json\/wp\/v2\/media\/12511"}],"wp:attachment":[{"href":"https:\/\/giatsu.com\/pt\/wp-json\/wp\/v2\/media?parent=12509"}],"wp:term":[{"taxonomy":"product_brand","embeddable":true,"href":"https:\/\/giatsu.com\/pt\/wp-json\/wp\/v2\/product_brand?post=12509"},{"taxonomy":"product_cat","embeddable":true,"href":"https:\/\/giatsu.com\/pt\/wp-json\/wp\/v2\/product_cat?post=12509"},{"taxonomy":"product_tag","embeddable":true,"href":"https:\/\/giatsu.com\/pt\/wp-json\/wp\/v2\/product_tag?post=12509"}],"curies":[{"name":"wp","href":"https:\/\/api.w.org\/{rel}","templated":true}]}}