{"id":12502,"date":"2023-06-06T07:03:22","date_gmt":"2023-06-06T07:03:22","guid":{"rendered":"https:\/\/giatsu.com\/?post_type=product&#038;p=12502"},"modified":"2025-04-16T08:44:33","modified_gmt":"2025-04-16T08:44:33","slug":"interacumulador-de-asfalto-vitrificado","status":"publish","type":"product","link":"https:\/\/giatsu.com\/pt\/aerothermia\/acumuladores-aerothermia\/interacumulador-de-asfalto-vitrificado\/","title":{"rendered":"INTERACUMULADOR DE ASFALTO VITRIFICADO"},"content":{"rendered":"<div class=\"wpb-content-wrapper\"><div class=\"container mb-1 moduloprincipalespictos\">\n<h2 class=\"text-center tituloprincipales\">Caracter\u00edsticas principales<\/h2>\n<div class=\"row row-cols-1 row-cols-md-2 row-cols-xl-3\">\n<div class=\"col-xs-6 col-md-3 order-last\">\n<div class=\"card\">\n                            <img decoding=\"async\" class=\"card-img-top w-100 d-block fit-cover pictoprincipalgrande\" src=\"https:\/\/giatsu.com\/wp-content\/uploads\/2023\/08\/aislamiento-de-poliuretano-de-alta-densidad-e2510f.webp\" \/><\/p>\n<div class=\"card-body p-4\">\n<h3 class=\"font-weight-bold card-title\">Isolamento de poliuretano de alta densidade<\/h3>\n<p class=\"card-text\">Permite manter a temperatura da \u00e1gua no tanque quente por mais tempo gra\u00e7as ao seu poder isolante.<\/p>\n<\/p><\/div><\/div><\/div>\n<div class=\"col-xs-6 col-md-3 order-last\">\n<div class=\"card\">\n                            <img decoding=\"async\" class=\"card-img-top w-100 d-block fit-cover pictoprincipalgrande\" src=\"https:\/\/giatsu.com\/wp-content\/uploads\/2023\/08\/anodo-de-magnesio-anticorrosion-88b41c.webp\" \/><\/p>\n<div class=\"card-body p-4\">\n<h3 class=\"font-weight-bold card-title\">\u00c2nodo de magn\u00e9sio anticorrosivo<\/h3>\n<p class=\"card-text\">Incorpora um \u00e2nodo de magn\u00e9sio anticorrosivo que aumenta a vida \u00fatil do tanque e sua resist\u00eancia.<\/p>\n<\/p><\/div><\/div><\/div><\/div><\/div>\n<hr>\n<p>        [vc_row mobile_bg_img_hidden=&#8221;no&#8221; tablet_bg_img_hidden=&#8221;no&#8221; woodmart_parallax=&#8221;0&#8243; woodmart_gradient_switch=&#8221;no&#8221; row_reverse_mobile=&#8221;0&#8243; row_reverse_tablet=&#8221;0&#8243; woodmart_disable_overflow=&#8221;0&#8243; el_class=&#8221;filaImgCaracteristica&#8221;][vc_column mobile_bg_img_hidden=&#8221;no&#8221; tablet_bg_img_hidden=&#8221;no&#8221; woodmart_parallax=&#8221;0&#8243; woodmart_sticky_column=&#8221;false&#8221; parallax_scroll=&#8221;no&#8221; mobile_reset_margin=&#8221;no&#8221; tablet_reset_margin=&#8221;no&#8221;]<\/p>\n<div class=\"container mb-1\">\n<h3 class=\"text-center\">Informaci\u00f3n t\u00e9cnica<\/h3>\n<div class=\"row row-cols-1 row-cols-md-2 row-cols-xl-3 justify-content-md-center\">\n<div class=\"col-xs-1 col-md-1\">\n<div class=\"card\">\n                            <img decoding=\"async\" class=\"card-img-top w-100 d-block fit-cover pictoprincipalgrande\" src=\"https:\/\/giatsu.com\/wp-content\/uploads\/2023\/08\/revestimiento_vitrificado_ceramico-775931.webp\" \/><\/p>\n<div class=\"card-body p-4\">\n<h4 class=\"card-text textospictospeques\">Revestimento v\u00edtreo cer\u00e2mico<\/h4>\n<\/p><\/div><\/div><\/div>\n<div class=\"col-xs-1 col-md-1\">\n<div class=\"card\">\n                            <img decoding=\"async\" class=\"card-img-top w-100 d-block fit-cover pictoprincipalgrande\" src=\"https:\/\/giatsu.com\/wp-content\/uploads\/2023\/08\/ahorro_de_consumo_y_espacio-442a30.webp\" \/><\/p>\n<div class=\"card-body p-4\">\n<h4 class=\"card-text textospictospeques\">Economia de consumo e espa\u00c3\u00a7o<\/h4>\n<\/p><\/div><\/div><\/div><\/div><\/div>\n<div class=\"row justify-content-md-center\">\n<div class=\"vc_btn3-container vc_btn3-inline\" id=\"botonDescargarFicha\">\n                        <a target=\"_blank\" class=\"btn btn-light border rounded-4 botondescarga\" href=\"https:\/\/giatsu.com\/documentacion\/\/giatsu-fichas-tecnicas-interacumuladores-asf-.pdf\" title=\"\">Baixar planilha<\/a>\n                 <\/div><\/div>\n<\/div>","protected":false},"excerpt":{"rendered":"<p>O<strong> dep&oacute;sito de armazenamento esmaltado<\/strong> caracteriza-se pela sua longa durabilidade e pela qualidade dos materiais.<\/p>\n<p>O <strong>esmalte cer&acirc;mico de alta resist&ecirc;ncia <\/strong>do nosso dep&oacute;sito ASF garante uma prote&ccedil;&atilde;o duradoura contra a corros&atilde;o e os elementos abrasivos.<\/p>\n<p>Desfrute de um produto que se manter&aacute; em perfeitas condi&ccedil;&otilde;es durante muitos anos, fornecendo-lhe &aacute;gua quente fi&aacute;vel e de qualidade.<\/p>\n<p>A <strong>grande superf&iacute;cie de permuta<\/strong> no nosso dep&oacute;sito de armazenamento permite uma transfer&ecirc;ncia de calor eficiente.<\/p>\n<p>Tire o m&aacute;ximo partido da energia dispon&iacute;vel e obtenha um aquecimento r&aacute;pido e uniforme da &aacute;gua, sem desperdi&ccedil;ar recursos.<\/p>\n<p>O <strong>isolamento de poliuretano r&iacute;gido de 40 kg\/m3<\/strong> com uma espessura de 50 mm no nosso dep&oacute;sito de armazenamento garante a m&aacute;xima efici&ecirc;ncia energ&eacute;tica.<\/p>\n<p>Minimize a perda de calor e reduza os seus custos de aquecimento, mantendo a &aacute;gua quente durante mais tempo e optimizando o consumo de energia.<\/p>\n<p>Modelos dispon&iacute;veis: 131L, 168L, 265L, 432L<\/p>\n<div class='divPictosEnergia'>[vc_single_image image=&#8217;10310&#8242; alignment=&#8217;center&#8217; woodmart_inline=&#8217;no&#8217; parallax_scroll=&#8217;no&#8217; el_class=&#8217;imgEnergia&#8217; img_size=&#8217;72&#215;36&#8242;]<\/div>\n<div class='pictosvoz'><\/div>\n","protected":false},"featured_media":12505,"template":"","meta":{"_monsterinsights_skip_tracking":false,"_monsterinsights_sitenote_active":false,"_monsterinsights_sitenote_note":"","_monsterinsights_sitenote_category":0},"product_brand":[],"product_cat":[727],"product_tag":[],"class_list":{"0":"post-12502","1":"product","2":"type-product","3":"status-publish","4":"has-post-thumbnail","6":"product_cat-acumuladores-aerothermia","8":"first","9":"instock","10":"shipping-taxable","11":"product-type-simple"},"yoast_head":"<!-- This site is optimized with the Yoast SEO plugin v26.6 - https:\/\/yoast.com\/wordpress\/plugins\/seo\/ -->\n<title>INTERACUMULADOR DE ASFALTO VITRIFICADO<\/title>\n<meta name=\"description\" content=\"O esmalte cer\u00e2mico de alta resist\u00eancia do nosso dep\u00f3sito de armazenamento ASF garante uma prote\u00e7\u00e3o duradoura contra a corros\u00e3o e os elementos abrasivos.\" \/>\n<meta name=\"robots\" content=\"index, follow, max-snippet:-1, max-image-preview:large, max-video-preview:-1\" \/>\n<link rel=\"canonical\" href=\"https:\/\/giatsu.com\/pt\/aerothermia\/acumuladores-aerothermia\/interacumulador-de-asfalto-vitrificado\/\" \/>\n<meta property=\"og:locale\" content=\"pt_PT\" \/>\n<meta property=\"og:type\" content=\"article\" \/>\n<meta property=\"og:title\" content=\"INTERACUMULADOR DE ASFALTO VITRIFICADO\" \/>\n<meta property=\"og:description\" content=\"O esmalte cer\u00e2mico de alta resist\u00eancia do nosso dep\u00f3sito de armazenamento ASF garante uma prote\u00e7\u00e3o duradoura contra a corros\u00e3o e os elementos abrasivos.\" \/>\n<meta property=\"og:url\" content=\"https:\/\/giatsu.com\/pt\/aerothermia\/acumuladores-aerothermia\/interacumulador-de-asfalto-vitrificado\/\" \/>\n<meta property=\"og:site_name\" content=\"GIATSU\" \/>\n<meta property=\"article:modified_time\" content=\"2025-04-16T08:44:33+00:00\" \/>\n<meta property=\"og:image\" content=\"https:\/\/giatsu.com\/wp-content\/uploads\/2023\/08\/asf-d64b1a.webp\" \/>\n\t<meta property=\"og:image:width\" content=\"800\" \/>\n\t<meta property=\"og:image:height\" content=\"800\" \/>\n\t<meta property=\"og:image:type\" content=\"image\/webp\" \/>\n<meta name=\"twitter:card\" content=\"summary_large_image\" \/>\n<meta name=\"twitter:label1\" content=\"Est. reading time\" \/>\n\t<meta name=\"twitter:data1\" content=\"1 minute\" \/>\n<script type=\"application\/ld+json\" class=\"yoast-schema-graph\">{\"@context\":\"https:\/\/schema.org\",\"@graph\":[{\"@type\":\"WebPage\",\"@id\":\"https:\/\/giatsu.com\/pt\/aerothermia\/acumuladores-aerothermia\/interacumulador-de-asfalto-vitrificado\/\",\"url\":\"https:\/\/giatsu.com\/pt\/aerothermia\/acumuladores-aerothermia\/interacumulador-de-asfalto-vitrificado\/\",\"name\":\"INTERACUMULADOR DE ASFALTO VITRIFICADO\",\"isPartOf\":{\"@id\":\"https:\/\/giatsu.com\/es\/#website\"},\"primaryImageOfPage\":{\"@id\":\"https:\/\/giatsu.com\/pt\/aerothermia\/acumuladores-aerothermia\/interacumulador-de-asfalto-vitrificado\/#primaryimage\"},\"image\":{\"@id\":\"https:\/\/giatsu.com\/pt\/aerothermia\/acumuladores-aerothermia\/interacumulador-de-asfalto-vitrificado\/#primaryimage\"},\"thumbnailUrl\":\"https:\/\/giatsu.com\/wp-content\/uploads\/2023\/08\/asf-d64b1a.webp\",\"datePublished\":\"2023-06-06T07:03:22+00:00\",\"dateModified\":\"2025-04-16T08:44:33+00:00\",\"description\":\"O esmalte cer\u00e2mico de alta resist\u00eancia do nosso dep\u00f3sito de armazenamento ASF garante uma prote\u00e7\u00e3o duradoura contra a corros\u00e3o e os elementos abrasivos.\",\"breadcrumb\":{\"@id\":\"https:\/\/giatsu.com\/pt\/aerothermia\/acumuladores-aerothermia\/interacumulador-de-asfalto-vitrificado\/#breadcrumb\"},\"inLanguage\":\"pt\",\"potentialAction\":[{\"@type\":\"ReadAction\",\"target\":[\"https:\/\/giatsu.com\/pt\/aerothermia\/acumuladores-aerothermia\/interacumulador-de-asfalto-vitrificado\/\"]}]},{\"@type\":\"ImageObject\",\"inLanguage\":\"pt\",\"@id\":\"https:\/\/giatsu.com\/pt\/aerothermia\/acumuladores-aerothermia\/interacumulador-de-asfalto-vitrificado\/#primaryimage\",\"url\":\"https:\/\/giatsu.com\/wp-content\/uploads\/2023\/08\/asf-d64b1a.webp\",\"contentUrl\":\"https:\/\/giatsu.com\/wp-content\/uploads\/2023\/08\/asf-d64b1a.webp\",\"width\":800,\"height\":800},{\"@type\":\"BreadcrumbList\",\"@id\":\"https:\/\/giatsu.com\/pt\/aerothermia\/acumuladores-aerothermia\/interacumulador-de-asfalto-vitrificado\/#breadcrumb\",\"itemListElement\":[{\"@type\":\"ListItem\",\"position\":1,\"name\":\"Home\",\"item\":\"https:\/\/giatsu.com\/es\/\"},{\"@type\":\"ListItem\",\"position\":2,\"name\":\"PRODUCTOS\",\"item\":\"https:\/\/giatsu.com\/es\/productos\/\"},{\"@type\":\"ListItem\",\"position\":3,\"name\":\"INTERACUMULADOR DE ASFALTO VITRIFICADO\"}]},{\"@type\":\"WebSite\",\"@id\":\"https:\/\/giatsu.com\/es\/#website\",\"url\":\"https:\/\/giatsu.com\/es\/\",\"name\":\"GIATSU\",\"description\":\"Quality Comfort Everywhere\",\"potentialAction\":[{\"@type\":\"SearchAction\",\"target\":{\"@type\":\"EntryPoint\",\"urlTemplate\":\"https:\/\/giatsu.com\/es\/?s={search_term_string}\"},\"query-input\":{\"@type\":\"PropertyValueSpecification\",\"valueRequired\":true,\"valueName\":\"search_term_string\"}}],\"inLanguage\":\"pt\"}]}<\/script>\n<!-- \/ Yoast SEO plugin. -->","yoast_head_json":{"title":"INTERACUMULADOR DE ASFALTO VITRIFICADO","description":"O esmalte cer\u00e2mico de alta resist\u00eancia do nosso dep\u00f3sito de armazenamento ASF garante uma prote\u00e7\u00e3o duradoura contra a corros\u00e3o e os elementos abrasivos.","robots":{"index":"index","follow":"follow","max-snippet":"max-snippet:-1","max-image-preview":"max-image-preview:large","max-video-preview":"max-video-preview:-1"},"canonical":"https:\/\/giatsu.com\/pt\/aerothermia\/acumuladores-aerothermia\/interacumulador-de-asfalto-vitrificado\/","og_locale":"pt_PT","og_type":"article","og_title":"INTERACUMULADOR DE ASFALTO VITRIFICADO","og_description":"O esmalte cer\u00e2mico de alta resist\u00eancia do nosso dep\u00f3sito de armazenamento ASF garante uma prote\u00e7\u00e3o duradoura contra a corros\u00e3o e os elementos abrasivos.","og_url":"https:\/\/giatsu.com\/pt\/aerothermia\/acumuladores-aerothermia\/interacumulador-de-asfalto-vitrificado\/","og_site_name":"GIATSU","article_modified_time":"2025-04-16T08:44:33+00:00","og_image":[{"width":800,"height":800,"url":"https:\/\/giatsu.com\/wp-content\/uploads\/2023\/08\/asf-d64b1a.webp","type":"image\/webp"}],"twitter_card":"summary_large_image","twitter_misc":{"Est. reading time":"1 minute"},"schema":{"@context":"https:\/\/schema.org","@graph":[{"@type":"WebPage","@id":"https:\/\/giatsu.com\/pt\/aerothermia\/acumuladores-aerothermia\/interacumulador-de-asfalto-vitrificado\/","url":"https:\/\/giatsu.com\/pt\/aerothermia\/acumuladores-aerothermia\/interacumulador-de-asfalto-vitrificado\/","name":"INTERACUMULADOR DE ASFALTO VITRIFICADO","isPartOf":{"@id":"https:\/\/giatsu.com\/es\/#website"},"primaryImageOfPage":{"@id":"https:\/\/giatsu.com\/pt\/aerothermia\/acumuladores-aerothermia\/interacumulador-de-asfalto-vitrificado\/#primaryimage"},"image":{"@id":"https:\/\/giatsu.com\/pt\/aerothermia\/acumuladores-aerothermia\/interacumulador-de-asfalto-vitrificado\/#primaryimage"},"thumbnailUrl":"https:\/\/giatsu.com\/wp-content\/uploads\/2023\/08\/asf-d64b1a.webp","datePublished":"2023-06-06T07:03:22+00:00","dateModified":"2025-04-16T08:44:33+00:00","description":"O esmalte cer\u00e2mico de alta resist\u00eancia do nosso dep\u00f3sito de armazenamento ASF garante uma prote\u00e7\u00e3o duradoura contra a corros\u00e3o e os elementos abrasivos.","breadcrumb":{"@id":"https:\/\/giatsu.com\/pt\/aerothermia\/acumuladores-aerothermia\/interacumulador-de-asfalto-vitrificado\/#breadcrumb"},"inLanguage":"pt","potentialAction":[{"@type":"ReadAction","target":["https:\/\/giatsu.com\/pt\/aerothermia\/acumuladores-aerothermia\/interacumulador-de-asfalto-vitrificado\/"]}]},{"@type":"ImageObject","inLanguage":"pt","@id":"https:\/\/giatsu.com\/pt\/aerothermia\/acumuladores-aerothermia\/interacumulador-de-asfalto-vitrificado\/#primaryimage","url":"https:\/\/giatsu.com\/wp-content\/uploads\/2023\/08\/asf-d64b1a.webp","contentUrl":"https:\/\/giatsu.com\/wp-content\/uploads\/2023\/08\/asf-d64b1a.webp","width":800,"height":800},{"@type":"BreadcrumbList","@id":"https:\/\/giatsu.com\/pt\/aerothermia\/acumuladores-aerothermia\/interacumulador-de-asfalto-vitrificado\/#breadcrumb","itemListElement":[{"@type":"ListItem","position":1,"name":"Home","item":"https:\/\/giatsu.com\/es\/"},{"@type":"ListItem","position":2,"name":"PRODUCTOS","item":"https:\/\/giatsu.com\/es\/productos\/"},{"@type":"ListItem","position":3,"name":"INTERACUMULADOR DE ASFALTO VITRIFICADO"}]},{"@type":"WebSite","@id":"https:\/\/giatsu.com\/es\/#website","url":"https:\/\/giatsu.com\/es\/","name":"GIATSU","description":"Quality Comfort Everywhere","potentialAction":[{"@type":"SearchAction","target":{"@type":"EntryPoint","urlTemplate":"https:\/\/giatsu.com\/es\/?s={search_term_string}"},"query-input":{"@type":"PropertyValueSpecification","valueRequired":true,"valueName":"search_term_string"}}],"inLanguage":"pt"}]}},"_links":{"self":[{"href":"https:\/\/giatsu.com\/pt\/wp-json\/wp\/v2\/product\/12502","targetHints":{"allow":["GET"]}}],"collection":[{"href":"https:\/\/giatsu.com\/pt\/wp-json\/wp\/v2\/product"}],"about":[{"href":"https:\/\/giatsu.com\/pt\/wp-json\/wp\/v2\/types\/product"}],"wp:featuredmedia":[{"embeddable":true,"href":"https:\/\/giatsu.com\/pt\/wp-json\/wp\/v2\/media\/12505"}],"wp:attachment":[{"href":"https:\/\/giatsu.com\/pt\/wp-json\/wp\/v2\/media?parent=12502"}],"wp:term":[{"taxonomy":"product_brand","embeddable":true,"href":"https:\/\/giatsu.com\/pt\/wp-json\/wp\/v2\/product_brand?post=12502"},{"taxonomy":"product_cat","embeddable":true,"href":"https:\/\/giatsu.com\/pt\/wp-json\/wp\/v2\/product_cat?post=12502"},{"taxonomy":"product_tag","embeddable":true,"href":"https:\/\/giatsu.com\/pt\/wp-json\/wp\/v2\/product_tag?post=12502"}],"curies":[{"name":"wp","href":"https:\/\/api.w.org\/{rel}","templated":true}]}}