{"id":12490,"date":"2023-06-06T07:03:09","date_gmt":"2023-06-06T07:03:09","guid":{"rendered":"https:\/\/giatsu.com\/?post_type=product&#038;p=12490"},"modified":"2025-04-16T09:53:02","modified_gmt":"2025-04-16T09:53:02","slug":"monobloco-eco-termico","status":"publish","type":"product","link":"https:\/\/giatsu.com\/pt\/aerothermia\/bombas-de-calor-aerothermia\/eco-thermal-bombas-de-calor-aerothermia\/monobloco-eco-termico\/","title":{"rendered":"MONOBLOCO ECO-T\u00c9RMICO"},"content":{"rendered":"<div class=\"wpb-content-wrapper\"><div class=\"container mb-1 moduloprincipalespictos\">\n<h2 class=\"text-center tituloprincipales\">Caracter\u00edsticas principales<\/h2>\n<div class=\"row row-cols-1 row-cols-md-2 row-cols-xl-3\">\n<div class=\"col-xs-6 col-md-3 order-last\">\n<div class=\"card\">\n                            <img decoding=\"async\" class=\"card-img-top w-100 d-block fit-cover pictoprincipalgrande\" src=\"https:\/\/giatsu.com\/wp-content\/uploads\/2023\/08\/wifi-incluido-cb8169.webp\" \/><\/p>\n<div class=\"card-body p-4\">\n<h3 class=\"font-weight-bold card-title\">WiFi inclu\u00eddo<\/h3>\n<p class=\"card-text\">Atrav\u00e9s do aplicativo GIApp voc\u00ea pode controlar o equipamento a partir de um smartphone, tablet ou por voz com Alexa e Google Home.<\/p>\n<\/p><\/div><\/div><\/div>\n<div class=\"col-xs-6 col-md-3 order-last\">\n<div class=\"card\">\n                            <img decoding=\"async\" class=\"card-img-top w-100 d-block fit-cover pictoprincipalgrande\" src=\"https:\/\/giatsu.com\/wp-content\/uploads\/2023\/08\/control-cableado-c520c6.webp\" \/><\/p>\n<div class=\"card-body p-4\">\n<h3 class=\"font-weight-bold card-title\">Controlo por cabo<\/h3>\n<p class=\"card-text\">Incluye control cableado con programaci\u00f3n semanal.<\/p>\n<\/p><\/div><\/div><\/div>\n<div class=\"col-xs-6 col-md-3 order-last\">\n<div class=\"card\">\n                            <img decoding=\"async\" class=\"card-img-top w-100 d-block fit-cover pictoprincipalgrande\" src=\"https:\/\/giatsu.com\/wp-content\/uploads\/2023\/08\/amplia_gama_de_funcionamiento-b5a1e5.webp\" \/><\/p>\n<div class=\"card-body p-4\">\n<h3 class=\"font-weight-bold card-title\">Amplas faixas de opera\u00e7\u00e3o<\/h3>\n<p class=\"card-text\">Permite operar com uma temperatura interior de 16\u00baC a 31\u00baC e uma temperatura externa em modo frio: de 18\u00baC a 43\u00baC, e modo t\u00e9rmico: de -15\u00baC a 24\u00baC.<\/p>\n<\/p><\/div><\/div><\/div>\n<div class=\"col-xs-6 col-md-3 order-last\">\n<div class=\"card\">\n                            <img decoding=\"async\" class=\"card-img-top w-100 d-block fit-cover pictoprincipalgrande\" src=\"https:\/\/giatsu.com\/wp-content\/uploads\/2023\/08\/r32-58a8d5.webp\" \/><\/p>\n<div class=\"card-body p-4\">\n<h3 class=\"font-weight-bold card-title\">Refrigerante R32<\/h3>\n<p class=\"card-text\">O g\u00e1s R32 tem um \u00edndice muito baixo de Potencial de Aquecimento Atmosf\u00e9rico (AWP), alta efici\u00eancia e pot\u00eancia de arrefecimento.<\/p>\n<\/p><\/div><\/div><\/div>\n<div class=\"col-xs-6 col-md-3 order-last\">\n<div class=\"card\">\n                            <img decoding=\"async\" class=\"card-img-top w-100 d-block fit-cover pictoprincipalgrande\" src=\"https:\/\/giatsu.com\/wp-content\/uploads\/2023\/06\/tecnologia_inverter-495dd8.webp\" \/><\/p>\n<div class=\"card-body p-4\">\n<h3 class=\"font-weight-bold card-title\">Tecnologia inverter<\/h3>\n<p class=\"card-text\">Ao operar o compressor continuamente, uma economia de energia de at\u00e9 50% \u00e9 alcan\u00e7ada em compara\u00e7\u00e3o com o equipamento convencional.<\/p>\n<\/p><\/div><\/div><\/div>\n<div class=\"col-xs-6 col-md-3 order-last\">\n<div class=\"card\">\n                            <img decoding=\"async\" class=\"card-img-top w-100 d-block fit-cover pictoprincipalgrande\" src=\"https:\/\/giatsu.com\/wp-content\/uploads\/2023\/08\/modo-frio-y-calor-fde88b.webp\" \/><\/p>\n<div class=\"card-body p-4\">\n<h3 class=\"font-weight-bold card-title\">Modo frio\/calor<\/h3>\n<p class=\"card-text\">A unidade \u00e9 capaz de fornecer ar condicionado e aquecimento.<\/p>\n<\/p><\/div><\/div><\/div><\/div><\/div>\n<hr>\n<p>        [vc_row mobile_bg_img_hidden=&#8221;no&#8221; tablet_bg_img_hidden=&#8221;no&#8221; woodmart_parallax=&#8221;0&#8243; woodmart_gradient_switch=&#8221;no&#8221; row_reverse_mobile=&#8221;0&#8243; row_reverse_tablet=&#8221;0&#8243; woodmart_disable_overflow=&#8221;0&#8243; el_class=&#8221;filaImgCaracteristica&#8221;][vc_column mobile_bg_img_hidden=&#8221;no&#8221; tablet_bg_img_hidden=&#8221;no&#8221; woodmart_parallax=&#8221;0&#8243; woodmart_sticky_column=&#8221;false&#8221; parallax_scroll=&#8221;no&#8221; mobile_reset_margin=&#8221;no&#8221; tablet_reset_margin=&#8221;no&#8221;]<\/p>\n<div class=\"container mb-1\">\n<h3 class=\"text-center\">Informaci\u00f3n t\u00e9cnica<\/h3>\n<div class=\"row row-cols-1 row-cols-md-2 row-cols-xl-3 justify-content-md-center\">\n<div class=\"col-xs-1 col-md-1\">\n<div class=\"card\">\n                            <img decoding=\"async\" class=\"card-img-top w-100 d-block fit-cover pictoprincipalgrande\" src=\"https:\/\/giatsu.com\/wp-content\/uploads\/2023\/08\/rango_temperatura_configurable-aaef04.webp\" \/><\/p>\n<div class=\"card-body p-4\">\n<h4 class=\"card-text textospictospeques\">Faixa de temperatura configur\u00c3\u00a1vel<\/h4>\n<\/p><\/div><\/div><\/div>\n<div class=\"col-xs-1 col-md-1\">\n<div class=\"card\">\n                            <img decoding=\"async\" class=\"card-img-top w-100 d-block fit-cover pictoprincipalgrande\" src=\"https:\/\/giatsu.com\/wp-content\/uploads\/2023\/08\/pasarela_modbus-146fc1.webp\" \/><\/p>\n<div class=\"card-body p-4\">\n<h4 class=\"card-text textospictospeques\">Pista modbus<\/h4>\n<\/p><\/div><\/div><\/div>\n<div class=\"col-xs-1 col-md-1\">\n<div class=\"card\">\n                            <img decoding=\"async\" class=\"card-img-top w-100 d-block fit-cover pictoprincipalgrande\" src=\"https:\/\/giatsu.com\/wp-content\/uploads\/2023\/08\/mayor_eficacia_a_baja_temperatura-f40fd9.webp\" \/><\/p>\n<div class=\"card-body p-4\">\n<h4 class=\"card-text textospictospeques\">Maior efici\u00c3\u00aancia em baixa temperatura<\/h4>\n<\/p><\/div><\/div><\/div>\n<div class=\"col-xs-1 col-md-1\">\n<div class=\"card\">\n                            <img decoding=\"async\" class=\"card-img-top w-100 d-block fit-cover pictoprincipalgrande\" src=\"https:\/\/giatsu.com\/wp-content\/uploads\/2023\/08\/funcion_anti-legionela-ce85aa.webp\" \/><\/p>\n<div class=\"card-body p-4\">\n<h4 class=\"card-text textospictospeques\">Fun\u00e7\u00e3o anti-legionela<\/h4>\n<\/p><\/div><\/div><\/div><\/div><\/div>\n<div class=\"row\">\n<hr>\n<div class=\"col text-center\"><a target=\"_blank\" href=\"https:\/\/giatsu.com\/documentacion\/\/giatsu-manual-de-usuario-e-instalacion-ecothermal--multiidioma.pdf\" class=\"btn btn-light border rounded-4 botonDescargaManual botondescarga\">Manual de usu\u00e1rio<\/a><\/div>\n<hr>\n<\/div>\n<\/div>","protected":false},"excerpt":{"rendered":"<p>O <strong>Giatsu Eco-thermal Monoblock<\/strong> &eacute; um sistema de ar condicionado aerot&eacute;rmico que oferece uma efici&ecirc;ncia excecional e um conforto inigual&aacute;vel.<\/p>\n<p>Com tecnologia de ponta, esta bomba de calor &eacute; capaz de <strong>aproveitar 75% da energia do ar exterior<\/strong> para lhe fornecer aquecimento no inverno e arrefecimento no ver&atilde;o, bem como AQS.<\/p>\n<p>O seu funcionamento eficiente permite-lhe poupar no consumo de eletricidade, o que significa uma economia financeira significativa na sua fatura de eletricidade.<\/p>\n<p>As suas principais carater&iacute;sticas s&atilde;o:<\/p>\n<ul>\n<li><strong>Impuls&atilde;o a 65&ordm;C sem utiliza&ccedil;&atilde;o de resist&ecirc;ncia el&eacute;ctrica<\/strong>: O Monobloco Eco-T&eacute;rmico &eacute; capaz de impulsar &aacute;gua a uma temperatura de 65&ordm;C sem necessidade de utilizar uma resist&ecirc;ncia el&eacute;ctrica de apoio.<\/li>\n<li><strong>Inclui uma resist&ecirc;ncia el&eacute;ctrica de s&eacute;rie.<\/strong> Isto d&aacute;-lhe a op&ccedil;&atilde;o de a utilizar em situa&ccedil;&otilde;es em que &eacute; necess&aacute;rio um impulso extra de calor, proporcionando um maior n&iacute;vel de conforto e para a fun&ccedil;&atilde;o anti legionella.<\/li>\n<li><strong>Utiliza a tecnologia Full Inverter DC<\/strong>, o que significa que optimiza o desempenho e a efici&ecirc;ncia energ&eacute;tica.<\/li>\n<li><strong>Possui uma unidade hidr&aacute;ulica integrada<\/strong>, que simplifica a instala&ccedil;&atilde;o e permite um funcionamento &oacute;timo.<\/li>\n<li>O sistema tem uma vasta gama de funcionamento, pelo que se pode adaptar a diferentes condi&ccedil;&otilde;es ambientais: Arrefecimento de -5&deg;C a 43&deg;C. Aquecimento de -25&deg;C a 43&deg;C. &Aacute;gua quente sanit&aacute;ria de -25&deg;C a 43&deg;C.<\/li>\n<li><strong>Wifi Inclu&iacute;do com todas as funcionalidades<\/strong> control&aacute;veis a partir de uma aplica&ccedil;&atilde;o m&oacute;vel dedicada, para que possa controlar e ajustar as fun&ccedil;&otilde;es remotamente. A partir de qualquer lugar e a qualquer momento, pode definir a temperatura desejada e desfrutar de um ambiente confort&aacute;vel quando regressar a casa.<\/li>\n<li><strong>Sistema de descongela&ccedil;&atilde;o inteligente<\/strong> que evita arranques e paragens cont&iacute;nuas do compressor.<\/li>\n<li><strong>Modo de f&eacute;rias program&aacute;vel<\/strong> para proteger a instala&ccedil;&atilde;o contra a congela&ccedil;&atilde;o dos tubos.<\/li>\n<li><strong>&Eacute; amigo do ambiente.<\/strong> Ao utilizar o ar como fonte de energia renov&aacute;vel, contribui para a redu&ccedil;&atilde;o das emiss&otilde;es de CO2, ajudando a preservar o nosso planeta.<\/li>\n<\/ul>\n<p>Pot&ecirc;ncias dispon&iacute;veis: 4KW, 6KW, 8KW, 10KW, 12KW, 14KW, 16KW, 18KW, 22KW, 26KW e 30KW.<\/p>\n<div class='divPictosEnergia'>[vc_single_image image=&#8217;10505&#8242; alignment=&#8217;center&#8217; woodmart_inline=&#8217;no&#8217; parallax_scroll=&#8217;no&#8217; el_class=&#8217;imgEnergia&#8217; img_size=&#8217;72&#215;36&#8242;][vc_single_image image=&#8217;10510&#8242; alignment=&#8217;center&#8217; woodmart_inline=&#8217;no&#8217; parallax_scroll=&#8217;no&#8217; el_class=&#8217;imgEnergia&#8217; img_size=&#8217;72&#215;36&#8242;]<\/div>\n<div class='pictosvoz'>[vc_single_image image=&#8217;13599&#8242; alignment=&#8217;center&#8217; woodmart_inline=&#8217;no&#8217; parallax_scroll=&#8217;no&#8217; el_class=&#8217;imgEnergia&#8217; img_size=&#8217;65&#215;65&#8242;][vc_single_image image=&#8217;13604&#8242; alignment=&#8217;center&#8217; woodmart_inline=&#8217;no&#8217; parallax_scroll=&#8217;no&#8217; el_class=&#8217;imgEnergia&#8217; img_size=&#8217;65&#215;65&#8242;]<\/div>\n","protected":false},"featured_media":12493,"template":"","meta":{"_monsterinsights_skip_tracking":false,"_monsterinsights_sitenote_active":false,"_monsterinsights_sitenote_note":"","_monsterinsights_sitenote_category":0},"product_brand":[],"product_cat":[739,833],"product_tag":[],"class_list":{"0":"post-12490","1":"product","2":"type-product","3":"status-publish","4":"has-post-thumbnail","6":"product_cat-bombas-de-calor-aerothermia","7":"product_cat-eco-thermal-bombas-de-calor-aerothermia","9":"first","10":"instock","11":"shipping-taxable","12":"product-type-simple"},"yoast_head":"<!-- This site is optimized with the Yoast SEO plugin v27.4 - https:\/\/yoast.com\/product\/yoast-seo-wordpress\/ -->\n<title>Monobloco Giatsu Eco-thermal<\/title>\n<meta name=\"description\" content=\"Com tecnologia de ponta, esta bomba de calor \u00e9 capaz de aproveitar 75% da energia do ar exterior para lhe fornecer aquecimento no inverno e arrefecimento no ver\u00e3o, bem como AQS.\" \/>\n<meta name=\"robots\" content=\"index, follow, max-snippet:-1, max-image-preview:large, max-video-preview:-1\" \/>\n<link rel=\"canonical\" href=\"https:\/\/giatsu.com\/pt\/aerothermia\/bombas-de-calor-aerothermia\/eco-thermal-bombas-de-calor-aerothermia\/monobloco-eco-termico\/\" \/>\n<meta property=\"og:locale\" content=\"pt_PT\" \/>\n<meta property=\"og:type\" content=\"article\" \/>\n<meta property=\"og:title\" content=\"Monobloco Giatsu Eco-thermal\" \/>\n<meta property=\"og:description\" content=\"Com tecnologia de ponta, esta bomba de calor \u00e9 capaz de aproveitar 75% da energia do ar exterior para lhe fornecer aquecimento no inverno e arrefecimento no ver\u00e3o, bem como AQS.\" \/>\n<meta property=\"og:url\" content=\"https:\/\/giatsu.com\/pt\/aerothermia\/bombas-de-calor-aerothermia\/eco-thermal-bombas-de-calor-aerothermia\/monobloco-eco-termico\/\" \/>\n<meta property=\"og:site_name\" content=\"GIATSU\" \/>\n<meta property=\"article:modified_time\" content=\"2025-04-16T09:53:02+00:00\" \/>\n<meta property=\"og:image\" content=\"https:\/\/giatsu.com\/wp-content\/uploads\/2023\/08\/monoblock5-d80b24.webp\" \/>\n\t<meta property=\"og:image:width\" content=\"800\" \/>\n\t<meta property=\"og:image:height\" content=\"800\" \/>\n\t<meta property=\"og:image:type\" content=\"image\/webp\" \/>\n<meta name=\"twitter:card\" content=\"summary_large_image\" \/>\n<meta name=\"twitter:label1\" content=\"Est. reading time\" \/>\n\t<meta name=\"twitter:data1\" content=\"1 minute\" \/>\n<script type=\"application\/ld+json\" class=\"yoast-schema-graph\">{\"@context\":\"https:\\\/\\\/schema.org\",\"@graph\":[{\"@type\":\"WebPage\",\"@id\":\"https:\\\/\\\/giatsu.com\\\/pt\\\/aerothermia\\\/bombas-de-calor-aerothermia\\\/eco-thermal-bombas-de-calor-aerothermia\\\/monobloco-eco-termico\\\/\",\"url\":\"https:\\\/\\\/giatsu.com\\\/pt\\\/aerothermia\\\/bombas-de-calor-aerothermia\\\/eco-thermal-bombas-de-calor-aerothermia\\\/monobloco-eco-termico\\\/\",\"name\":\"Monobloco Giatsu Eco-thermal\",\"isPartOf\":{\"@id\":\"https:\\\/\\\/giatsu.com\\\/es\\\/#website\"},\"primaryImageOfPage\":{\"@id\":\"https:\\\/\\\/giatsu.com\\\/pt\\\/aerothermia\\\/bombas-de-calor-aerothermia\\\/eco-thermal-bombas-de-calor-aerothermia\\\/monobloco-eco-termico\\\/#primaryimage\"},\"image\":{\"@id\":\"https:\\\/\\\/giatsu.com\\\/pt\\\/aerothermia\\\/bombas-de-calor-aerothermia\\\/eco-thermal-bombas-de-calor-aerothermia\\\/monobloco-eco-termico\\\/#primaryimage\"},\"thumbnailUrl\":\"https:\\\/\\\/giatsu.com\\\/wp-content\\\/uploads\\\/2023\\\/08\\\/monoblock5-d80b24.webp\",\"datePublished\":\"2023-06-06T07:03:09+00:00\",\"dateModified\":\"2025-04-16T09:53:02+00:00\",\"description\":\"Com tecnologia de ponta, esta bomba de calor \u00e9 capaz de aproveitar 75% da energia do ar exterior para lhe fornecer aquecimento no inverno e arrefecimento no ver\u00e3o, bem como AQS.\",\"breadcrumb\":{\"@id\":\"https:\\\/\\\/giatsu.com\\\/pt\\\/aerothermia\\\/bombas-de-calor-aerothermia\\\/eco-thermal-bombas-de-calor-aerothermia\\\/monobloco-eco-termico\\\/#breadcrumb\"},\"inLanguage\":\"pt\",\"potentialAction\":[{\"@type\":\"ReadAction\",\"target\":[\"https:\\\/\\\/giatsu.com\\\/pt\\\/aerothermia\\\/bombas-de-calor-aerothermia\\\/eco-thermal-bombas-de-calor-aerothermia\\\/monobloco-eco-termico\\\/\"]}]},{\"@type\":\"ImageObject\",\"inLanguage\":\"pt\",\"@id\":\"https:\\\/\\\/giatsu.com\\\/pt\\\/aerothermia\\\/bombas-de-calor-aerothermia\\\/eco-thermal-bombas-de-calor-aerothermia\\\/monobloco-eco-termico\\\/#primaryimage\",\"url\":\"https:\\\/\\\/giatsu.com\\\/wp-content\\\/uploads\\\/2023\\\/08\\\/monoblock5-d80b24.webp\",\"contentUrl\":\"https:\\\/\\\/giatsu.com\\\/wp-content\\\/uploads\\\/2023\\\/08\\\/monoblock5-d80b24.webp\",\"width\":800,\"height\":800},{\"@type\":\"BreadcrumbList\",\"@id\":\"https:\\\/\\\/giatsu.com\\\/pt\\\/aerothermia\\\/bombas-de-calor-aerothermia\\\/eco-thermal-bombas-de-calor-aerothermia\\\/monobloco-eco-termico\\\/#breadcrumb\",\"itemListElement\":[{\"@type\":\"ListItem\",\"position\":1,\"name\":\"Home\",\"item\":\"https:\\\/\\\/giatsu.com\\\/es\\\/\"},{\"@type\":\"ListItem\",\"position\":2,\"name\":\"PRODUCTOS\",\"item\":\"https:\\\/\\\/giatsu.com\\\/es\\\/productos\\\/\"},{\"@type\":\"ListItem\",\"position\":3,\"name\":\"MONOBLOCO ECO-T\u00c9RMICO\"}]},{\"@type\":\"WebSite\",\"@id\":\"https:\\\/\\\/giatsu.com\\\/es\\\/#website\",\"url\":\"https:\\\/\\\/giatsu.com\\\/es\\\/\",\"name\":\"GIATSU\",\"description\":\"Quality Comfort Everywhere\",\"potentialAction\":[{\"@type\":\"SearchAction\",\"target\":{\"@type\":\"EntryPoint\",\"urlTemplate\":\"https:\\\/\\\/giatsu.com\\\/es\\\/?s={search_term_string}\"},\"query-input\":{\"@type\":\"PropertyValueSpecification\",\"valueRequired\":true,\"valueName\":\"search_term_string\"}}],\"inLanguage\":\"pt\"}]}<\/script>\n<!-- \/ Yoast SEO plugin. -->","yoast_head_json":{"title":"Monobloco Giatsu Eco-thermal","description":"Com tecnologia de ponta, esta bomba de calor \u00e9 capaz de aproveitar 75% da energia do ar exterior para lhe fornecer aquecimento no inverno e arrefecimento no ver\u00e3o, bem como AQS.","robots":{"index":"index","follow":"follow","max-snippet":"max-snippet:-1","max-image-preview":"max-image-preview:large","max-video-preview":"max-video-preview:-1"},"canonical":"https:\/\/giatsu.com\/pt\/aerothermia\/bombas-de-calor-aerothermia\/eco-thermal-bombas-de-calor-aerothermia\/monobloco-eco-termico\/","og_locale":"pt_PT","og_type":"article","og_title":"Monobloco Giatsu Eco-thermal","og_description":"Com tecnologia de ponta, esta bomba de calor \u00e9 capaz de aproveitar 75% da energia do ar exterior para lhe fornecer aquecimento no inverno e arrefecimento no ver\u00e3o, bem como AQS.","og_url":"https:\/\/giatsu.com\/pt\/aerothermia\/bombas-de-calor-aerothermia\/eco-thermal-bombas-de-calor-aerothermia\/monobloco-eco-termico\/","og_site_name":"GIATSU","article_modified_time":"2025-04-16T09:53:02+00:00","og_image":[{"width":800,"height":800,"url":"https:\/\/giatsu.com\/wp-content\/uploads\/2023\/08\/monoblock5-d80b24.webp","type":"image\/webp"}],"twitter_card":"summary_large_image","twitter_misc":{"Est. reading time":"1 minute"},"schema":{"@context":"https:\/\/schema.org","@graph":[{"@type":"WebPage","@id":"https:\/\/giatsu.com\/pt\/aerothermia\/bombas-de-calor-aerothermia\/eco-thermal-bombas-de-calor-aerothermia\/monobloco-eco-termico\/","url":"https:\/\/giatsu.com\/pt\/aerothermia\/bombas-de-calor-aerothermia\/eco-thermal-bombas-de-calor-aerothermia\/monobloco-eco-termico\/","name":"Monobloco Giatsu Eco-thermal","isPartOf":{"@id":"https:\/\/giatsu.com\/es\/#website"},"primaryImageOfPage":{"@id":"https:\/\/giatsu.com\/pt\/aerothermia\/bombas-de-calor-aerothermia\/eco-thermal-bombas-de-calor-aerothermia\/monobloco-eco-termico\/#primaryimage"},"image":{"@id":"https:\/\/giatsu.com\/pt\/aerothermia\/bombas-de-calor-aerothermia\/eco-thermal-bombas-de-calor-aerothermia\/monobloco-eco-termico\/#primaryimage"},"thumbnailUrl":"https:\/\/giatsu.com\/wp-content\/uploads\/2023\/08\/monoblock5-d80b24.webp","datePublished":"2023-06-06T07:03:09+00:00","dateModified":"2025-04-16T09:53:02+00:00","description":"Com tecnologia de ponta, esta bomba de calor \u00e9 capaz de aproveitar 75% da energia do ar exterior para lhe fornecer aquecimento no inverno e arrefecimento no ver\u00e3o, bem como AQS.","breadcrumb":{"@id":"https:\/\/giatsu.com\/pt\/aerothermia\/bombas-de-calor-aerothermia\/eco-thermal-bombas-de-calor-aerothermia\/monobloco-eco-termico\/#breadcrumb"},"inLanguage":"pt","potentialAction":[{"@type":"ReadAction","target":["https:\/\/giatsu.com\/pt\/aerothermia\/bombas-de-calor-aerothermia\/eco-thermal-bombas-de-calor-aerothermia\/monobloco-eco-termico\/"]}]},{"@type":"ImageObject","inLanguage":"pt","@id":"https:\/\/giatsu.com\/pt\/aerothermia\/bombas-de-calor-aerothermia\/eco-thermal-bombas-de-calor-aerothermia\/monobloco-eco-termico\/#primaryimage","url":"https:\/\/giatsu.com\/wp-content\/uploads\/2023\/08\/monoblock5-d80b24.webp","contentUrl":"https:\/\/giatsu.com\/wp-content\/uploads\/2023\/08\/monoblock5-d80b24.webp","width":800,"height":800},{"@type":"BreadcrumbList","@id":"https:\/\/giatsu.com\/pt\/aerothermia\/bombas-de-calor-aerothermia\/eco-thermal-bombas-de-calor-aerothermia\/monobloco-eco-termico\/#breadcrumb","itemListElement":[{"@type":"ListItem","position":1,"name":"Home","item":"https:\/\/giatsu.com\/es\/"},{"@type":"ListItem","position":2,"name":"PRODUCTOS","item":"https:\/\/giatsu.com\/es\/productos\/"},{"@type":"ListItem","position":3,"name":"MONOBLOCO ECO-T\u00c9RMICO"}]},{"@type":"WebSite","@id":"https:\/\/giatsu.com\/es\/#website","url":"https:\/\/giatsu.com\/es\/","name":"GIATSU","description":"Quality Comfort Everywhere","potentialAction":[{"@type":"SearchAction","target":{"@type":"EntryPoint","urlTemplate":"https:\/\/giatsu.com\/es\/?s={search_term_string}"},"query-input":{"@type":"PropertyValueSpecification","valueRequired":true,"valueName":"search_term_string"}}],"inLanguage":"pt"}]}},"_links":{"self":[{"href":"https:\/\/giatsu.com\/pt\/wp-json\/wp\/v2\/product\/12490","targetHints":{"allow":["GET"]}}],"collection":[{"href":"https:\/\/giatsu.com\/pt\/wp-json\/wp\/v2\/product"}],"about":[{"href":"https:\/\/giatsu.com\/pt\/wp-json\/wp\/v2\/types\/product"}],"wp:featuredmedia":[{"embeddable":true,"href":"https:\/\/giatsu.com\/pt\/wp-json\/wp\/v2\/media\/12493"}],"wp:attachment":[{"href":"https:\/\/giatsu.com\/pt\/wp-json\/wp\/v2\/media?parent=12490"}],"wp:term":[{"taxonomy":"product_brand","embeddable":true,"href":"https:\/\/giatsu.com\/pt\/wp-json\/wp\/v2\/product_brand?post=12490"},{"taxonomy":"product_cat","embeddable":true,"href":"https:\/\/giatsu.com\/pt\/wp-json\/wp\/v2\/product_cat?post=12490"},{"taxonomy":"product_tag","embeddable":true,"href":"https:\/\/giatsu.com\/pt\/wp-json\/wp\/v2\/product_tag?post=12490"}],"curies":[{"name":"wp","href":"https:\/\/api.w.org\/{rel}","templated":true}]}}