{"id":12482,"date":"2023-06-06T07:03:07","date_gmt":"2023-06-06T07:03:07","guid":{"rendered":"https:\/\/giatsu.com\/?post_type=product&#038;p=12482"},"modified":"2025-04-16T10:00:19","modified_gmt":"2025-04-16T10:00:19","slug":"parede-bibloco-eco-termica","status":"publish","type":"product","link":"https:\/\/giatsu.com\/pt\/aerothermia\/bombas-de-calor-aerothermia\/eco-thermal-bombas-de-calor-aerothermia\/parede-bibloco-eco-termica\/","title":{"rendered":"PAREDE BIBLOCO ECO-T\u00c9RMICA"},"content":{"rendered":"<div class=\"wpb-content-wrapper\"><div class=\"container mb-1 moduloprincipalespictos\">\n<h2 class=\"text-center tituloprincipales\">Caracter\u00edsticas principales<\/h2>\n<div class=\"row row-cols-1 row-cols-md-2 row-cols-xl-3\">\n<div class=\"col-xs-6 col-md-3 order-last\">\n<div class=\"card\">\n                            <img decoding=\"async\" class=\"card-img-top w-100 d-block fit-cover pictoprincipalgrande\" src=\"https:\/\/giatsu.com\/wp-content\/uploads\/2023\/08\/wifi-incluido-cb8169.webp\" \/><\/p>\n<div class=\"card-body p-4\">\n<h3 class=\"font-weight-bold card-title\">WiFi inclu\u00eddo<\/h3>\n<p class=\"card-text\">Atrav\u00e9s do aplicativo GIApp voc\u00ea pode controlar o equipamento a partir de um smartphone, tablet ou por voz com Alexa e Google Home.<\/p>\n<\/p><\/div><\/div><\/div>\n<div class=\"col-xs-6 col-md-3 order-last\">\n<div class=\"card\">\n                            <img decoding=\"async\" class=\"card-img-top w-100 d-block fit-cover pictoprincipalgrande\" src=\"https:\/\/giatsu.com\/wp-content\/uploads\/2023\/08\/r32-58a8d5.webp\" \/><\/p>\n<div class=\"card-body p-4\">\n<h3 class=\"font-weight-bold card-title\">Refrigerante R32<\/h3>\n<p class=\"card-text\">O g\u00e1s R32 tem um \u00edndice muito baixo de Potencial de Aquecimento Atmosf\u00e9rico (AWP), alta efici\u00eancia e pot\u00eancia de arrefecimento.<\/p>\n<\/p><\/div><\/div><\/div>\n<div class=\"col-xs-6 col-md-3 order-last\">\n<div class=\"card\">\n                            <img decoding=\"async\" class=\"card-img-top w-100 d-block fit-cover pictoprincipalgrande\" src=\"https:\/\/giatsu.com\/wp-content\/uploads\/2023\/06\/tecnologia_inverter-495dd8.webp\" \/><\/p>\n<div class=\"card-body p-4\">\n<h3 class=\"font-weight-bold card-title\">Tecnologia inverter<\/h3>\n<p class=\"card-text\">Ao operar o compressor continuamente, uma economia de energia de at\u00e9 50% \u00e9 alcan\u00e7ada em compara\u00e7\u00e3o com o equipamento convencional.<\/p>\n<\/p><\/div><\/div><\/div>\n<div class=\"col-xs-6 col-md-3 order-last\">\n<div class=\"card\">\n                            <img decoding=\"async\" class=\"card-img-top w-100 d-block fit-cover pictoprincipalgrande\" src=\"https:\/\/giatsu.com\/wp-content\/uploads\/2023\/08\/control-remoto-6dcd21.webp\" \/><\/p>\n<div class=\"card-body p-4\">\n<h3 class=\"font-weight-bold card-title\">Controle remoto<\/h3>\n<p class=\"card-text\">Incorpora de s\u00e9rie um comando \u00e0 dist\u00e2ncia que permite o controlo de diferentes par\u00e2metros das unidades interiores.<\/p>\n<\/p><\/div><\/div><\/div>\n<div class=\"col-xs-6 col-md-3 order-last\">\n<div class=\"card\">\n                            <img decoding=\"async\" class=\"card-img-top w-100 d-block fit-cover pictoprincipalgrande\" src=\"https:\/\/giatsu.com\/wp-content\/uploads\/2023\/08\/modo-frio-y-calor-fde88b.webp\" \/><\/p>\n<div class=\"card-body p-4\">\n<h3 class=\"font-weight-bold card-title\">Modo frio\/calor<\/h3>\n<p class=\"card-text\">A unidade \u00e9 capaz de fornecer ar condicionado e aquecimento.<\/p>\n<\/p><\/div><\/div><\/div><\/div><\/div>\n<hr>\n<p>        [vc_row mobile_bg_img_hidden=&#8221;no&#8221; tablet_bg_img_hidden=&#8221;no&#8221; woodmart_parallax=&#8221;0&#8243; woodmart_gradient_switch=&#8221;no&#8221; row_reverse_mobile=&#8221;0&#8243; row_reverse_tablet=&#8221;0&#8243; woodmart_disable_overflow=&#8221;0&#8243; el_class=&#8221;filaImgCaracteristica&#8221;][vc_column mobile_bg_img_hidden=&#8221;no&#8221; tablet_bg_img_hidden=&#8221;no&#8221; woodmart_parallax=&#8221;0&#8243; woodmart_sticky_column=&#8221;false&#8221; parallax_scroll=&#8221;no&#8221; mobile_reset_margin=&#8221;no&#8221; tablet_reset_margin=&#8221;no&#8221;]<\/p>\n<div class=\"container mb-1\">\n<h3 class=\"text-center\">Informaci\u00f3n t\u00e9cnica<\/h3>\n<div class=\"row row-cols-1 row-cols-md-2 row-cols-xl-3 justify-content-md-center\">\n<div class=\"col-xs-1 col-md-1\">\n<div class=\"card\">\n                            <img decoding=\"async\" class=\"card-img-top w-100 d-block fit-cover pictoprincipalgrande\" src=\"https:\/\/giatsu.com\/wp-content\/uploads\/2023\/08\/rango_temperatura_configurable-aaef04.webp\" \/><\/p>\n<div class=\"card-body p-4\">\n<h4 class=\"card-text textospictospeques\">Faixa de temperatura configur\u00c3\u00a1vel<\/h4>\n<\/p><\/div><\/div><\/div>\n<div class=\"col-xs-1 col-md-1\">\n<div class=\"card\">\n                            <img decoding=\"async\" class=\"card-img-top w-100 d-block fit-cover pictoprincipalgrande\" src=\"https:\/\/giatsu.com\/wp-content\/uploads\/2023\/08\/varios_modos_funcionamiento-70148e.webp\" \/><\/p>\n<div class=\"card-body p-4\">\n<h4 class=\"card-text textospictospeques\">V\u00c3\u00a1rios modos de opera\u00c3\u00a7\u00c3\u00a3o<\/h4>\n<\/p><\/div><\/div><\/div>\n<div class=\"col-xs-1 col-md-1\">\n<div class=\"card\">\n                            <img decoding=\"async\" class=\"card-img-top w-100 d-block fit-cover pictoprincipalgrande\" src=\"https:\/\/giatsu.com\/wp-content\/uploads\/2023\/08\/smart_grid-c6ddd4.webp\" \/><\/p>\n<div class=\"card-body p-4\">\n<h4 class=\"card-text textospictospeques\">Smart grid<\/h4>\n<\/p><\/div><\/div><\/div>\n<div class=\"col-xs-1 col-md-1\">\n<div class=\"card\">\n                            <img decoding=\"async\" class=\"card-img-top w-100 d-block fit-cover pictoprincipalgrande\" src=\"https:\/\/giatsu.com\/wp-content\/uploads\/2023\/08\/proteccion_elevada-a5a0e1.webp\" \/><\/p>\n<div class=\"card-body p-4\">\n<h4 class=\"card-text textospictospeques\">Alta prote\u00e7\u00e3o<\/h4>\n<\/p><\/div><\/div><\/div>\n<div class=\"col-xs-1 col-md-1\">\n<div class=\"card\">\n                            <img decoding=\"async\" class=\"card-img-top w-100 d-block fit-cover pictoprincipalgrande\" src=\"https:\/\/giatsu.com\/wp-content\/uploads\/2023\/08\/funcion_anti-legionela-ce85aa.webp\" \/><\/p>\n<div class=\"card-body p-4\">\n<h4 class=\"card-text textospictospeques\">Fun\u00e7\u00e3o anti-legionela<\/h4>\n<\/p><\/div><\/div><\/div>\n<div class=\"col-xs-1 col-md-1\">\n<div class=\"card\">\n                            <img decoding=\"async\" class=\"card-img-top w-100 d-block fit-cover pictoprincipalgrande\" src=\"https:\/\/giatsu.com\/wp-content\/uploads\/2023\/08\/amplio_rango_de_funcionamiento2-22fb93.webp\" \/><\/p>\n<div class=\"card-body p-4\">\n<h4 class=\"card-text textospictospeques\">Ampla faixa de opera\u00c3\u00a7\u00c3\u00a3o<\/h4>\n<\/p><\/div><\/div><\/div><\/div><\/div>\n<div class=\"row justify-content-md-center\">\n<div class=\"vc_btn3-container vc_btn3-inline\" id=\"botonDescargarFicha\">\n                        <a target=\"_blank\" class=\"btn btn-light border rounded-4 botondescarga\" href=\"https:\/\/giatsu.com\/documentacion\/\/giatsu-fichas-tecnicas-ecothermal-eco-thermal-plus+-portugues.pdf\" title=\"\">Baixar planilha<\/a>\n                 <\/div><\/div>\n<div class=\"row\">\n<hr>\n<div class=\"col text-center\"><a target=\"_blank\" href=\"https:\/\/giatsu.com\/documentacion\/\/giatsu-manual-de-usuario-e-instalacion-ecothermal-eco-thermal-plus+-multiidioma.pdf\" class=\"btn btn-light border rounded-4 botonDescargaManual botondescarga\">Manual de usu\u00e1rio<\/a><\/div>\n<hr>\n<\/div>\n<\/div>","protected":false},"excerpt":{"rendered":"<p>O <strong>Giatsu Eco-Thermal Biblock Mural<\/strong> &eacute; a escolha perfeita para quem procura uma solu&ccedil;&atilde;o de ar condicionado eficiente e sustent&aacute;vel.<\/p>\n<p>Com o seu design compacto e caracter&iacute;sticas inovadoras, esta unidade combina um desempenho excecional com uma elevada efici&ecirc;ncia energ&eacute;tica.<\/p>\n<p>Caracter&iacute;sticas de destaque:<\/p>\n<ul>\n<li><strong>Tecnologia Full DC Inverter:<\/strong> Equipada com a avan&ccedil;ada tecnologia Full DC Inverter, garante um desempenho ideal e um controlo preciso da temperatura. Esta tecnologia permite que a velocidade do compressor seja ajustada automaticamente para se adaptar &agrave;s necessidades de arrefecimento ou aquecimento, resultando num funcionamento eficiente e em poupan&ccedil;a de energia.<\/li>\n<li><strong>Elevada efici&ecirc;ncia energ&eacute;tica:<\/strong> Gra&ccedil;as ao seu design e componentes de elevada qualidade, oferece uma efici&ecirc;ncia energ&eacute;tica extraordin&aacute;ria. Isto traduz-se num menor consumo de energia e em poupan&ccedil;as significativas a longo prazo.<\/li>\n<li><strong>Compat&iacute;vel com sistemas solares t&eacute;rmicos e fotovoltaicos: <\/strong>Este sistema de ar condicionado &eacute; <strong>compat&iacute;vel com sistemas solares<\/strong> t&eacute;rmicos e fotovoltaicos, permitindo-lhe tirar o m&aacute;ximo partido das fontes de energia renov&aacute;veis. Tire partido do sol para aquecer a sua casa e reduza ainda mais a sua pegada de carbono, criando um ambiente mais sustent&aacute;vel e amigo do ambiente.<\/li>\n<li>Aquecedor<strong>el&eacute;trico de s&eacute;rie:<\/strong> Vem equipado com um aquecedor el&eacute;trico de s&eacute;rie, dando-lhe a op&ccedil;&atilde;o de o utilizar como reserva, se necess&aacute;rio. Isto d&aacute;-lhe maior flexibilidade e tranquilidade, uma vez que pode contar com uma fonte de calor adicional em situa&ccedil;&otilde;es excepcionais.<\/li>\n<li><strong>Conectividade Wi-Fi inclu&iacute;da:<\/strong> Desfrute de comodidade e controlo total sobre o seu sistema de climatiza&ccedil;&atilde;o com a conetividade Wi-Fi inclu&iacute;da. Poder&aacute; controlar e programar o seu Eco-Thermal Biblock Mural a partir de qualquer lugar atrav&eacute;s do seu dispositivo m&oacute;vel, garantindo que tem sempre um ambiente confort&aacute;vel quando precisa.<\/li>\n<\/ul>\n<p>Pot&ecirc;ncias dispon&iacute;veis: 4KW, 6 KW, 8KW, 10KW, 12KW, 14KW e 16 KW<\/p>\n<div class='divPictosEnergia'>[vc_single_image image=&#8217;10505&#8242; alignment=&#8217;center&#8217; woodmart_inline=&#8217;no&#8217; parallax_scroll=&#8217;no&#8217; el_class=&#8217;imgEnergia&#8217; img_size=&#8217;72&#215;36&#8242;][vc_single_image image=&#8217;10510&#8242; alignment=&#8217;center&#8217; woodmart_inline=&#8217;no&#8217; parallax_scroll=&#8217;no&#8217; el_class=&#8217;imgEnergia&#8217; img_size=&#8217;72&#215;36&#8242;]<\/div>\n<div class='pictosvoz'>[vc_single_image image=&#8217;13599&#8242; alignment=&#8217;center&#8217; woodmart_inline=&#8217;no&#8217; parallax_scroll=&#8217;no&#8217; el_class=&#8217;imgEnergia&#8217; img_size=&#8217;65&#215;65&#8242;][vc_single_image image=&#8217;13604&#8242; alignment=&#8217;center&#8217; woodmart_inline=&#8217;no&#8217; parallax_scroll=&#8217;no&#8217; el_class=&#8217;imgEnergia&#8217; img_size=&#8217;65&#215;65&#8242;]<\/div>\n","protected":false},"featured_media":12486,"template":"","meta":{"_monsterinsights_skip_tracking":false,"_monsterinsights_sitenote_active":false,"_monsterinsights_sitenote_note":"","_monsterinsights_sitenote_category":0},"product_brand":[],"product_cat":[739,833],"product_tag":[],"class_list":{"0":"post-12482","1":"product","2":"type-product","3":"status-publish","4":"has-post-thumbnail","6":"product_cat-bombas-de-calor-aerothermia","7":"product_cat-eco-thermal-bombas-de-calor-aerothermia","9":"first","10":"instock","11":"shipping-taxable","12":"product-type-simple"},"yoast_head":"<!-- This site is optimized with the Yoast SEO plugin v27.4 - https:\/\/yoast.com\/product\/yoast-seo-wordpress\/ -->\n<title>PAREDE BIBLOCO ECO-T\u00c9RMICA<\/title>\n<meta name=\"description\" content=\"O Giatsu Eco-Thermal Biblock Mural \u00e9 a escolha perfeita para quem procura uma solu\u00e7\u00e3o de ar condicionado eficiente e sustent\u00e1vel. Com o seu design compacto e caracter\u00edsticas inovadoras, esta unidade combina um desempenho excecional com uma elevada efici\u00eancia energ\u00e9tica, tudo com a conveni\u00eancia da conetividade Wi-Fi inclu\u00edda.\" \/>\n<meta name=\"robots\" content=\"index, follow, max-snippet:-1, max-image-preview:large, max-video-preview:-1\" \/>\n<link rel=\"canonical\" href=\"https:\/\/giatsu.com\/pt\/aerothermia\/bombas-de-calor-aerothermia\/eco-thermal-bombas-de-calor-aerothermia\/parede-bibloco-eco-termica\/\" \/>\n<meta property=\"og:locale\" content=\"pt_PT\" \/>\n<meta property=\"og:type\" content=\"article\" \/>\n<meta property=\"og:title\" content=\"PAREDE BIBLOCO ECO-T\u00c9RMICA\" \/>\n<meta property=\"og:description\" content=\"O Giatsu Eco-Thermal Biblock Mural \u00e9 a escolha perfeita para quem procura uma solu\u00e7\u00e3o de ar condicionado eficiente e sustent\u00e1vel. Com o seu design compacto e caracter\u00edsticas inovadoras, esta unidade combina um desempenho excecional com uma elevada efici\u00eancia energ\u00e9tica, tudo com a conveni\u00eancia da conetividade Wi-Fi inclu\u00edda.\" \/>\n<meta property=\"og:url\" content=\"https:\/\/giatsu.com\/pt\/aerothermia\/bombas-de-calor-aerothermia\/eco-thermal-bombas-de-calor-aerothermia\/parede-bibloco-eco-termica\/\" \/>\n<meta property=\"og:site_name\" content=\"GIATSU\" \/>\n<meta property=\"article:modified_time\" content=\"2025-04-16T10:00:19+00:00\" \/>\n<meta property=\"og:image\" content=\"https:\/\/giatsu.com\/wp-content\/uploads\/2023\/08\/biblock-mural4-c9ebd3.webp\" \/>\n\t<meta property=\"og:image:width\" content=\"800\" \/>\n\t<meta property=\"og:image:height\" content=\"800\" \/>\n\t<meta property=\"og:image:type\" content=\"image\/webp\" \/>\n<meta name=\"twitter:card\" content=\"summary_large_image\" \/>\n<meta name=\"twitter:label1\" content=\"Est. reading time\" \/>\n\t<meta name=\"twitter:data1\" content=\"1 minute\" \/>\n<script type=\"application\/ld+json\" class=\"yoast-schema-graph\">{\"@context\":\"https:\\\/\\\/schema.org\",\"@graph\":[{\"@type\":\"WebPage\",\"@id\":\"https:\\\/\\\/giatsu.com\\\/pt\\\/aerothermia\\\/bombas-de-calor-aerothermia\\\/eco-thermal-bombas-de-calor-aerothermia\\\/parede-bibloco-eco-termica\\\/\",\"url\":\"https:\\\/\\\/giatsu.com\\\/pt\\\/aerothermia\\\/bombas-de-calor-aerothermia\\\/eco-thermal-bombas-de-calor-aerothermia\\\/parede-bibloco-eco-termica\\\/\",\"name\":\"PAREDE BIBLOCO ECO-T\u00c9RMICA\",\"isPartOf\":{\"@id\":\"https:\\\/\\\/giatsu.com\\\/es\\\/#website\"},\"primaryImageOfPage\":{\"@id\":\"https:\\\/\\\/giatsu.com\\\/pt\\\/aerothermia\\\/bombas-de-calor-aerothermia\\\/eco-thermal-bombas-de-calor-aerothermia\\\/parede-bibloco-eco-termica\\\/#primaryimage\"},\"image\":{\"@id\":\"https:\\\/\\\/giatsu.com\\\/pt\\\/aerothermia\\\/bombas-de-calor-aerothermia\\\/eco-thermal-bombas-de-calor-aerothermia\\\/parede-bibloco-eco-termica\\\/#primaryimage\"},\"thumbnailUrl\":\"https:\\\/\\\/giatsu.com\\\/wp-content\\\/uploads\\\/2023\\\/08\\\/biblock-mural4-c9ebd3.webp\",\"datePublished\":\"2023-06-06T07:03:07+00:00\",\"dateModified\":\"2025-04-16T10:00:19+00:00\",\"description\":\"O Giatsu Eco-Thermal Biblock Mural \u00e9 a escolha perfeita para quem procura uma solu\u00e7\u00e3o de ar condicionado eficiente e sustent\u00e1vel. Com o seu design compacto e caracter\u00edsticas inovadoras, esta unidade combina um desempenho excecional com uma elevada efici\u00eancia energ\u00e9tica, tudo com a conveni\u00eancia da conetividade Wi-Fi inclu\u00edda.\",\"breadcrumb\":{\"@id\":\"https:\\\/\\\/giatsu.com\\\/pt\\\/aerothermia\\\/bombas-de-calor-aerothermia\\\/eco-thermal-bombas-de-calor-aerothermia\\\/parede-bibloco-eco-termica\\\/#breadcrumb\"},\"inLanguage\":\"pt\",\"potentialAction\":[{\"@type\":\"ReadAction\",\"target\":[\"https:\\\/\\\/giatsu.com\\\/pt\\\/aerothermia\\\/bombas-de-calor-aerothermia\\\/eco-thermal-bombas-de-calor-aerothermia\\\/parede-bibloco-eco-termica\\\/\"]}]},{\"@type\":\"ImageObject\",\"inLanguage\":\"pt\",\"@id\":\"https:\\\/\\\/giatsu.com\\\/pt\\\/aerothermia\\\/bombas-de-calor-aerothermia\\\/eco-thermal-bombas-de-calor-aerothermia\\\/parede-bibloco-eco-termica\\\/#primaryimage\",\"url\":\"https:\\\/\\\/giatsu.com\\\/wp-content\\\/uploads\\\/2023\\\/08\\\/biblock-mural4-c9ebd3.webp\",\"contentUrl\":\"https:\\\/\\\/giatsu.com\\\/wp-content\\\/uploads\\\/2023\\\/08\\\/biblock-mural4-c9ebd3.webp\",\"width\":800,\"height\":800},{\"@type\":\"BreadcrumbList\",\"@id\":\"https:\\\/\\\/giatsu.com\\\/pt\\\/aerothermia\\\/bombas-de-calor-aerothermia\\\/eco-thermal-bombas-de-calor-aerothermia\\\/parede-bibloco-eco-termica\\\/#breadcrumb\",\"itemListElement\":[{\"@type\":\"ListItem\",\"position\":1,\"name\":\"Home\",\"item\":\"https:\\\/\\\/giatsu.com\\\/es\\\/\"},{\"@type\":\"ListItem\",\"position\":2,\"name\":\"PRODUCTOS\",\"item\":\"https:\\\/\\\/giatsu.com\\\/es\\\/productos\\\/\"},{\"@type\":\"ListItem\",\"position\":3,\"name\":\"PAREDE BIBLOCO ECO-T\u00c9RMICA\"}]},{\"@type\":\"WebSite\",\"@id\":\"https:\\\/\\\/giatsu.com\\\/es\\\/#website\",\"url\":\"https:\\\/\\\/giatsu.com\\\/es\\\/\",\"name\":\"GIATSU\",\"description\":\"Quality Comfort Everywhere\",\"potentialAction\":[{\"@type\":\"SearchAction\",\"target\":{\"@type\":\"EntryPoint\",\"urlTemplate\":\"https:\\\/\\\/giatsu.com\\\/es\\\/?s={search_term_string}\"},\"query-input\":{\"@type\":\"PropertyValueSpecification\",\"valueRequired\":true,\"valueName\":\"search_term_string\"}}],\"inLanguage\":\"pt\"}]}<\/script>\n<!-- \/ Yoast SEO plugin. -->","yoast_head_json":{"title":"PAREDE BIBLOCO ECO-T\u00c9RMICA","description":"O Giatsu Eco-Thermal Biblock Mural \u00e9 a escolha perfeita para quem procura uma solu\u00e7\u00e3o de ar condicionado eficiente e sustent\u00e1vel. Com o seu design compacto e caracter\u00edsticas inovadoras, esta unidade combina um desempenho excecional com uma elevada efici\u00eancia energ\u00e9tica, tudo com a conveni\u00eancia da conetividade Wi-Fi inclu\u00edda.","robots":{"index":"index","follow":"follow","max-snippet":"max-snippet:-1","max-image-preview":"max-image-preview:large","max-video-preview":"max-video-preview:-1"},"canonical":"https:\/\/giatsu.com\/pt\/aerothermia\/bombas-de-calor-aerothermia\/eco-thermal-bombas-de-calor-aerothermia\/parede-bibloco-eco-termica\/","og_locale":"pt_PT","og_type":"article","og_title":"PAREDE BIBLOCO ECO-T\u00c9RMICA","og_description":"O Giatsu Eco-Thermal Biblock Mural \u00e9 a escolha perfeita para quem procura uma solu\u00e7\u00e3o de ar condicionado eficiente e sustent\u00e1vel. Com o seu design compacto e caracter\u00edsticas inovadoras, esta unidade combina um desempenho excecional com uma elevada efici\u00eancia energ\u00e9tica, tudo com a conveni\u00eancia da conetividade Wi-Fi inclu\u00edda.","og_url":"https:\/\/giatsu.com\/pt\/aerothermia\/bombas-de-calor-aerothermia\/eco-thermal-bombas-de-calor-aerothermia\/parede-bibloco-eco-termica\/","og_site_name":"GIATSU","article_modified_time":"2025-04-16T10:00:19+00:00","og_image":[{"width":800,"height":800,"url":"https:\/\/giatsu.com\/wp-content\/uploads\/2023\/08\/biblock-mural4-c9ebd3.webp","type":"image\/webp"}],"twitter_card":"summary_large_image","twitter_misc":{"Est. reading time":"1 minute"},"schema":{"@context":"https:\/\/schema.org","@graph":[{"@type":"WebPage","@id":"https:\/\/giatsu.com\/pt\/aerothermia\/bombas-de-calor-aerothermia\/eco-thermal-bombas-de-calor-aerothermia\/parede-bibloco-eco-termica\/","url":"https:\/\/giatsu.com\/pt\/aerothermia\/bombas-de-calor-aerothermia\/eco-thermal-bombas-de-calor-aerothermia\/parede-bibloco-eco-termica\/","name":"PAREDE BIBLOCO ECO-T\u00c9RMICA","isPartOf":{"@id":"https:\/\/giatsu.com\/es\/#website"},"primaryImageOfPage":{"@id":"https:\/\/giatsu.com\/pt\/aerothermia\/bombas-de-calor-aerothermia\/eco-thermal-bombas-de-calor-aerothermia\/parede-bibloco-eco-termica\/#primaryimage"},"image":{"@id":"https:\/\/giatsu.com\/pt\/aerothermia\/bombas-de-calor-aerothermia\/eco-thermal-bombas-de-calor-aerothermia\/parede-bibloco-eco-termica\/#primaryimage"},"thumbnailUrl":"https:\/\/giatsu.com\/wp-content\/uploads\/2023\/08\/biblock-mural4-c9ebd3.webp","datePublished":"2023-06-06T07:03:07+00:00","dateModified":"2025-04-16T10:00:19+00:00","description":"O Giatsu Eco-Thermal Biblock Mural \u00e9 a escolha perfeita para quem procura uma solu\u00e7\u00e3o de ar condicionado eficiente e sustent\u00e1vel. Com o seu design compacto e caracter\u00edsticas inovadoras, esta unidade combina um desempenho excecional com uma elevada efici\u00eancia energ\u00e9tica, tudo com a conveni\u00eancia da conetividade Wi-Fi inclu\u00edda.","breadcrumb":{"@id":"https:\/\/giatsu.com\/pt\/aerothermia\/bombas-de-calor-aerothermia\/eco-thermal-bombas-de-calor-aerothermia\/parede-bibloco-eco-termica\/#breadcrumb"},"inLanguage":"pt","potentialAction":[{"@type":"ReadAction","target":["https:\/\/giatsu.com\/pt\/aerothermia\/bombas-de-calor-aerothermia\/eco-thermal-bombas-de-calor-aerothermia\/parede-bibloco-eco-termica\/"]}]},{"@type":"ImageObject","inLanguage":"pt","@id":"https:\/\/giatsu.com\/pt\/aerothermia\/bombas-de-calor-aerothermia\/eco-thermal-bombas-de-calor-aerothermia\/parede-bibloco-eco-termica\/#primaryimage","url":"https:\/\/giatsu.com\/wp-content\/uploads\/2023\/08\/biblock-mural4-c9ebd3.webp","contentUrl":"https:\/\/giatsu.com\/wp-content\/uploads\/2023\/08\/biblock-mural4-c9ebd3.webp","width":800,"height":800},{"@type":"BreadcrumbList","@id":"https:\/\/giatsu.com\/pt\/aerothermia\/bombas-de-calor-aerothermia\/eco-thermal-bombas-de-calor-aerothermia\/parede-bibloco-eco-termica\/#breadcrumb","itemListElement":[{"@type":"ListItem","position":1,"name":"Home","item":"https:\/\/giatsu.com\/es\/"},{"@type":"ListItem","position":2,"name":"PRODUCTOS","item":"https:\/\/giatsu.com\/es\/productos\/"},{"@type":"ListItem","position":3,"name":"PAREDE BIBLOCO ECO-T\u00c9RMICA"}]},{"@type":"WebSite","@id":"https:\/\/giatsu.com\/es\/#website","url":"https:\/\/giatsu.com\/es\/","name":"GIATSU","description":"Quality Comfort Everywhere","potentialAction":[{"@type":"SearchAction","target":{"@type":"EntryPoint","urlTemplate":"https:\/\/giatsu.com\/es\/?s={search_term_string}"},"query-input":{"@type":"PropertyValueSpecification","valueRequired":true,"valueName":"search_term_string"}}],"inLanguage":"pt"}]}},"_links":{"self":[{"href":"https:\/\/giatsu.com\/pt\/wp-json\/wp\/v2\/product\/12482","targetHints":{"allow":["GET"]}}],"collection":[{"href":"https:\/\/giatsu.com\/pt\/wp-json\/wp\/v2\/product"}],"about":[{"href":"https:\/\/giatsu.com\/pt\/wp-json\/wp\/v2\/types\/product"}],"wp:featuredmedia":[{"embeddable":true,"href":"https:\/\/giatsu.com\/pt\/wp-json\/wp\/v2\/media\/12486"}],"wp:attachment":[{"href":"https:\/\/giatsu.com\/pt\/wp-json\/wp\/v2\/media?parent=12482"}],"wp:term":[{"taxonomy":"product_brand","embeddable":true,"href":"https:\/\/giatsu.com\/pt\/wp-json\/wp\/v2\/product_brand?post=12482"},{"taxonomy":"product_cat","embeddable":true,"href":"https:\/\/giatsu.com\/pt\/wp-json\/wp\/v2\/product_cat?post=12482"},{"taxonomy":"product_tag","embeddable":true,"href":"https:\/\/giatsu.com\/pt\/wp-json\/wp\/v2\/product_tag?post=12482"}],"curies":[{"name":"wp","href":"https:\/\/api.w.org\/{rel}","templated":true}]}}