{"id":12472,"date":"2023-06-06T07:03:04","date_gmt":"2023-06-06T07:03:04","guid":{"rendered":"https:\/\/giatsu.com\/?post_type=product&#038;p=12472"},"modified":"2025-04-16T10:12:14","modified_gmt":"2025-04-16T10:12:14","slug":"bibloco-eco-termico-integrado","status":"publish","type":"product","link":"https:\/\/giatsu.com\/pt\/aerothermia\/bombas-de-calor-aerothermia\/eco-thermal-bombas-de-calor-aerothermia\/bibloco-eco-termico-integrado\/","title":{"rendered":"BIBLOCO ECO-T\u00c9RMICO INTEGRADO"},"content":{"rendered":"<div class=\"wpb-content-wrapper\"><div class=\"container mb-1 moduloprincipalespictos\">\n<h2 class=\"text-center tituloprincipales\">Caracter\u00edsticas principales<\/h2>\n<div class=\"row row-cols-1 row-cols-md-2 row-cols-xl-3\">\n<div class=\"col-xs-6 col-md-3 order-last\">\n<div class=\"card\">\n                            <img decoding=\"async\" class=\"card-img-top w-100 d-block fit-cover pictoprincipalgrande\" src=\"https:\/\/giatsu.com\/wp-content\/uploads\/2023\/08\/wifi-incluido-cb8169.webp\" \/><\/p>\n<div class=\"card-body p-4\">\n<h3 class=\"font-weight-bold card-title\">WiFi inclu\u00eddo<\/h3>\n<p class=\"card-text\">Atrav\u00e9s do aplicativo GIApp voc\u00ea pode controlar o equipamento a partir de um smartphone, tablet ou por voz com Alexa e Google Home.<\/p>\n<\/p><\/div><\/div><\/div>\n<div class=\"col-xs-6 col-md-3 order-last\">\n<div class=\"card\">\n                            <img decoding=\"async\" class=\"card-img-top w-100 d-block fit-cover pictoprincipalgrande\" src=\"https:\/\/giatsu.com\/wp-content\/uploads\/2023\/08\/r32-58a8d5.webp\" \/><\/p>\n<div class=\"card-body p-4\">\n<h3 class=\"font-weight-bold card-title\">Refrigerante R32<\/h3>\n<p class=\"card-text\">O g\u00e1s R32 tem um \u00edndice muito baixo de Potencial de Aquecimento Atmosf\u00e9rico (AWP), alta efici\u00eancia e pot\u00eancia de arrefecimento.<\/p>\n<\/p><\/div><\/div><\/div>\n<div class=\"col-xs-6 col-md-3 order-last\">\n<div class=\"card\">\n                            <img decoding=\"async\" class=\"card-img-top w-100 d-block fit-cover pictoprincipalgrande\" src=\"https:\/\/giatsu.com\/wp-content\/uploads\/2023\/06\/tecnologia_inverter-495dd8.webp\" \/><\/p>\n<div class=\"card-body p-4\">\n<h3 class=\"font-weight-bold card-title\">Tecnologia inverter<\/h3>\n<p class=\"card-text\">Ao operar o compressor continuamente, uma economia de energia de at\u00e9 50% \u00e9 alcan\u00e7ada em compara\u00e7\u00e3o com o equipamento convencional.<\/p>\n<\/p><\/div><\/div><\/div>\n<div class=\"col-xs-6 col-md-3 order-last\">\n<div class=\"card\">\n                            <img decoding=\"async\" class=\"card-img-top w-100 d-block fit-cover pictoprincipalgrande\" src=\"https:\/\/giatsu.com\/wp-content\/uploads\/2023\/08\/control-remoto-6dcd21.webp\" \/><\/p>\n<div class=\"card-body p-4\">\n<h3 class=\"font-weight-bold card-title\">Controle remoto<\/h3>\n<p class=\"card-text\">Incorpora de s\u00e9rie um comando \u00e0 dist\u00e2ncia que permite o controlo de diferentes par\u00e2metros das unidades interiores.<\/p>\n<\/p><\/div><\/div><\/div>\n<div class=\"col-xs-6 col-md-3 order-last\">\n<div class=\"card\">\n                            <img decoding=\"async\" class=\"card-img-top w-100 d-block fit-cover pictoprincipalgrande\" src=\"https:\/\/giatsu.com\/wp-content\/uploads\/2023\/08\/modo-frio-y-calor-fde88b.webp\" \/><\/p>\n<div class=\"card-body p-4\">\n<h3 class=\"font-weight-bold card-title\">Modo frio\/calor<\/h3>\n<p class=\"card-text\">A unidade \u00e9 capaz de fornecer ar condicionado e aquecimento.<\/p>\n<\/p><\/div><\/div><\/div><\/div><\/div>\n<hr>\n<p>        [vc_row mobile_bg_img_hidden=&#8221;no&#8221; tablet_bg_img_hidden=&#8221;no&#8221; woodmart_parallax=&#8221;0&#8243; woodmart_gradient_switch=&#8221;no&#8221; row_reverse_mobile=&#8221;0&#8243; row_reverse_tablet=&#8221;0&#8243; woodmart_disable_overflow=&#8221;0&#8243; el_class=&#8221;filaImgCaracteristica&#8221;][vc_column mobile_bg_img_hidden=&#8221;no&#8221; tablet_bg_img_hidden=&#8221;no&#8221; woodmart_parallax=&#8221;0&#8243; woodmart_sticky_column=&#8221;false&#8221; parallax_scroll=&#8221;no&#8221; mobile_reset_margin=&#8221;no&#8221; tablet_reset_margin=&#8221;no&#8221;]<\/p>\n<div class=\"container mb-1\">\n<h3 class=\"text-center\">Informaci\u00f3n t\u00e9cnica<\/h3>\n<div class=\"row row-cols-1 row-cols-md-2 row-cols-xl-3 justify-content-md-center\">\n<div class=\"col-xs-1 col-md-1\">\n<div class=\"card\">\n                            <img decoding=\"async\" class=\"card-img-top w-100 d-block fit-cover pictoprincipalgrande\" src=\"https:\/\/giatsu.com\/wp-content\/uploads\/2023\/08\/varios_modos_funcionamiento-70148e.webp\" \/><\/p>\n<div class=\"card-body p-4\">\n<h4 class=\"card-text textospictospeques\">V\u00c3\u00a1rios modos de opera\u00c3\u00a7\u00c3\u00a3o<\/h4>\n<\/p><\/div><\/div><\/div>\n<div class=\"col-xs-1 col-md-1\">\n<div class=\"card\">\n                            <img decoding=\"async\" class=\"card-img-top w-100 d-block fit-cover pictoprincipalgrande\" src=\"https:\/\/giatsu.com\/wp-content\/uploads\/2023\/08\/proteccion_elevada-a5a0e1.webp\" \/><\/p>\n<div class=\"card-body p-4\">\n<h4 class=\"card-text textospictospeques\">Alta prote\u00e7\u00e3o<\/h4>\n<\/p><\/div><\/div><\/div>\n<div class=\"col-xs-1 col-md-1\">\n<div class=\"card\">\n                            <img decoding=\"async\" class=\"card-img-top w-100 d-block fit-cover pictoprincipalgrande\" src=\"https:\/\/giatsu.com\/wp-content\/uploads\/2023\/08\/pasarela_modbus-146fc1.webp\" \/><\/p>\n<div class=\"card-body p-4\">\n<h4 class=\"card-text textospictospeques\">Pista modbus<\/h4>\n<\/p><\/div><\/div><\/div>\n<div class=\"col-xs-1 col-md-1\">\n<div class=\"card\">\n                            <img decoding=\"async\" class=\"card-img-top w-100 d-block fit-cover pictoprincipalgrande\" src=\"https:\/\/giatsu.com\/wp-content\/uploads\/2023\/08\/mayor_eficacia_a_baja_temperatura-f40fd9.webp\" \/><\/p>\n<div class=\"card-body p-4\">\n<h4 class=\"card-text textospictospeques\">Maior efici\u00c3\u00aancia em baixa temperatura<\/h4>\n<\/p><\/div><\/div><\/div>\n<div class=\"col-xs-1 col-md-1\">\n<div class=\"card\">\n                            <img decoding=\"async\" class=\"card-img-top w-100 d-block fit-cover pictoprincipalgrande\" src=\"https:\/\/giatsu.com\/wp-content\/uploads\/2023\/08\/funcion_anti-legionela-ce85aa.webp\" \/><\/p>\n<div class=\"card-body p-4\">\n<h4 class=\"card-text textospictospeques\">Fun\u00e7\u00e3o anti-legionela<\/h4>\n<\/p><\/div><\/div><\/div>\n<div class=\"col-xs-1 col-md-1\">\n<div class=\"card\">\n                            <img decoding=\"async\" class=\"card-img-top w-100 d-block fit-cover pictoprincipalgrande\" src=\"https:\/\/giatsu.com\/wp-content\/uploads\/2023\/08\/amplio_rango_de_funcionamiento2-22fb93.webp\" \/><\/p>\n<div class=\"card-body p-4\">\n<h4 class=\"card-text textospictospeques\">Ampla faixa de opera\u00c3\u00a7\u00c3\u00a3o<\/h4>\n<\/p><\/div><\/div><\/div><\/div><\/div>\n<div class=\"row justify-content-md-center\">\n<div class=\"vc_btn3-container vc_btn3-inline\" id=\"botonDescargarFicha\">\n                        <a target=\"_blank\" class=\"btn btn-light border rounded-4 botondescarga\" href=\"https:\/\/giatsu.com\/documentacion\/\/giatsu-fichas-tecnicas-ecothermal-eco-thermal-plus-portugues.pdf\" title=\"\">Baixar planilha<\/a>\n                 <\/div><\/div>\n<div class=\"row\">\n<hr>\n<div class=\"col text-center\"><a target=\"_blank\" href=\"https:\/\/giatsu.com\/documentacion\/\/giatsu-manual-de-usuario-ecothermal--espanol.pdf\" class=\"btn btn-light border rounded-4 botonDescargaManual botondescarga\">Manual de usu\u00e1rio<\/a><\/div>\n<hr>\n<\/div>\n<\/div>","protected":false},"excerpt":{"rendered":"<p>O <strong>Sistema Aerot&eacute;rmico Integrado Biblock<\/strong> foi concebido para lhe proporcionar uma solu&ccedil;&atilde;o completa e eficiente para ar condicionado e &aacute;gua quente sanit&aacute;ria. Com caracter&iacute;sticas avan&ccedil;adas e tecnologia de ponta, prima pelo desempenho e conforto.<\/p>\n<p>Com <strong>capacidades at&eacute; 240 litros de &aacute;gua quente san<\/strong> it&aacute;ria (AQS), garante um fornecimento constante de &aacute;gua quente para satisfazer as necessidades de toda a sua fam&iacute;lia. Desfrute de uma experi&ecirc;ncia de duche confort&aacute;vel e agrad&aacute;vel.<\/p>\n<p>O <strong>isolamento em poliuretano de alta densidade<\/strong> garante uma efici&ecirc;ncia &oacute;ptima, reduzindo as perdas de calor. Poupe energia e reduza os seus custos de aquecimento mantendo a &aacute;gua quente durante mais tempo, mesmo em condi&ccedil;&otilde;es ambientais adversas.<\/p>\n<p>Com um <strong>baixo n&iacute;vel de ru&iacute;do<\/strong>, oferece um funcionamento silencioso para seu conforto.<\/p>\n<p>O nosso Biblock Eco-t&eacute;rmico integrado <strong>pode atingir temperaturas at&eacute; 70&ordm; em AQS<\/strong>.<\/p>\n<p>Pot&ecirc;ncias dispon&iacute;veis: 4KW, 8KW, 12KW e 16KW<\/p>\n<div class='divPictosEnergia'>[vc_single_image image=&#8217;10505&#8242; alignment=&#8217;center&#8217; woodmart_inline=&#8217;no&#8217; parallax_scroll=&#8217;no&#8217; el_class=&#8217;imgEnergia&#8217; img_size=&#8217;72&#215;36&#8242;][vc_single_image image=&#8217;10510&#8242; alignment=&#8217;center&#8217; woodmart_inline=&#8217;no&#8217; parallax_scroll=&#8217;no&#8217; el_class=&#8217;imgEnergia&#8217; img_size=&#8217;72&#215;36&#8242;]<\/div>\n<div class='pictosvoz'>[vc_single_image image=&#8217;13599&#8242; alignment=&#8217;center&#8217; woodmart_inline=&#8217;no&#8217; parallax_scroll=&#8217;no&#8217; el_class=&#8217;imgEnergia&#8217; img_size=&#8217;65&#215;65&#8242;][vc_single_image image=&#8217;13604&#8242; alignment=&#8217;center&#8217; woodmart_inline=&#8217;no&#8217; parallax_scroll=&#8217;no&#8217; el_class=&#8217;imgEnergia&#8217; img_size=&#8217;65&#215;65&#8242;]<\/div>\n","protected":false},"featured_media":12478,"template":"","meta":{"_monsterinsights_skip_tracking":false,"_monsterinsights_sitenote_active":false,"_monsterinsights_sitenote_note":"","_monsterinsights_sitenote_category":0},"product_brand":[],"product_cat":[739,833],"product_tag":[],"class_list":{"0":"post-12472","1":"product","2":"type-product","3":"status-publish","4":"has-post-thumbnail","6":"product_cat-bombas-de-calor-aerothermia","7":"product_cat-eco-thermal-bombas-de-calor-aerothermia","9":"first","10":"instock","11":"shipping-taxable","12":"product-type-simple"},"yoast_head":"<!-- This site is optimized with the Yoast SEO plugin v27.4 - https:\/\/yoast.com\/product\/yoast-seo-wordpress\/ -->\n<title>BIBLOCO ECO-T\u00c9RMICO INTEGRADO<\/title>\n<meta name=\"description\" content=\"O sistema aerot\u00e9rmico integrado Biblock foi concebido para lhe proporcionar uma solu\u00e7\u00e3o completa e eficiente para ar condicionado e \u00e1gua quente sanit\u00e1ria. Com caracter\u00edsticas avan\u00e7adas e tecnologia de ponta, destaca-se pelo seu desempenho e conforto.\" \/>\n<meta name=\"robots\" content=\"index, follow, max-snippet:-1, max-image-preview:large, max-video-preview:-1\" \/>\n<link rel=\"canonical\" href=\"https:\/\/giatsu.com\/pt\/aerothermia\/bombas-de-calor-aerothermia\/eco-thermal-bombas-de-calor-aerothermia\/bibloco-eco-termico-integrado\/\" \/>\n<meta property=\"og:locale\" content=\"pt_PT\" \/>\n<meta property=\"og:type\" content=\"article\" \/>\n<meta property=\"og:title\" content=\"BIBLOCO ECO-T\u00c9RMICO INTEGRADO\" \/>\n<meta property=\"og:description\" content=\"O sistema aerot\u00e9rmico integrado Biblock foi concebido para lhe proporcionar uma solu\u00e7\u00e3o completa e eficiente para ar condicionado e \u00e1gua quente sanit\u00e1ria. Com caracter\u00edsticas avan\u00e7adas e tecnologia de ponta, destaca-se pelo seu desempenho e conforto.\" \/>\n<meta property=\"og:url\" content=\"https:\/\/giatsu.com\/pt\/aerothermia\/bombas-de-calor-aerothermia\/eco-thermal-bombas-de-calor-aerothermia\/bibloco-eco-termico-integrado\/\" \/>\n<meta property=\"og:site_name\" content=\"GIATSU\" \/>\n<meta property=\"article:modified_time\" content=\"2025-04-16T10:12:14+00:00\" \/>\n<meta property=\"og:image\" content=\"https:\/\/giatsu.com\/wp-content\/uploads\/2023\/08\/biblock-integrado6-190823.webp\" \/>\n\t<meta property=\"og:image:width\" content=\"800\" \/>\n\t<meta property=\"og:image:height\" content=\"800\" \/>\n\t<meta property=\"og:image:type\" content=\"image\/webp\" \/>\n<meta name=\"twitter:card\" content=\"summary_large_image\" \/>\n<meta name=\"twitter:label1\" content=\"Est. reading time\" \/>\n\t<meta name=\"twitter:data1\" content=\"1 minute\" \/>\n<script type=\"application\/ld+json\" class=\"yoast-schema-graph\">{\"@context\":\"https:\\\/\\\/schema.org\",\"@graph\":[{\"@type\":\"WebPage\",\"@id\":\"https:\\\/\\\/giatsu.com\\\/pt\\\/aerothermia\\\/bombas-de-calor-aerothermia\\\/eco-thermal-bombas-de-calor-aerothermia\\\/bibloco-eco-termico-integrado\\\/\",\"url\":\"https:\\\/\\\/giatsu.com\\\/pt\\\/aerothermia\\\/bombas-de-calor-aerothermia\\\/eco-thermal-bombas-de-calor-aerothermia\\\/bibloco-eco-termico-integrado\\\/\",\"name\":\"BIBLOCO ECO-T\u00c9RMICO INTEGRADO\",\"isPartOf\":{\"@id\":\"https:\\\/\\\/giatsu.com\\\/es\\\/#website\"},\"primaryImageOfPage\":{\"@id\":\"https:\\\/\\\/giatsu.com\\\/pt\\\/aerothermia\\\/bombas-de-calor-aerothermia\\\/eco-thermal-bombas-de-calor-aerothermia\\\/bibloco-eco-termico-integrado\\\/#primaryimage\"},\"image\":{\"@id\":\"https:\\\/\\\/giatsu.com\\\/pt\\\/aerothermia\\\/bombas-de-calor-aerothermia\\\/eco-thermal-bombas-de-calor-aerothermia\\\/bibloco-eco-termico-integrado\\\/#primaryimage\"},\"thumbnailUrl\":\"https:\\\/\\\/giatsu.com\\\/wp-content\\\/uploads\\\/2023\\\/08\\\/biblock-integrado6-190823.webp\",\"datePublished\":\"2023-06-06T07:03:04+00:00\",\"dateModified\":\"2025-04-16T10:12:14+00:00\",\"description\":\"O sistema aerot\u00e9rmico integrado Biblock foi concebido para lhe proporcionar uma solu\u00e7\u00e3o completa e eficiente para ar condicionado e \u00e1gua quente sanit\u00e1ria. Com caracter\u00edsticas avan\u00e7adas e tecnologia de ponta, destaca-se pelo seu desempenho e conforto.\",\"breadcrumb\":{\"@id\":\"https:\\\/\\\/giatsu.com\\\/pt\\\/aerothermia\\\/bombas-de-calor-aerothermia\\\/eco-thermal-bombas-de-calor-aerothermia\\\/bibloco-eco-termico-integrado\\\/#breadcrumb\"},\"inLanguage\":\"pt\",\"potentialAction\":[{\"@type\":\"ReadAction\",\"target\":[\"https:\\\/\\\/giatsu.com\\\/pt\\\/aerothermia\\\/bombas-de-calor-aerothermia\\\/eco-thermal-bombas-de-calor-aerothermia\\\/bibloco-eco-termico-integrado\\\/\"]}]},{\"@type\":\"ImageObject\",\"inLanguage\":\"pt\",\"@id\":\"https:\\\/\\\/giatsu.com\\\/pt\\\/aerothermia\\\/bombas-de-calor-aerothermia\\\/eco-thermal-bombas-de-calor-aerothermia\\\/bibloco-eco-termico-integrado\\\/#primaryimage\",\"url\":\"https:\\\/\\\/giatsu.com\\\/wp-content\\\/uploads\\\/2023\\\/08\\\/biblock-integrado6-190823.webp\",\"contentUrl\":\"https:\\\/\\\/giatsu.com\\\/wp-content\\\/uploads\\\/2023\\\/08\\\/biblock-integrado6-190823.webp\",\"width\":800,\"height\":800},{\"@type\":\"BreadcrumbList\",\"@id\":\"https:\\\/\\\/giatsu.com\\\/pt\\\/aerothermia\\\/bombas-de-calor-aerothermia\\\/eco-thermal-bombas-de-calor-aerothermia\\\/bibloco-eco-termico-integrado\\\/#breadcrumb\",\"itemListElement\":[{\"@type\":\"ListItem\",\"position\":1,\"name\":\"Home\",\"item\":\"https:\\\/\\\/giatsu.com\\\/es\\\/\"},{\"@type\":\"ListItem\",\"position\":2,\"name\":\"PRODUCTOS\",\"item\":\"https:\\\/\\\/giatsu.com\\\/es\\\/productos\\\/\"},{\"@type\":\"ListItem\",\"position\":3,\"name\":\"BIBLOCO ECO-T\u00c9RMICO INTEGRADO\"}]},{\"@type\":\"WebSite\",\"@id\":\"https:\\\/\\\/giatsu.com\\\/es\\\/#website\",\"url\":\"https:\\\/\\\/giatsu.com\\\/es\\\/\",\"name\":\"GIATSU\",\"description\":\"Quality Comfort Everywhere\",\"potentialAction\":[{\"@type\":\"SearchAction\",\"target\":{\"@type\":\"EntryPoint\",\"urlTemplate\":\"https:\\\/\\\/giatsu.com\\\/es\\\/?s={search_term_string}\"},\"query-input\":{\"@type\":\"PropertyValueSpecification\",\"valueRequired\":true,\"valueName\":\"search_term_string\"}}],\"inLanguage\":\"pt\"}]}<\/script>\n<!-- \/ Yoast SEO plugin. -->","yoast_head_json":{"title":"BIBLOCO ECO-T\u00c9RMICO INTEGRADO","description":"O sistema aerot\u00e9rmico integrado Biblock foi concebido para lhe proporcionar uma solu\u00e7\u00e3o completa e eficiente para ar condicionado e \u00e1gua quente sanit\u00e1ria. Com caracter\u00edsticas avan\u00e7adas e tecnologia de ponta, destaca-se pelo seu desempenho e conforto.","robots":{"index":"index","follow":"follow","max-snippet":"max-snippet:-1","max-image-preview":"max-image-preview:large","max-video-preview":"max-video-preview:-1"},"canonical":"https:\/\/giatsu.com\/pt\/aerothermia\/bombas-de-calor-aerothermia\/eco-thermal-bombas-de-calor-aerothermia\/bibloco-eco-termico-integrado\/","og_locale":"pt_PT","og_type":"article","og_title":"BIBLOCO ECO-T\u00c9RMICO INTEGRADO","og_description":"O sistema aerot\u00e9rmico integrado Biblock foi concebido para lhe proporcionar uma solu\u00e7\u00e3o completa e eficiente para ar condicionado e \u00e1gua quente sanit\u00e1ria. Com caracter\u00edsticas avan\u00e7adas e tecnologia de ponta, destaca-se pelo seu desempenho e conforto.","og_url":"https:\/\/giatsu.com\/pt\/aerothermia\/bombas-de-calor-aerothermia\/eco-thermal-bombas-de-calor-aerothermia\/bibloco-eco-termico-integrado\/","og_site_name":"GIATSU","article_modified_time":"2025-04-16T10:12:14+00:00","og_image":[{"width":800,"height":800,"url":"https:\/\/giatsu.com\/wp-content\/uploads\/2023\/08\/biblock-integrado6-190823.webp","type":"image\/webp"}],"twitter_card":"summary_large_image","twitter_misc":{"Est. reading time":"1 minute"},"schema":{"@context":"https:\/\/schema.org","@graph":[{"@type":"WebPage","@id":"https:\/\/giatsu.com\/pt\/aerothermia\/bombas-de-calor-aerothermia\/eco-thermal-bombas-de-calor-aerothermia\/bibloco-eco-termico-integrado\/","url":"https:\/\/giatsu.com\/pt\/aerothermia\/bombas-de-calor-aerothermia\/eco-thermal-bombas-de-calor-aerothermia\/bibloco-eco-termico-integrado\/","name":"BIBLOCO ECO-T\u00c9RMICO INTEGRADO","isPartOf":{"@id":"https:\/\/giatsu.com\/es\/#website"},"primaryImageOfPage":{"@id":"https:\/\/giatsu.com\/pt\/aerothermia\/bombas-de-calor-aerothermia\/eco-thermal-bombas-de-calor-aerothermia\/bibloco-eco-termico-integrado\/#primaryimage"},"image":{"@id":"https:\/\/giatsu.com\/pt\/aerothermia\/bombas-de-calor-aerothermia\/eco-thermal-bombas-de-calor-aerothermia\/bibloco-eco-termico-integrado\/#primaryimage"},"thumbnailUrl":"https:\/\/giatsu.com\/wp-content\/uploads\/2023\/08\/biblock-integrado6-190823.webp","datePublished":"2023-06-06T07:03:04+00:00","dateModified":"2025-04-16T10:12:14+00:00","description":"O sistema aerot\u00e9rmico integrado Biblock foi concebido para lhe proporcionar uma solu\u00e7\u00e3o completa e eficiente para ar condicionado e \u00e1gua quente sanit\u00e1ria. Com caracter\u00edsticas avan\u00e7adas e tecnologia de ponta, destaca-se pelo seu desempenho e conforto.","breadcrumb":{"@id":"https:\/\/giatsu.com\/pt\/aerothermia\/bombas-de-calor-aerothermia\/eco-thermal-bombas-de-calor-aerothermia\/bibloco-eco-termico-integrado\/#breadcrumb"},"inLanguage":"pt","potentialAction":[{"@type":"ReadAction","target":["https:\/\/giatsu.com\/pt\/aerothermia\/bombas-de-calor-aerothermia\/eco-thermal-bombas-de-calor-aerothermia\/bibloco-eco-termico-integrado\/"]}]},{"@type":"ImageObject","inLanguage":"pt","@id":"https:\/\/giatsu.com\/pt\/aerothermia\/bombas-de-calor-aerothermia\/eco-thermal-bombas-de-calor-aerothermia\/bibloco-eco-termico-integrado\/#primaryimage","url":"https:\/\/giatsu.com\/wp-content\/uploads\/2023\/08\/biblock-integrado6-190823.webp","contentUrl":"https:\/\/giatsu.com\/wp-content\/uploads\/2023\/08\/biblock-integrado6-190823.webp","width":800,"height":800},{"@type":"BreadcrumbList","@id":"https:\/\/giatsu.com\/pt\/aerothermia\/bombas-de-calor-aerothermia\/eco-thermal-bombas-de-calor-aerothermia\/bibloco-eco-termico-integrado\/#breadcrumb","itemListElement":[{"@type":"ListItem","position":1,"name":"Home","item":"https:\/\/giatsu.com\/es\/"},{"@type":"ListItem","position":2,"name":"PRODUCTOS","item":"https:\/\/giatsu.com\/es\/productos\/"},{"@type":"ListItem","position":3,"name":"BIBLOCO ECO-T\u00c9RMICO INTEGRADO"}]},{"@type":"WebSite","@id":"https:\/\/giatsu.com\/es\/#website","url":"https:\/\/giatsu.com\/es\/","name":"GIATSU","description":"Quality Comfort Everywhere","potentialAction":[{"@type":"SearchAction","target":{"@type":"EntryPoint","urlTemplate":"https:\/\/giatsu.com\/es\/?s={search_term_string}"},"query-input":{"@type":"PropertyValueSpecification","valueRequired":true,"valueName":"search_term_string"}}],"inLanguage":"pt"}]}},"_links":{"self":[{"href":"https:\/\/giatsu.com\/pt\/wp-json\/wp\/v2\/product\/12472","targetHints":{"allow":["GET"]}}],"collection":[{"href":"https:\/\/giatsu.com\/pt\/wp-json\/wp\/v2\/product"}],"about":[{"href":"https:\/\/giatsu.com\/pt\/wp-json\/wp\/v2\/types\/product"}],"wp:featuredmedia":[{"embeddable":true,"href":"https:\/\/giatsu.com\/pt\/wp-json\/wp\/v2\/media\/12478"}],"wp:attachment":[{"href":"https:\/\/giatsu.com\/pt\/wp-json\/wp\/v2\/media?parent=12472"}],"wp:term":[{"taxonomy":"product_brand","embeddable":true,"href":"https:\/\/giatsu.com\/pt\/wp-json\/wp\/v2\/product_brand?post=12472"},{"taxonomy":"product_cat","embeddable":true,"href":"https:\/\/giatsu.com\/pt\/wp-json\/wp\/v2\/product_cat?post=12472"},{"taxonomy":"product_tag","embeddable":true,"href":"https:\/\/giatsu.com\/pt\/wp-json\/wp\/v2\/product_tag?post=12472"}],"curies":[{"name":"wp","href":"https:\/\/api.w.org\/{rel}","templated":true}]}}