{"id":12451,"date":"2023-06-06T07:02:55","date_gmt":"2023-06-06T07:02:55","guid":{"rendered":"https:\/\/giatsu.com\/?post_type=product&#038;p=12451"},"modified":"2025-04-16T08:50:22","modified_gmt":"2025-04-16T08:50:22","slug":"deposito-aerotermico-com-contribuicao-solar-vaws","status":"publish","type":"product","link":"https:\/\/giatsu.com\/pt\/aerothermia\/acumuladores-aerotermicos-aerothermia\/deposito-aerotermico-com-contribuicao-solar-vaws\/","title":{"rendered":"DEP\u00d3SITO AEROT\u00c9RMICO COM CONTRIBUI\u00c7\u00c3O SOLAR VAW+S"},"content":{"rendered":"<div class=\"wpb-content-wrapper\"><div class=\"container mb-1 moduloprincipalespictos\">\n<h2 class=\"text-center tituloprincipales\">Caracter\u00edsticas principales<\/h2>\n<div class=\"row row-cols-1 row-cols-md-2 row-cols-xl-3\">\n<div class=\"col-xs-6 col-md-3 order-last\">\n<div class=\"card\">\n                            <img decoding=\"async\" class=\"card-img-top w-100 d-block fit-cover pictoprincipalgrande\" src=\"https:\/\/giatsu.com\/wp-content\/uploads\/2023\/08\/wifi-incluido-cb8169.webp\" \/><\/p>\n<div class=\"card-body p-4\">\n<h3 class=\"font-weight-bold card-title\">WiFi inclu\u00eddo<\/h3>\n<p class=\"card-text\">Atrav\u00e9s do aplicativo GIApp voc\u00ea pode controlar o equipamento a partir de um smartphone, tablet ou por voz com Alexa e Google Home.<\/p>\n<\/p><\/div><\/div><\/div>\n<div class=\"col-xs-6 col-md-3 order-last\">\n<div class=\"card\">\n                            <img decoding=\"async\" class=\"card-img-top w-100 d-block fit-cover pictoprincipalgrande\" src=\"https:\/\/giatsu.com\/wp-content\/uploads\/2023\/08\/facil_control_e_instalacion-2bc27d.webp\" \/><\/p>\n<div class=\"card-body p-4\">\n<h3 class=\"font-weight-bold card-title\">Controle f\u00e1cil e instala\u00e7\u00e3o<\/h3>\n<p class=\"card-text\">Para qualquer instala\u00e7\u00e3o de ar condicionado canalizado de forma f\u00e1cil e simples.<\/p>\n<\/p><\/div><\/div><\/div>\n<div class=\"col-xs-6 col-md-3 order-last\">\n<div class=\"card\">\n                            <img decoding=\"async\" class=\"card-img-top w-100 d-block fit-cover pictoprincipalgrande\" src=\"https:\/\/giatsu.com\/wp-content\/uploads\/2023\/08\/antilegionela-51edba.webp\" \/><\/p>\n<div class=\"card-body p-4\">\n<h3 class=\"font-weight-bold card-title\">Antilegionela<\/h3>\n<p class=\"card-text\">Prote\u00e7\u00e3o contra bact\u00e9rias desenvolvidas em equipamentos de \u00e1gua e torres de resfriamento.<\/p>\n<\/p><\/div><\/div><\/div>\n<div class=\"col-xs-6 col-md-3 order-last\">\n<div class=\"card\">\n                            <img decoding=\"async\" class=\"card-img-top w-100 d-block fit-cover pictoprincipalgrande\" src=\"https:\/\/giatsu.com\/wp-content\/uploads\/2023\/08\/compatible-con-energia-solar-8962e7.webp\" \/><\/p>\n<div class=\"card-body p-4\">\n<h3 class=\"font-weight-bold card-title\">Compat\u00edvel com energia solar<\/h3>\n<p class=\"card-text\">O equipamento est\u00e1 preparado para trabalhar em conjunto com equipamentos solares t\u00e9rmicos, aumentando a efici\u00eancia da instala\u00e7\u00e3o.<\/p>\n<\/p><\/div><\/div><\/div>\n<div class=\"col-xs-6 col-md-3 order-last\">\n<div class=\"card\">\n                            <img decoding=\"async\" class=\"card-img-top w-100 d-block fit-cover pictoprincipalgrande\" src=\"https:\/\/giatsu.com\/wp-content\/uploads\/2023\/08\/maxima-temperatura-de-salida-de-agua-cf2d09.webp\" \/><\/p>\n<div class=\"card-body p-4\">\n<h3 class=\"font-weight-bold card-title\">Temperatura m\u00e1xima de sa\u00edda de \u00e1gua<\/h3>\n<p class=\"card-text\">\u00c9 a temperatura quente m\u00e1xima na qual a \u00e1gua pode sair tendo um grau de sa\u00edda especificado por padr\u00e3o.<\/p>\n<\/p><\/div><\/div><\/div><\/div><\/div>\n<hr>\n<p>        [vc_row mobile_bg_img_hidden=&#8221;no&#8221; tablet_bg_img_hidden=&#8221;no&#8221; woodmart_parallax=&#8221;0&#8243; woodmart_gradient_switch=&#8221;no&#8221; row_reverse_mobile=&#8221;0&#8243; row_reverse_tablet=&#8221;0&#8243; woodmart_disable_overflow=&#8221;0&#8243; el_class=&#8221;filaImgCaracteristica&#8221;][vc_column mobile_bg_img_hidden=&#8221;no&#8221; tablet_bg_img_hidden=&#8221;no&#8221; woodmart_parallax=&#8221;0&#8243; woodmart_sticky_column=&#8221;false&#8221; parallax_scroll=&#8221;no&#8221; mobile_reset_margin=&#8221;no&#8221; tablet_reset_margin=&#8221;no&#8221;]<\/p>\n<div class=\"container mb-1\">\n<h3 class=\"text-center\">Informaci\u00f3n t\u00e9cnica<\/h3>\n<div class=\"row row-cols-1 row-cols-md-2 row-cols-xl-3 justify-content-md-center\">\n<div class=\"col-xs-1 col-md-1\">\n<div class=\"card\">\n                            <img decoding=\"async\" class=\"card-img-top w-100 d-block fit-cover pictoprincipalgrande\" src=\"https:\/\/giatsu.com\/wp-content\/uploads\/2023\/08\/tanque_acero_inox-6d0546.webp\" \/><\/p>\n<div class=\"card-body p-4\">\n<h4 class=\"card-text textospictospeques\">Tanque de a\u00c3\u00a7o inoxid\u00c3\u00a1vel<\/h4>\n<\/p><\/div><\/div><\/div>\n<div class=\"col-xs-1 col-md-1\">\n<div class=\"card\">\n                            <img decoding=\"async\" class=\"card-img-top w-100 d-block fit-cover pictoprincipalgrande\" src=\"https:\/\/giatsu.com\/wp-content\/uploads\/2023\/08\/sustituye_calentador_y_termo-2404a1.webp\" \/><\/p>\n<div class=\"card-body p-4\">\n<h4 class=\"card-text textospictospeques\">Substitui o aquecedor e a garrafa t\u00c3\u00a9rmica<\/h4>\n<\/p><\/div><\/div><\/div>\n<div class=\"col-xs-1 col-md-1\">\n<div class=\"card\">\n                            <img decoding=\"async\" class=\"card-img-top w-100 d-block fit-cover pictoprincipalgrande\" src=\"https:\/\/giatsu.com\/wp-content\/uploads\/2023\/08\/funcion_descarche-8cb55b.webp\" \/><\/p>\n<div class=\"card-body p-4\">\n<h4 class=\"card-text textospictospeques\">Fun\u00e7\u00e3o de degelo<\/h4>\n<\/p><\/div><\/div><\/div><\/div><\/div>\n<div class=\"row justify-content-md-center\">\n<div class=\"vc_btn3-container vc_btn3-inline\" id=\"botonDescargarFicha\">\n                        <a target=\"_blank\" class=\"btn btn-light border rounded-4 botondescarga\" href=\"https:\/\/giatsu.com\/documentacion\/\/giatsu-fichas-tecnicas-acumuladores-aerotermicos-vaw-portugues.pdf\" title=\"\">Baixar planilha<\/a>\n                 <\/div><\/div>\n<div class=\"row\">\n<hr>\n<div class=\"col text-center\"><a target=\"_blank\" href=\"https:\/\/giatsu.com\/documentacion\/\/giatsu-fichas-tecnicas-acumuladores-aerotermicos--.pdf\" class=\"btn btn-light border rounded-4 botonDescargaManual botondescarga\">Manual de usu\u00e1rio<\/a><\/div>\n<hr>\n<\/div>\n<\/div>","protected":false},"excerpt":{"rendered":"<p>O <strong>acumulador aerot&eacute;rmico assistido por energia solar VAW+S<\/strong> foi concebido para lhe proporcionar uma pot&ecirc;ncia e um desempenho excepcionais na produ&ccedil;&atilde;o de &aacute;gua quente.<\/p>\n<p>Com caracter&iacute;sticas avan&ccedil;adas e tecnologia de ponta, destaca-se pela sua efici&ecirc;ncia e durabilidade.<\/p>\n<p><strong>Garante a m&aacute;xima efici&ecirc;ncia mesmo a temperaturas elevadas<\/strong>. Desfrute de um fornecimento constante de &aacute;gua quente e tire o m&aacute;ximo partido do seu potencial.<\/p>\n<p>Poupe<strong>energia e reduza os seus custos<\/strong> gra&ccedil;as &agrave; sua efici&ecirc;ncia A+.<\/p>\n<p><strong>A integra&ccedil;&atilde;o de um sistema solar t&eacute;rmico<\/strong> &eacute; uma carater&iacute;stica essencial do nosso produto. Optimize a utiliza&ccedil;&atilde;o da energia solar no seu sistema de &aacute;gua quente, mantenha o controlo total e desfrute de uma solu&ccedil;&atilde;o sustent&aacute;vel e eficiente.<\/p>\n<p>Fabricados em <strong>a&ccedil;o inoxid&aacute;vel de alta qualidade<\/strong>, os nossos dep&oacute;sitos de armazenamento t&eacute;rmico oferecem uma durabilidade e resist&ecirc;ncia excepcionais. Esque&ccedil;a os problemas de corros&atilde;o e desfrute de um produto de qualidade que o acompanhar&aacute; a longo prazo.<\/p>\n<p>A <strong>fun&ccedil;&atilde;o anti-legionella<\/strong> &eacute; uma prioridade na nossa oferta e a press&atilde;o de 70&ordm;c garante um fornecimento de &aacute;gua quente seguro e saud&aacute;vel para si e para a sua fam&iacute;lia.<\/p>\n<p>Modelos dispon&iacute;veis: 500L.<\/p>\n<div class='divPictosEnergia'>[vc_single_image image=&#8217;12661&#8242; alignment=&#8217;center&#8217; woodmart_inline=&#8217;no&#8217; parallax_scroll=&#8217;no&#8217; el_class=&#8217;imgEnergia&#8217; img_size=&#8217;72&#215;36&#8242;]<\/div>\n<div class='pictosvoz'>[vc_single_image image=&#8217;13599&#8242; alignment=&#8217;center&#8217; woodmart_inline=&#8217;no&#8217; parallax_scroll=&#8217;no&#8217; el_class=&#8217;imgEnergia&#8217; img_size=&#8217;65&#215;65&#8242;][vc_single_image image=&#8217;13604&#8242; alignment=&#8217;center&#8217; woodmart_inline=&#8217;no&#8217; parallax_scroll=&#8217;no&#8217; el_class=&#8217;imgEnergia&#8217; img_size=&#8217;65&#215;65&#8242;]<\/div>\n","protected":false},"featured_media":12455,"template":"","meta":{"_monsterinsights_skip_tracking":false,"_monsterinsights_sitenote_active":false,"_monsterinsights_sitenote_note":"","_monsterinsights_sitenote_category":0},"product_brand":[],"product_cat":[731],"product_tag":[],"class_list":{"0":"post-12451","1":"product","2":"type-product","3":"status-publish","4":"has-post-thumbnail","6":"product_cat-acumuladores-aerotermicos-aerothermia","8":"first","9":"instock","10":"shipping-taxable","11":"product-type-simple"},"yoast_head":"<!-- This site is optimized with the Yoast SEO plugin v27.4 - https:\/\/yoast.com\/product\/yoast-seo-wordpress\/ -->\n<title>Tanque de armazenamento assistido por ventilador com contribui\u00e7\u00e3o solar VAW+S<\/title>\n<meta name=\"description\" content=\"Com caracter\u00edsticas avan\u00e7adas e tecnologia de ponta, destaca-se pela sua efici\u00eancia e durabilidade. Garante a m\u00e1xima efici\u00eancia mesmo a altas temperaturas. Desfrute de um fornecimento constante de \u00e1gua quente e tire o m\u00e1ximo partido do seu potencial.\" \/>\n<meta name=\"robots\" content=\"index, follow, max-snippet:-1, max-image-preview:large, max-video-preview:-1\" \/>\n<link rel=\"canonical\" href=\"https:\/\/giatsu.com\/pt\/aerothermia\/acumuladores-aerotermicos-aerothermia\/deposito-aerotermico-com-contribuicao-solar-vaws\/\" \/>\n<meta property=\"og:locale\" content=\"pt_PT\" \/>\n<meta property=\"og:type\" content=\"article\" \/>\n<meta property=\"og:title\" content=\"Tanque de armazenamento assistido por ventilador com contribui\u00e7\u00e3o solar VAW+S\" \/>\n<meta property=\"og:description\" content=\"Com caracter\u00edsticas avan\u00e7adas e tecnologia de ponta, destaca-se pela sua efici\u00eancia e durabilidade. Garante a m\u00e1xima efici\u00eancia mesmo a altas temperaturas. Desfrute de um fornecimento constante de \u00e1gua quente e tire o m\u00e1ximo partido do seu potencial.\" \/>\n<meta property=\"og:url\" content=\"https:\/\/giatsu.com\/pt\/aerothermia\/acumuladores-aerotermicos-aerothermia\/deposito-aerotermico-com-contribuicao-solar-vaws\/\" \/>\n<meta property=\"og:site_name\" content=\"GIATSU\" \/>\n<meta property=\"article:modified_time\" content=\"2025-04-16T08:50:22+00:00\" \/>\n<meta property=\"og:image\" content=\"https:\/\/giatsu.com\/wp-content\/uploads\/2023\/08\/vaws-7170c9.webp\" \/>\n\t<meta property=\"og:image:width\" content=\"800\" \/>\n\t<meta property=\"og:image:height\" content=\"800\" \/>\n\t<meta property=\"og:image:type\" content=\"image\/webp\" \/>\n<meta name=\"twitter:card\" content=\"summary_large_image\" \/>\n<meta name=\"twitter:label1\" content=\"Est. reading time\" \/>\n\t<meta name=\"twitter:data1\" content=\"1 minute\" \/>\n<script type=\"application\/ld+json\" class=\"yoast-schema-graph\">{\"@context\":\"https:\\\/\\\/schema.org\",\"@graph\":[{\"@type\":\"WebPage\",\"@id\":\"https:\\\/\\\/giatsu.com\\\/pt\\\/aerothermia\\\/acumuladores-aerotermicos-aerothermia\\\/deposito-aerotermico-com-contribuicao-solar-vaws\\\/\",\"url\":\"https:\\\/\\\/giatsu.com\\\/pt\\\/aerothermia\\\/acumuladores-aerotermicos-aerothermia\\\/deposito-aerotermico-com-contribuicao-solar-vaws\\\/\",\"name\":\"Tanque de armazenamento assistido por ventilador com contribui\u00e7\u00e3o solar VAW+S\",\"isPartOf\":{\"@id\":\"https:\\\/\\\/giatsu.com\\\/es\\\/#website\"},\"primaryImageOfPage\":{\"@id\":\"https:\\\/\\\/giatsu.com\\\/pt\\\/aerothermia\\\/acumuladores-aerotermicos-aerothermia\\\/deposito-aerotermico-com-contribuicao-solar-vaws\\\/#primaryimage\"},\"image\":{\"@id\":\"https:\\\/\\\/giatsu.com\\\/pt\\\/aerothermia\\\/acumuladores-aerotermicos-aerothermia\\\/deposito-aerotermico-com-contribuicao-solar-vaws\\\/#primaryimage\"},\"thumbnailUrl\":\"https:\\\/\\\/giatsu.com\\\/wp-content\\\/uploads\\\/2023\\\/08\\\/vaws-7170c9.webp\",\"datePublished\":\"2023-06-06T07:02:55+00:00\",\"dateModified\":\"2025-04-16T08:50:22+00:00\",\"description\":\"Com caracter\u00edsticas avan\u00e7adas e tecnologia de ponta, destaca-se pela sua efici\u00eancia e durabilidade. Garante a m\u00e1xima efici\u00eancia mesmo a altas temperaturas. Desfrute de um fornecimento constante de \u00e1gua quente e tire o m\u00e1ximo partido do seu potencial.\",\"breadcrumb\":{\"@id\":\"https:\\\/\\\/giatsu.com\\\/pt\\\/aerothermia\\\/acumuladores-aerotermicos-aerothermia\\\/deposito-aerotermico-com-contribuicao-solar-vaws\\\/#breadcrumb\"},\"inLanguage\":\"pt\",\"potentialAction\":[{\"@type\":\"ReadAction\",\"target\":[\"https:\\\/\\\/giatsu.com\\\/pt\\\/aerothermia\\\/acumuladores-aerotermicos-aerothermia\\\/deposito-aerotermico-com-contribuicao-solar-vaws\\\/\"]}]},{\"@type\":\"ImageObject\",\"inLanguage\":\"pt\",\"@id\":\"https:\\\/\\\/giatsu.com\\\/pt\\\/aerothermia\\\/acumuladores-aerotermicos-aerothermia\\\/deposito-aerotermico-com-contribuicao-solar-vaws\\\/#primaryimage\",\"url\":\"https:\\\/\\\/giatsu.com\\\/wp-content\\\/uploads\\\/2023\\\/08\\\/vaws-7170c9.webp\",\"contentUrl\":\"https:\\\/\\\/giatsu.com\\\/wp-content\\\/uploads\\\/2023\\\/08\\\/vaws-7170c9.webp\",\"width\":800,\"height\":800},{\"@type\":\"BreadcrumbList\",\"@id\":\"https:\\\/\\\/giatsu.com\\\/pt\\\/aerothermia\\\/acumuladores-aerotermicos-aerothermia\\\/deposito-aerotermico-com-contribuicao-solar-vaws\\\/#breadcrumb\",\"itemListElement\":[{\"@type\":\"ListItem\",\"position\":1,\"name\":\"Home\",\"item\":\"https:\\\/\\\/giatsu.com\\\/es\\\/\"},{\"@type\":\"ListItem\",\"position\":2,\"name\":\"PRODUCTOS\",\"item\":\"https:\\\/\\\/giatsu.com\\\/es\\\/productos\\\/\"},{\"@type\":\"ListItem\",\"position\":3,\"name\":\"DEP\u00d3SITO AEROT\u00c9RMICO COM CONTRIBUI\u00c7\u00c3O SOLAR VAW+S\"}]},{\"@type\":\"WebSite\",\"@id\":\"https:\\\/\\\/giatsu.com\\\/es\\\/#website\",\"url\":\"https:\\\/\\\/giatsu.com\\\/es\\\/\",\"name\":\"GIATSU\",\"description\":\"Quality Comfort Everywhere\",\"potentialAction\":[{\"@type\":\"SearchAction\",\"target\":{\"@type\":\"EntryPoint\",\"urlTemplate\":\"https:\\\/\\\/giatsu.com\\\/es\\\/?s={search_term_string}\"},\"query-input\":{\"@type\":\"PropertyValueSpecification\",\"valueRequired\":true,\"valueName\":\"search_term_string\"}}],\"inLanguage\":\"pt\"}]}<\/script>\n<!-- \/ Yoast SEO plugin. -->","yoast_head_json":{"title":"Tanque de armazenamento assistido por ventilador com contribui\u00e7\u00e3o solar VAW+S","description":"Com caracter\u00edsticas avan\u00e7adas e tecnologia de ponta, destaca-se pela sua efici\u00eancia e durabilidade. Garante a m\u00e1xima efici\u00eancia mesmo a altas temperaturas. Desfrute de um fornecimento constante de \u00e1gua quente e tire o m\u00e1ximo partido do seu potencial.","robots":{"index":"index","follow":"follow","max-snippet":"max-snippet:-1","max-image-preview":"max-image-preview:large","max-video-preview":"max-video-preview:-1"},"canonical":"https:\/\/giatsu.com\/pt\/aerothermia\/acumuladores-aerotermicos-aerothermia\/deposito-aerotermico-com-contribuicao-solar-vaws\/","og_locale":"pt_PT","og_type":"article","og_title":"Tanque de armazenamento assistido por ventilador com contribui\u00e7\u00e3o solar VAW+S","og_description":"Com caracter\u00edsticas avan\u00e7adas e tecnologia de ponta, destaca-se pela sua efici\u00eancia e durabilidade. Garante a m\u00e1xima efici\u00eancia mesmo a altas temperaturas. Desfrute de um fornecimento constante de \u00e1gua quente e tire o m\u00e1ximo partido do seu potencial.","og_url":"https:\/\/giatsu.com\/pt\/aerothermia\/acumuladores-aerotermicos-aerothermia\/deposito-aerotermico-com-contribuicao-solar-vaws\/","og_site_name":"GIATSU","article_modified_time":"2025-04-16T08:50:22+00:00","og_image":[{"width":800,"height":800,"url":"https:\/\/giatsu.com\/wp-content\/uploads\/2023\/08\/vaws-7170c9.webp","type":"image\/webp"}],"twitter_card":"summary_large_image","twitter_misc":{"Est. reading time":"1 minute"},"schema":{"@context":"https:\/\/schema.org","@graph":[{"@type":"WebPage","@id":"https:\/\/giatsu.com\/pt\/aerothermia\/acumuladores-aerotermicos-aerothermia\/deposito-aerotermico-com-contribuicao-solar-vaws\/","url":"https:\/\/giatsu.com\/pt\/aerothermia\/acumuladores-aerotermicos-aerothermia\/deposito-aerotermico-com-contribuicao-solar-vaws\/","name":"Tanque de armazenamento assistido por ventilador com contribui\u00e7\u00e3o solar VAW+S","isPartOf":{"@id":"https:\/\/giatsu.com\/es\/#website"},"primaryImageOfPage":{"@id":"https:\/\/giatsu.com\/pt\/aerothermia\/acumuladores-aerotermicos-aerothermia\/deposito-aerotermico-com-contribuicao-solar-vaws\/#primaryimage"},"image":{"@id":"https:\/\/giatsu.com\/pt\/aerothermia\/acumuladores-aerotermicos-aerothermia\/deposito-aerotermico-com-contribuicao-solar-vaws\/#primaryimage"},"thumbnailUrl":"https:\/\/giatsu.com\/wp-content\/uploads\/2023\/08\/vaws-7170c9.webp","datePublished":"2023-06-06T07:02:55+00:00","dateModified":"2025-04-16T08:50:22+00:00","description":"Com caracter\u00edsticas avan\u00e7adas e tecnologia de ponta, destaca-se pela sua efici\u00eancia e durabilidade. Garante a m\u00e1xima efici\u00eancia mesmo a altas temperaturas. Desfrute de um fornecimento constante de \u00e1gua quente e tire o m\u00e1ximo partido do seu potencial.","breadcrumb":{"@id":"https:\/\/giatsu.com\/pt\/aerothermia\/acumuladores-aerotermicos-aerothermia\/deposito-aerotermico-com-contribuicao-solar-vaws\/#breadcrumb"},"inLanguage":"pt","potentialAction":[{"@type":"ReadAction","target":["https:\/\/giatsu.com\/pt\/aerothermia\/acumuladores-aerotermicos-aerothermia\/deposito-aerotermico-com-contribuicao-solar-vaws\/"]}]},{"@type":"ImageObject","inLanguage":"pt","@id":"https:\/\/giatsu.com\/pt\/aerothermia\/acumuladores-aerotermicos-aerothermia\/deposito-aerotermico-com-contribuicao-solar-vaws\/#primaryimage","url":"https:\/\/giatsu.com\/wp-content\/uploads\/2023\/08\/vaws-7170c9.webp","contentUrl":"https:\/\/giatsu.com\/wp-content\/uploads\/2023\/08\/vaws-7170c9.webp","width":800,"height":800},{"@type":"BreadcrumbList","@id":"https:\/\/giatsu.com\/pt\/aerothermia\/acumuladores-aerotermicos-aerothermia\/deposito-aerotermico-com-contribuicao-solar-vaws\/#breadcrumb","itemListElement":[{"@type":"ListItem","position":1,"name":"Home","item":"https:\/\/giatsu.com\/es\/"},{"@type":"ListItem","position":2,"name":"PRODUCTOS","item":"https:\/\/giatsu.com\/es\/productos\/"},{"@type":"ListItem","position":3,"name":"DEP\u00d3SITO AEROT\u00c9RMICO COM CONTRIBUI\u00c7\u00c3O SOLAR VAW+S"}]},{"@type":"WebSite","@id":"https:\/\/giatsu.com\/es\/#website","url":"https:\/\/giatsu.com\/es\/","name":"GIATSU","description":"Quality Comfort Everywhere","potentialAction":[{"@type":"SearchAction","target":{"@type":"EntryPoint","urlTemplate":"https:\/\/giatsu.com\/es\/?s={search_term_string}"},"query-input":{"@type":"PropertyValueSpecification","valueRequired":true,"valueName":"search_term_string"}}],"inLanguage":"pt"}]}},"_links":{"self":[{"href":"https:\/\/giatsu.com\/pt\/wp-json\/wp\/v2\/product\/12451","targetHints":{"allow":["GET"]}}],"collection":[{"href":"https:\/\/giatsu.com\/pt\/wp-json\/wp\/v2\/product"}],"about":[{"href":"https:\/\/giatsu.com\/pt\/wp-json\/wp\/v2\/types\/product"}],"wp:featuredmedia":[{"embeddable":true,"href":"https:\/\/giatsu.com\/pt\/wp-json\/wp\/v2\/media\/12455"}],"wp:attachment":[{"href":"https:\/\/giatsu.com\/pt\/wp-json\/wp\/v2\/media?parent=12451"}],"wp:term":[{"taxonomy":"product_brand","embeddable":true,"href":"https:\/\/giatsu.com\/pt\/wp-json\/wp\/v2\/product_brand?post=12451"},{"taxonomy":"product_cat","embeddable":true,"href":"https:\/\/giatsu.com\/pt\/wp-json\/wp\/v2\/product_cat?post=12451"},{"taxonomy":"product_tag","embeddable":true,"href":"https:\/\/giatsu.com\/pt\/wp-json\/wp\/v2\/product_tag?post=12451"}],"curies":[{"name":"wp","href":"https:\/\/api.w.org\/{rel}","templated":true}]}}