{"id":12433,"date":"2023-06-06T07:02:44","date_gmt":"2023-06-06T07:02:44","guid":{"rendered":"https:\/\/giatsu.com\/?post_type=product&#038;p=12433"},"modified":"2025-04-25T11:20:06","modified_gmt":"2025-04-25T11:20:06","slug":"equipamento-para-janelas-w2","status":"publish","type":"product","link":"https:\/\/giatsu.com\/pt\/comercial-2\/equipamento-para-janelas\/equipamento-para-janelas-w2\/","title":{"rendered":"EQUIPAMENTO PARA JANELAS W2"},"content":{"rendered":"<div class=\"wpb-content-wrapper\"><div class=\"container mb-1 moduloprincipalespictos\">\n<h2 class=\"text-center tituloprincipales\">Caracter\u00edsticas principales<\/h2>\n<div class=\"row row-cols-1 row-cols-md-2 row-cols-xl-3\">\n<div class=\"col-xs-6 col-md-3 order-last\">\n<div class=\"card\">\n                            <img decoding=\"async\" class=\"card-img-top w-100 d-block fit-cover pictoprincipalgrande\" src=\"https:\/\/giatsu.com\/wp-content\/uploads\/2023\/08\/temporizador-8a6fb8.webp\" \/><\/p>\n<div class=\"card-body p-4\">\n<h3 class=\"font-weight-bold card-title\">Cron\u00f4metro<\/h3>\n<p class=\"card-text\">Permite programar o tempo de funcionamento e a temperatura exata da \u00e1gua, otimizando o consumo.<\/p>\n<\/p><\/div><\/div><\/div>\n<div class=\"col-xs-6 col-md-3 order-last\">\n<div class=\"card\">\n                            <img decoding=\"async\" class=\"card-img-top w-100 d-block fit-cover pictoprincipalgrande\" src=\"https:\/\/giatsu.com\/wp-content\/uploads\/2023\/08\/auto-swing-vertical-2eea27.webp\" \/><\/p>\n<div class=\"card-body p-4\">\n<h3 class=\"font-weight-bold card-title\">Auto-swing vertical<\/h3>\n<p class=\"card-text\">Movimento vertical das l\u00e2minas de sa\u00edda de ar automaticamente para distribuir uniformemente o ar.<\/p>\n<\/p><\/div><\/div><\/div>\n<div class=\"col-xs-6 col-md-3 order-last\">\n<div class=\"card\">\n                            <img decoding=\"async\" class=\"card-img-top w-100 d-block fit-cover pictoprincipalgrande\" src=\"https:\/\/giatsu.com\/wp-content\/uploads\/2023\/08\/modo-frio-y-calor-fde88b.webp\" \/><\/p>\n<div class=\"card-body p-4\">\n<h3 class=\"font-weight-bold card-title\">Modo frio\/calor<\/h3>\n<p class=\"card-text\">A unidade \u00e9 capaz de fornecer ar condicionado e aquecimento.<\/p>\n<\/p><\/div><\/div><\/div>\n<div class=\"col-xs-6 col-md-3 order-last\">\n<div class=\"card\">\n                            <img decoding=\"async\" class=\"card-img-top w-100 d-block fit-cover pictoprincipalgrande\" src=\"https:\/\/giatsu.com\/wp-content\/uploads\/2023\/11\/i-feel-nuevo-6e7fd7.webp\" \/><\/p>\n<div class=\"card-body p-4\">\n<h3 class=\"font-weight-bold card-title\">Fun\u00e7\u00e3o I Feel<\/h3>\n<p class=\"card-text\">O controle sem fio possui um sensor de temperatura que ajusta o funcionamento do equipamento.<\/p>\n<\/p><\/div><\/div><\/div><\/div><\/div>\n<hr>\n<p>        [vc_row mobile_bg_img_hidden=&#8221;no&#8221; tablet_bg_img_hidden=&#8221;no&#8221; woodmart_parallax=&#8221;0&#8243; woodmart_gradient_switch=&#8221;no&#8221; row_reverse_mobile=&#8221;0&#8243; row_reverse_tablet=&#8221;0&#8243; woodmart_disable_overflow=&#8221;0&#8243; el_class=&#8221;filaImgCaracteristica&#8221;][vc_column mobile_bg_img_hidden=&#8221;no&#8221; tablet_bg_img_hidden=&#8221;no&#8221; woodmart_parallax=&#8221;0&#8243; woodmart_sticky_column=&#8221;false&#8221; parallax_scroll=&#8221;no&#8221; mobile_reset_margin=&#8221;no&#8221; tablet_reset_margin=&#8221;no&#8221;]<\/p>\n<div class=\"container mb-1\">\n<h3 class=\"text-center\">Informaci\u00f3n t\u00e9cnica<\/h3>\n<div class=\"row row-cols-1 row-cols-md-2 row-cols-xl-3 justify-content-md-center\">\n<div class=\"col-xs-1 col-md-1\">\n<div class=\"card\">\n                            <img decoding=\"async\" class=\"card-img-top w-100 d-block fit-cover pictoprincipalgrande\" src=\"https:\/\/giatsu.com\/wp-content\/uploads\/2023\/08\/modo-noche-b8d8e1.webp\" \/><\/p>\n<div class=\"card-body p-4\">\n<h4 class=\"card-text textospictospeques\">Modo noturno<\/h4>\n<\/p><\/div><\/div><\/div>\n<div class=\"col-xs-1 col-md-1\">\n<div class=\"card\">\n                            <img decoding=\"async\" class=\"card-img-top w-100 d-block fit-cover pictoprincipalgrande\" src=\"https:\/\/giatsu.com\/wp-content\/uploads\/2023\/08\/deshumificador-0818c1.webp\" \/><\/p>\n<div class=\"card-body p-4\">\n<h4 class=\"card-text textospictospeques\">Desumidificador<\/h4>\n<\/p><\/div><\/div><\/div>\n<div class=\"col-xs-1 col-md-1\">\n<div class=\"card\">\n                            <img decoding=\"async\" class=\"card-img-top w-100 d-block fit-cover pictoprincipalgrande\" src=\"https:\/\/giatsu.com\/wp-content\/uploads\/2023\/08\/toma-de-aire-fresco-aec453.webp\" \/><\/p>\n<div class=\"card-body p-4\">\n<h4 class=\"card-text textospictospeques\">Entrada de ar fresco<\/h4>\n<\/p><\/div><\/div><\/div>\n<div class=\"col-xs-1 col-md-1\">\n<div class=\"card\">\n                            <img decoding=\"async\" class=\"card-img-top w-100 d-block fit-cover pictoprincipalgrande\" src=\"https:\/\/giatsu.com\/wp-content\/uploads\/2023\/08\/mando_a_distancia-fd84f3.webp\" \/><\/p>\n<div class=\"card-body p-4\">\n<h4 class=\"card-text textospictospeques\">Controle remoto<\/h4>\n<\/p><\/div><\/div><\/div>\n<div class=\"col-xs-1 col-md-1\">\n<div class=\"card\">\n                            <img decoding=\"async\" class=\"card-img-top w-100 d-block fit-cover pictoprincipalgrande\" src=\"https:\/\/giatsu.com\/wp-content\/uploads\/2023\/08\/auto_restart-50f34a.webp\" \/><\/p>\n<div class=\"card-body p-4\">\n<h4 class=\"card-text textospictospeques\">Rein\u00edcio autom\u00e1tico<\/h4>\n<\/p><\/div><\/div><\/div><\/div><\/div>\n<div class=\"row justify-content-md-center\">\n<div class=\"vc_btn3-container vc_btn3-inline\" id=\"botonDescargarFicha\">\n                        <a target=\"_blank\" class=\"btn btn-light border rounded-4 botondescarga\" href=\"https:\/\/giatsu.com\/documentacion\/\/giatsu-fichas-tecnicas-equipos-de-ventana-w2-portugues.pdf\" title=\"\">Baixar planilha<\/a>\n                 <\/div><\/div>\n<div class=\"row\">\n<hr>\n<div class=\"col text-center\"><a target=\"_blank\" href=\"https:\/\/giatsu.com\/documentacion\/\/giatsu-manual-de-usuario-e-instalacion-equipos-de-ventana-w2-multiidioma.pdf\" class=\"btn btn-light border rounded-4 botonDescargaManual botondescarga\">Manual de usu\u00e1rio<\/a><\/div>\n<hr>\n<\/div>\n<\/div>","protected":false},"excerpt":{"rendered":"<p>A nossa <strong>unidade de janela Giatsu W2<\/strong> &eacute; a solu&ccedil;&atilde;o ideal para arrefecer e aquecer divis&otilde;es at&eacute; 25 m2.<\/p>\n<p>&Eacute; <strong>vers&aacute;til e compacta<\/strong>: refrigera&ccedil;&atilde;o, aquecimento e desumidifica&ccedil;&atilde;o numa &uacute;nica unidade.<\/p>\n<p>&Eacute; f&aacute;cil de instalar e mais f&aacute;cil de manter do que a grande maioria das unidades de ar condicionado.<\/p>\n<p><strong>Ideal para estaleiros de constru&ccedil;&atilde;o, quiosques e obras ef&eacute;meras. <\/strong><\/p>\n<ul>\n<li>A temperatura &eacute; medida no local onde se encontra o controlo remoto.<\/li>\n<li>Oscila&ccedil;&atilde;o vertical das alhetas para um melhor fluxo de ar.<\/li>\n<li>Fun&ccedil;&atilde;o desumidificadora, ajuda a reduzir a humidade no ambiente, criando um espa&ccedil;o mais saud&aacute;vel e confort&aacute;vel.<\/li>\n<li>Com o temporizador integrado, pode programar a unidade para se ligar e desligar de acordo com os seus hor&aacute;rios e necessidades.<\/li>\n<li>Reduz a emiss&atilde;o de ru&iacute;do durante a noite.<\/li>\n<\/ul>\n<p>Pot&ecirc;ncia dispon&iacute;vel 3,5KW<\/p>\n<div class='divPictosEnergia'>[vc_single_image image=&#8217;10410&#8242; alignment=&#8217;center&#8217; woodmart_inline=&#8217;no&#8217; parallax_scroll=&#8217;no&#8217; el_class=&#8217;imgEnergia&#8217; img_size=&#8217;72&#215;36&#8242;][vc_single_image image=&#8217;13495&#8242; alignment=&#8217;center&#8217; woodmart_inline=&#8217;no&#8217; parallax_scroll=&#8217;no&#8217; el_class=&#8217;imgEnergia&#8217; img_size=&#8217;72&#215;36&#8242;]<\/div>\n<div class='pictosvoz'><\/div>\n","protected":false},"featured_media":9694,"template":"","meta":{"_monsterinsights_skip_tracking":false,"_monsterinsights_sitenote_active":false,"_monsterinsights_sitenote_note":"","_monsterinsights_sitenote_category":0},"product_brand":[],"product_cat":[715,770],"product_tag":[],"class_list":{"0":"post-12433","1":"product","2":"type-product","3":"status-publish","4":"has-post-thumbnail","6":"product_cat-comercial-2","7":"product_cat-equipamento-para-janelas","9":"first","10":"instock","11":"shipping-taxable","12":"product-type-simple"},"yoast_head":"<!-- This site is optimized with the Yoast SEO plugin v26.6 - https:\/\/yoast.com\/wordpress\/plugins\/seo\/ -->\n<title>EQUIPAMENTO PARA JANELAS W2<\/title>\n<meta name=\"description\" content=\"\u00c9 a solu\u00e7\u00e3o ideal para aquecer e arrefecer divis\u00f5es at\u00e9 25m2.\" \/>\n<meta name=\"robots\" content=\"index, follow, max-snippet:-1, max-image-preview:large, max-video-preview:-1\" \/>\n<link rel=\"canonical\" href=\"https:\/\/giatsu.com\/pt\/comercial-2\/equipamento-para-janelas\/equipamento-para-janelas-w2\/\" \/>\n<meta property=\"og:locale\" content=\"pt_PT\" \/>\n<meta property=\"og:type\" content=\"article\" \/>\n<meta property=\"og:title\" content=\"EQUIPAMENTO PARA JANELAS W2\" \/>\n<meta property=\"og:description\" content=\"\u00c9 a solu\u00e7\u00e3o ideal para aquecer e arrefecer divis\u00f5es at\u00e9 25m2.\" \/>\n<meta property=\"og:url\" content=\"https:\/\/giatsu.com\/pt\/comercial-2\/equipamento-para-janelas\/equipamento-para-janelas-w2\/\" \/>\n<meta property=\"og:site_name\" content=\"GIATSU\" \/>\n<meta property=\"article:modified_time\" content=\"2025-04-25T11:20:06+00:00\" \/>\n<meta property=\"og:image\" content=\"https:\/\/giatsu.com\/wp-content\/uploads\/2023\/08\/w2-3-a2647c.webp\" \/>\n\t<meta property=\"og:image:width\" content=\"800\" \/>\n\t<meta property=\"og:image:height\" content=\"800\" \/>\n\t<meta property=\"og:image:type\" content=\"image\/webp\" \/>\n<meta name=\"twitter:card\" content=\"summary_large_image\" \/>\n<meta name=\"twitter:label1\" content=\"Est. reading time\" \/>\n\t<meta name=\"twitter:data1\" content=\"1 minute\" \/>\n<script type=\"application\/ld+json\" class=\"yoast-schema-graph\">{\"@context\":\"https:\/\/schema.org\",\"@graph\":[{\"@type\":\"WebPage\",\"@id\":\"https:\/\/giatsu.com\/pt\/comercial-2\/equipamento-para-janelas\/equipamento-para-janelas-w2\/\",\"url\":\"https:\/\/giatsu.com\/pt\/comercial-2\/equipamento-para-janelas\/equipamento-para-janelas-w2\/\",\"name\":\"EQUIPAMENTO PARA JANELAS W2\",\"isPartOf\":{\"@id\":\"https:\/\/giatsu.com\/es\/#website\"},\"primaryImageOfPage\":{\"@id\":\"https:\/\/giatsu.com\/pt\/comercial-2\/equipamento-para-janelas\/equipamento-para-janelas-w2\/#primaryimage\"},\"image\":{\"@id\":\"https:\/\/giatsu.com\/pt\/comercial-2\/equipamento-para-janelas\/equipamento-para-janelas-w2\/#primaryimage\"},\"thumbnailUrl\":\"https:\/\/giatsu.com\/wp-content\/uploads\/2023\/08\/w2-3-a2647c.webp\",\"datePublished\":\"2023-06-06T07:02:44+00:00\",\"dateModified\":\"2025-04-25T11:20:06+00:00\",\"description\":\"\u00c9 a solu\u00e7\u00e3o ideal para aquecer e arrefecer divis\u00f5es at\u00e9 25m2.\",\"breadcrumb\":{\"@id\":\"https:\/\/giatsu.com\/pt\/comercial-2\/equipamento-para-janelas\/equipamento-para-janelas-w2\/#breadcrumb\"},\"inLanguage\":\"pt\",\"potentialAction\":[{\"@type\":\"ReadAction\",\"target\":[\"https:\/\/giatsu.com\/pt\/comercial-2\/equipamento-para-janelas\/equipamento-para-janelas-w2\/\"]}]},{\"@type\":\"ImageObject\",\"inLanguage\":\"pt\",\"@id\":\"https:\/\/giatsu.com\/pt\/comercial-2\/equipamento-para-janelas\/equipamento-para-janelas-w2\/#primaryimage\",\"url\":\"https:\/\/giatsu.com\/wp-content\/uploads\/2023\/08\/w2-3-a2647c.webp\",\"contentUrl\":\"https:\/\/giatsu.com\/wp-content\/uploads\/2023\/08\/w2-3-a2647c.webp\",\"width\":800,\"height\":800},{\"@type\":\"BreadcrumbList\",\"@id\":\"https:\/\/giatsu.com\/pt\/comercial-2\/equipamento-para-janelas\/equipamento-para-janelas-w2\/#breadcrumb\",\"itemListElement\":[{\"@type\":\"ListItem\",\"position\":1,\"name\":\"Home\",\"item\":\"https:\/\/giatsu.com\/es\/\"},{\"@type\":\"ListItem\",\"position\":2,\"name\":\"PRODUCTOS\",\"item\":\"https:\/\/giatsu.com\/es\/productos\/\"},{\"@type\":\"ListItem\",\"position\":3,\"name\":\"EQUIPAMENTO PARA JANELAS W2\"}]},{\"@type\":\"WebSite\",\"@id\":\"https:\/\/giatsu.com\/es\/#website\",\"url\":\"https:\/\/giatsu.com\/es\/\",\"name\":\"GIATSU\",\"description\":\"Quality Comfort Everywhere\",\"potentialAction\":[{\"@type\":\"SearchAction\",\"target\":{\"@type\":\"EntryPoint\",\"urlTemplate\":\"https:\/\/giatsu.com\/es\/?s={search_term_string}\"},\"query-input\":{\"@type\":\"PropertyValueSpecification\",\"valueRequired\":true,\"valueName\":\"search_term_string\"}}],\"inLanguage\":\"pt\"}]}<\/script>\n<!-- \/ Yoast SEO plugin. -->","yoast_head_json":{"title":"EQUIPAMENTO PARA JANELAS W2","description":"\u00c9 a solu\u00e7\u00e3o ideal para aquecer e arrefecer divis\u00f5es at\u00e9 25m2.","robots":{"index":"index","follow":"follow","max-snippet":"max-snippet:-1","max-image-preview":"max-image-preview:large","max-video-preview":"max-video-preview:-1"},"canonical":"https:\/\/giatsu.com\/pt\/comercial-2\/equipamento-para-janelas\/equipamento-para-janelas-w2\/","og_locale":"pt_PT","og_type":"article","og_title":"EQUIPAMENTO PARA JANELAS W2","og_description":"\u00c9 a solu\u00e7\u00e3o ideal para aquecer e arrefecer divis\u00f5es at\u00e9 25m2.","og_url":"https:\/\/giatsu.com\/pt\/comercial-2\/equipamento-para-janelas\/equipamento-para-janelas-w2\/","og_site_name":"GIATSU","article_modified_time":"2025-04-25T11:20:06+00:00","og_image":[{"width":800,"height":800,"url":"https:\/\/giatsu.com\/wp-content\/uploads\/2023\/08\/w2-3-a2647c.webp","type":"image\/webp"}],"twitter_card":"summary_large_image","twitter_misc":{"Est. reading time":"1 minute"},"schema":{"@context":"https:\/\/schema.org","@graph":[{"@type":"WebPage","@id":"https:\/\/giatsu.com\/pt\/comercial-2\/equipamento-para-janelas\/equipamento-para-janelas-w2\/","url":"https:\/\/giatsu.com\/pt\/comercial-2\/equipamento-para-janelas\/equipamento-para-janelas-w2\/","name":"EQUIPAMENTO PARA JANELAS W2","isPartOf":{"@id":"https:\/\/giatsu.com\/es\/#website"},"primaryImageOfPage":{"@id":"https:\/\/giatsu.com\/pt\/comercial-2\/equipamento-para-janelas\/equipamento-para-janelas-w2\/#primaryimage"},"image":{"@id":"https:\/\/giatsu.com\/pt\/comercial-2\/equipamento-para-janelas\/equipamento-para-janelas-w2\/#primaryimage"},"thumbnailUrl":"https:\/\/giatsu.com\/wp-content\/uploads\/2023\/08\/w2-3-a2647c.webp","datePublished":"2023-06-06T07:02:44+00:00","dateModified":"2025-04-25T11:20:06+00:00","description":"\u00c9 a solu\u00e7\u00e3o ideal para aquecer e arrefecer divis\u00f5es at\u00e9 25m2.","breadcrumb":{"@id":"https:\/\/giatsu.com\/pt\/comercial-2\/equipamento-para-janelas\/equipamento-para-janelas-w2\/#breadcrumb"},"inLanguage":"pt","potentialAction":[{"@type":"ReadAction","target":["https:\/\/giatsu.com\/pt\/comercial-2\/equipamento-para-janelas\/equipamento-para-janelas-w2\/"]}]},{"@type":"ImageObject","inLanguage":"pt","@id":"https:\/\/giatsu.com\/pt\/comercial-2\/equipamento-para-janelas\/equipamento-para-janelas-w2\/#primaryimage","url":"https:\/\/giatsu.com\/wp-content\/uploads\/2023\/08\/w2-3-a2647c.webp","contentUrl":"https:\/\/giatsu.com\/wp-content\/uploads\/2023\/08\/w2-3-a2647c.webp","width":800,"height":800},{"@type":"BreadcrumbList","@id":"https:\/\/giatsu.com\/pt\/comercial-2\/equipamento-para-janelas\/equipamento-para-janelas-w2\/#breadcrumb","itemListElement":[{"@type":"ListItem","position":1,"name":"Home","item":"https:\/\/giatsu.com\/es\/"},{"@type":"ListItem","position":2,"name":"PRODUCTOS","item":"https:\/\/giatsu.com\/es\/productos\/"},{"@type":"ListItem","position":3,"name":"EQUIPAMENTO PARA JANELAS W2"}]},{"@type":"WebSite","@id":"https:\/\/giatsu.com\/es\/#website","url":"https:\/\/giatsu.com\/es\/","name":"GIATSU","description":"Quality Comfort Everywhere","potentialAction":[{"@type":"SearchAction","target":{"@type":"EntryPoint","urlTemplate":"https:\/\/giatsu.com\/es\/?s={search_term_string}"},"query-input":{"@type":"PropertyValueSpecification","valueRequired":true,"valueName":"search_term_string"}}],"inLanguage":"pt"}]}},"_links":{"self":[{"href":"https:\/\/giatsu.com\/pt\/wp-json\/wp\/v2\/product\/12433","targetHints":{"allow":["GET"]}}],"collection":[{"href":"https:\/\/giatsu.com\/pt\/wp-json\/wp\/v2\/product"}],"about":[{"href":"https:\/\/giatsu.com\/pt\/wp-json\/wp\/v2\/types\/product"}],"wp:featuredmedia":[{"embeddable":true,"href":"https:\/\/giatsu.com\/pt\/wp-json\/wp\/v2\/media\/9694"}],"wp:attachment":[{"href":"https:\/\/giatsu.com\/pt\/wp-json\/wp\/v2\/media?parent=12433"}],"wp:term":[{"taxonomy":"product_brand","embeddable":true,"href":"https:\/\/giatsu.com\/pt\/wp-json\/wp\/v2\/product_brand?post=12433"},{"taxonomy":"product_cat","embeddable":true,"href":"https:\/\/giatsu.com\/pt\/wp-json\/wp\/v2\/product_cat?post=12433"},{"taxonomy":"product_tag","embeddable":true,"href":"https:\/\/giatsu.com\/pt\/wp-json\/wp\/v2\/product_tag?post=12433"}],"curies":[{"name":"wp","href":"https:\/\/api.w.org\/{rel}","templated":true}]}}