{"id":12417,"date":"2023-06-06T07:02:34","date_gmt":"2023-06-06T07:02:34","guid":{"rendered":"https:\/\/giatsu.com\/?post_type=product&#038;p=12417"},"modified":"2025-09-19T12:19:09","modified_gmt":"2025-09-19T12:19:09","slug":"esquentador-electrico-capricornio-eco","status":"publish","type":"product","link":"https:\/\/giatsu.com\/pt\/agua-quente\/aquecedores-de-agua-electricos\/esquentador-electrico-capricornio-eco\/","title":{"rendered":"ESQUENTADOR EL\u00c9CTRICO CAPRICORNIO ECO"},"content":{"rendered":"<div class=\"wpb-content-wrapper\"><div class=\"container mb-1 moduloprincipalespictos\">\n<h2 class=\"text-center tituloprincipales\">Caracter\u00edsticas principales<\/h2>\n<div class=\"row row-cols-1 row-cols-md-2 row-cols-xl-3\">\n<div class=\"col-xs-6 col-md-3 order-last\">\n<div class=\"card\">\n                            <img decoding=\"async\" class=\"card-img-top w-100 d-block fit-cover pictoprincipalgrande\" src=\"https:\/\/giatsu.com\/wp-content\/uploads\/2023\/08\/aislamiento-de-poliuretano-de-alta-densidad-e2510f.webp\" \/><\/p>\n<div class=\"card-body p-4\">\n<h3 class=\"font-weight-bold card-title\">Isolamento de poliuretano de alta densidade<\/h3>\n<p class=\"card-text\">Permite manter a temperatura da \u00e1gua no tanque quente por mais tempo gra\u00e7as ao seu poder isolante.<\/p>\n<\/p><\/div><\/div><\/div>\n<div class=\"col-xs-6 col-md-3 order-last\">\n<div class=\"card\">\n                            <img decoding=\"async\" class=\"card-img-top w-100 d-block fit-cover pictoprincipalgrande\" src=\"https:\/\/giatsu.com\/wp-content\/uploads\/2023\/08\/anodo-de-magnesio-anticorrosion-88b41c.webp\" \/><\/p>\n<div class=\"card-body p-4\">\n<h3 class=\"font-weight-bold card-title\">\u00c2nodo de magn\u00e9sio anticorrosivo<\/h3>\n<p class=\"card-text\">Incorpora um \u00e2nodo de magn\u00e9sio anticorrosivo que aumenta a vida \u00fatil do tanque e sua resist\u00eancia.<\/p>\n<\/p><\/div><\/div><\/div>\n<div class=\"col-xs-6 col-md-3 order-last\">\n<div class=\"card\">\n                            <img decoding=\"async\" class=\"card-img-top w-100 d-block fit-cover pictoprincipalgrande\" src=\"https:\/\/giatsu.com\/wp-content\/uploads\/2023\/08\/valvula-de-seguridad-212379.webp\" \/><\/p>\n<div class=\"card-body p-4\">\n<h3 class=\"font-weight-bold card-title\">V\u00e1lvula de seguran\u00e7a<\/h3>\n<p class=\"card-text\">Com este elemento de seguran\u00e7a evitam-se poss\u00edveis quebras e fugas de \u00e1gua.<\/p>\n<\/p><\/div><\/div><\/div><\/div><\/div>\n<hr>\n<p>        [vc_row mobile_bg_img_hidden=&#8221;no&#8221; tablet_bg_img_hidden=&#8221;no&#8221; woodmart_parallax=&#8221;0&#8243; woodmart_gradient_switch=&#8221;no&#8221; row_reverse_mobile=&#8221;0&#8243; row_reverse_tablet=&#8221;0&#8243; woodmart_disable_overflow=&#8221;0&#8243; el_class=&#8221;filaImgCaracteristica&#8221;][vc_column mobile_bg_img_hidden=&#8221;no&#8221; tablet_bg_img_hidden=&#8221;no&#8221; woodmart_parallax=&#8221;0&#8243; woodmart_sticky_column=&#8221;false&#8221; parallax_scroll=&#8221;no&#8221; mobile_reset_margin=&#8221;no&#8221; tablet_reset_margin=&#8221;no&#8221;]<\/p>\n<div class=\"container mb-1\">\n<h3 class=\"text-center\">Informaci\u00f3n t\u00e9cnica<\/h3>\n<div class=\"row row-cols-1 row-cols-md-2 row-cols-xl-3 justify-content-md-center\">\n<div class=\"col-xs-1 col-md-1\">\n<div class=\"card\">\n                            <img decoding=\"async\" class=\"card-img-top w-100 d-block fit-cover pictoprincipalgrande\" src=\"https:\/\/giatsu.com\/wp-content\/uploads\/2023\/08\/tanque-esmaltado-en-polvo-seco-5f2e43.webp\" \/><\/p>\n<div class=\"card-body p-4\">\n<h4 class=\"card-text textospictospeques\">Tanque esmaltado em p\u00f3 seco<\/h4>\n<\/p><\/div><\/div><\/div>\n<div class=\"col-xs-1 col-md-1\">\n<div class=\"card\">\n                            <img decoding=\"async\" class=\"card-img-top w-100 d-block fit-cover pictoprincipalgrande\" src=\"https:\/\/giatsu.com\/wp-content\/uploads\/2023\/08\/resistencia_incoloy-840-932d36.webp\" \/><\/p>\n<div class=\"card-body p-4\">\n<h4 class=\"card-text textospictospeques\">Resist\u00eancia de cor 840<\/h4>\n<\/p><\/div><\/div><\/div><\/div><\/div>\n<\/div>","protected":false},"excerpt":{"rendered":"<p>O <strong>Esquentador El&eacute;trico Vertical CAPRICORNIO ECO<\/strong> que redefine as suas expectativas.<\/p>\n<p>O nosso produto foi concebido para lhe proporcionar uma experi&ecirc;ncia de &aacute;gua quente excecional, combinando caracter&iacute;sticas avan&ccedil;adas e tecnologia de ponta.<\/p>\n<p>O <strong>elemento de aquecimento em incoloy 840<\/strong> &eacute; uma das nossas caracter&iacute;sticas excepcionais. Oferece uma resist&ecirc;ncia superior &agrave; corros&atilde;o, garantindo uma longa vida &uacute;til e um desempenho &oacute;timo em todos os momentos. Desfrute de &aacute;gua quente sem se preocupar com os efeitos do clima e dos agentes corrosivos.<\/p>\n<p>A Capricorn ECO destaca-se pelo seu <strong>curto tempo de aquecimento<\/strong>, o que significa que pode desfrutar de &aacute;gua quente numa quest&atilde;o de minutos. Esque&ccedil;a a espera e aproveite o seu tempo ao m&aacute;ximo.<\/p>\n<p>O <strong>isolamento em poliuretano de alta densidade<\/strong> garante uma efici&ecirc;ncia energ&eacute;tica excecional, mantendo o calor no interior do esquentador.<\/p>\n<p>Com o regulador de temperatura, pode ajustar a temperatura da &aacute;gua de acordo com as suas prefer&ecirc;ncias e necessidades. Personalize a sua experi&ecirc;ncia de &aacute;gua quente para um conforto absoluto.<\/p>\n<p>Capacidades dispon&iacute;veis: 30L, 50L, 80L, 100L<\/p>\n<div class='divPictosEnergia'>[vc_single_image image=&#8217;9193&#8242; alignment=&#8217;center&#8217; woodmart_inline=&#8217;no&#8217; parallax_scroll=&#8217;no&#8217; el_class=&#8217;imgEnergia&#8217; img_size=&#8217;72&#215;36&#8242;][vc_single_image image=&#8217;10310&#8242; alignment=&#8217;center&#8217; woodmart_inline=&#8217;no&#8217; parallax_scroll=&#8217;no&#8217; el_class=&#8217;imgEnergia&#8217; img_size=&#8217;72&#215;36&#8242;]<\/div>\n<div class='pictosvoz'><\/div>\n","protected":false},"featured_media":9413,"template":"","meta":{"_monsterinsights_skip_tracking":false,"_monsterinsights_sitenote_active":false,"_monsterinsights_sitenote_note":"","_monsterinsights_sitenote_category":0},"product_brand":[],"product_cat":[717,798],"product_tag":[],"class_list":{"0":"post-12417","1":"product","2":"type-product","3":"status-publish","4":"has-post-thumbnail","6":"product_cat-agua-quente","7":"product_cat-aquecedores-de-agua-electricos","9":"first","10":"instock","11":"shipping-taxable","12":"product-type-simple"},"yoast_head":"<!-- This site is optimized with the Yoast SEO plugin v27.4 - https:\/\/yoast.com\/product\/yoast-seo-wordpress\/ -->\n<title>ESQUENTADOR EL\u00c9CTRICO CAPRICORNIO ECO<\/title>\n<meta name=\"description\" content=\"A Capricorn ECO destaca-se pelo seu curto tempo de aquecimento, o que significa que pode desfrutar de \u00e1gua quente numa quest\u00e3o de minutos. Esque\u00e7a a espera e aproveite o seu tempo ao m\u00e1ximo.\" \/>\n<meta name=\"robots\" content=\"index, follow, max-snippet:-1, max-image-preview:large, max-video-preview:-1\" \/>\n<link rel=\"canonical\" href=\"https:\/\/giatsu.com\/pt\/agua-quente\/aquecedores-de-agua-electricos\/esquentador-electrico-capricornio-eco\/\" \/>\n<meta property=\"og:locale\" content=\"pt_PT\" \/>\n<meta property=\"og:type\" content=\"article\" \/>\n<meta property=\"og:title\" content=\"ESQUENTADOR EL\u00c9CTRICO CAPRICORNIO ECO\" \/>\n<meta property=\"og:description\" content=\"A Capricorn ECO destaca-se pelo seu curto tempo de aquecimento, o que significa que pode desfrutar de \u00e1gua quente numa quest\u00e3o de minutos. Esque\u00e7a a espera e aproveite o seu tempo ao m\u00e1ximo.\" \/>\n<meta property=\"og:url\" content=\"https:\/\/giatsu.com\/pt\/agua-quente\/aquecedores-de-agua-electricos\/esquentador-electrico-capricornio-eco\/\" \/>\n<meta property=\"og:site_name\" content=\"GIATSU\" \/>\n<meta property=\"article:modified_time\" content=\"2025-09-19T12:19:09+00:00\" \/>\n<meta property=\"og:image\" content=\"https:\/\/giatsu.com\/wp-content\/uploads\/2023\/08\/capricornio2-a9c554.webp\" \/>\n\t<meta property=\"og:image:width\" content=\"800\" \/>\n\t<meta property=\"og:image:height\" content=\"800\" \/>\n\t<meta property=\"og:image:type\" content=\"image\/webp\" \/>\n<meta name=\"twitter:card\" content=\"summary_large_image\" \/>\n<meta name=\"twitter:label1\" content=\"Est. reading time\" \/>\n\t<meta name=\"twitter:data1\" content=\"1 minute\" \/>\n<script type=\"application\/ld+json\" class=\"yoast-schema-graph\">{\"@context\":\"https:\\\/\\\/schema.org\",\"@graph\":[{\"@type\":\"WebPage\",\"@id\":\"https:\\\/\\\/giatsu.com\\\/pt\\\/agua-quente\\\/aquecedores-de-agua-electricos\\\/esquentador-electrico-capricornio-eco\\\/\",\"url\":\"https:\\\/\\\/giatsu.com\\\/pt\\\/agua-quente\\\/aquecedores-de-agua-electricos\\\/esquentador-electrico-capricornio-eco\\\/\",\"name\":\"ESQUENTADOR EL\u00c9CTRICO CAPRICORNIO ECO\",\"isPartOf\":{\"@id\":\"https:\\\/\\\/giatsu.com\\\/es\\\/#website\"},\"primaryImageOfPage\":{\"@id\":\"https:\\\/\\\/giatsu.com\\\/pt\\\/agua-quente\\\/aquecedores-de-agua-electricos\\\/esquentador-electrico-capricornio-eco\\\/#primaryimage\"},\"image\":{\"@id\":\"https:\\\/\\\/giatsu.com\\\/pt\\\/agua-quente\\\/aquecedores-de-agua-electricos\\\/esquentador-electrico-capricornio-eco\\\/#primaryimage\"},\"thumbnailUrl\":\"https:\\\/\\\/giatsu.com\\\/wp-content\\\/uploads\\\/2023\\\/08\\\/capricornio2-a9c554.webp\",\"datePublished\":\"2023-06-06T07:02:34+00:00\",\"dateModified\":\"2025-09-19T12:19:09+00:00\",\"description\":\"A Capricorn ECO destaca-se pelo seu curto tempo de aquecimento, o que significa que pode desfrutar de \u00e1gua quente numa quest\u00e3o de minutos. Esque\u00e7a a espera e aproveite o seu tempo ao m\u00e1ximo.\",\"breadcrumb\":{\"@id\":\"https:\\\/\\\/giatsu.com\\\/pt\\\/agua-quente\\\/aquecedores-de-agua-electricos\\\/esquentador-electrico-capricornio-eco\\\/#breadcrumb\"},\"inLanguage\":\"pt\",\"potentialAction\":[{\"@type\":\"ReadAction\",\"target\":[\"https:\\\/\\\/giatsu.com\\\/pt\\\/agua-quente\\\/aquecedores-de-agua-electricos\\\/esquentador-electrico-capricornio-eco\\\/\"]}]},{\"@type\":\"ImageObject\",\"inLanguage\":\"pt\",\"@id\":\"https:\\\/\\\/giatsu.com\\\/pt\\\/agua-quente\\\/aquecedores-de-agua-electricos\\\/esquentador-electrico-capricornio-eco\\\/#primaryimage\",\"url\":\"https:\\\/\\\/giatsu.com\\\/wp-content\\\/uploads\\\/2023\\\/08\\\/capricornio2-a9c554.webp\",\"contentUrl\":\"https:\\\/\\\/giatsu.com\\\/wp-content\\\/uploads\\\/2023\\\/08\\\/capricornio2-a9c554.webp\",\"width\":800,\"height\":800},{\"@type\":\"BreadcrumbList\",\"@id\":\"https:\\\/\\\/giatsu.com\\\/pt\\\/agua-quente\\\/aquecedores-de-agua-electricos\\\/esquentador-electrico-capricornio-eco\\\/#breadcrumb\",\"itemListElement\":[{\"@type\":\"ListItem\",\"position\":1,\"name\":\"Home\",\"item\":\"https:\\\/\\\/giatsu.com\\\/es\\\/\"},{\"@type\":\"ListItem\",\"position\":2,\"name\":\"PRODUCTOS\",\"item\":\"https:\\\/\\\/giatsu.com\\\/es\\\/productos\\\/\"},{\"@type\":\"ListItem\",\"position\":3,\"name\":\"ESQUENTADOR EL\u00c9CTRICO CAPRICORNIO ECO\"}]},{\"@type\":\"WebSite\",\"@id\":\"https:\\\/\\\/giatsu.com\\\/es\\\/#website\",\"url\":\"https:\\\/\\\/giatsu.com\\\/es\\\/\",\"name\":\"GIATSU\",\"description\":\"Quality Comfort Everywhere\",\"potentialAction\":[{\"@type\":\"SearchAction\",\"target\":{\"@type\":\"EntryPoint\",\"urlTemplate\":\"https:\\\/\\\/giatsu.com\\\/es\\\/?s={search_term_string}\"},\"query-input\":{\"@type\":\"PropertyValueSpecification\",\"valueRequired\":true,\"valueName\":\"search_term_string\"}}],\"inLanguage\":\"pt\"}]}<\/script>\n<!-- \/ Yoast SEO plugin. -->","yoast_head_json":{"title":"ESQUENTADOR EL\u00c9CTRICO CAPRICORNIO ECO","description":"A Capricorn ECO destaca-se pelo seu curto tempo de aquecimento, o que significa que pode desfrutar de \u00e1gua quente numa quest\u00e3o de minutos. Esque\u00e7a a espera e aproveite o seu tempo ao m\u00e1ximo.","robots":{"index":"index","follow":"follow","max-snippet":"max-snippet:-1","max-image-preview":"max-image-preview:large","max-video-preview":"max-video-preview:-1"},"canonical":"https:\/\/giatsu.com\/pt\/agua-quente\/aquecedores-de-agua-electricos\/esquentador-electrico-capricornio-eco\/","og_locale":"pt_PT","og_type":"article","og_title":"ESQUENTADOR EL\u00c9CTRICO CAPRICORNIO ECO","og_description":"A Capricorn ECO destaca-se pelo seu curto tempo de aquecimento, o que significa que pode desfrutar de \u00e1gua quente numa quest\u00e3o de minutos. Esque\u00e7a a espera e aproveite o seu tempo ao m\u00e1ximo.","og_url":"https:\/\/giatsu.com\/pt\/agua-quente\/aquecedores-de-agua-electricos\/esquentador-electrico-capricornio-eco\/","og_site_name":"GIATSU","article_modified_time":"2025-09-19T12:19:09+00:00","og_image":[{"width":800,"height":800,"url":"https:\/\/giatsu.com\/wp-content\/uploads\/2023\/08\/capricornio2-a9c554.webp","type":"image\/webp"}],"twitter_card":"summary_large_image","twitter_misc":{"Est. reading time":"1 minute"},"schema":{"@context":"https:\/\/schema.org","@graph":[{"@type":"WebPage","@id":"https:\/\/giatsu.com\/pt\/agua-quente\/aquecedores-de-agua-electricos\/esquentador-electrico-capricornio-eco\/","url":"https:\/\/giatsu.com\/pt\/agua-quente\/aquecedores-de-agua-electricos\/esquentador-electrico-capricornio-eco\/","name":"ESQUENTADOR EL\u00c9CTRICO CAPRICORNIO ECO","isPartOf":{"@id":"https:\/\/giatsu.com\/es\/#website"},"primaryImageOfPage":{"@id":"https:\/\/giatsu.com\/pt\/agua-quente\/aquecedores-de-agua-electricos\/esquentador-electrico-capricornio-eco\/#primaryimage"},"image":{"@id":"https:\/\/giatsu.com\/pt\/agua-quente\/aquecedores-de-agua-electricos\/esquentador-electrico-capricornio-eco\/#primaryimage"},"thumbnailUrl":"https:\/\/giatsu.com\/wp-content\/uploads\/2023\/08\/capricornio2-a9c554.webp","datePublished":"2023-06-06T07:02:34+00:00","dateModified":"2025-09-19T12:19:09+00:00","description":"A Capricorn ECO destaca-se pelo seu curto tempo de aquecimento, o que significa que pode desfrutar de \u00e1gua quente numa quest\u00e3o de minutos. Esque\u00e7a a espera e aproveite o seu tempo ao m\u00e1ximo.","breadcrumb":{"@id":"https:\/\/giatsu.com\/pt\/agua-quente\/aquecedores-de-agua-electricos\/esquentador-electrico-capricornio-eco\/#breadcrumb"},"inLanguage":"pt","potentialAction":[{"@type":"ReadAction","target":["https:\/\/giatsu.com\/pt\/agua-quente\/aquecedores-de-agua-electricos\/esquentador-electrico-capricornio-eco\/"]}]},{"@type":"ImageObject","inLanguage":"pt","@id":"https:\/\/giatsu.com\/pt\/agua-quente\/aquecedores-de-agua-electricos\/esquentador-electrico-capricornio-eco\/#primaryimage","url":"https:\/\/giatsu.com\/wp-content\/uploads\/2023\/08\/capricornio2-a9c554.webp","contentUrl":"https:\/\/giatsu.com\/wp-content\/uploads\/2023\/08\/capricornio2-a9c554.webp","width":800,"height":800},{"@type":"BreadcrumbList","@id":"https:\/\/giatsu.com\/pt\/agua-quente\/aquecedores-de-agua-electricos\/esquentador-electrico-capricornio-eco\/#breadcrumb","itemListElement":[{"@type":"ListItem","position":1,"name":"Home","item":"https:\/\/giatsu.com\/es\/"},{"@type":"ListItem","position":2,"name":"PRODUCTOS","item":"https:\/\/giatsu.com\/es\/productos\/"},{"@type":"ListItem","position":3,"name":"ESQUENTADOR EL\u00c9CTRICO CAPRICORNIO ECO"}]},{"@type":"WebSite","@id":"https:\/\/giatsu.com\/es\/#website","url":"https:\/\/giatsu.com\/es\/","name":"GIATSU","description":"Quality Comfort Everywhere","potentialAction":[{"@type":"SearchAction","target":{"@type":"EntryPoint","urlTemplate":"https:\/\/giatsu.com\/es\/?s={search_term_string}"},"query-input":{"@type":"PropertyValueSpecification","valueRequired":true,"valueName":"search_term_string"}}],"inLanguage":"pt"}]}},"_links":{"self":[{"href":"https:\/\/giatsu.com\/pt\/wp-json\/wp\/v2\/product\/12417","targetHints":{"allow":["GET"]}}],"collection":[{"href":"https:\/\/giatsu.com\/pt\/wp-json\/wp\/v2\/product"}],"about":[{"href":"https:\/\/giatsu.com\/pt\/wp-json\/wp\/v2\/types\/product"}],"wp:featuredmedia":[{"embeddable":true,"href":"https:\/\/giatsu.com\/pt\/wp-json\/wp\/v2\/media\/9413"}],"wp:attachment":[{"href":"https:\/\/giatsu.com\/pt\/wp-json\/wp\/v2\/media?parent=12417"}],"wp:term":[{"taxonomy":"product_brand","embeddable":true,"href":"https:\/\/giatsu.com\/pt\/wp-json\/wp\/v2\/product_brand?post=12417"},{"taxonomy":"product_cat","embeddable":true,"href":"https:\/\/giatsu.com\/pt\/wp-json\/wp\/v2\/product_cat?post=12417"},{"taxonomy":"product_tag","embeddable":true,"href":"https:\/\/giatsu.com\/pt\/wp-json\/wp\/v2\/product_tag?post=12417"}],"curies":[{"name":"wp","href":"https:\/\/api.w.org\/{rel}","templated":true}]}}