{"id":12407,"date":"2023-06-06T07:02:32","date_gmt":"2023-06-06T07:02:32","guid":{"rendered":"https:\/\/giatsu.com\/?post_type=product&#038;p=12407"},"modified":"2025-09-19T12:20:24","modified_gmt":"2025-09-19T12:20:24","slug":"caldeira-electrica-inteligente","status":"publish","type":"product","link":"https:\/\/giatsu.com\/pt\/agua-quente\/aquecedores-de-agua-electricos\/caldeira-electrica-inteligente\/","title":{"rendered":"CALDEIRA EL\u00c9CTRICA INTELIGENTE"},"content":{"rendered":"<div class=\"wpb-content-wrapper\"><div class=\"container mb-1 moduloprincipalespictos\">\n<h2 class=\"text-center tituloprincipales\">Caracter\u00edsticas principales<\/h2>\n<div class=\"row row-cols-1 row-cols-md-2 row-cols-xl-3\">\n<div class=\"col-xs-6 col-md-3 order-last\">\n<div class=\"card\">\n                            <img decoding=\"async\" class=\"card-img-top w-100 d-block fit-cover pictoprincipalgrande\" src=\"https:\/\/giatsu.com\/wp-content\/uploads\/2023\/08\/wifi-incluido-cb8169.webp\" \/><\/p>\n<div class=\"card-body p-4\">\n<h3 class=\"font-weight-bold card-title\">wifi inclu\u00eddo<\/h3>\n<p class=\"card-text\">Atrav\u00e9s do aplicativo GIApp voc\u00ea pode controlar o equipamento a partir de um smartphone, tablet ou por voz com Alexa e Google Home.<\/p>\n<\/p><\/div><\/div><\/div>\n<div class=\"col-xs-6 col-md-3 order-last\">\n<div class=\"card\">\n                            <img decoding=\"async\" class=\"card-img-top w-100 d-block fit-cover pictoprincipalgrande\" src=\"https:\/\/giatsu.com\/wp-content\/uploads\/2023\/08\/anodo_electronico-559b8a.webp\" \/><\/p>\n<div class=\"card-body p-4\">\n<h3 class=\"font-weight-bold card-title\">\u00c2nodo eletr\u00f4nico<\/h3>\n<p class=\"card-text\">O \u00e2nodo eletr\u00f4nico n\u00e3o requer manuten\u00e7\u00e3o, resultando em maior prote\u00e7\u00e3o contra corros\u00e3o durante a vida \u00fatil do termoacumulador.<\/p>\n<\/p><\/div><\/div><\/div>\n<div class=\"col-xs-6 col-md-3 order-last\">\n<div class=\"card\">\n                            <img decoding=\"async\" class=\"card-img-top w-100 d-block fit-cover pictoprincipalgrande\" src=\"https:\/\/giatsu.com\/wp-content\/uploads\/2023\/08\/modo_smart-d6223e.webp\" \/><\/p>\n<div class=\"card-body p-4\">\n<h3 class=\"font-weight-bold card-title\">Modo Smart<\/h3>\n<p class=\"card-text\">O HTW Smart Plus adapta-se automaticamente aos h\u00e1bitos de cada utilizador, conseguindo uma temperatura precisa com base na procura real e poupan\u00e7as at\u00e9 20% no consumo.<\/p>\n<\/p><\/div><\/div><\/div>\n<div class=\"col-xs-6 col-md-3 order-last\">\n<div class=\"card\">\n                            <img decoding=\"async\" class=\"card-img-top w-100 d-block fit-cover pictoprincipalgrande\" src=\"https:\/\/giatsu.com\/wp-content\/uploads\/2023\/08\/resistencia-blindada-a9307e.webp\" \/><\/p>\n<div class=\"card-body p-4\">\n<h3 class=\"font-weight-bold card-title\">Resist\u00eancia blindada<\/h3>\n<p class=\"card-text\">Resist\u00eancia protegida contra corros\u00e3o e ac\u00famulo de dep\u00f3sitos minerais que podem afetar o desempenho da garrafa t\u00e9rmica.<\/p>\n<\/p><\/div><\/div><\/div><\/div><\/div>\n<hr>\n<p>        [vc_row mobile_bg_img_hidden=&#8221;no&#8221; tablet_bg_img_hidden=&#8221;no&#8221; woodmart_parallax=&#8221;0&#8243; woodmart_gradient_switch=&#8221;no&#8221; row_reverse_mobile=&#8221;0&#8243; row_reverse_tablet=&#8221;0&#8243; woodmart_disable_overflow=&#8221;0&#8243; el_class=&#8221;filaImgCaracteristica&#8221;][vc_column mobile_bg_img_hidden=&#8221;no&#8221; tablet_bg_img_hidden=&#8221;no&#8221; woodmart_parallax=&#8221;0&#8243; woodmart_sticky_column=&#8221;false&#8221; parallax_scroll=&#8221;no&#8221; mobile_reset_margin=&#8221;no&#8221; tablet_reset_margin=&#8221;no&#8221;]<\/p>\n<div class=\"container mb-1\">\n<h3 class=\"text-center\">Informaci\u00f3n t\u00e9cnica<\/h3>\n<div class=\"row row-cols-1 row-cols-md-2 row-cols-xl-3 justify-content-md-center\">\n<div class=\"col-xs-1 col-md-1\">\n<div class=\"card\">\n                            <img decoding=\"async\" class=\"card-img-top w-100 d-block fit-cover pictoprincipalgrande\" src=\"https:\/\/giatsu.com\/wp-content\/uploads\/2023\/08\/funcion-anti-congelante-bdb344.webp\" \/><\/p>\n<div class=\"card-body p-4\">\n<h4 class=\"card-text textospictospeques\">Fun\u00e7\u00e3o anticongelante<\/h4>\n<\/p><\/div><\/div><\/div>\n<div class=\"col-xs-1 col-md-1\">\n<div class=\"card\">\n                            <img decoding=\"async\" class=\"card-img-top w-100 d-block fit-cover pictoprincipalgrande\" src=\"https:\/\/giatsu.com\/wp-content\/uploads\/2023\/08\/proteccion_contra_el_sobrecalentamiento_en_seco-2c9e53.webp\" \/><\/p>\n<div class=\"card-body p-4\">\n<h4 class=\"card-text textospictospeques\">Prote\u00e7\u00e3o contra superaquecimento a seco<\/h4>\n<\/p><\/div><\/div><\/div>\n<div class=\"col-xs-1 col-md-1\">\n<div class=\"card\">\n                            <img decoding=\"async\" class=\"card-img-top w-100 d-block fit-cover pictoprincipalgrande\" src=\"https:\/\/giatsu.com\/wp-content\/uploads\/2023\/08\/funcion_anti-legionela-ce85aa.webp\" \/><\/p>\n<div class=\"card-body p-4\">\n<h4 class=\"card-text textospictospeques\">Fun\u00e7\u00e3o anti-legionela<\/h4>\n<\/p><\/div><\/div><\/div>\n<div class=\"col-xs-1 col-md-1\">\n<div class=\"card\">\n                            <img decoding=\"async\" class=\"card-img-top w-100 d-block fit-cover pictoprincipalgrande\" src=\"https:\/\/giatsu.com\/wp-content\/uploads\/2023\/08\/aislamiento_de-poliuretano_alta_densidad-a91c43.webp\" \/><\/p>\n<div class=\"card-body p-4\">\n<h4 class=\"card-text textospictospeques\">Isolamento de poliuretano de alta densidade<\/h4>\n<\/p><\/div><\/div><\/div><\/div><\/div>\n<div class=\"row justify-content-md-center\">\n<div class=\"vc_btn3-container vc_btn3-inline\" id=\"botonDescargarFicha\">\n                        <a target=\"_blank\" class=\"btn btn-light border rounded-4 botondescarga\" href=\"https:\/\/giatsu.com\/documentacion\/\/giatsu-fichas-tecnicas-termos-electricos-intelligent-portugues.pdf\" title=\"\">Baixar planilha<\/a>\n                 <\/div><\/div>\n<div class=\"row\">\n<hr>\n<div class=\"col text-center\"><a target=\"_blank\" href=\"https:\/\/giatsu.com\/documentacion\/\/giatsu-manual-de-usuario-e-instalacion-termos-electricos-intelligent-multiidioma.pdf\" class=\"btn btn-light border rounded-4 botonDescargaManual botondescarga\">Manual de usu\u00e1rio<\/a><\/div>\n<hr>\n<\/div>\n<\/div>","protected":false},"excerpt":{"rendered":"<p>O nosso <strong>esquentador el&eacute;trico INTELIGENTE<\/strong> foi concebido para lhe proporcionar uma experi&ecirc;ncia de &aacute;gua quente excecional, combinando funcionalidade avan&ccedil;ada com tecnologia inteligente.<\/p>\n<p>Com a <strong>fun&ccedil;&atilde;o Smart<\/strong>, aprende os seus h&aacute;bitos de consumo para se adaptar &agrave;s suas necessidades. &Agrave; medida que o utiliza, o esquentador ajusta-se automaticamente para lhe dar a temperatura certa nos momentos certos. Desfrute de uma experi&ecirc;ncia personalizada e eficiente.<\/p>\n<p><strong>A conetividade Wi-Fi <\/strong>e o controlo APP d&atilde;o-lhe um acesso f&aacute;cil e conveniente para controlar o seu aquecedor de &aacute;gua. A partir de qualquer lugar, a qualquer momento, pode ajustar a temperatura, definir hor&aacute;rios e receber notifica&ccedil;&otilde;es personalizadas. Mantenha o controlo total nas suas m&atilde;os.<\/p>\n<p>Com um <strong> &acirc;nodo eletr&oacute;nico<\/strong> de &uacute;ltima gera&ccedil;&atilde;o, este componente inovador prolonga a vida &uacute;til do aquecedor de &aacute;gua e reduz a acumula&ccedil;&atilde;o de sedimentos. Poupe tempo e esfor&ccedil;o e desfrute de um termoacumulador fi&aacute;vel e de baixa manuten&ccedil;&atilde;o.<\/p>\n<p><strong>O isolamento de poliuretano de alta densidade<\/strong> garante uma efici&ecirc;ncia energ&eacute;tica excecional. Mantenha o calor dentro da caldeira e desfrute de um desempenho &oacute;timo. Reduza os seus custos energ&eacute;ticos e contribua para um futuro mais sustent&aacute;vel.<\/p>\n<p>Capacidades dispon&iacute;veis: 30L 50L 80L<\/p>\n<div class='divPictosEnergia'>[vc_single_image image=&#8217;9193&#8242; alignment=&#8217;center&#8217; woodmart_inline=&#8217;no&#8217; parallax_scroll=&#8217;no&#8217; el_class=&#8217;imgEnergia&#8217; img_size=&#8217;72&#215;36&#8242;]<\/div>\n<div class='pictosvoz'><\/div>\n","protected":false},"featured_media":9158,"template":"","meta":{"_monsterinsights_skip_tracking":false,"_monsterinsights_sitenote_active":false,"_monsterinsights_sitenote_note":"","_monsterinsights_sitenote_category":0},"product_brand":[],"product_cat":[717,798],"product_tag":[],"class_list":{"0":"post-12407","1":"product","2":"type-product","3":"status-publish","4":"has-post-thumbnail","6":"product_cat-agua-quente","7":"product_cat-aquecedores-de-agua-electricos","9":"first","10":"instock","11":"shipping-taxable","12":"product-type-simple"},"yoast_head":"<!-- This site is optimized with the Yoast SEO plugin v27.4 - https:\/\/yoast.com\/product\/yoast-seo-wordpress\/ -->\n<title>Esquentador el\u00e9trico INTELLIGENT<\/title>\n<meta name=\"description\" content=\"O termoacumulador el\u00e9trico inteligente Giatsu oferece conetividade Wi-Fi e uma fun\u00e7\u00e3o inteligente que aprende os seus h\u00e1bitos de consumo para otimizar o desempenho e poupar energia. Inclui um \u00e2nodo eletr\u00f3nico de baixa manuten\u00e7\u00e3o e est\u00e1 dispon\u00edvel nas capacidades de 30, 50, 80 e 100 litros.\" \/>\n<meta name=\"robots\" content=\"index, follow, max-snippet:-1, max-image-preview:large, max-video-preview:-1\" \/>\n<link rel=\"canonical\" href=\"https:\/\/giatsu.com\/pt\/agua-quente\/aquecedores-de-agua-electricos\/caldeira-electrica-inteligente\/\" \/>\n<meta property=\"og:locale\" content=\"pt_PT\" \/>\n<meta property=\"og:type\" content=\"article\" \/>\n<meta property=\"og:title\" content=\"Esquentador el\u00e9trico INTELLIGENT\" \/>\n<meta property=\"og:description\" content=\"O termoacumulador el\u00e9trico inteligente Giatsu oferece conetividade Wi-Fi e uma fun\u00e7\u00e3o inteligente que aprende os seus h\u00e1bitos de consumo para otimizar o desempenho e poupar energia. Inclui um \u00e2nodo eletr\u00f3nico de baixa manuten\u00e7\u00e3o e est\u00e1 dispon\u00edvel nas capacidades de 30, 50, 80 e 100 litros.\" \/>\n<meta property=\"og:url\" content=\"https:\/\/giatsu.com\/pt\/agua-quente\/aquecedores-de-agua-electricos\/caldeira-electrica-inteligente\/\" \/>\n<meta property=\"og:site_name\" content=\"GIATSU\" \/>\n<meta property=\"article:modified_time\" content=\"2025-09-19T12:20:24+00:00\" \/>\n<meta property=\"og:image\" content=\"https:\/\/giatsu.com\/wp-content\/uploads\/2023\/08\/intelligent5-865966.webp\" \/>\n\t<meta property=\"og:image:width\" content=\"800\" \/>\n\t<meta property=\"og:image:height\" content=\"800\" \/>\n\t<meta property=\"og:image:type\" content=\"image\/webp\" \/>\n<meta name=\"twitter:card\" content=\"summary_large_image\" \/>\n<meta name=\"twitter:label1\" content=\"Est. reading time\" \/>\n\t<meta name=\"twitter:data1\" content=\"1 minute\" \/>\n<script type=\"application\/ld+json\" class=\"yoast-schema-graph\">{\"@context\":\"https:\\\/\\\/schema.org\",\"@graph\":[{\"@type\":\"WebPage\",\"@id\":\"https:\\\/\\\/giatsu.com\\\/pt\\\/agua-quente\\\/aquecedores-de-agua-electricos\\\/caldeira-electrica-inteligente\\\/\",\"url\":\"https:\\\/\\\/giatsu.com\\\/pt\\\/agua-quente\\\/aquecedores-de-agua-electricos\\\/caldeira-electrica-inteligente\\\/\",\"name\":\"Esquentador el\u00e9trico INTELLIGENT\",\"isPartOf\":{\"@id\":\"https:\\\/\\\/giatsu.com\\\/es\\\/#website\"},\"primaryImageOfPage\":{\"@id\":\"https:\\\/\\\/giatsu.com\\\/pt\\\/agua-quente\\\/aquecedores-de-agua-electricos\\\/caldeira-electrica-inteligente\\\/#primaryimage\"},\"image\":{\"@id\":\"https:\\\/\\\/giatsu.com\\\/pt\\\/agua-quente\\\/aquecedores-de-agua-electricos\\\/caldeira-electrica-inteligente\\\/#primaryimage\"},\"thumbnailUrl\":\"https:\\\/\\\/giatsu.com\\\/wp-content\\\/uploads\\\/2023\\\/08\\\/intelligent5-865966.webp\",\"datePublished\":\"2023-06-06T07:02:32+00:00\",\"dateModified\":\"2025-09-19T12:20:24+00:00\",\"description\":\"O termoacumulador el\u00e9trico inteligente Giatsu oferece conetividade Wi-Fi e uma fun\u00e7\u00e3o inteligente que aprende os seus h\u00e1bitos de consumo para otimizar o desempenho e poupar energia. Inclui um \u00e2nodo eletr\u00f3nico de baixa manuten\u00e7\u00e3o e est\u00e1 dispon\u00edvel nas capacidades de 30, 50, 80 e 100 litros.\",\"breadcrumb\":{\"@id\":\"https:\\\/\\\/giatsu.com\\\/pt\\\/agua-quente\\\/aquecedores-de-agua-electricos\\\/caldeira-electrica-inteligente\\\/#breadcrumb\"},\"inLanguage\":\"pt\",\"potentialAction\":[{\"@type\":\"ReadAction\",\"target\":[\"https:\\\/\\\/giatsu.com\\\/pt\\\/agua-quente\\\/aquecedores-de-agua-electricos\\\/caldeira-electrica-inteligente\\\/\"]}]},{\"@type\":\"ImageObject\",\"inLanguage\":\"pt\",\"@id\":\"https:\\\/\\\/giatsu.com\\\/pt\\\/agua-quente\\\/aquecedores-de-agua-electricos\\\/caldeira-electrica-inteligente\\\/#primaryimage\",\"url\":\"https:\\\/\\\/giatsu.com\\\/wp-content\\\/uploads\\\/2023\\\/08\\\/intelligent5-865966.webp\",\"contentUrl\":\"https:\\\/\\\/giatsu.com\\\/wp-content\\\/uploads\\\/2023\\\/08\\\/intelligent5-865966.webp\",\"width\":800,\"height\":800},{\"@type\":\"BreadcrumbList\",\"@id\":\"https:\\\/\\\/giatsu.com\\\/pt\\\/agua-quente\\\/aquecedores-de-agua-electricos\\\/caldeira-electrica-inteligente\\\/#breadcrumb\",\"itemListElement\":[{\"@type\":\"ListItem\",\"position\":1,\"name\":\"Home\",\"item\":\"https:\\\/\\\/giatsu.com\\\/es\\\/\"},{\"@type\":\"ListItem\",\"position\":2,\"name\":\"PRODUCTOS\",\"item\":\"https:\\\/\\\/giatsu.com\\\/es\\\/productos\\\/\"},{\"@type\":\"ListItem\",\"position\":3,\"name\":\"CALDEIRA EL\u00c9CTRICA INTELIGENTE\"}]},{\"@type\":\"WebSite\",\"@id\":\"https:\\\/\\\/giatsu.com\\\/es\\\/#website\",\"url\":\"https:\\\/\\\/giatsu.com\\\/es\\\/\",\"name\":\"GIATSU\",\"description\":\"Quality Comfort Everywhere\",\"potentialAction\":[{\"@type\":\"SearchAction\",\"target\":{\"@type\":\"EntryPoint\",\"urlTemplate\":\"https:\\\/\\\/giatsu.com\\\/es\\\/?s={search_term_string}\"},\"query-input\":{\"@type\":\"PropertyValueSpecification\",\"valueRequired\":true,\"valueName\":\"search_term_string\"}}],\"inLanguage\":\"pt\"}]}<\/script>\n<!-- \/ Yoast SEO plugin. -->","yoast_head_json":{"title":"Esquentador el\u00e9trico INTELLIGENT","description":"O termoacumulador el\u00e9trico inteligente Giatsu oferece conetividade Wi-Fi e uma fun\u00e7\u00e3o inteligente que aprende os seus h\u00e1bitos de consumo para otimizar o desempenho e poupar energia. Inclui um \u00e2nodo eletr\u00f3nico de baixa manuten\u00e7\u00e3o e est\u00e1 dispon\u00edvel nas capacidades de 30, 50, 80 e 100 litros.","robots":{"index":"index","follow":"follow","max-snippet":"max-snippet:-1","max-image-preview":"max-image-preview:large","max-video-preview":"max-video-preview:-1"},"canonical":"https:\/\/giatsu.com\/pt\/agua-quente\/aquecedores-de-agua-electricos\/caldeira-electrica-inteligente\/","og_locale":"pt_PT","og_type":"article","og_title":"Esquentador el\u00e9trico INTELLIGENT","og_description":"O termoacumulador el\u00e9trico inteligente Giatsu oferece conetividade Wi-Fi e uma fun\u00e7\u00e3o inteligente que aprende os seus h\u00e1bitos de consumo para otimizar o desempenho e poupar energia. Inclui um \u00e2nodo eletr\u00f3nico de baixa manuten\u00e7\u00e3o e est\u00e1 dispon\u00edvel nas capacidades de 30, 50, 80 e 100 litros.","og_url":"https:\/\/giatsu.com\/pt\/agua-quente\/aquecedores-de-agua-electricos\/caldeira-electrica-inteligente\/","og_site_name":"GIATSU","article_modified_time":"2025-09-19T12:20:24+00:00","og_image":[{"width":800,"height":800,"url":"https:\/\/giatsu.com\/wp-content\/uploads\/2023\/08\/intelligent5-865966.webp","type":"image\/webp"}],"twitter_card":"summary_large_image","twitter_misc":{"Est. reading time":"1 minute"},"schema":{"@context":"https:\/\/schema.org","@graph":[{"@type":"WebPage","@id":"https:\/\/giatsu.com\/pt\/agua-quente\/aquecedores-de-agua-electricos\/caldeira-electrica-inteligente\/","url":"https:\/\/giatsu.com\/pt\/agua-quente\/aquecedores-de-agua-electricos\/caldeira-electrica-inteligente\/","name":"Esquentador el\u00e9trico INTELLIGENT","isPartOf":{"@id":"https:\/\/giatsu.com\/es\/#website"},"primaryImageOfPage":{"@id":"https:\/\/giatsu.com\/pt\/agua-quente\/aquecedores-de-agua-electricos\/caldeira-electrica-inteligente\/#primaryimage"},"image":{"@id":"https:\/\/giatsu.com\/pt\/agua-quente\/aquecedores-de-agua-electricos\/caldeira-electrica-inteligente\/#primaryimage"},"thumbnailUrl":"https:\/\/giatsu.com\/wp-content\/uploads\/2023\/08\/intelligent5-865966.webp","datePublished":"2023-06-06T07:02:32+00:00","dateModified":"2025-09-19T12:20:24+00:00","description":"O termoacumulador el\u00e9trico inteligente Giatsu oferece conetividade Wi-Fi e uma fun\u00e7\u00e3o inteligente que aprende os seus h\u00e1bitos de consumo para otimizar o desempenho e poupar energia. Inclui um \u00e2nodo eletr\u00f3nico de baixa manuten\u00e7\u00e3o e est\u00e1 dispon\u00edvel nas capacidades de 30, 50, 80 e 100 litros.","breadcrumb":{"@id":"https:\/\/giatsu.com\/pt\/agua-quente\/aquecedores-de-agua-electricos\/caldeira-electrica-inteligente\/#breadcrumb"},"inLanguage":"pt","potentialAction":[{"@type":"ReadAction","target":["https:\/\/giatsu.com\/pt\/agua-quente\/aquecedores-de-agua-electricos\/caldeira-electrica-inteligente\/"]}]},{"@type":"ImageObject","inLanguage":"pt","@id":"https:\/\/giatsu.com\/pt\/agua-quente\/aquecedores-de-agua-electricos\/caldeira-electrica-inteligente\/#primaryimage","url":"https:\/\/giatsu.com\/wp-content\/uploads\/2023\/08\/intelligent5-865966.webp","contentUrl":"https:\/\/giatsu.com\/wp-content\/uploads\/2023\/08\/intelligent5-865966.webp","width":800,"height":800},{"@type":"BreadcrumbList","@id":"https:\/\/giatsu.com\/pt\/agua-quente\/aquecedores-de-agua-electricos\/caldeira-electrica-inteligente\/#breadcrumb","itemListElement":[{"@type":"ListItem","position":1,"name":"Home","item":"https:\/\/giatsu.com\/es\/"},{"@type":"ListItem","position":2,"name":"PRODUCTOS","item":"https:\/\/giatsu.com\/es\/productos\/"},{"@type":"ListItem","position":3,"name":"CALDEIRA EL\u00c9CTRICA INTELIGENTE"}]},{"@type":"WebSite","@id":"https:\/\/giatsu.com\/es\/#website","url":"https:\/\/giatsu.com\/es\/","name":"GIATSU","description":"Quality Comfort Everywhere","potentialAction":[{"@type":"SearchAction","target":{"@type":"EntryPoint","urlTemplate":"https:\/\/giatsu.com\/es\/?s={search_term_string}"},"query-input":{"@type":"PropertyValueSpecification","valueRequired":true,"valueName":"search_term_string"}}],"inLanguage":"pt"}]}},"_links":{"self":[{"href":"https:\/\/giatsu.com\/pt\/wp-json\/wp\/v2\/product\/12407","targetHints":{"allow":["GET"]}}],"collection":[{"href":"https:\/\/giatsu.com\/pt\/wp-json\/wp\/v2\/product"}],"about":[{"href":"https:\/\/giatsu.com\/pt\/wp-json\/wp\/v2\/types\/product"}],"wp:featuredmedia":[{"embeddable":true,"href":"https:\/\/giatsu.com\/pt\/wp-json\/wp\/v2\/media\/9158"}],"wp:attachment":[{"href":"https:\/\/giatsu.com\/pt\/wp-json\/wp\/v2\/media?parent=12407"}],"wp:term":[{"taxonomy":"product_brand","embeddable":true,"href":"https:\/\/giatsu.com\/pt\/wp-json\/wp\/v2\/product_brand?post=12407"},{"taxonomy":"product_cat","embeddable":true,"href":"https:\/\/giatsu.com\/pt\/wp-json\/wp\/v2\/product_cat?post=12407"},{"taxonomy":"product_tag","embeddable":true,"href":"https:\/\/giatsu.com\/pt\/wp-json\/wp\/v2\/product_tag?post=12407"}],"curies":[{"name":"wp","href":"https:\/\/api.w.org\/{rel}","templated":true}]}}