{"id":12397,"date":"2023-06-06T07:02:26","date_gmt":"2023-06-06T07:02:26","guid":{"rendered":"https:\/\/giatsu.com\/?post_type=product&#038;p=12397"},"modified":"2025-09-19T12:22:44","modified_gmt":"2025-09-19T12:22:44","slug":"esquentador-electrico-reversivel-piscis","status":"publish","type":"product","link":"https:\/\/giatsu.com\/pt\/agua-quente\/aquecedores-de-agua-electricos\/esquentador-electrico-reversivel-piscis\/","title":{"rendered":"ESQUENTADOR EL\u00c9CTRICO REVERS\u00cdVEL PISCIS"},"content":{"rendered":"<div class=\"wpb-content-wrapper\"><div class=\"container mb-1 moduloprincipalespictos\">\n<h2 class=\"text-center tituloprincipales\">Caracter\u00edsticas principales<\/h2>\n<div class=\"row row-cols-1 row-cols-md-2 row-cols-xl-3\">\n<div class=\"col-xs-6 col-md-3 order-last\">\n<div class=\"card\">\n                            <img decoding=\"async\" class=\"card-img-top w-100 d-block fit-cover pictoprincipalgrande\" src=\"https:\/\/giatsu.com\/wp-content\/uploads\/2023\/08\/aislamiento-de-poliuretano-de-alta-densidad-e2510f.webp\" \/><\/p>\n<div class=\"card-body p-4\">\n<h3 class=\"font-weight-bold card-title\">Isolamento de poliuretano de alta densidade<\/h3>\n<p class=\"card-text\">Permite manter a temperatura da \u00e1gua no tanque quente por mais tempo gra\u00e7as ao seu poder isolante.<\/p>\n<\/p><\/div><\/div><\/div>\n<div class=\"col-xs-6 col-md-3 order-last\">\n<div class=\"card\">\n                            <img decoding=\"async\" class=\"card-img-top w-100 d-block fit-cover pictoprincipalgrande\" src=\"https:\/\/giatsu.com\/wp-content\/uploads\/2023\/08\/instalacion-reversible-e23ff4.webp\" \/><\/p>\n<div class=\"card-body p-4\">\n<h3 class=\"font-weight-bold card-title\">Instala\u00e7\u00e3o revers\u00edvel<\/h3>\n<p class=\"card-text\">Pode ser instalado tanto na vertical como na horizontal.<\/p>\n<\/p><\/div><\/div><\/div>\n<div class=\"col-xs-6 col-md-3 order-last\">\n<div class=\"card\">\n                            <img decoding=\"async\" class=\"card-img-top w-100 d-block fit-cover pictoprincipalgrande\" src=\"https:\/\/giatsu.com\/wp-content\/uploads\/2023\/08\/valvula-de-seguridad-212379.webp\" \/><\/p>\n<div class=\"card-body p-4\">\n<h3 class=\"font-weight-bold card-title\">V\u00e1lvula de seguran\u00e7a<\/h3>\n<p class=\"card-text\">Com este elemento de seguran\u00e7a evitam-se poss\u00edveis quebras e fugas de \u00e1gua.<\/p>\n<\/p><\/div><\/div><\/div><\/div><\/div>\n<hr>\n<p>        [vc_row mobile_bg_img_hidden=&#8221;no&#8221; tablet_bg_img_hidden=&#8221;no&#8221; woodmart_parallax=&#8221;0&#8243; woodmart_gradient_switch=&#8221;no&#8221; row_reverse_mobile=&#8221;0&#8243; row_reverse_tablet=&#8221;0&#8243; woodmart_disable_overflow=&#8221;0&#8243; el_class=&#8221;filaImgCaracteristica&#8221;][vc_column mobile_bg_img_hidden=&#8221;no&#8221; tablet_bg_img_hidden=&#8221;no&#8221; woodmart_parallax=&#8221;0&#8243; woodmart_sticky_column=&#8221;false&#8221; parallax_scroll=&#8221;no&#8221; mobile_reset_margin=&#8221;no&#8221; tablet_reset_margin=&#8221;no&#8221;]<\/p>\n<div class=\"container mb-1\">\n<h3 class=\"text-center\">Informaci\u00f3n t\u00e9cnica<\/h3>\n<div class=\"row row-cols-1 row-cols-md-2 row-cols-xl-3 justify-content-md-center\">\n<div class=\"col-xs-1 col-md-1\">\n<div class=\"card\">\n                            <img decoding=\"async\" class=\"card-img-top w-100 d-block fit-cover pictoprincipalgrande\" src=\"https:\/\/giatsu.com\/wp-content\/uploads\/2023\/08\/tanque-esmaltado-en-polvo-seco-5f2e43.webp\" \/><\/p>\n<div class=\"card-body p-4\">\n<h4 class=\"card-text textospictospeques\">Tanque esmaltado em p\u00f3 seco<\/h4>\n<\/p><\/div><\/div><\/div>\n<div class=\"col-xs-1 col-md-1\">\n<div class=\"card\">\n                            <img decoding=\"async\" class=\"card-img-top w-100 d-block fit-cover pictoprincipalgrande\" src=\"https:\/\/giatsu.com\/wp-content\/uploads\/2023\/08\/resistencia_incoloy-840-932d36.webp\" \/><\/p>\n<div class=\"card-body p-4\">\n<h4 class=\"card-text textospictospeques\">Resist\u00eancia de cor 840<\/h4>\n<\/p><\/div><\/div><\/div>\n<div class=\"col-xs-1 col-md-1\">\n<div class=\"card\">\n                            <img decoding=\"async\" class=\"card-img-top w-100 d-block fit-cover pictoprincipalgrande\" src=\"https:\/\/giatsu.com\/wp-content\/uploads\/2023\/08\/anodo_magnesio_anti-corrosion-f888d7.webp\" \/><\/p>\n<div class=\"card-body p-4\">\n<h4 class=\"card-text textospictospeques\">\u00c2nodo de magn\u00e9sio anticorrosivo<\/h4>\n<\/p><\/div><\/div><\/div><\/div><\/div>\n<div class=\"row justify-content-md-center\">\n<div class=\"vc_btn3-container vc_btn3-inline\" id=\"botonDescargarFicha\">\n                        <a target=\"_blank\" class=\"btn btn-light border rounded-4 botondescarga\" href=\"https:\/\/giatsu.com\/documentacion\/\/giatsu-fichas-tecnicas-termos-electricos-piscis-portugues.pdf\" title=\"\">Baixar planilha<\/a>\n                 <\/div><\/div>\n<div class=\"row\">\n<hr>\n<div class=\"col text-center\"><a target=\"_blank\" href=\"https:\/\/giatsu.com\/documentacion\/\/giatsu-manual-de-usuario-e-instalacion-termos-electricos-piscis-portugues.pdf\" class=\"btn btn-light border rounded-4 botonDescargaManual botondescarga\">Manual de usu\u00e1rio<\/a><\/div>\n<hr>\n<\/div>\n<\/div>","protected":false},"excerpt":{"rendered":"<p>O <strong>aquecedor de &aacute;gua el&eacute;trico revers&iacute;vel Giatsu Pisces da Giatsu<\/strong> destaca-se pelo seu curto tempo de aquecimento, o que significa que ter&aacute; &aacute;gua quente numa quest&atilde;o de minutos. Diga adeus &agrave;s longas esperas e desfrute de uma experi&ecirc;ncia confort&aacute;vel e c&oacute;moda.<\/p>\n<p>Com uma <strong>vasta gama de litros dispon&iacute;veis<\/strong>, de 30L a 150L, encontrar&aacute; o tamanho perfeito para satisfazer as suas necessidades espec&iacute;ficas de AQS.<\/p>\n<p>A qualidade e o isolamento s&atilde;o fundamentais para o nosso produto. Com um <strong>isolamento de poliuretano de alta densidade<\/strong>, garantimos uma perda m&iacute;nima de calor e uma maior efici&ecirc;ncia energ&eacute;tica. Desfrute de &aacute;gua quente durante mais tempo, poupando nos custos de energia.<\/p>\n<p>A sua<strong> instala&ccedil;&atilde;o revers&iacute;vel ou multi-posi&ccedil;&otilde;es<\/strong> permite-lhe adaptar-se a qualquer espa&ccedil;o, para que possa aproveitar ao m&aacute;ximo a sua &aacute;rea dispon&iacute;vel sem comprometer a funcionalidade ou a efici&ecirc;ncia.<\/p>\n<p>Capacidades dispon&iacute;veis: 30L, 50L, 80L, 100L, 150L<\/p>\n<div class='divPictosEnergia'>[vc_single_image image=&#8217;9193&#8242; alignment=&#8217;center&#8217; woodmart_inline=&#8217;no&#8217; parallax_scroll=&#8217;no&#8217; el_class=&#8217;imgEnergia&#8217; img_size=&#8217;72&#215;36&#8242;]<\/div>\n<div class='pictosvoz'><\/div>\n","protected":false},"featured_media":9453,"template":"","meta":{"_monsterinsights_skip_tracking":false,"_monsterinsights_sitenote_active":false,"_monsterinsights_sitenote_note":"","_monsterinsights_sitenote_category":0},"product_brand":[],"product_cat":[717,798],"product_tag":[],"class_list":{"0":"post-12397","1":"product","2":"type-product","3":"status-publish","4":"has-post-thumbnail","6":"product_cat-agua-quente","7":"product_cat-aquecedores-de-agua-electricos","9":"first","10":"instock","11":"shipping-taxable","12":"product-type-simple"},"yoast_head":"<!-- This site is optimized with the Yoast SEO plugin v27.4 - https:\/\/yoast.com\/product\/yoast-seo-wordpress\/ -->\n<title>Aquecedor de \u00e1gua el\u00e9trico revers\u00edvel Pisces<\/title>\n<meta name=\"description\" content=\"Caldeira el\u00e9ctrica com sistema revers\u00edvel, isolamento de alta densidade para efici\u00eancia energ\u00e9tica e aquecimento r\u00e1pido. Dispon\u00edvel em capacidades de 30L a 150L, com instala\u00e7\u00e3o em v\u00e1rias posi\u00e7\u00f5es.\" \/>\n<meta name=\"robots\" content=\"index, follow, max-snippet:-1, max-image-preview:large, max-video-preview:-1\" \/>\n<link rel=\"canonical\" href=\"https:\/\/giatsu.com\/pt\/agua-quente\/aquecedores-de-agua-electricos\/esquentador-electrico-reversivel-piscis\/\" \/>\n<meta property=\"og:locale\" content=\"pt_PT\" \/>\n<meta property=\"og:type\" content=\"article\" \/>\n<meta property=\"og:title\" content=\"Aquecedor de \u00e1gua el\u00e9trico revers\u00edvel Pisces\" \/>\n<meta property=\"og:description\" content=\"Caldeira el\u00e9ctrica com sistema revers\u00edvel, isolamento de alta densidade para efici\u00eancia energ\u00e9tica e aquecimento r\u00e1pido. Dispon\u00edvel em capacidades de 30L a 150L, com instala\u00e7\u00e3o em v\u00e1rias posi\u00e7\u00f5es.\" \/>\n<meta property=\"og:url\" content=\"https:\/\/giatsu.com\/pt\/agua-quente\/aquecedores-de-agua-electricos\/esquentador-electrico-reversivel-piscis\/\" \/>\n<meta property=\"og:site_name\" content=\"GIATSU\" \/>\n<meta property=\"article:modified_time\" content=\"2025-09-19T12:22:44+00:00\" \/>\n<meta property=\"og:image\" content=\"https:\/\/giatsu.com\/wp-content\/uploads\/2023\/08\/piscis2-144af2.webp\" \/>\n\t<meta property=\"og:image:width\" content=\"800\" \/>\n\t<meta property=\"og:image:height\" content=\"800\" \/>\n\t<meta property=\"og:image:type\" content=\"image\/webp\" \/>\n<meta name=\"twitter:card\" content=\"summary_large_image\" \/>\n<meta name=\"twitter:label1\" content=\"Est. reading time\" \/>\n\t<meta name=\"twitter:data1\" content=\"1 minute\" \/>\n<script type=\"application\/ld+json\" class=\"yoast-schema-graph\">{\"@context\":\"https:\\\/\\\/schema.org\",\"@graph\":[{\"@type\":\"WebPage\",\"@id\":\"https:\\\/\\\/giatsu.com\\\/pt\\\/agua-quente\\\/aquecedores-de-agua-electricos\\\/esquentador-electrico-reversivel-piscis\\\/\",\"url\":\"https:\\\/\\\/giatsu.com\\\/pt\\\/agua-quente\\\/aquecedores-de-agua-electricos\\\/esquentador-electrico-reversivel-piscis\\\/\",\"name\":\"Aquecedor de \u00e1gua el\u00e9trico revers\u00edvel Pisces\",\"isPartOf\":{\"@id\":\"https:\\\/\\\/giatsu.com\\\/es\\\/#website\"},\"primaryImageOfPage\":{\"@id\":\"https:\\\/\\\/giatsu.com\\\/pt\\\/agua-quente\\\/aquecedores-de-agua-electricos\\\/esquentador-electrico-reversivel-piscis\\\/#primaryimage\"},\"image\":{\"@id\":\"https:\\\/\\\/giatsu.com\\\/pt\\\/agua-quente\\\/aquecedores-de-agua-electricos\\\/esquentador-electrico-reversivel-piscis\\\/#primaryimage\"},\"thumbnailUrl\":\"https:\\\/\\\/giatsu.com\\\/wp-content\\\/uploads\\\/2023\\\/08\\\/piscis2-144af2.webp\",\"datePublished\":\"2023-06-06T07:02:26+00:00\",\"dateModified\":\"2025-09-19T12:22:44+00:00\",\"description\":\"Caldeira el\u00e9ctrica com sistema revers\u00edvel, isolamento de alta densidade para efici\u00eancia energ\u00e9tica e aquecimento r\u00e1pido. Dispon\u00edvel em capacidades de 30L a 150L, com instala\u00e7\u00e3o em v\u00e1rias posi\u00e7\u00f5es.\",\"breadcrumb\":{\"@id\":\"https:\\\/\\\/giatsu.com\\\/pt\\\/agua-quente\\\/aquecedores-de-agua-electricos\\\/esquentador-electrico-reversivel-piscis\\\/#breadcrumb\"},\"inLanguage\":\"pt\",\"potentialAction\":[{\"@type\":\"ReadAction\",\"target\":[\"https:\\\/\\\/giatsu.com\\\/pt\\\/agua-quente\\\/aquecedores-de-agua-electricos\\\/esquentador-electrico-reversivel-piscis\\\/\"]}]},{\"@type\":\"ImageObject\",\"inLanguage\":\"pt\",\"@id\":\"https:\\\/\\\/giatsu.com\\\/pt\\\/agua-quente\\\/aquecedores-de-agua-electricos\\\/esquentador-electrico-reversivel-piscis\\\/#primaryimage\",\"url\":\"https:\\\/\\\/giatsu.com\\\/wp-content\\\/uploads\\\/2023\\\/08\\\/piscis2-144af2.webp\",\"contentUrl\":\"https:\\\/\\\/giatsu.com\\\/wp-content\\\/uploads\\\/2023\\\/08\\\/piscis2-144af2.webp\",\"width\":800,\"height\":800},{\"@type\":\"BreadcrumbList\",\"@id\":\"https:\\\/\\\/giatsu.com\\\/pt\\\/agua-quente\\\/aquecedores-de-agua-electricos\\\/esquentador-electrico-reversivel-piscis\\\/#breadcrumb\",\"itemListElement\":[{\"@type\":\"ListItem\",\"position\":1,\"name\":\"Home\",\"item\":\"https:\\\/\\\/giatsu.com\\\/es\\\/\"},{\"@type\":\"ListItem\",\"position\":2,\"name\":\"PRODUCTOS\",\"item\":\"https:\\\/\\\/giatsu.com\\\/es\\\/productos\\\/\"},{\"@type\":\"ListItem\",\"position\":3,\"name\":\"ESQUENTADOR EL\u00c9CTRICO REVERS\u00cdVEL PISCIS\"}]},{\"@type\":\"WebSite\",\"@id\":\"https:\\\/\\\/giatsu.com\\\/es\\\/#website\",\"url\":\"https:\\\/\\\/giatsu.com\\\/es\\\/\",\"name\":\"GIATSU\",\"description\":\"Quality Comfort Everywhere\",\"potentialAction\":[{\"@type\":\"SearchAction\",\"target\":{\"@type\":\"EntryPoint\",\"urlTemplate\":\"https:\\\/\\\/giatsu.com\\\/es\\\/?s={search_term_string}\"},\"query-input\":{\"@type\":\"PropertyValueSpecification\",\"valueRequired\":true,\"valueName\":\"search_term_string\"}}],\"inLanguage\":\"pt\"}]}<\/script>\n<!-- \/ Yoast SEO plugin. -->","yoast_head_json":{"title":"Aquecedor de \u00e1gua el\u00e9trico revers\u00edvel Pisces","description":"Caldeira el\u00e9ctrica com sistema revers\u00edvel, isolamento de alta densidade para efici\u00eancia energ\u00e9tica e aquecimento r\u00e1pido. Dispon\u00edvel em capacidades de 30L a 150L, com instala\u00e7\u00e3o em v\u00e1rias posi\u00e7\u00f5es.","robots":{"index":"index","follow":"follow","max-snippet":"max-snippet:-1","max-image-preview":"max-image-preview:large","max-video-preview":"max-video-preview:-1"},"canonical":"https:\/\/giatsu.com\/pt\/agua-quente\/aquecedores-de-agua-electricos\/esquentador-electrico-reversivel-piscis\/","og_locale":"pt_PT","og_type":"article","og_title":"Aquecedor de \u00e1gua el\u00e9trico revers\u00edvel Pisces","og_description":"Caldeira el\u00e9ctrica com sistema revers\u00edvel, isolamento de alta densidade para efici\u00eancia energ\u00e9tica e aquecimento r\u00e1pido. Dispon\u00edvel em capacidades de 30L a 150L, com instala\u00e7\u00e3o em v\u00e1rias posi\u00e7\u00f5es.","og_url":"https:\/\/giatsu.com\/pt\/agua-quente\/aquecedores-de-agua-electricos\/esquentador-electrico-reversivel-piscis\/","og_site_name":"GIATSU","article_modified_time":"2025-09-19T12:22:44+00:00","og_image":[{"width":800,"height":800,"url":"https:\/\/giatsu.com\/wp-content\/uploads\/2023\/08\/piscis2-144af2.webp","type":"image\/webp"}],"twitter_card":"summary_large_image","twitter_misc":{"Est. reading time":"1 minute"},"schema":{"@context":"https:\/\/schema.org","@graph":[{"@type":"WebPage","@id":"https:\/\/giatsu.com\/pt\/agua-quente\/aquecedores-de-agua-electricos\/esquentador-electrico-reversivel-piscis\/","url":"https:\/\/giatsu.com\/pt\/agua-quente\/aquecedores-de-agua-electricos\/esquentador-electrico-reversivel-piscis\/","name":"Aquecedor de \u00e1gua el\u00e9trico revers\u00edvel Pisces","isPartOf":{"@id":"https:\/\/giatsu.com\/es\/#website"},"primaryImageOfPage":{"@id":"https:\/\/giatsu.com\/pt\/agua-quente\/aquecedores-de-agua-electricos\/esquentador-electrico-reversivel-piscis\/#primaryimage"},"image":{"@id":"https:\/\/giatsu.com\/pt\/agua-quente\/aquecedores-de-agua-electricos\/esquentador-electrico-reversivel-piscis\/#primaryimage"},"thumbnailUrl":"https:\/\/giatsu.com\/wp-content\/uploads\/2023\/08\/piscis2-144af2.webp","datePublished":"2023-06-06T07:02:26+00:00","dateModified":"2025-09-19T12:22:44+00:00","description":"Caldeira el\u00e9ctrica com sistema revers\u00edvel, isolamento de alta densidade para efici\u00eancia energ\u00e9tica e aquecimento r\u00e1pido. Dispon\u00edvel em capacidades de 30L a 150L, com instala\u00e7\u00e3o em v\u00e1rias posi\u00e7\u00f5es.","breadcrumb":{"@id":"https:\/\/giatsu.com\/pt\/agua-quente\/aquecedores-de-agua-electricos\/esquentador-electrico-reversivel-piscis\/#breadcrumb"},"inLanguage":"pt","potentialAction":[{"@type":"ReadAction","target":["https:\/\/giatsu.com\/pt\/agua-quente\/aquecedores-de-agua-electricos\/esquentador-electrico-reversivel-piscis\/"]}]},{"@type":"ImageObject","inLanguage":"pt","@id":"https:\/\/giatsu.com\/pt\/agua-quente\/aquecedores-de-agua-electricos\/esquentador-electrico-reversivel-piscis\/#primaryimage","url":"https:\/\/giatsu.com\/wp-content\/uploads\/2023\/08\/piscis2-144af2.webp","contentUrl":"https:\/\/giatsu.com\/wp-content\/uploads\/2023\/08\/piscis2-144af2.webp","width":800,"height":800},{"@type":"BreadcrumbList","@id":"https:\/\/giatsu.com\/pt\/agua-quente\/aquecedores-de-agua-electricos\/esquentador-electrico-reversivel-piscis\/#breadcrumb","itemListElement":[{"@type":"ListItem","position":1,"name":"Home","item":"https:\/\/giatsu.com\/es\/"},{"@type":"ListItem","position":2,"name":"PRODUCTOS","item":"https:\/\/giatsu.com\/es\/productos\/"},{"@type":"ListItem","position":3,"name":"ESQUENTADOR EL\u00c9CTRICO REVERS\u00cdVEL PISCIS"}]},{"@type":"WebSite","@id":"https:\/\/giatsu.com\/es\/#website","url":"https:\/\/giatsu.com\/es\/","name":"GIATSU","description":"Quality Comfort Everywhere","potentialAction":[{"@type":"SearchAction","target":{"@type":"EntryPoint","urlTemplate":"https:\/\/giatsu.com\/es\/?s={search_term_string}"},"query-input":{"@type":"PropertyValueSpecification","valueRequired":true,"valueName":"search_term_string"}}],"inLanguage":"pt"}]}},"_links":{"self":[{"href":"https:\/\/giatsu.com\/pt\/wp-json\/wp\/v2\/product\/12397","targetHints":{"allow":["GET"]}}],"collection":[{"href":"https:\/\/giatsu.com\/pt\/wp-json\/wp\/v2\/product"}],"about":[{"href":"https:\/\/giatsu.com\/pt\/wp-json\/wp\/v2\/types\/product"}],"wp:featuredmedia":[{"embeddable":true,"href":"https:\/\/giatsu.com\/pt\/wp-json\/wp\/v2\/media\/9453"}],"wp:attachment":[{"href":"https:\/\/giatsu.com\/pt\/wp-json\/wp\/v2\/media?parent=12397"}],"wp:term":[{"taxonomy":"product_brand","embeddable":true,"href":"https:\/\/giatsu.com\/pt\/wp-json\/wp\/v2\/product_brand?post=12397"},{"taxonomy":"product_cat","embeddable":true,"href":"https:\/\/giatsu.com\/pt\/wp-json\/wp\/v2\/product_cat?post=12397"},{"taxonomy":"product_tag","embeddable":true,"href":"https:\/\/giatsu.com\/pt\/wp-json\/wp\/v2\/product_tag?post=12397"}],"curies":[{"name":"wp","href":"https:\/\/api.w.org\/{rel}","templated":true}]}}