{"id":12388,"date":"2023-06-06T07:02:24","date_gmt":"2023-06-06T07:02:24","guid":{"rendered":"https:\/\/giatsu.com\/?post_type=product&#038;p=12388"},"modified":"2025-09-19T12:13:46","modified_gmt":"2025-09-19T12:13:46","slug":"aquecedor-a-gas-duplo","status":"publish","type":"product","link":"https:\/\/giatsu.com\/pt\/agua-quente\/aquecedores-a-gas\/aquecedor-a-gas-duplo\/","title":{"rendered":"AQUECEDOR A G\u00c1S DUPLO"},"content":{"rendered":"<div class=\"wpb-content-wrapper\"><div class=\"container mb-1 moduloprincipalespictos\">\n<h2 class=\"text-center tituloprincipales\">Caracter\u00edsticas principales<\/h2>\n<div class=\"row row-cols-1 row-cols-md-2 row-cols-xl-3\">\n<div class=\"col-xs-6 col-md-3 order-last\">\n<div class=\"card\">\n                            <img decoding=\"async\" class=\"card-img-top w-100 d-block fit-cover pictoprincipalgrande\" src=\"https:\/\/giatsu.com\/wp-content\/uploads\/2023\/08\/clase-6-nox-ea2613.webp\" \/><\/p>\n<div class=\"card-body p-4\">\n<h3 class=\"font-weight-bold card-title\">Classe 6 NOx<\/h3>\n<p class=\"card-text\">As emiss\u00f5es de NOx deste aquecedor est\u00e3o abaixo de 56mg\/kWh.<\/p>\n<\/p><\/div><\/div><\/div>\n<div class=\"col-xs-6 col-md-3 order-last\">\n<div class=\"card\">\n                            <img decoding=\"async\" class=\"card-img-top w-100 d-block fit-cover pictoprincipalgrande\" src=\"https:\/\/giatsu.com\/wp-content\/uploads\/2023\/08\/display-tactil-digital-b20e4d.webp\" \/><\/p>\n<div class=\"card-body p-4\">\n<h3 class=\"font-weight-bold card-title\">Tela digital sens\u00edvel ao toque<\/h3>\n<p class=\"card-text\">A unidade possui uma tela sens\u00edvel ao toque atrav\u00e9s da qual o usu\u00e1rio pode acessar o ajuste de todas as fun\u00e7\u00f5es.<\/p>\n<\/p><\/div><\/div><\/div>\n<div class=\"col-xs-6 col-md-3 order-last\">\n<div class=\"card\">\n                            <img decoding=\"async\" class=\"card-img-top w-100 d-block fit-cover pictoprincipalgrande\" src=\"https:\/\/giatsu.com\/wp-content\/uploads\/2023\/08\/sin-llama-piloto-c253ba.webp\" \/><\/p>\n<div class=\"card-body p-4\">\n<h3 class=\"font-weight-bold card-title\">Sem chama piloto<\/h3>\n<p class=\"card-text\">A chama s\u00f3 acende quando h\u00e1 demanda de \u00e1gua quente, obtendo um uso mais seguro e maior economia.<\/p>\n<\/p><\/div><\/div><\/div><\/div><\/div>\n<hr>\n<p>        [vc_row mobile_bg_img_hidden=&#8221;no&#8221; tablet_bg_img_hidden=&#8221;no&#8221; woodmart_parallax=&#8221;0&#8243; woodmart_gradient_switch=&#8221;no&#8221; row_reverse_mobile=&#8221;0&#8243; row_reverse_tablet=&#8221;0&#8243; woodmart_disable_overflow=&#8221;0&#8243; el_class=&#8221;filaImgCaracteristica&#8221;][vc_column mobile_bg_img_hidden=&#8221;no&#8221; tablet_bg_img_hidden=&#8221;no&#8221; woodmart_parallax=&#8221;0&#8243; woodmart_sticky_column=&#8221;false&#8221; parallax_scroll=&#8221;no&#8221; mobile_reset_margin=&#8221;no&#8221; tablet_reset_margin=&#8221;no&#8221;]<\/p>\n<div class=\"container mb-1\">\n<h3 class=\"text-center\">Informaci\u00f3n t\u00e9cnica<\/h3>\n<div class=\"row row-cols-1 row-cols-md-2 row-cols-xl-3 justify-content-md-center\">\n<div class=\"col-xs-1 col-md-1\">\n<div class=\"card\">\n                            <img decoding=\"async\" class=\"card-img-top w-100 d-block fit-cover pictoprincipalgrande\" src=\"https:\/\/giatsu.com\/wp-content\/uploads\/2023\/08\/camara-estanca-8e29df.webp\" \/><\/p>\n<div class=\"card-body p-4\">\n<h4 class=\"card-text textospictospeques\">c\u00e2mara selada<\/h4>\n<\/p><\/div><\/div><\/div>\n<div class=\"col-xs-1 col-md-1\">\n<div class=\"card\">\n                            <img decoding=\"async\" class=\"card-img-top w-100 d-block fit-cover pictoprincipalgrande\" src=\"https:\/\/giatsu.com\/wp-content\/uploads\/2023\/08\/sensor_de_gas_y_temperatura-e09d39.webp\" \/><\/p>\n<div class=\"card-body p-4\">\n<h4 class=\"card-text textospictospeques\">Sensor de g\u00e1s e temperatura<\/h4>\n<\/p><\/div><\/div><\/div>\n<div class=\"col-xs-1 col-md-1\">\n<div class=\"card\">\n                            <img decoding=\"async\" class=\"card-img-top w-100 d-block fit-cover pictoprincipalgrande\" src=\"https:\/\/giatsu.com\/wp-content\/uploads\/2023\/08\/multiples_protecciones-eee867.webp\" \/><\/p>\n<div class=\"card-body p-4\">\n<h4 class=\"card-text textospictospeques\">M\u00faltiplas prote\u00e7\u00f5es<\/h4>\n<\/p><\/div><\/div><\/div>\n<div class=\"col-xs-1 col-md-1\">\n<div class=\"card\">\n                            <img decoding=\"async\" class=\"card-img-top w-100 d-block fit-cover pictoprincipalgrande\" src=\"https:\/\/giatsu.com\/wp-content\/uploads\/2023\/08\/kit_salida_de_gases_incluido-34f11b.webp\" \/><\/p>\n<div class=\"card-body p-4\">\n<h4 class=\"card-text textospictospeques\">Kit de sa\u00edda de g\u00e1s inclu\u00eddo<\/h4>\n<\/p><\/div><\/div><\/div><\/div><\/div>\n<div class=\"row justify-content-md-center\">\n<div class=\"vc_btn3-container vc_btn3-inline\" id=\"botonDescargarFicha\">\n                        <a target=\"_blank\" class=\"btn btn-light border rounded-4 botondescarga\" href=\"https:\/\/giatsu.com\/documentacion\/\/giatsu-fichas-tecnicas-calentadores-a-gas-dual-portugues.pdf\" title=\"\">Baixar planilha<\/a>\n                 <\/div><\/div>\n<div class=\"row\">\n<hr>\n<div class=\"col text-center\"><a target=\"_blank\" href=\"https:\/\/giatsu.com\/documentacion\/\/giatsu-manual-de-usuario-e-instalacion-calentadores-a-gas-dual-multiidioma.pdf\" class=\"btn btn-light border rounded-4 botonDescargaManual botondescarga\">Manual de usu\u00e1rio<\/a><\/div>\n<hr>\n<\/div>\n<\/div>","protected":false},"excerpt":{"rendered":"<p>O <strong>esquentador estanque DUAL<\/strong> obt&eacute;m uma classifica&ccedil;&atilde;o energ&eacute;tica A devido ao seu baixo consumo e &agrave; sua elevada efici&ecirc;ncia energ&eacute;tica.<\/p>\n<p>As suas <strong>emiss&otilde;es de gases inferiores a 56 mg\/kWh<\/strong> permitem-lhe cumprir os requisitos da norma ErP, o que resulta num menor impacto ambiental.<\/p>\n<p>Gra&ccedil;as &agrave; sua <strong>c&acirc;mara selada<\/strong>, o utilizador n&atilde;o corre o risco de inalar gases t&oacute;xicos em caso de fuga, uma vez que os gases de combust&atilde;o permanecem sempre no interior do aquecedor.<\/p>\n<p>O seu <strong>visor digital est&aacute; diretamente ligado &agrave; unidade de controlo do aquecedor,<\/strong> pelo que o utilizador pode definir a temperatura a que pretende que a &aacute;gua saia.<\/p>\n<p>Como n&atilde;o h&aacute; risco de fugas, este esquentador pode ser colocado em qualquer divis&atilde;o da casa, independentemente da ventila&ccedil;&atilde;o.<\/p>\n<p>Capacidades dispon&iacute;veis: 11L GN, 11L GPL<\/p>\n<div class='divPictosEnergia'>[vc_single_image image=&#8217;9138&#8242; alignment=&#8217;center&#8217; woodmart_inline=&#8217;no&#8217; parallax_scroll=&#8217;no&#8217; el_class=&#8217;imgEnergia&#8217; img_size=&#8217;72&#215;36&#8242;][vc_single_image image=&#8217;13412&#8242; alignment=&#8217;center&#8217; woodmart_inline=&#8217;no&#8217; parallax_scroll=&#8217;no&#8217; el_class=&#8217;imgEnergia&#8217; img_size=&#8217;72&#215;36&#8242;]<\/div>\n<div class='pictosvoz'><\/div>\n","protected":false},"featured_media":9368,"template":"","meta":{"_monsterinsights_skip_tracking":false,"_monsterinsights_sitenote_active":false,"_monsterinsights_sitenote_note":"","_monsterinsights_sitenote_category":0},"product_brand":[],"product_cat":[717,743],"product_tag":[],"class_list":{"0":"post-12388","1":"product","2":"type-product","3":"status-publish","4":"has-post-thumbnail","6":"product_cat-agua-quente","7":"product_cat-aquecedores-a-gas","9":"first","10":"instock","11":"shipping-taxable","12":"product-type-simple"},"yoast_head":"<!-- This site is optimized with the Yoast SEO plugin v27.4 - https:\/\/yoast.com\/product\/yoast-seo-wordpress\/ -->\n<title>Aquecedor a g\u00e1s duplo Giatsu<\/title>\n<meta name=\"description\" content=\"Aquecedor a g\u00e1s Giatsu Dual, com produ\u00e7\u00e3o at\u00e9 11L\/min, ecr\u00e3 t\u00e1til e baixas emiss\u00f5es de NOx. Dispon\u00edvel para g\u00e1s natural e GPL, incluindo kit de sa\u00edda de g\u00e1s.\" \/>\n<meta name=\"robots\" content=\"index, follow, max-snippet:-1, max-image-preview:large, max-video-preview:-1\" \/>\n<link rel=\"canonical\" href=\"https:\/\/giatsu.com\/pt\/agua-quente\/aquecedores-a-gas\/aquecedor-a-gas-duplo\/\" \/>\n<meta property=\"og:locale\" content=\"pt_PT\" \/>\n<meta property=\"og:type\" content=\"article\" \/>\n<meta property=\"og:title\" content=\"Aquecedor a g\u00e1s duplo Giatsu\" \/>\n<meta property=\"og:description\" content=\"Aquecedor a g\u00e1s Giatsu Dual, com produ\u00e7\u00e3o at\u00e9 11L\/min, ecr\u00e3 t\u00e1til e baixas emiss\u00f5es de NOx. Dispon\u00edvel para g\u00e1s natural e GPL, incluindo kit de sa\u00edda de g\u00e1s.\" \/>\n<meta property=\"og:url\" content=\"https:\/\/giatsu.com\/pt\/agua-quente\/aquecedores-a-gas\/aquecedor-a-gas-duplo\/\" \/>\n<meta property=\"og:site_name\" content=\"GIATSU\" \/>\n<meta property=\"article:modified_time\" content=\"2025-09-19T12:13:46+00:00\" \/>\n<meta property=\"og:image\" content=\"https:\/\/giatsu.com\/wp-content\/uploads\/2023\/08\/dual2-27a555.webp\" \/>\n\t<meta property=\"og:image:width\" content=\"800\" \/>\n\t<meta property=\"og:image:height\" content=\"800\" \/>\n\t<meta property=\"og:image:type\" content=\"image\/webp\" \/>\n<meta name=\"twitter:card\" content=\"summary_large_image\" \/>\n<meta name=\"twitter:label1\" content=\"Est. reading time\" \/>\n\t<meta name=\"twitter:data1\" content=\"1 minute\" \/>\n<script type=\"application\/ld+json\" class=\"yoast-schema-graph\">{\"@context\":\"https:\\\/\\\/schema.org\",\"@graph\":[{\"@type\":\"WebPage\",\"@id\":\"https:\\\/\\\/giatsu.com\\\/pt\\\/agua-quente\\\/aquecedores-a-gas\\\/aquecedor-a-gas-duplo\\\/\",\"url\":\"https:\\\/\\\/giatsu.com\\\/pt\\\/agua-quente\\\/aquecedores-a-gas\\\/aquecedor-a-gas-duplo\\\/\",\"name\":\"Aquecedor a g\u00e1s duplo Giatsu\",\"isPartOf\":{\"@id\":\"https:\\\/\\\/giatsu.com\\\/es\\\/#website\"},\"primaryImageOfPage\":{\"@id\":\"https:\\\/\\\/giatsu.com\\\/pt\\\/agua-quente\\\/aquecedores-a-gas\\\/aquecedor-a-gas-duplo\\\/#primaryimage\"},\"image\":{\"@id\":\"https:\\\/\\\/giatsu.com\\\/pt\\\/agua-quente\\\/aquecedores-a-gas\\\/aquecedor-a-gas-duplo\\\/#primaryimage\"},\"thumbnailUrl\":\"https:\\\/\\\/giatsu.com\\\/wp-content\\\/uploads\\\/2023\\\/08\\\/dual2-27a555.webp\",\"datePublished\":\"2023-06-06T07:02:24+00:00\",\"dateModified\":\"2025-09-19T12:13:46+00:00\",\"description\":\"Aquecedor a g\u00e1s Giatsu Dual, com produ\u00e7\u00e3o at\u00e9 11L\\\/min, ecr\u00e3 t\u00e1til e baixas emiss\u00f5es de NOx. Dispon\u00edvel para g\u00e1s natural e GPL, incluindo kit de sa\u00edda de g\u00e1s.\",\"breadcrumb\":{\"@id\":\"https:\\\/\\\/giatsu.com\\\/pt\\\/agua-quente\\\/aquecedores-a-gas\\\/aquecedor-a-gas-duplo\\\/#breadcrumb\"},\"inLanguage\":\"pt\",\"potentialAction\":[{\"@type\":\"ReadAction\",\"target\":[\"https:\\\/\\\/giatsu.com\\\/pt\\\/agua-quente\\\/aquecedores-a-gas\\\/aquecedor-a-gas-duplo\\\/\"]}]},{\"@type\":\"ImageObject\",\"inLanguage\":\"pt\",\"@id\":\"https:\\\/\\\/giatsu.com\\\/pt\\\/agua-quente\\\/aquecedores-a-gas\\\/aquecedor-a-gas-duplo\\\/#primaryimage\",\"url\":\"https:\\\/\\\/giatsu.com\\\/wp-content\\\/uploads\\\/2023\\\/08\\\/dual2-27a555.webp\",\"contentUrl\":\"https:\\\/\\\/giatsu.com\\\/wp-content\\\/uploads\\\/2023\\\/08\\\/dual2-27a555.webp\",\"width\":800,\"height\":800},{\"@type\":\"BreadcrumbList\",\"@id\":\"https:\\\/\\\/giatsu.com\\\/pt\\\/agua-quente\\\/aquecedores-a-gas\\\/aquecedor-a-gas-duplo\\\/#breadcrumb\",\"itemListElement\":[{\"@type\":\"ListItem\",\"position\":1,\"name\":\"Home\",\"item\":\"https:\\\/\\\/giatsu.com\\\/es\\\/\"},{\"@type\":\"ListItem\",\"position\":2,\"name\":\"PRODUCTOS\",\"item\":\"https:\\\/\\\/giatsu.com\\\/es\\\/productos\\\/\"},{\"@type\":\"ListItem\",\"position\":3,\"name\":\"AQUECEDOR A G\u00c1S DUPLO\"}]},{\"@type\":\"WebSite\",\"@id\":\"https:\\\/\\\/giatsu.com\\\/es\\\/#website\",\"url\":\"https:\\\/\\\/giatsu.com\\\/es\\\/\",\"name\":\"GIATSU\",\"description\":\"Quality Comfort Everywhere\",\"potentialAction\":[{\"@type\":\"SearchAction\",\"target\":{\"@type\":\"EntryPoint\",\"urlTemplate\":\"https:\\\/\\\/giatsu.com\\\/es\\\/?s={search_term_string}\"},\"query-input\":{\"@type\":\"PropertyValueSpecification\",\"valueRequired\":true,\"valueName\":\"search_term_string\"}}],\"inLanguage\":\"pt\"}]}<\/script>\n<!-- \/ Yoast SEO plugin. -->","yoast_head_json":{"title":"Aquecedor a g\u00e1s duplo Giatsu","description":"Aquecedor a g\u00e1s Giatsu Dual, com produ\u00e7\u00e3o at\u00e9 11L\/min, ecr\u00e3 t\u00e1til e baixas emiss\u00f5es de NOx. Dispon\u00edvel para g\u00e1s natural e GPL, incluindo kit de sa\u00edda de g\u00e1s.","robots":{"index":"index","follow":"follow","max-snippet":"max-snippet:-1","max-image-preview":"max-image-preview:large","max-video-preview":"max-video-preview:-1"},"canonical":"https:\/\/giatsu.com\/pt\/agua-quente\/aquecedores-a-gas\/aquecedor-a-gas-duplo\/","og_locale":"pt_PT","og_type":"article","og_title":"Aquecedor a g\u00e1s duplo Giatsu","og_description":"Aquecedor a g\u00e1s Giatsu Dual, com produ\u00e7\u00e3o at\u00e9 11L\/min, ecr\u00e3 t\u00e1til e baixas emiss\u00f5es de NOx. Dispon\u00edvel para g\u00e1s natural e GPL, incluindo kit de sa\u00edda de g\u00e1s.","og_url":"https:\/\/giatsu.com\/pt\/agua-quente\/aquecedores-a-gas\/aquecedor-a-gas-duplo\/","og_site_name":"GIATSU","article_modified_time":"2025-09-19T12:13:46+00:00","og_image":[{"width":800,"height":800,"url":"https:\/\/giatsu.com\/wp-content\/uploads\/2023\/08\/dual2-27a555.webp","type":"image\/webp"}],"twitter_card":"summary_large_image","twitter_misc":{"Est. reading time":"1 minute"},"schema":{"@context":"https:\/\/schema.org","@graph":[{"@type":"WebPage","@id":"https:\/\/giatsu.com\/pt\/agua-quente\/aquecedores-a-gas\/aquecedor-a-gas-duplo\/","url":"https:\/\/giatsu.com\/pt\/agua-quente\/aquecedores-a-gas\/aquecedor-a-gas-duplo\/","name":"Aquecedor a g\u00e1s duplo Giatsu","isPartOf":{"@id":"https:\/\/giatsu.com\/es\/#website"},"primaryImageOfPage":{"@id":"https:\/\/giatsu.com\/pt\/agua-quente\/aquecedores-a-gas\/aquecedor-a-gas-duplo\/#primaryimage"},"image":{"@id":"https:\/\/giatsu.com\/pt\/agua-quente\/aquecedores-a-gas\/aquecedor-a-gas-duplo\/#primaryimage"},"thumbnailUrl":"https:\/\/giatsu.com\/wp-content\/uploads\/2023\/08\/dual2-27a555.webp","datePublished":"2023-06-06T07:02:24+00:00","dateModified":"2025-09-19T12:13:46+00:00","description":"Aquecedor a g\u00e1s Giatsu Dual, com produ\u00e7\u00e3o at\u00e9 11L\/min, ecr\u00e3 t\u00e1til e baixas emiss\u00f5es de NOx. Dispon\u00edvel para g\u00e1s natural e GPL, incluindo kit de sa\u00edda de g\u00e1s.","breadcrumb":{"@id":"https:\/\/giatsu.com\/pt\/agua-quente\/aquecedores-a-gas\/aquecedor-a-gas-duplo\/#breadcrumb"},"inLanguage":"pt","potentialAction":[{"@type":"ReadAction","target":["https:\/\/giatsu.com\/pt\/agua-quente\/aquecedores-a-gas\/aquecedor-a-gas-duplo\/"]}]},{"@type":"ImageObject","inLanguage":"pt","@id":"https:\/\/giatsu.com\/pt\/agua-quente\/aquecedores-a-gas\/aquecedor-a-gas-duplo\/#primaryimage","url":"https:\/\/giatsu.com\/wp-content\/uploads\/2023\/08\/dual2-27a555.webp","contentUrl":"https:\/\/giatsu.com\/wp-content\/uploads\/2023\/08\/dual2-27a555.webp","width":800,"height":800},{"@type":"BreadcrumbList","@id":"https:\/\/giatsu.com\/pt\/agua-quente\/aquecedores-a-gas\/aquecedor-a-gas-duplo\/#breadcrumb","itemListElement":[{"@type":"ListItem","position":1,"name":"Home","item":"https:\/\/giatsu.com\/es\/"},{"@type":"ListItem","position":2,"name":"PRODUCTOS","item":"https:\/\/giatsu.com\/es\/productos\/"},{"@type":"ListItem","position":3,"name":"AQUECEDOR A G\u00c1S DUPLO"}]},{"@type":"WebSite","@id":"https:\/\/giatsu.com\/es\/#website","url":"https:\/\/giatsu.com\/es\/","name":"GIATSU","description":"Quality Comfort Everywhere","potentialAction":[{"@type":"SearchAction","target":{"@type":"EntryPoint","urlTemplate":"https:\/\/giatsu.com\/es\/?s={search_term_string}"},"query-input":{"@type":"PropertyValueSpecification","valueRequired":true,"valueName":"search_term_string"}}],"inLanguage":"pt"}]}},"_links":{"self":[{"href":"https:\/\/giatsu.com\/pt\/wp-json\/wp\/v2\/product\/12388","targetHints":{"allow":["GET"]}}],"collection":[{"href":"https:\/\/giatsu.com\/pt\/wp-json\/wp\/v2\/product"}],"about":[{"href":"https:\/\/giatsu.com\/pt\/wp-json\/wp\/v2\/types\/product"}],"wp:featuredmedia":[{"embeddable":true,"href":"https:\/\/giatsu.com\/pt\/wp-json\/wp\/v2\/media\/9368"}],"wp:attachment":[{"href":"https:\/\/giatsu.com\/pt\/wp-json\/wp\/v2\/media?parent=12388"}],"wp:term":[{"taxonomy":"product_brand","embeddable":true,"href":"https:\/\/giatsu.com\/pt\/wp-json\/wp\/v2\/product_brand?post=12388"},{"taxonomy":"product_cat","embeddable":true,"href":"https:\/\/giatsu.com\/pt\/wp-json\/wp\/v2\/product_cat?post=12388"},{"taxonomy":"product_tag","embeddable":true,"href":"https:\/\/giatsu.com\/pt\/wp-json\/wp\/v2\/product_tag?post=12388"}],"curies":[{"name":"wp","href":"https:\/\/api.w.org\/{rel}","templated":true}]}}