{"id":12380,"date":"2023-06-06T07:02:21","date_gmt":"2023-06-06T07:02:21","guid":{"rendered":"https:\/\/giatsu.com\/?post_type=product&#038;p=12380"},"modified":"2025-09-19T12:10:45","modified_gmt":"2025-09-19T12:10:45","slug":"esquentador-a-gas-rhombus","status":"publish","type":"product","link":"https:\/\/giatsu.com\/pt\/agua-quente\/aquecedores-a-gas\/esquentador-a-gas-rhombus\/","title":{"rendered":"ESQUENTADOR A G\u00c1S RHOMBUS"},"content":{"rendered":"<div class=\"wpb-content-wrapper\"><div class=\"container mb-1 moduloprincipalespictos\">\n<h2 class=\"text-center tituloprincipales\">Caracter\u00edsticas principales<\/h2>\n<div class=\"row row-cols-1 row-cols-md-2 row-cols-xl-3\">\n<div class=\"col-xs-6 col-md-3 order-last\">\n<div class=\"card\">\n                            <img decoding=\"async\" class=\"card-img-top w-100 d-block fit-cover pictoprincipalgrande\" src=\"https:\/\/giatsu.com\/wp-content\/uploads\/2023\/08\/slim-55326d.webp\" \/><\/p>\n<div class=\"card-body p-4\">\n<h3 class=\"font-weight-bold card-title\">Desenho fino<\/h3>\n<p class=\"card-text\">A altura do produto \u00e9 reduzida para se adaptar em instala\u00e7\u00f5es de espa\u00e7o reduzido.<\/p>\n<\/p><\/div><\/div><\/div>\n<div class=\"col-xs-6 col-md-3 order-last\">\n<div class=\"card\">\n                            <img decoding=\"async\" class=\"card-img-top w-100 d-block fit-cover pictoprincipalgrande\" src=\"https:\/\/giatsu.com\/wp-content\/uploads\/2023\/08\/clase-6-nox-ea2613.webp\" \/><\/p>\n<div class=\"card-body p-4\">\n<h3 class=\"font-weight-bold card-title\">Classe 6 NOx<\/h3>\n<p class=\"card-text\">As emiss\u00f5es de NOx deste aquecedor est\u00e3o abaixo de 56mg\/kWh.<\/p>\n<\/p><\/div><\/div><\/div>\n<div class=\"col-xs-6 col-md-3 order-last\">\n<div class=\"card\">\n                            <img decoding=\"async\" class=\"card-img-top w-100 d-block fit-cover pictoprincipalgrande\" src=\"https:\/\/giatsu.com\/wp-content\/uploads\/2023\/08\/compatible-con-energia-solar-8962e7.webp\" \/><\/p>\n<div class=\"card-body p-4\">\n<h3 class=\"font-weight-bold card-title\">Compat\u00edvel com energia solar<\/h3>\n<p class=\"card-text\">O equipamento est\u00e1 preparado para trabalhar em conjunto com equipamentos solares t\u00e9rmicos, aumentando a efici\u00eancia da instala\u00e7\u00e3o.<\/p>\n<\/p><\/div><\/div><\/div>\n<div class=\"col-xs-6 col-md-3 order-last\">\n<div class=\"card\">\n                            <img decoding=\"async\" class=\"card-img-top w-100 d-block fit-cover pictoprincipalgrande\" src=\"https:\/\/giatsu.com\/wp-content\/uploads\/2023\/08\/sin-llama-piloto-c253ba.webp\" \/><\/p>\n<div class=\"card-body p-4\">\n<h3 class=\"font-weight-bold card-title\">Sem chama piloto<\/h3>\n<p class=\"card-text\">A chama s\u00f3 acende quando h\u00e1 demanda de \u00e1gua quente, obtendo um uso mais seguro e maior economia.<\/p>\n<\/p><\/div><\/div><\/div><\/div><\/div>\n<hr>\n<p>        [vc_row mobile_bg_img_hidden=&#8221;no&#8221; tablet_bg_img_hidden=&#8221;no&#8221; woodmart_parallax=&#8221;0&#8243; woodmart_gradient_switch=&#8221;no&#8221; row_reverse_mobile=&#8221;0&#8243; row_reverse_tablet=&#8221;0&#8243; woodmart_disable_overflow=&#8221;0&#8243; el_class=&#8221;filaImgCaracteristica&#8221;][vc_column mobile_bg_img_hidden=&#8221;no&#8221; tablet_bg_img_hidden=&#8221;no&#8221; woodmart_parallax=&#8221;0&#8243; woodmart_sticky_column=&#8221;false&#8221; parallax_scroll=&#8221;no&#8221; mobile_reset_margin=&#8221;no&#8221; tablet_reset_margin=&#8221;no&#8221;]<\/p>\n<div class=\"container mb-1\">\n<h3 class=\"text-center\">Informaci\u00f3n t\u00e9cnica<\/h3>\n<div class=\"row row-cols-1 row-cols-md-2 row-cols-xl-3 justify-content-md-center\">\n<div class=\"col-xs-1 col-md-1\">\n<div class=\"card\">\n                            <img decoding=\"async\" class=\"card-img-top w-100 d-block fit-cover pictoprincipalgrande\" src=\"https:\/\/giatsu.com\/wp-content\/uploads\/2023\/08\/intercambiador_de_cobre_libre_de_oxigeno-622e44.webp\" \/><\/p>\n<div class=\"card-body p-4\">\n<h4 class=\"card-text textospictospeques\">Trocador de cobre sem oxig\u00eanio<\/h4>\n<\/p><\/div><\/div><\/div>\n<div class=\"col-xs-1 col-md-1\">\n<div class=\"card\">\n                            <img decoding=\"async\" class=\"card-img-top w-100 d-block fit-cover pictoprincipalgrande\" src=\"https:\/\/giatsu.com\/wp-content\/uploads\/2023\/08\/gran_produccion_de_acs_12l-df21a6.webp\" \/><\/p>\n<div class=\"card-body p-4\">\n<h4 class=\"card-text textospictospeques\">Grande produ\u00e7\u00e3o de AQS 12L<\/h4>\n<\/p><\/div><\/div><\/div>\n<div class=\"col-xs-1 col-md-1\">\n<div class=\"card\">\n                            <img decoding=\"async\" class=\"card-img-top w-100 d-block fit-cover pictoprincipalgrande\" src=\"https:\/\/giatsu.com\/wp-content\/uploads\/2023\/08\/kit_salida_de_gases_incluido-34f11b.webp\" \/><\/p>\n<div class=\"card-body p-4\">\n<h4 class=\"card-text textospictospeques\">Kit de sa\u00edda de g\u00e1s inclu\u00eddo<\/h4>\n<\/p><\/div><\/div><\/div><\/div><\/div>\n<div class=\"row justify-content-md-center\">\n<div class=\"vc_btn3-container vc_btn3-inline\" id=\"botonDescargarFicha\">\n                        <a target=\"_blank\" class=\"btn btn-light border rounded-4 botondescarga\" href=\"https:\/\/giatsu.com\/documentacion\/\/giatsu-fichas-tecnicas-calentadores-a-gas-rombo-portugues.pdf\" title=\"\">Baixar planilha<\/a>\n                 <\/div><\/div>\n<div class=\"row\">\n<hr>\n<div class=\"col text-center\"><a target=\"_blank\" href=\"https:\/\/giatsu.com\/documentacion\/\/giatsu-manual-de-usuario-e-instalacion-calentadores-a-gas-rombo-multiidioma.pdf\" class=\"btn btn-light border rounded-4 botonDescargaManual botondescarga\">Manual de usu\u00e1rio<\/a><\/div>\n<hr>\n<\/div>\n<\/div>","protected":false},"excerpt":{"rendered":"<p>O <strong>aquecedor de &aacute;gua Rombo da Giatsu<\/strong> &eacute; efici&ecirc;ncia, design e sustentabilidade numa &uacute;nica unidade.<\/p>\n<p>Gra&ccedil;as ao seu <strong>term&oacute;stato<\/strong>, a &aacute;gua &eacute; aquecida automaticamente de acordo com as condi&ccedil;&otilde;es externas.<\/p>\n<p><strong>Baixas emiss&otilde;es de NOx para um planeta mais limpo:<\/strong> incorpora tecnologia avan&ccedil;ada que minimiza as emiss&otilde;es de &oacute;xido de azoto (NOx) para o ambiente.<\/p>\n<p><strong>Design fino:<\/strong> f&aacute;cil de transportar e instalar gra&ccedil;as ao seu design fino com uma profundidade de apenas 15 cm.<\/p>\n<p><strong>Compatibilidade com a energia solar para um futuro sustent&aacute;vel:<\/strong> olhe para o futuro com o nosso esquentador estanque a g&aacute;s compat&iacute;vel com os sistemas de energia solar, reduzindo ainda mais o consumo de combust&iacute;veis f&oacute;sseis e os custos energ&eacute;ticos.<\/p>\n<p><strong>Maior poupan&ccedil;a no consumo:<\/strong> foi concebido para oferecer um &oacute;timo desempenho com um consumo de g&aacute;s altamente eficiente. Isto traduz-se numa poupan&ccedil;a significativa na fatura energ&eacute;tica, sem sacrificar a comodidade de ter &aacute;gua quente em qualquer momento.<\/p>\n<p>Capacidades dispon&iacute;veis: 12L GN 12L GPL<\/p>\n<div class='divPictosEnergia'>[vc_single_image image=&#8217;9138&#8242; alignment=&#8217;center&#8217; woodmart_inline=&#8217;no&#8217; parallax_scroll=&#8217;no&#8217; el_class=&#8217;imgEnergia&#8217; img_size=&#8217;72&#215;36&#8242;]<\/div>\n<div class='pictosvoz'><\/div>\n","protected":false},"featured_media":9118,"template":"","meta":{"_monsterinsights_skip_tracking":false,"_monsterinsights_sitenote_active":false,"_monsterinsights_sitenote_note":"","_monsterinsights_sitenote_category":0},"product_brand":[],"product_cat":[717,743],"product_tag":[],"class_list":{"0":"post-12380","1":"product","2":"type-product","3":"status-publish","4":"has-post-thumbnail","6":"product_cat-agua-quente","7":"product_cat-aquecedores-a-gas","9":"first","10":"instock","11":"shipping-taxable","12":"product-type-simple"},"yoast_head":"<!-- This site is optimized with the Yoast SEO plugin v26.6 - https:\/\/yoast.com\/wordpress\/plugins\/seo\/ -->\n<title>Aquecedor estanque Giatsu Rombo<\/title>\n<meta name=\"description\" content=\"Aquecedor a g\u00e1s com um design compacto, eficiente e com baixas emiss\u00f5es de NOx. Compat\u00edvel com energia solar, dispon\u00edvel nas vers\u00f5es 12L para g\u00e1s natural e GPL.\" \/>\n<meta name=\"robots\" content=\"index, follow, max-snippet:-1, max-image-preview:large, max-video-preview:-1\" \/>\n<link rel=\"canonical\" href=\"https:\/\/giatsu.com\/pt\/agua-quente\/aquecedores-a-gas\/esquentador-a-gas-rhombus\/\" \/>\n<meta property=\"og:locale\" content=\"pt_PT\" \/>\n<meta property=\"og:type\" content=\"article\" \/>\n<meta property=\"og:title\" content=\"Aquecedor estanque Giatsu Rombo\" \/>\n<meta property=\"og:description\" content=\"Aquecedor a g\u00e1s com um design compacto, eficiente e com baixas emiss\u00f5es de NOx. Compat\u00edvel com energia solar, dispon\u00edvel nas vers\u00f5es 12L para g\u00e1s natural e GPL.\" \/>\n<meta property=\"og:url\" content=\"https:\/\/giatsu.com\/pt\/agua-quente\/aquecedores-a-gas\/esquentador-a-gas-rhombus\/\" \/>\n<meta property=\"og:site_name\" content=\"GIATSU\" \/>\n<meta property=\"article:modified_time\" content=\"2025-09-19T12:10:45+00:00\" \/>\n<meta property=\"og:image\" content=\"https:\/\/giatsu.com\/wp-content\/uploads\/2023\/08\/rombo4-06e6fd.webp\" \/>\n\t<meta property=\"og:image:width\" content=\"800\" \/>\n\t<meta property=\"og:image:height\" content=\"800\" \/>\n\t<meta property=\"og:image:type\" content=\"image\/webp\" \/>\n<meta name=\"twitter:card\" content=\"summary_large_image\" \/>\n<meta name=\"twitter:label1\" content=\"Est. reading time\" \/>\n\t<meta name=\"twitter:data1\" content=\"1 minute\" \/>\n<script type=\"application\/ld+json\" class=\"yoast-schema-graph\">{\"@context\":\"https:\/\/schema.org\",\"@graph\":[{\"@type\":\"WebPage\",\"@id\":\"https:\/\/giatsu.com\/pt\/agua-quente\/aquecedores-a-gas\/esquentador-a-gas-rhombus\/\",\"url\":\"https:\/\/giatsu.com\/pt\/agua-quente\/aquecedores-a-gas\/esquentador-a-gas-rhombus\/\",\"name\":\"Aquecedor estanque Giatsu Rombo\",\"isPartOf\":{\"@id\":\"https:\/\/giatsu.com\/es\/#website\"},\"primaryImageOfPage\":{\"@id\":\"https:\/\/giatsu.com\/pt\/agua-quente\/aquecedores-a-gas\/esquentador-a-gas-rhombus\/#primaryimage\"},\"image\":{\"@id\":\"https:\/\/giatsu.com\/pt\/agua-quente\/aquecedores-a-gas\/esquentador-a-gas-rhombus\/#primaryimage\"},\"thumbnailUrl\":\"https:\/\/giatsu.com\/wp-content\/uploads\/2023\/08\/rombo4-06e6fd.webp\",\"datePublished\":\"2023-06-06T07:02:21+00:00\",\"dateModified\":\"2025-09-19T12:10:45+00:00\",\"description\":\"Aquecedor a g\u00e1s com um design compacto, eficiente e com baixas emiss\u00f5es de NOx. Compat\u00edvel com energia solar, dispon\u00edvel nas vers\u00f5es 12L para g\u00e1s natural e GPL.\",\"breadcrumb\":{\"@id\":\"https:\/\/giatsu.com\/pt\/agua-quente\/aquecedores-a-gas\/esquentador-a-gas-rhombus\/#breadcrumb\"},\"inLanguage\":\"pt\",\"potentialAction\":[{\"@type\":\"ReadAction\",\"target\":[\"https:\/\/giatsu.com\/pt\/agua-quente\/aquecedores-a-gas\/esquentador-a-gas-rhombus\/\"]}]},{\"@type\":\"ImageObject\",\"inLanguage\":\"pt\",\"@id\":\"https:\/\/giatsu.com\/pt\/agua-quente\/aquecedores-a-gas\/esquentador-a-gas-rhombus\/#primaryimage\",\"url\":\"https:\/\/giatsu.com\/wp-content\/uploads\/2023\/08\/rombo4-06e6fd.webp\",\"contentUrl\":\"https:\/\/giatsu.com\/wp-content\/uploads\/2023\/08\/rombo4-06e6fd.webp\",\"width\":800,\"height\":800},{\"@type\":\"BreadcrumbList\",\"@id\":\"https:\/\/giatsu.com\/pt\/agua-quente\/aquecedores-a-gas\/esquentador-a-gas-rhombus\/#breadcrumb\",\"itemListElement\":[{\"@type\":\"ListItem\",\"position\":1,\"name\":\"Home\",\"item\":\"https:\/\/giatsu.com\/es\/\"},{\"@type\":\"ListItem\",\"position\":2,\"name\":\"PRODUCTOS\",\"item\":\"https:\/\/giatsu.com\/es\/productos\/\"},{\"@type\":\"ListItem\",\"position\":3,\"name\":\"ESQUENTADOR A G\u00c1S RHOMBUS\"}]},{\"@type\":\"WebSite\",\"@id\":\"https:\/\/giatsu.com\/es\/#website\",\"url\":\"https:\/\/giatsu.com\/es\/\",\"name\":\"GIATSU\",\"description\":\"Quality Comfort Everywhere\",\"potentialAction\":[{\"@type\":\"SearchAction\",\"target\":{\"@type\":\"EntryPoint\",\"urlTemplate\":\"https:\/\/giatsu.com\/es\/?s={search_term_string}\"},\"query-input\":{\"@type\":\"PropertyValueSpecification\",\"valueRequired\":true,\"valueName\":\"search_term_string\"}}],\"inLanguage\":\"pt\"}]}<\/script>\n<!-- \/ Yoast SEO plugin. -->","yoast_head_json":{"title":"Aquecedor estanque Giatsu Rombo","description":"Aquecedor a g\u00e1s com um design compacto, eficiente e com baixas emiss\u00f5es de NOx. Compat\u00edvel com energia solar, dispon\u00edvel nas vers\u00f5es 12L para g\u00e1s natural e GPL.","robots":{"index":"index","follow":"follow","max-snippet":"max-snippet:-1","max-image-preview":"max-image-preview:large","max-video-preview":"max-video-preview:-1"},"canonical":"https:\/\/giatsu.com\/pt\/agua-quente\/aquecedores-a-gas\/esquentador-a-gas-rhombus\/","og_locale":"pt_PT","og_type":"article","og_title":"Aquecedor estanque Giatsu Rombo","og_description":"Aquecedor a g\u00e1s com um design compacto, eficiente e com baixas emiss\u00f5es de NOx. Compat\u00edvel com energia solar, dispon\u00edvel nas vers\u00f5es 12L para g\u00e1s natural e GPL.","og_url":"https:\/\/giatsu.com\/pt\/agua-quente\/aquecedores-a-gas\/esquentador-a-gas-rhombus\/","og_site_name":"GIATSU","article_modified_time":"2025-09-19T12:10:45+00:00","og_image":[{"width":800,"height":800,"url":"https:\/\/giatsu.com\/wp-content\/uploads\/2023\/08\/rombo4-06e6fd.webp","type":"image\/webp"}],"twitter_card":"summary_large_image","twitter_misc":{"Est. reading time":"1 minute"},"schema":{"@context":"https:\/\/schema.org","@graph":[{"@type":"WebPage","@id":"https:\/\/giatsu.com\/pt\/agua-quente\/aquecedores-a-gas\/esquentador-a-gas-rhombus\/","url":"https:\/\/giatsu.com\/pt\/agua-quente\/aquecedores-a-gas\/esquentador-a-gas-rhombus\/","name":"Aquecedor estanque Giatsu Rombo","isPartOf":{"@id":"https:\/\/giatsu.com\/es\/#website"},"primaryImageOfPage":{"@id":"https:\/\/giatsu.com\/pt\/agua-quente\/aquecedores-a-gas\/esquentador-a-gas-rhombus\/#primaryimage"},"image":{"@id":"https:\/\/giatsu.com\/pt\/agua-quente\/aquecedores-a-gas\/esquentador-a-gas-rhombus\/#primaryimage"},"thumbnailUrl":"https:\/\/giatsu.com\/wp-content\/uploads\/2023\/08\/rombo4-06e6fd.webp","datePublished":"2023-06-06T07:02:21+00:00","dateModified":"2025-09-19T12:10:45+00:00","description":"Aquecedor a g\u00e1s com um design compacto, eficiente e com baixas emiss\u00f5es de NOx. Compat\u00edvel com energia solar, dispon\u00edvel nas vers\u00f5es 12L para g\u00e1s natural e GPL.","breadcrumb":{"@id":"https:\/\/giatsu.com\/pt\/agua-quente\/aquecedores-a-gas\/esquentador-a-gas-rhombus\/#breadcrumb"},"inLanguage":"pt","potentialAction":[{"@type":"ReadAction","target":["https:\/\/giatsu.com\/pt\/agua-quente\/aquecedores-a-gas\/esquentador-a-gas-rhombus\/"]}]},{"@type":"ImageObject","inLanguage":"pt","@id":"https:\/\/giatsu.com\/pt\/agua-quente\/aquecedores-a-gas\/esquentador-a-gas-rhombus\/#primaryimage","url":"https:\/\/giatsu.com\/wp-content\/uploads\/2023\/08\/rombo4-06e6fd.webp","contentUrl":"https:\/\/giatsu.com\/wp-content\/uploads\/2023\/08\/rombo4-06e6fd.webp","width":800,"height":800},{"@type":"BreadcrumbList","@id":"https:\/\/giatsu.com\/pt\/agua-quente\/aquecedores-a-gas\/esquentador-a-gas-rhombus\/#breadcrumb","itemListElement":[{"@type":"ListItem","position":1,"name":"Home","item":"https:\/\/giatsu.com\/es\/"},{"@type":"ListItem","position":2,"name":"PRODUCTOS","item":"https:\/\/giatsu.com\/es\/productos\/"},{"@type":"ListItem","position":3,"name":"ESQUENTADOR A G\u00c1S RHOMBUS"}]},{"@type":"WebSite","@id":"https:\/\/giatsu.com\/es\/#website","url":"https:\/\/giatsu.com\/es\/","name":"GIATSU","description":"Quality Comfort Everywhere","potentialAction":[{"@type":"SearchAction","target":{"@type":"EntryPoint","urlTemplate":"https:\/\/giatsu.com\/es\/?s={search_term_string}"},"query-input":{"@type":"PropertyValueSpecification","valueRequired":true,"valueName":"search_term_string"}}],"inLanguage":"pt"}]}},"_links":{"self":[{"href":"https:\/\/giatsu.com\/pt\/wp-json\/wp\/v2\/product\/12380","targetHints":{"allow":["GET"]}}],"collection":[{"href":"https:\/\/giatsu.com\/pt\/wp-json\/wp\/v2\/product"}],"about":[{"href":"https:\/\/giatsu.com\/pt\/wp-json\/wp\/v2\/types\/product"}],"wp:featuredmedia":[{"embeddable":true,"href":"https:\/\/giatsu.com\/pt\/wp-json\/wp\/v2\/media\/9118"}],"wp:attachment":[{"href":"https:\/\/giatsu.com\/pt\/wp-json\/wp\/v2\/media?parent=12380"}],"wp:term":[{"taxonomy":"product_brand","embeddable":true,"href":"https:\/\/giatsu.com\/pt\/wp-json\/wp\/v2\/product_brand?post=12380"},{"taxonomy":"product_cat","embeddable":true,"href":"https:\/\/giatsu.com\/pt\/wp-json\/wp\/v2\/product_cat?post=12380"},{"taxonomy":"product_tag","embeddable":true,"href":"https:\/\/giatsu.com\/pt\/wp-json\/wp\/v2\/product_tag?post=12380"}],"curies":[{"name":"wp","href":"https:\/\/api.w.org\/{rel}","templated":true}]}}