{"id":13914,"date":"2025-08-11T10:37:34","date_gmt":"2025-08-11T10:37:34","guid":{"rendered":"https:\/\/giatsu.com\/?post_type=product&#038;p=13914"},"modified":"2025-08-26T08:22:00","modified_gmt":"2025-08-26T08:22:00","slug":"caldaia-elettrica-cubica","status":"publish","type":"product","link":"https:\/\/giatsu.com\/it\/acqua-calda\/scaldabagni-elettrici\/caldaia-elettrica-cubica\/","title":{"rendered":"CALDAIA ELETTRICA CUBICA"},"content":{"rendered":"<div class=\"wpb-content-wrapper\"><div class=\"container mb-1 moduloprincipalespictos\">\n<h2 class=\"text-center tituloprincipales\">Caracter\u00edsticas principales<\/h2>\n<div class=\"row row-cols-1 row-cols-md-2 row-cols-xl-3\">\n<div class=\"col-xs-6 col-md-3 order-last\">\n<div class=\"card\">\n                            <img decoding=\"async\" class=\"card-img-top w-100 d-block fit-cover pictoprincipalgrande\" src=\"https:\/\/giatsu.com\/wp-content\/uploads\/2023\/08\/anodo-de-magnesio-anticorrosion-88b41c.webp\" \/><\/p>\n<div class=\"card-body p-4\">\n<h3 class=\"font-weight-bold card-title\">Anodo di magnesio anticorrosivo<\/h3>\n<p class=\"card-text\">Incorpora un anodo di magnesio anticorrosivo che aumenta la vita utile del serbatoio e la sua resistenza.<\/p>\n<\/p><\/div><\/div><\/div>\n<div class=\"col-xs-6 col-md-3 order-last\">\n<div class=\"card\">\n                            <img decoding=\"async\" class=\"card-img-top w-100 d-block fit-cover pictoprincipalgrande\" src=\"https:\/\/giatsu.com\/wp-content\/uploads\/2025\/01\/incoloy-840-58144b.webp\" \/><\/p>\n<div class=\"card-body p-4\">\n<h3 class=\"font-weight-bold card-title\">Incoloy 840<\/h3>\n<p class=\"card-text\">Resistenza in acciaio inossidabile con elevata resistenza alla corrosione.<\/p>\n<\/p><\/div><\/div><\/div>\n<div class=\"col-xs-6 col-md-3 order-last\">\n<div class=\"card\">\n                            <img decoding=\"async\" class=\"card-img-top w-100 d-block fit-cover pictoprincipalgrande\" src=\"https:\/\/giatsu.com\/wp-content\/uploads\/2025\/08\/temperatura-ajustable-fc0ebc.webp\" \/><\/p>\n<div class=\"card-body p-4\">\n<h3 class=\"font-weight-bold card-title\">Temperatura regolabile<\/h3>\n<p class=\"card-text\">Dispone di un termostato esterno per regolare la temperatura con precisione in base alle esigenze dell&#8217;utente.<\/p>\n<\/p><\/div><\/div><\/div><\/div><\/div>\n<hr>\n<p>        [vc_row mobile_bg_img_hidden=&#8221;no&#8221; tablet_bg_img_hidden=&#8221;no&#8221; woodmart_parallax=&#8221;0&#8243; woodmart_gradient_switch=&#8221;no&#8221; row_reverse_mobile=&#8221;0&#8243; row_reverse_tablet=&#8221;0&#8243; woodmart_disable_overflow=&#8221;0&#8243; el_class=&#8221;filaImgCaracteristica&#8221;][vc_column mobile_bg_img_hidden=&#8221;no&#8221; tablet_bg_img_hidden=&#8221;no&#8221; woodmart_parallax=&#8221;0&#8243; woodmart_sticky_column=&#8221;false&#8221; parallax_scroll=&#8221;no&#8221; mobile_reset_margin=&#8221;no&#8221; tablet_reset_margin=&#8221;no&#8221;]<\/p>\n<div class=\"container mb-1\">\n<h3 class=\"text-center\">Informaci\u00f3n t\u00e9cnica<\/h3>\n<div class=\"row row-cols-1 row-cols-md-2 row-cols-xl-3 justify-content-md-center\">\n<div class=\"col-xs-1 col-md-1\">\n<div class=\"card\">\n                            <img decoding=\"async\" class=\"card-img-top w-100 d-block fit-cover pictoprincipalgrande\" src=\"https:\/\/giatsu.com\/wp-content\/uploads\/2023\/08\/proteccion_contra_el_sobrecalentamiento_en_seco-2c9e53.webp\" \/><\/p>\n<div class=\"card-body p-4\">\n<h4 class=\"card-text textospictospeques\">Protezione da surriscaldamento a secco<\/h4>\n<\/p><\/div><\/div><\/div>\n<div class=\"col-xs-1 col-md-1\">\n<div class=\"card\">\n                            <img decoding=\"async\" class=\"card-img-top w-100 d-block fit-cover pictoprincipalgrande\" src=\"https:\/\/giatsu.com\/wp-content\/uploads\/2023\/08\/aislamiento_de-poliuretano_alta_densidad-a91c43.webp\" \/><\/p>\n<div class=\"card-body p-4\">\n<h4 class=\"card-text textospictospeques\">Isolamento in poliuretano ad alta densit\u00e0<\/h4>\n<\/p><\/div><\/div><\/div><\/div><\/div>\n<\/div>","protected":false},"excerpt":{"rendered":"<p class=\"MsoNormal\"><strong>Compatto, efficiente e professionale.<\/strong><\/p>\n<p class=\"MsoNormal\">Il boiler elettrico Cubic incorpora un <strong>isolamento ad alta densit&agrave;<\/strong> che mantiene il calore in modo efficiente, garantendo la disponibilit&agrave; di acqua calda pi&ugrave; a lungo e riducendo il consumo energetico.<\/p>\n<p class=\"MsoNormal\">Il <strong>serbatoio smaltato a umido e l&#8221;anodo di magnesio <\/strong>offrono una protezione anticorrosione di lunga durata, garantendo una maggiore durata del prodotto anche in ambienti con durezza dell&#8221;acqua variabile.<\/p>\n<p class=\"MsoNormal\"><strong>Cubic<\/strong> include funzioni di sicurezza complete, come la <strong>protezione contro il surriscaldamento a secco<\/strong>, per offrire tranquillit&agrave; e fiducia sia agli utenti che agli installatori professionisti.<\/p>\n<p class=\"MsoNormal\" style=\"margin-left: 36.0pt;text-indent: -18.0pt\"><!-- [if !supportLists]-->&#8211;<!--[endif]--><strong>Design cubico compatto <\/strong>(440x440x390 mm) ideale per spazi ridotti.<\/p>\n<p class=\"MsoNormal\" style=\"margin-left: 36.0pt;text-indent: -18.0pt\"><!-- [if !supportLists]-->&#8211;<!--[endif]--><strong>Temperatura regolabile<\/strong>.<\/p>\n<p class=\"MsoNormal\" style=\"margin-left: 36.0pt;text-indent: -18.0pt\"><!-- [if !supportLists]-->&#8211;<!--[endif]--><strong>Facile da installare.<\/strong><\/p>\n<p class=\"MsoNormal\" style=\"margin-left: 36.0pt;text-indent: -18.0pt\"><!-- [if !supportLists]-->&#8211;<!--[endif]--> Isolamento<strong>ad alta densit&agrave;<\/strong> per trattenere il calore.<\/p>\n<p class=\"MsoNormal\" style=\"margin-left: 36.0pt;text-indent: -18.0pt\"><!-- [if !supportLists]-->&#8211;<!--[endif]--><strong>Protezione dalla corrosione <\/strong>(anodo di magnesio + serbatoio smaltato a umido).<\/p>\n<p class=\"MsoNormal\" style=\"margin-left: 36.0pt;text-indent: -18.0pt\"><!-- [if !supportLists]-->&#8211;<!--[endif]--><strong>Sicurezza:<\/strong> protezione contro il surriscaldamento a secco.<\/p>\n<p class=\"MsoNormal\" style=\"margin-left: 36.0pt;text-indent: -18.0pt\"><!-- [if !supportLists]-->&#8211;<!--[endif]--><strong>Durata ed efficienza energetica.<\/strong><\/p>\n<p class=\"MsoNormal\" style=\"margin-left: 36.0pt;text-indent: -18.0pt\"><!-- [if !supportLists]-->&#8211;<!--[endif]--><strong>Capacit&agrave; 30L.<\/strong><\/p>\n<p class=\"MsoNormal\">&nbsp;<\/p>\n<div class='divPictosEnergia'>[vc_single_image image=&#8217;9193&#8242; alignment=&#8217;center&#8217; woodmart_inline=&#8217;no&#8217; parallax_scroll=&#8217;no&#8217; el_class=&#8217;imgEnergia&#8217; img_size=&#8217;72&#215;36&#8242;]<\/div>\n<div class='pictosvoz'><\/div>\n","protected":false},"featured_media":13896,"template":"","meta":{"_monsterinsights_skip_tracking":false,"_monsterinsights_sitenote_active":false,"_monsterinsights_sitenote_note":"","_monsterinsights_sitenote_category":0},"product_brand":[],"product_cat":[701,799],"product_tag":[],"class_list":{"0":"post-13914","1":"product","2":"type-product","3":"status-publish","4":"has-post-thumbnail","6":"product_cat-acqua-calda","7":"product_cat-scaldabagni-elettrici","9":"first","10":"instock","11":"featured","12":"shipping-taxable","13":"product-type-simple"},"yoast_head":"<!-- This site is optimized with the Yoast SEO plugin v26.6 - https:\/\/yoast.com\/wordpress\/plugins\/seo\/ -->\n<title>Scaldabagno elettrico verticale cubico<\/title>\n<meta name=\"description\" content=\"Il boiler elettrico Cubic incorpora un isolamento ad alta densit\u00e0 che trattiene il calore in modo efficiente, garantendo la disponibilit\u00e0 di acqua calda pi\u00f9 a lungo e riducendo il consumo energetico.\" \/>\n<meta name=\"robots\" content=\"index, follow, max-snippet:-1, max-image-preview:large, max-video-preview:-1\" \/>\n<link rel=\"canonical\" href=\"https:\/\/giatsu.com\/it\/acqua-calda\/scaldabagni-elettrici\/caldaia-elettrica-cubica\/\" \/>\n<meta property=\"og:locale\" content=\"it_IT\" \/>\n<meta property=\"og:type\" content=\"article\" \/>\n<meta property=\"og:title\" content=\"Scaldabagno elettrico verticale cubico\" \/>\n<meta property=\"og:description\" content=\"Il boiler elettrico Cubic incorpora un isolamento ad alta densit\u00e0 che trattiene il calore in modo efficiente, garantendo la disponibilit\u00e0 di acqua calda pi\u00f9 a lungo e riducendo il consumo energetico.\" \/>\n<meta property=\"og:url\" content=\"https:\/\/giatsu.com\/it\/acqua-calda\/scaldabagni-elettrici\/caldaia-elettrica-cubica\/\" \/>\n<meta property=\"og:site_name\" content=\"GIATSU\" \/>\n<meta property=\"article:modified_time\" content=\"2025-08-26T08:22:00+00:00\" \/>\n<meta property=\"og:image\" content=\"https:\/\/giatsu.com\/wp-content\/uploads\/2025\/08\/cubic-03cc67.webp\" \/>\n\t<meta property=\"og:image:width\" content=\"1125\" \/>\n\t<meta property=\"og:image:height\" content=\"1145\" \/>\n\t<meta property=\"og:image:type\" content=\"image\/webp\" \/>\n<meta name=\"twitter:card\" content=\"summary_large_image\" \/>\n<meta name=\"twitter:label1\" content=\"Tempo di lettura stimato\" \/>\n\t<meta name=\"twitter:data1\" content=\"1 minuto\" \/>\n<script type=\"application\/ld+json\" class=\"yoast-schema-graph\">{\"@context\":\"https:\/\/schema.org\",\"@graph\":[{\"@type\":\"WebPage\",\"@id\":\"https:\/\/giatsu.com\/it\/acqua-calda\/scaldabagni-elettrici\/caldaia-elettrica-cubica\/\",\"url\":\"https:\/\/giatsu.com\/it\/acqua-calda\/scaldabagni-elettrici\/caldaia-elettrica-cubica\/\",\"name\":\"Scaldabagno elettrico verticale cubico\",\"isPartOf\":{\"@id\":\"https:\/\/giatsu.com\/es\/#website\"},\"primaryImageOfPage\":{\"@id\":\"https:\/\/giatsu.com\/it\/acqua-calda\/scaldabagni-elettrici\/caldaia-elettrica-cubica\/#primaryimage\"},\"image\":{\"@id\":\"https:\/\/giatsu.com\/it\/acqua-calda\/scaldabagni-elettrici\/caldaia-elettrica-cubica\/#primaryimage\"},\"thumbnailUrl\":\"https:\/\/giatsu.com\/wp-content\/uploads\/2025\/08\/cubic-03cc67.webp\",\"datePublished\":\"2025-08-11T10:37:34+00:00\",\"dateModified\":\"2025-08-26T08:22:00+00:00\",\"description\":\"Il boiler elettrico Cubic incorpora un isolamento ad alta densit\u00e0 che trattiene il calore in modo efficiente, garantendo la disponibilit\u00e0 di acqua calda pi\u00f9 a lungo e riducendo il consumo energetico.\",\"breadcrumb\":{\"@id\":\"https:\/\/giatsu.com\/it\/acqua-calda\/scaldabagni-elettrici\/caldaia-elettrica-cubica\/#breadcrumb\"},\"inLanguage\":\"it-IT\",\"potentialAction\":[{\"@type\":\"ReadAction\",\"target\":[\"https:\/\/giatsu.com\/it\/acqua-calda\/scaldabagni-elettrici\/caldaia-elettrica-cubica\/\"]}]},{\"@type\":\"ImageObject\",\"inLanguage\":\"it-IT\",\"@id\":\"https:\/\/giatsu.com\/it\/acqua-calda\/scaldabagni-elettrici\/caldaia-elettrica-cubica\/#primaryimage\",\"url\":\"https:\/\/giatsu.com\/wp-content\/uploads\/2025\/08\/cubic-03cc67.webp\",\"contentUrl\":\"https:\/\/giatsu.com\/wp-content\/uploads\/2025\/08\/cubic-03cc67.webp\",\"width\":1125,\"height\":1145},{\"@type\":\"BreadcrumbList\",\"@id\":\"https:\/\/giatsu.com\/it\/acqua-calda\/scaldabagni-elettrici\/caldaia-elettrica-cubica\/#breadcrumb\",\"itemListElement\":[{\"@type\":\"ListItem\",\"position\":1,\"name\":\"Home\",\"item\":\"https:\/\/giatsu.com\/es\/\"},{\"@type\":\"ListItem\",\"position\":2,\"name\":\"PRODUCTOS\",\"item\":\"https:\/\/giatsu.com\/es\/productos\/\"},{\"@type\":\"ListItem\",\"position\":3,\"name\":\"CALDAIA ELETTRICA CUBICA\"}]},{\"@type\":\"WebSite\",\"@id\":\"https:\/\/giatsu.com\/es\/#website\",\"url\":\"https:\/\/giatsu.com\/es\/\",\"name\":\"GIATSU\",\"description\":\"Quality Comfort Everywhere\",\"potentialAction\":[{\"@type\":\"SearchAction\",\"target\":{\"@type\":\"EntryPoint\",\"urlTemplate\":\"https:\/\/giatsu.com\/es\/?s={search_term_string}\"},\"query-input\":{\"@type\":\"PropertyValueSpecification\",\"valueRequired\":true,\"valueName\":\"search_term_string\"}}],\"inLanguage\":\"it-IT\"}]}<\/script>\n<!-- \/ Yoast SEO plugin. -->","yoast_head_json":{"title":"Scaldabagno elettrico verticale cubico","description":"Il boiler elettrico Cubic incorpora un isolamento ad alta densit\u00e0 che trattiene il calore in modo efficiente, garantendo la disponibilit\u00e0 di acqua calda pi\u00f9 a lungo e riducendo il consumo energetico.","robots":{"index":"index","follow":"follow","max-snippet":"max-snippet:-1","max-image-preview":"max-image-preview:large","max-video-preview":"max-video-preview:-1"},"canonical":"https:\/\/giatsu.com\/it\/acqua-calda\/scaldabagni-elettrici\/caldaia-elettrica-cubica\/","og_locale":"it_IT","og_type":"article","og_title":"Scaldabagno elettrico verticale cubico","og_description":"Il boiler elettrico Cubic incorpora un isolamento ad alta densit\u00e0 che trattiene il calore in modo efficiente, garantendo la disponibilit\u00e0 di acqua calda pi\u00f9 a lungo e riducendo il consumo energetico.","og_url":"https:\/\/giatsu.com\/it\/acqua-calda\/scaldabagni-elettrici\/caldaia-elettrica-cubica\/","og_site_name":"GIATSU","article_modified_time":"2025-08-26T08:22:00+00:00","og_image":[{"width":1125,"height":1145,"url":"https:\/\/giatsu.com\/wp-content\/uploads\/2025\/08\/cubic-03cc67.webp","type":"image\/webp"}],"twitter_card":"summary_large_image","twitter_misc":{"Tempo di lettura stimato":"1 minuto"},"schema":{"@context":"https:\/\/schema.org","@graph":[{"@type":"WebPage","@id":"https:\/\/giatsu.com\/it\/acqua-calda\/scaldabagni-elettrici\/caldaia-elettrica-cubica\/","url":"https:\/\/giatsu.com\/it\/acqua-calda\/scaldabagni-elettrici\/caldaia-elettrica-cubica\/","name":"Scaldabagno elettrico verticale cubico","isPartOf":{"@id":"https:\/\/giatsu.com\/es\/#website"},"primaryImageOfPage":{"@id":"https:\/\/giatsu.com\/it\/acqua-calda\/scaldabagni-elettrici\/caldaia-elettrica-cubica\/#primaryimage"},"image":{"@id":"https:\/\/giatsu.com\/it\/acqua-calda\/scaldabagni-elettrici\/caldaia-elettrica-cubica\/#primaryimage"},"thumbnailUrl":"https:\/\/giatsu.com\/wp-content\/uploads\/2025\/08\/cubic-03cc67.webp","datePublished":"2025-08-11T10:37:34+00:00","dateModified":"2025-08-26T08:22:00+00:00","description":"Il boiler elettrico Cubic incorpora un isolamento ad alta densit\u00e0 che trattiene il calore in modo efficiente, garantendo la disponibilit\u00e0 di acqua calda pi\u00f9 a lungo e riducendo il consumo energetico.","breadcrumb":{"@id":"https:\/\/giatsu.com\/it\/acqua-calda\/scaldabagni-elettrici\/caldaia-elettrica-cubica\/#breadcrumb"},"inLanguage":"it-IT","potentialAction":[{"@type":"ReadAction","target":["https:\/\/giatsu.com\/it\/acqua-calda\/scaldabagni-elettrici\/caldaia-elettrica-cubica\/"]}]},{"@type":"ImageObject","inLanguage":"it-IT","@id":"https:\/\/giatsu.com\/it\/acqua-calda\/scaldabagni-elettrici\/caldaia-elettrica-cubica\/#primaryimage","url":"https:\/\/giatsu.com\/wp-content\/uploads\/2025\/08\/cubic-03cc67.webp","contentUrl":"https:\/\/giatsu.com\/wp-content\/uploads\/2025\/08\/cubic-03cc67.webp","width":1125,"height":1145},{"@type":"BreadcrumbList","@id":"https:\/\/giatsu.com\/it\/acqua-calda\/scaldabagni-elettrici\/caldaia-elettrica-cubica\/#breadcrumb","itemListElement":[{"@type":"ListItem","position":1,"name":"Home","item":"https:\/\/giatsu.com\/es\/"},{"@type":"ListItem","position":2,"name":"PRODUCTOS","item":"https:\/\/giatsu.com\/es\/productos\/"},{"@type":"ListItem","position":3,"name":"CALDAIA ELETTRICA CUBICA"}]},{"@type":"WebSite","@id":"https:\/\/giatsu.com\/es\/#website","url":"https:\/\/giatsu.com\/es\/","name":"GIATSU","description":"Quality Comfort Everywhere","potentialAction":[{"@type":"SearchAction","target":{"@type":"EntryPoint","urlTemplate":"https:\/\/giatsu.com\/es\/?s={search_term_string}"},"query-input":{"@type":"PropertyValueSpecification","valueRequired":true,"valueName":"search_term_string"}}],"inLanguage":"it-IT"}]}},"_links":{"self":[{"href":"https:\/\/giatsu.com\/it\/wp-json\/wp\/v2\/product\/13914","targetHints":{"allow":["GET"]}}],"collection":[{"href":"https:\/\/giatsu.com\/it\/wp-json\/wp\/v2\/product"}],"about":[{"href":"https:\/\/giatsu.com\/it\/wp-json\/wp\/v2\/types\/product"}],"wp:featuredmedia":[{"embeddable":true,"href":"https:\/\/giatsu.com\/it\/wp-json\/wp\/v2\/media\/13896"}],"wp:attachment":[{"href":"https:\/\/giatsu.com\/it\/wp-json\/wp\/v2\/media?parent=13914"}],"wp:term":[{"taxonomy":"product_brand","embeddable":true,"href":"https:\/\/giatsu.com\/it\/wp-json\/wp\/v2\/product_brand?post=13914"},{"taxonomy":"product_cat","embeddable":true,"href":"https:\/\/giatsu.com\/it\/wp-json\/wp\/v2\/product_cat?post=13914"},{"taxonomy":"product_tag","embeddable":true,"href":"https:\/\/giatsu.com\/it\/wp-json\/wp\/v2\/product_tag?post=13914"}],"curies":[{"name":"wp","href":"https:\/\/api.w.org\/{rel}","templated":true}]}}