{"id":12583,"date":"2023-06-06T07:03:50","date_gmt":"2023-06-06T07:03:50","guid":{"rendered":"https:\/\/giatsu.com\/?post_type=product&#038;p=12583"},"modified":"2025-04-16T15:42:29","modified_gmt":"2025-04-16T15:42:29","slug":"vrf-serie-km","status":"publish","type":"product","link":"https:\/\/giatsu.com\/it\/industriale\/esterno-vrf\/vrf-serie-km\/","title":{"rendered":"VRF SERIE KM"},"content":{"rendered":"<div class=\"wpb-content-wrapper\"><div class=\"container mb-1 moduloprincipalespictos\">\n<h2 class=\"text-center tituloprincipales\">Caracter\u00edsticas principales<\/h2>\n<div class=\"row row-cols-1 row-cols-md-2 row-cols-xl-3\">\n<div class=\"col-xs-6 col-md-3 order-last\">\n<div class=\"card\">\n                            <img decoding=\"async\" class=\"card-img-top w-100 d-block fit-cover pictoprincipalgrande\" src=\"https:\/\/giatsu.com\/wp-content\/uploads\/2023\/06\/tecnologia_inverter-495dd8.webp\" \/><\/p>\n<div class=\"card-body p-4\">\n<h3 class=\"font-weight-bold card-title\">Tecnologia inverter<\/h3>\n<p class=\"card-text\">Facendo funzionare continuamente il compressore, si ottengono risparmi energetici fino al 50% rispetto alle apparecchiature convenzionali.<\/p>\n<\/p><\/div><\/div><\/div><\/div><\/div>\n<hr>\n<p>        [vc_row mobile_bg_img_hidden=&#8221;no&#8221; tablet_bg_img_hidden=&#8221;no&#8221; woodmart_parallax=&#8221;0&#8243; woodmart_gradient_switch=&#8221;no&#8221; row_reverse_mobile=&#8221;0&#8243; row_reverse_tablet=&#8221;0&#8243; woodmart_disable_overflow=&#8221;0&#8243; el_class=&#8221;filaImgCaracteristica&#8221;][vc_column mobile_bg_img_hidden=&#8221;no&#8221; tablet_bg_img_hidden=&#8221;no&#8221; woodmart_parallax=&#8221;0&#8243; woodmart_sticky_column=&#8221;false&#8221; parallax_scroll=&#8221;no&#8221; mobile_reset_margin=&#8221;no&#8221; tablet_reset_margin=&#8221;no&#8221;]<\/p>\n<div class=\"container mb-1\">\n<h3 class=\"text-center\">Informaci\u00f3n t\u00e9cnica<\/h3>\n<div class=\"row row-cols-1 row-cols-md-2 row-cols-xl-3 justify-content-md-center\">\n<div class=\"col-xs-1 col-md-1\">\n<div class=\"card\">\n                            <img decoding=\"async\" class=\"card-img-top w-100 d-block fit-cover pictoprincipalgrande\" src=\"https:\/\/giatsu.com\/wp-content\/uploads\/2023\/08\/gas_refrigerante-21d266.webp\" \/><\/p>\n<div class=\"card-body p-4\">\n<h4 class=\"card-text textospictospeques\">Gas refrigerante<\/h4>\n<\/p><\/div><\/div><\/div>\n<div class=\"col-xs-1 col-md-1\">\n<div class=\"card\">\n                            <img decoding=\"async\" class=\"card-img-top w-100 d-block fit-cover pictoprincipalgrande\" src=\"https:\/\/giatsu.com\/wp-content\/uploads\/2023\/08\/gran_eficciencia_en_calefaccion_y_refrigeracion-1c5906.webp\" \/><\/p>\n<div class=\"card-body p-4\">\n<h4 class=\"card-text textospictospeques\">Alta efficienza in riscaldamento e raffrescamento<\/h4>\n<\/p><\/div><\/div><\/div><\/div><\/div>\n<div class=\"row justify-content-md-center\">\n<div class=\"vc_btn3-container vc_btn3-inline\" id=\"botonDescargarFicha\">\n                        <a target=\"_blank\" class=\"btn btn-light border rounded-4 botondescarga\" href=\"https:\/\/giatsu.com\/documentacion\/\/giatsu-fichas-tecnicas-vrf-km-italiano.pdf\" title=\"\">Scarica foglio<\/a>\n                 <\/div><\/div>\n<div class=\"row\">\n<hr>\n<div class=\"col text-center\"><a target=\"_blank\" href=\"https:\/\/giatsu.com\/documentacion\/\/-manual-de-usuario-e-instalacion---multiidioma.pdf\" class=\"btn btn-light border rounded-4 botonDescargaManual botondescarga\">Manuale d&#8217;uso<\/a><\/div>\n<hr>\n<\/div>\n<\/div>","protected":false},"excerpt":{"rendered":"<p class=\"MsoNormal\">La capacit&agrave; di questa <strong>unit&agrave; esterna VRF<\/strong> di <strong>gestire unit&agrave; singole fino a 90 kW <\/strong>e di<strong> espandersi in cascata fino a 270 kW<\/strong> ne dimostra la versatilit&agrave; e la potenza. Dagli spazi commerciali ai progetti industriali, &egrave; stata progettata per eccellere in una variet&agrave; di applicazioni, offrendo ovunque prestazioni ottimali.<\/p>\n<p class=\"MsoNormal\">Questa unit&agrave; osa sfidare il freddo, <strong>con la capacit&agrave; di funzionare all&#8221;aperto a -30&deg;C<\/strong>. Il suo design robusto e la tecnologia all&#8221;avanguardia garantiscono prestazioni affidabili anche nei climi pi&ugrave; rigidi.<\/p>\n<p class=\"MsoNormal\">La<strong> funzione di autocheck <\/strong>dello stato del refrigerante aggiunge un livello di intelligenza e sicurezza senza precedenti. Questa unit&agrave; &egrave; stata progettata per monitorare e valutare costantemente la situazione del refrigerante, garantendo un funzionamento efficiente e prevenendo potenziali problemi prima che si verifichino.<\/p>\n<p class=\"MsoNormal\">Grazie al suo design intelligente e alla tecnologia avanzata, raggiunge prestazioni eccezionali con un <strong>consumo energetico ottimizzato,<\/strong> essenziale per il risparmio e la sostenibilit&agrave; ambientale.<\/p>\n<p class=\"MsoNormal\">Potenze disponibili: 25KW, 28KW, 33,5KW, 40KW, 45KW, 50KW, 56KW, 61,5KW, 67KW, 73KW, 78,5KW, 85KW, 90KW<\/p>\n<div class='pictosvoz'><\/div>\n","protected":false},"featured_media":11109,"template":"","meta":{"_monsterinsights_skip_tracking":false,"_monsterinsights_sitenote_active":false,"_monsterinsights_sitenote_note":"","_monsterinsights_sitenote_category":0},"product_brand":[],"product_cat":[776],"product_tag":[],"class_list":{"0":"post-12583","1":"product","2":"type-product","3":"status-publish","4":"has-post-thumbnail","6":"product_cat-esterno-vrf","8":"first","9":"instock","10":"shipping-taxable","11":"product-type-simple"},"yoast_head":"<!-- This site is optimized with the Yoast SEO plugin v27.4 - https:\/\/yoast.com\/product\/yoast-seo-wordpress\/ -->\n<title>Unit\u00e0 esterna VRF Giatsu serie KM<\/title>\n<meta name=\"description\" content=\"L&#039;&#039;unit\u00e0 esterna VRF della Serie KM di Giatsu offre capacit\u00e0 da 25 kW a 90 kW, collegabili in cascata fino a 270 kW. Progettata per funzionare in modo efficiente anche a -30\u00b0C.\" \/>\n<meta name=\"robots\" content=\"index, follow, max-snippet:-1, max-image-preview:large, max-video-preview:-1\" \/>\n<link rel=\"canonical\" href=\"https:\/\/giatsu.com\/it\/industriale\/esterno-vrf\/vrf-serie-km\/\" \/>\n<meta property=\"og:locale\" content=\"it_IT\" \/>\n<meta property=\"og:type\" content=\"article\" \/>\n<meta property=\"og:title\" content=\"Unit\u00e0 esterna VRF Giatsu serie KM\" \/>\n<meta property=\"og:description\" content=\"L&#039;&#039;unit\u00e0 esterna VRF della Serie KM di Giatsu offre capacit\u00e0 da 25 kW a 90 kW, collegabili in cascata fino a 270 kW. Progettata per funzionare in modo efficiente anche a -30\u00b0C.\" \/>\n<meta property=\"og:url\" content=\"https:\/\/giatsu.com\/it\/industriale\/esterno-vrf\/vrf-serie-km\/\" \/>\n<meta property=\"og:site_name\" content=\"GIATSU\" \/>\n<meta property=\"article:modified_time\" content=\"2025-04-16T15:42:29+00:00\" \/>\n<meta property=\"og:image\" content=\"https:\/\/giatsu.com\/wp-content\/uploads\/2023\/08\/vrf5-8a0314.webp\" \/>\n\t<meta property=\"og:image:width\" content=\"800\" \/>\n\t<meta property=\"og:image:height\" content=\"800\" \/>\n\t<meta property=\"og:image:type\" content=\"image\/webp\" \/>\n<meta name=\"twitter:card\" content=\"summary_large_image\" \/>\n<script type=\"application\/ld+json\" class=\"yoast-schema-graph\">{\"@context\":\"https:\\\/\\\/schema.org\",\"@graph\":[{\"@type\":\"WebPage\",\"@id\":\"https:\\\/\\\/giatsu.com\\\/it\\\/industriale\\\/esterno-vrf\\\/vrf-serie-km\\\/\",\"url\":\"https:\\\/\\\/giatsu.com\\\/it\\\/industriale\\\/esterno-vrf\\\/vrf-serie-km\\\/\",\"name\":\"Unit\u00e0 esterna VRF Giatsu serie KM\",\"isPartOf\":{\"@id\":\"https:\\\/\\\/giatsu.com\\\/es\\\/#website\"},\"primaryImageOfPage\":{\"@id\":\"https:\\\/\\\/giatsu.com\\\/it\\\/industriale\\\/esterno-vrf\\\/vrf-serie-km\\\/#primaryimage\"},\"image\":{\"@id\":\"https:\\\/\\\/giatsu.com\\\/it\\\/industriale\\\/esterno-vrf\\\/vrf-serie-km\\\/#primaryimage\"},\"thumbnailUrl\":\"https:\\\/\\\/giatsu.com\\\/wp-content\\\/uploads\\\/2023\\\/08\\\/vrf5-8a0314.webp\",\"datePublished\":\"2023-06-06T07:03:50+00:00\",\"dateModified\":\"2025-04-16T15:42:29+00:00\",\"description\":\"L''unit\u00e0 esterna VRF della Serie KM di Giatsu offre capacit\u00e0 da 25 kW a 90 kW, collegabili in cascata fino a 270 kW. Progettata per funzionare in modo efficiente anche a -30\u00b0C.\",\"breadcrumb\":{\"@id\":\"https:\\\/\\\/giatsu.com\\\/it\\\/industriale\\\/esterno-vrf\\\/vrf-serie-km\\\/#breadcrumb\"},\"inLanguage\":\"it-IT\",\"potentialAction\":[{\"@type\":\"ReadAction\",\"target\":[\"https:\\\/\\\/giatsu.com\\\/it\\\/industriale\\\/esterno-vrf\\\/vrf-serie-km\\\/\"]}]},{\"@type\":\"ImageObject\",\"inLanguage\":\"it-IT\",\"@id\":\"https:\\\/\\\/giatsu.com\\\/it\\\/industriale\\\/esterno-vrf\\\/vrf-serie-km\\\/#primaryimage\",\"url\":\"https:\\\/\\\/giatsu.com\\\/wp-content\\\/uploads\\\/2023\\\/08\\\/vrf5-8a0314.webp\",\"contentUrl\":\"https:\\\/\\\/giatsu.com\\\/wp-content\\\/uploads\\\/2023\\\/08\\\/vrf5-8a0314.webp\",\"width\":800,\"height\":800},{\"@type\":\"BreadcrumbList\",\"@id\":\"https:\\\/\\\/giatsu.com\\\/it\\\/industriale\\\/esterno-vrf\\\/vrf-serie-km\\\/#breadcrumb\",\"itemListElement\":[{\"@type\":\"ListItem\",\"position\":1,\"name\":\"Home\",\"item\":\"https:\\\/\\\/giatsu.com\\\/es\\\/\"},{\"@type\":\"ListItem\",\"position\":2,\"name\":\"PRODUCTOS\",\"item\":\"https:\\\/\\\/giatsu.com\\\/es\\\/productos\\\/\"},{\"@type\":\"ListItem\",\"position\":3,\"name\":\"VRF SERIE KM\"}]},{\"@type\":\"WebSite\",\"@id\":\"https:\\\/\\\/giatsu.com\\\/es\\\/#website\",\"url\":\"https:\\\/\\\/giatsu.com\\\/es\\\/\",\"name\":\"GIATSU\",\"description\":\"Quality Comfort Everywhere\",\"potentialAction\":[{\"@type\":\"SearchAction\",\"target\":{\"@type\":\"EntryPoint\",\"urlTemplate\":\"https:\\\/\\\/giatsu.com\\\/es\\\/?s={search_term_string}\"},\"query-input\":{\"@type\":\"PropertyValueSpecification\",\"valueRequired\":true,\"valueName\":\"search_term_string\"}}],\"inLanguage\":\"it-IT\"}]}<\/script>\n<!-- \/ Yoast SEO plugin. -->","yoast_head_json":{"title":"Unit\u00e0 esterna VRF Giatsu serie KM","description":"L''unit\u00e0 esterna VRF della Serie KM di Giatsu offre capacit\u00e0 da 25 kW a 90 kW, collegabili in cascata fino a 270 kW. Progettata per funzionare in modo efficiente anche a -30\u00b0C.","robots":{"index":"index","follow":"follow","max-snippet":"max-snippet:-1","max-image-preview":"max-image-preview:large","max-video-preview":"max-video-preview:-1"},"canonical":"https:\/\/giatsu.com\/it\/industriale\/esterno-vrf\/vrf-serie-km\/","og_locale":"it_IT","og_type":"article","og_title":"Unit\u00e0 esterna VRF Giatsu serie KM","og_description":"L''unit\u00e0 esterna VRF della Serie KM di Giatsu offre capacit\u00e0 da 25 kW a 90 kW, collegabili in cascata fino a 270 kW. Progettata per funzionare in modo efficiente anche a -30\u00b0C.","og_url":"https:\/\/giatsu.com\/it\/industriale\/esterno-vrf\/vrf-serie-km\/","og_site_name":"GIATSU","article_modified_time":"2025-04-16T15:42:29+00:00","og_image":[{"width":800,"height":800,"url":"https:\/\/giatsu.com\/wp-content\/uploads\/2023\/08\/vrf5-8a0314.webp","type":"image\/webp"}],"twitter_card":"summary_large_image","schema":{"@context":"https:\/\/schema.org","@graph":[{"@type":"WebPage","@id":"https:\/\/giatsu.com\/it\/industriale\/esterno-vrf\/vrf-serie-km\/","url":"https:\/\/giatsu.com\/it\/industriale\/esterno-vrf\/vrf-serie-km\/","name":"Unit\u00e0 esterna VRF Giatsu serie KM","isPartOf":{"@id":"https:\/\/giatsu.com\/es\/#website"},"primaryImageOfPage":{"@id":"https:\/\/giatsu.com\/it\/industriale\/esterno-vrf\/vrf-serie-km\/#primaryimage"},"image":{"@id":"https:\/\/giatsu.com\/it\/industriale\/esterno-vrf\/vrf-serie-km\/#primaryimage"},"thumbnailUrl":"https:\/\/giatsu.com\/wp-content\/uploads\/2023\/08\/vrf5-8a0314.webp","datePublished":"2023-06-06T07:03:50+00:00","dateModified":"2025-04-16T15:42:29+00:00","description":"L''unit\u00e0 esterna VRF della Serie KM di Giatsu offre capacit\u00e0 da 25 kW a 90 kW, collegabili in cascata fino a 270 kW. Progettata per funzionare in modo efficiente anche a -30\u00b0C.","breadcrumb":{"@id":"https:\/\/giatsu.com\/it\/industriale\/esterno-vrf\/vrf-serie-km\/#breadcrumb"},"inLanguage":"it-IT","potentialAction":[{"@type":"ReadAction","target":["https:\/\/giatsu.com\/it\/industriale\/esterno-vrf\/vrf-serie-km\/"]}]},{"@type":"ImageObject","inLanguage":"it-IT","@id":"https:\/\/giatsu.com\/it\/industriale\/esterno-vrf\/vrf-serie-km\/#primaryimage","url":"https:\/\/giatsu.com\/wp-content\/uploads\/2023\/08\/vrf5-8a0314.webp","contentUrl":"https:\/\/giatsu.com\/wp-content\/uploads\/2023\/08\/vrf5-8a0314.webp","width":800,"height":800},{"@type":"BreadcrumbList","@id":"https:\/\/giatsu.com\/it\/industriale\/esterno-vrf\/vrf-serie-km\/#breadcrumb","itemListElement":[{"@type":"ListItem","position":1,"name":"Home","item":"https:\/\/giatsu.com\/es\/"},{"@type":"ListItem","position":2,"name":"PRODUCTOS","item":"https:\/\/giatsu.com\/es\/productos\/"},{"@type":"ListItem","position":3,"name":"VRF SERIE KM"}]},{"@type":"WebSite","@id":"https:\/\/giatsu.com\/es\/#website","url":"https:\/\/giatsu.com\/es\/","name":"GIATSU","description":"Quality Comfort Everywhere","potentialAction":[{"@type":"SearchAction","target":{"@type":"EntryPoint","urlTemplate":"https:\/\/giatsu.com\/es\/?s={search_term_string}"},"query-input":{"@type":"PropertyValueSpecification","valueRequired":true,"valueName":"search_term_string"}}],"inLanguage":"it-IT"}]}},"_links":{"self":[{"href":"https:\/\/giatsu.com\/it\/wp-json\/wp\/v2\/product\/12583","targetHints":{"allow":["GET"]}}],"collection":[{"href":"https:\/\/giatsu.com\/it\/wp-json\/wp\/v2\/product"}],"about":[{"href":"https:\/\/giatsu.com\/it\/wp-json\/wp\/v2\/types\/product"}],"wp:featuredmedia":[{"embeddable":true,"href":"https:\/\/giatsu.com\/it\/wp-json\/wp\/v2\/media\/11109"}],"wp:attachment":[{"href":"https:\/\/giatsu.com\/it\/wp-json\/wp\/v2\/media?parent=12583"}],"wp:term":[{"taxonomy":"product_brand","embeddable":true,"href":"https:\/\/giatsu.com\/it\/wp-json\/wp\/v2\/product_brand?post=12583"},{"taxonomy":"product_cat","embeddable":true,"href":"https:\/\/giatsu.com\/it\/wp-json\/wp\/v2\/product_cat?post=12583"},{"taxonomy":"product_tag","embeddable":true,"href":"https:\/\/giatsu.com\/it\/wp-json\/wp\/v2\/product_tag?post=12583"}],"curies":[{"name":"wp","href":"https:\/\/api.w.org\/{rel}","templated":true}]}}