{"id":12574,"date":"2023-06-06T07:03:48","date_gmt":"2023-06-06T07:03:48","guid":{"rendered":"https:\/\/giatsu.com\/?post_type=product&#038;p=12574"},"modified":"2025-04-16T15:30:06","modified_gmt":"2025-04-16T15:30:06","slug":"mini-vrf-trifase-km","status":"publish","type":"product","link":"https:\/\/giatsu.com\/it\/industriale\/esterno-vrf\/mini-vrf-trifase-km\/","title":{"rendered":"MINI VRF TRIFASE KM"},"content":{"rendered":"<div class=\"wpb-content-wrapper\"><div class=\"container mb-1 moduloprincipalespictos\">\n<h2 class=\"text-center tituloprincipales\">Caracter\u00edsticas principales<\/h2>\n<div class=\"row row-cols-1 row-cols-md-2 row-cols-xl-3\">\n<div class=\"col-xs-6 col-md-3 order-last\">\n<div class=\"card\">\n                            <img decoding=\"async\" class=\"card-img-top w-100 d-block fit-cover pictoprincipalgrande\" src=\"https:\/\/giatsu.com\/wp-content\/uploads\/2023\/06\/tecnologia_inverter-495dd8.webp\" \/><\/p>\n<div class=\"card-body p-4\">\n<h3 class=\"font-weight-bold card-title\">Tecnologia inverter<\/h3>\n<p class=\"card-text\">Facendo funzionare continuamente il compressore, si ottengono risparmi energetici fino al 50% rispetto alle apparecchiature convenzionali.<\/p>\n<\/p><\/div><\/div><\/div><\/div><\/div>\n<hr>\n<p>        [vc_row mobile_bg_img_hidden=&#8221;no&#8221; tablet_bg_img_hidden=&#8221;no&#8221; woodmart_parallax=&#8221;0&#8243; woodmart_gradient_switch=&#8221;no&#8221; row_reverse_mobile=&#8221;0&#8243; row_reverse_tablet=&#8221;0&#8243; woodmart_disable_overflow=&#8221;0&#8243; el_class=&#8221;filaImgCaracteristica&#8221;][vc_column mobile_bg_img_hidden=&#8221;no&#8221; tablet_bg_img_hidden=&#8221;no&#8221; woodmart_parallax=&#8221;0&#8243; woodmart_sticky_column=&#8221;false&#8221; parallax_scroll=&#8221;no&#8221; mobile_reset_margin=&#8221;no&#8221; tablet_reset_margin=&#8221;no&#8221;]<\/p>\n<div class=\"container mb-1\">\n<h3 class=\"text-center\">Informaci\u00f3n t\u00e9cnica<\/h3>\n<div class=\"row row-cols-1 row-cols-md-2 row-cols-xl-3 justify-content-md-center\">\n<div class=\"col-xs-1 col-md-1\">\n<div class=\"card\">\n                            <img decoding=\"async\" class=\"card-img-top w-100 d-block fit-cover pictoprincipalgrande\" src=\"https:\/\/giatsu.com\/wp-content\/uploads\/2023\/08\/gas_refrigerante-21d266.webp\" \/><\/p>\n<div class=\"card-body p-4\">\n<h4 class=\"card-text textospictospeques\">Gas refrigerante<\/h4>\n<\/p><\/div><\/div><\/div><\/div><\/div>\n<div class=\"row justify-content-md-center\">\n<div class=\"vc_btn3-container vc_btn3-inline\" id=\"botonDescargarFicha\">\n                        <a target=\"_blank\" class=\"btn btn-light border rounded-4 botondescarga\" href=\"https:\/\/giatsu.com\/documentacion\/\/giatsu-fichas-tecnicas-vrf-km-italiano.pdf\" title=\"\">Scarica foglio<\/a>\n                 <\/div><\/div>\n<div class=\"row\">\n<hr>\n<div class=\"col text-center\"><a target=\"_blank\" href=\"https:\/\/giatsu.com\/documentacion\/\/-manual-de-usuario-e-instalacion---multiidioma.pdf\" class=\"btn btn-light border rounded-4 botonDescargaManual botondescarga\">Manuale d&#8217;uso<\/a><\/div>\n<hr>\n<\/div>\n<\/div>","protected":false},"excerpt":{"rendered":"<p class=\"MsoNormal\">Progettata per rispondere alle sfide degli spazi limitati senza compromettere le prestazioni, questa unit&agrave; ridefinisce le aspettative di climatizzazione.<\/p>\n<p class=\"MsoNormal\">Con uno <strong>scarico d&#8221;aria frontale<\/strong>, il suo design discreto e compatto dimostra che l&#8221;innovazione pu&ograve; fondersi con l&#8221;estetica.<\/p>\n<p class=\"MsoNormal\">La caratteristica pi&ugrave; rilevante sono le sue <strong>dimensioni ridotte<\/strong>, di per s&eacute; un&#8221;innovazione. Questa unit&agrave; riesce a combinare una potenza impressionante con dimensioni minime, consentendo una flessibilit&agrave; di installazione che sfida i confini tradizionali della climatizzazione.<\/p>\n<p class=\"MsoNormal\">Tuttavia, ci&ograve; che distingue questa unit&agrave; &egrave; il suo <strong>basso livello di rumorosit&agrave;<\/strong>. Il rumore di fondo diventa un&#8221;eco lontana rispetto al comfort che offre. Questa unit&agrave; dimostra che potenza e tranquillit&agrave; possono coesistere.<\/p>\n<p>Potenze disponibili: 16KW, 18KW, 20KW, 22,40KW, 26KW, 28KW, 33,50KW<\/p>\n<div class='pictosvoz'><\/div>\n","protected":false},"featured_media":11099,"template":"","meta":{"_monsterinsights_skip_tracking":false,"_monsterinsights_sitenote_active":false,"_monsterinsights_sitenote_note":"","_monsterinsights_sitenote_category":0},"product_brand":[],"product_cat":[776],"product_tag":[],"class_list":{"0":"post-12574","1":"product","2":"type-product","3":"status-publish","4":"has-post-thumbnail","6":"product_cat-esterno-vrf","8":"first","9":"instock","10":"shipping-taxable","11":"product-type-simple"},"yoast_head":"<!-- This site is optimized with the Yoast SEO plugin v27.4 - https:\/\/yoast.com\/product\/yoast-seo-wordpress\/ -->\n<title>MINI VRF TRIFASE KM<\/title>\n<meta name=\"description\" content=\"La caratteristica pi\u00f9 rilevante sono le sue dimensioni ridotte, un&#039;&#039;innovazione di per s\u00e9. Questa unit\u00e0 riesce a combinare una potenza impressionante con dimensioni minime, consentendo una flessibilit\u00e0 di installazione che sfida i limiti tradizionali della climatizzazione.\" \/>\n<meta name=\"robots\" content=\"index, follow, max-snippet:-1, max-image-preview:large, max-video-preview:-1\" \/>\n<link rel=\"canonical\" href=\"https:\/\/giatsu.com\/it\/industriale\/esterno-vrf\/mini-vrf-trifase-km\/\" \/>\n<meta property=\"og:locale\" content=\"it_IT\" \/>\n<meta property=\"og:type\" content=\"article\" \/>\n<meta property=\"og:title\" content=\"MINI VRF TRIFASE KM\" \/>\n<meta property=\"og:description\" content=\"La caratteristica pi\u00f9 rilevante sono le sue dimensioni ridotte, un&#039;&#039;innovazione di per s\u00e9. Questa unit\u00e0 riesce a combinare una potenza impressionante con dimensioni minime, consentendo una flessibilit\u00e0 di installazione che sfida i limiti tradizionali della climatizzazione.\" \/>\n<meta property=\"og:url\" content=\"https:\/\/giatsu.com\/it\/industriale\/esterno-vrf\/mini-vrf-trifase-km\/\" \/>\n<meta property=\"og:site_name\" content=\"GIATSU\" \/>\n<meta property=\"article:modified_time\" content=\"2025-04-16T15:30:06+00:00\" \/>\n<meta property=\"og:image\" content=\"https:\/\/giatsu.com\/wp-content\/uploads\/2023\/08\/minivrf3-779fec.webp\" \/>\n\t<meta property=\"og:image:width\" content=\"800\" \/>\n\t<meta property=\"og:image:height\" content=\"800\" \/>\n\t<meta property=\"og:image:type\" content=\"image\/webp\" \/>\n<meta name=\"twitter:card\" content=\"summary_large_image\" \/>\n<script type=\"application\/ld+json\" class=\"yoast-schema-graph\">{\"@context\":\"https:\\\/\\\/schema.org\",\"@graph\":[{\"@type\":\"WebPage\",\"@id\":\"https:\\\/\\\/giatsu.com\\\/it\\\/industriale\\\/esterno-vrf\\\/mini-vrf-trifase-km\\\/\",\"url\":\"https:\\\/\\\/giatsu.com\\\/it\\\/industriale\\\/esterno-vrf\\\/mini-vrf-trifase-km\\\/\",\"name\":\"MINI VRF TRIFASE KM\",\"isPartOf\":{\"@id\":\"https:\\\/\\\/giatsu.com\\\/es\\\/#website\"},\"primaryImageOfPage\":{\"@id\":\"https:\\\/\\\/giatsu.com\\\/it\\\/industriale\\\/esterno-vrf\\\/mini-vrf-trifase-km\\\/#primaryimage\"},\"image\":{\"@id\":\"https:\\\/\\\/giatsu.com\\\/it\\\/industriale\\\/esterno-vrf\\\/mini-vrf-trifase-km\\\/#primaryimage\"},\"thumbnailUrl\":\"https:\\\/\\\/giatsu.com\\\/wp-content\\\/uploads\\\/2023\\\/08\\\/minivrf3-779fec.webp\",\"datePublished\":\"2023-06-06T07:03:48+00:00\",\"dateModified\":\"2025-04-16T15:30:06+00:00\",\"description\":\"La caratteristica pi\u00f9 rilevante sono le sue dimensioni ridotte, un''innovazione di per s\u00e9. Questa unit\u00e0 riesce a combinare una potenza impressionante con dimensioni minime, consentendo una flessibilit\u00e0 di installazione che sfida i limiti tradizionali della climatizzazione.\",\"breadcrumb\":{\"@id\":\"https:\\\/\\\/giatsu.com\\\/it\\\/industriale\\\/esterno-vrf\\\/mini-vrf-trifase-km\\\/#breadcrumb\"},\"inLanguage\":\"it-IT\",\"potentialAction\":[{\"@type\":\"ReadAction\",\"target\":[\"https:\\\/\\\/giatsu.com\\\/it\\\/industriale\\\/esterno-vrf\\\/mini-vrf-trifase-km\\\/\"]}]},{\"@type\":\"ImageObject\",\"inLanguage\":\"it-IT\",\"@id\":\"https:\\\/\\\/giatsu.com\\\/it\\\/industriale\\\/esterno-vrf\\\/mini-vrf-trifase-km\\\/#primaryimage\",\"url\":\"https:\\\/\\\/giatsu.com\\\/wp-content\\\/uploads\\\/2023\\\/08\\\/minivrf3-779fec.webp\",\"contentUrl\":\"https:\\\/\\\/giatsu.com\\\/wp-content\\\/uploads\\\/2023\\\/08\\\/minivrf3-779fec.webp\",\"width\":800,\"height\":800},{\"@type\":\"BreadcrumbList\",\"@id\":\"https:\\\/\\\/giatsu.com\\\/it\\\/industriale\\\/esterno-vrf\\\/mini-vrf-trifase-km\\\/#breadcrumb\",\"itemListElement\":[{\"@type\":\"ListItem\",\"position\":1,\"name\":\"Home\",\"item\":\"https:\\\/\\\/giatsu.com\\\/es\\\/\"},{\"@type\":\"ListItem\",\"position\":2,\"name\":\"PRODUCTOS\",\"item\":\"https:\\\/\\\/giatsu.com\\\/es\\\/productos\\\/\"},{\"@type\":\"ListItem\",\"position\":3,\"name\":\"MINI VRF TRIFASE KM\"}]},{\"@type\":\"WebSite\",\"@id\":\"https:\\\/\\\/giatsu.com\\\/es\\\/#website\",\"url\":\"https:\\\/\\\/giatsu.com\\\/es\\\/\",\"name\":\"GIATSU\",\"description\":\"Quality Comfort Everywhere\",\"potentialAction\":[{\"@type\":\"SearchAction\",\"target\":{\"@type\":\"EntryPoint\",\"urlTemplate\":\"https:\\\/\\\/giatsu.com\\\/es\\\/?s={search_term_string}\"},\"query-input\":{\"@type\":\"PropertyValueSpecification\",\"valueRequired\":true,\"valueName\":\"search_term_string\"}}],\"inLanguage\":\"it-IT\"}]}<\/script>\n<!-- \/ Yoast SEO plugin. -->","yoast_head_json":{"title":"MINI VRF TRIFASE KM","description":"La caratteristica pi\u00f9 rilevante sono le sue dimensioni ridotte, un''innovazione di per s\u00e9. Questa unit\u00e0 riesce a combinare una potenza impressionante con dimensioni minime, consentendo una flessibilit\u00e0 di installazione che sfida i limiti tradizionali della climatizzazione.","robots":{"index":"index","follow":"follow","max-snippet":"max-snippet:-1","max-image-preview":"max-image-preview:large","max-video-preview":"max-video-preview:-1"},"canonical":"https:\/\/giatsu.com\/it\/industriale\/esterno-vrf\/mini-vrf-trifase-km\/","og_locale":"it_IT","og_type":"article","og_title":"MINI VRF TRIFASE KM","og_description":"La caratteristica pi\u00f9 rilevante sono le sue dimensioni ridotte, un''innovazione di per s\u00e9. Questa unit\u00e0 riesce a combinare una potenza impressionante con dimensioni minime, consentendo una flessibilit\u00e0 di installazione che sfida i limiti tradizionali della climatizzazione.","og_url":"https:\/\/giatsu.com\/it\/industriale\/esterno-vrf\/mini-vrf-trifase-km\/","og_site_name":"GIATSU","article_modified_time":"2025-04-16T15:30:06+00:00","og_image":[{"width":800,"height":800,"url":"https:\/\/giatsu.com\/wp-content\/uploads\/2023\/08\/minivrf3-779fec.webp","type":"image\/webp"}],"twitter_card":"summary_large_image","schema":{"@context":"https:\/\/schema.org","@graph":[{"@type":"WebPage","@id":"https:\/\/giatsu.com\/it\/industriale\/esterno-vrf\/mini-vrf-trifase-km\/","url":"https:\/\/giatsu.com\/it\/industriale\/esterno-vrf\/mini-vrf-trifase-km\/","name":"MINI VRF TRIFASE KM","isPartOf":{"@id":"https:\/\/giatsu.com\/es\/#website"},"primaryImageOfPage":{"@id":"https:\/\/giatsu.com\/it\/industriale\/esterno-vrf\/mini-vrf-trifase-km\/#primaryimage"},"image":{"@id":"https:\/\/giatsu.com\/it\/industriale\/esterno-vrf\/mini-vrf-trifase-km\/#primaryimage"},"thumbnailUrl":"https:\/\/giatsu.com\/wp-content\/uploads\/2023\/08\/minivrf3-779fec.webp","datePublished":"2023-06-06T07:03:48+00:00","dateModified":"2025-04-16T15:30:06+00:00","description":"La caratteristica pi\u00f9 rilevante sono le sue dimensioni ridotte, un''innovazione di per s\u00e9. Questa unit\u00e0 riesce a combinare una potenza impressionante con dimensioni minime, consentendo una flessibilit\u00e0 di installazione che sfida i limiti tradizionali della climatizzazione.","breadcrumb":{"@id":"https:\/\/giatsu.com\/it\/industriale\/esterno-vrf\/mini-vrf-trifase-km\/#breadcrumb"},"inLanguage":"it-IT","potentialAction":[{"@type":"ReadAction","target":["https:\/\/giatsu.com\/it\/industriale\/esterno-vrf\/mini-vrf-trifase-km\/"]}]},{"@type":"ImageObject","inLanguage":"it-IT","@id":"https:\/\/giatsu.com\/it\/industriale\/esterno-vrf\/mini-vrf-trifase-km\/#primaryimage","url":"https:\/\/giatsu.com\/wp-content\/uploads\/2023\/08\/minivrf3-779fec.webp","contentUrl":"https:\/\/giatsu.com\/wp-content\/uploads\/2023\/08\/minivrf3-779fec.webp","width":800,"height":800},{"@type":"BreadcrumbList","@id":"https:\/\/giatsu.com\/it\/industriale\/esterno-vrf\/mini-vrf-trifase-km\/#breadcrumb","itemListElement":[{"@type":"ListItem","position":1,"name":"Home","item":"https:\/\/giatsu.com\/es\/"},{"@type":"ListItem","position":2,"name":"PRODUCTOS","item":"https:\/\/giatsu.com\/es\/productos\/"},{"@type":"ListItem","position":3,"name":"MINI VRF TRIFASE KM"}]},{"@type":"WebSite","@id":"https:\/\/giatsu.com\/es\/#website","url":"https:\/\/giatsu.com\/es\/","name":"GIATSU","description":"Quality Comfort Everywhere","potentialAction":[{"@type":"SearchAction","target":{"@type":"EntryPoint","urlTemplate":"https:\/\/giatsu.com\/es\/?s={search_term_string}"},"query-input":{"@type":"PropertyValueSpecification","valueRequired":true,"valueName":"search_term_string"}}],"inLanguage":"it-IT"}]}},"_links":{"self":[{"href":"https:\/\/giatsu.com\/it\/wp-json\/wp\/v2\/product\/12574","targetHints":{"allow":["GET"]}}],"collection":[{"href":"https:\/\/giatsu.com\/it\/wp-json\/wp\/v2\/product"}],"about":[{"href":"https:\/\/giatsu.com\/it\/wp-json\/wp\/v2\/types\/product"}],"wp:featuredmedia":[{"embeddable":true,"href":"https:\/\/giatsu.com\/it\/wp-json\/wp\/v2\/media\/11099"}],"wp:attachment":[{"href":"https:\/\/giatsu.com\/it\/wp-json\/wp\/v2\/media?parent=12574"}],"wp:term":[{"taxonomy":"product_brand","embeddable":true,"href":"https:\/\/giatsu.com\/it\/wp-json\/wp\/v2\/product_brand?post=12574"},{"taxonomy":"product_cat","embeddable":true,"href":"https:\/\/giatsu.com\/it\/wp-json\/wp\/v2\/product_cat?post=12574"},{"taxonomy":"product_tag","embeddable":true,"href":"https:\/\/giatsu.com\/it\/wp-json\/wp\/v2\/product_tag?post=12574"}],"curies":[{"name":"wp","href":"https:\/\/api.w.org\/{rel}","templated":true}]}}