{"id":12488,"date":"2023-06-06T07:03:07","date_gmt":"2023-06-06T07:03:07","guid":{"rendered":"https:\/\/giatsu.com\/?post_type=product&#038;p=12488"},"modified":"2025-04-16T10:00:24","modified_gmt":"2025-04-16T10:00:24","slug":"parete-biblock-eco-termica","status":"publish","type":"product","link":"https:\/\/giatsu.com\/it\/aerotermia-3\/pompe-di-calore\/ecotermale\/parete-biblock-eco-termica\/","title":{"rendered":"PARETE BIBLOCK ECO-TERMICA"},"content":{"rendered":"<div class=\"wpb-content-wrapper\"><div class=\"container mb-1 moduloprincipalespictos\">\n<h2 class=\"text-center tituloprincipales\">Caracter\u00edsticas principales<\/h2>\n<div class=\"row row-cols-1 row-cols-md-2 row-cols-xl-3\">\n<div class=\"col-xs-6 col-md-3 order-last\">\n<div class=\"card\">\n                            <img decoding=\"async\" class=\"card-img-top w-100 d-block fit-cover pictoprincipalgrande\" src=\"https:\/\/giatsu.com\/wp-content\/uploads\/2023\/08\/wifi-incluido-cb8169.webp\" \/><\/p>\n<div class=\"card-body p-4\">\n<h3 class=\"font-weight-bold card-title\">Wi-Fi incluso<\/h3>\n<p class=\"card-text\">Attraverso l&#8217;applicazione GIApp \u00e8 possibile controllare l&#8217;apparecchiatura da smartphone, tablet o tramite voce con Alexa e Google Home.<\/p>\n<\/p><\/div><\/div><\/div>\n<div class=\"col-xs-6 col-md-3 order-last\">\n<div class=\"card\">\n                            <img decoding=\"async\" class=\"card-img-top w-100 d-block fit-cover pictoprincipalgrande\" src=\"https:\/\/giatsu.com\/wp-content\/uploads\/2023\/08\/r32-58a8d5.webp\" \/><\/p>\n<div class=\"card-body p-4\">\n<h3 class=\"font-weight-bold card-title\">Refrigerante R32<\/h3>\n<p class=\"card-text\">Il gas R32 ha un indice di potenziale di riscaldamento atmosferico (GWP) molto basso, alta efficienza e potenza di raffreddamento.<\/p>\n<\/p><\/div><\/div><\/div>\n<div class=\"col-xs-6 col-md-3 order-last\">\n<div class=\"card\">\n                            <img decoding=\"async\" class=\"card-img-top w-100 d-block fit-cover pictoprincipalgrande\" src=\"https:\/\/giatsu.com\/wp-content\/uploads\/2023\/06\/tecnologia_inverter-495dd8.webp\" \/><\/p>\n<div class=\"card-body p-4\">\n<h3 class=\"font-weight-bold card-title\">Tecnologia inverter<\/h3>\n<p class=\"card-text\">Facendo funzionare continuamente il compressore, si ottengono risparmi energetici fino al 50% rispetto alle apparecchiature convenzionali.<\/p>\n<\/p><\/div><\/div><\/div>\n<div class=\"col-xs-6 col-md-3 order-last\">\n<div class=\"card\">\n                            <img decoding=\"async\" class=\"card-img-top w-100 d-block fit-cover pictoprincipalgrande\" src=\"https:\/\/giatsu.com\/wp-content\/uploads\/2023\/08\/control-remoto-6dcd21.webp\" \/><\/p>\n<div class=\"card-body p-4\">\n<h3 class=\"font-weight-bold card-title\">Telecomando<\/h3>\n<p class=\"card-text\">Incorpora un telecomando di serie che consente il controllo di diversi parametri delle unit\u00e0 interne.<\/p>\n<\/p><\/div><\/div><\/div>\n<div class=\"col-xs-6 col-md-3 order-last\">\n<div class=\"card\">\n                            <img decoding=\"async\" class=\"card-img-top w-100 d-block fit-cover pictoprincipalgrande\" src=\"https:\/\/giatsu.com\/wp-content\/uploads\/2023\/08\/modo-frio-y-calor-fde88b.webp\" \/><\/p>\n<div class=\"card-body p-4\">\n<h3 class=\"font-weight-bold card-title\">Modalit\u00e0 freddo\/caldo<\/h3>\n<p class=\"card-text\">L&#8217;unit\u00e0 \u00e8 in grado di fornire aria condizionata e riscaldamento.<\/p>\n<\/p><\/div><\/div><\/div><\/div><\/div>\n<hr>\n<p>        [vc_row mobile_bg_img_hidden=&#8221;no&#8221; tablet_bg_img_hidden=&#8221;no&#8221; woodmart_parallax=&#8221;0&#8243; woodmart_gradient_switch=&#8221;no&#8221; row_reverse_mobile=&#8221;0&#8243; row_reverse_tablet=&#8221;0&#8243; woodmart_disable_overflow=&#8221;0&#8243; el_class=&#8221;filaImgCaracteristica&#8221;][vc_column mobile_bg_img_hidden=&#8221;no&#8221; tablet_bg_img_hidden=&#8221;no&#8221; woodmart_parallax=&#8221;0&#8243; woodmart_sticky_column=&#8221;false&#8221; parallax_scroll=&#8221;no&#8221; mobile_reset_margin=&#8221;no&#8221; tablet_reset_margin=&#8221;no&#8221;]<\/p>\n<div class=\"container mb-1\">\n<h3 class=\"text-center\">Informaci\u00f3n t\u00e9cnica<\/h3>\n<div class=\"row row-cols-1 row-cols-md-2 row-cols-xl-3 justify-content-md-center\">\n<div class=\"col-xs-1 col-md-1\">\n<div class=\"card\">\n                            <img decoding=\"async\" class=\"card-img-top w-100 d-block fit-cover pictoprincipalgrande\" src=\"https:\/\/giatsu.com\/wp-content\/uploads\/2023\/08\/rango_temperatura_configurable-aaef04.webp\" \/><\/p>\n<div class=\"card-body p-4\">\n<h4 class=\"card-text textospictospeques\">Intervallo di temperatura configurabile<\/h4>\n<\/p><\/div><\/div><\/div>\n<div class=\"col-xs-1 col-md-1\">\n<div class=\"card\">\n                            <img decoding=\"async\" class=\"card-img-top w-100 d-block fit-cover pictoprincipalgrande\" src=\"https:\/\/giatsu.com\/wp-content\/uploads\/2023\/08\/varios_modos_funcionamiento-70148e.webp\" \/><\/p>\n<div class=\"card-body p-4\">\n<h4 class=\"card-text textospictospeques\">Varie modalit\u00c3\u00a0 di funzionamento<\/h4>\n<\/p><\/div><\/div><\/div>\n<div class=\"col-xs-1 col-md-1\">\n<div class=\"card\">\n                            <img decoding=\"async\" class=\"card-img-top w-100 d-block fit-cover pictoprincipalgrande\" src=\"https:\/\/giatsu.com\/wp-content\/uploads\/2023\/08\/smart_grid-c6ddd4.webp\" \/><\/p>\n<div class=\"card-body p-4\">\n<h4 class=\"card-text textospictospeques\">Smart grid<\/h4>\n<\/p><\/div><\/div><\/div>\n<div class=\"col-xs-1 col-md-1\">\n<div class=\"card\">\n                            <img decoding=\"async\" class=\"card-img-top w-100 d-block fit-cover pictoprincipalgrande\" src=\"https:\/\/giatsu.com\/wp-content\/uploads\/2023\/08\/proteccion_elevada-a5a0e1.webp\" \/><\/p>\n<div class=\"card-body p-4\">\n<h4 class=\"card-text textospictospeques\">Alta protezione<\/h4>\n<\/p><\/div><\/div><\/div>\n<div class=\"col-xs-1 col-md-1\">\n<div class=\"card\">\n                            <img decoding=\"async\" class=\"card-img-top w-100 d-block fit-cover pictoprincipalgrande\" src=\"https:\/\/giatsu.com\/wp-content\/uploads\/2023\/08\/funcion_anti-legionela-ce85aa.webp\" \/><\/p>\n<div class=\"card-body p-4\">\n<h4 class=\"card-text textospictospeques\">Funzione antilegionella<\/h4>\n<\/p><\/div><\/div><\/div>\n<div class=\"col-xs-1 col-md-1\">\n<div class=\"card\">\n                            <img decoding=\"async\" class=\"card-img-top w-100 d-block fit-cover pictoprincipalgrande\" src=\"https:\/\/giatsu.com\/wp-content\/uploads\/2023\/08\/amplio_rango_de_funcionamiento2-22fb93.webp\" \/><\/p>\n<div class=\"card-body p-4\">\n<h4 class=\"card-text textospictospeques\">Large plage de fonctionnement 2<\/h4>\n<\/p><\/div><\/div><\/div><\/div><\/div>\n<div class=\"row justify-content-md-center\">\n<div class=\"vc_btn3-container vc_btn3-inline\" id=\"botonDescargarFicha\">\n                        <a target=\"_blank\" class=\"btn btn-light border rounded-4 botondescarga\" href=\"https:\/\/giatsu.com\/documentacion\/\/giatsu-fichas-tecnicas-ecothermal-eco-thermal-plus+-italiano.pdf\" title=\"\">Scarica foglio<\/a>\n                 <\/div><\/div>\n<div class=\"row\">\n<hr>\n<div class=\"col text-center\"><a target=\"_blank\" href=\"https:\/\/giatsu.com\/documentacion\/\/giatsu-manual-de-usuario-e-instalacion-ecothermal-eco-thermal-plus+-multiidioma.pdf\" class=\"btn btn-light border rounded-4 botonDescargaManual botondescarga\">Manuale d&#8217;uso<\/a><\/div>\n<hr>\n<\/div>\n<\/div>","protected":false},"excerpt":{"rendered":"<p>L&#8221;unit&agrave; <strong>Giatsu Eco-Thermal Biblock Mural<\/strong> &egrave; la scelta perfetta per chi cerca una soluzione di climatizzazione efficiente e sostenibile.<\/p>\n<p>Con il suo design compatto e le sue caratteristiche innovative, questa unit&agrave; combina prestazioni eccezionali con un&#8221;elevata efficienza energetica.<\/p>\n<p>Caratteristiche eccezionali:<\/p>\n<ul>\n<li><strong>Tecnologia Full DC Inverter:<\/strong> dotata di un&#8221;avanzata tecnologia Full DC Inverter, garantisce prestazioni ottimali e un controllo preciso della temperatura. Questa tecnologia consente di regolare automaticamente la velocit&agrave; del compressore in base alle esigenze di raffreddamento o riscaldamento, garantendo un funzionamento efficiente e un risparmio energetico.<\/li>\n<li><strong>Elevata efficienza energetica:<\/strong> grazie al design e ai componenti di alta qualit&agrave;, offre una straordinaria efficienza energetica. Ci&ograve; si traduce in un minor consumo energetico e in un significativo risparmio a lungo termine.<\/li>\n<li><strong>Compatibile con gli impianti solari termici e fotovoltaici: <\/strong>questo sistema di climatizzazione &egrave; <strong>compatibile con gli impianti solari<\/strong> termici e fotovoltaici, consentendovi di sfruttare al meglio le fonti di energia rinnovabili. Sfruttate il sole per riscaldare la vostra casa e ridurre ulteriormente l&#8221;impronta di carbonio, creando un ambiente pi&ugrave; sostenibile e rispettoso dell&#8221;ambiente.<\/li>\n<li><strong>Riscaldatore elettrico di serie:<\/strong> viene fornito con un riscaldatore elettrico di serie, con la possibilit&agrave; di utilizzarlo come riserva se necessario. Questo garantisce una maggiore flessibilit&agrave; e tranquillit&agrave;, potendo contare su una fonte di calore aggiuntiva in situazioni eccezionali.<\/li>\n<li><strong>Connettivit&agrave; Wi-Fi inclusa:<\/strong> Godetevi la comodit&agrave; e il controllo totale del vostro sistema di climatizzazione grazie alla connettivit&agrave; Wi-Fi inclusa. Potrete controllare e programmare il vostro Eco-Thermal Biblock Mural da qualsiasi luogo tramite il vostro dispositivo mobile, assicurandovi un ambiente sempre confortevole quando ne avete bisogno.<\/li>\n<\/ul>\n<p>Potenze disponibili: 4KW, 6 KW, 8KW,10KW,12KW,14KW e 16 KW<\/p>\n<div class='divPictosEnergia'>[vc_single_image image=&#8217;10505&#8242; alignment=&#8217;center&#8217; woodmart_inline=&#8217;no&#8217; parallax_scroll=&#8217;no&#8217; el_class=&#8217;imgEnergia&#8217; img_size=&#8217;72&#215;36&#8242;][vc_single_image image=&#8217;10510&#8242; alignment=&#8217;center&#8217; woodmart_inline=&#8217;no&#8217; parallax_scroll=&#8217;no&#8217; el_class=&#8217;imgEnergia&#8217; img_size=&#8217;72&#215;36&#8242;]<\/div>\n<div class='pictosvoz'>[vc_single_image image=&#8217;13599&#8242; alignment=&#8217;center&#8217; woodmart_inline=&#8217;no&#8217; parallax_scroll=&#8217;no&#8217; el_class=&#8217;imgEnergia&#8217; img_size=&#8217;65&#215;65&#8242;][vc_single_image image=&#8217;13604&#8242; alignment=&#8217;center&#8217; woodmart_inline=&#8217;no&#8217; parallax_scroll=&#8217;no&#8217; el_class=&#8217;imgEnergia&#8217; img_size=&#8217;65&#215;65&#8242;]<\/div>\n","protected":false},"featured_media":9311,"template":"","meta":{"_monsterinsights_skip_tracking":false,"_monsterinsights_sitenote_active":false,"_monsterinsights_sitenote_note":"","_monsterinsights_sitenote_category":0},"product_brand":[],"product_cat":[564,835,741],"product_tag":[],"class_list":{"0":"post-12488","1":"product","2":"type-product","3":"status-publish","4":"has-post-thumbnail","6":"product_cat-aerotermia-3","7":"product_cat-ecotermale","8":"product_cat-pompe-di-calore","10":"first","11":"instock","12":"shipping-taxable","13":"product-type-simple"},"yoast_head":"<!-- This site is optimized with the Yoast SEO plugin v27.4 - https:\/\/yoast.com\/product\/yoast-seo-wordpress\/ -->\n<title>PARETE BIBLOCK ECO-TERMICA<\/title>\n<meta name=\"description\" content=\"L&#039;&#039;unit\u00e0 Giatsu Eco-Thermal Biblock Mural \u00e8 la scelta perfetta per chi cerca una soluzione di climatizzazione efficiente e sostenibile. Con il suo design compatto e le sue caratteristiche innovative, questa unit\u00e0 combina prestazioni eccezionali con un&#039;&#039;elevata efficienza energetica, il tutto con la comodit\u00e0 della connettivit\u00e0 Wi-Fi inclusa.\" \/>\n<meta name=\"robots\" content=\"index, follow, max-snippet:-1, max-image-preview:large, max-video-preview:-1\" \/>\n<link rel=\"canonical\" href=\"https:\/\/giatsu.com\/it\/aerotermia-3\/pompe-di-calore\/ecotermale\/parete-biblock-eco-termica\/\" \/>\n<meta property=\"og:locale\" content=\"it_IT\" \/>\n<meta property=\"og:type\" content=\"article\" \/>\n<meta property=\"og:title\" content=\"PARETE BIBLOCK ECO-TERMICA\" \/>\n<meta property=\"og:description\" content=\"L&#039;&#039;unit\u00e0 Giatsu Eco-Thermal Biblock Mural \u00e8 la scelta perfetta per chi cerca una soluzione di climatizzazione efficiente e sostenibile. Con il suo design compatto e le sue caratteristiche innovative, questa unit\u00e0 combina prestazioni eccezionali con un&#039;&#039;elevata efficienza energetica, il tutto con la comodit\u00e0 della connettivit\u00e0 Wi-Fi inclusa.\" \/>\n<meta property=\"og:url\" content=\"https:\/\/giatsu.com\/it\/aerotermia-3\/pompe-di-calore\/ecotermale\/parete-biblock-eco-termica\/\" \/>\n<meta property=\"og:site_name\" content=\"GIATSU\" \/>\n<meta property=\"article:modified_time\" content=\"2025-04-16T10:00:24+00:00\" \/>\n<meta property=\"og:image\" content=\"https:\/\/giatsu.com\/wp-content\/uploads\/2023\/08\/biblock-mural4-c9ebd3.webp\" \/>\n\t<meta property=\"og:image:width\" content=\"800\" \/>\n\t<meta property=\"og:image:height\" content=\"800\" \/>\n\t<meta property=\"og:image:type\" content=\"image\/webp\" \/>\n<meta name=\"twitter:card\" content=\"summary_large_image\" \/>\n<meta name=\"twitter:label1\" content=\"Tempo di lettura stimato\" \/>\n\t<meta name=\"twitter:data1\" content=\"1 minuto\" \/>\n<script type=\"application\/ld+json\" class=\"yoast-schema-graph\">{\"@context\":\"https:\\\/\\\/schema.org\",\"@graph\":[{\"@type\":\"WebPage\",\"@id\":\"https:\\\/\\\/giatsu.com\\\/it\\\/aerotermia-3\\\/pompe-di-calore\\\/ecotermale\\\/parete-biblock-eco-termica\\\/\",\"url\":\"https:\\\/\\\/giatsu.com\\\/it\\\/aerotermia-3\\\/pompe-di-calore\\\/ecotermale\\\/parete-biblock-eco-termica\\\/\",\"name\":\"PARETE BIBLOCK ECO-TERMICA\",\"isPartOf\":{\"@id\":\"https:\\\/\\\/giatsu.com\\\/es\\\/#website\"},\"primaryImageOfPage\":{\"@id\":\"https:\\\/\\\/giatsu.com\\\/it\\\/aerotermia-3\\\/pompe-di-calore\\\/ecotermale\\\/parete-biblock-eco-termica\\\/#primaryimage\"},\"image\":{\"@id\":\"https:\\\/\\\/giatsu.com\\\/it\\\/aerotermia-3\\\/pompe-di-calore\\\/ecotermale\\\/parete-biblock-eco-termica\\\/#primaryimage\"},\"thumbnailUrl\":\"https:\\\/\\\/giatsu.com\\\/wp-content\\\/uploads\\\/2023\\\/08\\\/biblock-mural4-c9ebd3.webp\",\"datePublished\":\"2023-06-06T07:03:07+00:00\",\"dateModified\":\"2025-04-16T10:00:24+00:00\",\"description\":\"L''unit\u00e0 Giatsu Eco-Thermal Biblock Mural \u00e8 la scelta perfetta per chi cerca una soluzione di climatizzazione efficiente e sostenibile. Con il suo design compatto e le sue caratteristiche innovative, questa unit\u00e0 combina prestazioni eccezionali con un''elevata efficienza energetica, il tutto con la comodit\u00e0 della connettivit\u00e0 Wi-Fi inclusa.\",\"breadcrumb\":{\"@id\":\"https:\\\/\\\/giatsu.com\\\/it\\\/aerotermia-3\\\/pompe-di-calore\\\/ecotermale\\\/parete-biblock-eco-termica\\\/#breadcrumb\"},\"inLanguage\":\"it-IT\",\"potentialAction\":[{\"@type\":\"ReadAction\",\"target\":[\"https:\\\/\\\/giatsu.com\\\/it\\\/aerotermia-3\\\/pompe-di-calore\\\/ecotermale\\\/parete-biblock-eco-termica\\\/\"]}]},{\"@type\":\"ImageObject\",\"inLanguage\":\"it-IT\",\"@id\":\"https:\\\/\\\/giatsu.com\\\/it\\\/aerotermia-3\\\/pompe-di-calore\\\/ecotermale\\\/parete-biblock-eco-termica\\\/#primaryimage\",\"url\":\"https:\\\/\\\/giatsu.com\\\/wp-content\\\/uploads\\\/2023\\\/08\\\/biblock-mural4-c9ebd3.webp\",\"contentUrl\":\"https:\\\/\\\/giatsu.com\\\/wp-content\\\/uploads\\\/2023\\\/08\\\/biblock-mural4-c9ebd3.webp\",\"width\":800,\"height\":800},{\"@type\":\"BreadcrumbList\",\"@id\":\"https:\\\/\\\/giatsu.com\\\/it\\\/aerotermia-3\\\/pompe-di-calore\\\/ecotermale\\\/parete-biblock-eco-termica\\\/#breadcrumb\",\"itemListElement\":[{\"@type\":\"ListItem\",\"position\":1,\"name\":\"Home\",\"item\":\"https:\\\/\\\/giatsu.com\\\/es\\\/\"},{\"@type\":\"ListItem\",\"position\":2,\"name\":\"PRODUCTOS\",\"item\":\"https:\\\/\\\/giatsu.com\\\/es\\\/productos\\\/\"},{\"@type\":\"ListItem\",\"position\":3,\"name\":\"PARETE BIBLOCK ECO-TERMICA\"}]},{\"@type\":\"WebSite\",\"@id\":\"https:\\\/\\\/giatsu.com\\\/es\\\/#website\",\"url\":\"https:\\\/\\\/giatsu.com\\\/es\\\/\",\"name\":\"GIATSU\",\"description\":\"Quality Comfort Everywhere\",\"potentialAction\":[{\"@type\":\"SearchAction\",\"target\":{\"@type\":\"EntryPoint\",\"urlTemplate\":\"https:\\\/\\\/giatsu.com\\\/es\\\/?s={search_term_string}\"},\"query-input\":{\"@type\":\"PropertyValueSpecification\",\"valueRequired\":true,\"valueName\":\"search_term_string\"}}],\"inLanguage\":\"it-IT\"}]}<\/script>\n<!-- \/ Yoast SEO plugin. -->","yoast_head_json":{"title":"PARETE BIBLOCK ECO-TERMICA","description":"L''unit\u00e0 Giatsu Eco-Thermal Biblock Mural \u00e8 la scelta perfetta per chi cerca una soluzione di climatizzazione efficiente e sostenibile. Con il suo design compatto e le sue caratteristiche innovative, questa unit\u00e0 combina prestazioni eccezionali con un''elevata efficienza energetica, il tutto con la comodit\u00e0 della connettivit\u00e0 Wi-Fi inclusa.","robots":{"index":"index","follow":"follow","max-snippet":"max-snippet:-1","max-image-preview":"max-image-preview:large","max-video-preview":"max-video-preview:-1"},"canonical":"https:\/\/giatsu.com\/it\/aerotermia-3\/pompe-di-calore\/ecotermale\/parete-biblock-eco-termica\/","og_locale":"it_IT","og_type":"article","og_title":"PARETE BIBLOCK ECO-TERMICA","og_description":"L''unit\u00e0 Giatsu Eco-Thermal Biblock Mural \u00e8 la scelta perfetta per chi cerca una soluzione di climatizzazione efficiente e sostenibile. Con il suo design compatto e le sue caratteristiche innovative, questa unit\u00e0 combina prestazioni eccezionali con un''elevata efficienza energetica, il tutto con la comodit\u00e0 della connettivit\u00e0 Wi-Fi inclusa.","og_url":"https:\/\/giatsu.com\/it\/aerotermia-3\/pompe-di-calore\/ecotermale\/parete-biblock-eco-termica\/","og_site_name":"GIATSU","article_modified_time":"2025-04-16T10:00:24+00:00","og_image":[{"width":800,"height":800,"url":"https:\/\/giatsu.com\/wp-content\/uploads\/2023\/08\/biblock-mural4-c9ebd3.webp","type":"image\/webp"}],"twitter_card":"summary_large_image","twitter_misc":{"Tempo di lettura stimato":"1 minuto"},"schema":{"@context":"https:\/\/schema.org","@graph":[{"@type":"WebPage","@id":"https:\/\/giatsu.com\/it\/aerotermia-3\/pompe-di-calore\/ecotermale\/parete-biblock-eco-termica\/","url":"https:\/\/giatsu.com\/it\/aerotermia-3\/pompe-di-calore\/ecotermale\/parete-biblock-eco-termica\/","name":"PARETE BIBLOCK ECO-TERMICA","isPartOf":{"@id":"https:\/\/giatsu.com\/es\/#website"},"primaryImageOfPage":{"@id":"https:\/\/giatsu.com\/it\/aerotermia-3\/pompe-di-calore\/ecotermale\/parete-biblock-eco-termica\/#primaryimage"},"image":{"@id":"https:\/\/giatsu.com\/it\/aerotermia-3\/pompe-di-calore\/ecotermale\/parete-biblock-eco-termica\/#primaryimage"},"thumbnailUrl":"https:\/\/giatsu.com\/wp-content\/uploads\/2023\/08\/biblock-mural4-c9ebd3.webp","datePublished":"2023-06-06T07:03:07+00:00","dateModified":"2025-04-16T10:00:24+00:00","description":"L''unit\u00e0 Giatsu Eco-Thermal Biblock Mural \u00e8 la scelta perfetta per chi cerca una soluzione di climatizzazione efficiente e sostenibile. Con il suo design compatto e le sue caratteristiche innovative, questa unit\u00e0 combina prestazioni eccezionali con un''elevata efficienza energetica, il tutto con la comodit\u00e0 della connettivit\u00e0 Wi-Fi inclusa.","breadcrumb":{"@id":"https:\/\/giatsu.com\/it\/aerotermia-3\/pompe-di-calore\/ecotermale\/parete-biblock-eco-termica\/#breadcrumb"},"inLanguage":"it-IT","potentialAction":[{"@type":"ReadAction","target":["https:\/\/giatsu.com\/it\/aerotermia-3\/pompe-di-calore\/ecotermale\/parete-biblock-eco-termica\/"]}]},{"@type":"ImageObject","inLanguage":"it-IT","@id":"https:\/\/giatsu.com\/it\/aerotermia-3\/pompe-di-calore\/ecotermale\/parete-biblock-eco-termica\/#primaryimage","url":"https:\/\/giatsu.com\/wp-content\/uploads\/2023\/08\/biblock-mural4-c9ebd3.webp","contentUrl":"https:\/\/giatsu.com\/wp-content\/uploads\/2023\/08\/biblock-mural4-c9ebd3.webp","width":800,"height":800},{"@type":"BreadcrumbList","@id":"https:\/\/giatsu.com\/it\/aerotermia-3\/pompe-di-calore\/ecotermale\/parete-biblock-eco-termica\/#breadcrumb","itemListElement":[{"@type":"ListItem","position":1,"name":"Home","item":"https:\/\/giatsu.com\/es\/"},{"@type":"ListItem","position":2,"name":"PRODUCTOS","item":"https:\/\/giatsu.com\/es\/productos\/"},{"@type":"ListItem","position":3,"name":"PARETE BIBLOCK ECO-TERMICA"}]},{"@type":"WebSite","@id":"https:\/\/giatsu.com\/es\/#website","url":"https:\/\/giatsu.com\/es\/","name":"GIATSU","description":"Quality Comfort Everywhere","potentialAction":[{"@type":"SearchAction","target":{"@type":"EntryPoint","urlTemplate":"https:\/\/giatsu.com\/es\/?s={search_term_string}"},"query-input":{"@type":"PropertyValueSpecification","valueRequired":true,"valueName":"search_term_string"}}],"inLanguage":"it-IT"}]}},"_links":{"self":[{"href":"https:\/\/giatsu.com\/it\/wp-json\/wp\/v2\/product\/12488","targetHints":{"allow":["GET"]}}],"collection":[{"href":"https:\/\/giatsu.com\/it\/wp-json\/wp\/v2\/product"}],"about":[{"href":"https:\/\/giatsu.com\/it\/wp-json\/wp\/v2\/types\/product"}],"wp:featuredmedia":[{"embeddable":true,"href":"https:\/\/giatsu.com\/it\/wp-json\/wp\/v2\/media\/9311"}],"wp:attachment":[{"href":"https:\/\/giatsu.com\/it\/wp-json\/wp\/v2\/media?parent=12488"}],"wp:term":[{"taxonomy":"product_brand","embeddable":true,"href":"https:\/\/giatsu.com\/it\/wp-json\/wp\/v2\/product_brand?post=12488"},{"taxonomy":"product_cat","embeddable":true,"href":"https:\/\/giatsu.com\/it\/wp-json\/wp\/v2\/product_cat?post=12488"},{"taxonomy":"product_tag","embeddable":true,"href":"https:\/\/giatsu.com\/it\/wp-json\/wp\/v2\/product_tag?post=12488"}],"curies":[{"name":"wp","href":"https:\/\/api.w.org\/{rel}","templated":true}]}}