{"id":13429,"date":"2025-04-03T14:52:23","date_gmt":"2025-04-03T14:52:23","guid":{"rendered":"https:\/\/giatsu.com\/?post_type=product&#038;p=13429"},"modified":"2025-09-19T12:15:43","modified_gmt":"2025-09-19T12:15:43","slug":"rechauffeur-atmospherique-sua","status":"publish","type":"product","link":"https:\/\/giatsu.com\/fr\/eau-chaude\/chauffage-au-gaz\/rechauffeur-atmospherique-sua\/","title":{"rendered":"R\u00c9CHAUFFEUR ATMOSPH\u00c9RIQUE SUA"},"content":{"rendered":"<div class=\"wpb-content-wrapper\"><div class=\"container mb-1 moduloprincipalespictos\">\n<h2 class=\"text-center tituloprincipales\">Caracter\u00edsticas principales<\/h2>\n<div class=\"row row-cols-1 row-cols-md-2 row-cols-xl-3\">\n<div class=\"col-xs-6 col-md-3 order-last\">\n<div class=\"card\">\n                            <img decoding=\"async\" class=\"card-img-top w-100 d-block fit-cover pictoprincipalgrande\" src=\"https:\/\/giatsu.com\/wp-content\/uploads\/2023\/08\/slim-55326d.webp\" \/><\/p>\n<div class=\"card-body p-4\">\n<h3 class=\"font-weight-bold card-title\">Slim design<\/h3>\n<p class=\"card-text\">La hauteur du produit est r\u00e9duite pour s?adapter \u00e0 des installations de faible encombrement.<\/p>\n<\/p><\/div><\/div><\/div>\n<div class=\"col-xs-6 col-md-3 order-last\">\n<div class=\"card\">\n                            <img decoding=\"async\" class=\"card-img-top w-100 d-block fit-cover pictoprincipalgrande\" src=\"https:\/\/giatsu.com\/wp-content\/uploads\/2023\/08\/led-9ce7c9.webp\" \/><\/p>\n<div class=\"card-body p-4\">\n<h3 class=\"font-weight-bold card-title\">\u00c9cran LED<\/h3>\n<p class=\"card-text\">Un grand \u00e9cran LED informe sur le fonctionnement du syst\u00e8me de climatisation.<\/p>\n<\/p><\/div><\/div><\/div>\n<div class=\"col-xs-6 col-md-3 order-last\">\n<div class=\"card\">\n                            <img decoding=\"async\" class=\"card-img-top w-100 d-block fit-cover pictoprincipalgrande\" src=\"https:\/\/giatsu.com\/wp-content\/uploads\/2023\/08\/clase-6-nox-ea2613.webp\" \/><\/p>\n<div class=\"card-body p-4\">\n<h3 class=\"font-weight-bold card-title\">Classe 6 NOx<\/h3>\n<p class=\"card-text\">Les \u00e9missions de NOx de cet appareil de chauffage sont inf\u00e9rieures \u00e0 56 mg\/kWh.<\/p>\n<\/p><\/div><\/div><\/div>\n<div class=\"col-xs-6 col-md-3 order-last\">\n<div class=\"card\">\n                            <img decoding=\"async\" class=\"card-img-top w-100 d-block fit-cover pictoprincipalgrande\" src=\"https:\/\/giatsu.com\/wp-content\/uploads\/2023\/08\/sin-llama-piloto-c253ba.webp\" \/><\/p>\n<div class=\"card-body p-4\">\n<h3 class=\"font-weight-bold card-title\">Sans veilleuse<\/h3>\n<p class=\"card-text\">La flamme ne s&rsquo;allume qu&rsquo;en cas de demande d&rsquo;eau chaude, ce qui permet une utilisation plus s\u00fbre et des \u00e9conomies plus importantes.<\/p>\n<\/p><\/div><\/div><\/div><\/div><\/div>\n<hr>\n<p>        [vc_row mobile_bg_img_hidden=\u00a0\u00bbno\u00a0\u00bb tablet_bg_img_hidden=\u00a0\u00bbno\u00a0\u00bb woodmart_parallax=\u00a0\u00bb0&Prime; woodmart_gradient_switch=\u00a0\u00bbno\u00a0\u00bb row_reverse_mobile=\u00a0\u00bb0&Prime; row_reverse_tablet=\u00a0\u00bb0&Prime; woodmart_disable_overflow=\u00a0\u00bb0&Prime; el_class=\u00a0\u00bbfilaImgCaracteristica\u00a0\u00bb][vc_column mobile_bg_img_hidden=\u00a0\u00bbno\u00a0\u00bb tablet_bg_img_hidden=\u00a0\u00bbno\u00a0\u00bb woodmart_parallax=\u00a0\u00bb0&Prime; woodmart_sticky_column=\u00a0\u00bbfalse\u00a0\u00bb parallax_scroll=\u00a0\u00bbno\u00a0\u00bb mobile_reset_margin=\u00a0\u00bbno\u00a0\u00bb tablet_reset_margin=\u00a0\u00bbno\u00a0\u00bb]<\/p>\n<div class=\"container mb-1\">\n<h3 class=\"text-center\">Informaci\u00f3n t\u00e9cnica<\/h3>\n<div class=\"row row-cols-1 row-cols-md-2 row-cols-xl-3 justify-content-md-center\">\n<div class=\"col-xs-1 col-md-1\">\n<div class=\"card\">\n                            <img decoding=\"async\" class=\"card-img-top w-100 d-block fit-cover pictoprincipalgrande\" src=\"https:\/\/giatsu.com\/wp-content\/uploads\/2023\/08\/intercambiador_de_cobre_libre_de_oxigeno-622e44.webp\" \/><\/p>\n<div class=\"card-body p-4\">\n<h4 class=\"card-text textospictospeques\">\u00c9changeur en cuivre sans oxyg\u00e8ne<\/h4>\n<\/p><\/div><\/div><\/div>\n<div class=\"col-xs-1 col-md-1\">\n<div class=\"card\">\n                            <img decoding=\"async\" class=\"card-img-top w-100 d-block fit-cover pictoprincipalgrande\" src=\"https:\/\/giatsu.com\/wp-content\/uploads\/2023\/08\/gran_produccion_de_acs-1434de.webp\" \/><\/p>\n<div class=\"card-body p-4\">\n<h4 class=\"card-text textospictospeques\"><\/h4>\n<\/p><\/div><\/div><\/div>\n<div class=\"col-xs-1 col-md-1\">\n<div class=\"card\">\n                            <img decoding=\"async\" class=\"card-img-top w-100 d-block fit-cover pictoprincipalgrande\" src=\"https:\/\/giatsu.com\/wp-content\/uploads\/2023\/08\/sensor_de_gas_y_temperatura-e09d39.webp\" \/><\/p>\n<div class=\"card-body p-4\">\n<h4 class=\"card-text textospictospeques\">Capteur de gaz et de temp\u00e9rature<\/h4>\n<\/p><\/div><\/div><\/div><\/div><\/div>\n<div class=\"row justify-content-md-center\">\n<div class=\"vc_btn3-container vc_btn3-inline\" id=\"botonDescargarFicha\">\n                        <a target=\"_blank\" class=\"btn btn-light border rounded-4 botondescarga\" href=\"https:\/\/giatsu.com\/documentacion\/\/giatsu-fichas-tecnicas-calentadores-a-gas-sua-frances.pdf\" title=\"\">T\u00e9l\u00e9charger la fiche<\/a>\n                 <\/div><\/div>\n<div class=\"row\">\n<hr>\n<div class=\"col text-center\"><a target=\"_blank\" href=\"https:\/\/giatsu.com\/documentacion\/\/giatsu-manual-de-usuario-e-instalacion-calentadores-a-gas-sua-multiidioma.pdf\" class=\"btn btn-light border rounded-4 botonDescargaManual botondescarga\">Manuel de l&rsquo;utilisateur<\/a><\/div>\n<div class=\"col text-center\"><a target=\"_blank\" href=\"https:\/\/giatsu.com\/documentacion\/\/giatsu-manual-de-usuario-e-instalacion-calentadores-a-gas-sua-multiidioma.pdf\" class=\"btn btn-light border rounded-4 botonDescargaManual botondescarga\">Manual de instalaci\u00f3n<\/a><\/div>\n<hr>\n<\/div>\n<div class=\"container mb-1 videoweb\">\n            <style>\n       .errordiv { padding:10px; margin:10px; border: 1px solid #555555;color: #000000;background-color: #f8f8f8; width:500px; }#iframe1 {visibility:visible;opacity:1;vertical-align:top;}.ai-info-bottom-iframe { position: fixed; z-index: 10000; bottom:0; left: 0; margin: 0px; text-align: center; width: 100%; background-color: #ff9999; padding-left: 5px;padding-bottom: 5px; border-top: 1px solid #aaa } a.ai-bold {font-weight: bold;}#ai-layer-div-iframe1 p {height:100%;margin:0;padding:0}<\/style><script type=\"text\/javascript\">var ai_iframe_width_iframe1 = 0;var ai_iframe_height_iframe1 = 0;function aiReceiveMessageiframe1(event) {  aiProcessMessage(event,\"iframe1\", \"true\",\"\",\"false\",\"false\");}if (window.addEventListener) {  window.addEventListener(\"message\", aiReceiveMessageiframe1);} else if (el.attachEvent)  {  el.attachEvent(\"message\", aiReceiveMessageiframe1);}var aiOnloadScrollTop=\"true\";var aiShowDebug=false;\n\t\tif (typeof aiReadyCallbacks === 'undefined') {\n\t\t\tvar aiReadyCallbacks = [];\n\t\t} else if (!(aiReadyCallbacks instanceof Array)) {\n\t\t\tvar aiReadyCallbacks = [];\n\t\t}    function aiShowIframeId(id_iframe) { jQuery(\"#\"+id_iframe).css(\"visibility\", \"visible\");    }    function aiResizeIframeHeight(height) { aiResizeIframeHeight(height,iframe1); }    function aiResizeIframeHeightId(height,width,id) {aiResizeIframeHeightById(id,height);}<\/script><iframe id=\"iframe1\"  name=\"iframe1\"  src=\"https:\/\/www.youtube.com\/embed\/nPcmyV9XUVk?rel=0&#038;controls=0&#038;showinfo=0&#038;modestbranding=1&#038;theme=light\"  width=\"100%\"  height=\"600\"  frameborder=\"0\"  border=\"0\"  allowtransparency=\"true\"  loading=\"lazy\"  style=\";border-width: 0px;;border: none;;width:100%;;height:600px;\" ><\/iframe><script type=\"text\/javascript\">var ifrm_iframe1 = document.getElementById(\"iframe1\");var hiddenTabsDoneiframe1 = false;\nfunction resizeCallbackiframe1() {}<\/script><script type=\"text\/javascript\"><\/script><p style=\"display:block !important; visibility:visible !important;margin: -18px 14px 0 0;padding-left: 3px;padding-top:3px;background: white; overflow: hidden; position: relative; line-height:15px;width: fit-content;\"><small style=\"display:block !important;visibility:visible !important\">powered by Advanced iFrame<\/small><\/p>\n           <\/div>\n<\/div>","protected":false},"excerpt":{"rendered":"<p class=\"MsoNormal\" style=\"margin-bottom: 15.0pt;text-align: justify;line-height: normal;background: white;vertical-align: baseline\"><span style=\"font-family: Roboto\">Le r&eacute;chauffeur atmosph&eacute;rique SUA est le choix id&eacute;al pour ceux qui recherchent une alimentation en eau chaude efficace et fiable. <\/span><\/p>\n<p class=\"MsoNormal\" style=\"margin-bottom: 15.0pt;text-align: justify;line-height: normal;background: white;vertical-align: baseline\"><span style=\"font-family: Roboto\">Il int&egrave;gre la technologie Low NOx, qui permet de r&eacute;duire l\u00a0\u00bbimpact sur l\u00a0\u00bbenvironnement.<\/span><\/p>\n<p class=\"MsoNormal\" style=\"margin-bottom: 15.0pt;text-align: justify;line-height: normal;background: white;vertical-align: baseline\"><span style=\"font-family: Roboto\">Son design fin et son &eacute;changeur de chaleur en cuivre sans oxyg&egrave;ne garantissent des performances optimales et une longue dur&eacute;e de vie.<\/span><\/p>\n<p class=\"MsoNormal\" style=\"margin-bottom: 15.0pt;text-align: justify;line-height: normal;background: white;vertical-align: baseline\"><span style=\"font-family: Roboto\">Caract&eacute;ristiques exceptionnelles :<\/span><\/p>\n<ul>\n<li class=\"MsoNormal\" style=\"text-align: justify;line-height: normal;background: white;vertical-align: baseline\"><span style=\"font-family: Roboto\"><strong>Efficacit&eacute; &eacute;nerg&eacute;tique exceptionnelle, class&eacute;e A<\/strong>, garantissant une consommation r&eacute;duite et des &eacute;conomies &agrave; chaque utilisation.<\/span><\/li>\n<li class=\"MsoNormal\" style=\"text-align: justify;line-height: normal;background: white;vertical-align: baseline\"><span style=\"font-family: Roboto\"><strong>Faibles &eacute;missions de NOx (Low NOx 6)<\/strong>, conformes aux normes &eacute;cologiques les plus exigeantes.<\/span><\/li>\n<li class=\"MsoNormal\" style=\"text-align: justify;line-height: normal;background: white;vertical-align: baseline\"><span style=\"font-family: Roboto\">Hautes performances en eau chaude sanitaire (ECS), offrant un <strong>d&eacute;bit allant jusqu\u00a0\u00bb&agrave; 11 litres par minute<\/strong>.<\/span><\/li>\n<li class=\"MsoNormal\" style=\"text-align: justify;line-height: normal;background: white;vertical-align: baseline\"><span style=\"font-family: Roboto\">Syst&egrave;me d\u00a0\u00bb<strong>allumage &eacute;lectronique sans flamme pilote<\/strong>, ce qui &eacute;vite une consommation continue de gaz lorsque l\u00a0\u00bbappareil n\u00a0\u00bbest pas utilis&eacute;.<\/span><\/li>\n<li class=\"MsoNormal\" style=\"text-align: justify;line-height: normal;background: white;vertical-align: baseline\"><span style=\"font-family: Roboto\"><strong>Capteur de gaz<\/strong>: comprend deux capteurs de s&eacute;curit&eacute; qui d&eacute;connectent automatiquement le chauffe-eau en cas d\u00a0\u00bbaccumulation de fum&eacute;e ou de surchauffe de l\u00a0\u00bbeau.<\/span><\/li>\n<li class=\"MsoNormal\" style=\"text-align: justify;line-height: normal;background: white;vertical-align: baseline\"><span style=\"font-family: Roboto\"><strong>Affichage LED facile &agrave; lire<\/strong>, permettant d\u00a0\u00bbafficher la temp&eacute;rature avec pr&eacute;cision.<\/span><\/li>\n<li class=\"MsoNormal\" style=\"text-align: justify;line-height: normal;background: white;vertical-align: baseline\"><strong><span style=\"font-family: Roboto\">Capacit&eacute;s disponibles : 11L GPL et 11L GN.<\/span><\/strong><\/li>\n<\/ul>\n<p class=\"MsoNormal\" style=\"margin-bottom: 15.0pt;text-align: justify;line-height: normal;background: white;vertical-align: baseline\"><span style=\"font-family: Roboto\">L\u00a0\u00bbalimentation est de 3V DC (2 piles type D 1.5V R20P).<\/span><\/p>\n<p class=\"MsoNormal\" style=\"margin-bottom: 15.0pt;text-align: justify;line-height: normal;background: white;vertical-align: baseline\"><span style=\"font-family: Roboto\">Types de gaz : NG gaz naturel. GPL gaz butane \/ propane<\/span><\/p>\n<div class='divPictosEnergia'>[vc_single_image image=&rsquo;9138&prime; alignment=&rsquo;center&rsquo; woodmart_inline=&rsquo;no&rsquo; parallax_scroll=&rsquo;no&rsquo; el_class=&rsquo;imgEnergia&rsquo; img_size=&rsquo;72&#215;36&prime;][vc_single_image image=&rsquo;13412&prime; alignment=&rsquo;center&rsquo; woodmart_inline=&rsquo;no&rsquo; parallax_scroll=&rsquo;no&rsquo; el_class=&rsquo;imgEnergia&rsquo; img_size=&rsquo;72&#215;36&prime;]<\/div>\n<div class='pictosvoz'><\/div>\n","protected":false},"featured_media":13402,"template":"","meta":{"_monsterinsights_skip_tracking":false,"_monsterinsights_sitenote_active":false,"_monsterinsights_sitenote_note":"","_monsterinsights_sitenote_category":0},"product_brand":[],"product_cat":[849,848],"product_tag":[],"class_list":{"0":"post-13429","1":"product","2":"type-product","3":"status-publish","4":"has-post-thumbnail","6":"product_cat-chauffage-au-gaz","7":"product_cat-eau-chaude","9":"first","10":"instock","11":"shipping-taxable","12":"product-type-simple"},"yoast_head":"<!-- This site is optimized with the Yoast SEO plugin v27.4 - https:\/\/yoast.com\/product\/yoast-seo-wordpress\/ -->\n<title>Chauffage au gaz SUA<\/title>\n<meta name=\"description\" content=\"Un appareil de chauffage \u00e0 haute efficacit\u00e9 \u00e9nerg\u00e9tique, \u00e0 faibles \u00e9missions de NOx, \u00e0 allumage sans flamme et de conception compacte. Id\u00e9al pour une maison moderne, s\u00fbre et respectueuse de l&#039;&#039;environnement.\" \/>\n<meta name=\"robots\" content=\"index, follow, max-snippet:-1, max-image-preview:large, max-video-preview:-1\" \/>\n<link rel=\"canonical\" href=\"https:\/\/giatsu.com\/fr\/eau-chaude\/chauffage-au-gaz\/rechauffeur-atmospherique-sua\/\" \/>\n<meta property=\"og:locale\" content=\"fr_FR\" \/>\n<meta property=\"og:type\" content=\"article\" \/>\n<meta property=\"og:title\" content=\"Chauffage au gaz SUA\" \/>\n<meta property=\"og:description\" content=\"Un appareil de chauffage \u00e0 haute efficacit\u00e9 \u00e9nerg\u00e9tique, \u00e0 faibles \u00e9missions de NOx, \u00e0 allumage sans flamme et de conception compacte. Id\u00e9al pour une maison moderne, s\u00fbre et respectueuse de l&#039;&#039;environnement.\" \/>\n<meta property=\"og:url\" content=\"https:\/\/giatsu.com\/fr\/eau-chaude\/chauffage-au-gaz\/rechauffeur-atmospherique-sua\/\" \/>\n<meta property=\"og:site_name\" content=\"GIATSU\" \/>\n<meta property=\"article:modified_time\" content=\"2025-09-19T12:15:43+00:00\" \/>\n<meta property=\"og:image\" content=\"https:\/\/giatsu.com\/wp-content\/uploads\/2025\/04\/sua-93c07b.webp\" \/>\n\t<meta property=\"og:image:width\" content=\"500\" \/>\n\t<meta property=\"og:image:height\" content=\"500\" \/>\n\t<meta property=\"og:image:type\" content=\"image\/webp\" \/>\n<meta name=\"twitter:card\" content=\"summary_large_image\" \/>\n<meta name=\"twitter:label1\" content=\"Dur\u00e9e de lecture estim\u00e9e\" \/>\n\t<meta name=\"twitter:data1\" content=\"1 minute\" \/>\n<script type=\"application\/ld+json\" class=\"yoast-schema-graph\">{\"@context\":\"https:\\\/\\\/schema.org\",\"@graph\":[{\"@type\":\"WebPage\",\"@id\":\"https:\\\/\\\/giatsu.com\\\/fr\\\/eau-chaude\\\/chauffage-au-gaz\\\/rechauffeur-atmospherique-sua\\\/\",\"url\":\"https:\\\/\\\/giatsu.com\\\/fr\\\/eau-chaude\\\/chauffage-au-gaz\\\/rechauffeur-atmospherique-sua\\\/\",\"name\":\"Chauffage au gaz SUA\",\"isPartOf\":{\"@id\":\"https:\\\/\\\/giatsu.com\\\/es\\\/#website\"},\"primaryImageOfPage\":{\"@id\":\"https:\\\/\\\/giatsu.com\\\/fr\\\/eau-chaude\\\/chauffage-au-gaz\\\/rechauffeur-atmospherique-sua\\\/#primaryimage\"},\"image\":{\"@id\":\"https:\\\/\\\/giatsu.com\\\/fr\\\/eau-chaude\\\/chauffage-au-gaz\\\/rechauffeur-atmospherique-sua\\\/#primaryimage\"},\"thumbnailUrl\":\"https:\\\/\\\/giatsu.com\\\/wp-content\\\/uploads\\\/2025\\\/04\\\/sua-93c07b.webp\",\"datePublished\":\"2025-04-03T14:52:23+00:00\",\"dateModified\":\"2025-09-19T12:15:43+00:00\",\"description\":\"Un appareil de chauffage \u00e0 haute efficacit\u00e9 \u00e9nerg\u00e9tique, \u00e0 faibles \u00e9missions de NOx, \u00e0 allumage sans flamme et de conception compacte. Id\u00e9al pour une maison moderne, s\u00fbre et respectueuse de l''environnement.\",\"breadcrumb\":{\"@id\":\"https:\\\/\\\/giatsu.com\\\/fr\\\/eau-chaude\\\/chauffage-au-gaz\\\/rechauffeur-atmospherique-sua\\\/#breadcrumb\"},\"inLanguage\":\"fr-FR\",\"potentialAction\":[{\"@type\":\"ReadAction\",\"target\":[\"https:\\\/\\\/giatsu.com\\\/fr\\\/eau-chaude\\\/chauffage-au-gaz\\\/rechauffeur-atmospherique-sua\\\/\"]}]},{\"@type\":\"ImageObject\",\"inLanguage\":\"fr-FR\",\"@id\":\"https:\\\/\\\/giatsu.com\\\/fr\\\/eau-chaude\\\/chauffage-au-gaz\\\/rechauffeur-atmospherique-sua\\\/#primaryimage\",\"url\":\"https:\\\/\\\/giatsu.com\\\/wp-content\\\/uploads\\\/2025\\\/04\\\/sua-93c07b.webp\",\"contentUrl\":\"https:\\\/\\\/giatsu.com\\\/wp-content\\\/uploads\\\/2025\\\/04\\\/sua-93c07b.webp\",\"width\":500,\"height\":500},{\"@type\":\"BreadcrumbList\",\"@id\":\"https:\\\/\\\/giatsu.com\\\/fr\\\/eau-chaude\\\/chauffage-au-gaz\\\/rechauffeur-atmospherique-sua\\\/#breadcrumb\",\"itemListElement\":[{\"@type\":\"ListItem\",\"position\":1,\"name\":\"Home\",\"item\":\"https:\\\/\\\/giatsu.com\\\/es\\\/\"},{\"@type\":\"ListItem\",\"position\":2,\"name\":\"PRODUCTOS\",\"item\":\"https:\\\/\\\/giatsu.com\\\/es\\\/productos\\\/\"},{\"@type\":\"ListItem\",\"position\":3,\"name\":\"R\u00c9CHAUFFEUR ATMOSPH\u00c9RIQUE SUA\"}]},{\"@type\":\"WebSite\",\"@id\":\"https:\\\/\\\/giatsu.com\\\/es\\\/#website\",\"url\":\"https:\\\/\\\/giatsu.com\\\/es\\\/\",\"name\":\"GIATSU\",\"description\":\"Quality Comfort Everywhere\",\"potentialAction\":[{\"@type\":\"SearchAction\",\"target\":{\"@type\":\"EntryPoint\",\"urlTemplate\":\"https:\\\/\\\/giatsu.com\\\/es\\\/?s={search_term_string}\"},\"query-input\":{\"@type\":\"PropertyValueSpecification\",\"valueRequired\":true,\"valueName\":\"search_term_string\"}}],\"inLanguage\":\"fr-FR\"}]}<\/script>\n<!-- \/ Yoast SEO plugin. -->","yoast_head_json":{"title":"Chauffage au gaz SUA","description":"Un appareil de chauffage \u00e0 haute efficacit\u00e9 \u00e9nerg\u00e9tique, \u00e0 faibles \u00e9missions de NOx, \u00e0 allumage sans flamme et de conception compacte. Id\u00e9al pour une maison moderne, s\u00fbre et respectueuse de l''environnement.","robots":{"index":"index","follow":"follow","max-snippet":"max-snippet:-1","max-image-preview":"max-image-preview:large","max-video-preview":"max-video-preview:-1"},"canonical":"https:\/\/giatsu.com\/fr\/eau-chaude\/chauffage-au-gaz\/rechauffeur-atmospherique-sua\/","og_locale":"fr_FR","og_type":"article","og_title":"Chauffage au gaz SUA","og_description":"Un appareil de chauffage \u00e0 haute efficacit\u00e9 \u00e9nerg\u00e9tique, \u00e0 faibles \u00e9missions de NOx, \u00e0 allumage sans flamme et de conception compacte. Id\u00e9al pour une maison moderne, s\u00fbre et respectueuse de l''environnement.","og_url":"https:\/\/giatsu.com\/fr\/eau-chaude\/chauffage-au-gaz\/rechauffeur-atmospherique-sua\/","og_site_name":"GIATSU","article_modified_time":"2025-09-19T12:15:43+00:00","og_image":[{"width":500,"height":500,"url":"https:\/\/giatsu.com\/wp-content\/uploads\/2025\/04\/sua-93c07b.webp","type":"image\/webp"}],"twitter_card":"summary_large_image","twitter_misc":{"Dur\u00e9e de lecture estim\u00e9e":"1 minute"},"schema":{"@context":"https:\/\/schema.org","@graph":[{"@type":"WebPage","@id":"https:\/\/giatsu.com\/fr\/eau-chaude\/chauffage-au-gaz\/rechauffeur-atmospherique-sua\/","url":"https:\/\/giatsu.com\/fr\/eau-chaude\/chauffage-au-gaz\/rechauffeur-atmospherique-sua\/","name":"Chauffage au gaz SUA","isPartOf":{"@id":"https:\/\/giatsu.com\/es\/#website"},"primaryImageOfPage":{"@id":"https:\/\/giatsu.com\/fr\/eau-chaude\/chauffage-au-gaz\/rechauffeur-atmospherique-sua\/#primaryimage"},"image":{"@id":"https:\/\/giatsu.com\/fr\/eau-chaude\/chauffage-au-gaz\/rechauffeur-atmospherique-sua\/#primaryimage"},"thumbnailUrl":"https:\/\/giatsu.com\/wp-content\/uploads\/2025\/04\/sua-93c07b.webp","datePublished":"2025-04-03T14:52:23+00:00","dateModified":"2025-09-19T12:15:43+00:00","description":"Un appareil de chauffage \u00e0 haute efficacit\u00e9 \u00e9nerg\u00e9tique, \u00e0 faibles \u00e9missions de NOx, \u00e0 allumage sans flamme et de conception compacte. Id\u00e9al pour une maison moderne, s\u00fbre et respectueuse de l''environnement.","breadcrumb":{"@id":"https:\/\/giatsu.com\/fr\/eau-chaude\/chauffage-au-gaz\/rechauffeur-atmospherique-sua\/#breadcrumb"},"inLanguage":"fr-FR","potentialAction":[{"@type":"ReadAction","target":["https:\/\/giatsu.com\/fr\/eau-chaude\/chauffage-au-gaz\/rechauffeur-atmospherique-sua\/"]}]},{"@type":"ImageObject","inLanguage":"fr-FR","@id":"https:\/\/giatsu.com\/fr\/eau-chaude\/chauffage-au-gaz\/rechauffeur-atmospherique-sua\/#primaryimage","url":"https:\/\/giatsu.com\/wp-content\/uploads\/2025\/04\/sua-93c07b.webp","contentUrl":"https:\/\/giatsu.com\/wp-content\/uploads\/2025\/04\/sua-93c07b.webp","width":500,"height":500},{"@type":"BreadcrumbList","@id":"https:\/\/giatsu.com\/fr\/eau-chaude\/chauffage-au-gaz\/rechauffeur-atmospherique-sua\/#breadcrumb","itemListElement":[{"@type":"ListItem","position":1,"name":"Home","item":"https:\/\/giatsu.com\/es\/"},{"@type":"ListItem","position":2,"name":"PRODUCTOS","item":"https:\/\/giatsu.com\/es\/productos\/"},{"@type":"ListItem","position":3,"name":"R\u00c9CHAUFFEUR ATMOSPH\u00c9RIQUE SUA"}]},{"@type":"WebSite","@id":"https:\/\/giatsu.com\/es\/#website","url":"https:\/\/giatsu.com\/es\/","name":"GIATSU","description":"Quality Comfort Everywhere","potentialAction":[{"@type":"SearchAction","target":{"@type":"EntryPoint","urlTemplate":"https:\/\/giatsu.com\/es\/?s={search_term_string}"},"query-input":{"@type":"PropertyValueSpecification","valueRequired":true,"valueName":"search_term_string"}}],"inLanguage":"fr-FR"}]}},"_links":{"self":[{"href":"https:\/\/giatsu.com\/fr\/wp-json\/wp\/v2\/product\/13429","targetHints":{"allow":["GET"]}}],"collection":[{"href":"https:\/\/giatsu.com\/fr\/wp-json\/wp\/v2\/product"}],"about":[{"href":"https:\/\/giatsu.com\/fr\/wp-json\/wp\/v2\/types\/product"}],"wp:featuredmedia":[{"embeddable":true,"href":"https:\/\/giatsu.com\/fr\/wp-json\/wp\/v2\/media\/13402"}],"wp:attachment":[{"href":"https:\/\/giatsu.com\/fr\/wp-json\/wp\/v2\/media?parent=13429"}],"wp:term":[{"taxonomy":"product_brand","embeddable":true,"href":"https:\/\/giatsu.com\/fr\/wp-json\/wp\/v2\/product_brand?post=13429"},{"taxonomy":"product_cat","embeddable":true,"href":"https:\/\/giatsu.com\/fr\/wp-json\/wp\/v2\/product_cat?post=13429"},{"taxonomy":"product_tag","embeddable":true,"href":"https:\/\/giatsu.com\/fr\/wp-json\/wp\/v2\/product_tag?post=13429"}],"curies":[{"name":"wp","href":"https:\/\/api.w.org\/{rel}","templated":true}]}}