{"id":13316,"date":"2024-02-23T11:50:36","date_gmt":"2024-02-23T11:50:36","guid":{"rendered":"https:\/\/giatsu.com\/?post_type=product&#038;p=13316"},"modified":"2025-04-03T07:52:39","modified_gmt":"2025-04-03T07:52:39","slug":"cassette-admira-plus-multisplit","status":"publish","type":"product","link":"https:\/\/giatsu.com\/fr\/splits-fr\/multisplit-splits-fr\/cassette-admira-plus-multisplit\/","title":{"rendered":"CASSETTE ADMIRA PLUS MULTISPLIT"},"content":{"rendered":"<div class=\"wpb-content-wrapper\"><div class=\"container mb-1 moduloprincipalespictos\">\n<h2 class=\"text-center tituloprincipales\">Caracter\u00edsticas principales<\/h2>\n<div class=\"row row-cols-1 row-cols-md-2 row-cols-xl-3\">\n<div class=\"col-xs-6 col-md-3 order-last\">\n<div class=\"card\">\n                            <img decoding=\"async\" class=\"card-img-top w-100 d-block fit-cover pictoprincipalgrande\" src=\"https:\/\/giatsu.com\/wp-content\/uploads\/2023\/08\/wifi-incluido-cb8169.webp\" \/><\/p>\n<div class=\"card-body p-4\">\n<h3 class=\"font-weight-bold card-title\">WiFi inclus<\/h3>\n<p class=\"card-text\">Gr\u00e2ce \u00e0 l&rsquo;application GIApp, vous pouvez contr\u00f4ler l&rsquo;\u00e9quipement depuis un smartphone, une tablette ou \u00e0 la voix avec Alexa et Google Home.<\/p>\n<\/p><\/div><\/div><\/div>\n<div class=\"col-xs-6 col-md-3 order-last\">\n<div class=\"card\">\n                            <img decoding=\"async\" class=\"card-img-top w-100 d-block fit-cover pictoprincipalgrande\" src=\"https:\/\/giatsu.com\/wp-content\/uploads\/2023\/08\/bomba-de-condensados-8f2ae0.webp\" \/><\/p>\n<div class=\"card-body p-4\">\n<h3 class=\"font-weight-bold card-title\">Pompe \u00e0 condensat<\/h3>\n<p class=\"card-text\">L&rsquo;unit\u00e9 dispose d&rsquo;une pompe \u00e0 condensat int\u00e9gr\u00e9e en standard.<\/p>\n<\/p><\/div><\/div><\/div>\n<div class=\"col-xs-6 col-md-3 order-last\">\n<div class=\"card\">\n                            <img decoding=\"async\" class=\"card-img-top w-100 d-block fit-cover pictoprincipalgrande\" src=\"https:\/\/giatsu.com\/wp-content\/uploads\/2023\/08\/control-remoto-6dcd21.webp\" \/><\/p>\n<div class=\"card-body p-4\">\n<h3 class=\"font-weight-bold card-title\">T\u00e9l\u00e9commande<\/h3>\n<p class=\"card-text\">Il int\u00e8gre en standard une t\u00e9l\u00e9commande qui permet de contr\u00f4ler diff\u00e9rents param\u00e8tres des unit\u00e9s int\u00e9rieures.<\/p>\n<\/p><\/div><\/div><\/div><\/div><\/div>\n<hr>\n<p>        [vc_row mobile_bg_img_hidden=\u00a0\u00bbno\u00a0\u00bb tablet_bg_img_hidden=\u00a0\u00bbno\u00a0\u00bb woodmart_parallax=\u00a0\u00bb0&Prime; woodmart_gradient_switch=\u00a0\u00bbno\u00a0\u00bb row_reverse_mobile=\u00a0\u00bb0&Prime; row_reverse_tablet=\u00a0\u00bb0&Prime; woodmart_disable_overflow=\u00a0\u00bb0&Prime; el_class=\u00a0\u00bbfilaImgCaracteristica\u00a0\u00bb][vc_column mobile_bg_img_hidden=\u00a0\u00bbno\u00a0\u00bb tablet_bg_img_hidden=\u00a0\u00bbno\u00a0\u00bb woodmart_parallax=\u00a0\u00bb0&Prime; woodmart_sticky_column=\u00a0\u00bbfalse\u00a0\u00bb parallax_scroll=\u00a0\u00bbno\u00a0\u00bb mobile_reset_margin=\u00a0\u00bbno\u00a0\u00bb tablet_reset_margin=\u00a0\u00bbno\u00a0\u00bb]<\/p>\n<div class=\"container mb-1\">\n<h3 class=\"text-center\">Informaci\u00f3n t\u00e9cnica<\/h3>\n<div class=\"row row-cols-1 row-cols-md-2 row-cols-xl-3 justify-content-md-center\">\n<div class=\"col-xs-1 col-md-1\">\n<div class=\"card\">\n                            <img decoding=\"async\" class=\"card-img-top w-100 d-block fit-cover pictoprincipalgrande\" src=\"https:\/\/giatsu.com\/wp-content\/uploads\/2023\/08\/contacto-on-off-y-alarma-e8b7e6.webp\" \/><\/p>\n<div class=\"card-body p-4\">\n<h4 class=\"card-text textospictospeques\">Contact ON\/OFF et alarme<\/h4>\n<\/p><\/div><\/div><\/div>\n<div class=\"col-xs-1 col-md-1\">\n<div class=\"card\">\n                            <img decoding=\"async\" class=\"card-img-top w-100 d-block fit-cover pictoprincipalgrande\" src=\"https:\/\/giatsu.com\/wp-content\/uploads\/2023\/08\/temporizador_24_h-f6c646.webp\" \/><\/p>\n<div class=\"card-body p-4\">\n<h4 class=\"card-text textospictospeques\">Minuterie 24h<\/h4>\n<\/p><\/div><\/div><\/div><\/div><\/div>\n<\/div>","protected":false},"excerpt":{"rendered":"<p><strong>L\u00a0\u00bbunit&eacute; int&eacute;rieure multisplit &agrave; cassette Admira Plus<\/strong> se distingue par sa tr&egrave;s faible hauteur, ce qui la rend id&eacute;ale pour les installations o&ugrave; l\u00a0\u00bbespace sous plafond est limit&eacute;. Tirez le meilleur parti de votre espace sans compromettre l\u00a0\u00bbefficacit&eacute; et les performances de la climatisation.<\/p>\n<p>Avec un flux d\u00a0\u00bbair &agrave; 360&deg;, cette unit&eacute; assure une distribution uniforme de l\u00a0\u00bbair conditionn&eacute; dans toutes les directions. Profitez d\u00a0\u00bbun environnement confortable dans toutes les zones couvertes par le syst&egrave;me, sans points chauds ou froids ind&eacute;sirables.<\/p>\n<p>Il est polyvalent et s\u00a0\u00bbadapte &agrave; diff&eacute;rentes configurations d\u00a0\u00bbinstallation. Il peut &ecirc;tre facilement int&eacute;gr&eacute; dans des espaces commerciaux ou r&eacute;sidentiels, offrant un confort optimal dans n\u00a0\u00bbimporte quel environnement.<\/p>\n<p>Cette unit&eacute; est con&ccedil;ue selon les normes de qualit&eacute; et de durabilit&eacute; les plus strictes, ce qui garantit des performances fiables et durables. Profitez d\u00a0\u00bbun syst&egrave;me de climatisation efficace et performant avec l\u00a0\u00bbunit&eacute; int&eacute;rieure Multisplit &agrave; cassette.<\/p>\n<p><strong>Principales caract&eacute;ristiques :<\/strong><\/p>\n<ul>\n<li><strong>Design:<\/strong> profondeur r&eacute;duite et, pour les puissances inf&eacute;rieures, panneau plus petit.<\/li>\n<li><strong>Rev&ecirc;tement Golden Fin <\/strong>de l\u00a0\u00bbunit&eacute; ext&eacute;rieure pour pr&eacute;venir la corrosion et l\u00a0\u00bboxydation.<\/li>\n<li><strong>Mode ECO.<\/strong><\/li>\n<li><strong>Fonction I Feel,<\/strong> avec un capteur de temp&eacute;rature int&eacute;gr&eacute; &agrave; la t&eacute;l&eacute;commande.<\/li>\n<li><strong>Mode nuit:<\/strong> l\u00a0\u00bbunit&eacute; int&eacute;rieure r&eacute;duit la vitesse du ventilateur et &eacute;teint la lumi&egrave;re de l\u00a0\u00bb&eacute;cran.<\/li>\n<li><strong>Wifi<\/strong> inclus.<\/li>\n<\/ul>\n<p>Puissances disponibles : 2,0kW , 2,6kW , 3,5kW , 5,2kW , 7,1kW<\/p>\n<div class='pictosvoz'>[vc_single_image image=&rsquo;13599&prime; alignment=&rsquo;center&rsquo; woodmart_inline=&rsquo;no&rsquo; parallax_scroll=&rsquo;no&rsquo; el_class=&rsquo;imgEnergia&rsquo; img_size=&rsquo;65&#215;65&prime;][vc_single_image image=&rsquo;13604&prime; alignment=&rsquo;center&rsquo; woodmart_inline=&rsquo;no&rsquo; parallax_scroll=&rsquo;no&rsquo; el_class=&rsquo;imgEnergia&rsquo; img_size=&rsquo;65&#215;65&prime;]<\/div>\n","protected":false},"featured_media":12210,"template":"","meta":{"_monsterinsights_skip_tracking":false,"_monsterinsights_sitenote_active":false,"_monsterinsights_sitenote_note":"","_monsterinsights_sitenote_category":0},"product_brand":[],"product_cat":[783,681],"product_tag":[],"class_list":{"0":"post-13316","1":"product","2":"type-product","3":"status-publish","4":"has-post-thumbnail","6":"product_cat-multisplit-splits-fr","7":"product_cat-splits-fr","9":"first","10":"instock","11":"shipping-taxable","12":"product-type-simple"},"yoast_head":"<!-- This site is optimized with the Yoast SEO plugin v26.6 - https:\/\/yoast.com\/wordpress\/plugins\/seo\/ -->\n<title>Unit\u00e9 int\u00e9rieure multisplit \u00e0 cassette Admira Plus<\/title>\n<meta name=\"description\" content=\"tr\u00e8s basse hauteur, ce qui le rend id\u00e9al pour les installations dont l&#039;&#039;espace sous plafond est limit\u00e9. Tirez le meilleur parti de votre espace sans compromettre l&#039;&#039;efficacit\u00e9 et les performances de la climatisation.\" \/>\n<meta name=\"robots\" content=\"index, follow, max-snippet:-1, max-image-preview:large, max-video-preview:-1\" \/>\n<link rel=\"canonical\" href=\"https:\/\/giatsu.com\/fr\/splits-fr\/multisplit-splits-fr\/cassette-admira-plus-multisplit\/\" \/>\n<meta property=\"og:locale\" content=\"fr_FR\" \/>\n<meta property=\"og:type\" content=\"article\" \/>\n<meta property=\"og:title\" content=\"Unit\u00e9 int\u00e9rieure multisplit \u00e0 cassette Admira Plus\" \/>\n<meta property=\"og:description\" content=\"tr\u00e8s basse hauteur, ce qui le rend id\u00e9al pour les installations dont l&#039;&#039;espace sous plafond est limit\u00e9. Tirez le meilleur parti de votre espace sans compromettre l&#039;&#039;efficacit\u00e9 et les performances de la climatisation.\" \/>\n<meta property=\"og:url\" content=\"https:\/\/giatsu.com\/fr\/splits-fr\/multisplit-splits-fr\/cassette-admira-plus-multisplit\/\" \/>\n<meta property=\"og:site_name\" content=\"GIATSU\" \/>\n<meta property=\"article:modified_time\" content=\"2025-04-03T07:52:39+00:00\" \/>\n<meta property=\"og:image\" content=\"https:\/\/giatsu.com\/wp-content\/uploads\/2024\/05\/cassette-multisplit-c3cd7f.webp\" \/>\n\t<meta property=\"og:image:width\" content=\"500\" \/>\n\t<meta property=\"og:image:height\" content=\"500\" \/>\n\t<meta property=\"og:image:type\" content=\"image\/webp\" \/>\n<meta name=\"twitter:card\" content=\"summary_large_image\" \/>\n<meta name=\"twitter:label1\" content=\"Dur\u00e9e de lecture estim\u00e9e\" \/>\n\t<meta name=\"twitter:data1\" content=\"1 minute\" \/>\n<script type=\"application\/ld+json\" class=\"yoast-schema-graph\">{\"@context\":\"https:\/\/schema.org\",\"@graph\":[{\"@type\":\"WebPage\",\"@id\":\"https:\/\/giatsu.com\/fr\/splits-fr\/multisplit-splits-fr\/cassette-admira-plus-multisplit\/\",\"url\":\"https:\/\/giatsu.com\/fr\/splits-fr\/multisplit-splits-fr\/cassette-admira-plus-multisplit\/\",\"name\":\"Unit\u00e9 int\u00e9rieure multisplit \u00e0 cassette Admira Plus\",\"isPartOf\":{\"@id\":\"https:\/\/giatsu.com\/es\/#website\"},\"primaryImageOfPage\":{\"@id\":\"https:\/\/giatsu.com\/fr\/splits-fr\/multisplit-splits-fr\/cassette-admira-plus-multisplit\/#primaryimage\"},\"image\":{\"@id\":\"https:\/\/giatsu.com\/fr\/splits-fr\/multisplit-splits-fr\/cassette-admira-plus-multisplit\/#primaryimage\"},\"thumbnailUrl\":\"https:\/\/giatsu.com\/wp-content\/uploads\/2024\/05\/cassette-multisplit-c3cd7f.webp\",\"datePublished\":\"2024-02-23T11:50:36+00:00\",\"dateModified\":\"2025-04-03T07:52:39+00:00\",\"description\":\"tr\u00e8s basse hauteur, ce qui le rend id\u00e9al pour les installations dont l''espace sous plafond est limit\u00e9. Tirez le meilleur parti de votre espace sans compromettre l''efficacit\u00e9 et les performances de la climatisation.\",\"breadcrumb\":{\"@id\":\"https:\/\/giatsu.com\/fr\/splits-fr\/multisplit-splits-fr\/cassette-admira-plus-multisplit\/#breadcrumb\"},\"inLanguage\":\"fr-FR\",\"potentialAction\":[{\"@type\":\"ReadAction\",\"target\":[\"https:\/\/giatsu.com\/fr\/splits-fr\/multisplit-splits-fr\/cassette-admira-plus-multisplit\/\"]}]},{\"@type\":\"ImageObject\",\"inLanguage\":\"fr-FR\",\"@id\":\"https:\/\/giatsu.com\/fr\/splits-fr\/multisplit-splits-fr\/cassette-admira-plus-multisplit\/#primaryimage\",\"url\":\"https:\/\/giatsu.com\/wp-content\/uploads\/2024\/05\/cassette-multisplit-c3cd7f.webp\",\"contentUrl\":\"https:\/\/giatsu.com\/wp-content\/uploads\/2024\/05\/cassette-multisplit-c3cd7f.webp\",\"width\":500,\"height\":500},{\"@type\":\"BreadcrumbList\",\"@id\":\"https:\/\/giatsu.com\/fr\/splits-fr\/multisplit-splits-fr\/cassette-admira-plus-multisplit\/#breadcrumb\",\"itemListElement\":[{\"@type\":\"ListItem\",\"position\":1,\"name\":\"Home\",\"item\":\"https:\/\/giatsu.com\/es\/\"},{\"@type\":\"ListItem\",\"position\":2,\"name\":\"PRODUCTOS\",\"item\":\"https:\/\/giatsu.com\/es\/productos\/\"},{\"@type\":\"ListItem\",\"position\":3,\"name\":\"CASSETTE ADMIRA PLUS MULTISPLIT\"}]},{\"@type\":\"WebSite\",\"@id\":\"https:\/\/giatsu.com\/es\/#website\",\"url\":\"https:\/\/giatsu.com\/es\/\",\"name\":\"GIATSU\",\"description\":\"Quality Comfort Everywhere\",\"potentialAction\":[{\"@type\":\"SearchAction\",\"target\":{\"@type\":\"EntryPoint\",\"urlTemplate\":\"https:\/\/giatsu.com\/es\/?s={search_term_string}\"},\"query-input\":{\"@type\":\"PropertyValueSpecification\",\"valueRequired\":true,\"valueName\":\"search_term_string\"}}],\"inLanguage\":\"fr-FR\"}]}<\/script>\n<!-- \/ Yoast SEO plugin. -->","yoast_head_json":{"title":"Unit\u00e9 int\u00e9rieure multisplit \u00e0 cassette Admira Plus","description":"tr\u00e8s basse hauteur, ce qui le rend id\u00e9al pour les installations dont l''espace sous plafond est limit\u00e9. Tirez le meilleur parti de votre espace sans compromettre l''efficacit\u00e9 et les performances de la climatisation.","robots":{"index":"index","follow":"follow","max-snippet":"max-snippet:-1","max-image-preview":"max-image-preview:large","max-video-preview":"max-video-preview:-1"},"canonical":"https:\/\/giatsu.com\/fr\/splits-fr\/multisplit-splits-fr\/cassette-admira-plus-multisplit\/","og_locale":"fr_FR","og_type":"article","og_title":"Unit\u00e9 int\u00e9rieure multisplit \u00e0 cassette Admira Plus","og_description":"tr\u00e8s basse hauteur, ce qui le rend id\u00e9al pour les installations dont l''espace sous plafond est limit\u00e9. Tirez le meilleur parti de votre espace sans compromettre l''efficacit\u00e9 et les performances de la climatisation.","og_url":"https:\/\/giatsu.com\/fr\/splits-fr\/multisplit-splits-fr\/cassette-admira-plus-multisplit\/","og_site_name":"GIATSU","article_modified_time":"2025-04-03T07:52:39+00:00","og_image":[{"width":500,"height":500,"url":"https:\/\/giatsu.com\/wp-content\/uploads\/2024\/05\/cassette-multisplit-c3cd7f.webp","type":"image\/webp"}],"twitter_card":"summary_large_image","twitter_misc":{"Dur\u00e9e de lecture estim\u00e9e":"1 minute"},"schema":{"@context":"https:\/\/schema.org","@graph":[{"@type":"WebPage","@id":"https:\/\/giatsu.com\/fr\/splits-fr\/multisplit-splits-fr\/cassette-admira-plus-multisplit\/","url":"https:\/\/giatsu.com\/fr\/splits-fr\/multisplit-splits-fr\/cassette-admira-plus-multisplit\/","name":"Unit\u00e9 int\u00e9rieure multisplit \u00e0 cassette Admira Plus","isPartOf":{"@id":"https:\/\/giatsu.com\/es\/#website"},"primaryImageOfPage":{"@id":"https:\/\/giatsu.com\/fr\/splits-fr\/multisplit-splits-fr\/cassette-admira-plus-multisplit\/#primaryimage"},"image":{"@id":"https:\/\/giatsu.com\/fr\/splits-fr\/multisplit-splits-fr\/cassette-admira-plus-multisplit\/#primaryimage"},"thumbnailUrl":"https:\/\/giatsu.com\/wp-content\/uploads\/2024\/05\/cassette-multisplit-c3cd7f.webp","datePublished":"2024-02-23T11:50:36+00:00","dateModified":"2025-04-03T07:52:39+00:00","description":"tr\u00e8s basse hauteur, ce qui le rend id\u00e9al pour les installations dont l''espace sous plafond est limit\u00e9. Tirez le meilleur parti de votre espace sans compromettre l''efficacit\u00e9 et les performances de la climatisation.","breadcrumb":{"@id":"https:\/\/giatsu.com\/fr\/splits-fr\/multisplit-splits-fr\/cassette-admira-plus-multisplit\/#breadcrumb"},"inLanguage":"fr-FR","potentialAction":[{"@type":"ReadAction","target":["https:\/\/giatsu.com\/fr\/splits-fr\/multisplit-splits-fr\/cassette-admira-plus-multisplit\/"]}]},{"@type":"ImageObject","inLanguage":"fr-FR","@id":"https:\/\/giatsu.com\/fr\/splits-fr\/multisplit-splits-fr\/cassette-admira-plus-multisplit\/#primaryimage","url":"https:\/\/giatsu.com\/wp-content\/uploads\/2024\/05\/cassette-multisplit-c3cd7f.webp","contentUrl":"https:\/\/giatsu.com\/wp-content\/uploads\/2024\/05\/cassette-multisplit-c3cd7f.webp","width":500,"height":500},{"@type":"BreadcrumbList","@id":"https:\/\/giatsu.com\/fr\/splits-fr\/multisplit-splits-fr\/cassette-admira-plus-multisplit\/#breadcrumb","itemListElement":[{"@type":"ListItem","position":1,"name":"Home","item":"https:\/\/giatsu.com\/es\/"},{"@type":"ListItem","position":2,"name":"PRODUCTOS","item":"https:\/\/giatsu.com\/es\/productos\/"},{"@type":"ListItem","position":3,"name":"CASSETTE ADMIRA PLUS MULTISPLIT"}]},{"@type":"WebSite","@id":"https:\/\/giatsu.com\/es\/#website","url":"https:\/\/giatsu.com\/es\/","name":"GIATSU","description":"Quality Comfort Everywhere","potentialAction":[{"@type":"SearchAction","target":{"@type":"EntryPoint","urlTemplate":"https:\/\/giatsu.com\/es\/?s={search_term_string}"},"query-input":{"@type":"PropertyValueSpecification","valueRequired":true,"valueName":"search_term_string"}}],"inLanguage":"fr-FR"}]}},"_links":{"self":[{"href":"https:\/\/giatsu.com\/fr\/wp-json\/wp\/v2\/product\/13316","targetHints":{"allow":["GET"]}}],"collection":[{"href":"https:\/\/giatsu.com\/fr\/wp-json\/wp\/v2\/product"}],"about":[{"href":"https:\/\/giatsu.com\/fr\/wp-json\/wp\/v2\/types\/product"}],"wp:featuredmedia":[{"embeddable":true,"href":"https:\/\/giatsu.com\/fr\/wp-json\/wp\/v2\/media\/12210"}],"wp:attachment":[{"href":"https:\/\/giatsu.com\/fr\/wp-json\/wp\/v2\/media?parent=13316"}],"wp:term":[{"taxonomy":"product_brand","embeddable":true,"href":"https:\/\/giatsu.com\/fr\/wp-json\/wp\/v2\/product_brand?post=13316"},{"taxonomy":"product_cat","embeddable":true,"href":"https:\/\/giatsu.com\/fr\/wp-json\/wp\/v2\/product_cat?post=13316"},{"taxonomy":"product_tag","embeddable":true,"href":"https:\/\/giatsu.com\/fr\/wp-json\/wp\/v2\/product_tag?post=13316"}],"curies":[{"name":"wp","href":"https:\/\/api.w.org\/{rel}","templated":true}]}}