{"id":13304,"date":"2024-02-23T11:50:48","date_gmt":"2024-02-23T11:50:48","guid":{"rendered":"https:\/\/giatsu.com\/?post_type=product&#038;p=13304"},"modified":"2025-04-02T15:02:05","modified_gmt":"2025-04-02T15:02:05","slug":"conduit-admira-plus","status":"publish","type":"product","link":"https:\/\/giatsu.com\/fr\/commercial-2\/ducts-commercial-2\/conduit-admira-plus\/","title":{"rendered":"CONDUIT ADMIRA PLUS"},"content":{"rendered":"<div class=\"wpb-content-wrapper\"><div class=\"container mb-1 moduloprincipalespictos\">\n<h2 class=\"text-center tituloprincipales\">Caracter\u00edsticas principales<\/h2>\n<div class=\"row row-cols-1 row-cols-md-2 row-cols-xl-3\">\n<div class=\"col-xs-6 col-md-3 order-last\">\n<div class=\"card\">\n                            <img decoding=\"async\" class=\"card-img-top w-100 d-block fit-cover pictoprincipalgrande\" src=\"https:\/\/giatsu.com\/wp-content\/uploads\/2023\/08\/wifi-incluido-cb8169.webp\" \/><\/p>\n<div class=\"card-body p-4\">\n<h3 class=\"font-weight-bold card-title\">WiFi inclus<\/h3>\n<p class=\"card-text\">Gr\u00e2ce \u00e0 l&rsquo;application GIApp, vous pouvez contr\u00f4ler l&rsquo;\u00e9quipement depuis un smartphone, une tablette ou \u00e0 la voix avec Alexa et Google Home.<\/p>\n<\/p><\/div><\/div><\/div>\n<div class=\"col-xs-6 col-md-3 order-last\">\n<div class=\"card\">\n                            <img decoding=\"async\" class=\"card-img-top w-100 d-block fit-cover pictoprincipalgrande\" src=\"https:\/\/giatsu.com\/wp-content\/uploads\/2023\/08\/altura-reducida-bca5bc.webp\" \/><\/p>\n<div class=\"card-body p-4\">\n<h3 class=\"font-weight-bold card-title\">Hauteur r\u00c3\u00a9duite<\/h3>\n<p class=\"card-text\">La hauteur de l&rsquo;unit\u00c3\u00a9 int\u00c3\u00a9rieure est particuli\u00c3\u00a8rement basse.<\/p>\n<\/p><\/div><\/div><\/div>\n<div class=\"col-xs-6 col-md-3 order-last\">\n<div class=\"card\">\n                            <img decoding=\"async\" class=\"card-img-top w-100 d-block fit-cover pictoprincipalgrande\" src=\"https:\/\/giatsu.com\/wp-content\/uploads\/2024\/05\/contacto-on-off-y-alarma-b0cd69.webp\" \/><\/p>\n<div class=\"card-body p-4\">\n<h3 class=\"font-weight-bold card-title\">Contact ON\/OFF et alarme<\/h3>\n<p class=\"card-text\">L&rsquo;unit\u00c3\u00a9 dispose d&rsquo;un contact ON\/OFF qui offre la possibilit\u00c3\u00a9 de d\u00c3\u00a9marrage\/arr\u00c3\u00aat \u00c3\u00a0 distance.<\/p>\n<\/p><\/div><\/div><\/div>\n<div class=\"col-xs-6 col-md-3 order-last\">\n<div class=\"card\">\n                            <img decoding=\"async\" class=\"card-img-top w-100 d-block fit-cover pictoprincipalgrande\" src=\"https:\/\/giatsu.com\/wp-content\/uploads\/2025\/04\/flexibilidad-instalacion-a8b958.webp\" \/><\/p>\n<div class=\"card-body p-4\">\n<h3 class=\"font-weight-bold card-title\">Flexibilit\u00e9 d&rsquo;installation<\/h3>\n<p class=\"card-text\">Il a de multiples possibilit\u00e9s d&rsquo;installation, soit au mur, soit au plafond.<\/p>\n<\/p><\/div><\/div><\/div><\/div><\/div>\n<hr>\n<p>        [vc_row mobile_bg_img_hidden=\u00a0\u00bbno\u00a0\u00bb tablet_bg_img_hidden=\u00a0\u00bbno\u00a0\u00bb woodmart_parallax=\u00a0\u00bb0&Prime; woodmart_gradient_switch=\u00a0\u00bbno\u00a0\u00bb row_reverse_mobile=\u00a0\u00bb0&Prime; row_reverse_tablet=\u00a0\u00bb0&Prime; woodmart_disable_overflow=\u00a0\u00bb0&Prime; el_class=\u00a0\u00bbfilaImgCaracteristica\u00a0\u00bb][vc_column mobile_bg_img_hidden=\u00a0\u00bbno\u00a0\u00bb tablet_bg_img_hidden=\u00a0\u00bbno\u00a0\u00bb woodmart_parallax=\u00a0\u00bb0&Prime; woodmart_sticky_column=\u00a0\u00bbfalse\u00a0\u00bb parallax_scroll=\u00a0\u00bbno\u00a0\u00bb mobile_reset_margin=\u00a0\u00bbno\u00a0\u00bb tablet_reset_margin=\u00a0\u00bbno\u00a0\u00bb]<\/p>\n<div class=\"container mb-1\">\n<h3 class=\"text-center\">Informaci\u00f3n t\u00e9cnica<\/h3>\n<div class=\"row row-cols-1 row-cols-md-2 row-cols-xl-3 justify-content-md-center\">\n<div class=\"col-xs-1 col-md-1\">\n<div class=\"card\">\n                            <img decoding=\"async\" class=\"card-img-top w-100 d-block fit-cover pictoprincipalgrande\" src=\"https:\/\/giatsu.com\/wp-content\/uploads\/2023\/08\/gran_longitud_de_instalacion-48be95.webp\" \/><\/p>\n<div class=\"card-body p-4\">\n<h4 class=\"card-text textospictospeques\">Grande longueur d&rsquo;installation<\/h4>\n<\/p><\/div><\/div><\/div>\n<div class=\"col-xs-1 col-md-1\">\n<div class=\"card\">\n                            <img decoding=\"async\" class=\"card-img-top w-100 d-block fit-cover pictoprincipalgrande\" src=\"https:\/\/giatsu.com\/wp-content\/uploads\/2023\/08\/doble_posicion_de_retorno-94956e.webp\" \/><\/p>\n<div class=\"card-body p-4\">\n<h4 class=\"card-text textospictospeques\">Position double retour<\/h4>\n<\/p><\/div><\/div><\/div>\n<div class=\"col-xs-1 col-md-1\">\n<div class=\"card\">\n                            <img decoding=\"async\" class=\"card-img-top w-100 d-block fit-cover pictoprincipalgrande\" src=\"https:\/\/giatsu.com\/wp-content\/uploads\/2023\/08\/control_cableado-c1d085.webp\" \/><\/p>\n<div class=\"card-body p-4\">\n<h4 class=\"card-text textospictospeques\">Surveillance filaire<\/h4>\n<\/p><\/div><\/div><\/div>\n<div class=\"col-xs-1 col-md-1\">\n<div class=\"card\">\n                            <img decoding=\"async\" class=\"card-img-top w-100 d-block fit-cover pictoprincipalgrande\" src=\"https:\/\/giatsu.com\/wp-content\/uploads\/2023\/08\/bomba_de_condensados-426dd1.webp\" \/><\/p>\n<div class=\"card-body p-4\">\n<h4 class=\"card-text textospictospeques\">Pompe \u00c3\u00a0 condensat<\/h4>\n<\/p><\/div><\/div><\/div><\/div><\/div>\n<div class=\"row justify-content-md-center\">\n<div class=\"vc_btn3-container vc_btn3-inline\" id=\"botonDescargarFicha\">\n                        <a target=\"_blank\" class=\"btn btn-light border rounded-4 botondescarga\" href=\"https:\/\/giatsu.com\/documentacion\/\/giatsu-fichas-tecnicas-conductos-lcac-admira-plus-frances.pdf\" title=\"\">T\u00e9l\u00e9charger la fiche<\/a>\n                 <\/div><\/div>\n<div class=\"row\">\n<hr>\n<div class=\"col text-center\"><a target=\"_blank\" href=\"https:\/\/giatsu.com\/documentacion\/\/giatsu-manual-de-usuario-e-instalacion-conductos-lcac-admira-plus-multiidioma.pdf\" class=\"btn btn-light border rounded-4 botonDescargaManual botondescarga\">Manuel de l&rsquo;utilisateur<\/a><\/div>\n<div class=\"col text-center\"><a target=\"_blank\" href=\"https:\/\/giatsu.com\/documentacion\/\/giatsu-manual-de-usuario-e-instalacion-conductos-lcac-admira-plus-multiidioma.pdf\" class=\"btn btn-light border rounded-4 botonDescargaManual botondescarga\">Manual de instalaci\u00f3n<\/a><\/div>\n<hr>\n<\/div>\n<\/div>","protected":false},"excerpt":{"rendered":"<p>Le syst&egrave;me de <strong>gaines Admira Plus<\/strong> offre une polyvalence et une efficacit&eacute; maximale.<\/p>\n<p><strong>Parmi ses caract&eacute;ristiques, nous pouvons souligner<\/strong><\/p>\n<ul>\n<li>Wifi inclus dans toute la gamme.<\/li>\n<li>Mode d\u00a0\u00bbinstallation horizontale\/verticale, dans tous les mod&egrave;les &agrave; l\u00a0\u00bbexception de 2,6 kW et 3,5 kW.<\/li>\n<li>Rev&ecirc;tement Golden Fin de la batterie.<\/li>\n<li>Turbo : le climatiseur maximise la puissance de refroidissement et de chauffage.<\/li>\n<li>Mode silencieux : l\u00a0\u00bbunit&eacute; int&eacute;rieure r&eacute;duit la vitesse du ventilateur et &eacute;teint le voyant lumineux.<\/li>\n<li>Compatible avec AirZone et Koolnova.<\/li>\n<li>Pompe &agrave; condensats incluse.<\/li>\n<\/ul>\n<p>Puissances disponibles : 2,6kW, 3,5kW, 5,2kW, 7,1kW<\/p>\n<div class='divPictosEnergia'>[vc_single_image image=&rsquo;10410&prime; alignment=&rsquo;center&rsquo; woodmart_inline=&rsquo;no&rsquo; parallax_scroll=&rsquo;no&rsquo; el_class=&rsquo;imgEnergia&rsquo; img_size=&rsquo;72&#215;36&prime;][vc_single_image image=&rsquo;10510&prime; alignment=&rsquo;center&rsquo; woodmart_inline=&rsquo;no&rsquo; parallax_scroll=&rsquo;no&rsquo; el_class=&rsquo;imgEnergia&rsquo; img_size=&rsquo;72&#215;36&prime;][vc_single_image image=&rsquo;10405&prime; alignment=&rsquo;center&rsquo; woodmart_inline=&rsquo;no&rsquo; parallax_scroll=&rsquo;no&rsquo; el_class=&rsquo;imgEnergia&rsquo; img_size=&rsquo;72&#215;36&prime;]<\/div>\n<div class='pictosvoz'>[vc_single_image image=&rsquo;13599&prime; alignment=&rsquo;center&rsquo; woodmart_inline=&rsquo;no&rsquo; parallax_scroll=&rsquo;no&rsquo; el_class=&rsquo;imgEnergia&rsquo; img_size=&rsquo;65&#215;65&prime;][vc_single_image image=&rsquo;13604&prime; alignment=&rsquo;center&rsquo; woodmart_inline=&rsquo;no&rsquo; parallax_scroll=&rsquo;no&rsquo; el_class=&rsquo;imgEnergia&rsquo; img_size=&rsquo;65&#215;65&prime;]<\/div>\n","protected":false},"featured_media":12077,"template":"","meta":{"_monsterinsights_skip_tracking":false,"_monsterinsights_sitenote_active":false,"_monsterinsights_sitenote_note":"","_monsterinsights_sitenote_category":0},"product_brand":[],"product_cat":[763],"product_tag":[],"class_list":{"0":"post-13304","1":"product","2":"type-product","3":"status-publish","4":"has-post-thumbnail","6":"product_cat-ducts-commercial-2","8":"first","9":"instock","10":"shipping-taxable","11":"product-type-simple"},"yoast_head":"<!-- This site is optimized with the Yoast SEO plugin v26.6 - https:\/\/yoast.com\/wordpress\/plugins\/seo\/ -->\n<title>La nouvelle gaine Admira Plus vous offre polyvalence et efficacit\u00e9 maximale.<\/title>\n<meta name=\"description\" content=\"Mode d&#039;&#039;installation horizontale\/verticale, pour tous les mod\u00e8les \u00e0 l&#039;&#039;exception de 2,6 kW et 3,5 kW.\" \/>\n<meta name=\"robots\" content=\"index, follow, max-snippet:-1, max-image-preview:large, max-video-preview:-1\" \/>\n<link rel=\"canonical\" href=\"https:\/\/giatsu.com\/fr\/commercial-2\/ducts-commercial-2\/conduit-admira-plus\/\" \/>\n<meta property=\"og:locale\" content=\"fr_FR\" \/>\n<meta property=\"og:type\" content=\"article\" \/>\n<meta property=\"og:title\" content=\"La nouvelle gaine Admira Plus vous offre polyvalence et efficacit\u00e9 maximale.\" \/>\n<meta property=\"og:description\" content=\"Mode d&#039;&#039;installation horizontale\/verticale, pour tous les mod\u00e8les \u00e0 l&#039;&#039;exception de 2,6 kW et 3,5 kW.\" \/>\n<meta property=\"og:url\" content=\"https:\/\/giatsu.com\/fr\/commercial-2\/ducts-commercial-2\/conduit-admira-plus\/\" \/>\n<meta property=\"og:site_name\" content=\"GIATSU\" \/>\n<meta property=\"article:modified_time\" content=\"2025-04-02T15:02:05+00:00\" \/>\n<meta property=\"og:image\" content=\"https:\/\/giatsu.com\/wp-content\/uploads\/2024\/04\/conducto-admira-plus-51c627.webp\" \/>\n\t<meta property=\"og:image:width\" content=\"500\" \/>\n\t<meta property=\"og:image:height\" content=\"500\" \/>\n\t<meta property=\"og:image:type\" content=\"image\/webp\" \/>\n<meta name=\"twitter:card\" content=\"summary_large_image\" \/>\n<meta name=\"twitter:label1\" content=\"Dur\u00e9e de lecture estim\u00e9e\" \/>\n\t<meta name=\"twitter:data1\" content=\"1 minute\" \/>\n<script type=\"application\/ld+json\" class=\"yoast-schema-graph\">{\"@context\":\"https:\/\/schema.org\",\"@graph\":[{\"@type\":\"WebPage\",\"@id\":\"https:\/\/giatsu.com\/fr\/commercial-2\/ducts-commercial-2\/conduit-admira-plus\/\",\"url\":\"https:\/\/giatsu.com\/fr\/commercial-2\/ducts-commercial-2\/conduit-admira-plus\/\",\"name\":\"La nouvelle gaine Admira Plus vous offre polyvalence et efficacit\u00e9 maximale.\",\"isPartOf\":{\"@id\":\"https:\/\/giatsu.com\/es\/#website\"},\"primaryImageOfPage\":{\"@id\":\"https:\/\/giatsu.com\/fr\/commercial-2\/ducts-commercial-2\/conduit-admira-plus\/#primaryimage\"},\"image\":{\"@id\":\"https:\/\/giatsu.com\/fr\/commercial-2\/ducts-commercial-2\/conduit-admira-plus\/#primaryimage\"},\"thumbnailUrl\":\"https:\/\/giatsu.com\/wp-content\/uploads\/2024\/04\/conducto-admira-plus-51c627.webp\",\"datePublished\":\"2024-02-23T11:50:48+00:00\",\"dateModified\":\"2025-04-02T15:02:05+00:00\",\"description\":\"Mode d''installation horizontale\/verticale, pour tous les mod\u00e8les \u00e0 l''exception de 2,6 kW et 3,5 kW.\",\"breadcrumb\":{\"@id\":\"https:\/\/giatsu.com\/fr\/commercial-2\/ducts-commercial-2\/conduit-admira-plus\/#breadcrumb\"},\"inLanguage\":\"fr-FR\",\"potentialAction\":[{\"@type\":\"ReadAction\",\"target\":[\"https:\/\/giatsu.com\/fr\/commercial-2\/ducts-commercial-2\/conduit-admira-plus\/\"]}]},{\"@type\":\"ImageObject\",\"inLanguage\":\"fr-FR\",\"@id\":\"https:\/\/giatsu.com\/fr\/commercial-2\/ducts-commercial-2\/conduit-admira-plus\/#primaryimage\",\"url\":\"https:\/\/giatsu.com\/wp-content\/uploads\/2024\/04\/conducto-admira-plus-51c627.webp\",\"contentUrl\":\"https:\/\/giatsu.com\/wp-content\/uploads\/2024\/04\/conducto-admira-plus-51c627.webp\",\"width\":500,\"height\":500},{\"@type\":\"BreadcrumbList\",\"@id\":\"https:\/\/giatsu.com\/fr\/commercial-2\/ducts-commercial-2\/conduit-admira-plus\/#breadcrumb\",\"itemListElement\":[{\"@type\":\"ListItem\",\"position\":1,\"name\":\"Home\",\"item\":\"https:\/\/giatsu.com\/es\/\"},{\"@type\":\"ListItem\",\"position\":2,\"name\":\"PRODUCTOS\",\"item\":\"https:\/\/giatsu.com\/es\/productos\/\"},{\"@type\":\"ListItem\",\"position\":3,\"name\":\"CONDUIT ADMIRA PLUS\"}]},{\"@type\":\"WebSite\",\"@id\":\"https:\/\/giatsu.com\/es\/#website\",\"url\":\"https:\/\/giatsu.com\/es\/\",\"name\":\"GIATSU\",\"description\":\"Quality Comfort Everywhere\",\"potentialAction\":[{\"@type\":\"SearchAction\",\"target\":{\"@type\":\"EntryPoint\",\"urlTemplate\":\"https:\/\/giatsu.com\/es\/?s={search_term_string}\"},\"query-input\":{\"@type\":\"PropertyValueSpecification\",\"valueRequired\":true,\"valueName\":\"search_term_string\"}}],\"inLanguage\":\"fr-FR\"}]}<\/script>\n<!-- \/ Yoast SEO plugin. -->","yoast_head_json":{"title":"La nouvelle gaine Admira Plus vous offre polyvalence et efficacit\u00e9 maximale.","description":"Mode d''installation horizontale\/verticale, pour tous les mod\u00e8les \u00e0 l''exception de 2,6 kW et 3,5 kW.","robots":{"index":"index","follow":"follow","max-snippet":"max-snippet:-1","max-image-preview":"max-image-preview:large","max-video-preview":"max-video-preview:-1"},"canonical":"https:\/\/giatsu.com\/fr\/commercial-2\/ducts-commercial-2\/conduit-admira-plus\/","og_locale":"fr_FR","og_type":"article","og_title":"La nouvelle gaine Admira Plus vous offre polyvalence et efficacit\u00e9 maximale.","og_description":"Mode d''installation horizontale\/verticale, pour tous les mod\u00e8les \u00e0 l''exception de 2,6 kW et 3,5 kW.","og_url":"https:\/\/giatsu.com\/fr\/commercial-2\/ducts-commercial-2\/conduit-admira-plus\/","og_site_name":"GIATSU","article_modified_time":"2025-04-02T15:02:05+00:00","og_image":[{"width":500,"height":500,"url":"https:\/\/giatsu.com\/wp-content\/uploads\/2024\/04\/conducto-admira-plus-51c627.webp","type":"image\/webp"}],"twitter_card":"summary_large_image","twitter_misc":{"Dur\u00e9e de lecture estim\u00e9e":"1 minute"},"schema":{"@context":"https:\/\/schema.org","@graph":[{"@type":"WebPage","@id":"https:\/\/giatsu.com\/fr\/commercial-2\/ducts-commercial-2\/conduit-admira-plus\/","url":"https:\/\/giatsu.com\/fr\/commercial-2\/ducts-commercial-2\/conduit-admira-plus\/","name":"La nouvelle gaine Admira Plus vous offre polyvalence et efficacit\u00e9 maximale.","isPartOf":{"@id":"https:\/\/giatsu.com\/es\/#website"},"primaryImageOfPage":{"@id":"https:\/\/giatsu.com\/fr\/commercial-2\/ducts-commercial-2\/conduit-admira-plus\/#primaryimage"},"image":{"@id":"https:\/\/giatsu.com\/fr\/commercial-2\/ducts-commercial-2\/conduit-admira-plus\/#primaryimage"},"thumbnailUrl":"https:\/\/giatsu.com\/wp-content\/uploads\/2024\/04\/conducto-admira-plus-51c627.webp","datePublished":"2024-02-23T11:50:48+00:00","dateModified":"2025-04-02T15:02:05+00:00","description":"Mode d''installation horizontale\/verticale, pour tous les mod\u00e8les \u00e0 l''exception de 2,6 kW et 3,5 kW.","breadcrumb":{"@id":"https:\/\/giatsu.com\/fr\/commercial-2\/ducts-commercial-2\/conduit-admira-plus\/#breadcrumb"},"inLanguage":"fr-FR","potentialAction":[{"@type":"ReadAction","target":["https:\/\/giatsu.com\/fr\/commercial-2\/ducts-commercial-2\/conduit-admira-plus\/"]}]},{"@type":"ImageObject","inLanguage":"fr-FR","@id":"https:\/\/giatsu.com\/fr\/commercial-2\/ducts-commercial-2\/conduit-admira-plus\/#primaryimage","url":"https:\/\/giatsu.com\/wp-content\/uploads\/2024\/04\/conducto-admira-plus-51c627.webp","contentUrl":"https:\/\/giatsu.com\/wp-content\/uploads\/2024\/04\/conducto-admira-plus-51c627.webp","width":500,"height":500},{"@type":"BreadcrumbList","@id":"https:\/\/giatsu.com\/fr\/commercial-2\/ducts-commercial-2\/conduit-admira-plus\/#breadcrumb","itemListElement":[{"@type":"ListItem","position":1,"name":"Home","item":"https:\/\/giatsu.com\/es\/"},{"@type":"ListItem","position":2,"name":"PRODUCTOS","item":"https:\/\/giatsu.com\/es\/productos\/"},{"@type":"ListItem","position":3,"name":"CONDUIT ADMIRA PLUS"}]},{"@type":"WebSite","@id":"https:\/\/giatsu.com\/es\/#website","url":"https:\/\/giatsu.com\/es\/","name":"GIATSU","description":"Quality Comfort Everywhere","potentialAction":[{"@type":"SearchAction","target":{"@type":"EntryPoint","urlTemplate":"https:\/\/giatsu.com\/es\/?s={search_term_string}"},"query-input":{"@type":"PropertyValueSpecification","valueRequired":true,"valueName":"search_term_string"}}],"inLanguage":"fr-FR"}]}},"_links":{"self":[{"href":"https:\/\/giatsu.com\/fr\/wp-json\/wp\/v2\/product\/13304","targetHints":{"allow":["GET"]}}],"collection":[{"href":"https:\/\/giatsu.com\/fr\/wp-json\/wp\/v2\/product"}],"about":[{"href":"https:\/\/giatsu.com\/fr\/wp-json\/wp\/v2\/types\/product"}],"wp:featuredmedia":[{"embeddable":true,"href":"https:\/\/giatsu.com\/fr\/wp-json\/wp\/v2\/media\/12077"}],"wp:attachment":[{"href":"https:\/\/giatsu.com\/fr\/wp-json\/wp\/v2\/media?parent=13304"}],"wp:term":[{"taxonomy":"product_brand","embeddable":true,"href":"https:\/\/giatsu.com\/fr\/wp-json\/wp\/v2\/product_brand?post=13304"},{"taxonomy":"product_cat","embeddable":true,"href":"https:\/\/giatsu.com\/fr\/wp-json\/wp\/v2\/product_cat?post=13304"},{"taxonomy":"product_tag","embeddable":true,"href":"https:\/\/giatsu.com\/fr\/wp-json\/wp\/v2\/product_tag?post=13304"}],"curies":[{"name":"wp","href":"https:\/\/api.w.org\/{rel}","templated":true}]}}