{"id":13257,"date":"2023-11-06T08:31:39","date_gmt":"2023-11-06T08:31:39","guid":{"rendered":"https:\/\/giatsu.com\/?post_type=product&#038;p=13257"},"modified":"2025-06-27T11:24:22","modified_gmt":"2025-06-27T11:24:22","slug":"sakura","status":"publish","type":"product","link":"https:\/\/giatsu.com\/fr\/splits-fr\/splits-1x1-splits-fr\/sakura\/","title":{"rendered":"SAKURA"},"content":{"rendered":"<div class=\"wpb-content-wrapper\"><div class=\"container mb-1 moduloprincipalespictos\">\n<h2 class=\"text-center tituloprincipales\">Caracter\u00edsticas principales<\/h2>\n<div class=\"row row-cols-1 row-cols-md-2 row-cols-xl-3\">\n<div class=\"col-xs-6 col-md-3 order-last\">\n<div class=\"card\">\n                            <img decoding=\"async\" class=\"card-img-top w-100 d-block fit-cover pictoprincipalgrande\" src=\"https:\/\/giatsu.com\/wp-content\/uploads\/2025\/05\/wifi-incluido-3b7119.webp\" \/><\/p>\n<div class=\"card-body p-4\">\n<h3 class=\"font-weight-bold card-title\"><\/h3>\n<p class=\"card-text\">\n<\/p><\/div><\/div><\/div>\n<div class=\"col-xs-6 col-md-3 order-last\">\n<div class=\"card\">\n                            <img decoding=\"async\" class=\"card-img-top w-100 d-block fit-cover pictoprincipalgrande\" src=\"https:\/\/giatsu.com\/wp-content\/uploads\/2024\/04\/silencioso-686e1d.webp\" \/><\/p>\n<div class=\"card-body p-4\">\n<h3 class=\"font-weight-bold card-title\">Silencieux<\/h3>\n<p class=\"card-text\">Caract\u00e9ris\u00e9 par son faible niveau sonore : la valeur minimale est de 21 dB, selon le mod\u00e8le.<\/p>\n<\/p><\/div><\/div><\/div>\n<div class=\"col-xs-6 col-md-3 order-last\">\n<div class=\"card\">\n                            <img decoding=\"async\" class=\"card-img-top w-100 d-block fit-cover pictoprincipalgrande\" src=\"https:\/\/giatsu.com\/wp-content\/uploads\/2023\/08\/golden-fin-e40702.webp\" \/><\/p>\n<div class=\"card-body p-4\">\n<h3 class=\"font-weight-bold card-title\">Golden Fin<\/h3>\n<p class=\"card-text\">Ce rev\u00eatement est appliqu\u00e9 sur les batteries des unit\u00e9s int\u00e9rieures et ext\u00e9rieures, offrant une protection contre la corrosion des environnements salins.<\/p>\n<\/p><\/div><\/div><\/div>\n<div class=\"col-xs-6 col-md-3 order-last\">\n<div class=\"card\">\n                            <img decoding=\"async\" class=\"card-img-top w-100 d-block fit-cover pictoprincipalgrande\" src=\"https:\/\/giatsu.com\/wp-content\/uploads\/2023\/06\/tecnologia_inverter-495dd8.webp\" \/><\/p>\n<div class=\"card-body p-4\">\n<h3 class=\"font-weight-bold card-title\">Technologie inverter<\/h3>\n<p class=\"card-text\">En faisant fonctionner le compresseur en continu, des \u00e9conomies d?\u00e9nergie allant jusqu?\u00e0 50% sont r\u00e9alis\u00e9es par rapport aux \u00e9quipements conventionnels.<\/p>\n<\/p><\/div><\/div><\/div>\n<div class=\"col-xs-6 col-md-3 order-last\">\n<div class=\"card\">\n                            <img decoding=\"async\" class=\"card-img-top w-100 d-block fit-cover pictoprincipalgrande\" src=\"https:\/\/giatsu.com\/wp-content\/uploads\/2023\/08\/temporizador-8a6fb8.webp\" \/><\/p>\n<div class=\"card-body p-4\">\n<h3 class=\"font-weight-bold card-title\">Minuteur<\/h3>\n<p class=\"card-text\">Permet de programmer le temps de fonctionnement et la temp\u00e9rature exacte de l?eau, en optimisant la consommation.<\/p>\n<\/p><\/div><\/div><\/div>\n<div class=\"col-xs-6 col-md-3 order-last\">\n<div class=\"card\">\n                            <img decoding=\"async\" class=\"card-img-top w-100 d-block fit-cover pictoprincipalgrande\" src=\"https:\/\/giatsu.com\/wp-content\/uploads\/2025\/04\/autolimpieza-0e9bb9.webp\" \/><\/p>\n<div class=\"card-body p-4\">\n<h3 class=\"font-weight-bold card-title\">Autonettoyant<\/h3>\n<p class=\"card-text\">Le ventilateur de l&rsquo;unit\u00e9 int\u00e9rieure a un mode de rotation inverse qui lui permet d&rsquo;\u00e9liminer l&rsquo;eau condens\u00e9e et la poussi\u00e8re.<\/p>\n<\/p><\/div><\/div><\/div>\n<div class=\"col-xs-6 col-md-3 order-last\">\n<div class=\"card\">\n                            <img decoding=\"async\" class=\"card-img-top w-100 d-block fit-cover pictoprincipalgrande\" src=\"https:\/\/giatsu.com\/wp-content\/uploads\/2024\/04\/autorestart-b77322.webp\" \/><\/p>\n<div class=\"card-body p-4\">\n<h3 class=\"font-weight-bold card-title\">Red\u00e9marrage automatique<\/h3>\n<p class=\"card-text\">En cas de panne de courant, l&rsquo;appareil red\u00e9marre automatiquement avec les m\u00eames param\u00e8tres et mode qu&rsquo;auparavant.<\/p>\n<\/p><\/div><\/div><\/div>\n<div class=\"col-xs-6 col-md-3 order-last\">\n<div class=\"card\">\n                            <img decoding=\"async\" class=\"card-img-top w-100 d-block fit-cover pictoprincipalgrande\" src=\"https:\/\/giatsu.com\/wp-content\/uploads\/2025\/06\/presion-sonora-db-45560c.webp\" \/><\/p>\n<div class=\"card-body p-4\">\n<h3 class=\"font-weight-bold card-title\">Pression acoustique (dB)<\/h3>\n<p class=\"card-text\">Pression sonore minimale de l&rsquo;unit\u00e9.<\/p>\n<\/p><\/div><\/div><\/div><\/div><\/div>\n<hr>\n<p>        [vc_row mobile_bg_img_hidden=\u00a0\u00bbno\u00a0\u00bb tablet_bg_img_hidden=\u00a0\u00bbno\u00a0\u00bb woodmart_parallax=\u00a0\u00bb0&Prime; woodmart_gradient_switch=\u00a0\u00bbno\u00a0\u00bb row_reverse_mobile=\u00a0\u00bb0&Prime; row_reverse_tablet=\u00a0\u00bb0&Prime; woodmart_disable_overflow=\u00a0\u00bb0&Prime; el_class=\u00a0\u00bbfilaImgCaracteristica\u00a0\u00bb][vc_column mobile_bg_img_hidden=\u00a0\u00bbno\u00a0\u00bb tablet_bg_img_hidden=\u00a0\u00bbno\u00a0\u00bb woodmart_parallax=\u00a0\u00bb0&Prime; woodmart_sticky_column=\u00a0\u00bbfalse\u00a0\u00bb parallax_scroll=\u00a0\u00bbno\u00a0\u00bb mobile_reset_margin=\u00a0\u00bbno\u00a0\u00bb tablet_reset_margin=\u00a0\u00bbno\u00a0\u00bb]<\/p>\n<div class=\"container mb-1\">\n<h3 class=\"text-center\">Informaci\u00f3n t\u00e9cnica<\/h3>\n<div class=\"row row-cols-1 row-cols-md-2 row-cols-xl-3 justify-content-md-center\">\n<div class=\"col-xs-1 col-md-1\">\n<div class=\"card\">\n                            <img decoding=\"async\" class=\"card-img-top w-100 d-block fit-cover pictoprincipalgrande\" src=\"https:\/\/giatsu.com\/wp-content\/uploads\/2024\/02\/r-32-b46f41.webp\" \/><\/p>\n<div class=\"card-body p-4\">\n<h4 class=\"card-text textospictospeques\">R 32<\/h4>\n<\/p><\/div><\/div><\/div>\n<div class=\"col-xs-1 col-md-1\">\n<div class=\"card\">\n                            <img decoding=\"async\" class=\"card-img-top w-100 d-block fit-cover pictoprincipalgrande\" src=\"https:\/\/giatsu.com\/wp-content\/uploads\/2023\/08\/temporizador_24_h-f6c646.webp\" \/><\/p>\n<div class=\"card-body p-4\">\n<h4 class=\"card-text textospictospeques\">Minuterie 24h<\/h4>\n<\/p><\/div><\/div><\/div>\n<div class=\"col-xs-1 col-md-1\">\n<div class=\"card\">\n                            <img decoding=\"async\" class=\"card-img-top w-100 d-block fit-cover pictoprincipalgrande\" src=\"https:\/\/giatsu.com\/wp-content\/uploads\/2023\/08\/boton_turbo-0fd0ea.webp\" \/><\/p>\n<div class=\"card-body p-4\">\n<h4 class=\"card-text textospictospeques\">Bouton turbo<\/h4>\n<\/p><\/div><\/div><\/div><\/div><\/div>\n<div class=\"row justify-content-md-center\">\n<div class=\"vc_btn3-container vc_btn3-inline\" id=\"botonDescargarFicha\">\n                        <a target=\"_blank\" class=\"btn btn-light border rounded-4 botondescarga\" href=\"https:\/\/giatsu.com\/documentacion\/\/giatsu-fichas-tecnicas-split-pared-1x1-sakura-frances.pdf\" title=\"\">T\u00e9l\u00e9charger la fiche<\/a>\n                 <\/div><\/div>\n<div class=\"row\">\n<hr>\n<div class=\"col text-center\"><a target=\"_blank\" href=\"https:\/\/giatsu.com\/documentacion\/\/giatsu-manual-de-usuario-split-pared-1x1-sakura-multiidioma.pdf\" class=\"btn btn-light border rounded-4 botonDescargaManual botondescarga\">Manuel de l&rsquo;utilisateur<\/a><\/div>\n<div class=\"col text-center\"><a target=\"_blank\" href=\"https:\/\/giatsu.com\/documentacion\/\/giatsu-manual-de-usuario-split-pared-1x1-sakura-multiidioma.pdf\" class=\"btn btn-light border rounded-4 botonDescargaManual botondescarga\">Manual de instalaci\u00f3n<\/a><\/div>\n<hr>\n<\/div>\n<\/div>","protected":false},"excerpt":{"rendered":"<p>Avec le nouveau <strong>SAKURA<\/strong> Split, vous b&eacute;n&eacute;ficiez non seulement d\u00a0\u00bbun design compact et &eacute;l&eacute;gant qui s\u00a0\u00bbint&egrave;gre facilement partout, mais aussi d\u00a0\u00bbune performance &eacute;conomique exceptionnelle.<\/p>\n<p><strong>Caract&eacute;ristiques du syst&egrave;me :<\/strong><\/p>\n<ul>\n<li>wifi inclus<\/li>\n<li>Comprend le mode ECO, qui limite la puissance d\u00a0\u00bbentr&eacute;e pour &eacute;conomiser de l\u00a0\u00bb&eacute;nergie.<\/li>\n<li>Mode silencieux (fonctionnement par brise l&eacute;g&egrave;re).<\/li>\n<li>Autonettoyant : &eacute;limine efficacement les bact&eacute;ries et les virus de l\u00a0\u00bb&eacute;vaporateur pour maintenir l\u00a0\u00bbair propre.<\/li>\n<li>Mode Turbo : maximise la puissance de refroidissement et de chauffage, permettant de refroidir ou de r&eacute;chauffer la pi&egrave;ce plus rapidement.<\/li>\n<li>Protection contre les moisissures : lorsque le Split est &eacute;teint, le ventilateur continue de fonctionner pendant 3 minutes pour s&eacute;cher l\u00a0\u00bb&eacute;vaporateur et le ventilateur.<\/li>\n<\/ul>\n<p>Puissances disponibles : 2.6kW, 3.5kW, 5.2KW, 7.1kW<\/p>\n<p>&nbsp;<\/p>\n<div class='divPictosEnergia'>[vc_single_image image=&rsquo;10410&prime; alignment=&rsquo;center&rsquo; woodmart_inline=&rsquo;no&rsquo; parallax_scroll=&rsquo;no&rsquo; el_class=&rsquo;imgEnergia&rsquo; img_size=&rsquo;72&#215;36&prime;][vc_single_image image=&rsquo;10510&prime; alignment=&rsquo;center&rsquo; woodmart_inline=&rsquo;no&rsquo; parallax_scroll=&rsquo;no&rsquo; el_class=&rsquo;imgEnergia&rsquo; img_size=&rsquo;72&#215;36&prime;][vc_single_image image=&rsquo;10405&prime; alignment=&rsquo;center&rsquo; woodmart_inline=&rsquo;no&rsquo; parallax_scroll=&rsquo;no&rsquo; el_class=&rsquo;imgEnergia&rsquo; img_size=&rsquo;72&#215;36&prime;]<\/div>\n<div class='pictosvoz'>[vc_single_image image=&rsquo;13599&prime; alignment=&rsquo;center&rsquo; woodmart_inline=&rsquo;no&rsquo; parallax_scroll=&rsquo;no&rsquo; el_class=&rsquo;imgEnergia&rsquo; img_size=&rsquo;65&#215;65&prime;][vc_single_image image=&rsquo;13604&prime; alignment=&rsquo;center&rsquo; woodmart_inline=&rsquo;no&rsquo; parallax_scroll=&rsquo;no&rsquo; el_class=&rsquo;imgEnergia&rsquo; img_size=&rsquo;65&#215;65&prime;]<\/div>\n","protected":false},"featured_media":12157,"template":"","meta":{"_monsterinsights_skip_tracking":false,"_monsterinsights_sitenote_active":false,"_monsterinsights_sitenote_note":"","_monsterinsights_sitenote_category":0},"product_brand":[],"product_cat":[681,791],"product_tag":[],"class_list":{"0":"post-13257","1":"product","2":"type-product","3":"status-publish","4":"has-post-thumbnail","6":"product_cat-splits-fr","7":"product_cat-splits-1x1-splits-fr","9":"first","10":"instock","11":"shipping-taxable","12":"product-type-simple"},"yoast_head":"<!-- This site is optimized with the Yoast SEO plugin v26.6 - https:\/\/yoast.com\/wordpress\/plugins\/seo\/ -->\n<title>Nouveau mod\u00e8le compact et \u00e9conomique 1x1 Split Sakura<\/title>\n<meta name=\"description\" content=\"Avec le Split SAKURA, vous b\u00e9n\u00e9ficiez non seulement d&#039;&#039;un design compact et \u00e9l\u00e9gant qui s&#039;&#039;int\u00e8gre dans n&#039;&#039;importe quel espace, mais aussi d&#039;&#039;une performance \u00e9conomique exceptionnelle.\" \/>\n<meta name=\"robots\" content=\"index, follow, max-snippet:-1, max-image-preview:large, max-video-preview:-1\" \/>\n<link rel=\"canonical\" href=\"https:\/\/giatsu.com\/fr\/splits-fr\/splits-1x1-splits-fr\/sakura\/\" \/>\n<meta property=\"og:locale\" content=\"fr_FR\" \/>\n<meta property=\"og:type\" content=\"article\" \/>\n<meta property=\"og:title\" content=\"Nouveau mod\u00e8le compact et \u00e9conomique 1x1 Split Sakura\" \/>\n<meta property=\"og:description\" content=\"Avec le Split SAKURA, vous b\u00e9n\u00e9ficiez non seulement d&#039;&#039;un design compact et \u00e9l\u00e9gant qui s&#039;&#039;int\u00e8gre dans n&#039;&#039;importe quel espace, mais aussi d&#039;&#039;une performance \u00e9conomique exceptionnelle.\" \/>\n<meta property=\"og:url\" content=\"https:\/\/giatsu.com\/fr\/splits-fr\/splits-1x1-splits-fr\/sakura\/\" \/>\n<meta property=\"og:site_name\" content=\"GIATSU\" \/>\n<meta property=\"article:modified_time\" content=\"2025-06-27T11:24:22+00:00\" \/>\n<meta property=\"og:image\" content=\"https:\/\/giatsu.com\/wp-content\/uploads\/2024\/04\/sakura_frontal-672f44.webp\" \/>\n\t<meta property=\"og:image:width\" content=\"500\" \/>\n\t<meta property=\"og:image:height\" content=\"500\" \/>\n\t<meta property=\"og:image:type\" content=\"image\/webp\" \/>\n<meta name=\"twitter:card\" content=\"summary_large_image\" \/>\n<meta name=\"twitter:label1\" content=\"Dur\u00e9e de lecture estim\u00e9e\" \/>\n\t<meta name=\"twitter:data1\" content=\"1 minute\" \/>\n<script type=\"application\/ld+json\" class=\"yoast-schema-graph\">{\"@context\":\"https:\/\/schema.org\",\"@graph\":[{\"@type\":\"WebPage\",\"@id\":\"https:\/\/giatsu.com\/fr\/splits-fr\/splits-1x1-splits-fr\/sakura\/\",\"url\":\"https:\/\/giatsu.com\/fr\/splits-fr\/splits-1x1-splits-fr\/sakura\/\",\"name\":\"Nouveau mod\u00e8le compact et \u00e9conomique 1x1 Split Sakura\",\"isPartOf\":{\"@id\":\"https:\/\/giatsu.com\/es\/#website\"},\"primaryImageOfPage\":{\"@id\":\"https:\/\/giatsu.com\/fr\/splits-fr\/splits-1x1-splits-fr\/sakura\/#primaryimage\"},\"image\":{\"@id\":\"https:\/\/giatsu.com\/fr\/splits-fr\/splits-1x1-splits-fr\/sakura\/#primaryimage\"},\"thumbnailUrl\":\"https:\/\/giatsu.com\/wp-content\/uploads\/2024\/04\/sakura_frontal-672f44.webp\",\"datePublished\":\"2023-11-06T08:31:39+00:00\",\"dateModified\":\"2025-06-27T11:24:22+00:00\",\"description\":\"Avec le Split SAKURA, vous b\u00e9n\u00e9ficiez non seulement d''un design compact et \u00e9l\u00e9gant qui s''int\u00e8gre dans n''importe quel espace, mais aussi d''une performance \u00e9conomique exceptionnelle.\",\"breadcrumb\":{\"@id\":\"https:\/\/giatsu.com\/fr\/splits-fr\/splits-1x1-splits-fr\/sakura\/#breadcrumb\"},\"inLanguage\":\"fr-FR\",\"potentialAction\":[{\"@type\":\"ReadAction\",\"target\":[\"https:\/\/giatsu.com\/fr\/splits-fr\/splits-1x1-splits-fr\/sakura\/\"]}]},{\"@type\":\"ImageObject\",\"inLanguage\":\"fr-FR\",\"@id\":\"https:\/\/giatsu.com\/fr\/splits-fr\/splits-1x1-splits-fr\/sakura\/#primaryimage\",\"url\":\"https:\/\/giatsu.com\/wp-content\/uploads\/2024\/04\/sakura_frontal-672f44.webp\",\"contentUrl\":\"https:\/\/giatsu.com\/wp-content\/uploads\/2024\/04\/sakura_frontal-672f44.webp\",\"width\":500,\"height\":500},{\"@type\":\"BreadcrumbList\",\"@id\":\"https:\/\/giatsu.com\/fr\/splits-fr\/splits-1x1-splits-fr\/sakura\/#breadcrumb\",\"itemListElement\":[{\"@type\":\"ListItem\",\"position\":1,\"name\":\"Home\",\"item\":\"https:\/\/giatsu.com\/es\/\"},{\"@type\":\"ListItem\",\"position\":2,\"name\":\"PRODUCTOS\",\"item\":\"https:\/\/giatsu.com\/es\/productos\/\"},{\"@type\":\"ListItem\",\"position\":3,\"name\":\"SAKURA\"}]},{\"@type\":\"WebSite\",\"@id\":\"https:\/\/giatsu.com\/es\/#website\",\"url\":\"https:\/\/giatsu.com\/es\/\",\"name\":\"GIATSU\",\"description\":\"Quality Comfort Everywhere\",\"potentialAction\":[{\"@type\":\"SearchAction\",\"target\":{\"@type\":\"EntryPoint\",\"urlTemplate\":\"https:\/\/giatsu.com\/es\/?s={search_term_string}\"},\"query-input\":{\"@type\":\"PropertyValueSpecification\",\"valueRequired\":true,\"valueName\":\"search_term_string\"}}],\"inLanguage\":\"fr-FR\"}]}<\/script>\n<!-- \/ Yoast SEO plugin. -->","yoast_head_json":{"title":"Nouveau mod\u00e8le compact et \u00e9conomique 1x1 Split Sakura","description":"Avec le Split SAKURA, vous b\u00e9n\u00e9ficiez non seulement d''un design compact et \u00e9l\u00e9gant qui s''int\u00e8gre dans n''importe quel espace, mais aussi d''une performance \u00e9conomique exceptionnelle.","robots":{"index":"index","follow":"follow","max-snippet":"max-snippet:-1","max-image-preview":"max-image-preview:large","max-video-preview":"max-video-preview:-1"},"canonical":"https:\/\/giatsu.com\/fr\/splits-fr\/splits-1x1-splits-fr\/sakura\/","og_locale":"fr_FR","og_type":"article","og_title":"Nouveau mod\u00e8le compact et \u00e9conomique 1x1 Split Sakura","og_description":"Avec le Split SAKURA, vous b\u00e9n\u00e9ficiez non seulement d''un design compact et \u00e9l\u00e9gant qui s''int\u00e8gre dans n''importe quel espace, mais aussi d''une performance \u00e9conomique exceptionnelle.","og_url":"https:\/\/giatsu.com\/fr\/splits-fr\/splits-1x1-splits-fr\/sakura\/","og_site_name":"GIATSU","article_modified_time":"2025-06-27T11:24:22+00:00","og_image":[{"width":500,"height":500,"url":"https:\/\/giatsu.com\/wp-content\/uploads\/2024\/04\/sakura_frontal-672f44.webp","type":"image\/webp"}],"twitter_card":"summary_large_image","twitter_misc":{"Dur\u00e9e de lecture estim\u00e9e":"1 minute"},"schema":{"@context":"https:\/\/schema.org","@graph":[{"@type":"WebPage","@id":"https:\/\/giatsu.com\/fr\/splits-fr\/splits-1x1-splits-fr\/sakura\/","url":"https:\/\/giatsu.com\/fr\/splits-fr\/splits-1x1-splits-fr\/sakura\/","name":"Nouveau mod\u00e8le compact et \u00e9conomique 1x1 Split Sakura","isPartOf":{"@id":"https:\/\/giatsu.com\/es\/#website"},"primaryImageOfPage":{"@id":"https:\/\/giatsu.com\/fr\/splits-fr\/splits-1x1-splits-fr\/sakura\/#primaryimage"},"image":{"@id":"https:\/\/giatsu.com\/fr\/splits-fr\/splits-1x1-splits-fr\/sakura\/#primaryimage"},"thumbnailUrl":"https:\/\/giatsu.com\/wp-content\/uploads\/2024\/04\/sakura_frontal-672f44.webp","datePublished":"2023-11-06T08:31:39+00:00","dateModified":"2025-06-27T11:24:22+00:00","description":"Avec le Split SAKURA, vous b\u00e9n\u00e9ficiez non seulement d''un design compact et \u00e9l\u00e9gant qui s''int\u00e8gre dans n''importe quel espace, mais aussi d''une performance \u00e9conomique exceptionnelle.","breadcrumb":{"@id":"https:\/\/giatsu.com\/fr\/splits-fr\/splits-1x1-splits-fr\/sakura\/#breadcrumb"},"inLanguage":"fr-FR","potentialAction":[{"@type":"ReadAction","target":["https:\/\/giatsu.com\/fr\/splits-fr\/splits-1x1-splits-fr\/sakura\/"]}]},{"@type":"ImageObject","inLanguage":"fr-FR","@id":"https:\/\/giatsu.com\/fr\/splits-fr\/splits-1x1-splits-fr\/sakura\/#primaryimage","url":"https:\/\/giatsu.com\/wp-content\/uploads\/2024\/04\/sakura_frontal-672f44.webp","contentUrl":"https:\/\/giatsu.com\/wp-content\/uploads\/2024\/04\/sakura_frontal-672f44.webp","width":500,"height":500},{"@type":"BreadcrumbList","@id":"https:\/\/giatsu.com\/fr\/splits-fr\/splits-1x1-splits-fr\/sakura\/#breadcrumb","itemListElement":[{"@type":"ListItem","position":1,"name":"Home","item":"https:\/\/giatsu.com\/es\/"},{"@type":"ListItem","position":2,"name":"PRODUCTOS","item":"https:\/\/giatsu.com\/es\/productos\/"},{"@type":"ListItem","position":3,"name":"SAKURA"}]},{"@type":"WebSite","@id":"https:\/\/giatsu.com\/es\/#website","url":"https:\/\/giatsu.com\/es\/","name":"GIATSU","description":"Quality Comfort Everywhere","potentialAction":[{"@type":"SearchAction","target":{"@type":"EntryPoint","urlTemplate":"https:\/\/giatsu.com\/es\/?s={search_term_string}"},"query-input":{"@type":"PropertyValueSpecification","valueRequired":true,"valueName":"search_term_string"}}],"inLanguage":"fr-FR"}]}},"_links":{"self":[{"href":"https:\/\/giatsu.com\/fr\/wp-json\/wp\/v2\/product\/13257","targetHints":{"allow":["GET"]}}],"collection":[{"href":"https:\/\/giatsu.com\/fr\/wp-json\/wp\/v2\/product"}],"about":[{"href":"https:\/\/giatsu.com\/fr\/wp-json\/wp\/v2\/types\/product"}],"wp:featuredmedia":[{"embeddable":true,"href":"https:\/\/giatsu.com\/fr\/wp-json\/wp\/v2\/media\/12157"}],"wp:attachment":[{"href":"https:\/\/giatsu.com\/fr\/wp-json\/wp\/v2\/media?parent=13257"}],"wp:term":[{"taxonomy":"product_brand","embeddable":true,"href":"https:\/\/giatsu.com\/fr\/wp-json\/wp\/v2\/product_brand?post=13257"},{"taxonomy":"product_cat","embeddable":true,"href":"https:\/\/giatsu.com\/fr\/wp-json\/wp\/v2\/product_cat?post=13257"},{"taxonomy":"product_tag","embeddable":true,"href":"https:\/\/giatsu.com\/fr\/wp-json\/wp\/v2\/product_tag?post=13257"}],"curies":[{"name":"wp","href":"https:\/\/api.w.org\/{rel}","templated":true}]}}