{"id":13124,"date":"2025-03-14T07:24:45","date_gmt":"2025-03-14T07:24:45","guid":{"rendered":"https:\/\/giatsu.com\/?post_type=product&#038;p=13124"},"modified":"2025-07-16T13:34:29","modified_gmt":"2025-07-16T13:34:29","slug":"cassette-inspira","status":"publish","type":"product","link":"https:\/\/giatsu.com\/fr\/commercial-2\/cassettes-commercial-2\/cassette-inspira\/","title":{"rendered":"CASSETTE INSPIRA"},"content":{"rendered":"<div class=\"wpb-content-wrapper\"><div class=\"container mb-1 moduloprincipalespictos\">\n<h2 class=\"text-center tituloprincipales\">Caracter\u00edsticas principales<\/h2>\n<div class=\"row row-cols-1 row-cols-md-2 row-cols-xl-3\">\n<div class=\"col-xs-6 col-md-3 order-last\">\n<div class=\"card\">\n                            <img decoding=\"async\" class=\"card-img-top w-100 d-block fit-cover pictoprincipalgrande\" src=\"https:\/\/giatsu.com\/wp-content\/uploads\/2023\/08\/wifi-incluido-cb8169.webp\" \/><\/p>\n<div class=\"card-body p-4\">\n<h3 class=\"font-weight-bold card-title\">wifi inclus<\/h3>\n<p class=\"card-text\">Gr\u00e2ce \u00e0 l&rsquo;application GIApp, vous pouvez contr\u00f4ler l&rsquo;\u00e9quipement depuis un smartphone, une tablette ou \u00e0 la voix avec Alexa et Google Home.<\/p>\n<\/p><\/div><\/div><\/div>\n<div class=\"col-xs-6 col-md-3 order-last\">\n<div class=\"card\">\n                            <img decoding=\"async\" class=\"card-img-top w-100 d-block fit-cover pictoprincipalgrande\" src=\"https:\/\/giatsu.com\/wp-content\/uploads\/2025\/03\/aire-360-dbe5d7.webp\" \/><\/p>\n<div class=\"card-body p-4\">\n<h3 class=\"font-weight-bold card-title\">Air 360\u00ba<\/h3>\n<p class=\"card-text\">Le panneau est capable de diffuser un flux d&rsquo;air \u00e0 360 degr\u00e9s offrant un maximum de confort.<\/p>\n<\/p><\/div><\/div><\/div>\n<div class=\"col-xs-6 col-md-3 order-last\">\n<div class=\"card\">\n                            <img decoding=\"async\" class=\"card-img-top w-100 d-block fit-cover pictoprincipalgrande\" src=\"https:\/\/giatsu.com\/wp-content\/uploads\/2025\/04\/autolimpieza-0e9bb9.webp\" \/><\/p>\n<div class=\"card-body p-4\">\n<h3 class=\"font-weight-bold card-title\">Autonettoyant<\/h3>\n<p class=\"card-text\">Le ventilateur de l&rsquo;unit\u00e9 int\u00e9rieure a un mode de rotation inverse qui lui permet d&rsquo;\u00e9liminer l&rsquo;eau condens\u00e9e et la poussi\u00e8re.<\/p>\n<\/p><\/div><\/div><\/div>\n<div class=\"col-xs-6 col-md-3 order-last\">\n<div class=\"card\">\n                            <img decoding=\"async\" class=\"card-img-top w-100 d-block fit-cover pictoprincipalgrande\" src=\"https:\/\/giatsu.com\/wp-content\/uploads\/2023\/08\/bomba-de-condensados-8f2ae0.webp\" \/><\/p>\n<div class=\"card-body p-4\">\n<h3 class=\"font-weight-bold card-title\">Pompe \u00e0 condensat<\/h3>\n<p class=\"card-text\">L&rsquo;unit\u00e9 dispose d&rsquo;une pompe \u00e0 condensat int\u00e9gr\u00e9e en standard.<\/p>\n<\/p><\/div><\/div><\/div><\/div><\/div>\n<hr>\n<p>        [vc_row mobile_bg_img_hidden=\u00a0\u00bbno\u00a0\u00bb tablet_bg_img_hidden=\u00a0\u00bbno\u00a0\u00bb woodmart_parallax=\u00a0\u00bb0&Prime; woodmart_gradient_switch=\u00a0\u00bbno\u00a0\u00bb row_reverse_mobile=\u00a0\u00bb0&Prime; row_reverse_tablet=\u00a0\u00bb0&Prime; woodmart_disable_overflow=\u00a0\u00bb0&Prime; el_class=\u00a0\u00bbfilaImgCaracteristica\u00a0\u00bb][vc_column mobile_bg_img_hidden=\u00a0\u00bbno\u00a0\u00bb tablet_bg_img_hidden=\u00a0\u00bbno\u00a0\u00bb woodmart_parallax=\u00a0\u00bb0&Prime; woodmart_sticky_column=\u00a0\u00bbfalse\u00a0\u00bb parallax_scroll=\u00a0\u00bbno\u00a0\u00bb mobile_reset_margin=\u00a0\u00bbno\u00a0\u00bb tablet_reset_margin=\u00a0\u00bbno\u00a0\u00bb]<\/p>\n<div class=\"container mb-1\">\n<h3 class=\"text-center\">Informaci\u00f3n t\u00e9cnica<\/h3>\n<div class=\"row row-cols-1 row-cols-md-2 row-cols-xl-3 justify-content-md-center\">\n<div class=\"col-xs-1 col-md-1\">\n<div class=\"card\">\n                            <img decoding=\"async\" class=\"card-img-top w-100 d-block fit-cover pictoprincipalgrande\" src=\"https:\/\/giatsu.com\/wp-content\/uploads\/2023\/08\/gran-longitud-de-instalacion-8397b3.webp\" \/><\/p>\n<div class=\"card-body p-4\">\n<h4 class=\"card-text textospictospeques\">Grande longueur d&rsquo;installation<\/h4>\n<\/p><\/div><\/div><\/div>\n<div class=\"col-xs-1 col-md-1\">\n<div class=\"card\">\n                            <img decoding=\"async\" class=\"card-img-top w-100 d-block fit-cover pictoprincipalgrande\" src=\"https:\/\/giatsu.com\/wp-content\/uploads\/2025\/04\/control-remoto-opcional-f75fd2.webp\" \/><\/p>\n<div class=\"card-body p-4\">\n<h4 class=\"card-text textospictospeques\">T\u00e9l\u00e9commande en option<\/h4>\n<\/p><\/div><\/div><\/div>\n<div class=\"col-xs-1 col-md-1\">\n<div class=\"card\">\n                            <img decoding=\"async\" class=\"card-img-top w-100 d-block fit-cover pictoprincipalgrande\" src=\"https:\/\/giatsu.com\/wp-content\/uploads\/2023\/08\/control_integrado-87949f.webp\" \/><\/p>\n<div class=\"card-body p-4\">\n<h4 class=\"card-text textospictospeques\">Contr\u00f4leur int\u00e9gr\u00e9<\/h4>\n<\/p><\/div><\/div><\/div>\n<div class=\"col-xs-1 col-md-1\">\n<div class=\"card\">\n                            <img decoding=\"async\" class=\"card-img-top w-100 d-block fit-cover pictoprincipalgrande\" src=\"https:\/\/giatsu.com\/wp-content\/uploads\/2024\/02\/r-32-b46f41.webp\" \/><\/p>\n<div class=\"card-body p-4\">\n<h4 class=\"card-text textospictospeques\">R 32<\/h4>\n<\/p><\/div><\/div><\/div>\n<div class=\"col-xs-1 col-md-1\">\n<div class=\"card\">\n                            <img decoding=\"async\" class=\"card-img-top w-100 d-block fit-cover pictoprincipalgrande\" src=\"https:\/\/giatsu.com\/wp-content\/uploads\/2023\/08\/auto_restart-50f34a.webp\" \/><\/p>\n<div class=\"card-body p-4\">\n<h4 class=\"card-text textospictospeques\">Red\u00e9marrage automatique<\/h4>\n<\/p><\/div><\/div><\/div><\/div><\/div>\n<div class=\"row justify-content-md-center\">\n<div class=\"vc_btn3-container vc_btn3-inline\" id=\"botonDescargarFicha\">\n                        <a target=\"_blank\" class=\"btn btn-light border rounded-4 botondescarga\" href=\"https:\/\/giatsu.com\/documentacion\/\/giatsu-fichas-tecnicas-cassettes-lcac-inspira-frances.pdf\" title=\"\">T\u00e9l\u00e9charger la fiche<\/a>\n                 <\/div><\/div>\n<\/div>","protected":false},"excerpt":{"rendered":"<p>Voici la nouvelle <strong>cassette INSPIRA de Giatsu : efficacit&eacute;, confort<\/strong> <strong>et<\/strong> <strong>connectivit&eacute; dans un design compact.<\/strong><\/p>\n<p>Cette gamme a &eacute;t&eacute; con&ccedil;ue pour s\u00a0\u00bbadapter avec souplesse &agrave; tous les environnements, en combinant l\u00a0\u00bbinnovation technologique, la performance et la facilit&eacute; d\u00a0\u00bbinstallation.<\/p>\n<p>Les unit&eacute;s Inspira sont pr&ecirc;tes &agrave; fonctionner dans des conditions climatiques extr&ecirc;mes, <strong>fonctionnant de mani&egrave;re stable en refroidissement m&ecirc;me &agrave; une temp&eacute;rature ambiante de 53&deg;C.<\/strong> Le rev&ecirc;tement Golden Fin de l\u00a0\u00bb&eacute;changeur assure une protection sup&eacute;rieure contre la corrosion et l\u00a0\u00bboxydation, prolongeant ainsi la dur&eacute;e de vie du syst&egrave;me.<\/p>\n<p><strong>Principaux avantages :<\/strong><\/p>\n<p>&#8211; <strong>Distribution d\u00a0\u00bbair &agrave; 360&deg; : <\/strong>Couverture uniforme dans toutes les directions, sans courants d\u00a0\u00bbair g&ecirc;nants, id&eacute;ale pour un confort thermique &eacute;quilibr&eacute; dans n\u00a0\u00bbimporte quelle pi&egrave;ce.<\/p>\n<p>&#8211; <strong>Wifi int&eacute;gr&eacute; en standard : <\/strong>Contr&ocirc;le et surveillance en temps r&eacute;el &agrave; partir de GIApp, disponible pour tous les appareils mobiles.<\/p>\n<p>&#8211; <strong>Pompe &agrave; condensats incluse :<\/strong> Capable de relever l\u00a0\u00bbeau jusqu\u00a0\u00bb&agrave; 1 200 mm, ce qui facilite l\u00a0\u00bbinstallation et am&eacute;liore l\u00a0\u00bbefficacit&eacute; de l\u00a0\u00bb&eacute;vacuation.<\/p>\n<p>&#8211; <strong>Conception compacte et flexible :<\/strong> Installation jusqu\u00a0\u00bb&agrave; 75 m&egrave;tres de longueur totale et jusqu\u00a0\u00bb&agrave; 30 m&egrave;tres de diff&eacute;rence de hauteur entre les unit&eacute;s, id&eacute;ale pour les projets exigeants.<\/p>\n<p>&#8211; <strong>Fonction de red&eacute;marrage automatique :<\/strong> en cas de panne de courant, l\u00a0\u00bbunit&eacute; red&eacute;marre automatiquement avec les param&egrave;tres pr&eacute;c&eacute;demment configur&eacute;s.<\/p>\n<p>&#8211; <strong>D&eacute;shumidification : <\/strong>permet de maintenir les espaces secs et agr&eacute;ables m&ecirc;me les jours de pluie.<\/p>\n<p>&nbsp;<\/p>\n<p><strong>Autres caract&eacute;ristiques remarquables<\/strong><\/p>\n<p>&#8211; Panneau blanc de haute qualit&eacute; avec un flux d\u00a0\u00bbair &agrave; 360&deg; et une installation facile.<\/p>\n<p>&#8211; Inclut une t&eacute;l&eacute;commande et une option de commande filaire.<\/p>\n<p>&#8211; Contacts marche\/arr&ecirc;t et alarme pour un contr&ocirc;le et une s&eacute;curit&eacute; accrus.<\/p>\n<p>&nbsp;<\/p>\n<p>Gr&acirc;ce &agrave; sa conception compacte et &agrave; ses fonctionnalit&eacute;s int&eacute;gr&eacute;es, la <strong>gamme Inspira permet une installation flexible. <\/strong><\/p>\n<p>Puissances disponibles : 3,5kW, 5,2kW, 7,1kW, 10,5kW, 14kW, 16kW.<\/p>\n<p>Inspira, le changement dans la climatisation, polyvalent, efficace et intelligent.<\/p>\n<p>&nbsp;<\/p>\n<div class='divPictosEnergia'>[vc_single_image image=&rsquo;10410&prime; alignment=&rsquo;center&rsquo; woodmart_inline=&rsquo;no&rsquo; parallax_scroll=&rsquo;no&rsquo; el_class=&rsquo;imgEnergia&rsquo; img_size=&rsquo;72&#215;36&prime;][vc_single_image image=&rsquo;10510&prime; alignment=&rsquo;center&rsquo; woodmart_inline=&rsquo;no&rsquo; parallax_scroll=&rsquo;no&rsquo; el_class=&rsquo;imgEnergia&rsquo; img_size=&rsquo;72&#215;36&prime;][vc_single_image image=&rsquo;10405&prime; alignment=&rsquo;center&rsquo; woodmart_inline=&rsquo;no&rsquo; parallax_scroll=&rsquo;no&rsquo; el_class=&rsquo;imgEnergia&rsquo; img_size=&rsquo;72&#215;36&prime;]<\/div>\n<div class='pictosvoz'>[vc_single_image image=&rsquo;13599&prime; alignment=&rsquo;center&rsquo; woodmart_inline=&rsquo;no&rsquo; parallax_scroll=&rsquo;no&rsquo; el_class=&rsquo;imgEnergia&rsquo; img_size=&rsquo;65&#215;65&prime;][vc_single_image image=&rsquo;13604&prime; alignment=&rsquo;center&rsquo; woodmart_inline=&rsquo;no&rsquo; parallax_scroll=&rsquo;no&rsquo; el_class=&rsquo;imgEnergia&rsquo; img_size=&rsquo;65&#215;65&prime;][vc_single_image image=&rsquo;13614&prime; alignment=&rsquo;center&rsquo; woodmart_inline=&rsquo;no&rsquo; parallax_scroll=&rsquo;no&rsquo; el_class=&rsquo;imgEnergia&rsquo; img_size=&rsquo;65&#215;65&prime;]<\/div>\n","protected":false},"featured_media":13144,"template":"","meta":{"_monsterinsights_skip_tracking":false,"_monsterinsights_sitenote_active":false,"_monsterinsights_sitenote_note":"","_monsterinsights_sitenote_category":0},"product_brand":[],"product_cat":[747],"product_tag":[],"class_list":{"0":"post-13124","1":"product","2":"type-product","3":"status-publish","4":"has-post-thumbnail","6":"product_cat-cassettes-commercial-2","8":"first","9":"instock","10":"featured","11":"shipping-taxable","12":"product-type-simple"},"yoast_head":"<!-- This site is optimized with the Yoast SEO plugin v27.4 - https:\/\/yoast.com\/product\/yoast-seo-wordpress\/ -->\n<title>Cassette INSPIRA Giatsu : Climatiseur 360\u00b0 avec wifi et d\u00e9shumidification<\/title>\n<meta name=\"description\" content=\"D\u00e9couvrez la cassette Giatsu INSPIRA avec d\u00e9bit d&#039;&#039;air \u00e0 360\u00b0, wifi int\u00e9gr\u00e9 et pompe \u00e0 condensats. Id\u00e9ale pour les bureaux, les h\u00f4tels et les commerces. Confort thermique sans courants d&#039;&#039;air g\u00eanants. Efficacit\u00e9 et technologie au service de la climatisation !\" \/>\n<meta name=\"robots\" content=\"index, follow, max-snippet:-1, max-image-preview:large, max-video-preview:-1\" \/>\n<link rel=\"canonical\" href=\"https:\/\/giatsu.com\/fr\/commercial-2\/cassettes-commercial-2\/cassette-inspira\/\" \/>\n<meta property=\"og:locale\" content=\"fr_FR\" \/>\n<meta property=\"og:type\" content=\"article\" \/>\n<meta property=\"og:title\" content=\"Cassette INSPIRA Giatsu : Climatiseur 360\u00b0 avec wifi et d\u00e9shumidification\" \/>\n<meta property=\"og:description\" content=\"D\u00e9couvrez la cassette Giatsu INSPIRA avec d\u00e9bit d&#039;&#039;air \u00e0 360\u00b0, wifi int\u00e9gr\u00e9 et pompe \u00e0 condensats. Id\u00e9ale pour les bureaux, les h\u00f4tels et les commerces. Confort thermique sans courants d&#039;&#039;air g\u00eanants. Efficacit\u00e9 et technologie au service de la climatisation !\" \/>\n<meta property=\"og:url\" content=\"https:\/\/giatsu.com\/fr\/commercial-2\/cassettes-commercial-2\/cassette-inspira\/\" \/>\n<meta property=\"og:site_name\" content=\"GIATSU\" \/>\n<meta property=\"article:modified_time\" content=\"2025-07-16T13:34:29+00:00\" \/>\n<meta property=\"og:image\" content=\"https:\/\/giatsu.com\/wp-content\/uploads\/2025\/03\/cassette-inspira2-c4c3ae.webp\" \/>\n\t<meta property=\"og:image:width\" content=\"500\" \/>\n\t<meta property=\"og:image:height\" content=\"500\" \/>\n\t<meta property=\"og:image:type\" content=\"image\/webp\" \/>\n<meta name=\"twitter:card\" content=\"summary_large_image\" \/>\n<meta name=\"twitter:label1\" content=\"Dur\u00e9e de lecture estim\u00e9e\" \/>\n\t<meta name=\"twitter:data1\" content=\"1 minute\" \/>\n<script type=\"application\/ld+json\" class=\"yoast-schema-graph\">{\"@context\":\"https:\\\/\\\/schema.org\",\"@graph\":[{\"@type\":\"WebPage\",\"@id\":\"https:\\\/\\\/giatsu.com\\\/fr\\\/commercial-2\\\/cassettes-commercial-2\\\/cassette-inspira\\\/\",\"url\":\"https:\\\/\\\/giatsu.com\\\/fr\\\/commercial-2\\\/cassettes-commercial-2\\\/cassette-inspira\\\/\",\"name\":\"Cassette INSPIRA Giatsu : Climatiseur 360\u00b0 avec wifi et d\u00e9shumidification\",\"isPartOf\":{\"@id\":\"https:\\\/\\\/giatsu.com\\\/es\\\/#website\"},\"primaryImageOfPage\":{\"@id\":\"https:\\\/\\\/giatsu.com\\\/fr\\\/commercial-2\\\/cassettes-commercial-2\\\/cassette-inspira\\\/#primaryimage\"},\"image\":{\"@id\":\"https:\\\/\\\/giatsu.com\\\/fr\\\/commercial-2\\\/cassettes-commercial-2\\\/cassette-inspira\\\/#primaryimage\"},\"thumbnailUrl\":\"https:\\\/\\\/giatsu.com\\\/wp-content\\\/uploads\\\/2025\\\/03\\\/cassette-inspira2-c4c3ae.webp\",\"datePublished\":\"2025-03-14T07:24:45+00:00\",\"dateModified\":\"2025-07-16T13:34:29+00:00\",\"description\":\"D\u00e9couvrez la cassette Giatsu INSPIRA avec d\u00e9bit d''air \u00e0 360\u00b0, wifi int\u00e9gr\u00e9 et pompe \u00e0 condensats. Id\u00e9ale pour les bureaux, les h\u00f4tels et les commerces. Confort thermique sans courants d''air g\u00eanants. Efficacit\u00e9 et technologie au service de la climatisation !\",\"breadcrumb\":{\"@id\":\"https:\\\/\\\/giatsu.com\\\/fr\\\/commercial-2\\\/cassettes-commercial-2\\\/cassette-inspira\\\/#breadcrumb\"},\"inLanguage\":\"fr-FR\",\"potentialAction\":[{\"@type\":\"ReadAction\",\"target\":[\"https:\\\/\\\/giatsu.com\\\/fr\\\/commercial-2\\\/cassettes-commercial-2\\\/cassette-inspira\\\/\"]}]},{\"@type\":\"ImageObject\",\"inLanguage\":\"fr-FR\",\"@id\":\"https:\\\/\\\/giatsu.com\\\/fr\\\/commercial-2\\\/cassettes-commercial-2\\\/cassette-inspira\\\/#primaryimage\",\"url\":\"https:\\\/\\\/giatsu.com\\\/wp-content\\\/uploads\\\/2025\\\/03\\\/cassette-inspira2-c4c3ae.webp\",\"contentUrl\":\"https:\\\/\\\/giatsu.com\\\/wp-content\\\/uploads\\\/2025\\\/03\\\/cassette-inspira2-c4c3ae.webp\",\"width\":500,\"height\":500},{\"@type\":\"BreadcrumbList\",\"@id\":\"https:\\\/\\\/giatsu.com\\\/fr\\\/commercial-2\\\/cassettes-commercial-2\\\/cassette-inspira\\\/#breadcrumb\",\"itemListElement\":[{\"@type\":\"ListItem\",\"position\":1,\"name\":\"Home\",\"item\":\"https:\\\/\\\/giatsu.com\\\/es\\\/\"},{\"@type\":\"ListItem\",\"position\":2,\"name\":\"PRODUCTOS\",\"item\":\"https:\\\/\\\/giatsu.com\\\/es\\\/productos\\\/\"},{\"@type\":\"ListItem\",\"position\":3,\"name\":\"CASSETTE INSPIRA\"}]},{\"@type\":\"WebSite\",\"@id\":\"https:\\\/\\\/giatsu.com\\\/es\\\/#website\",\"url\":\"https:\\\/\\\/giatsu.com\\\/es\\\/\",\"name\":\"GIATSU\",\"description\":\"Quality Comfort Everywhere\",\"potentialAction\":[{\"@type\":\"SearchAction\",\"target\":{\"@type\":\"EntryPoint\",\"urlTemplate\":\"https:\\\/\\\/giatsu.com\\\/es\\\/?s={search_term_string}\"},\"query-input\":{\"@type\":\"PropertyValueSpecification\",\"valueRequired\":true,\"valueName\":\"search_term_string\"}}],\"inLanguage\":\"fr-FR\"}]}<\/script>\n<!-- \/ Yoast SEO plugin. -->","yoast_head_json":{"title":"Cassette INSPIRA Giatsu : Climatiseur 360\u00b0 avec wifi et d\u00e9shumidification","description":"D\u00e9couvrez la cassette Giatsu INSPIRA avec d\u00e9bit d''air \u00e0 360\u00b0, wifi int\u00e9gr\u00e9 et pompe \u00e0 condensats. Id\u00e9ale pour les bureaux, les h\u00f4tels et les commerces. Confort thermique sans courants d''air g\u00eanants. Efficacit\u00e9 et technologie au service de la climatisation !","robots":{"index":"index","follow":"follow","max-snippet":"max-snippet:-1","max-image-preview":"max-image-preview:large","max-video-preview":"max-video-preview:-1"},"canonical":"https:\/\/giatsu.com\/fr\/commercial-2\/cassettes-commercial-2\/cassette-inspira\/","og_locale":"fr_FR","og_type":"article","og_title":"Cassette INSPIRA Giatsu : Climatiseur 360\u00b0 avec wifi et d\u00e9shumidification","og_description":"D\u00e9couvrez la cassette Giatsu INSPIRA avec d\u00e9bit d''air \u00e0 360\u00b0, wifi int\u00e9gr\u00e9 et pompe \u00e0 condensats. Id\u00e9ale pour les bureaux, les h\u00f4tels et les commerces. Confort thermique sans courants d''air g\u00eanants. Efficacit\u00e9 et technologie au service de la climatisation !","og_url":"https:\/\/giatsu.com\/fr\/commercial-2\/cassettes-commercial-2\/cassette-inspira\/","og_site_name":"GIATSU","article_modified_time":"2025-07-16T13:34:29+00:00","og_image":[{"width":500,"height":500,"url":"https:\/\/giatsu.com\/wp-content\/uploads\/2025\/03\/cassette-inspira2-c4c3ae.webp","type":"image\/webp"}],"twitter_card":"summary_large_image","twitter_misc":{"Dur\u00e9e de lecture estim\u00e9e":"1 minute"},"schema":{"@context":"https:\/\/schema.org","@graph":[{"@type":"WebPage","@id":"https:\/\/giatsu.com\/fr\/commercial-2\/cassettes-commercial-2\/cassette-inspira\/","url":"https:\/\/giatsu.com\/fr\/commercial-2\/cassettes-commercial-2\/cassette-inspira\/","name":"Cassette INSPIRA Giatsu : Climatiseur 360\u00b0 avec wifi et d\u00e9shumidification","isPartOf":{"@id":"https:\/\/giatsu.com\/es\/#website"},"primaryImageOfPage":{"@id":"https:\/\/giatsu.com\/fr\/commercial-2\/cassettes-commercial-2\/cassette-inspira\/#primaryimage"},"image":{"@id":"https:\/\/giatsu.com\/fr\/commercial-2\/cassettes-commercial-2\/cassette-inspira\/#primaryimage"},"thumbnailUrl":"https:\/\/giatsu.com\/wp-content\/uploads\/2025\/03\/cassette-inspira2-c4c3ae.webp","datePublished":"2025-03-14T07:24:45+00:00","dateModified":"2025-07-16T13:34:29+00:00","description":"D\u00e9couvrez la cassette Giatsu INSPIRA avec d\u00e9bit d''air \u00e0 360\u00b0, wifi int\u00e9gr\u00e9 et pompe \u00e0 condensats. Id\u00e9ale pour les bureaux, les h\u00f4tels et les commerces. Confort thermique sans courants d''air g\u00eanants. Efficacit\u00e9 et technologie au service de la climatisation !","breadcrumb":{"@id":"https:\/\/giatsu.com\/fr\/commercial-2\/cassettes-commercial-2\/cassette-inspira\/#breadcrumb"},"inLanguage":"fr-FR","potentialAction":[{"@type":"ReadAction","target":["https:\/\/giatsu.com\/fr\/commercial-2\/cassettes-commercial-2\/cassette-inspira\/"]}]},{"@type":"ImageObject","inLanguage":"fr-FR","@id":"https:\/\/giatsu.com\/fr\/commercial-2\/cassettes-commercial-2\/cassette-inspira\/#primaryimage","url":"https:\/\/giatsu.com\/wp-content\/uploads\/2025\/03\/cassette-inspira2-c4c3ae.webp","contentUrl":"https:\/\/giatsu.com\/wp-content\/uploads\/2025\/03\/cassette-inspira2-c4c3ae.webp","width":500,"height":500},{"@type":"BreadcrumbList","@id":"https:\/\/giatsu.com\/fr\/commercial-2\/cassettes-commercial-2\/cassette-inspira\/#breadcrumb","itemListElement":[{"@type":"ListItem","position":1,"name":"Home","item":"https:\/\/giatsu.com\/es\/"},{"@type":"ListItem","position":2,"name":"PRODUCTOS","item":"https:\/\/giatsu.com\/es\/productos\/"},{"@type":"ListItem","position":3,"name":"CASSETTE INSPIRA"}]},{"@type":"WebSite","@id":"https:\/\/giatsu.com\/es\/#website","url":"https:\/\/giatsu.com\/es\/","name":"GIATSU","description":"Quality Comfort Everywhere","potentialAction":[{"@type":"SearchAction","target":{"@type":"EntryPoint","urlTemplate":"https:\/\/giatsu.com\/es\/?s={search_term_string}"},"query-input":{"@type":"PropertyValueSpecification","valueRequired":true,"valueName":"search_term_string"}}],"inLanguage":"fr-FR"}]}},"_links":{"self":[{"href":"https:\/\/giatsu.com\/fr\/wp-json\/wp\/v2\/product\/13124","targetHints":{"allow":["GET"]}}],"collection":[{"href":"https:\/\/giatsu.com\/fr\/wp-json\/wp\/v2\/product"}],"about":[{"href":"https:\/\/giatsu.com\/fr\/wp-json\/wp\/v2\/types\/product"}],"wp:featuredmedia":[{"embeddable":true,"href":"https:\/\/giatsu.com\/fr\/wp-json\/wp\/v2\/media\/13144"}],"wp:attachment":[{"href":"https:\/\/giatsu.com\/fr\/wp-json\/wp\/v2\/media?parent=13124"}],"wp:term":[{"taxonomy":"product_brand","embeddable":true,"href":"https:\/\/giatsu.com\/fr\/wp-json\/wp\/v2\/product_brand?post=13124"},{"taxonomy":"product_cat","embeddable":true,"href":"https:\/\/giatsu.com\/fr\/wp-json\/wp\/v2\/product_cat?post=13124"},{"taxonomy":"product_tag","embeddable":true,"href":"https:\/\/giatsu.com\/fr\/wp-json\/wp\/v2\/product_tag?post=13124"}],"curies":[{"name":"wp","href":"https:\/\/api.w.org\/{rel}","templated":true}]}}