{"id":12654,"date":"2024-02-23T11:50:51","date_gmt":"2024-02-23T11:50:51","guid":{"rendered":"https:\/\/giatsu.com\/?post_type=product&#038;p=12654"},"modified":"2025-04-14T14:10:31","modified_gmt":"2025-04-14T14:10:31","slug":"systeme-multi-split-avec-recuperation-de-chaleur-sr24","status":"publish","type":"product","link":"https:\/\/giatsu.com\/fr\/splits-fr\/multisplit-splits-fr\/systeme-multi-split-avec-recuperation-de-chaleur-sr24\/","title":{"rendered":"SYST\u00c8ME MULTI-SPLIT AVEC R\u00c9CUP\u00c9RATION DE CHALEUR SR24"},"content":{"rendered":"<div class=\"wpb-content-wrapper\"><div class=\"container mb-1 moduloprincipalespictos\">\n<h2 class=\"text-center tituloprincipales\">Caracter\u00edsticas principales<\/h2>\n<div class=\"row row-cols-1 row-cols-md-2 row-cols-xl-3\">\n<div class=\"col-xs-6 col-md-3 order-last\">\n<div class=\"card\">\n                            <img decoding=\"async\" class=\"card-img-top w-100 d-block fit-cover pictoprincipalgrande\" src=\"https:\/\/giatsu.com\/wp-content\/uploads\/2023\/08\/wifi-incluido-cb8169.webp\" \/><\/p>\n<div class=\"card-body p-4\">\n<h3 class=\"font-weight-bold card-title\">WiFi inclus<\/h3>\n<p class=\"card-text\">Gr\u00e2ce \u00e0 l&rsquo;application GIApp, vous pouvez contr\u00f4ler l&rsquo;\u00e9quipement depuis un smartphone, une tablette ou \u00e0 la voix avec Alexa et Google Home.<\/p>\n<\/p><\/div><\/div><\/div>\n<div class=\"col-xs-6 col-md-3 order-last\">\n<div class=\"card\">\n                            <img decoding=\"async\" class=\"card-img-top w-100 d-block fit-cover pictoprincipalgrande\" src=\"https:\/\/giatsu.com\/wp-content\/uploads\/2024\/09\/difusor-multi-entrada-de-agua-c06e6c.webp\" \/><\/p>\n<div class=\"card-body p-4\">\n<h3 class=\"font-weight-bold card-title\"><\/h3>\n<p class=\"card-text\">\n<\/p><\/div><\/div><\/div><\/div><\/div>\n<hr>\n<p>        [vc_row mobile_bg_img_hidden=\u00a0\u00bbno\u00a0\u00bb tablet_bg_img_hidden=\u00a0\u00bbno\u00a0\u00bb woodmart_parallax=\u00a0\u00bb0&Prime; woodmart_gradient_switch=\u00a0\u00bbno\u00a0\u00bb row_reverse_mobile=\u00a0\u00bb0&Prime; row_reverse_tablet=\u00a0\u00bb0&Prime; woodmart_disable_overflow=\u00a0\u00bb0&Prime; el_class=\u00a0\u00bbfilaImgCaracteristica\u00a0\u00bb][vc_column mobile_bg_img_hidden=\u00a0\u00bbno\u00a0\u00bb tablet_bg_img_hidden=\u00a0\u00bbno\u00a0\u00bb woodmart_parallax=\u00a0\u00bb0&Prime; woodmart_sticky_column=\u00a0\u00bbfalse\u00a0\u00bb parallax_scroll=\u00a0\u00bbno\u00a0\u00bb mobile_reset_margin=\u00a0\u00bbno\u00a0\u00bb tablet_reset_margin=\u00a0\u00bbno\u00a0\u00bb]<\/p>\n<div class=\"container mb-1\">\n<h3 class=\"text-center\">Informaci\u00f3n t\u00e9cnica<\/h3>\n<div class=\"row row-cols-1 row-cols-md-2 row-cols-xl-3 justify-content-md-center\">\n<div class=\"col-xs-1 col-md-1\">\n<div class=\"card\">\n                            <img decoding=\"async\" class=\"card-img-top w-100 d-block fit-cover pictoprincipalgrande\" src=\"https:\/\/giatsu.com\/wp-content\/uploads\/2024\/09\/modo-smart-a5aae7.webp\" \/><\/p>\n<div class=\"card-body p-4\">\n<h4 class=\"card-text textospictospeques\">Mode intelligent<\/h4>\n<\/p><\/div><\/div><\/div>\n<div class=\"col-xs-1 col-md-1\">\n<div class=\"card\">\n                            <img decoding=\"async\" class=\"card-img-top w-100 d-block fit-cover pictoprincipalgrande\" src=\"https:\/\/giatsu.com\/wp-content\/uploads\/2025\/03\/antibacterias-y-antivirus-55fc72.webp\" \/><\/p>\n<div class=\"card-body p-4\">\n<h4 class=\"card-text textospictospeques\">Antibact\u00e9rien et antivirus<\/h4>\n<\/p><\/div><\/div><\/div>\n<div class=\"col-xs-1 col-md-1\">\n<div class=\"card\">\n                            <img decoding=\"async\" class=\"card-img-top w-100 d-block fit-cover pictoprincipalgrande\" src=\"https:\/\/giatsu.com\/wp-content\/uploads\/2023\/08\/smart_grid-c6ddd4.webp\" \/><\/p>\n<div class=\"card-body p-4\">\n<h4 class=\"card-text textospictospeques\">Smart grid<\/h4>\n<\/p><\/div><\/div><\/div>\n<div class=\"col-xs-1 col-md-1\">\n<div class=\"card\">\n                            <img decoding=\"async\" class=\"card-img-top w-100 d-block fit-cover pictoprincipalgrande\" src=\"https:\/\/giatsu.com\/wp-content\/uploads\/2023\/08\/pasarela_modbus-146fc1.webp\" \/><\/p>\n<div class=\"card-body p-4\">\n<h4 class=\"card-text textospictospeques\">Passerelle modbus<\/h4>\n<\/p><\/div><\/div><\/div>\n<div class=\"col-xs-1 col-md-1\">\n<div class=\"card\">\n                            <img decoding=\"async\" class=\"card-img-top w-100 d-block fit-cover pictoprincipalgrande\" src=\"https:\/\/giatsu.com\/wp-content\/uploads\/2023\/11\/compresor_y_ventiladores_dc_inverter-98e07d.webp\" \/><\/p>\n<div class=\"card-body p-4\">\n<h4 class=\"card-text textospictospeques\">Compresseur et ventilateurs DC Inverter<\/h4>\n<\/p><\/div><\/div><\/div><\/div><\/div>\n<div class=\"row justify-content-md-center\">\n<div class=\"vc_btn3-container vc_btn3-inline\" id=\"botonDescargarFicha\">\n                        <a target=\"_blank\" class=\"btn btn-light border rounded-4 botondescarga\" href=\"https:\/\/giatsu.com\/documentacion\/\/giatsu-fichas-tecnicas-multisplits-sr24-frances.pdf\" title=\"\">T\u00e9l\u00e9charger la fiche<\/a>\n                 <\/div><\/div>\n<div class=\"row\">\n<hr>\n<div class=\"col text-center\"><a target=\"_blank\" href=\"https:\/\/giatsu.com\/documentacion\/\/giatsu-manual-de-usuario-e-instalacion-u.-int.-acumulador-lcac-sr24-multiidioma.pdf\" class=\"btn btn-light border rounded-4 botonDescargaManual botondescarga\">Manuel de l&rsquo;utilisateur<\/a><\/div>\n<hr>\n<\/div>\n<div class=\"container mb-1 videoweb\">\n            <style>\n       .errordiv { padding:10px; margin:10px; border: 1px solid #555555;color: #000000;background-color: #f8f8f8; width:500px; }#iframe1 {visibility:visible;opacity:1;vertical-align:top;}.ai-info-bottom-iframe { position: fixed; z-index: 10000; bottom:0; left: 0; margin: 0px; text-align: center; width: 100%; background-color: #ff9999; padding-left: 5px;padding-bottom: 5px; border-top: 1px solid #aaa } a.ai-bold {font-weight: bold;}#ai-layer-div-iframe1 p {height:100%;margin:0;padding:0}<\/style><script type=\"text\/javascript\">var ai_iframe_width_iframe1 = 0;var ai_iframe_height_iframe1 = 0;function aiReceiveMessageiframe1(event) {  aiProcessMessage(event,\"iframe1\", \"true\");}if (window.addEventListener) {  window.addEventListener(\"message\", aiReceiveMessageiframe1);} else if (el.attachEvent)  {  el.attachEvent(\"message\", aiReceiveMessageiframe1);}var aiOnloadScrollTop=\"true\";var aiShowDebug=false;\n\t\tif (typeof aiReadyCallbacks === 'undefined') {\n\t\t\tvar aiReadyCallbacks = [];\n\t\t} else if (!(aiReadyCallbacks instanceof Array)) {\n\t\t\tvar aiReadyCallbacks = [];\n\t\t}    function aiShowIframeId(id_iframe) { jQuery(\"#\"+id_iframe).css(\"visibility\", \"visible\");    }    function aiResizeIframeHeight(height) { aiResizeIframeHeight(height,iframe1); }    function aiResizeIframeHeightId(height,width,id) {aiResizeIframeHeightById(id,height);}<\/script><iframe id=\"iframe1\"  name=\"iframe1\"  src=\"https:\/\/www.youtube.com\/embed\/?rel=0&#038;controls=0&#038;showinfo=0&#038;modestbranding=1&#038;theme=light\"  width=\"100%\"  height=\"600\"  frameborder=\"0\"  border=\"0\"  allowtransparency=\"true\"  loading=\"lazy\"  style=\";border-width: 0px;;border: none;;width:100%;height:600px;\" ><\/iframe><script type=\"text\/javascript\">var ifrm_iframe1 = document.getElementById(\"iframe1\");var hiddenTabsDoneiframe1 = false;\nfunction resizeCallbackiframe1() {}<\/script><script type=\"text\/javascript\"><\/script><p style=\"display:block !important; visibility:visible !important;margin: -18px 14px 0 0;padding-left: 3px;padding-top:3px;background: white; overflow: hidden; position: relative; line-height:15px;width: fit-content;\"><small style=\"display:block !important;visibility:visible !important\">powered by Advanced iFrame<\/small><\/p>\n           <\/div>\n<\/div>","protected":false},"excerpt":{"rendered":"<p><strong>Le syst&egrave;me multi-split SR24 avec r&eacute;cup&eacute;ration de chaleur est une solution efficace et pratique pour utiliser la chaleur perdue de votre climatiseur afin de produire de l\u00a0\u00bbeau chaude sanitaire.<\/strong><\/p>\n<p>Le SR24 est probablement le syst&egrave;me le plus efficace du march&eacute; pour la production d\u00a0\u00bbECS.<\/p>\n<p>Cet &eacute;quipement, en plus de disposer d\u00a0\u00bbun <strong>accumulateur de 190 litres pour l\u00a0\u00bbECS<\/strong>, nous donne la possibilit&eacute; de <strong>connecter jusqu\u00a0\u00bb&agrave; 3 unit&eacute;s int&eacute;rieures pour <\/strong>climatiser ou chauffer la maison. Ces unit&eacute;s peuvent &ecirc;tre de type split, gainable, cassette ou console, s\u00a0\u00bbadaptant ainsi aux caract&eacute;ristiques de chaque habitation et d&eacute;finissant une unit&eacute; domestique presque parfaite en termes de possibilit&eacute;s, de caract&eacute;ristiques et d\u00a0\u00bbefficacit&eacute;.<\/p>\n<p><strong>Parmi ses caract&eacute;ristiques, nous pouvons souligner<\/strong><\/p>\n<ul>\n<li>Efficacit&eacute; &eacute;nerg&eacute;tique maximale pour l\u00a0\u00bbECS.<\/li>\n<li>Accumulateur avec programmation hebdomadaire et fonction intelligente.<\/li>\n<li>R&eacute;servoir d\u00a0\u00bbECS avec wifi inclus.<\/li>\n<li>4 modes de production d\u00a0\u00bbECS.<\/li>\n<\/ul>\n<p>&nbsp;<\/p>\n<p><strong>Modes de fonctionnement :<\/strong><\/p>\n<p>1. refroidissement<\/p>\n<p>2. Chauffage<\/p>\n<p>3. Eau chaude sanitaire<\/p>\n<p>4. Refroidissement + ECS<\/p>\n<p>5. Chauffage + ECS<\/p>\n<p><img loading=\"lazy\" decoding=\"async\" src=\"https:\/\/giatsu.com\/wp-content\/uploads\/2024\/09\/blobid0.png.png\" alt=\"\" width=\"438\" height=\"365\" \/><\/p>\n<p>Capacit&eacute; du syst&egrave;me : 220 &#8211; 240V<\/p>\n<p>8kW + 190L ECS<\/p>\n<div class='divPictosEnergia'>[vc_single_image image=&rsquo;10410&prime; alignment=&rsquo;center&rsquo; woodmart_inline=&rsquo;no&rsquo; parallax_scroll=&rsquo;no&rsquo; el_class=&rsquo;imgEnergia&rsquo; img_size=&rsquo;72&#215;36&prime;][vc_single_image image=&rsquo;10510&prime; alignment=&rsquo;center&rsquo; woodmart_inline=&rsquo;no&rsquo; parallax_scroll=&rsquo;no&rsquo; el_class=&rsquo;imgEnergia&rsquo; img_size=&rsquo;72&#215;36&prime;][vc_single_image image=&rsquo;12661&prime; alignment=&rsquo;center&rsquo; woodmart_inline=&rsquo;no&rsquo; parallax_scroll=&rsquo;no&rsquo; el_class=&rsquo;imgEnergia&rsquo; img_size=&rsquo;72&#215;36&prime;][vc_single_image image=&rsquo;10405&prime; alignment=&rsquo;center&rsquo; woodmart_inline=&rsquo;no&rsquo; parallax_scroll=&rsquo;no&rsquo; el_class=&rsquo;imgEnergia&rsquo; img_size=&rsquo;72&#215;36&prime;]<\/div>\n<div class='pictosvoz'>[vc_single_image image=&rsquo;13599&prime; alignment=&rsquo;center&rsquo; woodmart_inline=&rsquo;no&rsquo; parallax_scroll=&rsquo;no&rsquo; el_class=&rsquo;imgEnergia&rsquo; img_size=&rsquo;65&#215;65&prime;][vc_single_image image=&rsquo;13604&prime; alignment=&rsquo;center&rsquo; woodmart_inline=&rsquo;no&rsquo; parallax_scroll=&rsquo;no&rsquo; el_class=&rsquo;imgEnergia&rsquo; img_size=&rsquo;65&#215;65&prime;]<\/div>\n","protected":false},"featured_media":12668,"template":"","meta":{"_monsterinsights_skip_tracking":false,"_monsterinsights_sitenote_active":false,"_monsterinsights_sitenote_note":"","_monsterinsights_sitenote_category":0},"product_brand":[],"product_cat":[783,681],"product_tag":[],"class_list":{"0":"post-12654","1":"product","2":"type-product","3":"status-publish","4":"has-post-thumbnail","6":"product_cat-multisplit-splits-fr","7":"product_cat-splits-fr","9":"first","10":"instock","11":"featured","12":"shipping-taxable","13":"product-type-simple"},"yoast_head":"<!-- This site is optimized with the Yoast SEO plugin v26.6 - https:\/\/yoast.com\/wordpress\/plugins\/seo\/ -->\n<title>Syst\u00e8me de r\u00e9cup\u00e9ration de chaleur Giatsu SR24<\/title>\n<meta name=\"description\" content=\"SR24, une solution efficace et pratique pour utiliser la chaleur perdue de votre climatisation pour produire de l&#039;&#039;eau chaude sanitaire.\" \/>\n<meta name=\"robots\" content=\"index, follow, max-snippet:-1, max-image-preview:large, max-video-preview:-1\" \/>\n<link rel=\"canonical\" href=\"https:\/\/giatsu.com\/fr\/splits-fr\/multisplit-splits-fr\/systeme-multi-split-avec-recuperation-de-chaleur-sr24\/\" \/>\n<meta property=\"og:locale\" content=\"fr_FR\" \/>\n<meta property=\"og:type\" content=\"article\" \/>\n<meta property=\"og:title\" content=\"Syst\u00e8me de r\u00e9cup\u00e9ration de chaleur Giatsu SR24\" \/>\n<meta property=\"og:description\" content=\"SR24, une solution efficace et pratique pour utiliser la chaleur perdue de votre climatisation pour produire de l&#039;&#039;eau chaude sanitaire.\" \/>\n<meta property=\"og:url\" content=\"https:\/\/giatsu.com\/fr\/splits-fr\/multisplit-splits-fr\/systeme-multi-split-avec-recuperation-de-chaleur-sr24\/\" \/>\n<meta property=\"og:site_name\" content=\"GIATSU\" \/>\n<meta property=\"article:modified_time\" content=\"2025-04-14T14:10:31+00:00\" \/>\n<meta property=\"og:image\" content=\"https:\/\/giatsu.com\/wp-content\/uploads\/2024\/09\/sr24_idu-b704f3.webp\" \/>\n\t<meta property=\"og:image:width\" content=\"500\" \/>\n\t<meta property=\"og:image:height\" content=\"500\" \/>\n\t<meta property=\"og:image:type\" content=\"image\/webp\" \/>\n<meta name=\"twitter:card\" content=\"summary_large_image\" \/>\n<meta name=\"twitter:label1\" content=\"Dur\u00e9e de lecture estim\u00e9e\" \/>\n\t<meta name=\"twitter:data1\" content=\"1 minute\" \/>\n<script type=\"application\/ld+json\" class=\"yoast-schema-graph\">{\"@context\":\"https:\/\/schema.org\",\"@graph\":[{\"@type\":\"WebPage\",\"@id\":\"https:\/\/giatsu.com\/fr\/splits-fr\/multisplit-splits-fr\/systeme-multi-split-avec-recuperation-de-chaleur-sr24\/\",\"url\":\"https:\/\/giatsu.com\/fr\/splits-fr\/multisplit-splits-fr\/systeme-multi-split-avec-recuperation-de-chaleur-sr24\/\",\"name\":\"Syst\u00e8me de r\u00e9cup\u00e9ration de chaleur Giatsu SR24\",\"isPartOf\":{\"@id\":\"https:\/\/giatsu.com\/es\/#website\"},\"primaryImageOfPage\":{\"@id\":\"https:\/\/giatsu.com\/fr\/splits-fr\/multisplit-splits-fr\/systeme-multi-split-avec-recuperation-de-chaleur-sr24\/#primaryimage\"},\"image\":{\"@id\":\"https:\/\/giatsu.com\/fr\/splits-fr\/multisplit-splits-fr\/systeme-multi-split-avec-recuperation-de-chaleur-sr24\/#primaryimage\"},\"thumbnailUrl\":\"https:\/\/giatsu.com\/wp-content\/uploads\/2024\/09\/sr24_idu-b704f3.webp\",\"datePublished\":\"2024-02-23T11:50:51+00:00\",\"dateModified\":\"2025-04-14T14:10:31+00:00\",\"description\":\"SR24, une solution efficace et pratique pour utiliser la chaleur perdue de votre climatisation pour produire de l''eau chaude sanitaire.\",\"breadcrumb\":{\"@id\":\"https:\/\/giatsu.com\/fr\/splits-fr\/multisplit-splits-fr\/systeme-multi-split-avec-recuperation-de-chaleur-sr24\/#breadcrumb\"},\"inLanguage\":\"fr-FR\",\"potentialAction\":[{\"@type\":\"ReadAction\",\"target\":[\"https:\/\/giatsu.com\/fr\/splits-fr\/multisplit-splits-fr\/systeme-multi-split-avec-recuperation-de-chaleur-sr24\/\"]}]},{\"@type\":\"ImageObject\",\"inLanguage\":\"fr-FR\",\"@id\":\"https:\/\/giatsu.com\/fr\/splits-fr\/multisplit-splits-fr\/systeme-multi-split-avec-recuperation-de-chaleur-sr24\/#primaryimage\",\"url\":\"https:\/\/giatsu.com\/wp-content\/uploads\/2024\/09\/sr24_idu-b704f3.webp\",\"contentUrl\":\"https:\/\/giatsu.com\/wp-content\/uploads\/2024\/09\/sr24_idu-b704f3.webp\",\"width\":500,\"height\":500},{\"@type\":\"BreadcrumbList\",\"@id\":\"https:\/\/giatsu.com\/fr\/splits-fr\/multisplit-splits-fr\/systeme-multi-split-avec-recuperation-de-chaleur-sr24\/#breadcrumb\",\"itemListElement\":[{\"@type\":\"ListItem\",\"position\":1,\"name\":\"Home\",\"item\":\"https:\/\/giatsu.com\/es\/\"},{\"@type\":\"ListItem\",\"position\":2,\"name\":\"PRODUCTOS\",\"item\":\"https:\/\/giatsu.com\/es\/productos\/\"},{\"@type\":\"ListItem\",\"position\":3,\"name\":\"SYST\u00c8ME MULTI-SPLIT AVEC R\u00c9CUP\u00c9RATION DE CHALEUR SR24\"}]},{\"@type\":\"WebSite\",\"@id\":\"https:\/\/giatsu.com\/es\/#website\",\"url\":\"https:\/\/giatsu.com\/es\/\",\"name\":\"GIATSU\",\"description\":\"Quality Comfort Everywhere\",\"potentialAction\":[{\"@type\":\"SearchAction\",\"target\":{\"@type\":\"EntryPoint\",\"urlTemplate\":\"https:\/\/giatsu.com\/es\/?s={search_term_string}\"},\"query-input\":{\"@type\":\"PropertyValueSpecification\",\"valueRequired\":true,\"valueName\":\"search_term_string\"}}],\"inLanguage\":\"fr-FR\"}]}<\/script>\n<!-- \/ Yoast SEO plugin. -->","yoast_head_json":{"title":"Syst\u00e8me de r\u00e9cup\u00e9ration de chaleur Giatsu SR24","description":"SR24, une solution efficace et pratique pour utiliser la chaleur perdue de votre climatisation pour produire de l''eau chaude sanitaire.","robots":{"index":"index","follow":"follow","max-snippet":"max-snippet:-1","max-image-preview":"max-image-preview:large","max-video-preview":"max-video-preview:-1"},"canonical":"https:\/\/giatsu.com\/fr\/splits-fr\/multisplit-splits-fr\/systeme-multi-split-avec-recuperation-de-chaleur-sr24\/","og_locale":"fr_FR","og_type":"article","og_title":"Syst\u00e8me de r\u00e9cup\u00e9ration de chaleur Giatsu SR24","og_description":"SR24, une solution efficace et pratique pour utiliser la chaleur perdue de votre climatisation pour produire de l''eau chaude sanitaire.","og_url":"https:\/\/giatsu.com\/fr\/splits-fr\/multisplit-splits-fr\/systeme-multi-split-avec-recuperation-de-chaleur-sr24\/","og_site_name":"GIATSU","article_modified_time":"2025-04-14T14:10:31+00:00","og_image":[{"width":500,"height":500,"url":"https:\/\/giatsu.com\/wp-content\/uploads\/2024\/09\/sr24_idu-b704f3.webp","type":"image\/webp"}],"twitter_card":"summary_large_image","twitter_misc":{"Dur\u00e9e de lecture estim\u00e9e":"1 minute"},"schema":{"@context":"https:\/\/schema.org","@graph":[{"@type":"WebPage","@id":"https:\/\/giatsu.com\/fr\/splits-fr\/multisplit-splits-fr\/systeme-multi-split-avec-recuperation-de-chaleur-sr24\/","url":"https:\/\/giatsu.com\/fr\/splits-fr\/multisplit-splits-fr\/systeme-multi-split-avec-recuperation-de-chaleur-sr24\/","name":"Syst\u00e8me de r\u00e9cup\u00e9ration de chaleur Giatsu SR24","isPartOf":{"@id":"https:\/\/giatsu.com\/es\/#website"},"primaryImageOfPage":{"@id":"https:\/\/giatsu.com\/fr\/splits-fr\/multisplit-splits-fr\/systeme-multi-split-avec-recuperation-de-chaleur-sr24\/#primaryimage"},"image":{"@id":"https:\/\/giatsu.com\/fr\/splits-fr\/multisplit-splits-fr\/systeme-multi-split-avec-recuperation-de-chaleur-sr24\/#primaryimage"},"thumbnailUrl":"https:\/\/giatsu.com\/wp-content\/uploads\/2024\/09\/sr24_idu-b704f3.webp","datePublished":"2024-02-23T11:50:51+00:00","dateModified":"2025-04-14T14:10:31+00:00","description":"SR24, une solution efficace et pratique pour utiliser la chaleur perdue de votre climatisation pour produire de l''eau chaude sanitaire.","breadcrumb":{"@id":"https:\/\/giatsu.com\/fr\/splits-fr\/multisplit-splits-fr\/systeme-multi-split-avec-recuperation-de-chaleur-sr24\/#breadcrumb"},"inLanguage":"fr-FR","potentialAction":[{"@type":"ReadAction","target":["https:\/\/giatsu.com\/fr\/splits-fr\/multisplit-splits-fr\/systeme-multi-split-avec-recuperation-de-chaleur-sr24\/"]}]},{"@type":"ImageObject","inLanguage":"fr-FR","@id":"https:\/\/giatsu.com\/fr\/splits-fr\/multisplit-splits-fr\/systeme-multi-split-avec-recuperation-de-chaleur-sr24\/#primaryimage","url":"https:\/\/giatsu.com\/wp-content\/uploads\/2024\/09\/sr24_idu-b704f3.webp","contentUrl":"https:\/\/giatsu.com\/wp-content\/uploads\/2024\/09\/sr24_idu-b704f3.webp","width":500,"height":500},{"@type":"BreadcrumbList","@id":"https:\/\/giatsu.com\/fr\/splits-fr\/multisplit-splits-fr\/systeme-multi-split-avec-recuperation-de-chaleur-sr24\/#breadcrumb","itemListElement":[{"@type":"ListItem","position":1,"name":"Home","item":"https:\/\/giatsu.com\/es\/"},{"@type":"ListItem","position":2,"name":"PRODUCTOS","item":"https:\/\/giatsu.com\/es\/productos\/"},{"@type":"ListItem","position":3,"name":"SYST\u00c8ME MULTI-SPLIT AVEC R\u00c9CUP\u00c9RATION DE CHALEUR SR24"}]},{"@type":"WebSite","@id":"https:\/\/giatsu.com\/es\/#website","url":"https:\/\/giatsu.com\/es\/","name":"GIATSU","description":"Quality Comfort Everywhere","potentialAction":[{"@type":"SearchAction","target":{"@type":"EntryPoint","urlTemplate":"https:\/\/giatsu.com\/es\/?s={search_term_string}"},"query-input":{"@type":"PropertyValueSpecification","valueRequired":true,"valueName":"search_term_string"}}],"inLanguage":"fr-FR"}]}},"_links":{"self":[{"href":"https:\/\/giatsu.com\/fr\/wp-json\/wp\/v2\/product\/12654","targetHints":{"allow":["GET"]}}],"collection":[{"href":"https:\/\/giatsu.com\/fr\/wp-json\/wp\/v2\/product"}],"about":[{"href":"https:\/\/giatsu.com\/fr\/wp-json\/wp\/v2\/types\/product"}],"wp:featuredmedia":[{"embeddable":true,"href":"https:\/\/giatsu.com\/fr\/wp-json\/wp\/v2\/media\/12668"}],"wp:attachment":[{"href":"https:\/\/giatsu.com\/fr\/wp-json\/wp\/v2\/media?parent=12654"}],"wp:term":[{"taxonomy":"product_brand","embeddable":true,"href":"https:\/\/giatsu.com\/fr\/wp-json\/wp\/v2\/product_brand?post=12654"},{"taxonomy":"product_cat","embeddable":true,"href":"https:\/\/giatsu.com\/fr\/wp-json\/wp\/v2\/product_cat?post=12654"},{"taxonomy":"product_tag","embeddable":true,"href":"https:\/\/giatsu.com\/fr\/wp-json\/wp\/v2\/product_tag?post=12654"}],"curies":[{"name":"wp","href":"https:\/\/api.w.org\/{rel}","templated":true}]}}