{"id":12597,"date":"2024-02-23T11:50:14","date_gmt":"2024-02-23T11:50:14","guid":{"rendered":"https:\/\/giatsu.com\/?post_type=product&#038;p=12597"},"modified":"2025-05-05T10:41:30","modified_gmt":"2025-05-05T10:41:30","slug":"reservoir-de-stockage-aerothermique-vaw-2","status":"publish","type":"product","link":"https:\/\/giatsu.com\/fr\/aerotermia-2\/accumulateurs-aerothermiques\/reservoir-de-stockage-aerothermique-vaw-2\/","title":{"rendered":"R\u00c9SERVOIR DE STOCKAGE REFROIDI PAR VENTILATEUR VAW 2 ET VAW+S 2"},"content":{"rendered":"<div class=\"wpb-content-wrapper\"><div class=\"container mb-1 moduloprincipalespictos\">\n<h2 class=\"text-center tituloprincipales\">Caracter\u00edsticas principales<\/h2>\n<div class=\"row row-cols-1 row-cols-md-2 row-cols-xl-3\">\n<div class=\"col-xs-6 col-md-3 order-last\">\n<div class=\"card\">\n                            <img decoding=\"async\" class=\"card-img-top w-100 d-block fit-cover pictoprincipalgrande\" src=\"https:\/\/giatsu.com\/wp-content\/uploads\/2023\/08\/wifi-incluido-cb8169.webp\" \/><\/p>\n<div class=\"card-body p-4\">\n<h3 class=\"font-weight-bold card-title\">WiFi inclus<\/h3>\n<p class=\"card-text\">Gr\u00e2ce \u00e0 l&rsquo;application GIApp, vous pouvez contr\u00f4ler l&rsquo;\u00e9quipement depuis un smartphone, une tablette ou \u00e0 la voix avec Alexa et Google Home.<\/p>\n<\/p><\/div><\/div><\/div>\n<div class=\"col-xs-6 col-md-3 order-last\">\n<div class=\"card\">\n                            <img decoding=\"async\" class=\"card-img-top w-100 d-block fit-cover pictoprincipalgrande\" src=\"https:\/\/giatsu.com\/wp-content\/uploads\/2023\/08\/antilegionela-51edba.webp\" \/><\/p>\n<div class=\"card-body p-4\">\n<h3 class=\"font-weight-bold card-title\">Anti-l\u00e9gionellose<\/h3>\n<p class=\"card-text\">Protection contre les bact\u00e9ries d\u00e9velopp\u00e9es dans les \u00e9quipements d&rsquo;eau et les tours de refroidissement.<\/p>\n<\/p><\/div><\/div><\/div>\n<div class=\"col-xs-6 col-md-3 order-last\">\n<div class=\"card\">\n                            <img decoding=\"async\" class=\"card-img-top w-100 d-block fit-cover pictoprincipalgrande\" src=\"https:\/\/giatsu.com\/wp-content\/uploads\/2023\/08\/compatible-con-energia-solar-8962e7.webp\" \/><\/p>\n<div class=\"card-body p-4\">\n<h3 class=\"font-weight-bold card-title\">Compatible avec \u00e9nergie solaire<\/h3>\n<p class=\"card-text\">L&rsquo;\u00e9quipement est pr\u00e9par\u00e9 pour fonctionner avec des \u00e9quipements solaires thermiques, ce qui augmente l&rsquo;efficacit\u00e9 de l&rsquo;installation.<\/p>\n<\/p><\/div><\/div><\/div>\n<div class=\"col-xs-6 col-md-3 order-last\">\n<div class=\"card\">\n                            <img decoding=\"async\" class=\"card-img-top w-100 d-block fit-cover pictoprincipalgrande\" src=\"https:\/\/giatsu.com\/wp-content\/uploads\/2023\/08\/maxima-temperatura-de-salida-de-agua-cf2d09.webp\" \/><\/p>\n<div class=\"card-body p-4\">\n<h3 class=\"font-weight-bold card-title\">Temp\u00e9rature maximale de sortie d&rsquo;eau<\/h3>\n<p class=\"card-text\">C&rsquo;est la temp\u00e9rature chaude maximale \u00e0 laquelle l&rsquo;eau peut sortir avec un degr\u00e9 de sortie sp\u00e9cifi\u00e9 par d\u00e9faut.<\/p>\n<\/p><\/div><\/div><\/div>\n<div class=\"col-xs-6 col-md-3 order-last\">\n<div class=\"card\">\n                            <img decoding=\"async\" class=\"card-img-top w-100 d-block fit-cover pictoprincipalgrande\" src=\"https:\/\/giatsu.com\/wp-content\/uploads\/2024\/06\/substituye-calentador-y-termo-dd4000.webp\" \/><\/p>\n<div class=\"card-body p-4\">\n<h3 class=\"font-weight-bold card-title\">Remplacer le chauffage et le thermos<\/h3>\n<p class=\"card-text\">Ces \u00e9quipements sont une alternative plus efficace et plus rentable aux radiateurs ou thermos traditionnels.<\/p>\n<\/p><\/div><\/div><\/div>\n<div class=\"col-xs-6 col-md-3 order-last\">\n<div class=\"card\">\n                            <img decoding=\"async\" class=\"card-img-top w-100 d-block fit-cover pictoprincipalgrande\" src=\"https:\/\/giatsu.com\/wp-content\/uploads\/2024\/06\/tanque-interior-de-acero-inoxidable-cd2c2b.webp\" \/><\/p>\n<div class=\"card-body p-4\">\n<h3 class=\"font-weight-bold card-title\">R\u00c3\u00a9servoir int\u00c3\u00a9rieur en acier inoxydable<\/h3>\n<p class=\"card-text\">R\u00c3\u00a9servoir en acier inoxydable.<\/p>\n<\/p><\/div><\/div><\/div><\/div><\/div>\n<hr>\n<p>        [vc_row mobile_bg_img_hidden=\u00a0\u00bbno\u00a0\u00bb tablet_bg_img_hidden=\u00a0\u00bbno\u00a0\u00bb woodmart_parallax=\u00a0\u00bb0&Prime; woodmart_gradient_switch=\u00a0\u00bbno\u00a0\u00bb row_reverse_mobile=\u00a0\u00bb0&Prime; row_reverse_tablet=\u00a0\u00bb0&Prime; woodmart_disable_overflow=\u00a0\u00bb0&Prime; el_class=\u00a0\u00bbfilaImgCaracteristica\u00a0\u00bb][vc_column mobile_bg_img_hidden=\u00a0\u00bbno\u00a0\u00bb tablet_bg_img_hidden=\u00a0\u00bbno\u00a0\u00bb woodmart_parallax=\u00a0\u00bb0&Prime; woodmart_sticky_column=\u00a0\u00bbfalse\u00a0\u00bb parallax_scroll=\u00a0\u00bbno\u00a0\u00bb mobile_reset_margin=\u00a0\u00bbno\u00a0\u00bb tablet_reset_margin=\u00a0\u00bbno\u00a0\u00bb]<\/p>\n<div class=\"container mb-1\">\n<h3 class=\"text-center\">Informaci\u00f3n t\u00e9cnica<\/h3>\n<div class=\"row row-cols-1 row-cols-md-2 row-cols-xl-3 justify-content-md-center\">\n<div class=\"col-xs-1 col-md-1\">\n<div class=\"card\">\n                            <img decoding=\"async\" class=\"card-img-top w-100 d-block fit-cover pictoprincipalgrande\" src=\"https:\/\/giatsu.com\/wp-content\/uploads\/2023\/08\/funcion_desescarche-4b7880.webp\" \/><\/p>\n<div class=\"card-body p-4\">\n<h4 class=\"card-text textospictospeques\">Fonction d\u00e9givrage<\/h4>\n<\/p><\/div><\/div><\/div>\n<div class=\"col-xs-1 col-md-1\">\n<div class=\"card\">\n                            <img decoding=\"async\" class=\"card-img-top w-100 d-block fit-cover pictoprincipalgrande\" src=\"https:\/\/giatsu.com\/wp-content\/uploads\/2024\/06\/facil_instalacion_mantenimiento-49c01b.webp\" \/><\/p>\n<div class=\"card-body p-4\">\n<h4 class=\"card-text textospictospeques\"><\/h4>\n<\/p><\/div><\/div><\/div><\/div><\/div>\n<div class=\"row justify-content-md-center\">\n<div class=\"vc_btn3-container vc_btn3-inline\" id=\"botonDescargarFicha\">\n                        <a target=\"_blank\" class=\"btn btn-light border rounded-4 botondescarga\" href=\"https:\/\/giatsu.com\/documentacion\/\/giatsu-fichas-tecnicas-acumuladores-aerotermicos-vaw-2-frances.pdf\" title=\"\">T\u00e9l\u00e9charger la fiche<\/a>\n                 <\/div><\/div>\n<div class=\"row\">\n<hr>\n<div class=\"col text-center\"><a target=\"_blank\" href=\"https:\/\/giatsu.com\/documentacion\/\/giatsu-manual-de-usuario-e-instalacion-acumuladores-aerotermicos-vaw-2-multiidioma.pdf\" class=\"btn btn-light border rounded-4 botonDescargaManual botondescarga\">Manuel de l&rsquo;utilisateur<\/a><\/div>\n<div class=\"col text-center\"><a target=\"_blank\" href=\"https:\/\/giatsu.com\/documentacion\/\/giatsu-manual-de-usuario-e-instalacion-acumuladores-aerotermicos-vaw-2-multiidioma.pdf\" class=\"btn btn-light border rounded-4 botonDescargaManual botondescarga\">Manual de instalaci\u00f3n<\/a><\/div>\n<hr>\n<\/div>\n<\/div>","protected":false},"excerpt":{"rendered":"<p>D&eacute;couvrez le <strong>chauffe-eau a&eacute;rothermique &agrave; accumulation VAW 2 en acier inoxydable<\/strong>: durabilit&eacute; et efficacit&eacute; sans compromis<\/p>\n<p>Le VAW 2 est fait pour durer. Disponible en version murale de 100 et 120 litres et en version au sol de 200 litres (avec ou sans serpentin pour la compatibilit&eacute; avec l\u00a0\u00bb&eacute;nergie solaire thermique).<\/p>\n<p>Fabriqu&eacute; avec des mat&eacute;riaux de la plus haute qualit&eacute;, cet &eacute;quipement est extr&ecirc;mement r&eacute;sistant et durable. &Eacute;quip&eacute; de s&eacute;rie d\u00a0\u00bbune anode &eacute;lectronique, VAW 2 reste plus longtemps en parfait &eacute;tat, garantissant des performances constantes et aucune d&eacute;t&eacute;rioration.<\/p>\n<p>Chaque &eacute;l&eacute;ment de notre accumulateur est con&ccedil;u pour une efficacit&eacute; &eacute;nerg&eacute;tique maximale et fournit des donn&eacute;es de performance exceptionnelles.<\/p>\n<p>&Eacute;conomisez de l\u00a0\u00bb&eacute;nergie et r&eacute;duisez vos co&ucirc;ts sans sacrifier le confort ou la fonctionnalit&eacute;.<\/p>\n<p><strong>Caract&eacute;ristiques principales :<\/strong><\/p>\n<ul>\n<li>Classe &eacute;nerg&eacute;tique A++ (selon le mod&egrave;le et les conditions d\u00a0\u00bbessai).<\/li>\n<li>COP sup&eacute;rieur &agrave; 3,8<\/li>\n<li>Gaz r&eacute;frig&eacute;rant &eacute;cologique R290<\/li>\n<li>Wifi inclus.<\/li>\n<li>Compresseur rotatif Inverter.<\/li>\n<li>R&eacute;servoir en acier inoxydable.<\/li>\n<li>Anode &eacute;lectronique &agrave; faible entretien incluse.<\/li>\n<\/ul>\n<p>Capacit&eacute;s disponibles VAW 2 : 100L, 120L, 200L<\/p>\n<p>Capacit&eacute;s disponibles VAW+S 2 : 200L, 300L<\/p>\n<p><strong>10 ans de garantie sur le compresseur.<\/strong><\/p>\n<p>&nbsp;<\/p>\n<p>&nbsp;<\/p>\n<div class='divPictosEnergia'>[vc_single_image image=&rsquo;12364&prime; alignment=&rsquo;center&rsquo; woodmart_inline=&rsquo;no&rsquo; parallax_scroll=&rsquo;no&rsquo; el_class=&rsquo;imgEnergia&rsquo; img_size=&rsquo;72&#215;36&prime;]<\/div>\n<div class='pictosvoz'>[vc_single_image image=&rsquo;13599&prime; alignment=&rsquo;center&rsquo; woodmart_inline=&rsquo;no&rsquo; parallax_scroll=&rsquo;no&rsquo; el_class=&rsquo;imgEnergia&rsquo; img_size=&rsquo;65&#215;65&prime;][vc_single_image image=&rsquo;13604&prime; alignment=&rsquo;center&rsquo; woodmart_inline=&rsquo;no&rsquo; parallax_scroll=&rsquo;no&rsquo; el_class=&rsquo;imgEnergia&rsquo; img_size=&rsquo;65&#215;65&prime;]<\/div>\n","protected":false},"featured_media":12353,"template":"","meta":{"_monsterinsights_skip_tracking":false,"_monsterinsights_sitenote_active":false,"_monsterinsights_sitenote_note":"","_monsterinsights_sitenote_category":0},"product_brand":[],"product_cat":[732,563],"product_tag":[],"class_list":{"0":"post-12597","1":"product","2":"type-product","3":"status-publish","4":"has-post-thumbnail","6":"product_cat-accumulateurs-aerothermiques","7":"product_cat-aerotermia-2","9":"first","10":"instock","11":"shipping-taxable","12":"product-type-simple"},"yoast_head":"<!-- This site is optimized with the Yoast SEO plugin v26.6 - https:\/\/yoast.com\/wordpress\/plugins\/seo\/ -->\n<title>R\u00e9servoir a\u00e9rothermique VAW 2 en acier inoxydable<\/title>\n<meta name=\"description\" content=\"Fabriqu\u00e9 \u00e0 partir de mat\u00e9riaux de la plus haute qualit\u00e9, cet \u00e9quipement est extr\u00eamement robuste et durable. \u00c9quip\u00e9 d&#039;&#039;une anode \u00e9lectronique de s\u00e9rie, le VAW 2 reste en parfait \u00e9tat plus longtemps, garantissant des performances constantes et sans dommages.\" \/>\n<meta name=\"robots\" content=\"index, follow, max-snippet:-1, max-image-preview:large, max-video-preview:-1\" \/>\n<link rel=\"canonical\" href=\"https:\/\/giatsu.com\/fr\/aerotermia-2\/accumulateurs-aerothermiques\/reservoir-de-stockage-aerothermique-vaw-2\/\" \/>\n<meta property=\"og:locale\" content=\"fr_FR\" \/>\n<meta property=\"og:type\" content=\"article\" \/>\n<meta property=\"og:title\" content=\"R\u00e9servoir a\u00e9rothermique VAW 2 en acier inoxydable\" \/>\n<meta property=\"og:description\" content=\"Fabriqu\u00e9 \u00e0 partir de mat\u00e9riaux de la plus haute qualit\u00e9, cet \u00e9quipement est extr\u00eamement robuste et durable. \u00c9quip\u00e9 d&#039;&#039;une anode \u00e9lectronique de s\u00e9rie, le VAW 2 reste en parfait \u00e9tat plus longtemps, garantissant des performances constantes et sans dommages.\" \/>\n<meta property=\"og:url\" content=\"https:\/\/giatsu.com\/fr\/aerotermia-2\/accumulateurs-aerothermiques\/reservoir-de-stockage-aerothermique-vaw-2\/\" \/>\n<meta property=\"og:site_name\" content=\"GIATSU\" \/>\n<meta property=\"article:modified_time\" content=\"2025-05-05T10:41:30+00:00\" \/>\n<meta property=\"og:image\" content=\"https:\/\/giatsu.com\/wp-content\/uploads\/2024\/06\/vaw-2_200_300l-b64f98.webp\" \/>\n\t<meta property=\"og:image:width\" content=\"500\" \/>\n\t<meta property=\"og:image:height\" content=\"500\" \/>\n\t<meta property=\"og:image:type\" content=\"image\/webp\" \/>\n<meta name=\"twitter:card\" content=\"summary_large_image\" \/>\n<meta name=\"twitter:label1\" content=\"Dur\u00e9e de lecture estim\u00e9e\" \/>\n\t<meta name=\"twitter:data1\" content=\"1 minute\" \/>\n<script type=\"application\/ld+json\" class=\"yoast-schema-graph\">{\"@context\":\"https:\/\/schema.org\",\"@graph\":[{\"@type\":\"WebPage\",\"@id\":\"https:\/\/giatsu.com\/fr\/aerotermia-2\/accumulateurs-aerothermiques\/reservoir-de-stockage-aerothermique-vaw-2\/\",\"url\":\"https:\/\/giatsu.com\/fr\/aerotermia-2\/accumulateurs-aerothermiques\/reservoir-de-stockage-aerothermique-vaw-2\/\",\"name\":\"R\u00e9servoir a\u00e9rothermique VAW 2 en acier inoxydable\",\"isPartOf\":{\"@id\":\"https:\/\/giatsu.com\/es\/#website\"},\"primaryImageOfPage\":{\"@id\":\"https:\/\/giatsu.com\/fr\/aerotermia-2\/accumulateurs-aerothermiques\/reservoir-de-stockage-aerothermique-vaw-2\/#primaryimage\"},\"image\":{\"@id\":\"https:\/\/giatsu.com\/fr\/aerotermia-2\/accumulateurs-aerothermiques\/reservoir-de-stockage-aerothermique-vaw-2\/#primaryimage\"},\"thumbnailUrl\":\"https:\/\/giatsu.com\/wp-content\/uploads\/2024\/06\/vaw-2_200_300l-b64f98.webp\",\"datePublished\":\"2024-02-23T11:50:14+00:00\",\"dateModified\":\"2025-05-05T10:41:30+00:00\",\"description\":\"Fabriqu\u00e9 \u00e0 partir de mat\u00e9riaux de la plus haute qualit\u00e9, cet \u00e9quipement est extr\u00eamement robuste et durable. \u00c9quip\u00e9 d''une anode \u00e9lectronique de s\u00e9rie, le VAW 2 reste en parfait \u00e9tat plus longtemps, garantissant des performances constantes et sans dommages.\",\"breadcrumb\":{\"@id\":\"https:\/\/giatsu.com\/fr\/aerotermia-2\/accumulateurs-aerothermiques\/reservoir-de-stockage-aerothermique-vaw-2\/#breadcrumb\"},\"inLanguage\":\"fr-FR\",\"potentialAction\":[{\"@type\":\"ReadAction\",\"target\":[\"https:\/\/giatsu.com\/fr\/aerotermia-2\/accumulateurs-aerothermiques\/reservoir-de-stockage-aerothermique-vaw-2\/\"]}]},{\"@type\":\"ImageObject\",\"inLanguage\":\"fr-FR\",\"@id\":\"https:\/\/giatsu.com\/fr\/aerotermia-2\/accumulateurs-aerothermiques\/reservoir-de-stockage-aerothermique-vaw-2\/#primaryimage\",\"url\":\"https:\/\/giatsu.com\/wp-content\/uploads\/2024\/06\/vaw-2_200_300l-b64f98.webp\",\"contentUrl\":\"https:\/\/giatsu.com\/wp-content\/uploads\/2024\/06\/vaw-2_200_300l-b64f98.webp\",\"width\":500,\"height\":500},{\"@type\":\"BreadcrumbList\",\"@id\":\"https:\/\/giatsu.com\/fr\/aerotermia-2\/accumulateurs-aerothermiques\/reservoir-de-stockage-aerothermique-vaw-2\/#breadcrumb\",\"itemListElement\":[{\"@type\":\"ListItem\",\"position\":1,\"name\":\"Home\",\"item\":\"https:\/\/giatsu.com\/es\/\"},{\"@type\":\"ListItem\",\"position\":2,\"name\":\"PRODUCTOS\",\"item\":\"https:\/\/giatsu.com\/es\/productos\/\"},{\"@type\":\"ListItem\",\"position\":3,\"name\":\"R\u00c9SERVOIR DE STOCKAGE REFROIDI PAR VENTILATEUR VAW 2 ET VAW+S 2\"}]},{\"@type\":\"WebSite\",\"@id\":\"https:\/\/giatsu.com\/es\/#website\",\"url\":\"https:\/\/giatsu.com\/es\/\",\"name\":\"GIATSU\",\"description\":\"Quality Comfort Everywhere\",\"potentialAction\":[{\"@type\":\"SearchAction\",\"target\":{\"@type\":\"EntryPoint\",\"urlTemplate\":\"https:\/\/giatsu.com\/es\/?s={search_term_string}\"},\"query-input\":{\"@type\":\"PropertyValueSpecification\",\"valueRequired\":true,\"valueName\":\"search_term_string\"}}],\"inLanguage\":\"fr-FR\"}]}<\/script>\n<!-- \/ Yoast SEO plugin. -->","yoast_head_json":{"title":"R\u00e9servoir a\u00e9rothermique VAW 2 en acier inoxydable","description":"Fabriqu\u00e9 \u00e0 partir de mat\u00e9riaux de la plus haute qualit\u00e9, cet \u00e9quipement est extr\u00eamement robuste et durable. \u00c9quip\u00e9 d''une anode \u00e9lectronique de s\u00e9rie, le VAW 2 reste en parfait \u00e9tat plus longtemps, garantissant des performances constantes et sans dommages.","robots":{"index":"index","follow":"follow","max-snippet":"max-snippet:-1","max-image-preview":"max-image-preview:large","max-video-preview":"max-video-preview:-1"},"canonical":"https:\/\/giatsu.com\/fr\/aerotermia-2\/accumulateurs-aerothermiques\/reservoir-de-stockage-aerothermique-vaw-2\/","og_locale":"fr_FR","og_type":"article","og_title":"R\u00e9servoir a\u00e9rothermique VAW 2 en acier inoxydable","og_description":"Fabriqu\u00e9 \u00e0 partir de mat\u00e9riaux de la plus haute qualit\u00e9, cet \u00e9quipement est extr\u00eamement robuste et durable. \u00c9quip\u00e9 d''une anode \u00e9lectronique de s\u00e9rie, le VAW 2 reste en parfait \u00e9tat plus longtemps, garantissant des performances constantes et sans dommages.","og_url":"https:\/\/giatsu.com\/fr\/aerotermia-2\/accumulateurs-aerothermiques\/reservoir-de-stockage-aerothermique-vaw-2\/","og_site_name":"GIATSU","article_modified_time":"2025-05-05T10:41:30+00:00","og_image":[{"width":500,"height":500,"url":"https:\/\/giatsu.com\/wp-content\/uploads\/2024\/06\/vaw-2_200_300l-b64f98.webp","type":"image\/webp"}],"twitter_card":"summary_large_image","twitter_misc":{"Dur\u00e9e de lecture estim\u00e9e":"1 minute"},"schema":{"@context":"https:\/\/schema.org","@graph":[{"@type":"WebPage","@id":"https:\/\/giatsu.com\/fr\/aerotermia-2\/accumulateurs-aerothermiques\/reservoir-de-stockage-aerothermique-vaw-2\/","url":"https:\/\/giatsu.com\/fr\/aerotermia-2\/accumulateurs-aerothermiques\/reservoir-de-stockage-aerothermique-vaw-2\/","name":"R\u00e9servoir a\u00e9rothermique VAW 2 en acier inoxydable","isPartOf":{"@id":"https:\/\/giatsu.com\/es\/#website"},"primaryImageOfPage":{"@id":"https:\/\/giatsu.com\/fr\/aerotermia-2\/accumulateurs-aerothermiques\/reservoir-de-stockage-aerothermique-vaw-2\/#primaryimage"},"image":{"@id":"https:\/\/giatsu.com\/fr\/aerotermia-2\/accumulateurs-aerothermiques\/reservoir-de-stockage-aerothermique-vaw-2\/#primaryimage"},"thumbnailUrl":"https:\/\/giatsu.com\/wp-content\/uploads\/2024\/06\/vaw-2_200_300l-b64f98.webp","datePublished":"2024-02-23T11:50:14+00:00","dateModified":"2025-05-05T10:41:30+00:00","description":"Fabriqu\u00e9 \u00e0 partir de mat\u00e9riaux de la plus haute qualit\u00e9, cet \u00e9quipement est extr\u00eamement robuste et durable. \u00c9quip\u00e9 d''une anode \u00e9lectronique de s\u00e9rie, le VAW 2 reste en parfait \u00e9tat plus longtemps, garantissant des performances constantes et sans dommages.","breadcrumb":{"@id":"https:\/\/giatsu.com\/fr\/aerotermia-2\/accumulateurs-aerothermiques\/reservoir-de-stockage-aerothermique-vaw-2\/#breadcrumb"},"inLanguage":"fr-FR","potentialAction":[{"@type":"ReadAction","target":["https:\/\/giatsu.com\/fr\/aerotermia-2\/accumulateurs-aerothermiques\/reservoir-de-stockage-aerothermique-vaw-2\/"]}]},{"@type":"ImageObject","inLanguage":"fr-FR","@id":"https:\/\/giatsu.com\/fr\/aerotermia-2\/accumulateurs-aerothermiques\/reservoir-de-stockage-aerothermique-vaw-2\/#primaryimage","url":"https:\/\/giatsu.com\/wp-content\/uploads\/2024\/06\/vaw-2_200_300l-b64f98.webp","contentUrl":"https:\/\/giatsu.com\/wp-content\/uploads\/2024\/06\/vaw-2_200_300l-b64f98.webp","width":500,"height":500},{"@type":"BreadcrumbList","@id":"https:\/\/giatsu.com\/fr\/aerotermia-2\/accumulateurs-aerothermiques\/reservoir-de-stockage-aerothermique-vaw-2\/#breadcrumb","itemListElement":[{"@type":"ListItem","position":1,"name":"Home","item":"https:\/\/giatsu.com\/es\/"},{"@type":"ListItem","position":2,"name":"PRODUCTOS","item":"https:\/\/giatsu.com\/es\/productos\/"},{"@type":"ListItem","position":3,"name":"R\u00c9SERVOIR DE STOCKAGE REFROIDI PAR VENTILATEUR VAW 2 ET VAW+S 2"}]},{"@type":"WebSite","@id":"https:\/\/giatsu.com\/es\/#website","url":"https:\/\/giatsu.com\/es\/","name":"GIATSU","description":"Quality Comfort Everywhere","potentialAction":[{"@type":"SearchAction","target":{"@type":"EntryPoint","urlTemplate":"https:\/\/giatsu.com\/es\/?s={search_term_string}"},"query-input":{"@type":"PropertyValueSpecification","valueRequired":true,"valueName":"search_term_string"}}],"inLanguage":"fr-FR"}]}},"_links":{"self":[{"href":"https:\/\/giatsu.com\/fr\/wp-json\/wp\/v2\/product\/12597","targetHints":{"allow":["GET"]}}],"collection":[{"href":"https:\/\/giatsu.com\/fr\/wp-json\/wp\/v2\/product"}],"about":[{"href":"https:\/\/giatsu.com\/fr\/wp-json\/wp\/v2\/types\/product"}],"wp:featuredmedia":[{"embeddable":true,"href":"https:\/\/giatsu.com\/fr\/wp-json\/wp\/v2\/media\/12353"}],"wp:attachment":[{"href":"https:\/\/giatsu.com\/fr\/wp-json\/wp\/v2\/media?parent=12597"}],"wp:term":[{"taxonomy":"product_brand","embeddable":true,"href":"https:\/\/giatsu.com\/fr\/wp-json\/wp\/v2\/product_brand?post=12597"},{"taxonomy":"product_cat","embeddable":true,"href":"https:\/\/giatsu.com\/fr\/wp-json\/wp\/v2\/product_cat?post=12597"},{"taxonomy":"product_tag","embeddable":true,"href":"https:\/\/giatsu.com\/fr\/wp-json\/wp\/v2\/product_tag?post=12597"}],"curies":[{"name":"wp","href":"https:\/\/api.w.org\/{rel}","templated":true}]}}