{"id":12591,"date":"2023-06-06T07:03:55","date_gmt":"2023-06-06T07:03:55","guid":{"rendered":"https:\/\/giatsu.com\/?post_type=product&#038;p=12591"},"modified":"2025-04-16T08:17:10","modified_gmt":"2025-04-16T08:17:10","slug":"big-duct-ix49","status":"publish","type":"product","link":"https:\/\/giatsu.com\/fr\/industriel\/big-duct-industriel\/big-duct-ix49\/","title":{"rendered":"BIG DUCT IX49"},"content":{"rendered":"<div class=\"wpb-content-wrapper\"><div class=\"container mb-1 moduloprincipalespictos\">\n<h2 class=\"text-center tituloprincipales\">Caracter\u00edsticas principales<\/h2>\n<div class=\"row row-cols-1 row-cols-md-2 row-cols-xl-3\">\n<div class=\"col-xs-6 col-md-3 order-last\">\n<div class=\"card\">\n                            <img decoding=\"async\" class=\"card-img-top w-100 d-block fit-cover pictoprincipalgrande\" src=\"https:\/\/giatsu.com\/wp-content\/uploads\/2023\/08\/control-cableado-c520c6.webp\" \/><\/p>\n<div class=\"card-body p-4\">\n<h3 class=\"font-weight-bold card-title\">Commande filaire<\/h3>\n<p class=\"card-text\">Comprend une commande filaire avec programmation hebdomadaire.<\/p>\n<\/p><\/div><\/div><\/div>\n<div class=\"col-xs-6 col-md-3 order-last\">\n<div class=\"card\">\n                            <img decoding=\"async\" class=\"card-img-top w-100 d-block fit-cover pictoprincipalgrande\" src=\"https:\/\/giatsu.com\/wp-content\/uploads\/2023\/06\/tecnologia_inverter-495dd8.webp\" \/><\/p>\n<div class=\"card-body p-4\">\n<h3 class=\"font-weight-bold card-title\">Technologie inverter<\/h3>\n<p class=\"card-text\">En faisant fonctionner le compresseur en continu, des \u00e9conomies d?\u00e9nergie allant jusqu?\u00e0 50% sont r\u00e9alis\u00e9es par rapport aux \u00e9quipements conventionnels.<\/p>\n<\/p><\/div><\/div><\/div><\/div><\/div>\n<hr>\n<p>        [vc_row mobile_bg_img_hidden=\u00a0\u00bbno\u00a0\u00bb tablet_bg_img_hidden=\u00a0\u00bbno\u00a0\u00bb woodmart_parallax=\u00a0\u00bb0&Prime; woodmart_gradient_switch=\u00a0\u00bbno\u00a0\u00bb row_reverse_mobile=\u00a0\u00bb0&Prime; row_reverse_tablet=\u00a0\u00bb0&Prime; woodmart_disable_overflow=\u00a0\u00bb0&Prime; el_class=\u00a0\u00bbfilaImgCaracteristica\u00a0\u00bb][vc_column mobile_bg_img_hidden=\u00a0\u00bbno\u00a0\u00bb tablet_bg_img_hidden=\u00a0\u00bbno\u00a0\u00bb woodmart_parallax=\u00a0\u00bb0&Prime; woodmart_sticky_column=\u00a0\u00bbfalse\u00a0\u00bb parallax_scroll=\u00a0\u00bbno\u00a0\u00bb mobile_reset_margin=\u00a0\u00bbno\u00a0\u00bb tablet_reset_margin=\u00a0\u00bbno\u00a0\u00bb]<\/p>\n<div class=\"container mb-1\">\n<h3 class=\"text-center\">Informaci\u00f3n t\u00e9cnica<\/h3>\n<div class=\"row row-cols-1 row-cols-md-2 row-cols-xl-3 justify-content-md-center\">\n<div class=\"col-xs-1 col-md-1\">\n<div class=\"card\">\n                            <img decoding=\"async\" class=\"card-img-top w-100 d-block fit-cover pictoprincipalgrande\" src=\"https:\/\/giatsu.com\/wp-content\/uploads\/2023\/08\/gas_refrigerante-21d266.webp\" \/><\/p>\n<div class=\"card-body p-4\">\n<h4 class=\"card-text textospictospeques\">Gaz r\u00c3\u00a9frig\u00c3\u00a9rant<\/h4>\n<\/p><\/div><\/div><\/div>\n<div class=\"col-xs-1 col-md-1\">\n<div class=\"card\">\n                            <img decoding=\"async\" class=\"card-img-top w-100 d-block fit-cover pictoprincipalgrande\" src=\"https:\/\/giatsu.com\/wp-content\/uploads\/2023\/08\/ahorro_de_consumo_y_espacio-442a30.webp\" \/><\/p>\n<div class=\"card-body p-4\">\n<h4 class=\"card-text textospictospeques\">Consommation et gain de place<\/h4>\n<\/p><\/div><\/div><\/div><\/div><\/div>\n<\/div>","protected":false},"excerpt":{"rendered":"<p class=\"MsoNormal\">Conduit haute pression.<\/p>\n<p class=\"MsoNormal\">Con&ccedil;ue pour d&eacute;fier les contraintes d\u00a0\u00bbespace sans compromettre les performances, cette gaine red&eacute;finit la climatisation en fusionnant la technologie de pointe avec la puissance et la conception intelligente.<\/p>\n<p class=\"MsoNormal\">Le c&oelig;ur de ce syst&egrave;me r&eacute;side dans son <strong>compresseur DC Twin Rotary Inverter, qui<\/strong> garantit non seulement des performances exceptionnelles, mais aussi une efficacit&eacute; &eacute;nerg&eacute;tique in&eacute;gal&eacute;e, ce qui se traduit par des &eacute;conomies significatives au fil du temps.<\/p>\n<p class=\"MsoNormal\">La caract&eacute;ristique la plus remarquable de cette gaine est sa <strong>capacit&eacute; &agrave; fournir une puissance &eacute;lev&eacute;e dans un minimum d\u00a0\u00bbespace<\/strong>. Parfaite pour les environnements o&ugrave; l\u00a0\u00bbespace est compt&eacute;, cette caract&eacute;ristique red&eacute;finit les possibilit&eacute;s de climatisation dans les petits espaces sans sacrifier le confort.<\/p>\n<p class=\"MsoNormal\">Avec une capacit&eacute; impressionnante de 800 m&sup3;\/h, elle assure une distribution uniforme et efficace de l\u00a0\u00bbair dans l\u00a0\u00bbensemble de l\u00a0\u00bbenvironnement.<\/p>\n<p class=\"MsoNormal\">Malgr&eacute; sa puissance, l\u00a0\u00bbunit&eacute; int&eacute;rieure de cette gaine est exceptionnellement l&eacute;g&egrave;re, ce qui la rend facile &agrave; installer et flexible dans le choix de son emplacement. Cette caract&eacute;ristique est particuli&egrave;rement pr&eacute;cieuse pour les projets o&ugrave; la polyvalence est essentielle.<\/p>\n<p>Puissances disponibles : 20KW, 22,4KW, 26KW, 28KW, 40KW, 45KW, 56KW<\/p>\n<div class='pictosvoz'><\/div>\n","protected":false},"featured_media":11133,"template":"","meta":{"_monsterinsights_skip_tracking":false,"_monsterinsights_sitenote_active":false,"_monsterinsights_sitenote_note":"","_monsterinsights_sitenote_category":0},"product_brand":[],"product_cat":[736],"product_tag":[],"class_list":{"0":"post-12591","1":"product","2":"type-product","3":"status-publish","4":"has-post-thumbnail","6":"product_cat-big-duct-industriel","8":"first","9":"instock","10":"shipping-taxable","11":"product-type-simple"},"yoast_head":"<!-- This site is optimized with the Yoast SEO plugin v27.4 - https:\/\/yoast.com\/product\/yoast-seo-wordpress\/ -->\n<title>GRAND CONDUIT IX49 CONDUIT HAUTE PRESSION<\/title>\n<meta name=\"description\" content=\"Con\u00e7ue pour d\u00e9fier les contraintes d&#039;&#039;espace sans compromettre les performances, cette gaine red\u00e9finit la climatisation en fusionnant la technologie de pointe avec la puissance et le design intelligent.\" \/>\n<meta name=\"robots\" content=\"index, follow, max-snippet:-1, max-image-preview:large, max-video-preview:-1\" \/>\n<link rel=\"canonical\" href=\"https:\/\/giatsu.com\/fr\/industriel\/big-duct-industriel\/big-duct-ix49\/\" \/>\n<meta property=\"og:locale\" content=\"fr_FR\" \/>\n<meta property=\"og:type\" content=\"article\" \/>\n<meta property=\"og:title\" content=\"GRAND CONDUIT IX49 CONDUIT HAUTE PRESSION\" \/>\n<meta property=\"og:description\" content=\"Con\u00e7ue pour d\u00e9fier les contraintes d&#039;&#039;espace sans compromettre les performances, cette gaine red\u00e9finit la climatisation en fusionnant la technologie de pointe avec la puissance et le design intelligent.\" \/>\n<meta property=\"og:url\" content=\"https:\/\/giatsu.com\/fr\/industriel\/big-duct-industriel\/big-duct-ix49\/\" \/>\n<meta property=\"og:site_name\" content=\"GIATSU\" \/>\n<meta property=\"article:modified_time\" content=\"2025-04-16T08:17:10+00:00\" \/>\n<meta property=\"og:image\" content=\"https:\/\/giatsu.com\/wp-content\/uploads\/2023\/08\/bigduct2-05fd57.webp\" \/>\n\t<meta property=\"og:image:width\" content=\"800\" \/>\n\t<meta property=\"og:image:height\" content=\"800\" \/>\n\t<meta property=\"og:image:type\" content=\"image\/webp\" \/>\n<meta name=\"twitter:card\" content=\"summary_large_image\" \/>\n<meta name=\"twitter:label1\" content=\"Dur\u00e9e de lecture estim\u00e9e\" \/>\n\t<meta name=\"twitter:data1\" content=\"1 minute\" \/>\n<script type=\"application\/ld+json\" class=\"yoast-schema-graph\">{\"@context\":\"https:\\\/\\\/schema.org\",\"@graph\":[{\"@type\":\"WebPage\",\"@id\":\"https:\\\/\\\/giatsu.com\\\/fr\\\/industriel\\\/big-duct-industriel\\\/big-duct-ix49\\\/\",\"url\":\"https:\\\/\\\/giatsu.com\\\/fr\\\/industriel\\\/big-duct-industriel\\\/big-duct-ix49\\\/\",\"name\":\"GRAND CONDUIT IX49 CONDUIT HAUTE PRESSION\",\"isPartOf\":{\"@id\":\"https:\\\/\\\/giatsu.com\\\/es\\\/#website\"},\"primaryImageOfPage\":{\"@id\":\"https:\\\/\\\/giatsu.com\\\/fr\\\/industriel\\\/big-duct-industriel\\\/big-duct-ix49\\\/#primaryimage\"},\"image\":{\"@id\":\"https:\\\/\\\/giatsu.com\\\/fr\\\/industriel\\\/big-duct-industriel\\\/big-duct-ix49\\\/#primaryimage\"},\"thumbnailUrl\":\"https:\\\/\\\/giatsu.com\\\/wp-content\\\/uploads\\\/2023\\\/08\\\/bigduct2-05fd57.webp\",\"datePublished\":\"2023-06-06T07:03:55+00:00\",\"dateModified\":\"2025-04-16T08:17:10+00:00\",\"description\":\"Con\u00e7ue pour d\u00e9fier les contraintes d''espace sans compromettre les performances, cette gaine red\u00e9finit la climatisation en fusionnant la technologie de pointe avec la puissance et le design intelligent.\",\"breadcrumb\":{\"@id\":\"https:\\\/\\\/giatsu.com\\\/fr\\\/industriel\\\/big-duct-industriel\\\/big-duct-ix49\\\/#breadcrumb\"},\"inLanguage\":\"fr-FR\",\"potentialAction\":[{\"@type\":\"ReadAction\",\"target\":[\"https:\\\/\\\/giatsu.com\\\/fr\\\/industriel\\\/big-duct-industriel\\\/big-duct-ix49\\\/\"]}]},{\"@type\":\"ImageObject\",\"inLanguage\":\"fr-FR\",\"@id\":\"https:\\\/\\\/giatsu.com\\\/fr\\\/industriel\\\/big-duct-industriel\\\/big-duct-ix49\\\/#primaryimage\",\"url\":\"https:\\\/\\\/giatsu.com\\\/wp-content\\\/uploads\\\/2023\\\/08\\\/bigduct2-05fd57.webp\",\"contentUrl\":\"https:\\\/\\\/giatsu.com\\\/wp-content\\\/uploads\\\/2023\\\/08\\\/bigduct2-05fd57.webp\",\"width\":800,\"height\":800},{\"@type\":\"BreadcrumbList\",\"@id\":\"https:\\\/\\\/giatsu.com\\\/fr\\\/industriel\\\/big-duct-industriel\\\/big-duct-ix49\\\/#breadcrumb\",\"itemListElement\":[{\"@type\":\"ListItem\",\"position\":1,\"name\":\"Home\",\"item\":\"https:\\\/\\\/giatsu.com\\\/es\\\/\"},{\"@type\":\"ListItem\",\"position\":2,\"name\":\"PRODUCTOS\",\"item\":\"https:\\\/\\\/giatsu.com\\\/es\\\/productos\\\/\"},{\"@type\":\"ListItem\",\"position\":3,\"name\":\"BIG DUCT IX49\"}]},{\"@type\":\"WebSite\",\"@id\":\"https:\\\/\\\/giatsu.com\\\/es\\\/#website\",\"url\":\"https:\\\/\\\/giatsu.com\\\/es\\\/\",\"name\":\"GIATSU\",\"description\":\"Quality Comfort Everywhere\",\"potentialAction\":[{\"@type\":\"SearchAction\",\"target\":{\"@type\":\"EntryPoint\",\"urlTemplate\":\"https:\\\/\\\/giatsu.com\\\/es\\\/?s={search_term_string}\"},\"query-input\":{\"@type\":\"PropertyValueSpecification\",\"valueRequired\":true,\"valueName\":\"search_term_string\"}}],\"inLanguage\":\"fr-FR\"}]}<\/script>\n<!-- \/ Yoast SEO plugin. -->","yoast_head_json":{"title":"GRAND CONDUIT IX49 CONDUIT HAUTE PRESSION","description":"Con\u00e7ue pour d\u00e9fier les contraintes d''espace sans compromettre les performances, cette gaine red\u00e9finit la climatisation en fusionnant la technologie de pointe avec la puissance et le design intelligent.","robots":{"index":"index","follow":"follow","max-snippet":"max-snippet:-1","max-image-preview":"max-image-preview:large","max-video-preview":"max-video-preview:-1"},"canonical":"https:\/\/giatsu.com\/fr\/industriel\/big-duct-industriel\/big-duct-ix49\/","og_locale":"fr_FR","og_type":"article","og_title":"GRAND CONDUIT IX49 CONDUIT HAUTE PRESSION","og_description":"Con\u00e7ue pour d\u00e9fier les contraintes d''espace sans compromettre les performances, cette gaine red\u00e9finit la climatisation en fusionnant la technologie de pointe avec la puissance et le design intelligent.","og_url":"https:\/\/giatsu.com\/fr\/industriel\/big-duct-industriel\/big-duct-ix49\/","og_site_name":"GIATSU","article_modified_time":"2025-04-16T08:17:10+00:00","og_image":[{"width":800,"height":800,"url":"https:\/\/giatsu.com\/wp-content\/uploads\/2023\/08\/bigduct2-05fd57.webp","type":"image\/webp"}],"twitter_card":"summary_large_image","twitter_misc":{"Dur\u00e9e de lecture estim\u00e9e":"1 minute"},"schema":{"@context":"https:\/\/schema.org","@graph":[{"@type":"WebPage","@id":"https:\/\/giatsu.com\/fr\/industriel\/big-duct-industriel\/big-duct-ix49\/","url":"https:\/\/giatsu.com\/fr\/industriel\/big-duct-industriel\/big-duct-ix49\/","name":"GRAND CONDUIT IX49 CONDUIT HAUTE PRESSION","isPartOf":{"@id":"https:\/\/giatsu.com\/es\/#website"},"primaryImageOfPage":{"@id":"https:\/\/giatsu.com\/fr\/industriel\/big-duct-industriel\/big-duct-ix49\/#primaryimage"},"image":{"@id":"https:\/\/giatsu.com\/fr\/industriel\/big-duct-industriel\/big-duct-ix49\/#primaryimage"},"thumbnailUrl":"https:\/\/giatsu.com\/wp-content\/uploads\/2023\/08\/bigduct2-05fd57.webp","datePublished":"2023-06-06T07:03:55+00:00","dateModified":"2025-04-16T08:17:10+00:00","description":"Con\u00e7ue pour d\u00e9fier les contraintes d''espace sans compromettre les performances, cette gaine red\u00e9finit la climatisation en fusionnant la technologie de pointe avec la puissance et le design intelligent.","breadcrumb":{"@id":"https:\/\/giatsu.com\/fr\/industriel\/big-duct-industriel\/big-duct-ix49\/#breadcrumb"},"inLanguage":"fr-FR","potentialAction":[{"@type":"ReadAction","target":["https:\/\/giatsu.com\/fr\/industriel\/big-duct-industriel\/big-duct-ix49\/"]}]},{"@type":"ImageObject","inLanguage":"fr-FR","@id":"https:\/\/giatsu.com\/fr\/industriel\/big-duct-industriel\/big-duct-ix49\/#primaryimage","url":"https:\/\/giatsu.com\/wp-content\/uploads\/2023\/08\/bigduct2-05fd57.webp","contentUrl":"https:\/\/giatsu.com\/wp-content\/uploads\/2023\/08\/bigduct2-05fd57.webp","width":800,"height":800},{"@type":"BreadcrumbList","@id":"https:\/\/giatsu.com\/fr\/industriel\/big-duct-industriel\/big-duct-ix49\/#breadcrumb","itemListElement":[{"@type":"ListItem","position":1,"name":"Home","item":"https:\/\/giatsu.com\/es\/"},{"@type":"ListItem","position":2,"name":"PRODUCTOS","item":"https:\/\/giatsu.com\/es\/productos\/"},{"@type":"ListItem","position":3,"name":"BIG DUCT IX49"}]},{"@type":"WebSite","@id":"https:\/\/giatsu.com\/es\/#website","url":"https:\/\/giatsu.com\/es\/","name":"GIATSU","description":"Quality Comfort Everywhere","potentialAction":[{"@type":"SearchAction","target":{"@type":"EntryPoint","urlTemplate":"https:\/\/giatsu.com\/es\/?s={search_term_string}"},"query-input":{"@type":"PropertyValueSpecification","valueRequired":true,"valueName":"search_term_string"}}],"inLanguage":"fr-FR"}]}},"_links":{"self":[{"href":"https:\/\/giatsu.com\/fr\/wp-json\/wp\/v2\/product\/12591","targetHints":{"allow":["GET"]}}],"collection":[{"href":"https:\/\/giatsu.com\/fr\/wp-json\/wp\/v2\/product"}],"about":[{"href":"https:\/\/giatsu.com\/fr\/wp-json\/wp\/v2\/types\/product"}],"wp:featuredmedia":[{"embeddable":true,"href":"https:\/\/giatsu.com\/fr\/wp-json\/wp\/v2\/media\/11133"}],"wp:attachment":[{"href":"https:\/\/giatsu.com\/fr\/wp-json\/wp\/v2\/media?parent=12591"}],"wp:term":[{"taxonomy":"product_brand","embeddable":true,"href":"https:\/\/giatsu.com\/fr\/wp-json\/wp\/v2\/product_brand?post=12591"},{"taxonomy":"product_cat","embeddable":true,"href":"https:\/\/giatsu.com\/fr\/wp-json\/wp\/v2\/product_cat?post=12591"},{"taxonomy":"product_tag","embeddable":true,"href":"https:\/\/giatsu.com\/fr\/wp-json\/wp\/v2\/product_tag?post=12591"}],"curies":[{"name":"wp","href":"https:\/\/api.w.org\/{rel}","templated":true}]}}