{"id":12582,"date":"2023-06-06T07:03:50","date_gmt":"2023-06-06T07:03:50","guid":{"rendered":"https:\/\/giatsu.com\/?post_type=product&#038;p=12582"},"modified":"2025-04-16T15:42:27","modified_gmt":"2025-04-16T15:42:27","slug":"serie-vrf-km","status":"publish","type":"product","link":"https:\/\/giatsu.com\/fr\/industriel\/exterieur-vrf\/serie-vrf-km\/","title":{"rendered":"S\u00c9RIE VRF KM"},"content":{"rendered":"<div class=\"wpb-content-wrapper\"><div class=\"container mb-1 moduloprincipalespictos\">\n<h2 class=\"text-center tituloprincipales\">Caracter\u00edsticas principales<\/h2>\n<div class=\"row row-cols-1 row-cols-md-2 row-cols-xl-3\">\n<div class=\"col-xs-6 col-md-3 order-last\">\n<div class=\"card\">\n                            <img decoding=\"async\" class=\"card-img-top w-100 d-block fit-cover pictoprincipalgrande\" src=\"https:\/\/giatsu.com\/wp-content\/uploads\/2023\/06\/tecnologia_inverter-495dd8.webp\" \/><\/p>\n<div class=\"card-body p-4\">\n<h3 class=\"font-weight-bold card-title\">Technologie inverter<\/h3>\n<p class=\"card-text\">En faisant fonctionner le compresseur en continu, des \u00e9conomies d?\u00e9nergie allant jusqu?\u00e0 50% sont r\u00e9alis\u00e9es par rapport aux \u00e9quipements conventionnels.<\/p>\n<\/p><\/div><\/div><\/div><\/div><\/div>\n<hr>\n<p>        [vc_row mobile_bg_img_hidden=\u00a0\u00bbno\u00a0\u00bb tablet_bg_img_hidden=\u00a0\u00bbno\u00a0\u00bb woodmart_parallax=\u00a0\u00bb0&Prime; woodmart_gradient_switch=\u00a0\u00bbno\u00a0\u00bb row_reverse_mobile=\u00a0\u00bb0&Prime; row_reverse_tablet=\u00a0\u00bb0&Prime; woodmart_disable_overflow=\u00a0\u00bb0&Prime; el_class=\u00a0\u00bbfilaImgCaracteristica\u00a0\u00bb][vc_column mobile_bg_img_hidden=\u00a0\u00bbno\u00a0\u00bb tablet_bg_img_hidden=\u00a0\u00bbno\u00a0\u00bb woodmart_parallax=\u00a0\u00bb0&Prime; woodmart_sticky_column=\u00a0\u00bbfalse\u00a0\u00bb parallax_scroll=\u00a0\u00bbno\u00a0\u00bb mobile_reset_margin=\u00a0\u00bbno\u00a0\u00bb tablet_reset_margin=\u00a0\u00bbno\u00a0\u00bb]<\/p>\n<div class=\"container mb-1\">\n<h3 class=\"text-center\">Informaci\u00f3n t\u00e9cnica<\/h3>\n<div class=\"row row-cols-1 row-cols-md-2 row-cols-xl-3 justify-content-md-center\">\n<div class=\"col-xs-1 col-md-1\">\n<div class=\"card\">\n                            <img decoding=\"async\" class=\"card-img-top w-100 d-block fit-cover pictoprincipalgrande\" src=\"https:\/\/giatsu.com\/wp-content\/uploads\/2023\/08\/gas_refrigerante-21d266.webp\" \/><\/p>\n<div class=\"card-body p-4\">\n<h4 class=\"card-text textospictospeques\">Gaz r\u00c3\u00a9frig\u00c3\u00a9rant<\/h4>\n<\/p><\/div><\/div><\/div>\n<div class=\"col-xs-1 col-md-1\">\n<div class=\"card\">\n                            <img decoding=\"async\" class=\"card-img-top w-100 d-block fit-cover pictoprincipalgrande\" src=\"https:\/\/giatsu.com\/wp-content\/uploads\/2023\/08\/gran_eficciencia_en_calefaccion_y_refrigeracion-1c5906.webp\" \/><\/p>\n<div class=\"card-body p-4\">\n<h4 class=\"card-text textospictospeques\">Haute efficacit\u00e9 de chauffage et de refroidissement<\/h4>\n<\/p><\/div><\/div><\/div><\/div><\/div>\n<div class=\"row justify-content-md-center\">\n<div class=\"vc_btn3-container vc_btn3-inline\" id=\"botonDescargarFicha\">\n                        <a target=\"_blank\" class=\"btn btn-light border rounded-4 botondescarga\" href=\"https:\/\/giatsu.com\/documentacion\/\/giatsu-fichas-tecnicas-vrf-km-frances.pdf\" title=\"\">T\u00e9l\u00e9charger la fiche<\/a>\n                 <\/div><\/div>\n<div class=\"row\">\n<hr>\n<div class=\"col text-center\"><a target=\"_blank\" href=\"https:\/\/giatsu.com\/documentacion\/\/-manual-de-usuario-e-instalacion---multiidioma.pdf\" class=\"btn btn-light border rounded-4 botonDescargaManual botondescarga\">Manuel de l&rsquo;utilisateur<\/a><\/div>\n<hr>\n<\/div>\n<\/div>","protected":false},"excerpt":{"rendered":"<p class=\"MsoNormal\">La capacit&eacute; de cette <strong>unit&eacute; ext&eacute;rieure VRF<\/strong> &agrave; <strong>g&eacute;rer des unit&eacute;s simples jusqu\u00a0\u00bb&agrave; 90 kW <\/strong>et &agrave;<strong> s\u00a0\u00bb&eacute;tendre en cascade jusqu\u00a0\u00bb&agrave; 270 kW<\/strong> d&eacute;montre sa polyvalence et sa puissance. Des espaces commerciaux aux projets industriels, elle est con&ccedil;ue pour exceller dans une vari&eacute;t&eacute; d\u00a0\u00bbapplications, offrant des performances optimales partout.<\/p>\n<p class=\"MsoNormal\">Cette unit&eacute; ose braver le froid, puisqu <strong>\u00a0\u00bbelle peut fonctionner &agrave; l\u00a0\u00bbext&eacute;rieur jusqu\u00a0\u00bb&agrave; -30&deg;C.<\/strong> Sa conception robuste et sa technologie de pointe garantissent des performances fiables, m&ecirc;me dans les climats les plus froids.<\/p>\n<p class=\"MsoNormal\">La<strong> fonction de v&eacute;rification automatique de l\u00a0\u00bb<\/strong>&eacute;tat du r&eacute;frig&eacute;rant ajoute un niveau in&eacute;gal&eacute; d\u00a0\u00bbintelligence et de s&eacute;curit&eacute;. Cet appareil est con&ccedil;u pour surveiller et &eacute;valuer en permanence l\u00a0\u00bb&eacute;tat du r&eacute;frig&eacute;rant, afin de garantir un fonctionnement efficace et de pr&eacute;venir les probl&egrave;mes potentiels avant qu\u00a0\u00bbils ne surviennent.<\/p>\n<p class=\"MsoNormal\">Gr&acirc;ce &agrave; sa conception intelligente et &agrave; sa technologie avanc&eacute;e, il atteint des performances exceptionnelles avec une <strong>consommation d\u00a0\u00bb&eacute;nergie optimis&eacute;e,<\/strong> ce qui est essentiel pour r&eacute;duire les co&ucirc;ts et pr&eacute;server l\u00a0\u00bbenvironnement.<\/p>\n<p class=\"MsoNormal\">Puissances disponibles : 25KW, 28KW, 33.5KW, 40KW, 45KW, 50KW, 56KW, 61.5KW, 67KW, 73KW, 78.5KW, 85KW, 90KW<\/p>\n<div class='pictosvoz'><\/div>\n","protected":false},"featured_media":11108,"template":"","meta":{"_monsterinsights_skip_tracking":false,"_monsterinsights_sitenote_active":false,"_monsterinsights_sitenote_note":"","_monsterinsights_sitenote_category":0},"product_brand":[],"product_cat":[775],"product_tag":[],"class_list":{"0":"post-12582","1":"product","2":"type-product","3":"status-publish","4":"has-post-thumbnail","6":"product_cat-exterieur-vrf","8":"first","9":"instock","10":"shipping-taxable","11":"product-type-simple"},"yoast_head":"<!-- This site is optimized with the Yoast SEO plugin v27.3 - https:\/\/yoast.com\/product\/yoast-seo-wordpress\/ -->\n<title>Unit\u00e9 ext\u00e9rieure VRF de la s\u00e9rie KM de Giatsu<\/title>\n<meta name=\"description\" content=\"L&#039;&#039;unit\u00e9 ext\u00e9rieure VRF de la s\u00e9rie KM de Giatsu offre des capacit\u00e9s de 25 kW \u00e0 90 kW, pouvant \u00eatre cascad\u00e9es jusqu&#039;&#039;\u00e0 270 kW. Con\u00e7ue pour fonctionner efficacement m\u00eame \u00e0 -30\u00b0C.\" \/>\n<meta name=\"robots\" content=\"index, follow, max-snippet:-1, max-image-preview:large, max-video-preview:-1\" \/>\n<link rel=\"canonical\" href=\"https:\/\/giatsu.com\/fr\/industriel\/exterieur-vrf\/serie-vrf-km\/\" \/>\n<meta property=\"og:locale\" content=\"fr_FR\" \/>\n<meta property=\"og:type\" content=\"article\" \/>\n<meta property=\"og:title\" content=\"Unit\u00e9 ext\u00e9rieure VRF de la s\u00e9rie KM de Giatsu\" \/>\n<meta property=\"og:description\" content=\"L&#039;&#039;unit\u00e9 ext\u00e9rieure VRF de la s\u00e9rie KM de Giatsu offre des capacit\u00e9s de 25 kW \u00e0 90 kW, pouvant \u00eatre cascad\u00e9es jusqu&#039;&#039;\u00e0 270 kW. Con\u00e7ue pour fonctionner efficacement m\u00eame \u00e0 -30\u00b0C.\" \/>\n<meta property=\"og:url\" content=\"https:\/\/giatsu.com\/fr\/industriel\/exterieur-vrf\/serie-vrf-km\/\" \/>\n<meta property=\"og:site_name\" content=\"GIATSU\" \/>\n<meta property=\"article:modified_time\" content=\"2025-04-16T15:42:27+00:00\" \/>\n<meta property=\"og:image\" content=\"https:\/\/giatsu.com\/wp-content\/uploads\/2023\/08\/vrf5-8a0314.webp\" \/>\n\t<meta property=\"og:image:width\" content=\"800\" \/>\n\t<meta property=\"og:image:height\" content=\"800\" \/>\n\t<meta property=\"og:image:type\" content=\"image\/webp\" \/>\n<meta name=\"twitter:card\" content=\"summary_large_image\" \/>\n<meta name=\"twitter:label1\" content=\"Dur\u00e9e de lecture estim\u00e9e\" \/>\n\t<meta name=\"twitter:data1\" content=\"1 minute\" \/>\n<script type=\"application\/ld+json\" class=\"yoast-schema-graph\">{\"@context\":\"https:\\\/\\\/schema.org\",\"@graph\":[{\"@type\":\"WebPage\",\"@id\":\"https:\\\/\\\/giatsu.com\\\/fr\\\/industriel\\\/exterieur-vrf\\\/serie-vrf-km\\\/\",\"url\":\"https:\\\/\\\/giatsu.com\\\/fr\\\/industriel\\\/exterieur-vrf\\\/serie-vrf-km\\\/\",\"name\":\"Unit\u00e9 ext\u00e9rieure VRF de la s\u00e9rie KM de Giatsu\",\"isPartOf\":{\"@id\":\"https:\\\/\\\/giatsu.com\\\/es\\\/#website\"},\"primaryImageOfPage\":{\"@id\":\"https:\\\/\\\/giatsu.com\\\/fr\\\/industriel\\\/exterieur-vrf\\\/serie-vrf-km\\\/#primaryimage\"},\"image\":{\"@id\":\"https:\\\/\\\/giatsu.com\\\/fr\\\/industriel\\\/exterieur-vrf\\\/serie-vrf-km\\\/#primaryimage\"},\"thumbnailUrl\":\"https:\\\/\\\/giatsu.com\\\/wp-content\\\/uploads\\\/2023\\\/08\\\/vrf5-8a0314.webp\",\"datePublished\":\"2023-06-06T07:03:50+00:00\",\"dateModified\":\"2025-04-16T15:42:27+00:00\",\"description\":\"L''unit\u00e9 ext\u00e9rieure VRF de la s\u00e9rie KM de Giatsu offre des capacit\u00e9s de 25 kW \u00e0 90 kW, pouvant \u00eatre cascad\u00e9es jusqu''\u00e0 270 kW. Con\u00e7ue pour fonctionner efficacement m\u00eame \u00e0 -30\u00b0C.\",\"breadcrumb\":{\"@id\":\"https:\\\/\\\/giatsu.com\\\/fr\\\/industriel\\\/exterieur-vrf\\\/serie-vrf-km\\\/#breadcrumb\"},\"inLanguage\":\"fr-FR\",\"potentialAction\":[{\"@type\":\"ReadAction\",\"target\":[\"https:\\\/\\\/giatsu.com\\\/fr\\\/industriel\\\/exterieur-vrf\\\/serie-vrf-km\\\/\"]}]},{\"@type\":\"ImageObject\",\"inLanguage\":\"fr-FR\",\"@id\":\"https:\\\/\\\/giatsu.com\\\/fr\\\/industriel\\\/exterieur-vrf\\\/serie-vrf-km\\\/#primaryimage\",\"url\":\"https:\\\/\\\/giatsu.com\\\/wp-content\\\/uploads\\\/2023\\\/08\\\/vrf5-8a0314.webp\",\"contentUrl\":\"https:\\\/\\\/giatsu.com\\\/wp-content\\\/uploads\\\/2023\\\/08\\\/vrf5-8a0314.webp\",\"width\":800,\"height\":800},{\"@type\":\"BreadcrumbList\",\"@id\":\"https:\\\/\\\/giatsu.com\\\/fr\\\/industriel\\\/exterieur-vrf\\\/serie-vrf-km\\\/#breadcrumb\",\"itemListElement\":[{\"@type\":\"ListItem\",\"position\":1,\"name\":\"Home\",\"item\":\"https:\\\/\\\/giatsu.com\\\/es\\\/\"},{\"@type\":\"ListItem\",\"position\":2,\"name\":\"PRODUCTOS\",\"item\":\"https:\\\/\\\/giatsu.com\\\/es\\\/productos\\\/\"},{\"@type\":\"ListItem\",\"position\":3,\"name\":\"S\u00c9RIE VRF KM\"}]},{\"@type\":\"WebSite\",\"@id\":\"https:\\\/\\\/giatsu.com\\\/es\\\/#website\",\"url\":\"https:\\\/\\\/giatsu.com\\\/es\\\/\",\"name\":\"GIATSU\",\"description\":\"Quality Comfort Everywhere\",\"potentialAction\":[{\"@type\":\"SearchAction\",\"target\":{\"@type\":\"EntryPoint\",\"urlTemplate\":\"https:\\\/\\\/giatsu.com\\\/es\\\/?s={search_term_string}\"},\"query-input\":{\"@type\":\"PropertyValueSpecification\",\"valueRequired\":true,\"valueName\":\"search_term_string\"}}],\"inLanguage\":\"fr-FR\"}]}<\/script>\n<!-- \/ Yoast SEO plugin. -->","yoast_head_json":{"title":"Unit\u00e9 ext\u00e9rieure VRF de la s\u00e9rie KM de Giatsu","description":"L''unit\u00e9 ext\u00e9rieure VRF de la s\u00e9rie KM de Giatsu offre des capacit\u00e9s de 25 kW \u00e0 90 kW, pouvant \u00eatre cascad\u00e9es jusqu''\u00e0 270 kW. Con\u00e7ue pour fonctionner efficacement m\u00eame \u00e0 -30\u00b0C.","robots":{"index":"index","follow":"follow","max-snippet":"max-snippet:-1","max-image-preview":"max-image-preview:large","max-video-preview":"max-video-preview:-1"},"canonical":"https:\/\/giatsu.com\/fr\/industriel\/exterieur-vrf\/serie-vrf-km\/","og_locale":"fr_FR","og_type":"article","og_title":"Unit\u00e9 ext\u00e9rieure VRF de la s\u00e9rie KM de Giatsu","og_description":"L''unit\u00e9 ext\u00e9rieure VRF de la s\u00e9rie KM de Giatsu offre des capacit\u00e9s de 25 kW \u00e0 90 kW, pouvant \u00eatre cascad\u00e9es jusqu''\u00e0 270 kW. Con\u00e7ue pour fonctionner efficacement m\u00eame \u00e0 -30\u00b0C.","og_url":"https:\/\/giatsu.com\/fr\/industriel\/exterieur-vrf\/serie-vrf-km\/","og_site_name":"GIATSU","article_modified_time":"2025-04-16T15:42:27+00:00","og_image":[{"width":800,"height":800,"url":"https:\/\/giatsu.com\/wp-content\/uploads\/2023\/08\/vrf5-8a0314.webp","type":"image\/webp"}],"twitter_card":"summary_large_image","twitter_misc":{"Dur\u00e9e de lecture estim\u00e9e":"1 minute"},"schema":{"@context":"https:\/\/schema.org","@graph":[{"@type":"WebPage","@id":"https:\/\/giatsu.com\/fr\/industriel\/exterieur-vrf\/serie-vrf-km\/","url":"https:\/\/giatsu.com\/fr\/industriel\/exterieur-vrf\/serie-vrf-km\/","name":"Unit\u00e9 ext\u00e9rieure VRF de la s\u00e9rie KM de Giatsu","isPartOf":{"@id":"https:\/\/giatsu.com\/es\/#website"},"primaryImageOfPage":{"@id":"https:\/\/giatsu.com\/fr\/industriel\/exterieur-vrf\/serie-vrf-km\/#primaryimage"},"image":{"@id":"https:\/\/giatsu.com\/fr\/industriel\/exterieur-vrf\/serie-vrf-km\/#primaryimage"},"thumbnailUrl":"https:\/\/giatsu.com\/wp-content\/uploads\/2023\/08\/vrf5-8a0314.webp","datePublished":"2023-06-06T07:03:50+00:00","dateModified":"2025-04-16T15:42:27+00:00","description":"L''unit\u00e9 ext\u00e9rieure VRF de la s\u00e9rie KM de Giatsu offre des capacit\u00e9s de 25 kW \u00e0 90 kW, pouvant \u00eatre cascad\u00e9es jusqu''\u00e0 270 kW. Con\u00e7ue pour fonctionner efficacement m\u00eame \u00e0 -30\u00b0C.","breadcrumb":{"@id":"https:\/\/giatsu.com\/fr\/industriel\/exterieur-vrf\/serie-vrf-km\/#breadcrumb"},"inLanguage":"fr-FR","potentialAction":[{"@type":"ReadAction","target":["https:\/\/giatsu.com\/fr\/industriel\/exterieur-vrf\/serie-vrf-km\/"]}]},{"@type":"ImageObject","inLanguage":"fr-FR","@id":"https:\/\/giatsu.com\/fr\/industriel\/exterieur-vrf\/serie-vrf-km\/#primaryimage","url":"https:\/\/giatsu.com\/wp-content\/uploads\/2023\/08\/vrf5-8a0314.webp","contentUrl":"https:\/\/giatsu.com\/wp-content\/uploads\/2023\/08\/vrf5-8a0314.webp","width":800,"height":800},{"@type":"BreadcrumbList","@id":"https:\/\/giatsu.com\/fr\/industriel\/exterieur-vrf\/serie-vrf-km\/#breadcrumb","itemListElement":[{"@type":"ListItem","position":1,"name":"Home","item":"https:\/\/giatsu.com\/es\/"},{"@type":"ListItem","position":2,"name":"PRODUCTOS","item":"https:\/\/giatsu.com\/es\/productos\/"},{"@type":"ListItem","position":3,"name":"S\u00c9RIE VRF KM"}]},{"@type":"WebSite","@id":"https:\/\/giatsu.com\/es\/#website","url":"https:\/\/giatsu.com\/es\/","name":"GIATSU","description":"Quality Comfort Everywhere","potentialAction":[{"@type":"SearchAction","target":{"@type":"EntryPoint","urlTemplate":"https:\/\/giatsu.com\/es\/?s={search_term_string}"},"query-input":{"@type":"PropertyValueSpecification","valueRequired":true,"valueName":"search_term_string"}}],"inLanguage":"fr-FR"}]}},"_links":{"self":[{"href":"https:\/\/giatsu.com\/fr\/wp-json\/wp\/v2\/product\/12582","targetHints":{"allow":["GET"]}}],"collection":[{"href":"https:\/\/giatsu.com\/fr\/wp-json\/wp\/v2\/product"}],"about":[{"href":"https:\/\/giatsu.com\/fr\/wp-json\/wp\/v2\/types\/product"}],"wp:featuredmedia":[{"embeddable":true,"href":"https:\/\/giatsu.com\/fr\/wp-json\/wp\/v2\/media\/11108"}],"wp:attachment":[{"href":"https:\/\/giatsu.com\/fr\/wp-json\/wp\/v2\/media?parent=12582"}],"wp:term":[{"taxonomy":"product_brand","embeddable":true,"href":"https:\/\/giatsu.com\/fr\/wp-json\/wp\/v2\/product_brand?post=12582"},{"taxonomy":"product_cat","embeddable":true,"href":"https:\/\/giatsu.com\/fr\/wp-json\/wp\/v2\/product_cat?post=12582"},{"taxonomy":"product_tag","embeddable":true,"href":"https:\/\/giatsu.com\/fr\/wp-json\/wp\/v2\/product_tag?post=12582"}],"curies":[{"name":"wp","href":"https:\/\/api.w.org\/{rel}","templated":true}]}}