{"id":12569,"date":"2023-06-06T07:03:45","date_gmt":"2023-06-06T07:03:45","guid":{"rendered":"https:\/\/giatsu.com\/?post_type=product&#038;p=12569"},"modified":"2025-04-16T15:17:54","modified_gmt":"2025-04-16T15:17:54","slug":"mini-vrf-monophase-km","status":"publish","type":"product","link":"https:\/\/giatsu.com\/fr\/industriel\/exterieur-vrf\/mini-vrf-monophase-km\/","title":{"rendered":"MONOPHAS\u00c9 MINI VRF KM"},"content":{"rendered":"<div class=\"wpb-content-wrapper\"><div class=\"container mb-1 moduloprincipalespictos\">\n<h2 class=\"text-center tituloprincipales\">Caracter\u00edsticas principales<\/h2>\n<div class=\"row row-cols-1 row-cols-md-2 row-cols-xl-3\">\n<div class=\"col-xs-6 col-md-3 order-last\">\n<div class=\"card\">\n                            <img decoding=\"async\" class=\"card-img-top w-100 d-block fit-cover pictoprincipalgrande\" src=\"https:\/\/giatsu.com\/wp-content\/uploads\/2023\/06\/tecnologia_inverter-495dd8.webp\" \/><\/p>\n<div class=\"card-body p-4\">\n<h3 class=\"font-weight-bold card-title\">Technologie inverter<\/h3>\n<p class=\"card-text\">En faisant fonctionner le compresseur en continu, des \u00e9conomies d?\u00e9nergie allant jusqu?\u00e0 50% sont r\u00e9alis\u00e9es par rapport aux \u00e9quipements conventionnels.<\/p>\n<\/p><\/div><\/div><\/div><\/div><\/div>\n<hr>\n<p>        [vc_row mobile_bg_img_hidden=\u00a0\u00bbno\u00a0\u00bb tablet_bg_img_hidden=\u00a0\u00bbno\u00a0\u00bb woodmart_parallax=\u00a0\u00bb0&Prime; woodmart_gradient_switch=\u00a0\u00bbno\u00a0\u00bb row_reverse_mobile=\u00a0\u00bb0&Prime; row_reverse_tablet=\u00a0\u00bb0&Prime; woodmart_disable_overflow=\u00a0\u00bb0&Prime; el_class=\u00a0\u00bbfilaImgCaracteristica\u00a0\u00bb][vc_column mobile_bg_img_hidden=\u00a0\u00bbno\u00a0\u00bb tablet_bg_img_hidden=\u00a0\u00bbno\u00a0\u00bb woodmart_parallax=\u00a0\u00bb0&Prime; woodmart_sticky_column=\u00a0\u00bbfalse\u00a0\u00bb parallax_scroll=\u00a0\u00bbno\u00a0\u00bb mobile_reset_margin=\u00a0\u00bbno\u00a0\u00bb tablet_reset_margin=\u00a0\u00bbno\u00a0\u00bb]<\/p>\n<div class=\"container mb-1\">\n<h3 class=\"text-center\">Informaci\u00f3n t\u00e9cnica<\/h3>\n<div class=\"row row-cols-1 row-cols-md-2 row-cols-xl-3 justify-content-md-center\">\n<div class=\"col-xs-1 col-md-1\">\n<div class=\"card\">\n                            <img decoding=\"async\" class=\"card-img-top w-100 d-block fit-cover pictoprincipalgrande\" src=\"https:\/\/giatsu.com\/wp-content\/uploads\/2023\/08\/gas_refrigerante-21d266.webp\" \/><\/p>\n<div class=\"card-body p-4\">\n<h4 class=\"card-text textospictospeques\">Gaz r\u00c3\u00a9frig\u00c3\u00a9rant<\/h4>\n<\/p><\/div><\/div><\/div><\/div><\/div>\n<div class=\"row justify-content-md-center\">\n<div class=\"vc_btn3-container vc_btn3-inline\" id=\"botonDescargarFicha\">\n                        <a target=\"_blank\" class=\"btn btn-light border rounded-4 botondescarga\" href=\"https:\/\/giatsu.com\/documentacion\/\/giatsu-fichas-tecnicas-vrf-km-frances.pdf\" title=\"\">T\u00e9l\u00e9charger la fiche<\/a>\n                 <\/div><\/div>\n<div class=\"row\">\n<hr>\n<div class=\"col text-center\"><a target=\"_blank\" href=\"https:\/\/giatsu.com\/documentacion\/\/-manual-de-usuario-e-instalacion---multiidioma.pdf\" class=\"btn btn-light border rounded-4 botonDescargaManual botondescarga\">Manuel de l&rsquo;utilisateur<\/a><\/div>\n<hr>\n<\/div>\n<\/div>","protected":false},"excerpt":{"rendered":"<p class=\"MsoNormal\">Con&ccedil;ue pour r&eacute;pondre aux d&eacute;fis des espaces restreints sans compromettre les performances, cette unit&eacute; red&eacute;finit les attentes en mati&egrave;re de climatisation.<\/p>\n<p class=\"MsoNormal\">Avec un <strong>rejet d\u00a0\u00bbair frontal<\/strong>, son design discret et compact prouve que l\u00a0\u00bbinnovation peut se conjuguer avec l\u00a0\u00bbesth&eacute;tique.<\/p>\n<p class=\"MsoNormal\">Sa caract&eacute;ristique la plus remarquable est sa <strong>petite taille<\/strong>, une avanc&eacute;e en soi. Cette unit&eacute; parvient &agrave; combiner une puissance impressionnante avec des dimensions minimales, ce qui permet une flexibilit&eacute; d\u00a0\u00bbinstallation qui d&eacute;fie les limites traditionnelles de la climatisation.<\/p>\n<p class=\"MsoNormal\">Mais ce qui distingue vraiment cet appareil, c\u00a0\u00bbest son <strong>faible niveau sonore<\/strong>. Le bruit de fond n\u00a0\u00bbest plus qu\u00a0\u00bbun lointain &eacute;cho compar&eacute; au confort qu\u00a0\u00bbil procure. Cette unit&eacute; prouve que puissance et tranquillit&eacute; peuvent coexister.<\/p>\n<p>Puissances disponibles : 8KW, 10KW, 12KW, 14KW, 16KW, 18KW, 20KW, 22,4KW, 26KW, 33,5KW<\/p>\n<div class='pictosvoz'><\/div>\n","protected":false},"featured_media":11098,"template":"","meta":{"_monsterinsights_skip_tracking":false,"_monsterinsights_sitenote_active":false,"_monsterinsights_sitenote_note":"","_monsterinsights_sitenote_category":0},"product_brand":[],"product_cat":[775],"product_tag":[],"class_list":{"0":"post-12569","1":"product","2":"type-product","3":"status-publish","4":"has-post-thumbnail","6":"product_cat-exterieur-vrf","8":"first","9":"instock","10":"shipping-taxable","11":"product-type-simple"},"yoast_head":"<!-- This site is optimized with the Yoast SEO plugin v27.4 - https:\/\/yoast.com\/product\/yoast-seo-wordpress\/ -->\n<title>Mini VRF monophas\u00e9 KM<\/title>\n<meta name=\"description\" content=\"Unit\u00e9 de climatisation ext\u00e9rieure VRF, con\u00e7ue pour r\u00e9pondre aux d\u00e9fis d&#039;&#039;un espace limit\u00e9 sans compromettre les performances.\" \/>\n<meta name=\"robots\" content=\"index, follow, max-snippet:-1, max-image-preview:large, max-video-preview:-1\" \/>\n<link rel=\"canonical\" href=\"https:\/\/giatsu.com\/fr\/industriel\/exterieur-vrf\/mini-vrf-monophase-km\/\" \/>\n<meta property=\"og:locale\" content=\"fr_FR\" \/>\n<meta property=\"og:type\" content=\"article\" \/>\n<meta property=\"og:title\" content=\"Mini VRF monophas\u00e9 KM\" \/>\n<meta property=\"og:description\" content=\"Unit\u00e9 de climatisation ext\u00e9rieure VRF, con\u00e7ue pour r\u00e9pondre aux d\u00e9fis d&#039;&#039;un espace limit\u00e9 sans compromettre les performances.\" \/>\n<meta property=\"og:url\" content=\"https:\/\/giatsu.com\/fr\/industriel\/exterieur-vrf\/mini-vrf-monophase-km\/\" \/>\n<meta property=\"og:site_name\" content=\"GIATSU\" \/>\n<meta property=\"article:modified_time\" content=\"2025-04-16T15:17:54+00:00\" \/>\n<meta property=\"og:image\" content=\"https:\/\/giatsu.com\/wp-content\/uploads\/2023\/08\/minivrf3-779fec.webp\" \/>\n\t<meta property=\"og:image:width\" content=\"800\" \/>\n\t<meta property=\"og:image:height\" content=\"800\" \/>\n\t<meta property=\"og:image:type\" content=\"image\/webp\" \/>\n<meta name=\"twitter:card\" content=\"summary_large_image\" \/>\n<meta name=\"twitter:label1\" content=\"Dur\u00e9e de lecture estim\u00e9e\" \/>\n\t<meta name=\"twitter:data1\" content=\"1 minute\" \/>\n<script type=\"application\/ld+json\" class=\"yoast-schema-graph\">{\"@context\":\"https:\\\/\\\/schema.org\",\"@graph\":[{\"@type\":\"WebPage\",\"@id\":\"https:\\\/\\\/giatsu.com\\\/fr\\\/industriel\\\/exterieur-vrf\\\/mini-vrf-monophase-km\\\/\",\"url\":\"https:\\\/\\\/giatsu.com\\\/fr\\\/industriel\\\/exterieur-vrf\\\/mini-vrf-monophase-km\\\/\",\"name\":\"Mini VRF monophas\u00e9 KM\",\"isPartOf\":{\"@id\":\"https:\\\/\\\/giatsu.com\\\/es\\\/#website\"},\"primaryImageOfPage\":{\"@id\":\"https:\\\/\\\/giatsu.com\\\/fr\\\/industriel\\\/exterieur-vrf\\\/mini-vrf-monophase-km\\\/#primaryimage\"},\"image\":{\"@id\":\"https:\\\/\\\/giatsu.com\\\/fr\\\/industriel\\\/exterieur-vrf\\\/mini-vrf-monophase-km\\\/#primaryimage\"},\"thumbnailUrl\":\"https:\\\/\\\/giatsu.com\\\/wp-content\\\/uploads\\\/2023\\\/08\\\/minivrf3-779fec.webp\",\"datePublished\":\"2023-06-06T07:03:45+00:00\",\"dateModified\":\"2025-04-16T15:17:54+00:00\",\"description\":\"Unit\u00e9 de climatisation ext\u00e9rieure VRF, con\u00e7ue pour r\u00e9pondre aux d\u00e9fis d''un espace limit\u00e9 sans compromettre les performances.\",\"breadcrumb\":{\"@id\":\"https:\\\/\\\/giatsu.com\\\/fr\\\/industriel\\\/exterieur-vrf\\\/mini-vrf-monophase-km\\\/#breadcrumb\"},\"inLanguage\":\"fr-FR\",\"potentialAction\":[{\"@type\":\"ReadAction\",\"target\":[\"https:\\\/\\\/giatsu.com\\\/fr\\\/industriel\\\/exterieur-vrf\\\/mini-vrf-monophase-km\\\/\"]}]},{\"@type\":\"ImageObject\",\"inLanguage\":\"fr-FR\",\"@id\":\"https:\\\/\\\/giatsu.com\\\/fr\\\/industriel\\\/exterieur-vrf\\\/mini-vrf-monophase-km\\\/#primaryimage\",\"url\":\"https:\\\/\\\/giatsu.com\\\/wp-content\\\/uploads\\\/2023\\\/08\\\/minivrf3-779fec.webp\",\"contentUrl\":\"https:\\\/\\\/giatsu.com\\\/wp-content\\\/uploads\\\/2023\\\/08\\\/minivrf3-779fec.webp\",\"width\":800,\"height\":800},{\"@type\":\"BreadcrumbList\",\"@id\":\"https:\\\/\\\/giatsu.com\\\/fr\\\/industriel\\\/exterieur-vrf\\\/mini-vrf-monophase-km\\\/#breadcrumb\",\"itemListElement\":[{\"@type\":\"ListItem\",\"position\":1,\"name\":\"Home\",\"item\":\"https:\\\/\\\/giatsu.com\\\/es\\\/\"},{\"@type\":\"ListItem\",\"position\":2,\"name\":\"PRODUCTOS\",\"item\":\"https:\\\/\\\/giatsu.com\\\/es\\\/productos\\\/\"},{\"@type\":\"ListItem\",\"position\":3,\"name\":\"MONOPHAS\u00c9 MINI VRF KM\"}]},{\"@type\":\"WebSite\",\"@id\":\"https:\\\/\\\/giatsu.com\\\/es\\\/#website\",\"url\":\"https:\\\/\\\/giatsu.com\\\/es\\\/\",\"name\":\"GIATSU\",\"description\":\"Quality Comfort Everywhere\",\"potentialAction\":[{\"@type\":\"SearchAction\",\"target\":{\"@type\":\"EntryPoint\",\"urlTemplate\":\"https:\\\/\\\/giatsu.com\\\/es\\\/?s={search_term_string}\"},\"query-input\":{\"@type\":\"PropertyValueSpecification\",\"valueRequired\":true,\"valueName\":\"search_term_string\"}}],\"inLanguage\":\"fr-FR\"}]}<\/script>\n<!-- \/ Yoast SEO plugin. -->","yoast_head_json":{"title":"Mini VRF monophas\u00e9 KM","description":"Unit\u00e9 de climatisation ext\u00e9rieure VRF, con\u00e7ue pour r\u00e9pondre aux d\u00e9fis d''un espace limit\u00e9 sans compromettre les performances.","robots":{"index":"index","follow":"follow","max-snippet":"max-snippet:-1","max-image-preview":"max-image-preview:large","max-video-preview":"max-video-preview:-1"},"canonical":"https:\/\/giatsu.com\/fr\/industriel\/exterieur-vrf\/mini-vrf-monophase-km\/","og_locale":"fr_FR","og_type":"article","og_title":"Mini VRF monophas\u00e9 KM","og_description":"Unit\u00e9 de climatisation ext\u00e9rieure VRF, con\u00e7ue pour r\u00e9pondre aux d\u00e9fis d''un espace limit\u00e9 sans compromettre les performances.","og_url":"https:\/\/giatsu.com\/fr\/industriel\/exterieur-vrf\/mini-vrf-monophase-km\/","og_site_name":"GIATSU","article_modified_time":"2025-04-16T15:17:54+00:00","og_image":[{"width":800,"height":800,"url":"https:\/\/giatsu.com\/wp-content\/uploads\/2023\/08\/minivrf3-779fec.webp","type":"image\/webp"}],"twitter_card":"summary_large_image","twitter_misc":{"Dur\u00e9e de lecture estim\u00e9e":"1 minute"},"schema":{"@context":"https:\/\/schema.org","@graph":[{"@type":"WebPage","@id":"https:\/\/giatsu.com\/fr\/industriel\/exterieur-vrf\/mini-vrf-monophase-km\/","url":"https:\/\/giatsu.com\/fr\/industriel\/exterieur-vrf\/mini-vrf-monophase-km\/","name":"Mini VRF monophas\u00e9 KM","isPartOf":{"@id":"https:\/\/giatsu.com\/es\/#website"},"primaryImageOfPage":{"@id":"https:\/\/giatsu.com\/fr\/industriel\/exterieur-vrf\/mini-vrf-monophase-km\/#primaryimage"},"image":{"@id":"https:\/\/giatsu.com\/fr\/industriel\/exterieur-vrf\/mini-vrf-monophase-km\/#primaryimage"},"thumbnailUrl":"https:\/\/giatsu.com\/wp-content\/uploads\/2023\/08\/minivrf3-779fec.webp","datePublished":"2023-06-06T07:03:45+00:00","dateModified":"2025-04-16T15:17:54+00:00","description":"Unit\u00e9 de climatisation ext\u00e9rieure VRF, con\u00e7ue pour r\u00e9pondre aux d\u00e9fis d''un espace limit\u00e9 sans compromettre les performances.","breadcrumb":{"@id":"https:\/\/giatsu.com\/fr\/industriel\/exterieur-vrf\/mini-vrf-monophase-km\/#breadcrumb"},"inLanguage":"fr-FR","potentialAction":[{"@type":"ReadAction","target":["https:\/\/giatsu.com\/fr\/industriel\/exterieur-vrf\/mini-vrf-monophase-km\/"]}]},{"@type":"ImageObject","inLanguage":"fr-FR","@id":"https:\/\/giatsu.com\/fr\/industriel\/exterieur-vrf\/mini-vrf-monophase-km\/#primaryimage","url":"https:\/\/giatsu.com\/wp-content\/uploads\/2023\/08\/minivrf3-779fec.webp","contentUrl":"https:\/\/giatsu.com\/wp-content\/uploads\/2023\/08\/minivrf3-779fec.webp","width":800,"height":800},{"@type":"BreadcrumbList","@id":"https:\/\/giatsu.com\/fr\/industriel\/exterieur-vrf\/mini-vrf-monophase-km\/#breadcrumb","itemListElement":[{"@type":"ListItem","position":1,"name":"Home","item":"https:\/\/giatsu.com\/es\/"},{"@type":"ListItem","position":2,"name":"PRODUCTOS","item":"https:\/\/giatsu.com\/es\/productos\/"},{"@type":"ListItem","position":3,"name":"MONOPHAS\u00c9 MINI VRF KM"}]},{"@type":"WebSite","@id":"https:\/\/giatsu.com\/es\/#website","url":"https:\/\/giatsu.com\/es\/","name":"GIATSU","description":"Quality Comfort Everywhere","potentialAction":[{"@type":"SearchAction","target":{"@type":"EntryPoint","urlTemplate":"https:\/\/giatsu.com\/es\/?s={search_term_string}"},"query-input":{"@type":"PropertyValueSpecification","valueRequired":true,"valueName":"search_term_string"}}],"inLanguage":"fr-FR"}]}},"_links":{"self":[{"href":"https:\/\/giatsu.com\/fr\/wp-json\/wp\/v2\/product\/12569","targetHints":{"allow":["GET"]}}],"collection":[{"href":"https:\/\/giatsu.com\/fr\/wp-json\/wp\/v2\/product"}],"about":[{"href":"https:\/\/giatsu.com\/fr\/wp-json\/wp\/v2\/types\/product"}],"wp:featuredmedia":[{"embeddable":true,"href":"https:\/\/giatsu.com\/fr\/wp-json\/wp\/v2\/media\/11098"}],"wp:attachment":[{"href":"https:\/\/giatsu.com\/fr\/wp-json\/wp\/v2\/media?parent=12569"}],"wp:term":[{"taxonomy":"product_brand","embeddable":true,"href":"https:\/\/giatsu.com\/fr\/wp-json\/wp\/v2\/product_brand?post=12569"},{"taxonomy":"product_cat","embeddable":true,"href":"https:\/\/giatsu.com\/fr\/wp-json\/wp\/v2\/product_cat?post=12569"},{"taxonomy":"product_tag","embeddable":true,"href":"https:\/\/giatsu.com\/fr\/wp-json\/wp\/v2\/product_tag?post=12569"}],"curies":[{"name":"wp","href":"https:\/\/api.w.org\/{rel}","templated":true}]}}