{"id":12563,"date":"2023-06-06T07:03:43","date_gmt":"2023-06-06T07:03:43","guid":{"rendered":"https:\/\/giatsu.com\/?post_type=product&#038;p=12563"},"modified":"2025-04-16T14:47:20","modified_gmt":"2025-04-16T14:47:20","slug":"sol-plafond-set-invisible-series","status":"publish","type":"product","link":"https:\/\/giatsu.com\/fr\/industriel\/vrf-interieurs\/plancher-toit-vrf-interieurs\/sol-plafond-set-invisible-series\/","title":{"rendered":"SOL PLAFOND SET INVISIBLE SERIES"},"content":{"rendered":"<div class=\"wpb-content-wrapper\"><div class=\"container mb-1 moduloprincipalespictos\">\n<h2 class=\"text-center tituloprincipales\">Caracter\u00edsticas principales<\/h2>\n<div class=\"row row-cols-1 row-cols-md-2 row-cols-xl-3\">\n<div class=\"col-xs-6 col-md-3 order-last\">\n<div class=\"card\">\n                            <img decoding=\"async\" class=\"card-img-top w-100 d-block fit-cover pictoprincipalgrande\" src=\"https:\/\/giatsu.com\/wp-content\/uploads\/2023\/08\/diseno_compacto-a5c2f3.webp\" \/><\/p>\n<div class=\"card-body p-4\">\n<h3 class=\"font-weight-bold card-title\">Design compact<\/h3>\n<p class=\"card-text\">Gain de place gr\u00e2ce \u00e0 sa conception et sa taille compactes, id\u00e9al pour une utilisation dans les salles de bains, les bureaux et les chambres<\/p>\n<\/p><\/div><\/div><\/div>\n<div class=\"col-xs-6 col-md-3 order-last\">\n<div class=\"card\">\n                            <img decoding=\"async\" class=\"card-img-top w-100 d-block fit-cover pictoprincipalgrande\" src=\"https:\/\/giatsu.com\/wp-content\/uploads\/2023\/08\/led-9ce7c9.webp\" \/><\/p>\n<div class=\"card-body p-4\">\n<h3 class=\"font-weight-bold card-title\">\u00c3\u0089cran LED<\/h3>\n<p class=\"card-text\">Un grand \u00c3\u00a9cran LED informe sur le fonctionnement du syst\u00c3\u00a8me de climatisation.<\/p>\n<\/p><\/div><\/div><\/div>\n<div class=\"col-xs-6 col-md-3 order-last\">\n<div class=\"card\">\n                            <img decoding=\"async\" class=\"card-img-top w-100 d-block fit-cover pictoprincipalgrande\" src=\"https:\/\/giatsu.com\/wp-content\/uploads\/2023\/08\/mutliposicion-734a7d.webp\" \/><\/p>\n<div class=\"card-body p-4\">\n<h3 class=\"font-weight-bold card-title\">Multi-position<\/h3>\n<p class=\"card-text\">Il a une double position, verticale ou horizontale, avec une grande stabilit\u00e9 dans les deux cas.<\/p>\n<\/p><\/div><\/div><\/div>\n<div class=\"col-xs-6 col-md-3 order-last\">\n<div class=\"card\">\n                            <img decoding=\"async\" class=\"card-img-top w-100 d-block fit-cover pictoprincipalgrande\" src=\"https:\/\/giatsu.com\/wp-content\/uploads\/2023\/06\/tecnologia_inverter-495dd8.webp\" \/><\/p>\n<div class=\"card-body p-4\">\n<h3 class=\"font-weight-bold card-title\">Technologie inverter<\/h3>\n<p class=\"card-text\">En faisant fonctionner le compresseur en continu, des \u00e9conomies d?\u00e9nergie allant jusqu?\u00e0 50% sont r\u00e9alis\u00e9es par rapport aux \u00e9quipements conventionnels.<\/p>\n<\/p><\/div><\/div><\/div><\/div><\/div>\n<hr>\n<p>        [vc_row mobile_bg_img_hidden=\u00a0\u00bbno\u00a0\u00bb tablet_bg_img_hidden=\u00a0\u00bbno\u00a0\u00bb woodmart_parallax=\u00a0\u00bb0&Prime; woodmart_gradient_switch=\u00a0\u00bbno\u00a0\u00bb row_reverse_mobile=\u00a0\u00bb0&Prime; row_reverse_tablet=\u00a0\u00bb0&Prime; woodmart_disable_overflow=\u00a0\u00bb0&Prime; el_class=\u00a0\u00bbfilaImgCaracteristica\u00a0\u00bb][vc_column mobile_bg_img_hidden=\u00a0\u00bbno\u00a0\u00bb tablet_bg_img_hidden=\u00a0\u00bbno\u00a0\u00bb woodmart_parallax=\u00a0\u00bb0&Prime; woodmart_sticky_column=\u00a0\u00bbfalse\u00a0\u00bb parallax_scroll=\u00a0\u00bbno\u00a0\u00bb mobile_reset_margin=\u00a0\u00bbno\u00a0\u00bb tablet_reset_margin=\u00a0\u00bbno\u00a0\u00bb]<\/p>\n<div class=\"container mb-1\">\n<h3 class=\"text-center\">Informaci\u00f3n t\u00e9cnica<\/h3>\n<div class=\"row row-cols-1 row-cols-md-2 row-cols-xl-3 justify-content-md-center\">\n<div class=\"col-xs-1 col-md-1\">\n<div class=\"card\">\n                            <img decoding=\"async\" class=\"card-img-top w-100 d-block fit-cover pictoprincipalgrande\" src=\"https:\/\/giatsu.com\/wp-content\/uploads\/2023\/08\/auto_swing-21613f.webp\" \/><\/p>\n<div class=\"card-body p-4\">\n<h4 class=\"card-text textospictospeques\">Auto swing<\/h4>\n<\/p><\/div><\/div><\/div>\n<div class=\"col-xs-1 col-md-1\">\n<div class=\"card\">\n                            <img decoding=\"async\" class=\"card-img-top w-100 d-block fit-cover pictoprincipalgrande\" src=\"https:\/\/giatsu.com\/wp-content\/uploads\/2023\/08\/gas_refrigerante-21d266.webp\" \/><\/p>\n<div class=\"card-body p-4\">\n<h4 class=\"card-text textospictospeques\">Gaz r\u00c3\u00a9frig\u00c3\u00a9rant<\/h4>\n<\/p><\/div><\/div><\/div>\n<div class=\"col-xs-1 col-md-1\">\n<div class=\"card\">\n                            <img decoding=\"async\" class=\"card-img-top w-100 d-block fit-cover pictoprincipalgrande\" src=\"https:\/\/giatsu.com\/wp-content\/uploads\/2023\/08\/boton_turbo-0fd0ea.webp\" \/><\/p>\n<div class=\"card-body p-4\">\n<h4 class=\"card-text textospictospeques\">Bouton turbo<\/h4>\n<\/p><\/div><\/div><\/div><\/div><\/div>\n<div class=\"row justify-content-md-center\">\n<div class=\"vc_btn3-container vc_btn3-inline\" id=\"botonDescargarFicha\">\n                        <a target=\"_blank\" class=\"btn btn-light border rounded-4 botondescarga\" href=\"https:\/\/giatsu.com\/documentacion\/\/giatsu-fichas-tecnicas-vrf-km-frances.pdf\" title=\"\">T\u00e9l\u00e9charger la fiche<\/a>\n                 <\/div><\/div>\n<div class=\"row\">\n<hr>\n<div class=\"col text-center\"><a target=\"_blank\" href=\"https:\/\/giatsu.com\/documentacion\/\/giatsu-manual-de-usuario-e-instalacion-vrf-km-ingles.pdf\" class=\"btn btn-light border rounded-4 botonDescargaManual botondescarga\">Manuel de l&rsquo;utilisateur<\/a><\/div>\n<hr>\n<\/div>\n<\/div>","protected":false},"excerpt":{"rendered":"<p class=\"MsoNormal\"><strong>Con&ccedil;u pour se fondre dans n\u00a0\u00bbimporte quel environnement<\/strong>, ce syst&egrave;me de climatisation r&eacute;unit un ensemble de caract&eacute;ristiques exceptionnelles qui en font le choix id&eacute;al pour les environnements modernes et &eacute;l&eacute;gants.<\/p>\n<p class=\"MsoNormal\">L\u00a0\u00bbune de ses caract&eacute;ristiques les plus remarquables est son <strong>adaptabilit&eacute; aux installations sans faux plafond<\/strong>.<\/p>\n<p class=\"MsoNormal\">En outre, la <strong>large gamme de puissances disponibles<\/strong> permet de trouver la configuration optimale pour chaque espace, qu\u00a0\u00bbil s\u00a0\u00bbagisse d\u00a0\u00bbune petite pi&egrave;ce ou d\u00a0\u00bbune grande surface.<\/p>\n<p class=\"MsoNormal\">Malgr&eacute; sa<strong> petite taille<\/strong>, il est dot&eacute; d\u00a0\u00bbune technologie de pointe qui garantit des performances exceptionnelles. &Eacute;quip&eacute; de la derni&egrave;re technologie DC Inverter, ce syst&egrave;me ajuste constamment sa capacit&eacute; pour maintenir une temp&eacute;rature constante et une efficacit&eacute; &eacute;nerg&eacute;tique exceptionnelle.<\/p>\n<p>Puissances disponibles : 10KW, 14KW, 16KW<\/p>\n<div class='pictosvoz'><\/div>\n","protected":false},"featured_media":10142,"template":"","meta":{"_monsterinsights_skip_tracking":false,"_monsterinsights_sitenote_active":false,"_monsterinsights_sitenote_note":"","_monsterinsights_sitenote_category":0},"product_brand":[],"product_cat":[846,802],"product_tag":[],"class_list":{"0":"post-12563","1":"product","2":"type-product","3":"status-publish","4":"has-post-thumbnail","6":"product_cat-plancher-toit-vrf-interieurs","7":"product_cat-vrf-interieurs","9":"first","10":"instock","11":"shipping-taxable","12":"product-type-simple"},"yoast_head":"<!-- This site is optimized with the Yoast SEO plugin v26.6 - https:\/\/yoast.com\/wordpress\/plugins\/seo\/ -->\n<title>Assemblage sol-plafond S\u00e9rie Invisible<\/title>\n<meta name=\"description\" content=\"Syst\u00e8me de climatisation polyvalent et discret con\u00e7u pour s&#039;&#039;int\u00e9grer sans affecter l&#039;&#039;esth\u00e9tique de l&#039;&#039;espace. Il offre des puissances de 10 kW, 14 kW et 16 kW, avec un d\u00e9bit d&#039;&#039;air maximal de 1 800 m\u00b3\/h, assurant une distribution uniforme et efficace de l&#039;&#039;air dans les environnements commerciaux.\" \/>\n<meta name=\"robots\" content=\"index, follow, max-snippet:-1, max-image-preview:large, max-video-preview:-1\" \/>\n<link rel=\"canonical\" href=\"https:\/\/giatsu.com\/fr\/industriel\/vrf-interieurs\/plancher-toit-vrf-interieurs\/sol-plafond-set-invisible-series\/\" \/>\n<meta property=\"og:locale\" content=\"fr_FR\" \/>\n<meta property=\"og:type\" content=\"article\" \/>\n<meta property=\"og:title\" content=\"Assemblage sol-plafond S\u00e9rie Invisible\" \/>\n<meta property=\"og:description\" content=\"Syst\u00e8me de climatisation polyvalent et discret con\u00e7u pour s&#039;&#039;int\u00e9grer sans affecter l&#039;&#039;esth\u00e9tique de l&#039;&#039;espace. Il offre des puissances de 10 kW, 14 kW et 16 kW, avec un d\u00e9bit d&#039;&#039;air maximal de 1 800 m\u00b3\/h, assurant une distribution uniforme et efficace de l&#039;&#039;air dans les environnements commerciaux.\" \/>\n<meta property=\"og:url\" content=\"https:\/\/giatsu.com\/fr\/industriel\/vrf-interieurs\/plancher-toit-vrf-interieurs\/sol-plafond-set-invisible-series\/\" \/>\n<meta property=\"og:site_name\" content=\"GIATSU\" \/>\n<meta property=\"article:modified_time\" content=\"2025-04-16T14:47:20+00:00\" \/>\n<meta property=\"og:image\" content=\"https:\/\/giatsu.com\/wp-content\/uploads\/2023\/08\/suelotecho-invisible2-71603d.webp\" \/>\n\t<meta property=\"og:image:width\" content=\"800\" \/>\n\t<meta property=\"og:image:height\" content=\"800\" \/>\n\t<meta property=\"og:image:type\" content=\"image\/webp\" \/>\n<meta name=\"twitter:card\" content=\"summary_large_image\" \/>\n<meta name=\"twitter:label1\" content=\"Dur\u00e9e de lecture estim\u00e9e\" \/>\n\t<meta name=\"twitter:data1\" content=\"1 minute\" \/>\n<script type=\"application\/ld+json\" class=\"yoast-schema-graph\">{\"@context\":\"https:\/\/schema.org\",\"@graph\":[{\"@type\":\"WebPage\",\"@id\":\"https:\/\/giatsu.com\/fr\/industriel\/vrf-interieurs\/plancher-toit-vrf-interieurs\/sol-plafond-set-invisible-series\/\",\"url\":\"https:\/\/giatsu.com\/fr\/industriel\/vrf-interieurs\/plancher-toit-vrf-interieurs\/sol-plafond-set-invisible-series\/\",\"name\":\"Assemblage sol-plafond S\u00e9rie Invisible\",\"isPartOf\":{\"@id\":\"https:\/\/giatsu.com\/es\/#website\"},\"primaryImageOfPage\":{\"@id\":\"https:\/\/giatsu.com\/fr\/industriel\/vrf-interieurs\/plancher-toit-vrf-interieurs\/sol-plafond-set-invisible-series\/#primaryimage\"},\"image\":{\"@id\":\"https:\/\/giatsu.com\/fr\/industriel\/vrf-interieurs\/plancher-toit-vrf-interieurs\/sol-plafond-set-invisible-series\/#primaryimage\"},\"thumbnailUrl\":\"https:\/\/giatsu.com\/wp-content\/uploads\/2023\/08\/suelotecho-invisible2-71603d.webp\",\"datePublished\":\"2023-06-06T07:03:43+00:00\",\"dateModified\":\"2025-04-16T14:47:20+00:00\",\"description\":\"Syst\u00e8me de climatisation polyvalent et discret con\u00e7u pour s''int\u00e9grer sans affecter l''esth\u00e9tique de l''espace. Il offre des puissances de 10 kW, 14 kW et 16 kW, avec un d\u00e9bit d''air maximal de 1 800 m\u00b3\/h, assurant une distribution uniforme et efficace de l''air dans les environnements commerciaux.\",\"breadcrumb\":{\"@id\":\"https:\/\/giatsu.com\/fr\/industriel\/vrf-interieurs\/plancher-toit-vrf-interieurs\/sol-plafond-set-invisible-series\/#breadcrumb\"},\"inLanguage\":\"fr-FR\",\"potentialAction\":[{\"@type\":\"ReadAction\",\"target\":[\"https:\/\/giatsu.com\/fr\/industriel\/vrf-interieurs\/plancher-toit-vrf-interieurs\/sol-plafond-set-invisible-series\/\"]}]},{\"@type\":\"ImageObject\",\"inLanguage\":\"fr-FR\",\"@id\":\"https:\/\/giatsu.com\/fr\/industriel\/vrf-interieurs\/plancher-toit-vrf-interieurs\/sol-plafond-set-invisible-series\/#primaryimage\",\"url\":\"https:\/\/giatsu.com\/wp-content\/uploads\/2023\/08\/suelotecho-invisible2-71603d.webp\",\"contentUrl\":\"https:\/\/giatsu.com\/wp-content\/uploads\/2023\/08\/suelotecho-invisible2-71603d.webp\",\"width\":800,\"height\":800},{\"@type\":\"BreadcrumbList\",\"@id\":\"https:\/\/giatsu.com\/fr\/industriel\/vrf-interieurs\/plancher-toit-vrf-interieurs\/sol-plafond-set-invisible-series\/#breadcrumb\",\"itemListElement\":[{\"@type\":\"ListItem\",\"position\":1,\"name\":\"Home\",\"item\":\"https:\/\/giatsu.com\/es\/\"},{\"@type\":\"ListItem\",\"position\":2,\"name\":\"PRODUCTOS\",\"item\":\"https:\/\/giatsu.com\/es\/productos\/\"},{\"@type\":\"ListItem\",\"position\":3,\"name\":\"SOL PLAFOND SET INVISIBLE SERIES\"}]},{\"@type\":\"WebSite\",\"@id\":\"https:\/\/giatsu.com\/es\/#website\",\"url\":\"https:\/\/giatsu.com\/es\/\",\"name\":\"GIATSU\",\"description\":\"Quality Comfort Everywhere\",\"potentialAction\":[{\"@type\":\"SearchAction\",\"target\":{\"@type\":\"EntryPoint\",\"urlTemplate\":\"https:\/\/giatsu.com\/es\/?s={search_term_string}\"},\"query-input\":{\"@type\":\"PropertyValueSpecification\",\"valueRequired\":true,\"valueName\":\"search_term_string\"}}],\"inLanguage\":\"fr-FR\"}]}<\/script>\n<!-- \/ Yoast SEO plugin. -->","yoast_head_json":{"title":"Assemblage sol-plafond S\u00e9rie Invisible","description":"Syst\u00e8me de climatisation polyvalent et discret con\u00e7u pour s''int\u00e9grer sans affecter l''esth\u00e9tique de l''espace. Il offre des puissances de 10 kW, 14 kW et 16 kW, avec un d\u00e9bit d''air maximal de 1 800 m\u00b3\/h, assurant une distribution uniforme et efficace de l''air dans les environnements commerciaux.","robots":{"index":"index","follow":"follow","max-snippet":"max-snippet:-1","max-image-preview":"max-image-preview:large","max-video-preview":"max-video-preview:-1"},"canonical":"https:\/\/giatsu.com\/fr\/industriel\/vrf-interieurs\/plancher-toit-vrf-interieurs\/sol-plafond-set-invisible-series\/","og_locale":"fr_FR","og_type":"article","og_title":"Assemblage sol-plafond S\u00e9rie Invisible","og_description":"Syst\u00e8me de climatisation polyvalent et discret con\u00e7u pour s''int\u00e9grer sans affecter l''esth\u00e9tique de l''espace. Il offre des puissances de 10 kW, 14 kW et 16 kW, avec un d\u00e9bit d''air maximal de 1 800 m\u00b3\/h, assurant une distribution uniforme et efficace de l''air dans les environnements commerciaux.","og_url":"https:\/\/giatsu.com\/fr\/industriel\/vrf-interieurs\/plancher-toit-vrf-interieurs\/sol-plafond-set-invisible-series\/","og_site_name":"GIATSU","article_modified_time":"2025-04-16T14:47:20+00:00","og_image":[{"width":800,"height":800,"url":"https:\/\/giatsu.com\/wp-content\/uploads\/2023\/08\/suelotecho-invisible2-71603d.webp","type":"image\/webp"}],"twitter_card":"summary_large_image","twitter_misc":{"Dur\u00e9e de lecture estim\u00e9e":"1 minute"},"schema":{"@context":"https:\/\/schema.org","@graph":[{"@type":"WebPage","@id":"https:\/\/giatsu.com\/fr\/industriel\/vrf-interieurs\/plancher-toit-vrf-interieurs\/sol-plafond-set-invisible-series\/","url":"https:\/\/giatsu.com\/fr\/industriel\/vrf-interieurs\/plancher-toit-vrf-interieurs\/sol-plafond-set-invisible-series\/","name":"Assemblage sol-plafond S\u00e9rie Invisible","isPartOf":{"@id":"https:\/\/giatsu.com\/es\/#website"},"primaryImageOfPage":{"@id":"https:\/\/giatsu.com\/fr\/industriel\/vrf-interieurs\/plancher-toit-vrf-interieurs\/sol-plafond-set-invisible-series\/#primaryimage"},"image":{"@id":"https:\/\/giatsu.com\/fr\/industriel\/vrf-interieurs\/plancher-toit-vrf-interieurs\/sol-plafond-set-invisible-series\/#primaryimage"},"thumbnailUrl":"https:\/\/giatsu.com\/wp-content\/uploads\/2023\/08\/suelotecho-invisible2-71603d.webp","datePublished":"2023-06-06T07:03:43+00:00","dateModified":"2025-04-16T14:47:20+00:00","description":"Syst\u00e8me de climatisation polyvalent et discret con\u00e7u pour s''int\u00e9grer sans affecter l''esth\u00e9tique de l''espace. Il offre des puissances de 10 kW, 14 kW et 16 kW, avec un d\u00e9bit d''air maximal de 1 800 m\u00b3\/h, assurant une distribution uniforme et efficace de l''air dans les environnements commerciaux.","breadcrumb":{"@id":"https:\/\/giatsu.com\/fr\/industriel\/vrf-interieurs\/plancher-toit-vrf-interieurs\/sol-plafond-set-invisible-series\/#breadcrumb"},"inLanguage":"fr-FR","potentialAction":[{"@type":"ReadAction","target":["https:\/\/giatsu.com\/fr\/industriel\/vrf-interieurs\/plancher-toit-vrf-interieurs\/sol-plafond-set-invisible-series\/"]}]},{"@type":"ImageObject","inLanguage":"fr-FR","@id":"https:\/\/giatsu.com\/fr\/industriel\/vrf-interieurs\/plancher-toit-vrf-interieurs\/sol-plafond-set-invisible-series\/#primaryimage","url":"https:\/\/giatsu.com\/wp-content\/uploads\/2023\/08\/suelotecho-invisible2-71603d.webp","contentUrl":"https:\/\/giatsu.com\/wp-content\/uploads\/2023\/08\/suelotecho-invisible2-71603d.webp","width":800,"height":800},{"@type":"BreadcrumbList","@id":"https:\/\/giatsu.com\/fr\/industriel\/vrf-interieurs\/plancher-toit-vrf-interieurs\/sol-plafond-set-invisible-series\/#breadcrumb","itemListElement":[{"@type":"ListItem","position":1,"name":"Home","item":"https:\/\/giatsu.com\/es\/"},{"@type":"ListItem","position":2,"name":"PRODUCTOS","item":"https:\/\/giatsu.com\/es\/productos\/"},{"@type":"ListItem","position":3,"name":"SOL PLAFOND SET INVISIBLE SERIES"}]},{"@type":"WebSite","@id":"https:\/\/giatsu.com\/es\/#website","url":"https:\/\/giatsu.com\/es\/","name":"GIATSU","description":"Quality Comfort Everywhere","potentialAction":[{"@type":"SearchAction","target":{"@type":"EntryPoint","urlTemplate":"https:\/\/giatsu.com\/es\/?s={search_term_string}"},"query-input":{"@type":"PropertyValueSpecification","valueRequired":true,"valueName":"search_term_string"}}],"inLanguage":"fr-FR"}]}},"_links":{"self":[{"href":"https:\/\/giatsu.com\/fr\/wp-json\/wp\/v2\/product\/12563","targetHints":{"allow":["GET"]}}],"collection":[{"href":"https:\/\/giatsu.com\/fr\/wp-json\/wp\/v2\/product"}],"about":[{"href":"https:\/\/giatsu.com\/fr\/wp-json\/wp\/v2\/types\/product"}],"wp:featuredmedia":[{"embeddable":true,"href":"https:\/\/giatsu.com\/fr\/wp-json\/wp\/v2\/media\/10142"}],"wp:attachment":[{"href":"https:\/\/giatsu.com\/fr\/wp-json\/wp\/v2\/media?parent=12563"}],"wp:term":[{"taxonomy":"product_brand","embeddable":true,"href":"https:\/\/giatsu.com\/fr\/wp-json\/wp\/v2\/product_brand?post=12563"},{"taxonomy":"product_cat","embeddable":true,"href":"https:\/\/giatsu.com\/fr\/wp-json\/wp\/v2\/product_cat?post=12563"},{"taxonomy":"product_tag","embeddable":true,"href":"https:\/\/giatsu.com\/fr\/wp-json\/wp\/v2\/product_tag?post=12563"}],"curies":[{"name":"wp","href":"https:\/\/api.w.org\/{rel}","templated":true}]}}