{"id":12554,"date":"2023-06-06T07:03:41","date_gmt":"2023-06-06T07:03:41","guid":{"rendered":"https:\/\/giatsu.com\/?post_type=product&#038;p=12554"},"modified":"2025-04-16T08:12:34","modified_gmt":"2025-04-16T08:12:34","slug":"tuyau-haute-pression","status":"publish","type":"product","link":"https:\/\/giatsu.com\/fr\/industriel\/big-duct-industriel\/tuyau-haute-pression\/","title":{"rendered":"TUYAU HAUTE PRESSION"},"content":{"rendered":"<div class=\"wpb-content-wrapper\"><div class=\"container mb-1 moduloprincipalespictos\">\n<h2 class=\"text-center tituloprincipales\">Caracter\u00edsticas principales<\/h2>\n<div class=\"row row-cols-1 row-cols-md-2 row-cols-xl-3\">\n<div class=\"col-xs-6 col-md-3 order-last\">\n<div class=\"card\">\n                            <img decoding=\"async\" class=\"card-img-top w-100 d-block fit-cover pictoprincipalgrande\" src=\"https:\/\/giatsu.com\/wp-content\/uploads\/2023\/06\/tecnologia_inverter-495dd8.webp\" \/><\/p>\n<div class=\"card-body p-4\">\n<h3 class=\"font-weight-bold card-title\">Technologie inverter<\/h3>\n<p class=\"card-text\">En faisant fonctionner le compresseur en continu, des \u00e9conomies d?\u00e9nergie allant jusqu?\u00e0 50% sont r\u00e9alis\u00e9es par rapport aux \u00e9quipements conventionnels.<\/p>\n<\/p><\/div><\/div><\/div>\n<div class=\"col-xs-6 col-md-3 order-last\">\n<div class=\"card\">\n                            <img decoding=\"async\" class=\"card-img-top w-100 d-block fit-cover pictoprincipalgrande\" src=\"https:\/\/giatsu.com\/wp-content\/uploads\/2025\/04\/ahorro-de-espacio-y-consumo-10cb1b.webp\" \/><\/p>\n<div class=\"card-body p-4\">\n<h3 class=\"font-weight-bold card-title\">Gain de place et de consommation<\/h3>\n<p class=\"card-text\">Utilisation efficace et responsable des ressources disponibles.<\/p>\n<\/p><\/div><\/div><\/div><\/div><\/div>\n<hr>\n<p>        [vc_row mobile_bg_img_hidden=\u00a0\u00bbno\u00a0\u00bb tablet_bg_img_hidden=\u00a0\u00bbno\u00a0\u00bb woodmart_parallax=\u00a0\u00bb0&Prime; woodmart_gradient_switch=\u00a0\u00bbno\u00a0\u00bb row_reverse_mobile=\u00a0\u00bb0&Prime; row_reverse_tablet=\u00a0\u00bb0&Prime; woodmart_disable_overflow=\u00a0\u00bb0&Prime; el_class=\u00a0\u00bbfilaImgCaracteristica\u00a0\u00bb][vc_column mobile_bg_img_hidden=\u00a0\u00bbno\u00a0\u00bb tablet_bg_img_hidden=\u00a0\u00bbno\u00a0\u00bb woodmart_parallax=\u00a0\u00bb0&Prime; woodmart_sticky_column=\u00a0\u00bbfalse\u00a0\u00bb parallax_scroll=\u00a0\u00bbno\u00a0\u00bb mobile_reset_margin=\u00a0\u00bbno\u00a0\u00bb tablet_reset_margin=\u00a0\u00bbno\u00a0\u00bb]<\/p>\n<div class=\"container mb-1\">\n<h3 class=\"text-center\">Informaci\u00f3n t\u00e9cnica<\/h3>\n<div class=\"row row-cols-1 row-cols-md-2 row-cols-xl-3 justify-content-md-center\">\n<div class=\"col-xs-1 col-md-1\">\n<div class=\"card\">\n                            <img decoding=\"async\" class=\"card-img-top w-100 d-block fit-cover pictoprincipalgrande\" src=\"https:\/\/giatsu.com\/wp-content\/uploads\/2023\/08\/gas_refrigerante-21d266.webp\" \/><\/p>\n<div class=\"card-body p-4\">\n<h4 class=\"card-text textospictospeques\">Gaz r\u00c3\u00a9frig\u00c3\u00a9rant<\/h4>\n<\/p><\/div><\/div><\/div>\n<div class=\"col-xs-1 col-md-1\">\n<div class=\"card\">\n                            <img decoding=\"async\" class=\"card-img-top w-100 d-block fit-cover pictoprincipalgrande\" src=\"https:\/\/giatsu.com\/wp-content\/uploads\/2023\/08\/filtro_incluido-14bc68.webp\" \/><\/p>\n<div class=\"card-body p-4\">\n<h4 class=\"card-text textospictospeques\">Filtre inclus<\/h4>\n<\/p><\/div><\/div><\/div><\/div><\/div>\n<\/div>","protected":false},"excerpt":{"rendered":"<p class=\"MsoNormal\">Con&ccedil;u pour relever les d&eacute;fis de l\u00a0\u00bbefficacit&eacute; et de la performance dans les environnements exigeants, cet ensemble red&eacute;finit la notion m&ecirc;me de ventilation efficace, fusionnant technologie avanc&eacute;e et discr&eacute;tion visuelle.<\/p>\n<p class=\"MsoNormal\">L\u00a0\u00bbune des caract&eacute;ristiques de cet ensemble est sa capacit&eacute; &agrave; fonctionner efficacement et silencieusement, ce qui en fait l\u00a0\u00bb<strong>unit&eacute; int&eacute;rieure silencieuse <\/strong>dont votre espace a besoin.<\/p>\n<p class=\"MsoNormal\">Avec la capacit&eacute; &eacute;tonnante d\u00a0\u00bb&eacute;tendre jusqu\u00a0\u00bb<strong>&agrave; 100 m&egrave;tres de longueur de tuyau,<\/strong> il est id&eacute;al pour les espaces qui s\u00a0\u00bb&eacute;tendent sur de grandes distances, assurant une distribution uniforme de l\u00a0\u00bbair.<\/p>\n<p class=\"MsoNormal\">Il<strong>fonctionne sous des pressions &eacute;lev&eacute;es, atteignant jusqu\u00a0\u00bb&agrave; 150 Pa<\/strong>. Cette caract&eacute;ristique d&eacute;montre sa puissance et son efficacit&eacute; dans des conditions difficiles, garantissant un flux d\u00a0\u00bbair constant et efficace m&ecirc;me dans des situations d&eacute;licates.<\/p>\n<p class=\"MsoNormal\">Tout en &eacute;tant puissant et capable de faire face &agrave; des conditions difficiles, il s\u00a0\u00bbint&egrave;gre sans effort dans la structure de l\u00a0\u00bbespace sans compromettre l\u00a0\u00bbesth&eacute;tique. Cela signifie que vous b&eacute;n&eacute;ficiez de performances exceptionnelles sans sacrifier la beaut&eacute; de votre environnement.<\/p>\n<p>Puissances disponibles : 14KW, 16KW, 22KW<\/p>\n<div class='pictosvoz'><\/div>\n","protected":false},"featured_media":11552,"template":"","meta":{"_monsterinsights_skip_tracking":false,"_monsterinsights_sitenote_active":false,"_monsterinsights_sitenote_note":"","_monsterinsights_sitenote_category":0},"product_brand":[],"product_cat":[736],"product_tag":[],"class_list":{"0":"post-12554","1":"product","2":"type-product","3":"status-publish","4":"has-post-thumbnail","6":"product_cat-big-duct-industriel","8":"first","9":"instock","10":"shipping-taxable","11":"product-type-simple"},"yoast_head":"<!-- This site is optimized with the Yoast SEO plugin v27.4 - https:\/\/yoast.com\/product\/yoast-seo-wordpress\/ -->\n<title>IX49 HIGH POWER DUCT ASSEMBLY<\/title>\n<meta name=\"description\" content=\"Il fonctionne \u00e0 des pressions \u00e9lev\u00e9es, atteignant jusqu&#039;&#039;\u00e0 150 Pa. Cette caract\u00e9ristique d\u00e9montre sa puissance et son efficacit\u00e9 dans des conditions difficiles, garantissant un flux d&#039;&#039;air constant et efficace m\u00eame dans des situations d\u00e9licates.\" \/>\n<meta name=\"robots\" content=\"index, follow, max-snippet:-1, max-image-preview:large, max-video-preview:-1\" \/>\n<link rel=\"canonical\" href=\"https:\/\/giatsu.com\/fr\/industriel\/big-duct-industriel\/tuyau-haute-pression\/\" \/>\n<meta property=\"og:locale\" content=\"fr_FR\" \/>\n<meta property=\"og:type\" content=\"article\" \/>\n<meta property=\"og:title\" content=\"IX49 HIGH POWER DUCT ASSEMBLY\" \/>\n<meta property=\"og:description\" content=\"Il fonctionne \u00e0 des pressions \u00e9lev\u00e9es, atteignant jusqu&#039;&#039;\u00e0 150 Pa. Cette caract\u00e9ristique d\u00e9montre sa puissance et son efficacit\u00e9 dans des conditions difficiles, garantissant un flux d&#039;&#039;air constant et efficace m\u00eame dans des situations d\u00e9licates.\" \/>\n<meta property=\"og:url\" content=\"https:\/\/giatsu.com\/fr\/industriel\/big-duct-industriel\/tuyau-haute-pression\/\" \/>\n<meta property=\"og:site_name\" content=\"GIATSU\" \/>\n<meta property=\"article:modified_time\" content=\"2025-04-16T08:12:34+00:00\" \/>\n<meta property=\"og:image\" content=\"https:\/\/giatsu.com\/wp-content\/uploads\/2023\/10\/alta-potencia-f05dc8.webp\" \/>\n\t<meta property=\"og:image:width\" content=\"800\" \/>\n\t<meta property=\"og:image:height\" content=\"800\" \/>\n\t<meta property=\"og:image:type\" content=\"image\/webp\" \/>\n<meta name=\"twitter:card\" content=\"summary_large_image\" \/>\n<meta name=\"twitter:label1\" content=\"Dur\u00e9e de lecture estim\u00e9e\" \/>\n\t<meta name=\"twitter:data1\" content=\"1 minute\" \/>\n<script type=\"application\/ld+json\" class=\"yoast-schema-graph\">{\"@context\":\"https:\\\/\\\/schema.org\",\"@graph\":[{\"@type\":\"WebPage\",\"@id\":\"https:\\\/\\\/giatsu.com\\\/fr\\\/industriel\\\/big-duct-industriel\\\/tuyau-haute-pression\\\/\",\"url\":\"https:\\\/\\\/giatsu.com\\\/fr\\\/industriel\\\/big-duct-industriel\\\/tuyau-haute-pression\\\/\",\"name\":\"IX49 HIGH POWER DUCT ASSEMBLY\",\"isPartOf\":{\"@id\":\"https:\\\/\\\/giatsu.com\\\/es\\\/#website\"},\"primaryImageOfPage\":{\"@id\":\"https:\\\/\\\/giatsu.com\\\/fr\\\/industriel\\\/big-duct-industriel\\\/tuyau-haute-pression\\\/#primaryimage\"},\"image\":{\"@id\":\"https:\\\/\\\/giatsu.com\\\/fr\\\/industriel\\\/big-duct-industriel\\\/tuyau-haute-pression\\\/#primaryimage\"},\"thumbnailUrl\":\"https:\\\/\\\/giatsu.com\\\/wp-content\\\/uploads\\\/2023\\\/10\\\/alta-potencia-f05dc8.webp\",\"datePublished\":\"2023-06-06T07:03:41+00:00\",\"dateModified\":\"2025-04-16T08:12:34+00:00\",\"description\":\"Il fonctionne \u00e0 des pressions \u00e9lev\u00e9es, atteignant jusqu''\u00e0 150 Pa. Cette caract\u00e9ristique d\u00e9montre sa puissance et son efficacit\u00e9 dans des conditions difficiles, garantissant un flux d''air constant et efficace m\u00eame dans des situations d\u00e9licates.\",\"breadcrumb\":{\"@id\":\"https:\\\/\\\/giatsu.com\\\/fr\\\/industriel\\\/big-duct-industriel\\\/tuyau-haute-pression\\\/#breadcrumb\"},\"inLanguage\":\"fr-FR\",\"potentialAction\":[{\"@type\":\"ReadAction\",\"target\":[\"https:\\\/\\\/giatsu.com\\\/fr\\\/industriel\\\/big-duct-industriel\\\/tuyau-haute-pression\\\/\"]}]},{\"@type\":\"ImageObject\",\"inLanguage\":\"fr-FR\",\"@id\":\"https:\\\/\\\/giatsu.com\\\/fr\\\/industriel\\\/big-duct-industriel\\\/tuyau-haute-pression\\\/#primaryimage\",\"url\":\"https:\\\/\\\/giatsu.com\\\/wp-content\\\/uploads\\\/2023\\\/10\\\/alta-potencia-f05dc8.webp\",\"contentUrl\":\"https:\\\/\\\/giatsu.com\\\/wp-content\\\/uploads\\\/2023\\\/10\\\/alta-potencia-f05dc8.webp\",\"width\":800,\"height\":800},{\"@type\":\"BreadcrumbList\",\"@id\":\"https:\\\/\\\/giatsu.com\\\/fr\\\/industriel\\\/big-duct-industriel\\\/tuyau-haute-pression\\\/#breadcrumb\",\"itemListElement\":[{\"@type\":\"ListItem\",\"position\":1,\"name\":\"Home\",\"item\":\"https:\\\/\\\/giatsu.com\\\/es\\\/\"},{\"@type\":\"ListItem\",\"position\":2,\"name\":\"PRODUCTOS\",\"item\":\"https:\\\/\\\/giatsu.com\\\/es\\\/productos\\\/\"},{\"@type\":\"ListItem\",\"position\":3,\"name\":\"TUYAU HAUTE PRESSION\"}]},{\"@type\":\"WebSite\",\"@id\":\"https:\\\/\\\/giatsu.com\\\/es\\\/#website\",\"url\":\"https:\\\/\\\/giatsu.com\\\/es\\\/\",\"name\":\"GIATSU\",\"description\":\"Quality Comfort Everywhere\",\"potentialAction\":[{\"@type\":\"SearchAction\",\"target\":{\"@type\":\"EntryPoint\",\"urlTemplate\":\"https:\\\/\\\/giatsu.com\\\/es\\\/?s={search_term_string}\"},\"query-input\":{\"@type\":\"PropertyValueSpecification\",\"valueRequired\":true,\"valueName\":\"search_term_string\"}}],\"inLanguage\":\"fr-FR\"}]}<\/script>\n<!-- \/ Yoast SEO plugin. -->","yoast_head_json":{"title":"IX49 HIGH POWER DUCT ASSEMBLY","description":"Il fonctionne \u00e0 des pressions \u00e9lev\u00e9es, atteignant jusqu''\u00e0 150 Pa. Cette caract\u00e9ristique d\u00e9montre sa puissance et son efficacit\u00e9 dans des conditions difficiles, garantissant un flux d''air constant et efficace m\u00eame dans des situations d\u00e9licates.","robots":{"index":"index","follow":"follow","max-snippet":"max-snippet:-1","max-image-preview":"max-image-preview:large","max-video-preview":"max-video-preview:-1"},"canonical":"https:\/\/giatsu.com\/fr\/industriel\/big-duct-industriel\/tuyau-haute-pression\/","og_locale":"fr_FR","og_type":"article","og_title":"IX49 HIGH POWER DUCT ASSEMBLY","og_description":"Il fonctionne \u00e0 des pressions \u00e9lev\u00e9es, atteignant jusqu''\u00e0 150 Pa. Cette caract\u00e9ristique d\u00e9montre sa puissance et son efficacit\u00e9 dans des conditions difficiles, garantissant un flux d''air constant et efficace m\u00eame dans des situations d\u00e9licates.","og_url":"https:\/\/giatsu.com\/fr\/industriel\/big-duct-industriel\/tuyau-haute-pression\/","og_site_name":"GIATSU","article_modified_time":"2025-04-16T08:12:34+00:00","og_image":[{"width":800,"height":800,"url":"https:\/\/giatsu.com\/wp-content\/uploads\/2023\/10\/alta-potencia-f05dc8.webp","type":"image\/webp"}],"twitter_card":"summary_large_image","twitter_misc":{"Dur\u00e9e de lecture estim\u00e9e":"1 minute"},"schema":{"@context":"https:\/\/schema.org","@graph":[{"@type":"WebPage","@id":"https:\/\/giatsu.com\/fr\/industriel\/big-duct-industriel\/tuyau-haute-pression\/","url":"https:\/\/giatsu.com\/fr\/industriel\/big-duct-industriel\/tuyau-haute-pression\/","name":"IX49 HIGH POWER DUCT ASSEMBLY","isPartOf":{"@id":"https:\/\/giatsu.com\/es\/#website"},"primaryImageOfPage":{"@id":"https:\/\/giatsu.com\/fr\/industriel\/big-duct-industriel\/tuyau-haute-pression\/#primaryimage"},"image":{"@id":"https:\/\/giatsu.com\/fr\/industriel\/big-duct-industriel\/tuyau-haute-pression\/#primaryimage"},"thumbnailUrl":"https:\/\/giatsu.com\/wp-content\/uploads\/2023\/10\/alta-potencia-f05dc8.webp","datePublished":"2023-06-06T07:03:41+00:00","dateModified":"2025-04-16T08:12:34+00:00","description":"Il fonctionne \u00e0 des pressions \u00e9lev\u00e9es, atteignant jusqu''\u00e0 150 Pa. Cette caract\u00e9ristique d\u00e9montre sa puissance et son efficacit\u00e9 dans des conditions difficiles, garantissant un flux d''air constant et efficace m\u00eame dans des situations d\u00e9licates.","breadcrumb":{"@id":"https:\/\/giatsu.com\/fr\/industriel\/big-duct-industriel\/tuyau-haute-pression\/#breadcrumb"},"inLanguage":"fr-FR","potentialAction":[{"@type":"ReadAction","target":["https:\/\/giatsu.com\/fr\/industriel\/big-duct-industriel\/tuyau-haute-pression\/"]}]},{"@type":"ImageObject","inLanguage":"fr-FR","@id":"https:\/\/giatsu.com\/fr\/industriel\/big-duct-industriel\/tuyau-haute-pression\/#primaryimage","url":"https:\/\/giatsu.com\/wp-content\/uploads\/2023\/10\/alta-potencia-f05dc8.webp","contentUrl":"https:\/\/giatsu.com\/wp-content\/uploads\/2023\/10\/alta-potencia-f05dc8.webp","width":800,"height":800},{"@type":"BreadcrumbList","@id":"https:\/\/giatsu.com\/fr\/industriel\/big-duct-industriel\/tuyau-haute-pression\/#breadcrumb","itemListElement":[{"@type":"ListItem","position":1,"name":"Home","item":"https:\/\/giatsu.com\/es\/"},{"@type":"ListItem","position":2,"name":"PRODUCTOS","item":"https:\/\/giatsu.com\/es\/productos\/"},{"@type":"ListItem","position":3,"name":"TUYAU HAUTE PRESSION"}]},{"@type":"WebSite","@id":"https:\/\/giatsu.com\/es\/#website","url":"https:\/\/giatsu.com\/es\/","name":"GIATSU","description":"Quality Comfort Everywhere","potentialAction":[{"@type":"SearchAction","target":{"@type":"EntryPoint","urlTemplate":"https:\/\/giatsu.com\/es\/?s={search_term_string}"},"query-input":{"@type":"PropertyValueSpecification","valueRequired":true,"valueName":"search_term_string"}}],"inLanguage":"fr-FR"}]}},"_links":{"self":[{"href":"https:\/\/giatsu.com\/fr\/wp-json\/wp\/v2\/product\/12554","targetHints":{"allow":["GET"]}}],"collection":[{"href":"https:\/\/giatsu.com\/fr\/wp-json\/wp\/v2\/product"}],"about":[{"href":"https:\/\/giatsu.com\/fr\/wp-json\/wp\/v2\/types\/product"}],"wp:featuredmedia":[{"embeddable":true,"href":"https:\/\/giatsu.com\/fr\/wp-json\/wp\/v2\/media\/11552"}],"wp:attachment":[{"href":"https:\/\/giatsu.com\/fr\/wp-json\/wp\/v2\/media?parent=12554"}],"wp:term":[{"taxonomy":"product_brand","embeddable":true,"href":"https:\/\/giatsu.com\/fr\/wp-json\/wp\/v2\/product_brand?post=12554"},{"taxonomy":"product_cat","embeddable":true,"href":"https:\/\/giatsu.com\/fr\/wp-json\/wp\/v2\/product_cat?post=12554"},{"taxonomy":"product_tag","embeddable":true,"href":"https:\/\/giatsu.com\/fr\/wp-json\/wp\/v2\/product_tag?post=12554"}],"curies":[{"name":"wp","href":"https:\/\/api.w.org\/{rel}","templated":true}]}}