{"id":12548,"date":"2023-06-06T07:03:36","date_gmt":"2023-06-06T07:03:36","guid":{"rendered":"https:\/\/giatsu.com\/?post_type=product&#038;p=12548"},"modified":"2025-04-16T14:52:54","modified_gmt":"2025-04-16T14:52:54","slug":"assemblage-invisible-de-la-colonne-centrifuge","status":"publish","type":"product","link":"https:\/\/giatsu.com\/fr\/industriel\/vrf-interieurs\/colonnes-vrf-interieurs\/assemblage-invisible-de-la-colonne-centrifuge\/","title":{"rendered":"ASSEMBLAGE INVISIBLE DE LA COLONNE CENTRIFUGE"},"content":{"rendered":"<div class=\"wpb-content-wrapper\"><div class=\"container mb-1 moduloprincipalespictos\">\n<h2 class=\"text-center tituloprincipales\">Caracter\u00edsticas principales<\/h2>\n<div class=\"row row-cols-1 row-cols-md-2 row-cols-xl-3\">\n<div class=\"col-xs-6 col-md-3 order-last\">\n<div class=\"card\">\n                            <img decoding=\"async\" class=\"card-img-top w-100 d-block fit-cover pictoprincipalgrande\" src=\"https:\/\/giatsu.com\/wp-content\/uploads\/2023\/08\/diseno_compacto-a5c2f3.webp\" \/><\/p>\n<div class=\"card-body p-4\">\n<h3 class=\"font-weight-bold card-title\">Design compact<\/h3>\n<p class=\"card-text\">Gain de place gr\u00e2ce \u00e0 sa conception et sa taille compactes, id\u00e9al pour une utilisation dans les salles de bains, les bureaux et les chambres<\/p>\n<\/p><\/div><\/div><\/div>\n<div class=\"col-xs-6 col-md-3 order-last\">\n<div class=\"card\">\n                            <img decoding=\"async\" class=\"card-img-top w-100 d-block fit-cover pictoprincipalgrande\" src=\"https:\/\/giatsu.com\/wp-content\/uploads\/2023\/08\/led-9ce7c9.webp\" \/><\/p>\n<div class=\"card-body p-4\">\n<h3 class=\"font-weight-bold card-title\">\u00c3\u0089cran LED<\/h3>\n<p class=\"card-text\">Un grand \u00c3\u00a9cran LED informe sur le fonctionnement du syst\u00c3\u00a8me de climatisation.<\/p>\n<\/p><\/div><\/div><\/div>\n<div class=\"col-xs-6 col-md-3 order-last\">\n<div class=\"card\">\n                            <img decoding=\"async\" class=\"card-img-top w-100 d-block fit-cover pictoprincipalgrande\" src=\"https:\/\/giatsu.com\/wp-content\/uploads\/2023\/08\/mando_distancia-a17a7c.webp\" \/><\/p>\n<div class=\"card-body p-4\">\n<h3 class=\"font-weight-bold card-title\">T\u00e9l\u00e9commande<\/h3>\n<p class=\"card-text\">Comprend une commande filaire avec programmation hebdomadaire.<\/p>\n<\/p><\/div><\/div><\/div>\n<div class=\"col-xs-6 col-md-3 order-last\">\n<div class=\"card\">\n                            <img decoding=\"async\" class=\"card-img-top w-100 d-block fit-cover pictoprincipalgrande\" src=\"https:\/\/giatsu.com\/wp-content\/uploads\/2023\/06\/tecnologia_inverter-495dd8.webp\" \/><\/p>\n<div class=\"card-body p-4\">\n<h3 class=\"font-weight-bold card-title\">Technologie inverter<\/h3>\n<p class=\"card-text\">En faisant fonctionner le compresseur en continu, des \u00e9conomies d?\u00e9nergie allant jusqu?\u00e0 50% sont r\u00e9alis\u00e9es par rapport aux \u00e9quipements conventionnels.<\/p>\n<\/p><\/div><\/div><\/div><\/div><\/div>\n<hr>\n<p>        [vc_row mobile_bg_img_hidden=\u00a0\u00bbno\u00a0\u00bb tablet_bg_img_hidden=\u00a0\u00bbno\u00a0\u00bb woodmart_parallax=\u00a0\u00bb0&Prime; woodmart_gradient_switch=\u00a0\u00bbno\u00a0\u00bb row_reverse_mobile=\u00a0\u00bb0&Prime; row_reverse_tablet=\u00a0\u00bb0&Prime; woodmart_disable_overflow=\u00a0\u00bb0&Prime; el_class=\u00a0\u00bbfilaImgCaracteristica\u00a0\u00bb][vc_column mobile_bg_img_hidden=\u00a0\u00bbno\u00a0\u00bb tablet_bg_img_hidden=\u00a0\u00bbno\u00a0\u00bb woodmart_parallax=\u00a0\u00bb0&Prime; woodmart_sticky_column=\u00a0\u00bbfalse\u00a0\u00bb parallax_scroll=\u00a0\u00bbno\u00a0\u00bb mobile_reset_margin=\u00a0\u00bbno\u00a0\u00bb tablet_reset_margin=\u00a0\u00bbno\u00a0\u00bb]<\/p>\n<div class=\"container mb-1\">\n<h3 class=\"text-center\">Informaci\u00f3n t\u00e9cnica<\/h3>\n<div class=\"row row-cols-1 row-cols-md-2 row-cols-xl-3 justify-content-md-center\">\n<div class=\"col-xs-1 col-md-1\">\n<div class=\"card\">\n                            <img decoding=\"async\" class=\"card-img-top w-100 d-block fit-cover pictoprincipalgrande\" src=\"https:\/\/giatsu.com\/wp-content\/uploads\/2023\/08\/auto_swing-21613f.webp\" \/><\/p>\n<div class=\"card-body p-4\">\n<h4 class=\"card-text textospictospeques\">Auto swing<\/h4>\n<\/p><\/div><\/div><\/div>\n<div class=\"col-xs-1 col-md-1\">\n<div class=\"card\">\n                            <img decoding=\"async\" class=\"card-img-top w-100 d-block fit-cover pictoprincipalgrande\" src=\"https:\/\/giatsu.com\/wp-content\/uploads\/2023\/08\/gas_refrigerante-21d266.webp\" \/><\/p>\n<div class=\"card-body p-4\">\n<h4 class=\"card-text textospictospeques\">Gaz r\u00c3\u00a9frig\u00c3\u00a9rant<\/h4>\n<\/p><\/div><\/div><\/div>\n<div class=\"col-xs-1 col-md-1\">\n<div class=\"card\">\n                            <img decoding=\"async\" class=\"card-img-top w-100 d-block fit-cover pictoprincipalgrande\" src=\"https:\/\/giatsu.com\/wp-content\/uploads\/2023\/08\/display_tactil_multifuncional-ee077c.webp\" \/><\/p>\n<div class=\"card-body p-4\">\n<h4 class=\"card-text textospictospeques\">\u00c9cran tactile multifonctionnel<\/h4>\n<\/p><\/div><\/div><\/div><\/div><\/div>\n<div class=\"row justify-content-md-center\">\n<div class=\"vc_btn3-container vc_btn3-inline\" id=\"botonDescargarFicha\">\n                        <a target=\"_blank\" class=\"btn btn-light border rounded-4 botondescarga\" href=\"https:\/\/giatsu.com\/documentacion\/\/giatsu-fichas-tecnicas-vrf-km-frances.pdf\" title=\"\">T\u00e9l\u00e9charger la fiche<\/a>\n                 <\/div><\/div>\n<div class=\"row\">\n<hr>\n<div class=\"col text-center\"><a target=\"_blank\" href=\"https:\/\/giatsu.com\/documentacion\/\/giatsu-manual-de-usuario-e-instalacion-vrf-km-ingles.pdf\" class=\"btn btn-light border rounded-4 botonDescargaManual botondescarga\">Manuel de l&rsquo;utilisateur<\/a><\/div>\n<hr>\n<\/div>\n<\/div>","protected":false},"excerpt":{"rendered":"<p class=\"MsoNormal\">Sa conception est particuli&egrave;rement adapt&eacute;e aux installations sur les <strong>chantiers sans faux plafond<\/strong>, ce qui en fait la solution parfaite pour les environnements o&ugrave; les contraintes architecturales auraient pu poser des d&eacute;fis insurmontables.<\/p>\n<p class=\"MsoNormal\">Int&eacute;gr&eacute;e &agrave; la vue de tous, la colonne centrifuge invisible devient un &eacute;l&eacute;ment subtil mais essentiel de la structure de l\u00a0\u00bbespace, garantissant que ni la fonctionnalit&eacute; ni l\u00a0\u00bbesth&eacute;tique ne sont compromises.<\/p>\n<p class=\"MsoNormal\">Sa <strong>conception compacte et efficace<\/strong> permet une installation sans probl&egrave;me, m&ecirc;me dans les endroits les plus difficiles. Ainsi, des endroits auparavant consid&eacute;r&eacute;s comme inadapt&eacute;s &agrave; la ventilation peuvent d&eacute;sormais b&eacute;n&eacute;ficier de l\u00a0\u00bbefficacit&eacute; et du confort de cet ensemble r&eacute;volutionnaire.<\/p>\n<p class=\"MsoNormal\">Dot&eacute; d\u00a0\u00bbune technologie centrifuge de pointe, ce syst&egrave;me est capable de fournir un flux d\u00a0\u00bbair optimal et un environnement confortable dans n\u00a0\u00bbimporte quel espace o&ugrave; il est appliqu&eacute;.<\/p>\n<p>Puissances disponibles : 16KW<\/p>\n<div class='pictosvoz'><\/div>\n","protected":false},"featured_media":10117,"template":"","meta":{"_monsterinsights_skip_tracking":false,"_monsterinsights_sitenote_active":false,"_monsterinsights_sitenote_note":"","_monsterinsights_sitenote_category":0},"product_brand":[],"product_cat":[822,802],"product_tag":[],"class_list":{"0":"post-12548","1":"product","2":"type-product","3":"status-publish","4":"has-post-thumbnail","6":"product_cat-colonnes-vrf-interieurs","7":"product_cat-vrf-interieurs","9":"first","10":"instock","11":"shipping-taxable","12":"product-type-simple"},"yoast_head":"<!-- This site is optimized with the Yoast SEO plugin v27.4 - https:\/\/yoast.com\/product\/yoast-seo-wordpress\/ -->\n<title>Assemblage de colonne centrifuge invisible<\/title>\n<meta name=\"description\" content=\"Syst\u00e8me de climatisation con\u00e7u pour s&#039;&#039;int\u00e9grer discr\u00e8tement dans les espaces sans faux plafond. Sa conception compacte et efficace facilite l&#039;&#039;installation dans des zones pr\u00e9sentant des limites architecturales, offrant un flux d&#039;&#039;air optimal et un environnement confortable.\" \/>\n<meta name=\"robots\" content=\"index, follow, max-snippet:-1, max-image-preview:large, max-video-preview:-1\" \/>\n<link rel=\"canonical\" href=\"https:\/\/giatsu.com\/fr\/industriel\/vrf-interieurs\/colonnes-vrf-interieurs\/assemblage-invisible-de-la-colonne-centrifuge\/\" \/>\n<meta property=\"og:locale\" content=\"fr_FR\" \/>\n<meta property=\"og:type\" content=\"article\" \/>\n<meta property=\"og:title\" content=\"Assemblage de colonne centrifuge invisible\" \/>\n<meta property=\"og:description\" content=\"Syst\u00e8me de climatisation con\u00e7u pour s&#039;&#039;int\u00e9grer discr\u00e8tement dans les espaces sans faux plafond. Sa conception compacte et efficace facilite l&#039;&#039;installation dans des zones pr\u00e9sentant des limites architecturales, offrant un flux d&#039;&#039;air optimal et un environnement confortable.\" \/>\n<meta property=\"og:url\" content=\"https:\/\/giatsu.com\/fr\/industriel\/vrf-interieurs\/colonnes-vrf-interieurs\/assemblage-invisible-de-la-colonne-centrifuge\/\" \/>\n<meta property=\"og:site_name\" content=\"GIATSU\" \/>\n<meta property=\"article:modified_time\" content=\"2025-04-16T14:52:54+00:00\" \/>\n<meta property=\"og:image\" content=\"https:\/\/giatsu.com\/wp-content\/uploads\/2023\/08\/columna-invisible2-4b66be.webp\" \/>\n\t<meta property=\"og:image:width\" content=\"800\" \/>\n\t<meta property=\"og:image:height\" content=\"800\" \/>\n\t<meta property=\"og:image:type\" content=\"image\/webp\" \/>\n<meta name=\"twitter:card\" content=\"summary_large_image\" \/>\n<meta name=\"twitter:label1\" content=\"Dur\u00e9e de lecture estim\u00e9e\" \/>\n\t<meta name=\"twitter:data1\" content=\"1 minute\" \/>\n<script type=\"application\/ld+json\" class=\"yoast-schema-graph\">{\"@context\":\"https:\\\/\\\/schema.org\",\"@graph\":[{\"@type\":\"WebPage\",\"@id\":\"https:\\\/\\\/giatsu.com\\\/fr\\\/industriel\\\/vrf-interieurs\\\/colonnes-vrf-interieurs\\\/assemblage-invisible-de-la-colonne-centrifuge\\\/\",\"url\":\"https:\\\/\\\/giatsu.com\\\/fr\\\/industriel\\\/vrf-interieurs\\\/colonnes-vrf-interieurs\\\/assemblage-invisible-de-la-colonne-centrifuge\\\/\",\"name\":\"Assemblage de colonne centrifuge invisible\",\"isPartOf\":{\"@id\":\"https:\\\/\\\/giatsu.com\\\/es\\\/#website\"},\"primaryImageOfPage\":{\"@id\":\"https:\\\/\\\/giatsu.com\\\/fr\\\/industriel\\\/vrf-interieurs\\\/colonnes-vrf-interieurs\\\/assemblage-invisible-de-la-colonne-centrifuge\\\/#primaryimage\"},\"image\":{\"@id\":\"https:\\\/\\\/giatsu.com\\\/fr\\\/industriel\\\/vrf-interieurs\\\/colonnes-vrf-interieurs\\\/assemblage-invisible-de-la-colonne-centrifuge\\\/#primaryimage\"},\"thumbnailUrl\":\"https:\\\/\\\/giatsu.com\\\/wp-content\\\/uploads\\\/2023\\\/08\\\/columna-invisible2-4b66be.webp\",\"datePublished\":\"2023-06-06T07:03:36+00:00\",\"dateModified\":\"2025-04-16T14:52:54+00:00\",\"description\":\"Syst\u00e8me de climatisation con\u00e7u pour s''int\u00e9grer discr\u00e8tement dans les espaces sans faux plafond. Sa conception compacte et efficace facilite l''installation dans des zones pr\u00e9sentant des limites architecturales, offrant un flux d''air optimal et un environnement confortable.\",\"breadcrumb\":{\"@id\":\"https:\\\/\\\/giatsu.com\\\/fr\\\/industriel\\\/vrf-interieurs\\\/colonnes-vrf-interieurs\\\/assemblage-invisible-de-la-colonne-centrifuge\\\/#breadcrumb\"},\"inLanguage\":\"fr-FR\",\"potentialAction\":[{\"@type\":\"ReadAction\",\"target\":[\"https:\\\/\\\/giatsu.com\\\/fr\\\/industriel\\\/vrf-interieurs\\\/colonnes-vrf-interieurs\\\/assemblage-invisible-de-la-colonne-centrifuge\\\/\"]}]},{\"@type\":\"ImageObject\",\"inLanguage\":\"fr-FR\",\"@id\":\"https:\\\/\\\/giatsu.com\\\/fr\\\/industriel\\\/vrf-interieurs\\\/colonnes-vrf-interieurs\\\/assemblage-invisible-de-la-colonne-centrifuge\\\/#primaryimage\",\"url\":\"https:\\\/\\\/giatsu.com\\\/wp-content\\\/uploads\\\/2023\\\/08\\\/columna-invisible2-4b66be.webp\",\"contentUrl\":\"https:\\\/\\\/giatsu.com\\\/wp-content\\\/uploads\\\/2023\\\/08\\\/columna-invisible2-4b66be.webp\",\"width\":800,\"height\":800},{\"@type\":\"BreadcrumbList\",\"@id\":\"https:\\\/\\\/giatsu.com\\\/fr\\\/industriel\\\/vrf-interieurs\\\/colonnes-vrf-interieurs\\\/assemblage-invisible-de-la-colonne-centrifuge\\\/#breadcrumb\",\"itemListElement\":[{\"@type\":\"ListItem\",\"position\":1,\"name\":\"Home\",\"item\":\"https:\\\/\\\/giatsu.com\\\/es\\\/\"},{\"@type\":\"ListItem\",\"position\":2,\"name\":\"PRODUCTOS\",\"item\":\"https:\\\/\\\/giatsu.com\\\/es\\\/productos\\\/\"},{\"@type\":\"ListItem\",\"position\":3,\"name\":\"ASSEMBLAGE INVISIBLE DE LA COLONNE CENTRIFUGE\"}]},{\"@type\":\"WebSite\",\"@id\":\"https:\\\/\\\/giatsu.com\\\/es\\\/#website\",\"url\":\"https:\\\/\\\/giatsu.com\\\/es\\\/\",\"name\":\"GIATSU\",\"description\":\"Quality Comfort Everywhere\",\"potentialAction\":[{\"@type\":\"SearchAction\",\"target\":{\"@type\":\"EntryPoint\",\"urlTemplate\":\"https:\\\/\\\/giatsu.com\\\/es\\\/?s={search_term_string}\"},\"query-input\":{\"@type\":\"PropertyValueSpecification\",\"valueRequired\":true,\"valueName\":\"search_term_string\"}}],\"inLanguage\":\"fr-FR\"}]}<\/script>\n<!-- \/ Yoast SEO plugin. -->","yoast_head_json":{"title":"Assemblage de colonne centrifuge invisible","description":"Syst\u00e8me de climatisation con\u00e7u pour s''int\u00e9grer discr\u00e8tement dans les espaces sans faux plafond. Sa conception compacte et efficace facilite l''installation dans des zones pr\u00e9sentant des limites architecturales, offrant un flux d''air optimal et un environnement confortable.","robots":{"index":"index","follow":"follow","max-snippet":"max-snippet:-1","max-image-preview":"max-image-preview:large","max-video-preview":"max-video-preview:-1"},"canonical":"https:\/\/giatsu.com\/fr\/industriel\/vrf-interieurs\/colonnes-vrf-interieurs\/assemblage-invisible-de-la-colonne-centrifuge\/","og_locale":"fr_FR","og_type":"article","og_title":"Assemblage de colonne centrifuge invisible","og_description":"Syst\u00e8me de climatisation con\u00e7u pour s''int\u00e9grer discr\u00e8tement dans les espaces sans faux plafond. Sa conception compacte et efficace facilite l''installation dans des zones pr\u00e9sentant des limites architecturales, offrant un flux d''air optimal et un environnement confortable.","og_url":"https:\/\/giatsu.com\/fr\/industriel\/vrf-interieurs\/colonnes-vrf-interieurs\/assemblage-invisible-de-la-colonne-centrifuge\/","og_site_name":"GIATSU","article_modified_time":"2025-04-16T14:52:54+00:00","og_image":[{"width":800,"height":800,"url":"https:\/\/giatsu.com\/wp-content\/uploads\/2023\/08\/columna-invisible2-4b66be.webp","type":"image\/webp"}],"twitter_card":"summary_large_image","twitter_misc":{"Dur\u00e9e de lecture estim\u00e9e":"1 minute"},"schema":{"@context":"https:\/\/schema.org","@graph":[{"@type":"WebPage","@id":"https:\/\/giatsu.com\/fr\/industriel\/vrf-interieurs\/colonnes-vrf-interieurs\/assemblage-invisible-de-la-colonne-centrifuge\/","url":"https:\/\/giatsu.com\/fr\/industriel\/vrf-interieurs\/colonnes-vrf-interieurs\/assemblage-invisible-de-la-colonne-centrifuge\/","name":"Assemblage de colonne centrifuge invisible","isPartOf":{"@id":"https:\/\/giatsu.com\/es\/#website"},"primaryImageOfPage":{"@id":"https:\/\/giatsu.com\/fr\/industriel\/vrf-interieurs\/colonnes-vrf-interieurs\/assemblage-invisible-de-la-colonne-centrifuge\/#primaryimage"},"image":{"@id":"https:\/\/giatsu.com\/fr\/industriel\/vrf-interieurs\/colonnes-vrf-interieurs\/assemblage-invisible-de-la-colonne-centrifuge\/#primaryimage"},"thumbnailUrl":"https:\/\/giatsu.com\/wp-content\/uploads\/2023\/08\/columna-invisible2-4b66be.webp","datePublished":"2023-06-06T07:03:36+00:00","dateModified":"2025-04-16T14:52:54+00:00","description":"Syst\u00e8me de climatisation con\u00e7u pour s''int\u00e9grer discr\u00e8tement dans les espaces sans faux plafond. Sa conception compacte et efficace facilite l''installation dans des zones pr\u00e9sentant des limites architecturales, offrant un flux d''air optimal et un environnement confortable.","breadcrumb":{"@id":"https:\/\/giatsu.com\/fr\/industriel\/vrf-interieurs\/colonnes-vrf-interieurs\/assemblage-invisible-de-la-colonne-centrifuge\/#breadcrumb"},"inLanguage":"fr-FR","potentialAction":[{"@type":"ReadAction","target":["https:\/\/giatsu.com\/fr\/industriel\/vrf-interieurs\/colonnes-vrf-interieurs\/assemblage-invisible-de-la-colonne-centrifuge\/"]}]},{"@type":"ImageObject","inLanguage":"fr-FR","@id":"https:\/\/giatsu.com\/fr\/industriel\/vrf-interieurs\/colonnes-vrf-interieurs\/assemblage-invisible-de-la-colonne-centrifuge\/#primaryimage","url":"https:\/\/giatsu.com\/wp-content\/uploads\/2023\/08\/columna-invisible2-4b66be.webp","contentUrl":"https:\/\/giatsu.com\/wp-content\/uploads\/2023\/08\/columna-invisible2-4b66be.webp","width":800,"height":800},{"@type":"BreadcrumbList","@id":"https:\/\/giatsu.com\/fr\/industriel\/vrf-interieurs\/colonnes-vrf-interieurs\/assemblage-invisible-de-la-colonne-centrifuge\/#breadcrumb","itemListElement":[{"@type":"ListItem","position":1,"name":"Home","item":"https:\/\/giatsu.com\/es\/"},{"@type":"ListItem","position":2,"name":"PRODUCTOS","item":"https:\/\/giatsu.com\/es\/productos\/"},{"@type":"ListItem","position":3,"name":"ASSEMBLAGE INVISIBLE DE LA COLONNE CENTRIFUGE"}]},{"@type":"WebSite","@id":"https:\/\/giatsu.com\/es\/#website","url":"https:\/\/giatsu.com\/es\/","name":"GIATSU","description":"Quality Comfort Everywhere","potentialAction":[{"@type":"SearchAction","target":{"@type":"EntryPoint","urlTemplate":"https:\/\/giatsu.com\/es\/?s={search_term_string}"},"query-input":{"@type":"PropertyValueSpecification","valueRequired":true,"valueName":"search_term_string"}}],"inLanguage":"fr-FR"}]}},"_links":{"self":[{"href":"https:\/\/giatsu.com\/fr\/wp-json\/wp\/v2\/product\/12548","targetHints":{"allow":["GET"]}}],"collection":[{"href":"https:\/\/giatsu.com\/fr\/wp-json\/wp\/v2\/product"}],"about":[{"href":"https:\/\/giatsu.com\/fr\/wp-json\/wp\/v2\/types\/product"}],"wp:featuredmedia":[{"embeddable":true,"href":"https:\/\/giatsu.com\/fr\/wp-json\/wp\/v2\/media\/10117"}],"wp:attachment":[{"href":"https:\/\/giatsu.com\/fr\/wp-json\/wp\/v2\/media?parent=12548"}],"wp:term":[{"taxonomy":"product_brand","embeddable":true,"href":"https:\/\/giatsu.com\/fr\/wp-json\/wp\/v2\/product_brand?post=12548"},{"taxonomy":"product_cat","embeddable":true,"href":"https:\/\/giatsu.com\/fr\/wp-json\/wp\/v2\/product_cat?post=12548"},{"taxonomy":"product_tag","embeddable":true,"href":"https:\/\/giatsu.com\/fr\/wp-json\/wp\/v2\/product_tag?post=12548"}],"curies":[{"name":"wp","href":"https:\/\/api.w.org\/{rel}","templated":true}]}}