{"id":12539,"date":"2023-06-06T07:03:33","date_gmt":"2023-06-06T07:03:33","guid":{"rendered":"https:\/\/giatsu.com\/?post_type=product&#038;p=12539"},"modified":"2025-04-16T15:03:17","modified_gmt":"2025-04-16T15:03:17","slug":"jeu-de-cassettes-centrifuges-invisibles","status":"publish","type":"product","link":"https:\/\/giatsu.com\/fr\/industriel\/vrf-interieurs\/cassettes-vrf-interieurs\/jeu-de-cassettes-centrifuges-invisibles\/","title":{"rendered":"CASSETTE CENTRIFUGE INVISIBLE"},"content":{"rendered":"<div class=\"wpb-content-wrapper\"><div class=\"container mb-1 moduloprincipalespictos\">\n<h2 class=\"text-center tituloprincipales\">Caracter\u00edsticas principales<\/h2>\n<div class=\"row row-cols-1 row-cols-md-2 row-cols-xl-3\">\n<div class=\"col-xs-6 col-md-3 order-last\">\n<div class=\"card\">\n                            <img decoding=\"async\" class=\"card-img-top w-100 d-block fit-cover pictoprincipalgrande\" src=\"https:\/\/giatsu.com\/wp-content\/uploads\/2023\/08\/diseno_compacto-a5c2f3.webp\" \/><\/p>\n<div class=\"card-body p-4\">\n<h3 class=\"font-weight-bold card-title\">Design compact<\/h3>\n<p class=\"card-text\">Gain de place gr\u00e2ce \u00e0 sa conception et sa taille compactes, id\u00e9al pour une utilisation dans les salles de bains, les bureaux et les chambres<\/p>\n<\/p><\/div><\/div><\/div>\n<div class=\"col-xs-6 col-md-3 order-last\">\n<div class=\"card\">\n                            <img decoding=\"async\" class=\"card-img-top w-100 d-block fit-cover pictoprincipalgrande\" src=\"https:\/\/giatsu.com\/wp-content\/uploads\/2023\/06\/tecnologia_inverter-495dd8.webp\" \/><\/p>\n<div class=\"card-body p-4\">\n<h3 class=\"font-weight-bold card-title\">Technologie inverter<\/h3>\n<p class=\"card-text\">En faisant fonctionner le compresseur en continu, des \u00e9conomies d?\u00e9nergie allant jusqu?\u00e0 50% sont r\u00e9alis\u00e9es par rapport aux \u00e9quipements conventionnels.<\/p>\n<\/p><\/div><\/div><\/div>\n<div class=\"col-xs-6 col-md-3 order-last\">\n<div class=\"card\">\n                            <img decoding=\"async\" class=\"card-img-top w-100 d-block fit-cover pictoprincipalgrande\" src=\"https:\/\/giatsu.com\/wp-content\/uploads\/2023\/08\/bomba-de-condensados-8f2ae0.webp\" \/><\/p>\n<div class=\"card-body p-4\">\n<h3 class=\"font-weight-bold card-title\">Pompe \u00e0 condensat<\/h3>\n<p class=\"card-text\">L&rsquo;unit\u00e9 dispose d&rsquo;une pompe \u00e0 condensat int\u00e9gr\u00e9e en standard.<\/p>\n<\/p><\/div><\/div><\/div><\/div><\/div>\n<hr>\n<p>        [vc_row mobile_bg_img_hidden=\u00a0\u00bbno\u00a0\u00bb tablet_bg_img_hidden=\u00a0\u00bbno\u00a0\u00bb woodmart_parallax=\u00a0\u00bb0&Prime; woodmart_gradient_switch=\u00a0\u00bbno\u00a0\u00bb row_reverse_mobile=\u00a0\u00bb0&Prime; row_reverse_tablet=\u00a0\u00bb0&Prime; woodmart_disable_overflow=\u00a0\u00bb0&Prime; el_class=\u00a0\u00bbfilaImgCaracteristica\u00a0\u00bb][vc_column mobile_bg_img_hidden=\u00a0\u00bbno\u00a0\u00bb tablet_bg_img_hidden=\u00a0\u00bbno\u00a0\u00bb woodmart_parallax=\u00a0\u00bb0&Prime; woodmart_sticky_column=\u00a0\u00bbfalse\u00a0\u00bb parallax_scroll=\u00a0\u00bbno\u00a0\u00bb mobile_reset_margin=\u00a0\u00bbno\u00a0\u00bb tablet_reset_margin=\u00a0\u00bbno\u00a0\u00bb]<\/p>\n<div class=\"container mb-1\">\n<h3 class=\"text-center\">Informaci\u00f3n t\u00e9cnica<\/h3>\n<div class=\"row row-cols-1 row-cols-md-2 row-cols-xl-3 justify-content-md-center\">\n<div class=\"col-xs-1 col-md-1\">\n<div class=\"card\">\n                            <img decoding=\"async\" class=\"card-img-top w-100 d-block fit-cover pictoprincipalgrande\" src=\"https:\/\/giatsu.com\/wp-content\/uploads\/2023\/08\/auto_swing-21613f.webp\" \/><\/p>\n<div class=\"card-body p-4\">\n<h4 class=\"card-text textospictospeques\">Auto swing<\/h4>\n<\/p><\/div><\/div><\/div>\n<div class=\"col-xs-1 col-md-1\">\n<div class=\"card\">\n                            <img decoding=\"async\" class=\"card-img-top w-100 d-block fit-cover pictoprincipalgrande\" src=\"https:\/\/giatsu.com\/wp-content\/uploads\/2023\/08\/gas_refrigerante-21d266.webp\" \/><\/p>\n<div class=\"card-body p-4\">\n<h4 class=\"card-text textospictospeques\">Gaz r\u00c3\u00a9frig\u00c3\u00a9rant<\/h4>\n<\/p><\/div><\/div><\/div>\n<div class=\"col-xs-1 col-md-1\">\n<div class=\"card\">\n                            <img decoding=\"async\" class=\"card-img-top w-100 d-block fit-cover pictoprincipalgrande\" src=\"https:\/\/giatsu.com\/wp-content\/uploads\/2023\/08\/funcion_anti_frio-822de4.webp\" \/><\/p>\n<div class=\"card-body p-4\">\n<h4 class=\"card-text textospictospeques\">Fonction anti-froid<\/h4>\n<\/p><\/div><\/div><\/div>\n<div class=\"col-xs-1 col-md-1\">\n<div class=\"card\">\n                            <img decoding=\"async\" class=\"card-img-top w-100 d-block fit-cover pictoprincipalgrande\" src=\"https:\/\/giatsu.com\/wp-content\/uploads\/2023\/08\/entrada_de_aire_fresco-6c617e.webp\" \/><\/p>\n<div class=\"card-body p-4\">\n<h4 class=\"card-text textospictospeques\">Prise d&rsquo;air frais<\/h4>\n<\/p><\/div><\/div><\/div>\n<div class=\"col-xs-1 col-md-1\">\n<div class=\"card\">\n                            <img decoding=\"async\" class=\"card-img-top w-100 d-block fit-cover pictoprincipalgrande\" src=\"https:\/\/giatsu.com\/wp-content\/uploads\/2023\/08\/controles_opcionales-680cc0.webp\" \/><\/p>\n<div class=\"card-body p-4\">\n<h4 class=\"card-text textospictospeques\">Contr\u00c3\u00b4les optionnels<\/h4>\n<\/p><\/div><\/div><\/div>\n<div class=\"col-xs-1 col-md-1\">\n<div class=\"card\">\n                            <img decoding=\"async\" class=\"card-img-top w-100 d-block fit-cover pictoprincipalgrande\" src=\"https:\/\/giatsu.com\/wp-content\/uploads\/2023\/08\/4-salidas_de_aire-4d5e0a.webp\" \/><\/p>\n<div class=\"card-body p-4\">\n<h4 class=\"card-text textospictospeques\">4 sorties d&rsquo;air<\/h4>\n<\/p><\/div><\/div><\/div><\/div><\/div>\n<div class=\"row justify-content-md-center\">\n<div class=\"vc_btn3-container vc_btn3-inline\" id=\"botonDescargarFicha\">\n                        <a target=\"_blank\" class=\"btn btn-light border rounded-4 botondescarga\" href=\"https:\/\/giatsu.com\/documentacion\/\/giatsu-fichas-tecnicas-vrf-km-frances.pdf\" title=\"\">T\u00e9l\u00e9charger la fiche<\/a>\n                 <\/div><\/div>\n<div class=\"row\">\n<hr>\n<div class=\"col text-center\"><a target=\"_blank\" href=\"https:\/\/giatsu.com\/documentacion\/\/giatsu-manual-de-usuario-e-instalacion-vrf-km-ingles.pdf\" class=\"btn btn-light border rounded-4 botonDescargaManual botondescarga\">Manuel de l&rsquo;utilisateur<\/a><\/div>\n<hr>\n<\/div>\n<\/div>","protected":false},"excerpt":{"rendered":"<p class=\"MsoNormal\">Ce syst&egrave;me innovant red&eacute;finit la mani&egrave;re dont les espaces sont ventil&eacute;s, en <strong>combinant une technologie avanc&eacute;e et un design &eacute;l&eacute;gant <\/strong>pour offrir une solution puissante et dissimul&eacute;e &agrave; vos besoins en mati&egrave;re de flux d\u00a0\u00bbair.<\/p>\n<p class=\"MsoNormal\">En mettant l\u00a0\u00bbaccent sur une fonctionnalit&eacute; discr&egrave;te, cette cassette a &eacute;t&eacute; <strong>con&ccedil;ue pour s\u00a0\u00bbint&eacute;grer parfaitement dans les environnements commerciaux<\/strong>. Sa caract&eacute;ristique la plus frappante est son invisibilit&eacute;, qui garantit qu\u00a0\u00bbelle ne perturbe pas l\u00a0\u00bbesth&eacute;tique de votre espace tout en fournissant un flux d\u00a0\u00bbair optimal.<\/p>\n<p class=\"MsoNormal\">Avec une <strong>distance de 30 m&egrave;tres<\/strong>, ce syst&egrave;me d&eacute;montre sa polyvalence et son adaptabilit&eacute;, garantissant un flux d\u00a0\u00bbair uniforme et efficace dans l\u00a0\u00bbensemble de l\u00a0\u00bbinstallation commerciale.<\/p>\n<p class=\"MsoNormal\">La puissance de cet ensemble se refl&egrave;te dans son d&eacute;bit d\u00a0\u00bbair maximal, qui atteint la valeur impressionnante de 1 800 m3\/h. Cette caract&eacute;ristique garantit que l\u00a0\u00bbair est constamment renouvel&eacute; dans l\u00a0\u00bbespace. Cette caract&eacute;ristique garantit que l\u00a0\u00bbair est constamment renouvel&eacute; et que l\u00a0\u00bbenvironnement int&eacute;rieur reste frais et confortable pour les employ&eacute;s et les clients.<\/p>\n<p>Puissances disponibles : 10KW, 14KW, 16KW<\/p>\n<div class='pictosvoz'><\/div>\n","protected":false},"featured_media":10077,"template":"","meta":{"_monsterinsights_skip_tracking":false,"_monsterinsights_sitenote_active":false,"_monsterinsights_sitenote_note":"","_monsterinsights_sitenote_category":0},"product_brand":[],"product_cat":[814,802],"product_tag":[],"class_list":{"0":"post-12539","1":"product","2":"type-product","3":"status-publish","4":"has-post-thumbnail","6":"product_cat-cassettes-vrf-interieurs","7":"product_cat-vrf-interieurs","9":"first","10":"instock","11":"shipping-taxable","12":"product-type-simple"},"yoast_head":"<!-- This site is optimized with the Yoast SEO plugin v26.6 - https:\/\/yoast.com\/wordpress\/plugins\/seo\/ -->\n<title>Invisible Centrifugeuse Kit de cassettes pour centrifugeuse<\/title>\n<meta name=\"description\" content=\"Un ensemble qui offre une climatisation puissante et discr\u00e8te, s&#039;&#039;int\u00e9grant parfaitement dans les espaces commerciaux. Avec des puissances de 10 kW, 14 kW et 16 kW, il se distingue par son design compact et sa technologie inverter, garantissant l&#039;&#039;efficacit\u00e9 \u00e9nerg\u00e9tique et un d\u00e9bit d&#039;&#039;air allant jusqu&#039;&#039;\u00e0 1 800 m\u00b3\/h.\" \/>\n<meta name=\"robots\" content=\"index, follow, max-snippet:-1, max-image-preview:large, max-video-preview:-1\" \/>\n<link rel=\"canonical\" href=\"https:\/\/giatsu.com\/fr\/industriel\/vrf-interieurs\/cassettes-vrf-interieurs\/jeu-de-cassettes-centrifuges-invisibles\/\" \/>\n<meta property=\"og:locale\" content=\"fr_FR\" \/>\n<meta property=\"og:type\" content=\"article\" \/>\n<meta property=\"og:title\" content=\"Invisible Centrifugeuse Kit de cassettes pour centrifugeuse\" \/>\n<meta property=\"og:description\" content=\"Un ensemble qui offre une climatisation puissante et discr\u00e8te, s&#039;&#039;int\u00e9grant parfaitement dans les espaces commerciaux. Avec des puissances de 10 kW, 14 kW et 16 kW, il se distingue par son design compact et sa technologie inverter, garantissant l&#039;&#039;efficacit\u00e9 \u00e9nerg\u00e9tique et un d\u00e9bit d&#039;&#039;air allant jusqu&#039;&#039;\u00e0 1 800 m\u00b3\/h.\" \/>\n<meta property=\"og:url\" content=\"https:\/\/giatsu.com\/fr\/industriel\/vrf-interieurs\/cassettes-vrf-interieurs\/jeu-de-cassettes-centrifuges-invisibles\/\" \/>\n<meta property=\"og:site_name\" content=\"GIATSU\" \/>\n<meta property=\"article:modified_time\" content=\"2025-04-16T15:03:17+00:00\" \/>\n<meta property=\"og:image\" content=\"https:\/\/giatsu.com\/wp-content\/uploads\/2023\/08\/cassette-invisible-8fc92f.webp\" \/>\n\t<meta property=\"og:image:width\" content=\"800\" \/>\n\t<meta property=\"og:image:height\" content=\"800\" \/>\n\t<meta property=\"og:image:type\" content=\"image\/webp\" \/>\n<meta name=\"twitter:card\" content=\"summary_large_image\" \/>\n<meta name=\"twitter:label1\" content=\"Dur\u00e9e de lecture estim\u00e9e\" \/>\n\t<meta name=\"twitter:data1\" content=\"1 minute\" \/>\n<script type=\"application\/ld+json\" class=\"yoast-schema-graph\">{\"@context\":\"https:\/\/schema.org\",\"@graph\":[{\"@type\":\"WebPage\",\"@id\":\"https:\/\/giatsu.com\/fr\/industriel\/vrf-interieurs\/cassettes-vrf-interieurs\/jeu-de-cassettes-centrifuges-invisibles\/\",\"url\":\"https:\/\/giatsu.com\/fr\/industriel\/vrf-interieurs\/cassettes-vrf-interieurs\/jeu-de-cassettes-centrifuges-invisibles\/\",\"name\":\"Invisible Centrifugeuse Kit de cassettes pour centrifugeuse\",\"isPartOf\":{\"@id\":\"https:\/\/giatsu.com\/es\/#website\"},\"primaryImageOfPage\":{\"@id\":\"https:\/\/giatsu.com\/fr\/industriel\/vrf-interieurs\/cassettes-vrf-interieurs\/jeu-de-cassettes-centrifuges-invisibles\/#primaryimage\"},\"image\":{\"@id\":\"https:\/\/giatsu.com\/fr\/industriel\/vrf-interieurs\/cassettes-vrf-interieurs\/jeu-de-cassettes-centrifuges-invisibles\/#primaryimage\"},\"thumbnailUrl\":\"https:\/\/giatsu.com\/wp-content\/uploads\/2023\/08\/cassette-invisible-8fc92f.webp\",\"datePublished\":\"2023-06-06T07:03:33+00:00\",\"dateModified\":\"2025-04-16T15:03:17+00:00\",\"description\":\"Un ensemble qui offre une climatisation puissante et discr\u00e8te, s''int\u00e9grant parfaitement dans les espaces commerciaux. Avec des puissances de 10 kW, 14 kW et 16 kW, il se distingue par son design compact et sa technologie inverter, garantissant l''efficacit\u00e9 \u00e9nerg\u00e9tique et un d\u00e9bit d''air allant jusqu''\u00e0 1 800 m\u00b3\/h.\",\"breadcrumb\":{\"@id\":\"https:\/\/giatsu.com\/fr\/industriel\/vrf-interieurs\/cassettes-vrf-interieurs\/jeu-de-cassettes-centrifuges-invisibles\/#breadcrumb\"},\"inLanguage\":\"fr-FR\",\"potentialAction\":[{\"@type\":\"ReadAction\",\"target\":[\"https:\/\/giatsu.com\/fr\/industriel\/vrf-interieurs\/cassettes-vrf-interieurs\/jeu-de-cassettes-centrifuges-invisibles\/\"]}]},{\"@type\":\"ImageObject\",\"inLanguage\":\"fr-FR\",\"@id\":\"https:\/\/giatsu.com\/fr\/industriel\/vrf-interieurs\/cassettes-vrf-interieurs\/jeu-de-cassettes-centrifuges-invisibles\/#primaryimage\",\"url\":\"https:\/\/giatsu.com\/wp-content\/uploads\/2023\/08\/cassette-invisible-8fc92f.webp\",\"contentUrl\":\"https:\/\/giatsu.com\/wp-content\/uploads\/2023\/08\/cassette-invisible-8fc92f.webp\",\"width\":800,\"height\":800},{\"@type\":\"BreadcrumbList\",\"@id\":\"https:\/\/giatsu.com\/fr\/industriel\/vrf-interieurs\/cassettes-vrf-interieurs\/jeu-de-cassettes-centrifuges-invisibles\/#breadcrumb\",\"itemListElement\":[{\"@type\":\"ListItem\",\"position\":1,\"name\":\"Home\",\"item\":\"https:\/\/giatsu.com\/es\/\"},{\"@type\":\"ListItem\",\"position\":2,\"name\":\"PRODUCTOS\",\"item\":\"https:\/\/giatsu.com\/es\/productos\/\"},{\"@type\":\"ListItem\",\"position\":3,\"name\":\"CASSETTE CENTRIFUGE INVISIBLE\"}]},{\"@type\":\"WebSite\",\"@id\":\"https:\/\/giatsu.com\/es\/#website\",\"url\":\"https:\/\/giatsu.com\/es\/\",\"name\":\"GIATSU\",\"description\":\"Quality Comfort Everywhere\",\"potentialAction\":[{\"@type\":\"SearchAction\",\"target\":{\"@type\":\"EntryPoint\",\"urlTemplate\":\"https:\/\/giatsu.com\/es\/?s={search_term_string}\"},\"query-input\":{\"@type\":\"PropertyValueSpecification\",\"valueRequired\":true,\"valueName\":\"search_term_string\"}}],\"inLanguage\":\"fr-FR\"}]}<\/script>\n<!-- \/ Yoast SEO plugin. -->","yoast_head_json":{"title":"Invisible Centrifugeuse Kit de cassettes pour centrifugeuse","description":"Un ensemble qui offre une climatisation puissante et discr\u00e8te, s''int\u00e9grant parfaitement dans les espaces commerciaux. Avec des puissances de 10 kW, 14 kW et 16 kW, il se distingue par son design compact et sa technologie inverter, garantissant l''efficacit\u00e9 \u00e9nerg\u00e9tique et un d\u00e9bit d''air allant jusqu''\u00e0 1 800 m\u00b3\/h.","robots":{"index":"index","follow":"follow","max-snippet":"max-snippet:-1","max-image-preview":"max-image-preview:large","max-video-preview":"max-video-preview:-1"},"canonical":"https:\/\/giatsu.com\/fr\/industriel\/vrf-interieurs\/cassettes-vrf-interieurs\/jeu-de-cassettes-centrifuges-invisibles\/","og_locale":"fr_FR","og_type":"article","og_title":"Invisible Centrifugeuse Kit de cassettes pour centrifugeuse","og_description":"Un ensemble qui offre une climatisation puissante et discr\u00e8te, s''int\u00e9grant parfaitement dans les espaces commerciaux. Avec des puissances de 10 kW, 14 kW et 16 kW, il se distingue par son design compact et sa technologie inverter, garantissant l''efficacit\u00e9 \u00e9nerg\u00e9tique et un d\u00e9bit d''air allant jusqu''\u00e0 1 800 m\u00b3\/h.","og_url":"https:\/\/giatsu.com\/fr\/industriel\/vrf-interieurs\/cassettes-vrf-interieurs\/jeu-de-cassettes-centrifuges-invisibles\/","og_site_name":"GIATSU","article_modified_time":"2025-04-16T15:03:17+00:00","og_image":[{"width":800,"height":800,"url":"https:\/\/giatsu.com\/wp-content\/uploads\/2023\/08\/cassette-invisible-8fc92f.webp","type":"image\/webp"}],"twitter_card":"summary_large_image","twitter_misc":{"Dur\u00e9e de lecture estim\u00e9e":"1 minute"},"schema":{"@context":"https:\/\/schema.org","@graph":[{"@type":"WebPage","@id":"https:\/\/giatsu.com\/fr\/industriel\/vrf-interieurs\/cassettes-vrf-interieurs\/jeu-de-cassettes-centrifuges-invisibles\/","url":"https:\/\/giatsu.com\/fr\/industriel\/vrf-interieurs\/cassettes-vrf-interieurs\/jeu-de-cassettes-centrifuges-invisibles\/","name":"Invisible Centrifugeuse Kit de cassettes pour centrifugeuse","isPartOf":{"@id":"https:\/\/giatsu.com\/es\/#website"},"primaryImageOfPage":{"@id":"https:\/\/giatsu.com\/fr\/industriel\/vrf-interieurs\/cassettes-vrf-interieurs\/jeu-de-cassettes-centrifuges-invisibles\/#primaryimage"},"image":{"@id":"https:\/\/giatsu.com\/fr\/industriel\/vrf-interieurs\/cassettes-vrf-interieurs\/jeu-de-cassettes-centrifuges-invisibles\/#primaryimage"},"thumbnailUrl":"https:\/\/giatsu.com\/wp-content\/uploads\/2023\/08\/cassette-invisible-8fc92f.webp","datePublished":"2023-06-06T07:03:33+00:00","dateModified":"2025-04-16T15:03:17+00:00","description":"Un ensemble qui offre une climatisation puissante et discr\u00e8te, s''int\u00e9grant parfaitement dans les espaces commerciaux. Avec des puissances de 10 kW, 14 kW et 16 kW, il se distingue par son design compact et sa technologie inverter, garantissant l''efficacit\u00e9 \u00e9nerg\u00e9tique et un d\u00e9bit d''air allant jusqu''\u00e0 1 800 m\u00b3\/h.","breadcrumb":{"@id":"https:\/\/giatsu.com\/fr\/industriel\/vrf-interieurs\/cassettes-vrf-interieurs\/jeu-de-cassettes-centrifuges-invisibles\/#breadcrumb"},"inLanguage":"fr-FR","potentialAction":[{"@type":"ReadAction","target":["https:\/\/giatsu.com\/fr\/industriel\/vrf-interieurs\/cassettes-vrf-interieurs\/jeu-de-cassettes-centrifuges-invisibles\/"]}]},{"@type":"ImageObject","inLanguage":"fr-FR","@id":"https:\/\/giatsu.com\/fr\/industriel\/vrf-interieurs\/cassettes-vrf-interieurs\/jeu-de-cassettes-centrifuges-invisibles\/#primaryimage","url":"https:\/\/giatsu.com\/wp-content\/uploads\/2023\/08\/cassette-invisible-8fc92f.webp","contentUrl":"https:\/\/giatsu.com\/wp-content\/uploads\/2023\/08\/cassette-invisible-8fc92f.webp","width":800,"height":800},{"@type":"BreadcrumbList","@id":"https:\/\/giatsu.com\/fr\/industriel\/vrf-interieurs\/cassettes-vrf-interieurs\/jeu-de-cassettes-centrifuges-invisibles\/#breadcrumb","itemListElement":[{"@type":"ListItem","position":1,"name":"Home","item":"https:\/\/giatsu.com\/es\/"},{"@type":"ListItem","position":2,"name":"PRODUCTOS","item":"https:\/\/giatsu.com\/es\/productos\/"},{"@type":"ListItem","position":3,"name":"CASSETTE CENTRIFUGE INVISIBLE"}]},{"@type":"WebSite","@id":"https:\/\/giatsu.com\/es\/#website","url":"https:\/\/giatsu.com\/es\/","name":"GIATSU","description":"Quality Comfort Everywhere","potentialAction":[{"@type":"SearchAction","target":{"@type":"EntryPoint","urlTemplate":"https:\/\/giatsu.com\/es\/?s={search_term_string}"},"query-input":{"@type":"PropertyValueSpecification","valueRequired":true,"valueName":"search_term_string"}}],"inLanguage":"fr-FR"}]}},"_links":{"self":[{"href":"https:\/\/giatsu.com\/fr\/wp-json\/wp\/v2\/product\/12539","targetHints":{"allow":["GET"]}}],"collection":[{"href":"https:\/\/giatsu.com\/fr\/wp-json\/wp\/v2\/product"}],"about":[{"href":"https:\/\/giatsu.com\/fr\/wp-json\/wp\/v2\/types\/product"}],"wp:featuredmedia":[{"embeddable":true,"href":"https:\/\/giatsu.com\/fr\/wp-json\/wp\/v2\/media\/10077"}],"wp:attachment":[{"href":"https:\/\/giatsu.com\/fr\/wp-json\/wp\/v2\/media?parent=12539"}],"wp:term":[{"taxonomy":"product_brand","embeddable":true,"href":"https:\/\/giatsu.com\/fr\/wp-json\/wp\/v2\/product_brand?post=12539"},{"taxonomy":"product_cat","embeddable":true,"href":"https:\/\/giatsu.com\/fr\/wp-json\/wp\/v2\/product_cat?post=12539"},{"taxonomy":"product_tag","embeddable":true,"href":"https:\/\/giatsu.com\/fr\/wp-json\/wp\/v2\/product_tag?post=12539"}],"curies":[{"name":"wp","href":"https:\/\/api.w.org\/{rel}","templated":true}]}}