{"id":12530,"date":"2023-06-06T07:03:31","date_gmt":"2023-06-06T07:03:31","guid":{"rendered":"https:\/\/giatsu.com\/?post_type=product&#038;p=12530"},"modified":"2024-07-08T09:36:39","modified_gmt":"2024-07-08T09:36:39","slug":"ensemble-de-conduits-invisibles-a-moyenne-pression","status":"publish","type":"product","link":"https:\/\/giatsu.com\/fr\/industriel\/big-duct-industriel\/ensemble-de-conduits-invisibles-a-moyenne-pression\/","title":{"rendered":"ENSEMBLE DE CONDUITS INVISIBLES \u00c0 MOYENNE PRESSION"},"content":{"rendered":"<div class=\"wpb-content-wrapper\"><div class=\"container mb-1 moduloprincipalespictos\">\n<h2 class=\"text-center tituloprincipales\">Caracter\u00edsticas principales<\/h2>\n<div class=\"row row-cols-1 row-cols-md-2 row-cols-xl-3\">\n<div class=\"col-xs-6 col-md-3 order-last\">\n<div class=\"card\">\n                            <img decoding=\"async\" class=\"card-img-top w-100 d-block fit-cover pictoprincipalgrande\" src=\"https:\/\/giatsu.com\/wp-content\/uploads\/2023\/08\/bomba-condensados-45c40c.webp\" \/><\/p>\n<div class=\"card-body p-4\">\n<h3 class=\"font-weight-bold card-title\">Pompe \u00e0 condensats<\/h3>\n<p class=\"card-text\">Comprend une pompe \u00e0 condensat avec une \u00e9l\u00e9vation de 750 mm.<\/p>\n<\/p><\/div><\/div><\/div>\n<div class=\"col-xs-6 col-md-3 order-last\">\n<div class=\"card\">\n                            <img decoding=\"async\" class=\"card-img-top w-100 d-block fit-cover pictoprincipalgrande\" src=\"https:\/\/giatsu.com\/wp-content\/uploads\/2023\/08\/diseno_compacto-a5c2f3.webp\" \/><\/p>\n<div class=\"card-body p-4\">\n<h3 class=\"font-weight-bold card-title\">Design compact<\/h3>\n<p class=\"card-text\">Gain de place gr\u00e2ce \u00e0 sa conception et sa taille compactes, id\u00e9al pour une utilisation dans les salles de bains, les bureaux et les chambres<\/p>\n<\/p><\/div><\/div><\/div>\n<div class=\"col-xs-6 col-md-3 order-last\">\n<div class=\"card\">\n                            <img decoding=\"async\" class=\"card-img-top w-100 d-block fit-cover pictoprincipalgrande\" src=\"https:\/\/giatsu.com\/wp-content\/uploads\/2023\/06\/tecnologia_inverter-495dd8.webp\" \/><\/p>\n<div class=\"card-body p-4\">\n<h3 class=\"font-weight-bold card-title\">Technologie inverter<\/h3>\n<p class=\"card-text\">En faisant fonctionner le compresseur en continu, des \u00e9conomies d?\u00e9nergie allant jusqu?\u00e0 50% sont r\u00e9alis\u00e9es par rapport aux \u00e9quipements conventionnels.<\/p>\n<\/p><\/div><\/div><\/div><\/div><\/div>\n<hr>\n<p>        [vc_row mobile_bg_img_hidden=\u00a0\u00bbno\u00a0\u00bb tablet_bg_img_hidden=\u00a0\u00bbno\u00a0\u00bb woodmart_parallax=\u00a0\u00bb0&Prime; woodmart_gradient_switch=\u00a0\u00bbno\u00a0\u00bb row_reverse_mobile=\u00a0\u00bb0&Prime; row_reverse_tablet=\u00a0\u00bb0&Prime; woodmart_disable_overflow=\u00a0\u00bb0&Prime; el_class=\u00a0\u00bbfilaImgCaracteristica\u00a0\u00bb][vc_column mobile_bg_img_hidden=\u00a0\u00bbno\u00a0\u00bb tablet_bg_img_hidden=\u00a0\u00bbno\u00a0\u00bb woodmart_parallax=\u00a0\u00bb0&Prime; woodmart_sticky_column=\u00a0\u00bbfalse\u00a0\u00bb parallax_scroll=\u00a0\u00bbno\u00a0\u00bb mobile_reset_margin=\u00a0\u00bbno\u00a0\u00bb tablet_reset_margin=\u00a0\u00bbno\u00a0\u00bb]<\/p>\n<div class=\"container mb-1\">\n<h3 class=\"text-center\">Informaci\u00f3n t\u00e9cnica<\/h3>\n<div class=\"row row-cols-1 row-cols-md-2 row-cols-xl-3 justify-content-md-center\">\n<div class=\"col-xs-1 col-md-1\">\n<div class=\"card\">\n                            <img decoding=\"async\" class=\"card-img-top w-100 d-block fit-cover pictoprincipalgrande\" src=\"https:\/\/giatsu.com\/wp-content\/uploads\/2023\/08\/altura_reducida-acd45c.webp\" \/><\/p>\n<div class=\"card-body p-4\">\n<h4 class=\"card-text textospictospeques\">Hauteur r\u00e9duite<\/h4>\n<\/p><\/div><\/div><\/div>\n<div class=\"col-xs-1 col-md-1\">\n<div class=\"card\">\n                            <img decoding=\"async\" class=\"card-img-top w-100 d-block fit-cover pictoprincipalgrande\" src=\"https:\/\/giatsu.com\/wp-content\/uploads\/2023\/08\/gas_refrigerante-21d266.webp\" \/><\/p>\n<div class=\"card-body p-4\">\n<h4 class=\"card-text textospictospeques\">Gaz r\u00e9frig\u00e9rant<\/h4>\n<\/p><\/div><\/div><\/div>\n<div class=\"col-xs-1 col-md-1\">\n<div class=\"card\">\n                            <img decoding=\"async\" class=\"card-img-top w-100 d-block fit-cover pictoprincipalgrande\" src=\"https:\/\/giatsu.com\/wp-content\/uploads\/2023\/08\/funcion_anti_frio-822de4.webp\" \/><\/p>\n<div class=\"card-body p-4\">\n<h4 class=\"card-text textospictospeques\">Fonction anti-froid<\/h4>\n<\/p><\/div><\/div><\/div>\n<div class=\"col-xs-1 col-md-1\">\n<div class=\"card\">\n                            <img decoding=\"async\" class=\"card-img-top w-100 d-block fit-cover pictoprincipalgrande\" src=\"https:\/\/giatsu.com\/wp-content\/uploads\/2023\/08\/filtros_para_eliminar_el_olor_limpiar_y_purificar_el_aire-ae9d96.webp\" \/><\/p>\n<div class=\"card-body p-4\">\n<h4 class=\"card-text textospictospeques\">Filtres pour \u00e9liminer les odeurs, nettoyer et purifier l&rsquo;air<\/h4>\n<\/p><\/div><\/div><\/div>\n<div class=\"col-xs-1 col-md-1\">\n<div class=\"card\">\n                            <img decoding=\"async\" class=\"card-img-top w-100 d-block fit-cover pictoprincipalgrande\" src=\"https:\/\/giatsu.com\/wp-content\/uploads\/2023\/08\/auto_restart-50f34a.webp\" \/><\/p>\n<div class=\"card-body p-4\">\n<h4 class=\"card-text textospictospeques\">Red\u00e9marrage automatique<\/h4>\n<\/p><\/div><\/div><\/div><\/div><\/div>\n<\/div>","protected":false},"excerpt":{"rendered":"<div>\n<p>L\u00a0\u00bb<strong>ensemble de gaines centrifuges &agrave; moyenne pression invisible<\/strong> associe une technologie de pointe &agrave; un design compact et fonctionnel.<\/p>\n<p>Ce syst&egrave;me de climatisation se distingue par plusieurs caract&eacute;ristiques impressionnantes qui en font un choix id&eacute;al pour maintenir votre espace &agrave; la temp&eacute;rature parfaite avec efficacit&eacute; et confort.<\/p>\n<p><strong>&Eacute;quip&eacute; de compresseurs et de ventilateurs DC Inverter<\/strong>, il est extr&ecirc;mement &eacute;conome en &eacute;nergie, ce qui se traduit par des &eacute;conomies significatives sur vos co&ucirc;ts d\u00a0\u00bb&eacute;lectricit&eacute;.<\/p>\n<p>Sa <strong>conception compacte<\/strong> permet une installation polyvalente, car il peut &ecirc;tre facilement int&eacute;gr&eacute; dans les petits espaces.<\/p>\n<p>La qualit&eacute; de l\u00a0\u00bbair est une priorit&eacute; dans cet ensemble de conduits, gr&acirc;ce &agrave; l\u00a0\u00bb<strong>inclusion de filtres qui retiennent les particules nocives<\/strong> telles que la poussi&egrave;re et les allerg&egrave;nes, garantissant ainsi un environnement propre et sain.<\/p>\n<p>La <strong>fonction anti-gel<\/strong> est tr&egrave;s utile dans les climats froids, car elle emp&ecirc;che la formation de glace dans le syst&egrave;me, ce qui permet de maintenir un fonctionnement optimal m&ecirc;me &agrave; des temp&eacute;ratures extr&ecirc;mement basses.<\/p>\n<p>Une autre caract&eacute;ristique importante est sa <strong>faible hauteur<\/strong>, qui permet de l\u00a0\u00bbinstaller facilement dans des plafonds bas et dans des espaces o&ugrave; la hauteur est limit&eacute;e. En outre, le syst&egrave;me comprend une fonction de red&eacute;marrage automatique, qui permet &agrave; l\u00a0\u00bbunit&eacute; de s\u00a0\u00bballumer automatiquement en cas de panne de courant, ce qui garantit que votre confort n\u00a0\u00bbest pas compromis.<\/p>\n<\/div>\n<p>Puissances disponibles : 40KW, 14KW, 16KW<\/p>\n<div class='pictosvoz'><\/div>\n","protected":false},"featured_media":11542,"template":"","meta":{"_monsterinsights_skip_tracking":false,"_monsterinsights_sitenote_active":false,"_monsterinsights_sitenote_note":"","_monsterinsights_sitenote_category":0},"product_brand":[],"product_cat":[736],"product_tag":[],"class_list":{"0":"post-12530","1":"product","2":"type-product","3":"status-publish","4":"has-post-thumbnail","6":"product_cat-big-duct-industriel","8":"first","9":"instock","10":"shipping-taxable","11":"product-type-simple"},"yoast_head":"<!-- This site is optimized with the Yoast SEO plugin v27.4 - https:\/\/yoast.com\/product\/yoast-seo-wordpress\/ -->\n<title>ENSEMBLE DE CONDUITS INVISIBLES \u00c0 MOYENNE PRESSION<\/title>\n<meta name=\"description\" content=\"Con\u00e7u pour rehausser vos attentes en mati\u00e8re de performance et de confort. Aliment\u00e9 par une centrifugeuse invisible, ce syst\u00e8me red\u00e9finit l&#039;&#039;efficacit\u00e9 en \u00e9liminant toute obstruction visuelle dans votre espace, tout en travaillant sans rel\u00e2che pour fournir un flux d&#039;&#039;air exceptionnel.\" \/>\n<meta name=\"robots\" content=\"index, follow, max-snippet:-1, max-image-preview:large, max-video-preview:-1\" \/>\n<link rel=\"canonical\" href=\"https:\/\/giatsu.com\/fr\/industriel\/big-duct-industriel\/ensemble-de-conduits-invisibles-a-moyenne-pression\/\" \/>\n<meta property=\"og:locale\" content=\"fr_FR\" \/>\n<meta property=\"og:type\" content=\"article\" \/>\n<meta property=\"og:title\" content=\"ENSEMBLE DE CONDUITS INVISIBLES \u00c0 MOYENNE PRESSION\" \/>\n<meta property=\"og:description\" content=\"Con\u00e7u pour rehausser vos attentes en mati\u00e8re de performance et de confort. Aliment\u00e9 par une centrifugeuse invisible, ce syst\u00e8me red\u00e9finit l&#039;&#039;efficacit\u00e9 en \u00e9liminant toute obstruction visuelle dans votre espace, tout en travaillant sans rel\u00e2che pour fournir un flux d&#039;&#039;air exceptionnel.\" \/>\n<meta property=\"og:url\" content=\"https:\/\/giatsu.com\/fr\/industriel\/big-duct-industriel\/ensemble-de-conduits-invisibles-a-moyenne-pression\/\" \/>\n<meta property=\"og:site_name\" content=\"GIATSU\" \/>\n<meta property=\"article:modified_time\" content=\"2024-07-08T09:36:39+00:00\" \/>\n<meta property=\"og:image\" content=\"https:\/\/giatsu.com\/wp-content\/uploads\/2023\/10\/conducto-media-4f51d9.webp\" \/>\n\t<meta property=\"og:image:width\" content=\"800\" \/>\n\t<meta property=\"og:image:height\" content=\"800\" \/>\n\t<meta property=\"og:image:type\" content=\"image\/webp\" \/>\n<meta name=\"twitter:card\" content=\"summary_large_image\" \/>\n<script type=\"application\/ld+json\" class=\"yoast-schema-graph\">{\"@context\":\"https:\\\/\\\/schema.org\",\"@graph\":[{\"@type\":\"WebPage\",\"@id\":\"https:\\\/\\\/giatsu.com\\\/fr\\\/industriel\\\/big-duct-industriel\\\/ensemble-de-conduits-invisibles-a-moyenne-pression\\\/\",\"url\":\"https:\\\/\\\/giatsu.com\\\/fr\\\/industriel\\\/big-duct-industriel\\\/ensemble-de-conduits-invisibles-a-moyenne-pression\\\/\",\"name\":\"ENSEMBLE DE CONDUITS INVISIBLES \u00c0 MOYENNE PRESSION\",\"isPartOf\":{\"@id\":\"https:\\\/\\\/giatsu.com\\\/es\\\/#website\"},\"primaryImageOfPage\":{\"@id\":\"https:\\\/\\\/giatsu.com\\\/fr\\\/industriel\\\/big-duct-industriel\\\/ensemble-de-conduits-invisibles-a-moyenne-pression\\\/#primaryimage\"},\"image\":{\"@id\":\"https:\\\/\\\/giatsu.com\\\/fr\\\/industriel\\\/big-duct-industriel\\\/ensemble-de-conduits-invisibles-a-moyenne-pression\\\/#primaryimage\"},\"thumbnailUrl\":\"https:\\\/\\\/giatsu.com\\\/wp-content\\\/uploads\\\/2023\\\/10\\\/conducto-media-4f51d9.webp\",\"datePublished\":\"2023-06-06T07:03:31+00:00\",\"dateModified\":\"2024-07-08T09:36:39+00:00\",\"description\":\"Con\u00e7u pour rehausser vos attentes en mati\u00e8re de performance et de confort. Aliment\u00e9 par une centrifugeuse invisible, ce syst\u00e8me red\u00e9finit l''efficacit\u00e9 en \u00e9liminant toute obstruction visuelle dans votre espace, tout en travaillant sans rel\u00e2che pour fournir un flux d''air exceptionnel.\",\"breadcrumb\":{\"@id\":\"https:\\\/\\\/giatsu.com\\\/fr\\\/industriel\\\/big-duct-industriel\\\/ensemble-de-conduits-invisibles-a-moyenne-pression\\\/#breadcrumb\"},\"inLanguage\":\"fr-FR\",\"potentialAction\":[{\"@type\":\"ReadAction\",\"target\":[\"https:\\\/\\\/giatsu.com\\\/fr\\\/industriel\\\/big-duct-industriel\\\/ensemble-de-conduits-invisibles-a-moyenne-pression\\\/\"]}]},{\"@type\":\"ImageObject\",\"inLanguage\":\"fr-FR\",\"@id\":\"https:\\\/\\\/giatsu.com\\\/fr\\\/industriel\\\/big-duct-industriel\\\/ensemble-de-conduits-invisibles-a-moyenne-pression\\\/#primaryimage\",\"url\":\"https:\\\/\\\/giatsu.com\\\/wp-content\\\/uploads\\\/2023\\\/10\\\/conducto-media-4f51d9.webp\",\"contentUrl\":\"https:\\\/\\\/giatsu.com\\\/wp-content\\\/uploads\\\/2023\\\/10\\\/conducto-media-4f51d9.webp\",\"width\":800,\"height\":800},{\"@type\":\"BreadcrumbList\",\"@id\":\"https:\\\/\\\/giatsu.com\\\/fr\\\/industriel\\\/big-duct-industriel\\\/ensemble-de-conduits-invisibles-a-moyenne-pression\\\/#breadcrumb\",\"itemListElement\":[{\"@type\":\"ListItem\",\"position\":1,\"name\":\"Home\",\"item\":\"https:\\\/\\\/giatsu.com\\\/es\\\/\"},{\"@type\":\"ListItem\",\"position\":2,\"name\":\"PRODUCTOS\",\"item\":\"https:\\\/\\\/giatsu.com\\\/es\\\/productos\\\/\"},{\"@type\":\"ListItem\",\"position\":3,\"name\":\"ENSEMBLE DE CONDUITS INVISIBLES \u00c0 MOYENNE PRESSION\"}]},{\"@type\":\"WebSite\",\"@id\":\"https:\\\/\\\/giatsu.com\\\/es\\\/#website\",\"url\":\"https:\\\/\\\/giatsu.com\\\/es\\\/\",\"name\":\"GIATSU\",\"description\":\"Quality Comfort Everywhere\",\"potentialAction\":[{\"@type\":\"SearchAction\",\"target\":{\"@type\":\"EntryPoint\",\"urlTemplate\":\"https:\\\/\\\/giatsu.com\\\/es\\\/?s={search_term_string}\"},\"query-input\":{\"@type\":\"PropertyValueSpecification\",\"valueRequired\":true,\"valueName\":\"search_term_string\"}}],\"inLanguage\":\"fr-FR\"}]}<\/script>\n<!-- \/ Yoast SEO plugin. -->","yoast_head_json":{"title":"ENSEMBLE DE CONDUITS INVISIBLES \u00c0 MOYENNE PRESSION","description":"Con\u00e7u pour rehausser vos attentes en mati\u00e8re de performance et de confort. Aliment\u00e9 par une centrifugeuse invisible, ce syst\u00e8me red\u00e9finit l''efficacit\u00e9 en \u00e9liminant toute obstruction visuelle dans votre espace, tout en travaillant sans rel\u00e2che pour fournir un flux d''air exceptionnel.","robots":{"index":"index","follow":"follow","max-snippet":"max-snippet:-1","max-image-preview":"max-image-preview:large","max-video-preview":"max-video-preview:-1"},"canonical":"https:\/\/giatsu.com\/fr\/industriel\/big-duct-industriel\/ensemble-de-conduits-invisibles-a-moyenne-pression\/","og_locale":"fr_FR","og_type":"article","og_title":"ENSEMBLE DE CONDUITS INVISIBLES \u00c0 MOYENNE PRESSION","og_description":"Con\u00e7u pour rehausser vos attentes en mati\u00e8re de performance et de confort. Aliment\u00e9 par une centrifugeuse invisible, ce syst\u00e8me red\u00e9finit l''efficacit\u00e9 en \u00e9liminant toute obstruction visuelle dans votre espace, tout en travaillant sans rel\u00e2che pour fournir un flux d''air exceptionnel.","og_url":"https:\/\/giatsu.com\/fr\/industriel\/big-duct-industriel\/ensemble-de-conduits-invisibles-a-moyenne-pression\/","og_site_name":"GIATSU","article_modified_time":"2024-07-08T09:36:39+00:00","og_image":[{"width":800,"height":800,"url":"https:\/\/giatsu.com\/wp-content\/uploads\/2023\/10\/conducto-media-4f51d9.webp","type":"image\/webp"}],"twitter_card":"summary_large_image","schema":{"@context":"https:\/\/schema.org","@graph":[{"@type":"WebPage","@id":"https:\/\/giatsu.com\/fr\/industriel\/big-duct-industriel\/ensemble-de-conduits-invisibles-a-moyenne-pression\/","url":"https:\/\/giatsu.com\/fr\/industriel\/big-duct-industriel\/ensemble-de-conduits-invisibles-a-moyenne-pression\/","name":"ENSEMBLE DE CONDUITS INVISIBLES \u00c0 MOYENNE PRESSION","isPartOf":{"@id":"https:\/\/giatsu.com\/es\/#website"},"primaryImageOfPage":{"@id":"https:\/\/giatsu.com\/fr\/industriel\/big-duct-industriel\/ensemble-de-conduits-invisibles-a-moyenne-pression\/#primaryimage"},"image":{"@id":"https:\/\/giatsu.com\/fr\/industriel\/big-duct-industriel\/ensemble-de-conduits-invisibles-a-moyenne-pression\/#primaryimage"},"thumbnailUrl":"https:\/\/giatsu.com\/wp-content\/uploads\/2023\/10\/conducto-media-4f51d9.webp","datePublished":"2023-06-06T07:03:31+00:00","dateModified":"2024-07-08T09:36:39+00:00","description":"Con\u00e7u pour rehausser vos attentes en mati\u00e8re de performance et de confort. Aliment\u00e9 par une centrifugeuse invisible, ce syst\u00e8me red\u00e9finit l''efficacit\u00e9 en \u00e9liminant toute obstruction visuelle dans votre espace, tout en travaillant sans rel\u00e2che pour fournir un flux d''air exceptionnel.","breadcrumb":{"@id":"https:\/\/giatsu.com\/fr\/industriel\/big-duct-industriel\/ensemble-de-conduits-invisibles-a-moyenne-pression\/#breadcrumb"},"inLanguage":"fr-FR","potentialAction":[{"@type":"ReadAction","target":["https:\/\/giatsu.com\/fr\/industriel\/big-duct-industriel\/ensemble-de-conduits-invisibles-a-moyenne-pression\/"]}]},{"@type":"ImageObject","inLanguage":"fr-FR","@id":"https:\/\/giatsu.com\/fr\/industriel\/big-duct-industriel\/ensemble-de-conduits-invisibles-a-moyenne-pression\/#primaryimage","url":"https:\/\/giatsu.com\/wp-content\/uploads\/2023\/10\/conducto-media-4f51d9.webp","contentUrl":"https:\/\/giatsu.com\/wp-content\/uploads\/2023\/10\/conducto-media-4f51d9.webp","width":800,"height":800},{"@type":"BreadcrumbList","@id":"https:\/\/giatsu.com\/fr\/industriel\/big-duct-industriel\/ensemble-de-conduits-invisibles-a-moyenne-pression\/#breadcrumb","itemListElement":[{"@type":"ListItem","position":1,"name":"Home","item":"https:\/\/giatsu.com\/es\/"},{"@type":"ListItem","position":2,"name":"PRODUCTOS","item":"https:\/\/giatsu.com\/es\/productos\/"},{"@type":"ListItem","position":3,"name":"ENSEMBLE DE CONDUITS INVISIBLES \u00c0 MOYENNE PRESSION"}]},{"@type":"WebSite","@id":"https:\/\/giatsu.com\/es\/#website","url":"https:\/\/giatsu.com\/es\/","name":"GIATSU","description":"Quality Comfort Everywhere","potentialAction":[{"@type":"SearchAction","target":{"@type":"EntryPoint","urlTemplate":"https:\/\/giatsu.com\/es\/?s={search_term_string}"},"query-input":{"@type":"PropertyValueSpecification","valueRequired":true,"valueName":"search_term_string"}}],"inLanguage":"fr-FR"}]}},"_links":{"self":[{"href":"https:\/\/giatsu.com\/fr\/wp-json\/wp\/v2\/product\/12530","targetHints":{"allow":["GET"]}}],"collection":[{"href":"https:\/\/giatsu.com\/fr\/wp-json\/wp\/v2\/product"}],"about":[{"href":"https:\/\/giatsu.com\/fr\/wp-json\/wp\/v2\/types\/product"}],"wp:featuredmedia":[{"embeddable":true,"href":"https:\/\/giatsu.com\/fr\/wp-json\/wp\/v2\/media\/11542"}],"wp:attachment":[{"href":"https:\/\/giatsu.com\/fr\/wp-json\/wp\/v2\/media?parent=12530"}],"wp:term":[{"taxonomy":"product_brand","embeddable":true,"href":"https:\/\/giatsu.com\/fr\/wp-json\/wp\/v2\/product_brand?post=12530"},{"taxonomy":"product_cat","embeddable":true,"href":"https:\/\/giatsu.com\/fr\/wp-json\/wp\/v2\/product_cat?post=12530"},{"taxonomy":"product_tag","embeddable":true,"href":"https:\/\/giatsu.com\/fr\/wp-json\/wp\/v2\/product_tag?post=12530"}],"curies":[{"name":"wp","href":"https:\/\/api.w.org\/{rel}","templated":true}]}}