{"id":12524,"date":"2023-06-06T07:03:29","date_gmt":"2023-06-06T07:03:29","guid":{"rendered":"https:\/\/giatsu.com\/?post_type=product&#038;p=12524"},"modified":"2025-04-16T11:00:39","modified_gmt":"2025-04-16T11:00:39","slug":"mini-chiller-a-inverseur-triphase","status":"publish","type":"product","link":"https:\/\/giatsu.com\/fr\/industriel\/chillers-industriel\/mini-chiller-a-inverseur-triphase\/","title":{"rendered":"MINI-CHILLER \u00c0 INVERSEUR TRIPHAS\u00c9"},"content":{"rendered":"<div class=\"wpb-content-wrapper\"><div class=\"container mb-1 moduloprincipalespictos\">\n<h2 class=\"text-center tituloprincipales\">Caracter\u00edsticas principales<\/h2>\n<div class=\"row row-cols-1 row-cols-md-2 row-cols-xl-3\">\n<div class=\"col-xs-6 col-md-3 order-last\">\n<div class=\"card\">\n                            <img decoding=\"async\" class=\"card-img-top w-100 d-block fit-cover pictoprincipalgrande\" src=\"https:\/\/giatsu.com\/wp-content\/uploads\/2023\/06\/tecnologia_inverter-495dd8.webp\" \/><\/p>\n<div class=\"card-body p-4\">\n<h3 class=\"font-weight-bold card-title\">Technologie inverter<\/h3>\n<p class=\"card-text\">En faisant fonctionner le compresseur en continu, des \u00e9conomies d?\u00e9nergie allant jusqu?\u00e0 50% sont r\u00e9alis\u00e9es par rapport aux \u00e9quipements conventionnels.<\/p>\n<\/p><\/div><\/div><\/div>\n<div class=\"col-xs-6 col-md-3 order-last\">\n<div class=\"card\">\n                            <img decoding=\"async\" class=\"card-img-top w-100 d-block fit-cover pictoprincipalgrande\" src=\"https:\/\/giatsu.com\/wp-content\/uploads\/2023\/08\/r32-58a8d5.webp\" \/><\/p>\n<div class=\"card-body p-4\">\n<h3 class=\"font-weight-bold card-title\">R\u00e9frig\u00e9rant R32<\/h3>\n<p class=\"card-text\">Le gaz R32 a un tr\u00e8s faible indice de potentiel de r\u00e9chauffement atmosph\u00e9rique (PTA), une efficacit\u00e9 et une puissance de refroidissement. \u00e9lev\u00e9es.<\/p>\n<\/p><\/div><\/div><\/div><\/div><\/div>\n<hr>\n<p>        [vc_row mobile_bg_img_hidden=\u00a0\u00bbno\u00a0\u00bb tablet_bg_img_hidden=\u00a0\u00bbno\u00a0\u00bb woodmart_parallax=\u00a0\u00bb0&Prime; woodmart_gradient_switch=\u00a0\u00bbno\u00a0\u00bb row_reverse_mobile=\u00a0\u00bb0&Prime; row_reverse_tablet=\u00a0\u00bb0&Prime; woodmart_disable_overflow=\u00a0\u00bb0&Prime; el_class=\u00a0\u00bbfilaImgCaracteristica\u00a0\u00bb][vc_column mobile_bg_img_hidden=\u00a0\u00bbno\u00a0\u00bb tablet_bg_img_hidden=\u00a0\u00bbno\u00a0\u00bb woodmart_parallax=\u00a0\u00bb0&Prime; woodmart_sticky_column=\u00a0\u00bbfalse\u00a0\u00bb parallax_scroll=\u00a0\u00bbno\u00a0\u00bb mobile_reset_margin=\u00a0\u00bbno\u00a0\u00bb tablet_reset_margin=\u00a0\u00bbno\u00a0\u00bb]<\/p>\n<div class=\"container mb-1\">\n<h3 class=\"text-center\">Informaci\u00f3n t\u00e9cnica<\/h3>\n<div class=\"row row-cols-1 row-cols-md-2 row-cols-xl-3 justify-content-md-center\">\n<div class=\"col-xs-1 col-md-1\">\n<div class=\"card\">\n                            <img decoding=\"async\" class=\"card-img-top w-100 d-block fit-cover pictoprincipalgrande\" src=\"https:\/\/giatsu.com\/wp-content\/uploads\/2023\/08\/smart_grid-c6ddd4.webp\" \/><\/p>\n<div class=\"card-body p-4\">\n<h4 class=\"card-text textospictospeques\">Smart grid<\/h4>\n<\/p><\/div><\/div><\/div>\n<div class=\"col-xs-1 col-md-1\">\n<div class=\"card\">\n                            <img decoding=\"async\" class=\"card-img-top w-100 d-block fit-cover pictoprincipalgrande\" src=\"https:\/\/giatsu.com\/wp-content\/uploads\/2025\/04\/kit_hidraulico_incluido-fe8710.webp\" \/><\/p>\n<div class=\"card-body p-4\">\n<h4 class=\"card-text textospictospeques\">Kit hydraulique inclus<\/h4>\n<\/p><\/div><\/div><\/div>\n<div class=\"col-xs-1 col-md-1\">\n<div class=\"card\">\n                            <img decoding=\"async\" class=\"card-img-top w-100 d-block fit-cover pictoprincipalgrande\" src=\"https:\/\/giatsu.com\/wp-content\/uploads\/2023\/08\/control_cableado-c1d085.webp\" \/><\/p>\n<div class=\"card-body p-4\">\n<h4 class=\"card-text textospictospeques\">Surveillance filaire<\/h4>\n<\/p><\/div><\/div><\/div><\/div><\/div>\n<div class=\"row\">\n<hr>\n<div class=\"col text-center\"><a target=\"_blank\" href=\"https:\/\/giatsu.com\/documentacion\/\/giatsu-manual-de-usuario-e-instalacion-chillers-minichiller-inverter-r32-multiidioma.pdf\" class=\"btn btn-light border rounded-4 botonDescargaManual botondescarga\">Manuel de l&rsquo;utilisateur<\/a><\/div>\n<hr>\n<\/div>\n<\/div>","protected":false},"excerpt":{"rendered":"<p>D&eacute;couvrez notre <strong>Mini Chiller Giatsu<\/strong> avec unit&eacute; hydraulique, technologie DC inverter, &eacute;changeur de chaleur INOX et dimensions r&eacute;duites.<\/p>\n<p>C\u00a0\u00bbest le choix id&eacute;al pour ceux qui recherchent une solution de refroidissement efficace et polyvalente dans des espaces limit&eacute;s.<\/p>\n<p>Notre Mini Chiller utilise un <strong>compresseur DC inverter<\/strong> qui ajuste automatiquement la vitesse en fonction de la demande de refroidissement, ce qui permet d\u00a0\u00bboptimiser la consommation d\u00a0\u00bb&eacute;nergie et de r&eacute;aliser des &eacute;conomies significatives sur vos factures d\u00a0\u00bb&eacute;lectricit&eacute;.<\/p>\n<p>L\u00a0\u00bb<strong> &eacute;changeur de chaleur INOX <\/strong>est une autre caract&eacute;ristique remarquable. Cet &eacute;changeur de chaleur en acier inoxydable assure un transfert de chaleur efficace et durable, ce qui se traduit par des performances optimales et une plus longue dur&eacute;e de vie de l\u00a0\u00bb&eacute;quipement.<\/p>\n<p>Malgr&eacute; sa taille compacte, il offre des performances puissantes et fiables. Sa <strong>conception intelligente et efficace<\/strong> permet une installation facile dans les espaces restreints, sans compromettre la capacit&eacute; de refroidissement.<\/p>\n<p>Il s\u00a0\u00bbagit d\u00a0\u00bbune solution polyvalente qui s\u00a0\u00bbadapte &agrave; un large &eacute;ventail d\u00a0\u00bbapplications, des petits bureaux aux espaces commerciaux en passant par les r&eacute;sidences.<\/p>\n<p>Puissances disponibles : 11.6KW, 13.4KW, 14KW<\/p>\n<div class='pictosvoz'><\/div>\n","protected":false},"featured_media":11088,"template":"","meta":{"_monsterinsights_skip_tracking":false,"_monsterinsights_sitenote_active":false,"_monsterinsights_sitenote_note":"","_monsterinsights_sitenote_category":0},"product_brand":[],"product_cat":[755],"product_tag":[],"class_list":{"0":"post-12524","1":"product","2":"type-product","3":"status-publish","4":"has-post-thumbnail","6":"product_cat-chillers-industriel","8":"first","9":"instock","10":"shipping-taxable","11":"product-type-simple"},"yoast_head":"<!-- This site is optimized with the Yoast SEO plugin v27.3 - https:\/\/yoast.com\/product\/yoast-seo-wordpress\/ -->\n<title>MINI-CHILLER \u00c0 INVERSEUR TRIPHAS\u00c9<\/title>\n<meta name=\"description\" content=\"Notre Mini Chiller utilise un compresseur DC inverter qui ajuste automatiquement la vitesse en fonction de la demande de refroidissement, ce qui permet d&#039;&#039;optimiser la consommation d&#039;&#039;\u00e9nergie et de r\u00e9aliser des \u00e9conomies significatives sur vos factures d&#039;&#039;\u00e9lectricit\u00e9.\" \/>\n<meta name=\"robots\" content=\"index, follow, max-snippet:-1, max-image-preview:large, max-video-preview:-1\" \/>\n<link rel=\"canonical\" href=\"https:\/\/giatsu.com\/fr\/industriel\/chillers-industriel\/mini-chiller-a-inverseur-triphase\/\" \/>\n<meta property=\"og:locale\" content=\"fr_FR\" \/>\n<meta property=\"og:type\" content=\"article\" \/>\n<meta property=\"og:title\" content=\"MINI-CHILLER \u00c0 INVERSEUR TRIPHAS\u00c9\" \/>\n<meta property=\"og:description\" content=\"Notre Mini Chiller utilise un compresseur DC inverter qui ajuste automatiquement la vitesse en fonction de la demande de refroidissement, ce qui permet d&#039;&#039;optimiser la consommation d&#039;&#039;\u00e9nergie et de r\u00e9aliser des \u00e9conomies significatives sur vos factures d&#039;&#039;\u00e9lectricit\u00e9.\" \/>\n<meta property=\"og:url\" content=\"https:\/\/giatsu.com\/fr\/industriel\/chillers-industriel\/mini-chiller-a-inverseur-triphase\/\" \/>\n<meta property=\"og:site_name\" content=\"GIATSU\" \/>\n<meta property=\"article:modified_time\" content=\"2025-04-16T11:00:39+00:00\" \/>\n<meta property=\"og:image\" content=\"https:\/\/giatsu.com\/wp-content\/uploads\/2023\/08\/minichiller-8bf0c9.webp\" \/>\n\t<meta property=\"og:image:width\" content=\"800\" \/>\n\t<meta property=\"og:image:height\" content=\"800\" \/>\n\t<meta property=\"og:image:type\" content=\"image\/webp\" \/>\n<meta name=\"twitter:card\" content=\"summary_large_image\" \/>\n<meta name=\"twitter:label1\" content=\"Dur\u00e9e de lecture estim\u00e9e\" \/>\n\t<meta name=\"twitter:data1\" content=\"1 minute\" \/>\n<script type=\"application\/ld+json\" class=\"yoast-schema-graph\">{\"@context\":\"https:\\\/\\\/schema.org\",\"@graph\":[{\"@type\":\"WebPage\",\"@id\":\"https:\\\/\\\/giatsu.com\\\/fr\\\/industriel\\\/chillers-industriel\\\/mini-chiller-a-inverseur-triphase\\\/\",\"url\":\"https:\\\/\\\/giatsu.com\\\/fr\\\/industriel\\\/chillers-industriel\\\/mini-chiller-a-inverseur-triphase\\\/\",\"name\":\"MINI-CHILLER \u00c0 INVERSEUR TRIPHAS\u00c9\",\"isPartOf\":{\"@id\":\"https:\\\/\\\/giatsu.com\\\/es\\\/#website\"},\"primaryImageOfPage\":{\"@id\":\"https:\\\/\\\/giatsu.com\\\/fr\\\/industriel\\\/chillers-industriel\\\/mini-chiller-a-inverseur-triphase\\\/#primaryimage\"},\"image\":{\"@id\":\"https:\\\/\\\/giatsu.com\\\/fr\\\/industriel\\\/chillers-industriel\\\/mini-chiller-a-inverseur-triphase\\\/#primaryimage\"},\"thumbnailUrl\":\"https:\\\/\\\/giatsu.com\\\/wp-content\\\/uploads\\\/2023\\\/08\\\/minichiller-8bf0c9.webp\",\"datePublished\":\"2023-06-06T07:03:29+00:00\",\"dateModified\":\"2025-04-16T11:00:39+00:00\",\"description\":\"Notre Mini Chiller utilise un compresseur DC inverter qui ajuste automatiquement la vitesse en fonction de la demande de refroidissement, ce qui permet d''optimiser la consommation d''\u00e9nergie et de r\u00e9aliser des \u00e9conomies significatives sur vos factures d''\u00e9lectricit\u00e9.\",\"breadcrumb\":{\"@id\":\"https:\\\/\\\/giatsu.com\\\/fr\\\/industriel\\\/chillers-industriel\\\/mini-chiller-a-inverseur-triphase\\\/#breadcrumb\"},\"inLanguage\":\"fr-FR\",\"potentialAction\":[{\"@type\":\"ReadAction\",\"target\":[\"https:\\\/\\\/giatsu.com\\\/fr\\\/industriel\\\/chillers-industriel\\\/mini-chiller-a-inverseur-triphase\\\/\"]}]},{\"@type\":\"ImageObject\",\"inLanguage\":\"fr-FR\",\"@id\":\"https:\\\/\\\/giatsu.com\\\/fr\\\/industriel\\\/chillers-industriel\\\/mini-chiller-a-inverseur-triphase\\\/#primaryimage\",\"url\":\"https:\\\/\\\/giatsu.com\\\/wp-content\\\/uploads\\\/2023\\\/08\\\/minichiller-8bf0c9.webp\",\"contentUrl\":\"https:\\\/\\\/giatsu.com\\\/wp-content\\\/uploads\\\/2023\\\/08\\\/minichiller-8bf0c9.webp\",\"width\":800,\"height\":800},{\"@type\":\"BreadcrumbList\",\"@id\":\"https:\\\/\\\/giatsu.com\\\/fr\\\/industriel\\\/chillers-industriel\\\/mini-chiller-a-inverseur-triphase\\\/#breadcrumb\",\"itemListElement\":[{\"@type\":\"ListItem\",\"position\":1,\"name\":\"Home\",\"item\":\"https:\\\/\\\/giatsu.com\\\/es\\\/\"},{\"@type\":\"ListItem\",\"position\":2,\"name\":\"PRODUCTOS\",\"item\":\"https:\\\/\\\/giatsu.com\\\/es\\\/productos\\\/\"},{\"@type\":\"ListItem\",\"position\":3,\"name\":\"MINI-CHILLER \u00c0 INVERSEUR TRIPHAS\u00c9\"}]},{\"@type\":\"WebSite\",\"@id\":\"https:\\\/\\\/giatsu.com\\\/es\\\/#website\",\"url\":\"https:\\\/\\\/giatsu.com\\\/es\\\/\",\"name\":\"GIATSU\",\"description\":\"Quality Comfort Everywhere\",\"potentialAction\":[{\"@type\":\"SearchAction\",\"target\":{\"@type\":\"EntryPoint\",\"urlTemplate\":\"https:\\\/\\\/giatsu.com\\\/es\\\/?s={search_term_string}\"},\"query-input\":{\"@type\":\"PropertyValueSpecification\",\"valueRequired\":true,\"valueName\":\"search_term_string\"}}],\"inLanguage\":\"fr-FR\"}]}<\/script>\n<!-- \/ Yoast SEO plugin. -->","yoast_head_json":{"title":"MINI-CHILLER \u00c0 INVERSEUR TRIPHAS\u00c9","description":"Notre Mini Chiller utilise un compresseur DC inverter qui ajuste automatiquement la vitesse en fonction de la demande de refroidissement, ce qui permet d''optimiser la consommation d''\u00e9nergie et de r\u00e9aliser des \u00e9conomies significatives sur vos factures d''\u00e9lectricit\u00e9.","robots":{"index":"index","follow":"follow","max-snippet":"max-snippet:-1","max-image-preview":"max-image-preview:large","max-video-preview":"max-video-preview:-1"},"canonical":"https:\/\/giatsu.com\/fr\/industriel\/chillers-industriel\/mini-chiller-a-inverseur-triphase\/","og_locale":"fr_FR","og_type":"article","og_title":"MINI-CHILLER \u00c0 INVERSEUR TRIPHAS\u00c9","og_description":"Notre Mini Chiller utilise un compresseur DC inverter qui ajuste automatiquement la vitesse en fonction de la demande de refroidissement, ce qui permet d''optimiser la consommation d''\u00e9nergie et de r\u00e9aliser des \u00e9conomies significatives sur vos factures d''\u00e9lectricit\u00e9.","og_url":"https:\/\/giatsu.com\/fr\/industriel\/chillers-industriel\/mini-chiller-a-inverseur-triphase\/","og_site_name":"GIATSU","article_modified_time":"2025-04-16T11:00:39+00:00","og_image":[{"width":800,"height":800,"url":"https:\/\/giatsu.com\/wp-content\/uploads\/2023\/08\/minichiller-8bf0c9.webp","type":"image\/webp"}],"twitter_card":"summary_large_image","twitter_misc":{"Dur\u00e9e de lecture estim\u00e9e":"1 minute"},"schema":{"@context":"https:\/\/schema.org","@graph":[{"@type":"WebPage","@id":"https:\/\/giatsu.com\/fr\/industriel\/chillers-industriel\/mini-chiller-a-inverseur-triphase\/","url":"https:\/\/giatsu.com\/fr\/industriel\/chillers-industriel\/mini-chiller-a-inverseur-triphase\/","name":"MINI-CHILLER \u00c0 INVERSEUR TRIPHAS\u00c9","isPartOf":{"@id":"https:\/\/giatsu.com\/es\/#website"},"primaryImageOfPage":{"@id":"https:\/\/giatsu.com\/fr\/industriel\/chillers-industriel\/mini-chiller-a-inverseur-triphase\/#primaryimage"},"image":{"@id":"https:\/\/giatsu.com\/fr\/industriel\/chillers-industriel\/mini-chiller-a-inverseur-triphase\/#primaryimage"},"thumbnailUrl":"https:\/\/giatsu.com\/wp-content\/uploads\/2023\/08\/minichiller-8bf0c9.webp","datePublished":"2023-06-06T07:03:29+00:00","dateModified":"2025-04-16T11:00:39+00:00","description":"Notre Mini Chiller utilise un compresseur DC inverter qui ajuste automatiquement la vitesse en fonction de la demande de refroidissement, ce qui permet d''optimiser la consommation d''\u00e9nergie et de r\u00e9aliser des \u00e9conomies significatives sur vos factures d''\u00e9lectricit\u00e9.","breadcrumb":{"@id":"https:\/\/giatsu.com\/fr\/industriel\/chillers-industriel\/mini-chiller-a-inverseur-triphase\/#breadcrumb"},"inLanguage":"fr-FR","potentialAction":[{"@type":"ReadAction","target":["https:\/\/giatsu.com\/fr\/industriel\/chillers-industriel\/mini-chiller-a-inverseur-triphase\/"]}]},{"@type":"ImageObject","inLanguage":"fr-FR","@id":"https:\/\/giatsu.com\/fr\/industriel\/chillers-industriel\/mini-chiller-a-inverseur-triphase\/#primaryimage","url":"https:\/\/giatsu.com\/wp-content\/uploads\/2023\/08\/minichiller-8bf0c9.webp","contentUrl":"https:\/\/giatsu.com\/wp-content\/uploads\/2023\/08\/minichiller-8bf0c9.webp","width":800,"height":800},{"@type":"BreadcrumbList","@id":"https:\/\/giatsu.com\/fr\/industriel\/chillers-industriel\/mini-chiller-a-inverseur-triphase\/#breadcrumb","itemListElement":[{"@type":"ListItem","position":1,"name":"Home","item":"https:\/\/giatsu.com\/es\/"},{"@type":"ListItem","position":2,"name":"PRODUCTOS","item":"https:\/\/giatsu.com\/es\/productos\/"},{"@type":"ListItem","position":3,"name":"MINI-CHILLER \u00c0 INVERSEUR TRIPHAS\u00c9"}]},{"@type":"WebSite","@id":"https:\/\/giatsu.com\/es\/#website","url":"https:\/\/giatsu.com\/es\/","name":"GIATSU","description":"Quality Comfort Everywhere","potentialAction":[{"@type":"SearchAction","target":{"@type":"EntryPoint","urlTemplate":"https:\/\/giatsu.com\/es\/?s={search_term_string}"},"query-input":{"@type":"PropertyValueSpecification","valueRequired":true,"valueName":"search_term_string"}}],"inLanguage":"fr-FR"}]}},"_links":{"self":[{"href":"https:\/\/giatsu.com\/fr\/wp-json\/wp\/v2\/product\/12524","targetHints":{"allow":["GET"]}}],"collection":[{"href":"https:\/\/giatsu.com\/fr\/wp-json\/wp\/v2\/product"}],"about":[{"href":"https:\/\/giatsu.com\/fr\/wp-json\/wp\/v2\/types\/product"}],"wp:featuredmedia":[{"embeddable":true,"href":"https:\/\/giatsu.com\/fr\/wp-json\/wp\/v2\/media\/11088"}],"wp:attachment":[{"href":"https:\/\/giatsu.com\/fr\/wp-json\/wp\/v2\/media?parent=12524"}],"wp:term":[{"taxonomy":"product_brand","embeddable":true,"href":"https:\/\/giatsu.com\/fr\/wp-json\/wp\/v2\/product_brand?post=12524"},{"taxonomy":"product_cat","embeddable":true,"href":"https:\/\/giatsu.com\/fr\/wp-json\/wp\/v2\/product_cat?post=12524"},{"taxonomy":"product_tag","embeddable":true,"href":"https:\/\/giatsu.com\/fr\/wp-json\/wp\/v2\/product_tag?post=12524"}],"curies":[{"name":"wp","href":"https:\/\/api.w.org\/{rel}","templated":true}]}}