{"id":12512,"date":"2023-06-06T07:03:24","date_gmt":"2023-06-06T07:03:24","guid":{"rendered":"https:\/\/giatsu.com\/?post_type=product&#038;p=12512"},"modified":"2025-04-16T11:06:44","modified_gmt":"2025-04-16T11:06:44","slug":"refroidisseurs-modulaires-a-inverseur-refroidisseurs","status":"publish","type":"product","link":"https:\/\/giatsu.com\/fr\/industriel\/chillers-industriel\/refroidisseurs-modulaires-a-inverseur-refroidisseurs\/","title":{"rendered":"REFROIDISSEURS MODULAIRES \u00c0 INVERSEUR REFROIDISSEURS"},"content":{"rendered":"<div class=\"wpb-content-wrapper\"><div class=\"container mb-1 moduloprincipalespictos\">\n<h2 class=\"text-center tituloprincipales\">Caracter\u00edsticas principales<\/h2>\n<div class=\"row row-cols-1 row-cols-md-2 row-cols-xl-3\">\n<div class=\"col-xs-6 col-md-3 order-last\">\n<div class=\"card\">\n                            <img decoding=\"async\" class=\"card-img-top w-100 d-block fit-cover pictoprincipalgrande\" src=\"https:\/\/giatsu.com\/wp-content\/uploads\/2023\/08\/r32-58a8d5.webp\" \/><\/p>\n<div class=\"card-body p-4\">\n<h3 class=\"font-weight-bold card-title\">R\u00e9frig\u00e9rant R32<\/h3>\n<p class=\"card-text\">Le gaz R32 a un tr\u00e8s faible indice de potentiel de r\u00e9chauffement atmosph\u00e9rique (PTA), une efficacit\u00e9 et une puissance de refroidissement. \u00e9lev\u00e9es.<\/p>\n<\/p><\/div><\/div><\/div>\n<div class=\"col-xs-6 col-md-3 order-last\">\n<div class=\"card\">\n                            <img decoding=\"async\" class=\"card-img-top w-100 d-block fit-cover pictoprincipalgrande\" src=\"https:\/\/giatsu.com\/wp-content\/uploads\/2023\/06\/tecnologia_inverter-495dd8.webp\" \/><\/p>\n<div class=\"card-body p-4\">\n<h3 class=\"font-weight-bold card-title\">Technologie inverter<\/h3>\n<p class=\"card-text\">En faisant fonctionner le compresseur en continu, des \u00e9conomies d?\u00e9nergie allant jusqu?\u00e0 50% sont r\u00e9alis\u00e9es par rapport aux \u00e9quipements conventionnels.<\/p>\n<\/p><\/div><\/div><\/div><\/div><\/div>\n<hr>\n<p>        [vc_row mobile_bg_img_hidden=\u00a0\u00bbno\u00a0\u00bb tablet_bg_img_hidden=\u00a0\u00bbno\u00a0\u00bb woodmart_parallax=\u00a0\u00bb0&Prime; woodmart_gradient_switch=\u00a0\u00bbno\u00a0\u00bb row_reverse_mobile=\u00a0\u00bb0&Prime; row_reverse_tablet=\u00a0\u00bb0&Prime; woodmart_disable_overflow=\u00a0\u00bb0&Prime; el_class=\u00a0\u00bbfilaImgCaracteristica\u00a0\u00bb][vc_column mobile_bg_img_hidden=\u00a0\u00bbno\u00a0\u00bb tablet_bg_img_hidden=\u00a0\u00bbno\u00a0\u00bb woodmart_parallax=\u00a0\u00bb0&Prime; woodmart_sticky_column=\u00a0\u00bbfalse\u00a0\u00bb parallax_scroll=\u00a0\u00bbno\u00a0\u00bb mobile_reset_margin=\u00a0\u00bbno\u00a0\u00bb tablet_reset_margin=\u00a0\u00bbno\u00a0\u00bb]<\/p>\n<div class=\"row justify-content-md-center\">\n<div class=\"vc_btn3-container vc_btn3-inline\" id=\"botonDescargarFicha\">\n                        <a target=\"_blank\" class=\"btn btn-light border rounded-4 botondescarga\" href=\"https:\/\/giatsu.com\/documentacion\/\/giatsu-fichas-tecnicas-chillers-enfriadoras-modulares-inverter-aqua-thermal-r32-frances.pdf\" title=\"\">T\u00e9l\u00e9charger la fiche<\/a>\n                 <\/div><\/div>\n<div class=\"row\">\n<hr>\n<div class=\"col text-center\"><a target=\"_blank\" href=\"https:\/\/giatsu.com\/documentacion\/\/giatsu-manual-de-usuario-e-instalacion-chillers-enfriadoras-modulares-inverter-aqua-thermal-r32-multiidioma.pdf\" class=\"btn btn-light border rounded-4 botonDescargaManual botondescarga\">Manuel de l&rsquo;utilisateur<\/a><\/div>\n<hr>\n<\/div>\n<\/div>","protected":false},"excerpt":{"rendered":"<p>D&eacute;couvrez notre <strong>Giatsu Chiller Chiller<\/strong>, &eacute;quip&eacute; d\u00a0\u00bbun <strong>onduleur DC complet<\/strong>, d\u00a0\u00bbune possibilit&eacute; de gestion en cascade, d\u00a0\u00bbune pompe &agrave; chaleur et d\u00a0\u00bbun &eacute;changeur d\u00a0\u00bbair &agrave; efficacit&eacute; maximale.<\/p>\n<p>C\u00a0\u00bbest le choix id&eacute;al pour ceux qui recherchent un <strong>syst&egrave;me de refroidissement performant et polyvalent<\/strong>. Gr&acirc;ce &agrave; la technologie DC inverter, il garantit un fonctionnement efficace et &eacute;conomique, en adaptant la vitesse du compresseur &agrave; la demande de refroidissement, ce qui permet de r&eacute;aliser d\u00a0\u00bbimportantes &eacute;conomies d\u00a0\u00bb&eacute;nergie.<\/p>\n<p>Gr&acirc;ce &agrave; la fonction cascade, vous pouvez connecter et g&eacute;rer plusieurs unit&eacute;s, en maximisant les performances et en vous adaptant aux besoins sp&eacute;cifiques de votre projet.<\/p>\n<p>Cette polyvalence vous permet de l\u00a0\u00bbutiliser &agrave; la fois pour<strong>refroidir<\/strong> et chauffer votre espace, vous offrant ainsi un contr&ocirc;le complet de la temp&eacute;rature tout au long de l\u00a0\u00bbann&eacute;e. Profitez d\u00a0\u00bbun confort et d\u00a0\u00bbune efficacit&eacute; exceptionnels dans une seule unit&eacute;.<\/p>\n<p>L\u00a0\u00bb<strong>&eacute;changeur d\u00a0\u00bbair &agrave; efficacit&eacute; maximale<\/strong> est une autre caract&eacute;ristique remarquable. Cet &eacute;changeur assure un transfert de chaleur optimal, maximisant ainsi les performances et l\u00a0\u00bbefficacit&eacute; &eacute;nerg&eacute;tique.<\/p>\n<p>Il constitue une solution compl&egrave;te et fiable pour votre syst&egrave;me de refroidissement. Con&ccedil;u selon les normes de qualit&eacute; les plus strictes, vous pouvez compter sur ses performances constantes et sa durabilit&eacute; &agrave; long terme.<\/p>\n<p>Puissances disponibles: 82KW, 164KW<\/p>\n<div class='pictosvoz'><\/div>\n","protected":false},"featured_media":10873,"template":"","meta":{"_monsterinsights_skip_tracking":false,"_monsterinsights_sitenote_active":false,"_monsterinsights_sitenote_note":"","_monsterinsights_sitenote_category":0},"product_brand":[],"product_cat":[755],"product_tag":[],"class_list":{"0":"post-12512","1":"product","2":"type-product","3":"status-publish","4":"has-post-thumbnail","6":"product_cat-chillers-industriel","8":"first","9":"instock","10":"shipping-taxable","11":"product-type-simple"},"yoast_head":"<!-- This site is optimized with the Yoast SEO plugin v27.4 - https:\/\/yoast.com\/product\/yoast-seo-wordpress\/ -->\n<title>Giatsu Chiller Cooler<\/title>\n<meta name=\"description\" content=\"Giatsu Modular Inverter Chiller avec technologie DC inverter compl\u00e8te, gestion en cascade, pompe \u00e0 chaleur et haute efficacit\u00e9 \u00e9nerg\u00e9tique.\" \/>\n<meta name=\"robots\" content=\"index, follow, max-snippet:-1, max-image-preview:large, max-video-preview:-1\" \/>\n<link rel=\"canonical\" href=\"https:\/\/giatsu.com\/fr\/industriel\/chillers-industriel\/refroidisseurs-modulaires-a-inverseur-refroidisseurs\/\" \/>\n<meta property=\"og:locale\" content=\"fr_FR\" \/>\n<meta property=\"og:type\" content=\"article\" \/>\n<meta property=\"og:title\" content=\"Giatsu Chiller Cooler\" \/>\n<meta property=\"og:description\" content=\"Giatsu Modular Inverter Chiller avec technologie DC inverter compl\u00e8te, gestion en cascade, pompe \u00e0 chaleur et haute efficacit\u00e9 \u00e9nerg\u00e9tique.\" \/>\n<meta property=\"og:url\" content=\"https:\/\/giatsu.com\/fr\/industriel\/chillers-industriel\/refroidisseurs-modulaires-a-inverseur-refroidisseurs\/\" \/>\n<meta property=\"og:site_name\" content=\"GIATSU\" \/>\n<meta property=\"article:modified_time\" content=\"2025-04-16T11:06:44+00:00\" \/>\n<meta property=\"og:image\" content=\"https:\/\/giatsu.com\/wp-content\/uploads\/2023\/08\/chiller2-e3fe3c.webp\" \/>\n\t<meta property=\"og:image:width\" content=\"800\" \/>\n\t<meta property=\"og:image:height\" content=\"800\" \/>\n\t<meta property=\"og:image:type\" content=\"image\/webp\" \/>\n<meta name=\"twitter:card\" content=\"summary_large_image\" \/>\n<meta name=\"twitter:label1\" content=\"Dur\u00e9e de lecture estim\u00e9e\" \/>\n\t<meta name=\"twitter:data1\" content=\"1 minute\" \/>\n<script type=\"application\/ld+json\" class=\"yoast-schema-graph\">{\"@context\":\"https:\\\/\\\/schema.org\",\"@graph\":[{\"@type\":\"WebPage\",\"@id\":\"https:\\\/\\\/giatsu.com\\\/fr\\\/industriel\\\/chillers-industriel\\\/refroidisseurs-modulaires-a-inverseur-refroidisseurs\\\/\",\"url\":\"https:\\\/\\\/giatsu.com\\\/fr\\\/industriel\\\/chillers-industriel\\\/refroidisseurs-modulaires-a-inverseur-refroidisseurs\\\/\",\"name\":\"Giatsu Chiller Cooler\",\"isPartOf\":{\"@id\":\"https:\\\/\\\/giatsu.com\\\/es\\\/#website\"},\"primaryImageOfPage\":{\"@id\":\"https:\\\/\\\/giatsu.com\\\/fr\\\/industriel\\\/chillers-industriel\\\/refroidisseurs-modulaires-a-inverseur-refroidisseurs\\\/#primaryimage\"},\"image\":{\"@id\":\"https:\\\/\\\/giatsu.com\\\/fr\\\/industriel\\\/chillers-industriel\\\/refroidisseurs-modulaires-a-inverseur-refroidisseurs\\\/#primaryimage\"},\"thumbnailUrl\":\"https:\\\/\\\/giatsu.com\\\/wp-content\\\/uploads\\\/2023\\\/08\\\/chiller2-e3fe3c.webp\",\"datePublished\":\"2023-06-06T07:03:24+00:00\",\"dateModified\":\"2025-04-16T11:06:44+00:00\",\"description\":\"Giatsu Modular Inverter Chiller avec technologie DC inverter compl\u00e8te, gestion en cascade, pompe \u00e0 chaleur et haute efficacit\u00e9 \u00e9nerg\u00e9tique.\",\"breadcrumb\":{\"@id\":\"https:\\\/\\\/giatsu.com\\\/fr\\\/industriel\\\/chillers-industriel\\\/refroidisseurs-modulaires-a-inverseur-refroidisseurs\\\/#breadcrumb\"},\"inLanguage\":\"fr-FR\",\"potentialAction\":[{\"@type\":\"ReadAction\",\"target\":[\"https:\\\/\\\/giatsu.com\\\/fr\\\/industriel\\\/chillers-industriel\\\/refroidisseurs-modulaires-a-inverseur-refroidisseurs\\\/\"]}]},{\"@type\":\"ImageObject\",\"inLanguage\":\"fr-FR\",\"@id\":\"https:\\\/\\\/giatsu.com\\\/fr\\\/industriel\\\/chillers-industriel\\\/refroidisseurs-modulaires-a-inverseur-refroidisseurs\\\/#primaryimage\",\"url\":\"https:\\\/\\\/giatsu.com\\\/wp-content\\\/uploads\\\/2023\\\/08\\\/chiller2-e3fe3c.webp\",\"contentUrl\":\"https:\\\/\\\/giatsu.com\\\/wp-content\\\/uploads\\\/2023\\\/08\\\/chiller2-e3fe3c.webp\",\"width\":800,\"height\":800},{\"@type\":\"BreadcrumbList\",\"@id\":\"https:\\\/\\\/giatsu.com\\\/fr\\\/industriel\\\/chillers-industriel\\\/refroidisseurs-modulaires-a-inverseur-refroidisseurs\\\/#breadcrumb\",\"itemListElement\":[{\"@type\":\"ListItem\",\"position\":1,\"name\":\"Home\",\"item\":\"https:\\\/\\\/giatsu.com\\\/es\\\/\"},{\"@type\":\"ListItem\",\"position\":2,\"name\":\"PRODUCTOS\",\"item\":\"https:\\\/\\\/giatsu.com\\\/es\\\/productos\\\/\"},{\"@type\":\"ListItem\",\"position\":3,\"name\":\"REFROIDISSEURS MODULAIRES \u00c0 INVERSEUR REFROIDISSEURS\"}]},{\"@type\":\"WebSite\",\"@id\":\"https:\\\/\\\/giatsu.com\\\/es\\\/#website\",\"url\":\"https:\\\/\\\/giatsu.com\\\/es\\\/\",\"name\":\"GIATSU\",\"description\":\"Quality Comfort Everywhere\",\"potentialAction\":[{\"@type\":\"SearchAction\",\"target\":{\"@type\":\"EntryPoint\",\"urlTemplate\":\"https:\\\/\\\/giatsu.com\\\/es\\\/?s={search_term_string}\"},\"query-input\":{\"@type\":\"PropertyValueSpecification\",\"valueRequired\":true,\"valueName\":\"search_term_string\"}}],\"inLanguage\":\"fr-FR\"}]}<\/script>\n<!-- \/ Yoast SEO plugin. -->","yoast_head_json":{"title":"Giatsu Chiller Cooler","description":"Giatsu Modular Inverter Chiller avec technologie DC inverter compl\u00e8te, gestion en cascade, pompe \u00e0 chaleur et haute efficacit\u00e9 \u00e9nerg\u00e9tique.","robots":{"index":"index","follow":"follow","max-snippet":"max-snippet:-1","max-image-preview":"max-image-preview:large","max-video-preview":"max-video-preview:-1"},"canonical":"https:\/\/giatsu.com\/fr\/industriel\/chillers-industriel\/refroidisseurs-modulaires-a-inverseur-refroidisseurs\/","og_locale":"fr_FR","og_type":"article","og_title":"Giatsu Chiller Cooler","og_description":"Giatsu Modular Inverter Chiller avec technologie DC inverter compl\u00e8te, gestion en cascade, pompe \u00e0 chaleur et haute efficacit\u00e9 \u00e9nerg\u00e9tique.","og_url":"https:\/\/giatsu.com\/fr\/industriel\/chillers-industriel\/refroidisseurs-modulaires-a-inverseur-refroidisseurs\/","og_site_name":"GIATSU","article_modified_time":"2025-04-16T11:06:44+00:00","og_image":[{"width":800,"height":800,"url":"https:\/\/giatsu.com\/wp-content\/uploads\/2023\/08\/chiller2-e3fe3c.webp","type":"image\/webp"}],"twitter_card":"summary_large_image","twitter_misc":{"Dur\u00e9e de lecture estim\u00e9e":"1 minute"},"schema":{"@context":"https:\/\/schema.org","@graph":[{"@type":"WebPage","@id":"https:\/\/giatsu.com\/fr\/industriel\/chillers-industriel\/refroidisseurs-modulaires-a-inverseur-refroidisseurs\/","url":"https:\/\/giatsu.com\/fr\/industriel\/chillers-industriel\/refroidisseurs-modulaires-a-inverseur-refroidisseurs\/","name":"Giatsu Chiller Cooler","isPartOf":{"@id":"https:\/\/giatsu.com\/es\/#website"},"primaryImageOfPage":{"@id":"https:\/\/giatsu.com\/fr\/industriel\/chillers-industriel\/refroidisseurs-modulaires-a-inverseur-refroidisseurs\/#primaryimage"},"image":{"@id":"https:\/\/giatsu.com\/fr\/industriel\/chillers-industriel\/refroidisseurs-modulaires-a-inverseur-refroidisseurs\/#primaryimage"},"thumbnailUrl":"https:\/\/giatsu.com\/wp-content\/uploads\/2023\/08\/chiller2-e3fe3c.webp","datePublished":"2023-06-06T07:03:24+00:00","dateModified":"2025-04-16T11:06:44+00:00","description":"Giatsu Modular Inverter Chiller avec technologie DC inverter compl\u00e8te, gestion en cascade, pompe \u00e0 chaleur et haute efficacit\u00e9 \u00e9nerg\u00e9tique.","breadcrumb":{"@id":"https:\/\/giatsu.com\/fr\/industriel\/chillers-industriel\/refroidisseurs-modulaires-a-inverseur-refroidisseurs\/#breadcrumb"},"inLanguage":"fr-FR","potentialAction":[{"@type":"ReadAction","target":["https:\/\/giatsu.com\/fr\/industriel\/chillers-industriel\/refroidisseurs-modulaires-a-inverseur-refroidisseurs\/"]}]},{"@type":"ImageObject","inLanguage":"fr-FR","@id":"https:\/\/giatsu.com\/fr\/industriel\/chillers-industriel\/refroidisseurs-modulaires-a-inverseur-refroidisseurs\/#primaryimage","url":"https:\/\/giatsu.com\/wp-content\/uploads\/2023\/08\/chiller2-e3fe3c.webp","contentUrl":"https:\/\/giatsu.com\/wp-content\/uploads\/2023\/08\/chiller2-e3fe3c.webp","width":800,"height":800},{"@type":"BreadcrumbList","@id":"https:\/\/giatsu.com\/fr\/industriel\/chillers-industriel\/refroidisseurs-modulaires-a-inverseur-refroidisseurs\/#breadcrumb","itemListElement":[{"@type":"ListItem","position":1,"name":"Home","item":"https:\/\/giatsu.com\/es\/"},{"@type":"ListItem","position":2,"name":"PRODUCTOS","item":"https:\/\/giatsu.com\/es\/productos\/"},{"@type":"ListItem","position":3,"name":"REFROIDISSEURS MODULAIRES \u00c0 INVERSEUR REFROIDISSEURS"}]},{"@type":"WebSite","@id":"https:\/\/giatsu.com\/es\/#website","url":"https:\/\/giatsu.com\/es\/","name":"GIATSU","description":"Quality Comfort Everywhere","potentialAction":[{"@type":"SearchAction","target":{"@type":"EntryPoint","urlTemplate":"https:\/\/giatsu.com\/es\/?s={search_term_string}"},"query-input":{"@type":"PropertyValueSpecification","valueRequired":true,"valueName":"search_term_string"}}],"inLanguage":"fr-FR"}]}},"_links":{"self":[{"href":"https:\/\/giatsu.com\/fr\/wp-json\/wp\/v2\/product\/12512","targetHints":{"allow":["GET"]}}],"collection":[{"href":"https:\/\/giatsu.com\/fr\/wp-json\/wp\/v2\/product"}],"about":[{"href":"https:\/\/giatsu.com\/fr\/wp-json\/wp\/v2\/types\/product"}],"wp:featuredmedia":[{"embeddable":true,"href":"https:\/\/giatsu.com\/fr\/wp-json\/wp\/v2\/media\/10873"}],"wp:attachment":[{"href":"https:\/\/giatsu.com\/fr\/wp-json\/wp\/v2\/media?parent=12512"}],"wp:term":[{"taxonomy":"product_brand","embeddable":true,"href":"https:\/\/giatsu.com\/fr\/wp-json\/wp\/v2\/product_brand?post=12512"},{"taxonomy":"product_cat","embeddable":true,"href":"https:\/\/giatsu.com\/fr\/wp-json\/wp\/v2\/product_cat?post=12512"},{"taxonomy":"product_tag","embeddable":true,"href":"https:\/\/giatsu.com\/fr\/wp-json\/wp\/v2\/product_tag?post=12512"}],"curies":[{"name":"wp","href":"https:\/\/api.w.org\/{rel}","templated":true}]}}