{"id":12506,"date":"2023-06-06T07:03:22","date_gmt":"2023-06-06T07:03:22","guid":{"rendered":"https:\/\/giatsu.com\/?post_type=product&#038;p=12506"},"modified":"2025-04-16T08:44:34","modified_gmt":"2025-04-16T08:44:34","slug":"intercalaire-en-asphalte-vitrifie","status":"publish","type":"product","link":"https:\/\/giatsu.com\/fr\/aerotermia-2\/accumulateurs\/intercalaire-en-asphalte-vitrifie\/","title":{"rendered":"INTERCALAIRE EN ASPHALTE VITRIFI\u00c9"},"content":{"rendered":"<div class=\"wpb-content-wrapper\"><div class=\"container mb-1 moduloprincipalespictos\">\n<h2 class=\"text-center tituloprincipales\">Caracter\u00edsticas principales<\/h2>\n<div class=\"row row-cols-1 row-cols-md-2 row-cols-xl-3\">\n<div class=\"col-xs-6 col-md-3 order-last\">\n<div class=\"card\">\n                            <img decoding=\"async\" class=\"card-img-top w-100 d-block fit-cover pictoprincipalgrande\" src=\"https:\/\/giatsu.com\/wp-content\/uploads\/2023\/08\/aislamiento-de-poliuretano-de-alta-densidad-e2510f.webp\" \/><\/p>\n<div class=\"card-body p-4\">\n<h3 class=\"font-weight-bold card-title\">Isolation en polyur\u00e9thane haute densit\u00e9<\/h3>\n<p class=\"card-text\">Il permet de maintenir plus longtemps la temp\u00e9rature de l&rsquo;eau du ballon chaud gr\u00e2ce \u00e0 son pouvoir isolant.<\/p>\n<\/p><\/div><\/div><\/div>\n<div class=\"col-xs-6 col-md-3 order-last\">\n<div class=\"card\">\n                            <img decoding=\"async\" class=\"card-img-top w-100 d-block fit-cover pictoprincipalgrande\" src=\"https:\/\/giatsu.com\/wp-content\/uploads\/2023\/08\/anodo-de-magnesio-anticorrosion-88b41c.webp\" \/><\/p>\n<div class=\"card-body p-4\">\n<h3 class=\"font-weight-bold card-title\">Anode en magn\u00e9sium anti-corrosion<\/h3>\n<p class=\"card-text\">Il int\u00e8gre une anode en magn\u00e9sium anticorrosion qui augmente la dur\u00e9e de vie utile du r\u00e9servoir et sa r\u00e9sistance.<\/p>\n<\/p><\/div><\/div><\/div><\/div><\/div>\n<hr>\n<p>        [vc_row mobile_bg_img_hidden=\u00a0\u00bbno\u00a0\u00bb tablet_bg_img_hidden=\u00a0\u00bbno\u00a0\u00bb woodmart_parallax=\u00a0\u00bb0&Prime; woodmart_gradient_switch=\u00a0\u00bbno\u00a0\u00bb row_reverse_mobile=\u00a0\u00bb0&Prime; row_reverse_tablet=\u00a0\u00bb0&Prime; woodmart_disable_overflow=\u00a0\u00bb0&Prime; el_class=\u00a0\u00bbfilaImgCaracteristica\u00a0\u00bb][vc_column mobile_bg_img_hidden=\u00a0\u00bbno\u00a0\u00bb tablet_bg_img_hidden=\u00a0\u00bbno\u00a0\u00bb woodmart_parallax=\u00a0\u00bb0&Prime; woodmart_sticky_column=\u00a0\u00bbfalse\u00a0\u00bb parallax_scroll=\u00a0\u00bbno\u00a0\u00bb mobile_reset_margin=\u00a0\u00bbno\u00a0\u00bb tablet_reset_margin=\u00a0\u00bbno\u00a0\u00bb]<\/p>\n<div class=\"container mb-1\">\n<h3 class=\"text-center\">Informaci\u00f3n t\u00e9cnica<\/h3>\n<div class=\"row row-cols-1 row-cols-md-2 row-cols-xl-3 justify-content-md-center\">\n<div class=\"col-xs-1 col-md-1\">\n<div class=\"card\">\n                            <img decoding=\"async\" class=\"card-img-top w-100 d-block fit-cover pictoprincipalgrande\" src=\"https:\/\/giatsu.com\/wp-content\/uploads\/2023\/08\/revestimiento_vitrificado_ceramico-775931.webp\" \/><\/p>\n<div class=\"card-body p-4\">\n<h4 class=\"card-text textospictospeques\">Rev\u00eatement vitr\u00e9 en c\u00e9ramique<\/h4>\n<\/p><\/div><\/div><\/div>\n<div class=\"col-xs-1 col-md-1\">\n<div class=\"card\">\n                            <img decoding=\"async\" class=\"card-img-top w-100 d-block fit-cover pictoprincipalgrande\" src=\"https:\/\/giatsu.com\/wp-content\/uploads\/2023\/08\/ahorro_de_consumo_y_espacio-442a30.webp\" \/><\/p>\n<div class=\"card-body p-4\">\n<h4 class=\"card-text textospictospeques\">Consommation et gain de place<\/h4>\n<\/p><\/div><\/div><\/div><\/div><\/div>\n<div class=\"row justify-content-md-center\">\n<div class=\"vc_btn3-container vc_btn3-inline\" id=\"botonDescargarFicha\">\n                        <a target=\"_blank\" class=\"btn btn-light border rounded-4 botondescarga\" href=\"https:\/\/giatsu.com\/documentacion\/\/giatsu-fichas-tecnicas-interacumuladores-asf-.pdf\" title=\"\">T\u00e9l\u00e9charger la fiche<\/a>\n                 <\/div><\/div>\n<\/div>","protected":false},"excerpt":{"rendered":"<p>Le<strong> r&eacute;servoir de stockage &eacute;maill&eacute;<\/strong> se caract&eacute;rise par sa long&eacute;vit&eacute; et la qualit&eacute; de ses mat&eacute;riaux.<\/p>\n<p>L\u00a0\u00bb<strong>&eacute;mail c&eacute;ramique haute r&eacute;sistance <\/strong>de notre ballon ASF assure une protection durable contre la corrosion et les &eacute;l&eacute;ments abrasifs.<\/p>\n<p>Profitez d\u00a0\u00bbun produit qui restera en parfait &eacute;tat pendant des ann&eacute;es et qui vous fournira de l\u00a0\u00bbeau chaude fiable et de qualit&eacute;.<\/p>\n<p>La <strong>grande surface d\u00a0\u00bb&eacute;change de<\/strong> notre ballon permet un transfert de chaleur efficace.<\/p>\n<p>Tirez le meilleur parti de l\u00a0\u00bb&eacute;nergie disponible et obtenez un chauffage rapide et homog&egrave;ne de l\u00a0\u00bbeau, sans gaspiller les ressources.<\/p>\n<p>L\u00a0\u00bb<strong>isolation en polyur&eacute;thane rigide de 40 kg\/m3<\/strong> et d\u00a0\u00bbune &eacute;paisseur de 50 mm de notre r&eacute;servoir de stockage garantit une efficacit&eacute; &eacute;nerg&eacute;tique maximale.<\/p>\n<p>Minimisez les pertes de chaleur et r&eacute;duisez vos co&ucirc;ts de chauffage en gardant votre eau chaude plus longtemps et en optimisant votre consommation d\u00a0\u00bb&eacute;nergie.<\/p>\n<p>Mod&egrave;les disponibles : 131L, 168L, 265L, 432L<\/p>\n<div class='divPictosEnergia'>[vc_single_image image=&rsquo;10310&prime; alignment=&rsquo;center&rsquo; woodmart_inline=&rsquo;no&rsquo; parallax_scroll=&rsquo;no&rsquo; el_class=&rsquo;imgEnergia&rsquo; img_size=&rsquo;72&#215;36&prime;]<\/div>\n<div class='pictosvoz'><\/div>\n","protected":false},"featured_media":9290,"template":"","meta":{"_monsterinsights_skip_tracking":false,"_monsterinsights_sitenote_active":false,"_monsterinsights_sitenote_note":"","_monsterinsights_sitenote_category":0},"product_brand":[],"product_cat":[728,563],"product_tag":[],"class_list":{"0":"post-12506","1":"product","2":"type-product","3":"status-publish","4":"has-post-thumbnail","6":"product_cat-accumulateurs","7":"product_cat-aerotermia-2","9":"first","10":"instock","11":"shipping-taxable","12":"product-type-simple"},"yoast_head":"<!-- This site is optimized with the Yoast SEO plugin v27.4 - https:\/\/yoast.com\/product\/yoast-seo-wordpress\/ -->\n<title>INTERCALAIRE EN ASPHALTE VITRIFI\u00c9<\/title>\n<meta name=\"description\" content=\"L&#039;&#039;\u00e9mail c\u00e9ramique \u00e0 haute r\u00e9sistance de notre r\u00e9servoir de stockage ASF assure une protection durable contre la corrosion et les \u00e9l\u00e9ments abrasifs.\" \/>\n<meta name=\"robots\" content=\"index, follow, max-snippet:-1, max-image-preview:large, max-video-preview:-1\" \/>\n<link rel=\"canonical\" href=\"https:\/\/giatsu.com\/fr\/aerotermia-2\/accumulateurs\/intercalaire-en-asphalte-vitrifie\/\" \/>\n<meta property=\"og:locale\" content=\"fr_FR\" \/>\n<meta property=\"og:type\" content=\"article\" \/>\n<meta property=\"og:title\" content=\"INTERCALAIRE EN ASPHALTE VITRIFI\u00c9\" \/>\n<meta property=\"og:description\" content=\"L&#039;&#039;\u00e9mail c\u00e9ramique \u00e0 haute r\u00e9sistance de notre r\u00e9servoir de stockage ASF assure une protection durable contre la corrosion et les \u00e9l\u00e9ments abrasifs.\" \/>\n<meta property=\"og:url\" content=\"https:\/\/giatsu.com\/fr\/aerotermia-2\/accumulateurs\/intercalaire-en-asphalte-vitrifie\/\" \/>\n<meta property=\"og:site_name\" content=\"GIATSU\" \/>\n<meta property=\"article:modified_time\" content=\"2025-04-16T08:44:34+00:00\" \/>\n<meta property=\"og:image\" content=\"https:\/\/giatsu.com\/wp-content\/uploads\/2023\/08\/asf-d64b1a.webp\" \/>\n\t<meta property=\"og:image:width\" content=\"800\" \/>\n\t<meta property=\"og:image:height\" content=\"800\" \/>\n\t<meta property=\"og:image:type\" content=\"image\/webp\" \/>\n<meta name=\"twitter:card\" content=\"summary_large_image\" \/>\n<meta name=\"twitter:label1\" content=\"Dur\u00e9e de lecture estim\u00e9e\" \/>\n\t<meta name=\"twitter:data1\" content=\"1 minute\" \/>\n<script type=\"application\/ld+json\" class=\"yoast-schema-graph\">{\"@context\":\"https:\\\/\\\/schema.org\",\"@graph\":[{\"@type\":\"WebPage\",\"@id\":\"https:\\\/\\\/giatsu.com\\\/fr\\\/aerotermia-2\\\/accumulateurs\\\/intercalaire-en-asphalte-vitrifie\\\/\",\"url\":\"https:\\\/\\\/giatsu.com\\\/fr\\\/aerotermia-2\\\/accumulateurs\\\/intercalaire-en-asphalte-vitrifie\\\/\",\"name\":\"INTERCALAIRE EN ASPHALTE VITRIFI\u00c9\",\"isPartOf\":{\"@id\":\"https:\\\/\\\/giatsu.com\\\/es\\\/#website\"},\"primaryImageOfPage\":{\"@id\":\"https:\\\/\\\/giatsu.com\\\/fr\\\/aerotermia-2\\\/accumulateurs\\\/intercalaire-en-asphalte-vitrifie\\\/#primaryimage\"},\"image\":{\"@id\":\"https:\\\/\\\/giatsu.com\\\/fr\\\/aerotermia-2\\\/accumulateurs\\\/intercalaire-en-asphalte-vitrifie\\\/#primaryimage\"},\"thumbnailUrl\":\"https:\\\/\\\/giatsu.com\\\/wp-content\\\/uploads\\\/2023\\\/08\\\/asf-d64b1a.webp\",\"datePublished\":\"2023-06-06T07:03:22+00:00\",\"dateModified\":\"2025-04-16T08:44:34+00:00\",\"description\":\"L''\u00e9mail c\u00e9ramique \u00e0 haute r\u00e9sistance de notre r\u00e9servoir de stockage ASF assure une protection durable contre la corrosion et les \u00e9l\u00e9ments abrasifs.\",\"breadcrumb\":{\"@id\":\"https:\\\/\\\/giatsu.com\\\/fr\\\/aerotermia-2\\\/accumulateurs\\\/intercalaire-en-asphalte-vitrifie\\\/#breadcrumb\"},\"inLanguage\":\"fr-FR\",\"potentialAction\":[{\"@type\":\"ReadAction\",\"target\":[\"https:\\\/\\\/giatsu.com\\\/fr\\\/aerotermia-2\\\/accumulateurs\\\/intercalaire-en-asphalte-vitrifie\\\/\"]}]},{\"@type\":\"ImageObject\",\"inLanguage\":\"fr-FR\",\"@id\":\"https:\\\/\\\/giatsu.com\\\/fr\\\/aerotermia-2\\\/accumulateurs\\\/intercalaire-en-asphalte-vitrifie\\\/#primaryimage\",\"url\":\"https:\\\/\\\/giatsu.com\\\/wp-content\\\/uploads\\\/2023\\\/08\\\/asf-d64b1a.webp\",\"contentUrl\":\"https:\\\/\\\/giatsu.com\\\/wp-content\\\/uploads\\\/2023\\\/08\\\/asf-d64b1a.webp\",\"width\":800,\"height\":800},{\"@type\":\"BreadcrumbList\",\"@id\":\"https:\\\/\\\/giatsu.com\\\/fr\\\/aerotermia-2\\\/accumulateurs\\\/intercalaire-en-asphalte-vitrifie\\\/#breadcrumb\",\"itemListElement\":[{\"@type\":\"ListItem\",\"position\":1,\"name\":\"Home\",\"item\":\"https:\\\/\\\/giatsu.com\\\/es\\\/\"},{\"@type\":\"ListItem\",\"position\":2,\"name\":\"PRODUCTOS\",\"item\":\"https:\\\/\\\/giatsu.com\\\/es\\\/productos\\\/\"},{\"@type\":\"ListItem\",\"position\":3,\"name\":\"INTERCALAIRE EN ASPHALTE VITRIFI\u00c9\"}]},{\"@type\":\"WebSite\",\"@id\":\"https:\\\/\\\/giatsu.com\\\/es\\\/#website\",\"url\":\"https:\\\/\\\/giatsu.com\\\/es\\\/\",\"name\":\"GIATSU\",\"description\":\"Quality Comfort Everywhere\",\"potentialAction\":[{\"@type\":\"SearchAction\",\"target\":{\"@type\":\"EntryPoint\",\"urlTemplate\":\"https:\\\/\\\/giatsu.com\\\/es\\\/?s={search_term_string}\"},\"query-input\":{\"@type\":\"PropertyValueSpecification\",\"valueRequired\":true,\"valueName\":\"search_term_string\"}}],\"inLanguage\":\"fr-FR\"}]}<\/script>\n<!-- \/ Yoast SEO plugin. -->","yoast_head_json":{"title":"INTERCALAIRE EN ASPHALTE VITRIFI\u00c9","description":"L''\u00e9mail c\u00e9ramique \u00e0 haute r\u00e9sistance de notre r\u00e9servoir de stockage ASF assure une protection durable contre la corrosion et les \u00e9l\u00e9ments abrasifs.","robots":{"index":"index","follow":"follow","max-snippet":"max-snippet:-1","max-image-preview":"max-image-preview:large","max-video-preview":"max-video-preview:-1"},"canonical":"https:\/\/giatsu.com\/fr\/aerotermia-2\/accumulateurs\/intercalaire-en-asphalte-vitrifie\/","og_locale":"fr_FR","og_type":"article","og_title":"INTERCALAIRE EN ASPHALTE VITRIFI\u00c9","og_description":"L''\u00e9mail c\u00e9ramique \u00e0 haute r\u00e9sistance de notre r\u00e9servoir de stockage ASF assure une protection durable contre la corrosion et les \u00e9l\u00e9ments abrasifs.","og_url":"https:\/\/giatsu.com\/fr\/aerotermia-2\/accumulateurs\/intercalaire-en-asphalte-vitrifie\/","og_site_name":"GIATSU","article_modified_time":"2025-04-16T08:44:34+00:00","og_image":[{"width":800,"height":800,"url":"https:\/\/giatsu.com\/wp-content\/uploads\/2023\/08\/asf-d64b1a.webp","type":"image\/webp"}],"twitter_card":"summary_large_image","twitter_misc":{"Dur\u00e9e de lecture estim\u00e9e":"1 minute"},"schema":{"@context":"https:\/\/schema.org","@graph":[{"@type":"WebPage","@id":"https:\/\/giatsu.com\/fr\/aerotermia-2\/accumulateurs\/intercalaire-en-asphalte-vitrifie\/","url":"https:\/\/giatsu.com\/fr\/aerotermia-2\/accumulateurs\/intercalaire-en-asphalte-vitrifie\/","name":"INTERCALAIRE EN ASPHALTE VITRIFI\u00c9","isPartOf":{"@id":"https:\/\/giatsu.com\/es\/#website"},"primaryImageOfPage":{"@id":"https:\/\/giatsu.com\/fr\/aerotermia-2\/accumulateurs\/intercalaire-en-asphalte-vitrifie\/#primaryimage"},"image":{"@id":"https:\/\/giatsu.com\/fr\/aerotermia-2\/accumulateurs\/intercalaire-en-asphalte-vitrifie\/#primaryimage"},"thumbnailUrl":"https:\/\/giatsu.com\/wp-content\/uploads\/2023\/08\/asf-d64b1a.webp","datePublished":"2023-06-06T07:03:22+00:00","dateModified":"2025-04-16T08:44:34+00:00","description":"L''\u00e9mail c\u00e9ramique \u00e0 haute r\u00e9sistance de notre r\u00e9servoir de stockage ASF assure une protection durable contre la corrosion et les \u00e9l\u00e9ments abrasifs.","breadcrumb":{"@id":"https:\/\/giatsu.com\/fr\/aerotermia-2\/accumulateurs\/intercalaire-en-asphalte-vitrifie\/#breadcrumb"},"inLanguage":"fr-FR","potentialAction":[{"@type":"ReadAction","target":["https:\/\/giatsu.com\/fr\/aerotermia-2\/accumulateurs\/intercalaire-en-asphalte-vitrifie\/"]}]},{"@type":"ImageObject","inLanguage":"fr-FR","@id":"https:\/\/giatsu.com\/fr\/aerotermia-2\/accumulateurs\/intercalaire-en-asphalte-vitrifie\/#primaryimage","url":"https:\/\/giatsu.com\/wp-content\/uploads\/2023\/08\/asf-d64b1a.webp","contentUrl":"https:\/\/giatsu.com\/wp-content\/uploads\/2023\/08\/asf-d64b1a.webp","width":800,"height":800},{"@type":"BreadcrumbList","@id":"https:\/\/giatsu.com\/fr\/aerotermia-2\/accumulateurs\/intercalaire-en-asphalte-vitrifie\/#breadcrumb","itemListElement":[{"@type":"ListItem","position":1,"name":"Home","item":"https:\/\/giatsu.com\/es\/"},{"@type":"ListItem","position":2,"name":"PRODUCTOS","item":"https:\/\/giatsu.com\/es\/productos\/"},{"@type":"ListItem","position":3,"name":"INTERCALAIRE EN ASPHALTE VITRIFI\u00c9"}]},{"@type":"WebSite","@id":"https:\/\/giatsu.com\/es\/#website","url":"https:\/\/giatsu.com\/es\/","name":"GIATSU","description":"Quality Comfort Everywhere","potentialAction":[{"@type":"SearchAction","target":{"@type":"EntryPoint","urlTemplate":"https:\/\/giatsu.com\/es\/?s={search_term_string}"},"query-input":{"@type":"PropertyValueSpecification","valueRequired":true,"valueName":"search_term_string"}}],"inLanguage":"fr-FR"}]}},"_links":{"self":[{"href":"https:\/\/giatsu.com\/fr\/wp-json\/wp\/v2\/product\/12506","targetHints":{"allow":["GET"]}}],"collection":[{"href":"https:\/\/giatsu.com\/fr\/wp-json\/wp\/v2\/product"}],"about":[{"href":"https:\/\/giatsu.com\/fr\/wp-json\/wp\/v2\/types\/product"}],"wp:featuredmedia":[{"embeddable":true,"href":"https:\/\/giatsu.com\/fr\/wp-json\/wp\/v2\/media\/9290"}],"wp:attachment":[{"href":"https:\/\/giatsu.com\/fr\/wp-json\/wp\/v2\/media?parent=12506"}],"wp:term":[{"taxonomy":"product_brand","embeddable":true,"href":"https:\/\/giatsu.com\/fr\/wp-json\/wp\/v2\/product_brand?post=12506"},{"taxonomy":"product_cat","embeddable":true,"href":"https:\/\/giatsu.com\/fr\/wp-json\/wp\/v2\/product_cat?post=12506"},{"taxonomy":"product_tag","embeddable":true,"href":"https:\/\/giatsu.com\/fr\/wp-json\/wp\/v2\/product_tag?post=12506"}],"curies":[{"name":"wp","href":"https:\/\/api.w.org\/{rel}","templated":true}]}}