{"id":12479,"date":"2023-06-06T07:03:04","date_gmt":"2023-06-06T07:03:04","guid":{"rendered":"https:\/\/giatsu.com\/?post_type=product&#038;p=12479"},"modified":"2025-04-16T10:12:16","modified_gmt":"2025-04-16T10:12:16","slug":"bibloc-eco-thermique-integre","status":"publish","type":"product","link":"https:\/\/giatsu.com\/fr\/aerotermia-2\/pompes-a-chaleur\/eco-thermal-pompes-a-chaleur\/bibloc-eco-thermique-integre\/","title":{"rendered":"BIBLOC \u00c9CO-THERMIQUE INT\u00c9GR\u00c9"},"content":{"rendered":"<div class=\"wpb-content-wrapper\"><div class=\"container mb-1 moduloprincipalespictos\">\n<h2 class=\"text-center tituloprincipales\">Caracter\u00edsticas principales<\/h2>\n<div class=\"row row-cols-1 row-cols-md-2 row-cols-xl-3\">\n<div class=\"col-xs-6 col-md-3 order-last\">\n<div class=\"card\">\n                            <img decoding=\"async\" class=\"card-img-top w-100 d-block fit-cover pictoprincipalgrande\" src=\"https:\/\/giatsu.com\/wp-content\/uploads\/2023\/08\/wifi-incluido-cb8169.webp\" \/><\/p>\n<div class=\"card-body p-4\">\n<h3 class=\"font-weight-bold card-title\">WiFi inclus<\/h3>\n<p class=\"card-text\">Gr\u00e2ce \u00e0 l&rsquo;application GIApp, vous pouvez contr\u00f4ler l&rsquo;\u00e9quipement depuis un smartphone, une tablette ou \u00e0 la voix avec Alexa et Google Home.<\/p>\n<\/p><\/div><\/div><\/div>\n<div class=\"col-xs-6 col-md-3 order-last\">\n<div class=\"card\">\n                            <img decoding=\"async\" class=\"card-img-top w-100 d-block fit-cover pictoprincipalgrande\" src=\"https:\/\/giatsu.com\/wp-content\/uploads\/2023\/08\/r32-58a8d5.webp\" \/><\/p>\n<div class=\"card-body p-4\">\n<h3 class=\"font-weight-bold card-title\">R\u00e9frig\u00e9rant R32<\/h3>\n<p class=\"card-text\">Le gaz R32 a un tr\u00e8s faible indice de potentiel de r\u00e9chauffement atmosph\u00e9rique (PTA), une efficacit\u00e9 et une puissance de refroidissement. \u00e9lev\u00e9es.<\/p>\n<\/p><\/div><\/div><\/div>\n<div class=\"col-xs-6 col-md-3 order-last\">\n<div class=\"card\">\n                            <img decoding=\"async\" class=\"card-img-top w-100 d-block fit-cover pictoprincipalgrande\" src=\"https:\/\/giatsu.com\/wp-content\/uploads\/2023\/06\/tecnologia_inverter-495dd8.webp\" \/><\/p>\n<div class=\"card-body p-4\">\n<h3 class=\"font-weight-bold card-title\">Technologie inverter<\/h3>\n<p class=\"card-text\">En faisant fonctionner le compresseur en continu, des \u00e9conomies d?\u00e9nergie allant jusqu?\u00e0 50% sont r\u00e9alis\u00e9es par rapport aux \u00e9quipements conventionnels.<\/p>\n<\/p><\/div><\/div><\/div>\n<div class=\"col-xs-6 col-md-3 order-last\">\n<div class=\"card\">\n                            <img decoding=\"async\" class=\"card-img-top w-100 d-block fit-cover pictoprincipalgrande\" src=\"https:\/\/giatsu.com\/wp-content\/uploads\/2023\/08\/control-remoto-6dcd21.webp\" \/><\/p>\n<div class=\"card-body p-4\">\n<h3 class=\"font-weight-bold card-title\">T\u00e9l\u00e9commande<\/h3>\n<p class=\"card-text\">Il int\u00e8gre en standard une t\u00e9l\u00e9commande qui permet de contr\u00f4ler diff\u00e9rents param\u00e8tres des unit\u00e9s int\u00e9rieures.<\/p>\n<\/p><\/div><\/div><\/div>\n<div class=\"col-xs-6 col-md-3 order-last\">\n<div class=\"card\">\n                            <img decoding=\"async\" class=\"card-img-top w-100 d-block fit-cover pictoprincipalgrande\" src=\"https:\/\/giatsu.com\/wp-content\/uploads\/2023\/08\/modo-frio-y-calor-fde88b.webp\" \/><\/p>\n<div class=\"card-body p-4\">\n<h3 class=\"font-weight-bold card-title\">Mode refroidissement\/chauffage<\/h3>\n<p class=\"card-text\">L&rsquo;unit\u00e9 est capable de fournir la climatisation et le chauffage.<\/p>\n<\/p><\/div><\/div><\/div><\/div><\/div>\n<hr>\n<p>        [vc_row mobile_bg_img_hidden=\u00a0\u00bbno\u00a0\u00bb tablet_bg_img_hidden=\u00a0\u00bbno\u00a0\u00bb woodmart_parallax=\u00a0\u00bb0&Prime; woodmart_gradient_switch=\u00a0\u00bbno\u00a0\u00bb row_reverse_mobile=\u00a0\u00bb0&Prime; row_reverse_tablet=\u00a0\u00bb0&Prime; woodmart_disable_overflow=\u00a0\u00bb0&Prime; el_class=\u00a0\u00bbfilaImgCaracteristica\u00a0\u00bb][vc_column mobile_bg_img_hidden=\u00a0\u00bbno\u00a0\u00bb tablet_bg_img_hidden=\u00a0\u00bbno\u00a0\u00bb woodmart_parallax=\u00a0\u00bb0&Prime; woodmart_sticky_column=\u00a0\u00bbfalse\u00a0\u00bb parallax_scroll=\u00a0\u00bbno\u00a0\u00bb mobile_reset_margin=\u00a0\u00bbno\u00a0\u00bb tablet_reset_margin=\u00a0\u00bbno\u00a0\u00bb]<\/p>\n<div class=\"container mb-1\">\n<h3 class=\"text-center\">Informaci\u00f3n t\u00e9cnica<\/h3>\n<div class=\"row row-cols-1 row-cols-md-2 row-cols-xl-3 justify-content-md-center\">\n<div class=\"col-xs-1 col-md-1\">\n<div class=\"card\">\n                            <img decoding=\"async\" class=\"card-img-top w-100 d-block fit-cover pictoprincipalgrande\" src=\"https:\/\/giatsu.com\/wp-content\/uploads\/2023\/08\/varios_modos_funcionamiento-70148e.webp\" \/><\/p>\n<div class=\"card-body p-4\">\n<h4 class=\"card-text textospictospeques\">Diff\u00c3\u00a9rents modes de fonctionnement<\/h4>\n<\/p><\/div><\/div><\/div>\n<div class=\"col-xs-1 col-md-1\">\n<div class=\"card\">\n                            <img decoding=\"async\" class=\"card-img-top w-100 d-block fit-cover pictoprincipalgrande\" src=\"https:\/\/giatsu.com\/wp-content\/uploads\/2023\/08\/proteccion_elevada-a5a0e1.webp\" \/><\/p>\n<div class=\"card-body p-4\">\n<h4 class=\"card-text textospictospeques\">Haute protection<\/h4>\n<\/p><\/div><\/div><\/div>\n<div class=\"col-xs-1 col-md-1\">\n<div class=\"card\">\n                            <img decoding=\"async\" class=\"card-img-top w-100 d-block fit-cover pictoprincipalgrande\" src=\"https:\/\/giatsu.com\/wp-content\/uploads\/2023\/08\/pasarela_modbus-146fc1.webp\" \/><\/p>\n<div class=\"card-body p-4\">\n<h4 class=\"card-text textospictospeques\">Passerelle modbus<\/h4>\n<\/p><\/div><\/div><\/div>\n<div class=\"col-xs-1 col-md-1\">\n<div class=\"card\">\n                            <img decoding=\"async\" class=\"card-img-top w-100 d-block fit-cover pictoprincipalgrande\" src=\"https:\/\/giatsu.com\/wp-content\/uploads\/2023\/08\/mayor_eficacia_a_baja_temperatura-f40fd9.webp\" \/><\/p>\n<div class=\"card-body p-4\">\n<h4 class=\"card-text textospictospeques\">Efficacit\u00c3\u00a9 sup\u00c3\u00a9rieure \u00c3\u00a0 basse temp\u00c3\u00a9rature<\/h4>\n<\/p><\/div><\/div><\/div>\n<div class=\"col-xs-1 col-md-1\">\n<div class=\"card\">\n                            <img decoding=\"async\" class=\"card-img-top w-100 d-block fit-cover pictoprincipalgrande\" src=\"https:\/\/giatsu.com\/wp-content\/uploads\/2023\/08\/funcion_anti-legionela-ce85aa.webp\" \/><\/p>\n<div class=\"card-body p-4\">\n<h4 class=\"card-text textospictospeques\">Fonction anti l\u00e9gionelle<\/h4>\n<\/p><\/div><\/div><\/div>\n<div class=\"col-xs-1 col-md-1\">\n<div class=\"card\">\n                            <img decoding=\"async\" class=\"card-img-top w-100 d-block fit-cover pictoprincipalgrande\" src=\"https:\/\/giatsu.com\/wp-content\/uploads\/2023\/08\/amplio_rango_de_funcionamiento2-22fb93.webp\" \/><\/p>\n<div class=\"card-body p-4\">\n<h4 class=\"card-text textospictospeques\">Large plage de fonctionnement<\/h4>\n<\/p><\/div><\/div><\/div><\/div><\/div>\n<div class=\"row justify-content-md-center\">\n<div class=\"vc_btn3-container vc_btn3-inline\" id=\"botonDescargarFicha\">\n                        <a target=\"_blank\" class=\"btn btn-light border rounded-4 botondescarga\" href=\"https:\/\/giatsu.com\/documentacion\/\/giatsu-fichas-tecnicas-ecothermal-eco-thermal-plus-frances.pdf\" title=\"\">T\u00e9l\u00e9charger la fiche<\/a>\n                 <\/div><\/div>\n<div class=\"row\">\n<hr>\n<div class=\"col text-center\"><a target=\"_blank\" href=\"https:\/\/giatsu.com\/documentacion\/\/giatsu-manual-de-usuario-ecothermal--espanol.pdf\" class=\"btn btn-light border rounded-4 botonDescargaManual botondescarga\">Manuel de l&rsquo;utilisateur<\/a><\/div>\n<hr>\n<\/div>\n<\/div>","protected":false},"excerpt":{"rendered":"<p>Le <strong>syst&egrave;me a&eacute;rothermique int&eacute;gr&eacute; Biblock<\/strong> a &eacute;t&eacute; con&ccedil;u pour vous offrir une solution compl&egrave;te et efficace pour la climatisation et la production d\u00a0\u00bbeau chaude sanitaire. Dot&eacute; de fonctionnalit&eacute;s avanc&eacute;es et d\u00a0\u00bbune technologie de pointe, il excelle en termes de performances et de confort.<\/p>\n<p>Avec des <strong>capacit&eacute;s allant jusqu\u00a0\u00bb&agrave; 240 litres d\u00a0\u00bbeau chaude sanitaire<\/strong> (ECS), il assure un approvisionnement constant en eau chaude pour r&eacute;pondre aux besoins de toute la famille. Profitez d\u00a0\u00bbune douche confortable et agr&eacute;able.<\/p>\n<p>L\u00a0\u00bb<strong>isolation en polyur&eacute;thane haute densit&eacute;<\/strong> garantit une efficacit&eacute; optimale en r&eacute;duisant les pertes de chaleur. &Eacute;conomisez de l\u00a0\u00bb&eacute;nergie et r&eacute;duisez vos co&ucirc;ts de chauffage en gardant l\u00a0\u00bbeau chaude plus longtemps, m&ecirc;me dans des conditions environnementales d&eacute;favorables.<\/p>\n<p>Avec un <strong>faible niveau sonore<\/strong>, il offre un fonctionnement silencieux pour votre confort.<\/p>\n<p>Notre Biblock Eco-thermique int&eacute;gr&eacute; <strong>peut atteindre des temp&eacute;ratures allant jusqu\u00a0\u00bb&agrave; 70&ordm; dans l\u00a0\u00bbeau chaude sanitaire<\/strong>.<\/p>\n<p>Puissances disponibles : 4KW, 8KW, 12KW et 16KW<\/p>\n<div class='divPictosEnergia'>[vc_single_image image=&rsquo;10505&prime; alignment=&rsquo;center&rsquo; woodmart_inline=&rsquo;no&rsquo; parallax_scroll=&rsquo;no&rsquo; el_class=&rsquo;imgEnergia&rsquo; img_size=&rsquo;72&#215;36&prime;][vc_single_image image=&rsquo;10510&prime; alignment=&rsquo;center&rsquo; woodmart_inline=&rsquo;no&rsquo; parallax_scroll=&rsquo;no&rsquo; el_class=&rsquo;imgEnergia&rsquo; img_size=&rsquo;72&#215;36&prime;]<\/div>\n<div class='pictosvoz'>[vc_single_image image=&rsquo;13599&prime; alignment=&rsquo;center&rsquo; woodmart_inline=&rsquo;no&rsquo; parallax_scroll=&rsquo;no&rsquo; el_class=&rsquo;imgEnergia&rsquo; img_size=&rsquo;65&#215;65&prime;][vc_single_image image=&rsquo;13604&prime; alignment=&rsquo;center&rsquo; woodmart_inline=&rsquo;no&rsquo; parallax_scroll=&rsquo;no&rsquo; el_class=&rsquo;imgEnergia&rsquo; img_size=&rsquo;65&#215;65&prime;]<\/div>\n","protected":false},"featured_media":9325,"template":"","meta":{"_monsterinsights_skip_tracking":false,"_monsterinsights_sitenote_active":false,"_monsterinsights_sitenote_note":"","_monsterinsights_sitenote_category":0},"product_brand":[],"product_cat":[563,834,740],"product_tag":[],"class_list":{"0":"post-12479","1":"product","2":"type-product","3":"status-publish","4":"has-post-thumbnail","6":"product_cat-aerotermia-2","7":"product_cat-eco-thermal-pompes-a-chaleur","8":"product_cat-pompes-a-chaleur","10":"first","11":"instock","12":"shipping-taxable","13":"product-type-simple"},"yoast_head":"<!-- This site is optimized with the Yoast SEO plugin v27.4 - https:\/\/yoast.com\/product\/yoast-seo-wordpress\/ -->\n<title>BIBLOC \u00c9CO-THERMIQUE INT\u00c9GR\u00c9<\/title>\n<meta name=\"description\" content=\"Le syst\u00e8me a\u00e9rothermique int\u00e9gr\u00e9 Biblock a \u00e9t\u00e9 con\u00e7u pour vous offrir une solution compl\u00e8te et efficace pour la climatisation et la production d&#039;&#039;eau chaude sanitaire. Dot\u00e9 de fonctionnalit\u00e9s avanc\u00e9es et d&#039;&#039;une technologie de pointe, il excelle en termes de performances et de confort.\" \/>\n<meta name=\"robots\" content=\"index, follow, max-snippet:-1, max-image-preview:large, max-video-preview:-1\" \/>\n<link rel=\"canonical\" href=\"https:\/\/giatsu.com\/fr\/aerotermia-2\/pompes-a-chaleur\/eco-thermal-pompes-a-chaleur\/bibloc-eco-thermique-integre\/\" \/>\n<meta property=\"og:locale\" content=\"fr_FR\" \/>\n<meta property=\"og:type\" content=\"article\" \/>\n<meta property=\"og:title\" content=\"BIBLOC \u00c9CO-THERMIQUE INT\u00c9GR\u00c9\" \/>\n<meta property=\"og:description\" content=\"Le syst\u00e8me a\u00e9rothermique int\u00e9gr\u00e9 Biblock a \u00e9t\u00e9 con\u00e7u pour vous offrir une solution compl\u00e8te et efficace pour la climatisation et la production d&#039;&#039;eau chaude sanitaire. Dot\u00e9 de fonctionnalit\u00e9s avanc\u00e9es et d&#039;&#039;une technologie de pointe, il excelle en termes de performances et de confort.\" \/>\n<meta property=\"og:url\" content=\"https:\/\/giatsu.com\/fr\/aerotermia-2\/pompes-a-chaleur\/eco-thermal-pompes-a-chaleur\/bibloc-eco-thermique-integre\/\" \/>\n<meta property=\"og:site_name\" content=\"GIATSU\" \/>\n<meta property=\"article:modified_time\" content=\"2025-04-16T10:12:16+00:00\" \/>\n<meta property=\"og:image\" content=\"https:\/\/giatsu.com\/wp-content\/uploads\/2023\/08\/biblock-integrado6-190823.webp\" \/>\n\t<meta property=\"og:image:width\" content=\"800\" \/>\n\t<meta property=\"og:image:height\" content=\"800\" \/>\n\t<meta property=\"og:image:type\" content=\"image\/webp\" \/>\n<meta name=\"twitter:card\" content=\"summary_large_image\" \/>\n<meta name=\"twitter:label1\" content=\"Dur\u00e9e de lecture estim\u00e9e\" \/>\n\t<meta name=\"twitter:data1\" content=\"1 minute\" \/>\n<script type=\"application\/ld+json\" class=\"yoast-schema-graph\">{\"@context\":\"https:\\\/\\\/schema.org\",\"@graph\":[{\"@type\":\"WebPage\",\"@id\":\"https:\\\/\\\/giatsu.com\\\/fr\\\/aerotermia-2\\\/pompes-a-chaleur\\\/eco-thermal-pompes-a-chaleur\\\/bibloc-eco-thermique-integre\\\/\",\"url\":\"https:\\\/\\\/giatsu.com\\\/fr\\\/aerotermia-2\\\/pompes-a-chaleur\\\/eco-thermal-pompes-a-chaleur\\\/bibloc-eco-thermique-integre\\\/\",\"name\":\"BIBLOC \u00c9CO-THERMIQUE INT\u00c9GR\u00c9\",\"isPartOf\":{\"@id\":\"https:\\\/\\\/giatsu.com\\\/es\\\/#website\"},\"primaryImageOfPage\":{\"@id\":\"https:\\\/\\\/giatsu.com\\\/fr\\\/aerotermia-2\\\/pompes-a-chaleur\\\/eco-thermal-pompes-a-chaleur\\\/bibloc-eco-thermique-integre\\\/#primaryimage\"},\"image\":{\"@id\":\"https:\\\/\\\/giatsu.com\\\/fr\\\/aerotermia-2\\\/pompes-a-chaleur\\\/eco-thermal-pompes-a-chaleur\\\/bibloc-eco-thermique-integre\\\/#primaryimage\"},\"thumbnailUrl\":\"https:\\\/\\\/giatsu.com\\\/wp-content\\\/uploads\\\/2023\\\/08\\\/biblock-integrado6-190823.webp\",\"datePublished\":\"2023-06-06T07:03:04+00:00\",\"dateModified\":\"2025-04-16T10:12:16+00:00\",\"description\":\"Le syst\u00e8me a\u00e9rothermique int\u00e9gr\u00e9 Biblock a \u00e9t\u00e9 con\u00e7u pour vous offrir une solution compl\u00e8te et efficace pour la climatisation et la production d''eau chaude sanitaire. Dot\u00e9 de fonctionnalit\u00e9s avanc\u00e9es et d''une technologie de pointe, il excelle en termes de performances et de confort.\",\"breadcrumb\":{\"@id\":\"https:\\\/\\\/giatsu.com\\\/fr\\\/aerotermia-2\\\/pompes-a-chaleur\\\/eco-thermal-pompes-a-chaleur\\\/bibloc-eco-thermique-integre\\\/#breadcrumb\"},\"inLanguage\":\"fr-FR\",\"potentialAction\":[{\"@type\":\"ReadAction\",\"target\":[\"https:\\\/\\\/giatsu.com\\\/fr\\\/aerotermia-2\\\/pompes-a-chaleur\\\/eco-thermal-pompes-a-chaleur\\\/bibloc-eco-thermique-integre\\\/\"]}]},{\"@type\":\"ImageObject\",\"inLanguage\":\"fr-FR\",\"@id\":\"https:\\\/\\\/giatsu.com\\\/fr\\\/aerotermia-2\\\/pompes-a-chaleur\\\/eco-thermal-pompes-a-chaleur\\\/bibloc-eco-thermique-integre\\\/#primaryimage\",\"url\":\"https:\\\/\\\/giatsu.com\\\/wp-content\\\/uploads\\\/2023\\\/08\\\/biblock-integrado6-190823.webp\",\"contentUrl\":\"https:\\\/\\\/giatsu.com\\\/wp-content\\\/uploads\\\/2023\\\/08\\\/biblock-integrado6-190823.webp\",\"width\":800,\"height\":800},{\"@type\":\"BreadcrumbList\",\"@id\":\"https:\\\/\\\/giatsu.com\\\/fr\\\/aerotermia-2\\\/pompes-a-chaleur\\\/eco-thermal-pompes-a-chaleur\\\/bibloc-eco-thermique-integre\\\/#breadcrumb\",\"itemListElement\":[{\"@type\":\"ListItem\",\"position\":1,\"name\":\"Home\",\"item\":\"https:\\\/\\\/giatsu.com\\\/es\\\/\"},{\"@type\":\"ListItem\",\"position\":2,\"name\":\"PRODUCTOS\",\"item\":\"https:\\\/\\\/giatsu.com\\\/es\\\/productos\\\/\"},{\"@type\":\"ListItem\",\"position\":3,\"name\":\"BIBLOC \u00c9CO-THERMIQUE INT\u00c9GR\u00c9\"}]},{\"@type\":\"WebSite\",\"@id\":\"https:\\\/\\\/giatsu.com\\\/es\\\/#website\",\"url\":\"https:\\\/\\\/giatsu.com\\\/es\\\/\",\"name\":\"GIATSU\",\"description\":\"Quality Comfort Everywhere\",\"potentialAction\":[{\"@type\":\"SearchAction\",\"target\":{\"@type\":\"EntryPoint\",\"urlTemplate\":\"https:\\\/\\\/giatsu.com\\\/es\\\/?s={search_term_string}\"},\"query-input\":{\"@type\":\"PropertyValueSpecification\",\"valueRequired\":true,\"valueName\":\"search_term_string\"}}],\"inLanguage\":\"fr-FR\"}]}<\/script>\n<!-- \/ Yoast SEO plugin. -->","yoast_head_json":{"title":"BIBLOC \u00c9CO-THERMIQUE INT\u00c9GR\u00c9","description":"Le syst\u00e8me a\u00e9rothermique int\u00e9gr\u00e9 Biblock a \u00e9t\u00e9 con\u00e7u pour vous offrir une solution compl\u00e8te et efficace pour la climatisation et la production d''eau chaude sanitaire. Dot\u00e9 de fonctionnalit\u00e9s avanc\u00e9es et d''une technologie de pointe, il excelle en termes de performances et de confort.","robots":{"index":"index","follow":"follow","max-snippet":"max-snippet:-1","max-image-preview":"max-image-preview:large","max-video-preview":"max-video-preview:-1"},"canonical":"https:\/\/giatsu.com\/fr\/aerotermia-2\/pompes-a-chaleur\/eco-thermal-pompes-a-chaleur\/bibloc-eco-thermique-integre\/","og_locale":"fr_FR","og_type":"article","og_title":"BIBLOC \u00c9CO-THERMIQUE INT\u00c9GR\u00c9","og_description":"Le syst\u00e8me a\u00e9rothermique int\u00e9gr\u00e9 Biblock a \u00e9t\u00e9 con\u00e7u pour vous offrir une solution compl\u00e8te et efficace pour la climatisation et la production d''eau chaude sanitaire. Dot\u00e9 de fonctionnalit\u00e9s avanc\u00e9es et d''une technologie de pointe, il excelle en termes de performances et de confort.","og_url":"https:\/\/giatsu.com\/fr\/aerotermia-2\/pompes-a-chaleur\/eco-thermal-pompes-a-chaleur\/bibloc-eco-thermique-integre\/","og_site_name":"GIATSU","article_modified_time":"2025-04-16T10:12:16+00:00","og_image":[{"width":800,"height":800,"url":"https:\/\/giatsu.com\/wp-content\/uploads\/2023\/08\/biblock-integrado6-190823.webp","type":"image\/webp"}],"twitter_card":"summary_large_image","twitter_misc":{"Dur\u00e9e de lecture estim\u00e9e":"1 minute"},"schema":{"@context":"https:\/\/schema.org","@graph":[{"@type":"WebPage","@id":"https:\/\/giatsu.com\/fr\/aerotermia-2\/pompes-a-chaleur\/eco-thermal-pompes-a-chaleur\/bibloc-eco-thermique-integre\/","url":"https:\/\/giatsu.com\/fr\/aerotermia-2\/pompes-a-chaleur\/eco-thermal-pompes-a-chaleur\/bibloc-eco-thermique-integre\/","name":"BIBLOC \u00c9CO-THERMIQUE INT\u00c9GR\u00c9","isPartOf":{"@id":"https:\/\/giatsu.com\/es\/#website"},"primaryImageOfPage":{"@id":"https:\/\/giatsu.com\/fr\/aerotermia-2\/pompes-a-chaleur\/eco-thermal-pompes-a-chaleur\/bibloc-eco-thermique-integre\/#primaryimage"},"image":{"@id":"https:\/\/giatsu.com\/fr\/aerotermia-2\/pompes-a-chaleur\/eco-thermal-pompes-a-chaleur\/bibloc-eco-thermique-integre\/#primaryimage"},"thumbnailUrl":"https:\/\/giatsu.com\/wp-content\/uploads\/2023\/08\/biblock-integrado6-190823.webp","datePublished":"2023-06-06T07:03:04+00:00","dateModified":"2025-04-16T10:12:16+00:00","description":"Le syst\u00e8me a\u00e9rothermique int\u00e9gr\u00e9 Biblock a \u00e9t\u00e9 con\u00e7u pour vous offrir une solution compl\u00e8te et efficace pour la climatisation et la production d''eau chaude sanitaire. Dot\u00e9 de fonctionnalit\u00e9s avanc\u00e9es et d''une technologie de pointe, il excelle en termes de performances et de confort.","breadcrumb":{"@id":"https:\/\/giatsu.com\/fr\/aerotermia-2\/pompes-a-chaleur\/eco-thermal-pompes-a-chaleur\/bibloc-eco-thermique-integre\/#breadcrumb"},"inLanguage":"fr-FR","potentialAction":[{"@type":"ReadAction","target":["https:\/\/giatsu.com\/fr\/aerotermia-2\/pompes-a-chaleur\/eco-thermal-pompes-a-chaleur\/bibloc-eco-thermique-integre\/"]}]},{"@type":"ImageObject","inLanguage":"fr-FR","@id":"https:\/\/giatsu.com\/fr\/aerotermia-2\/pompes-a-chaleur\/eco-thermal-pompes-a-chaleur\/bibloc-eco-thermique-integre\/#primaryimage","url":"https:\/\/giatsu.com\/wp-content\/uploads\/2023\/08\/biblock-integrado6-190823.webp","contentUrl":"https:\/\/giatsu.com\/wp-content\/uploads\/2023\/08\/biblock-integrado6-190823.webp","width":800,"height":800},{"@type":"BreadcrumbList","@id":"https:\/\/giatsu.com\/fr\/aerotermia-2\/pompes-a-chaleur\/eco-thermal-pompes-a-chaleur\/bibloc-eco-thermique-integre\/#breadcrumb","itemListElement":[{"@type":"ListItem","position":1,"name":"Home","item":"https:\/\/giatsu.com\/es\/"},{"@type":"ListItem","position":2,"name":"PRODUCTOS","item":"https:\/\/giatsu.com\/es\/productos\/"},{"@type":"ListItem","position":3,"name":"BIBLOC \u00c9CO-THERMIQUE INT\u00c9GR\u00c9"}]},{"@type":"WebSite","@id":"https:\/\/giatsu.com\/es\/#website","url":"https:\/\/giatsu.com\/es\/","name":"GIATSU","description":"Quality Comfort Everywhere","potentialAction":[{"@type":"SearchAction","target":{"@type":"EntryPoint","urlTemplate":"https:\/\/giatsu.com\/es\/?s={search_term_string}"},"query-input":{"@type":"PropertyValueSpecification","valueRequired":true,"valueName":"search_term_string"}}],"inLanguage":"fr-FR"}]}},"_links":{"self":[{"href":"https:\/\/giatsu.com\/fr\/wp-json\/wp\/v2\/product\/12479","targetHints":{"allow":["GET"]}}],"collection":[{"href":"https:\/\/giatsu.com\/fr\/wp-json\/wp\/v2\/product"}],"about":[{"href":"https:\/\/giatsu.com\/fr\/wp-json\/wp\/v2\/types\/product"}],"wp:featuredmedia":[{"embeddable":true,"href":"https:\/\/giatsu.com\/fr\/wp-json\/wp\/v2\/media\/9325"}],"wp:attachment":[{"href":"https:\/\/giatsu.com\/fr\/wp-json\/wp\/v2\/media?parent=12479"}],"wp:term":[{"taxonomy":"product_brand","embeddable":true,"href":"https:\/\/giatsu.com\/fr\/wp-json\/wp\/v2\/product_brand?post=12479"},{"taxonomy":"product_cat","embeddable":true,"href":"https:\/\/giatsu.com\/fr\/wp-json\/wp\/v2\/product_cat?post=12479"},{"taxonomy":"product_tag","embeddable":true,"href":"https:\/\/giatsu.com\/fr\/wp-json\/wp\/v2\/product_tag?post=12479"}],"curies":[{"name":"wp","href":"https:\/\/api.w.org\/{rel}","templated":true}]}}